{"id":15525,"date":"2023-03-06T16:26:49","date_gmt":"2023-03-06T15:26:49","guid":{"rendered":"https:\/\/bulkgenetics.com\/?post_type=product&#038;p=15525"},"modified":"2025-12-30T22:30:11","modified_gmt":"2025-12-30T21:30:11","slug":"cherry-cookies","status":"publish","type":"product","link":"https:\/\/bulkgenetics.com\/fr\/cherry-cookies\/","title":{"rendered":"Cherry Cookies"},"content":{"rendered":"\n<p><strong>Cherry Cookies<\/strong> est une vari\u00e9t\u00e9 de cannabis qui a conquis le c\u0153ur de nombreux cultivateurs et amateurs de cannabis. Ce bijou g\u00e9n\u00e9tique est le r\u00e9sultat du croisement entre deux l\u00e9gendes : <strong><a href=\"https:\/\/bulkgenetics.com\/fr\/girl-scout-cookies\/\"><strong>Girl Scout Cookies<\/strong><\/a><\/strong> et <strong><a href=\"https:\/\/bulkgenetics.com\/fr\/cherry-pie\/\"><strong>Cherry Pie<\/strong><\/a><\/strong>. Depuis son apparition, Cherry Cookies est devenue l&#8217;un des hybrides les plus convoit\u00e9s, connue pour sa puissance et sa production de r\u00e9sine qui te laissera sans voix.<\/p>\n\n\n\n<p><strong>La Cherry Cookies strain<\/strong> combine le meilleur de ses parents. Elle h\u00e9rite de la force et de l&#8217;abondante r\u00e9sine de Girl Scout Cookies, tandis que Cherry Pie apporte son ar\u00f4me exceptionnel et son go\u00fbt fruit\u00e9 qui te s\u00e9duira d\u00e8s la premi\u00e8re bouff\u00e9e. Ce m\u00e9lange g\u00e9n\u00e9tique a donn\u00e9 naissance \u00e0 une vari\u00e9t\u00e9 \u00e9quilibr\u00e9e, avec environ 50% de g\u00e8nes Indica et 50% de g\u00e8nes Sativa. Le meilleur des deux mondes.<\/p>\n\n\n\n<p>C&#8217;est une plante robuste et vigoureuse, qui pousse avec une structure typique des Indicas mais avec une taille plus grande gr\u00e2ce \u00e0 son h\u00e9ritage Sativa. Les t\u00eates sont impressionnantes. Elles sont grandes, denses et ultra-compactes, couvertes d&#8217;une \u00e9paisse couche de r\u00e9sine qui leur donne un aspect brillant et attrayant. Leurs couleurs varient d&#8217;un vert intense \u00e0 des tons pourpres lorsqu&#8217;elles sont cultiv\u00e9es \u00e0 des temp\u00e9ratures froides, compl\u00e9t\u00e9es par des pistils d&#8217;une vibrante couleur orange.<\/p>\n\n\n\n<h2 class=\"wp-block-heading\">Saveur et Effets<\/h2>\n\n\n\n<p>L&#8217;ar\u00f4me et la saveur de <strong>Cherry Cookies<\/strong> sont tout simplement irr\u00e9sistibles. D\u00e8s le premier instant o\u00f9 tu la sens, tu es transport\u00e9 dans un jardin de cerisiers avec une touche douce et fruit\u00e9e. Les notes biscuit\u00e9es de la Girl Scout Cookies se m\u00e9langent parfaitement avec les notes fruit\u00e9es de la Cherry Pie, cr\u00e9ant une exp\u00e9rience sensorielle unique qui honore son nom. \u00c0 chaque bouff\u00e9e, tu profiteras d&#8217;un m\u00e9lange de saveurs sucr\u00e9es et de baies qui raviront tes papilles.<\/p>\n\n\n\n<p>Le taux de THC oscille entre 20% et 25%, garantissant une mont\u00e9e puissante et durable. Le CBD, en revanche, est bas, avec moins de 1%, faisant de cette vari\u00e9t\u00e9 une option parfaite pour ceux qui recherchent une exp\u00e9rience psychoactive intense. Les effets sont puissants : apr\u00e8s quelques bouff\u00e9es, tu ressentiras une mont\u00e9e d&#8217;\u00e9nergie qui te maintiendra heureux, de bonne humeur et avec un excellent point de concentration. Id\u00e9ale pour n&#8217;importe quel moment de la journ\u00e9e, elle offre un m\u00e9lange \u00e9quilibr\u00e9 de relaxation et d&#8217;euphorie qui ne te clouera pas au canap\u00e9.<\/p>\n\n\n\n<h3 class=\"wp-block-heading\">Terp\u00e8nes de Cherry Cookies<\/h3>\n\n\n\n<p>Les terp\u00e8nes sont les compos\u00e9s responsables des ar\u00f4mes et des saveurs uniques de chaque vari\u00e9t\u00e9 de cannabis. Le principal terp\u00e8ne pr\u00e9sent dans cette vari\u00e9t\u00e9 est le <strong>caryophyll\u00e8ne<\/strong>, connu pour son ar\u00f4me de poivre et ses propri\u00e9t\u00e9s anti-inflammatoires. Ce terp\u00e8ne contribue \u00e0 la saveur \u00e9pic\u00e9e et l\u00e9g\u00e8rement piquante qui \u00e9quilibre la douceur des autres compos\u00e9s.<\/p>\n\n\n\n<p>Un autre terp\u00e8ne notable est le <strong>limon\u00e8ne<\/strong>, qui apporte une touche citronn\u00e9e rafra\u00eechissante au profil aromatique. Ce terp\u00e8ne est connu pour ses effets stimulants sur l&#8217;humeur et ses propri\u00e9t\u00e9s antioxydantes. Enfin, le <strong>humul\u00e8ne<\/strong>, avec son ar\u00f4me terreux et herbac\u00e9, ajoute de la profondeur au bouquet de cette vari\u00e9t\u00e9, et est connu pour ses effets anti-inflammatoires et coupe-faim.<\/p>\n\n\n\n<p>Ensemble, ces terp\u00e8nes enrichissent non seulement la saveur et l&#8217;ar\u00f4me de cette vari\u00e9t\u00e9, mais ils renforcent \u00e9galement ses effets th\u00e9rapeutiques, offrant une exp\u00e9rience de consommation compl\u00e8te et satisfaisante.<\/p>\n\n\n\n<h2 class=\"wp-block-heading\">Production et Temps de Floraison<\/h2>\n\n\n\n<p>La <strong>Cherry Cookies strain<\/strong> est tr\u00e8s appr\u00e9ci\u00e9e non seulement pour son go\u00fbt et ses effets, mais aussi pour son impressionnante production. En culture int\u00e9rieure, cette vari\u00e9t\u00e9 peut produire entre 500 et 600 grammes par m\u00e8tre carr\u00e9, \u00e0 condition de lui fournir un \u00e9clairage ad\u00e9quat, id\u00e9alement avec des lampes LED de 300-350 watts. Le temps de floraison en int\u00e9rieur est relativement court, seulement 60 jours apr\u00e8s le changement de photop\u00e9riode.<\/p>\n\n\n\n<p>En ext\u00e9rieur, <strong>Cherry Cookies<\/strong> se d\u00e9veloppe magnifiquement, atteignant jusqu&#8217;\u00e0 2,5 m\u00e8tres de hauteur lorsqu&#8217;elle est cultiv\u00e9e dans des climats ensoleill\u00e9s et avec une bonne terre. Les rendements en ext\u00e9rieur peuvent \u00eatre encore plus impressionnants, allant de 700 \u00e0 900 grammes par plante. La p\u00e9riode de floraison est rapide, permettant une r\u00e9colte entre fin septembre et d\u00e9but octobre, m\u00eame dans les climats avec des \u00e9t\u00e9s plus courts.<\/p>\n\n\n\n<p>Que tu choisisses de la cultiver en int\u00e9rieur ou en ext\u00e9rieur, <strong>Cherry Cookies<\/strong> te r\u00e9compensera avec une r\u00e9colte abondante et de haute qualit\u00e9. Sa r\u00e9sistance et sa facilit\u00e9 de culture en font un choix id\u00e9al tant pour les cultivateurs novices que pour les plus exp\u00e9riment\u00e9s.<\/p>\n\n\n\n<h2 class=\"wp-block-heading\">Comment Cultiver Cherry Cookies<\/h2>\n\n\n\n<p>Cultiver <strong>Cherry Cookies<\/strong> est une exp\u00e9rience gratifiante et accessible \u00e0 tous. Cette vari\u00e9t\u00e9 est r\u00e9put\u00e9e pour sa facilit\u00e9 de culture, ce qui en fait un excellent choix tant pour les d\u00e9butants que pour les cultivateurs exp\u00e9riment\u00e9s. Cherry Cookies s&#8217;adapte bien \u00e0 une vari\u00e9t\u00e9 de conditions de culture, \u00e9tant tr\u00e8s r\u00e9sistante et tol\u00e9rante dans pratiquement tous les environnements.<\/p>\n\n\n\n<p>Le climat id\u00e9al pour Cherry Cookies est ensoleill\u00e9 et chaud. En ext\u00e9rieur, elle prosp\u00e8re dans les climats m\u00e9diterran\u00e9ens, o\u00f9 elle peut tirer le meilleur parti de la lumi\u00e8re solaire et atteindre son plein potentiel en termes de hauteur et de production. En int\u00e9rieur, il est recommand\u00e9 de maintenir une temp\u00e9rature constante entre 21\u00b0C et 26\u00b0C, et un niveau d&#8217;humidit\u00e9 contr\u00f4l\u00e9 pour \u00e9viter les probl\u00e8mes de moisissures et de champignons.<\/p>\n\n\n\n<p>L&#8217;un des plus grands avantages de cultiver <strong>Cherry Cookies<\/strong> est sa r\u00e9sistance aux parasites et aux maladies. Cette vari\u00e9t\u00e9 est robuste et capable de supporter des conditions adverses mieux que beaucoup d&#8217;autres strains. Cependant, il est toujours conseill\u00e9 de surveiller les infestations potentielles et de prendre des mesures pr\u00e9ventives pour garder les plantes en bonne sant\u00e9.<\/p>\n\n\n\n<div style=\"height:50px\" aria-hidden=\"true\" class=\"wp-block-spacer uag-hide-mob\"><\/div>\n\n\n\n<div class=\"wp-block-columns is-layout-flex wp-container-core-columns-is-layout-28f84493 wp-block-columns-is-layout-flex\">\n<div class=\"wp-block-column is-layout-flow wp-block-column-is-layout-flow\">\n<p class=\"has-text-align-center has-medium-font-size\"><strong>Ce que nous aimons le plus<\/strong><\/p>\n\n\n\n<ul class=\"wp-block-list\">\n<li>Tr\u00e8s facile \u00e0 cultiver.<\/li>\n\n\n\n<li>Haute production.<\/li>\n\n\n\n<li>Saveur douce et fruit\u00e9e.<\/li>\n\n\n\n<li>Effets tr\u00e8s joyeux.<\/li>\n\n\n\n<li>R\u00e9sistance aux parasites et aux maladies.<\/li>\n<\/ul>\n<\/div>\n\n\n\n<div class=\"wp-block-column is-layout-flow wp-block-column-is-layout-flow\">\n<p class=\"has-text-align-center has-medium-font-size\"><strong>Ce que nous aimons le moins<\/strong><\/p>\n\n\n\n<ul class=\"wp-block-list\">\n<li>Odeur forte en floraison.<\/li>\n\n\n\n<li>N\u00e9cessite un contr\u00f4le de l&#8217;humidit\u00e9 en int\u00e9rieur.<\/li>\n<\/ul>\n<\/div>\n<\/div>\n\n\n\n<div style=\"height:50px\" aria-hidden=\"true\" class=\"wp-block-spacer uag-hide-mob\"><\/div>\n\n\n\n<h2 class=\"wp-block-heading\">Questions Fr\u00e9quentes<\/h2>\n\n\n\n<p>Tu trouveras ci-dessous les r\u00e9ponses aux questions les plus fr\u00e9quemment pos\u00e9es par les cultivateurs int\u00e9ress\u00e9s par cette strain :<\/p>\n\n\n<div id=\"rank-math-faq\" class=\"rank-math-block\">\n<div class=\"rank-math-list \">\n<div id=\"faq-question-1663029074962\" class=\"rank-math-list-item\">\n<h3 class=\"rank-math-question \">Cherry Cookies est-elle une sativa ou une indica ?<\/h3>\n<div class=\"rank-math-answer \">\n\n<p><strong>Cherry Cookies<\/strong> est une vari\u00e9t\u00e9 hybride avec environ 50% de g\u00e8nes Indica et 50% de g\u00e8nes Sativa. Cette combinaison offre le meilleur des deux mondes : une relaxation corporelle profonde et une euphorie mentale. Les vari\u00e9t\u00e9s Indica sont g\u00e9n\u00e9ralement connues pour leur effet relaxant et s\u00e9datif, id\u00e9ales pour la nuit, tandis que les Sativas procurent une mont\u00e9e plus \u00e9nergique et c\u00e9r\u00e9brale, parfaite pour la journ\u00e9e.<\/p>\n\n<\/div>\n<\/div>\n<div id=\"faq-question-1663029159933\" class=\"rank-math-list-item\">\n<h3 class=\"rank-math-question \">Quel est le croisement de Cherry Cookies ?<\/h3>\n<div class=\"rank-math-answer \">\n\n<p>Cherry Cookies est le r\u00e9sultat du croisement entre deux vari\u00e9t\u00e9s l\u00e9gendaires : <strong>Girl Scout Cookies<\/strong> et <strong>Cherry Pie<\/strong>. Ce m\u00e9lange g\u00e9n\u00e9tique apporte une puissance exceptionnelle et un profil de saveur unique qui la distingue des autres vari\u00e9t\u00e9s hybrides.<\/p>\n\n<\/div>\n<\/div>\n<div id=\"faq-question-1663029165861\" class=\"rank-math-list-item\">\n<h3 class=\"rank-math-question \">Quand commence la floraison de Cherry Cookies ?<\/h3>\n<div class=\"rank-math-answer \">\n\n<p>La floraison de <strong>Cherry Cookies<\/strong> commence lorsque le photop\u00e9riode de croissance est chang\u00e9 en photop\u00e9riode de floraison en culture int\u00e9rieure. Ce changement initie le d\u00e9veloppement des t\u00eates et dure g\u00e9n\u00e9ralement environ 60 jours.<\/p>\n\n<\/div>\n<\/div>\n<div id=\"faq-question-1666780029954\" class=\"rank-math-list-item\">\n<h3 class=\"rank-math-question \">Comment cultive-t-on Cherry Cookies ?<\/h3>\n<div class=\"rank-math-answer \">\n\n<p><strong>Cherry Cookies<\/strong> est une plante facile \u00e0 cultiver, tant en int\u00e9rieur qu&#8217;en ext\u00e9rieur. Elle n\u00e9cessite un climat chaud et ensoleill\u00e9 pour atteindre son plein potentiel en ext\u00e9rieur, tandis qu&#8217;en int\u00e9rieur, il est recommand\u00e9 de maintenir une temp\u00e9rature constante et de contr\u00f4ler l&#8217;humidit\u00e9. C&#8217;est une vari\u00e9t\u00e9 r\u00e9sistante aux parasites et aux maladies, ce qui facilite sa culture.<\/p>\n\n<\/div>\n<\/div>\n<div id=\"faq-question-1678116776728\" class=\"rank-math-list-item\">\n<h3 class=\"rank-math-question \">Quel est le go\u00fbt de Cherry Cookies ?<\/h3>\n<div class=\"rank-math-answer \">\n\n<p>Le go\u00fbt de <strong>Cherry Cookies<\/strong> est un m\u00e9lange d\u00e9licieux de douceur et de notes fruit\u00e9es. Les touches biscuit\u00e9es de la Girl Scout Cookies se combinent avec les notes de baies et de cerise de la Cherry Pie, cr\u00e9ant une exp\u00e9rience gustative unique et tr\u00e8s agr\u00e9able.<\/p>\n\n<\/div>\n<\/div>\n<div id=\"faq-question-1721830022532\" class=\"rank-math-list-item\">\n<h3 class=\"rank-math-question \">Quel est le contenu en cannabino\u00efdes de Cherry Cookies ?<\/h3>\n<div class=\"rank-math-answer \">\n\n<p><strong>Cherry Cookies<\/strong> a une teneur en THC qui varie entre 20% et 25%, offrant une mont\u00e9e puissante et durable. Le CBD est faible, avec moins de 1%, ce qui fait de cette vari\u00e9t\u00e9 une option id\u00e9ale pour ceux qui recherchent une exp\u00e9rience psychoactive intense.<\/p>\n\n<\/div>\n<\/div>\n<div id=\"faq-question-1721830024368\" class=\"rank-math-list-item\">\n<h3 class=\"rank-math-question \">Quels sont les effets de Cherry Cookies ?<\/h3>\n<div class=\"rank-math-answer \">\n\n<p>Les effets de <strong>Cherry Cookies<\/strong> sont puissants et \u00e9quilibr\u00e9s. Apr\u00e8s quelques bouff\u00e9es, tu ressentiras une mont\u00e9e d&#8217;\u00e9nergie qui te maintiendra heureux, de bonne humeur et avec une grande concentration. Id\u00e9ale pour n&#8217;importe quel moment de la journ\u00e9e, elle offre un m\u00e9lange \u00e9quilibr\u00e9 de relaxation et d&#8217;euphorie sans te clouer au canap\u00e9.<\/p>\n\n<\/div>\n<\/div>\n<\/div>\n<\/div>","protected":false},"excerpt":{"rendered":"<p><b>Cherry Cookies<\/b> offre une exp\u00e9rience de culture simple avec des rendements \u00e9lev\u00e9s et une r\u00e9sistance aux parasites. Profite de son <strong>go\u00fbt sucr\u00e9 de baies et de ses effets \u00e9nergisants qui \u00e9l\u00e8vent l&#8217;humeur<\/strong>. Id\u00e9ale pour n&#8217;importe quel moment de la journ\u00e9e, cette vari\u00e9t\u00e9 hybride est parfaite pour les cultivateurs et les consommateurs en qu\u00eate de <strong>qualit\u00e9 et de puissance<\/strong>.<\/p>\n","protected":false},"featured_media":16360,"comment_status":"open","ping_status":"closed","template":"","meta":{"_acf_changed":false,"inline_featured_image":false,"_uag_custom_page_level_css":""},"product_brand":[],"product_cat":[1125],"product_tag":[],"class_list":{"0":"post-15525","1":"product","2":"type-product","3":"status-publish","4":"has-post-thumbnail","6":"product_cat-graines-feminisees-en-gros","8":"first","9":"outofstock","10":"taxable","11":"shipping-taxable","12":"purchasable","13":"product-type-simple"},"acf":[],"uagb_featured_image_src":{"full":["https:\/\/bulkgenetics.com\/wp-content\/uploads\/2023\/03\/Cherry-Cookies-1.jpg",1600,1600,false],"thumbnail":["https:\/\/bulkgenetics.com\/wp-content\/uploads\/2023\/03\/Cherry-Cookies-1-150x150.jpg",150,150,true],"medium":["https:\/\/bulkgenetics.com\/wp-content\/uploads\/2023\/03\/Cherry-Cookies-1-300x300.jpg",300,300,true],"medium_large":["https:\/\/bulkgenetics.com\/wp-content\/uploads\/2023\/03\/Cherry-Cookies-1-768x768.jpg",768,768,true],"large":["https:\/\/bulkgenetics.com\/wp-content\/uploads\/2023\/03\/Cherry-Cookies-1-1024x1024.jpg",1024,1024,true],"1536x1536":["https:\/\/bulkgenetics.com\/wp-content\/uploads\/2023\/03\/Cherry-Cookies-1-1536x1536.jpg",1536,1536,true],"2048x2048":["https:\/\/bulkgenetics.com\/wp-content\/uploads\/2023\/03\/Cherry-Cookies-1.jpg",1600,1600,false],"commercegurus-pdp-large":["https:\/\/bulkgenetics.com\/wp-content\/uploads\/2023\/03\/Cherry-Cookies-1-990x990.jpg",990,990,true],"commercegurus-plp-mobile":["https:\/\/bulkgenetics.com\/wp-content\/uploads\/2023\/03\/Cherry-Cookies-1-441x441.jpg",441,441,true],"cgkit_image_swatch":["https:\/\/bulkgenetics.com\/wp-content\/uploads\/2023\/03\/Cherry-Cookies-1-100x100.jpg",100,100,true],"woocommerce_thumbnail":["https:\/\/bulkgenetics.com\/wp-content\/uploads\/2023\/03\/Cherry-Cookies-1-300x300.jpg",300,300,true],"woocommerce_single":["https:\/\/bulkgenetics.com\/wp-content\/uploads\/2023\/03\/Cherry-Cookies-1-800x800.jpg",800,800,true],"woocommerce_gallery_thumbnail":["https:\/\/bulkgenetics.com\/wp-content\/uploads\/2023\/03\/Cherry-Cookies-1-150x150.jpg",150,150,true],"dgwt-wcas-product-suggestion":["https:\/\/bulkgenetics.com\/wp-content\/uploads\/2023\/03\/Cherry-Cookies-1-64x64.jpg",64,64,true]},"uagb_author_info":{"display_name":"Bruno Crespo","author_link":"https:\/\/bulkgenetics.com\/fr\/author\/"},"uagb_comment_info":1,"uagb_excerpt":"Cherry Cookies offre une exp\u00e9rience de culture simple avec des rendements \u00e9lev\u00e9s et une r\u00e9sistance aux parasites. Profite de son go\u00fbt sucr\u00e9 de baies et de ses effets \u00e9nergisants qui \u00e9l\u00e8vent l'humeur. Id\u00e9ale pour n'importe quel moment de la journ\u00e9e, cette vari\u00e9t\u00e9 hybride est parfaite pour les cultivateurs et les consommateurs en qu\u00eate de qualit\u00e9\u2026","_links":{"self":[{"href":"https:\/\/bulkgenetics.com\/fr\/wp-json\/wp\/v2\/product\/15525","targetHints":{"allow":["GET"]}}],"collection":[{"href":"https:\/\/bulkgenetics.com\/fr\/wp-json\/wp\/v2\/product"}],"about":[{"href":"https:\/\/bulkgenetics.com\/fr\/wp-json\/wp\/v2\/types\/product"}],"replies":[{"embeddable":true,"href":"https:\/\/bulkgenetics.com\/fr\/wp-json\/wp\/v2\/comments?post=15525"}],"wp:featuredmedia":[{"embeddable":true,"href":"https:\/\/bulkgenetics.com\/fr\/wp-json\/wp\/v2\/media\/16360"}],"wp:attachment":[{"href":"https:\/\/bulkgenetics.com\/fr\/wp-json\/wp\/v2\/media?parent=15525"}],"wp:term":[{"taxonomy":"product_brand","embeddable":true,"href":"https:\/\/bulkgenetics.com\/fr\/wp-json\/wp\/v2\/product_brand?post=15525"},{"taxonomy":"product_cat","embeddable":true,"href":"https:\/\/bulkgenetics.com\/fr\/wp-json\/wp\/v2\/product_cat?post=15525"},{"taxonomy":"product_tag","embeddable":true,"href":"https:\/\/bulkgenetics.com\/fr\/wp-json\/wp\/v2\/product_tag?post=15525"}],"curies":[{"name":"wp","href":"https:\/\/api.w.org\/{rel}","templated":true}]}}