{"id":15551,"date":"2023-03-07T09:16:34","date_gmt":"2023-03-07T08:16:34","guid":{"rendered":"https:\/\/bulkgenetics.com\/?post_type=product&#038;p=15551"},"modified":"2025-05-26T23:45:27","modified_gmt":"2025-05-26T21:45:27","slug":"gelato-mint-xxl-auto","status":"publish","type":"product","link":"https:\/\/bulkgenetics.com\/fr\/gelato-mint-xxl-auto\/","title":{"rendered":"Gelato Mint XXL Auto"},"content":{"rendered":"\n<p><strong>Gelato Mint XXL Auto<\/strong> est une autofloraison qui vous surprendra, nous en sommes s\u00fbrs ! C&#8217;est un hybride \u00e0 trois voies qui combine les vari\u00e9t\u00e9s am\u00e9ricaines <a href=\"https:\/\/bulkgenetics.com\/fr\/gelato-33\/\"><strong>Gelato<\/strong><\/a>, <a href=\"https:\/\/bulkgenetics.com\/fr\/sherbet\/\"><strong>Sunset Sherbet<\/strong><\/a> et <strong><a href=\"https:\/\/bulkgenetics.com\/fr\/girl-scout-cookies\/\">Girl Scout Cookies Thin Mints<\/a><\/strong>. <\/p>\n\n\n\n<p>Ce croisement qui a re\u00e7u d&#8217;excellents retours et commentaires sur des pages comme Leafly, a \u00e9t\u00e9 combin\u00e9 durant 3 g\u00e9n\u00e9rations avec une autofloraison gigantesque de laquelle elle h\u00e9rite de sa grande taille. Le r\u00e9sultat est une souche \u00e0 la production sup\u00e9rieure \u00e0 la moyenne, en plus d&#8217;une grande qualit\u00e9.<\/p>\n\n\n\n<h2 class=\"wp-block-heading\">Comment cultiver la Gelato Mint XXL Auto<\/h2>\n\n\n\n<p>Toutes les autofloraisons aiment se d\u00e9velopper dans de grands pots depuis le d\u00e9part. Prenez en compte que ce type de vari\u00e9t\u00e9s a un temps de croissance tr\u00e8s court et elle <strong>commencera \u00e0 fleurir en 3-4 semaines<\/strong>.<\/p>\n\n\n\n<p>Durant cette p\u00e9riode, il est pr\u00e9f\u00e9rable que les plantes ne subissent pas d&#8217;interruption pour atteindre la plus grande taille possible. Un simple rempotage provoque un ralentissement de la croissance de quelques jours, pour ce type de g\u00e9n\u00e9tiques, il n&#8217;est pas recommand\u00e9 de r\u00e9aliser des rempotages.<\/p>\n\n\n\n<p>Dans les meilleures conditions, elle grandira jusqu&#8217;\u00e0 atteindre <strong>une hauteur de 130 cm<\/strong>, avec une structure robuste et ramifi\u00e9e. Elle poss\u00e8de une grande branche apicale et de nombreuses branches satellites qui plieront sous le poids des t\u00eates durant la floraison.<\/p>\n\n\n\n<p>Depuis la germination des graines, elle <strong>se r\u00e9coltera apr\u00e8s 60-65 jours<\/strong>. En ext\u00e9rieur, il est possible de r\u00e9aliser jusqu&#8217;\u00e0 3 r\u00e9coltes cons\u00e9cutives durant les mois du printemps et de l&#8217;\u00e9t\u00e9. Si vous avez de l&#8217;espace pour une seule plante, vous pourrez en cultiver 3 les unes apr\u00e8s les autres.<\/p>\n\n\n\n<h2 class=\"wp-block-heading\">Caract\u00e9ristiques de la Gelato Mint XXL Auto<\/h2>\n\n\n\n<p>Les t\u00eates color\u00e9es attirent l&#8217;attention, avec de belles couleurs pourpre obscures, avec une grande quantit\u00e9 de poils de couleur orange intense, et une couche blanche et brillante de r\u00e9sine. <\/p>\n\n\n\n<p>Les plantes en ext\u00e9rieur atteindront une plus grande taille, elles ont une production pouvant atteindre les <strong>120 g<\/strong>. En int\u00e9rieur, avec une densit\u00e9 de 9 plantes par m\u00b2, elles atteindront les <strong>550 g<\/strong> avec une LED de 300-350 W.<\/p>\n\n\n\n<p>La <strong>saveur<\/strong> est sucr\u00e9e, cr\u00e9meuse et sp\u00e9cialement fruit\u00e9e. Il est possible de remarquer des touches de fruits comme de la poire, de la mangue et des myrtilles.<\/p>\n\n\n\n<p>Les <strong>effets<\/strong> sont puissants et vous apporteront une d\u00e9tente intense et instantan\u00e9e. Avec des doses \u00e9lev\u00e9es il sera possible de profiter de sommeil r\u00e9parateur.<\/p>\n\n\n\n<div style=\"height:50px\" aria-hidden=\"true\" class=\"wp-block-spacer uag-hide-mob\"><\/div>\n\n\n\n<div class=\"wp-block-columns is-layout-flex wp-container-core-columns-is-layout-28f84493 wp-block-columns-is-layout-flex\">\n<div class=\"wp-block-column is-layout-flow wp-block-column-is-layout-flow\">\n<p class=\"has-text-align-center has-medium-font-size\"><strong>Ce que nous aimons le plus<\/strong><\/p>\n\n\n\n<ul class=\"wp-block-list\">\n<li>Tr\u00e8s facile \u00e0 cultiver.<\/li>\n\n\n\n<li>Production XXL.<\/li>\n\n\n\n<li>R\u00e9colte en seulement 60-65 jours.<\/li>\n\n\n\n<li>Des effets tr\u00e8s relaxants.<\/li>\n\n\n\n<li>Sa saveur.<\/li>\n<\/ul>\n<\/div>\n\n\n\n<div class=\"wp-block-column is-layout-flow wp-block-column-is-layout-flow\">\n<p class=\"has-text-align-center has-medium-font-size\"><strong>Ce que nous aimons le moins<\/strong><\/p>\n\n\n\n<ul class=\"wp-block-list\">\n<li>Elle est tr\u00e8s parfum\u00e9e lorsqu&#8217;elle fleurit.<\/li>\n<\/ul>\n<\/div>\n<\/div>\n\n\n\n<div style=\"height:50px\" aria-hidden=\"true\" class=\"wp-block-spacer uag-hide-mob\"><\/div>\n\n\n\n<h2 class=\"wp-block-heading\">Questions fr\u00e9quemment pos\u00e9es<\/h2>\n\n\n\n<p>Tu trouveras ci-dessous les r\u00e9ponses aux questions les plus fr\u00e9quemment pos\u00e9es par les cultivateurs int\u00e9ress\u00e9s par ces g\u00e9n\u00e9tiques :<\/p>\n\n\n<div id=\"rank-math-faq\" class=\"rank-math-block\">\n<div class=\"rank-math-list \">\n<div id=\"faq-question-1663029074962\" class=\"rank-math-list-item\">\n<h3 class=\"rank-math-question \">Combien de temps dure la culture de la Gelato Mint XXL Auto depuis la germination ?<\/h3>\n<div class=\"rank-math-answer \">\n\n<p>Depuis la germination des graines, Gelato Mint XXL Auto se r\u00e9colte apr\u00e8s un total de 60-65 jours.<\/p>\n\n<\/div>\n<\/div>\n<div id=\"faq-question-1663029159933\" class=\"rank-math-list-item\">\n<h3 class=\"rank-math-question \">Quelle production pour une Gelato Mint XXL Auto ?<\/h3>\n<div class=\"rank-math-answer \">\n\n<p>En ext\u00e9rieur, les plantes de grande taille atteindront les 130 g. En int\u00e9rieur, il est possible de r\u00e9colter jusqu&#8217;\u00e0 550 g \/m\u00b2 avec un \u00e9clairage LED de 300-350 W.<\/p>\n\n<\/div>\n<\/div>\n<div id=\"faq-question-1663029165861\" class=\"rank-math-list-item\">\n<h3 class=\"rank-math-question \">Comment cultiver une Gelato Mint XXL Autofloraison ?<\/h3>\n<div class=\"rank-math-answer \">\n\n<p>C&#8217;est une vari\u00e9t\u00e9 tr\u00e8s facile \u00e0 cultiver qui appr\u00e9cie de grands pots avec un bon substrat depuis le premier jour. Elles atteindront ainsi une grande taille et la production sera tr\u00e8s \u00e9lev\u00e9e.<\/p>\n\n<\/div>\n<\/div>\n<div id=\"faq-question-1666780029954\" class=\"rank-math-list-item\">\n<h3 class=\"rank-math-question \">Quels sont les caract\u00e9ristiques de la Gelato Mint XXL Auto \u00e0 granel ?<\/h3>\n<div class=\"rank-math-answer \">\n\n<p>C&#8217;est une plante facile \u00e0 cultiver qui garantit une r\u00e9colte de grande qualit\u00e9. Elle produit de grandes t\u00eates qui prendront des couleurs violettes avec des temp\u00e9ratures fraiches. Les effets sont tr\u00e8s relaxants et elle est id\u00e9ale pour les derni\u00e8res heures de la journ\u00e9e.<\/p>\n\n<\/div>\n<\/div>\n<\/div>\n<\/div>","protected":false},"excerpt":{"rendered":"<p>Gelato Mint XXL Auto est une autofloraison immense, qui vous surprendra. Elle est tr\u00e8s facile \u00e0 cultiver et est sp\u00e9cialement g\u00e9n\u00e9reuse. Il n&#8217;est pas n\u00e9cessaire de lui apporter beaucoup de soins pour obtenir des t\u00eates impressionnantes. En plus, d&#8217;\u00eatre volumineuses, elles prendront une couleur violette, avec de nombreux poils orange et recouverte d&#8217;une \u00e9paisse couche de r\u00e9sine brillantes.<\/p>\n","protected":false},"featured_media":15515,"comment_status":"open","ping_status":"closed","template":"","meta":{"_acf_changed":false,"inline_featured_image":false,"_uag_custom_page_level_css":""},"product_brand":[],"product_cat":[2265],"product_tag":[],"class_list":{"0":"post-15551","1":"product","2":"type-product","3":"status-publish","4":"has-post-thumbnail","6":"product_cat-graines-autofloraison-en-gros","8":"first","9":"outofstock","10":"taxable","11":"shipping-taxable","12":"purchasable","13":"product-type-simple"},"acf":[],"uagb_featured_image_src":{"full":["https:\/\/bulkgenetics.com\/wp-content\/uploads\/2023\/03\/Gelato-Mint-XXL-Auto.jpg",1600,1600,false],"thumbnail":["https:\/\/bulkgenetics.com\/wp-content\/uploads\/2023\/03\/Gelato-Mint-XXL-Auto-150x150.jpg",150,150,true],"medium":["https:\/\/bulkgenetics.com\/wp-content\/uploads\/2023\/03\/Gelato-Mint-XXL-Auto-300x300.jpg",300,300,true],"medium_large":["https:\/\/bulkgenetics.com\/wp-content\/uploads\/2023\/03\/Gelato-Mint-XXL-Auto-768x768.jpg",768,768,true],"large":["https:\/\/bulkgenetics.com\/wp-content\/uploads\/2023\/03\/Gelato-Mint-XXL-Auto-1024x1024.jpg",1024,1024,true],"1536x1536":["https:\/\/bulkgenetics.com\/wp-content\/uploads\/2023\/03\/Gelato-Mint-XXL-Auto-1536x1536.jpg",1536,1536,true],"2048x2048":["https:\/\/bulkgenetics.com\/wp-content\/uploads\/2023\/03\/Gelato-Mint-XXL-Auto.jpg",1600,1600,false],"commercegurus-pdp-large":["https:\/\/bulkgenetics.com\/wp-content\/uploads\/2023\/03\/Gelato-Mint-XXL-Auto-990x990.jpg",990,990,true],"commercegurus-plp-mobile":["https:\/\/bulkgenetics.com\/wp-content\/uploads\/2023\/03\/Gelato-Mint-XXL-Auto-441x441.jpg",441,441,true],"cgkit_image_swatch":["https:\/\/bulkgenetics.com\/wp-content\/uploads\/2023\/03\/Gelato-Mint-XXL-Auto-100x100.jpg",100,100,true],"woocommerce_thumbnail":["https:\/\/bulkgenetics.com\/wp-content\/uploads\/2023\/03\/Gelato-Mint-XXL-Auto-300x300.jpg",300,300,true],"woocommerce_single":["https:\/\/bulkgenetics.com\/wp-content\/uploads\/2023\/03\/Gelato-Mint-XXL-Auto-800x800.jpg",800,800,true],"woocommerce_gallery_thumbnail":["https:\/\/bulkgenetics.com\/wp-content\/uploads\/2023\/03\/Gelato-Mint-XXL-Auto-150x150.jpg",150,150,true],"dgwt-wcas-product-suggestion":["https:\/\/bulkgenetics.com\/wp-content\/uploads\/2023\/03\/Gelato-Mint-XXL-Auto-64x64.jpg",64,64,true]},"uagb_author_info":{"display_name":"\u00c1ngel Flores","author_link":"https:\/\/bulkgenetics.com\/fr\/author\/"},"uagb_comment_info":2,"uagb_excerpt":"Gelato Mint XXL Auto est une autofloraison immense, qui vous surprendra. Elle est tr\u00e8s facile \u00e0 cultiver et est sp\u00e9cialement g\u00e9n\u00e9reuse. Il n'est pas n\u00e9cessaire de lui apporter beaucoup de soins pour obtenir des t\u00eates impressionnantes. En plus, d'\u00eatre volumineuses, elles prendront une couleur violette, avec de nombreux poils orange et recouverte d'une \u00e9paisse couche\u2026","_links":{"self":[{"href":"https:\/\/bulkgenetics.com\/fr\/wp-json\/wp\/v2\/product\/15551","targetHints":{"allow":["GET"]}}],"collection":[{"href":"https:\/\/bulkgenetics.com\/fr\/wp-json\/wp\/v2\/product"}],"about":[{"href":"https:\/\/bulkgenetics.com\/fr\/wp-json\/wp\/v2\/types\/product"}],"replies":[{"embeddable":true,"href":"https:\/\/bulkgenetics.com\/fr\/wp-json\/wp\/v2\/comments?post=15551"}],"wp:featuredmedia":[{"embeddable":true,"href":"https:\/\/bulkgenetics.com\/fr\/wp-json\/wp\/v2\/media\/15515"}],"wp:attachment":[{"href":"https:\/\/bulkgenetics.com\/fr\/wp-json\/wp\/v2\/media?parent=15551"}],"wp:term":[{"taxonomy":"product_brand","embeddable":true,"href":"https:\/\/bulkgenetics.com\/fr\/wp-json\/wp\/v2\/product_brand?post=15551"},{"taxonomy":"product_cat","embeddable":true,"href":"https:\/\/bulkgenetics.com\/fr\/wp-json\/wp\/v2\/product_cat?post=15551"},{"taxonomy":"product_tag","embeddable":true,"href":"https:\/\/bulkgenetics.com\/fr\/wp-json\/wp\/v2\/product_tag?post=15551"}],"curies":[{"name":"wp","href":"https:\/\/api.w.org\/{rel}","templated":true}]}}