{"id":16071,"date":"2023-03-28T09:21:05","date_gmt":"2023-03-28T07:21:05","guid":{"rendered":"https:\/\/bulkgenetics.com\/?post_type=product&#038;p=16071"},"modified":"2024-10-08T01:08:55","modified_gmt":"2024-10-07T23:08:55","slug":"auto-cbd-gorilla-glue","status":"publish","type":"product","link":"https:\/\/bulkgenetics.com\/fr\/auto-cbd-gorilla-glue\/","title":{"rendered":"Auto CBD Gorilla Glue"},"content":{"rendered":"\n<p>Nous vous pr\u00e9sentons l&#8217;<strong>Auto CBD Gorilla Glue<\/strong>, la version totalement oppos\u00e9e \u00e0 la fameuse <a href=\"https:\/\/bulkgenetics.com\/fr\/gorilla-glue-4\/\">Gorilla Glue #4<\/a> am\u00e9ricaine,. Alors que cette derni\u00e8re est l&#8217;une des vari\u00e9t\u00e9s avec la concentration la plus \u00e9lev\u00e9e de THC, l&#8217;autre ne contient presque pas de THC, mais beaucoup de CBD.<\/p>\n\n\n\n<p>Pour son d\u00e9veloppement, nous avons combin\u00e9 le clone original GG4 avec une Ruderalis CBD qui lui permet d&#8217;obtenir le gen autofloraison et les concentrations de cannabidiols \u00e9lev\u00e9s. Le r\u00e9sultat est une souche m\u00e9dicinale avec un ratio spectaculaire de THC:CBD qui tourne autour de 1:40 &#8211; 1:50, avec seulement <strong>0,17-0,27 % de THC<\/strong> et entre <strong>12 et 14 % de CBD<\/strong>.<\/p>\n\n\n\n<h2 class=\"wp-block-heading\">Comment cultiver une Auto CBD Gorilla Glue<\/h2>\n\n\n\n<p>Comme pour toutes les vari\u00e9t\u00e9s \u00e0 floraison automatique, les meilleurs rendements seront obtenus en utilisant un pot d&#8217;au moins 20 litres d\u00e8s le premier jour. <strong>Les transplantations ne sont pas recommand\u00e9es<\/strong>, car elles sont stressantes et de nombreuses plantes r\u00e9agissent en arr\u00eatant leur croissance pendant quelques jours. Pour ce type de vari\u00e9t\u00e9s avec une phase v\u00e9g\u00e9tale aussi courte, ralentir la croissance quelques jours se remarquera sur la hauteur finale et \u00e9galement sur la production.<\/p>\n\n\n\n<p>Elle est tr\u00e8s facile \u00e0 cultiver et sa <strong>taille moyenne est de 100 cm<\/strong>, ce qui lui permet d&#8217;\u00eatre discr\u00e8te, id\u00e9al pour les terrasses et les balcons, sans attirer l&#8217;attention.<\/p>\n\n\n\n<p>Apr\u00e8s 3-4 semaines depuis le d\u00e9but de vie de la plante, elle commencera sa phase de floraison. <strong>Apr\u00e8s 65 jours, vous pourrez r\u00e9colter.<\/strong> En \u00e9tant si rapide, il sera possible d&#8217;obtenir jusqu&#8217;\u00e0 3 r\u00e9coltes cons\u00e9cutives durant les mois du printemps et d&#8217;\u00e9t\u00e9.<\/p>\n\n\n\n<h2 class=\"wp-block-heading\">Caract\u00e9ristiques de l&#8217;Auto CBD Gorilla Glue<\/h2>\n\n\n\n<p>Les t\u00eates sont grandes et dures comme de la pierre. La quantit\u00e9 de r\u00e9sine est incroyable, c&#8217;est un bonbon pour tous les amateurs d&#8217;extractions de cannabis.<\/p>\n\n\n\n<p><strong>Les ar\u00f4mes et les saveurs<\/strong> sont fid\u00e8les \u00e0 la m\u00e8re Gorilla. Il est possible d&#8217;appr\u00e9cier les touches de citron, de pin et de terre, avec un fond de caf\u00e9 et de chocolat tr\u00e8s agr\u00e9able.<\/p>\n\n\n\n<p>Les <strong>effets psychoactifs sont nuls<\/strong>, comme le CBD annule les effets du THC. Elle produit une sensation relaxante et plaisante tr\u00e8s agr\u00e9able et qui n&#8217;emp\u00eache pas de r\u00e9aliser des activit\u00e9s.<\/p>\n\n\n\n<p>La <strong>production<\/strong> est \u00e9lev\u00e9e et sup\u00e9rieure \u00e0 la moyenne. Les plantes qui atteignent une plus grande taille en ext\u00e9rieur pourront produire <strong>120 grammes<\/strong>. En int\u00e9rieur et avec une lampe LED de 300-350 W, il sera possible d&#8217;atteindre les <strong>450 et 550 grammes par m\u00b2<\/strong>.<\/p>\n\n\n\n<div style=\"height:50px\" aria-hidden=\"true\" class=\"wp-block-spacer uag-hide-mob\"><\/div>\n\n\n\n<div class=\"wp-block-columns is-layout-flex wp-container-core-columns-is-layout-28f84493 wp-block-columns-is-layout-flex\">\n<div class=\"wp-block-column is-layout-flow wp-block-column-is-layout-flow\">\n<p class=\"has-text-align-center has-medium-font-size\"><strong>Ce que nous aimons le plus<\/strong><\/p>\n\n\n\n<ul class=\"wp-block-list\">\n<li>Tr\u00e8s facile \u00e0 cultiver.<\/li>\n\n\n\n<li>Production XXL.<\/li>\n\n\n\n<li>Elle est r\u00e9colt\u00e9e en seulement 65 jours.<\/li>\n\n\n\n<li>Sans effets psychoactifs.<\/li>\n\n\n\n<li>Son prix.<\/li>\n<\/ul>\n<\/div>\n\n\n\n<div class=\"wp-block-column is-layout-flow wp-block-column-is-layout-flow\">\n<p class=\"has-text-align-center has-medium-font-size\"><strong>Ce que nous aimons le moins<\/strong><\/p>\n\n\n\n<ul class=\"wp-block-list\">\n<li>Elle est tr\u00e8s parfum\u00e9e lorsqu&#8217;elle fleurit.<\/li>\n<\/ul>\n<\/div>\n<\/div>\n\n\n\n<div style=\"height:50px\" aria-hidden=\"true\" class=\"wp-block-spacer uag-hide-mob\"><\/div>\n\n\n\n<h2 class=\"wp-block-heading\">Questions fr\u00e9quemment pos\u00e9es<\/h2>\n\n\n\n<p>Vous trouverez ci-dessous les r\u00e9ponses aux questions les plus fr\u00e9quemment pos\u00e9es par les cultivateurs int\u00e9ress\u00e9s par ces g\u00e9n\u00e9tiques :<\/p>\n\n\n<div id=\"rank-math-faq\" class=\"rank-math-block\">\n<div class=\"rank-math-list \">\n<div id=\"faq-question-1663029074962\" class=\"rank-math-list-item\">\n<h3 class=\"rank-math-question \">Quand commence la floraison de l&#8217;Auto CBD Gorilla Glue ?<\/h3>\n<div class=\"rank-math-answer \">\n\n<p>Depuis la germination des graines, il faudra attendre entre 3 et 4 semaines avant que les plantes passent \u00e0 floraison.<\/p>\n\n<\/div>\n<\/div>\n<div id=\"faq-question-1663029159933\" class=\"rank-math-list-item\">\n<h3 class=\"rank-math-question \">Combien de temps pour r\u00e9colter une Auto CBD Gorilla Glue apr\u00e8s sa germiantion ?<\/h3>\n<div class=\"rank-math-answer \">\n\n<p>C&#8217;est une plante autofloraison qui se r\u00e9colte 65 jours apr\u00e8s la germination des graines.<\/p>\n\n<\/div>\n<\/div>\n<div id=\"faq-question-1663029165861\" class=\"rank-math-list-item\">\n<h3 class=\"rank-math-question \">Comment cultiver une Auto CBD Gorilla Glue f\u00e9minis\u00e9e ?<\/h3>\n<div class=\"rank-math-answer \">\n\n<p>Elle est tr\u00e8s simple \u00e0 cultiver et ne demande pas de soins particuliers. Utilisez des pots d&#8217;au moins 20 L depuis le premier jour de culture pour obtenir de grandes plantes avec une production abondante.<\/p>\n\n<\/div>\n<\/div>\n<div id=\"faq-question-1666780029954\" class=\"rank-math-list-item\">\n<h3 class=\"rank-math-question \">Quels sont les effets de l&#8217;Auto CBD Gorilla Glue en vrac ?<\/h3>\n<div class=\"rank-math-answer \">\n\n<p>Les effets psychoactifs sont nuls \u00e9tant donn\u00e9 sa faible concentration de THC. Elle produit une sensation de d\u00e9tente et une bien-\u00eatre corporel et mental tr\u00e8s agr\u00e9able.<\/p>\n\n<\/div>\n<\/div>\n<\/div>\n<\/div>","protected":false},"excerpt":{"rendered":"<p>Auto CBD Gorilla Glue est la version rapide et m\u00e9dicinale de la vari\u00e9t\u00e9 am\u00e9ricaine l\u00e9gendaire. Est une plante simple, peu exigeante et tr\u00e8s discr\u00e8te, qui garantit une grande r\u00e9colte de grosses t\u00eates, dures et collantes. Elle ne propose pas d&#8217;effets psychoactifs, puisqu&#8217;elle ne contient pratiquement pas de THC. Au contraire, les niveaux de CBD ou cannabidiol sont tr\u00e8s \u00e9lev\u00e9s.<\/p>\n","protected":false},"featured_media":16093,"comment_status":"open","ping_status":"closed","template":"","meta":{"_acf_changed":false,"inline_featured_image":false,"_uag_custom_page_level_css":""},"product_brand":[],"product_cat":[2265],"product_tag":[],"class_list":{"0":"post-16071","1":"product","2":"type-product","3":"status-publish","4":"has-post-thumbnail","6":"product_cat-graines-autofloraison-en-gros","8":"first","9":"instock","10":"taxable","11":"shipping-taxable","12":"purchasable","13":"product-type-simple"},"acf":[],"uagb_featured_image_src":{"full":["https:\/\/bulkgenetics.com\/wp-content\/uploads\/2023\/03\/auto_cbd_gorilla_glue__1_.jpg",1600,1600,false],"thumbnail":["https:\/\/bulkgenetics.com\/wp-content\/uploads\/2023\/03\/auto_cbd_gorilla_glue__1_-150x150.jpg",150,150,true],"medium":["https:\/\/bulkgenetics.com\/wp-content\/uploads\/2023\/03\/auto_cbd_gorilla_glue__1_-300x300.jpg",300,300,true],"medium_large":["https:\/\/bulkgenetics.com\/wp-content\/uploads\/2023\/03\/auto_cbd_gorilla_glue__1_-768x768.jpg",768,768,true],"large":["https:\/\/bulkgenetics.com\/wp-content\/uploads\/2023\/03\/auto_cbd_gorilla_glue__1_-1024x1024.jpg",1024,1024,true],"1536x1536":["https:\/\/bulkgenetics.com\/wp-content\/uploads\/2023\/03\/auto_cbd_gorilla_glue__1_-1536x1536.jpg",1536,1536,true],"2048x2048":["https:\/\/bulkgenetics.com\/wp-content\/uploads\/2023\/03\/auto_cbd_gorilla_glue__1_.jpg",1600,1600,false],"commercegurus-pdp-large":["https:\/\/bulkgenetics.com\/wp-content\/uploads\/2023\/03\/auto_cbd_gorilla_glue__1_-990x990.jpg",990,990,true],"commercegurus-plp-mobile":["https:\/\/bulkgenetics.com\/wp-content\/uploads\/2023\/03\/auto_cbd_gorilla_glue__1_-441x441.jpg",441,441,true],"cgkit_image_swatch":["https:\/\/bulkgenetics.com\/wp-content\/uploads\/2023\/03\/auto_cbd_gorilla_glue__1_-100x100.jpg",100,100,true],"woocommerce_thumbnail":["https:\/\/bulkgenetics.com\/wp-content\/uploads\/2023\/03\/auto_cbd_gorilla_glue__1_-300x300.jpg",300,300,true],"woocommerce_single":["https:\/\/bulkgenetics.com\/wp-content\/uploads\/2023\/03\/auto_cbd_gorilla_glue__1_-800x800.jpg",800,800,true],"woocommerce_gallery_thumbnail":["https:\/\/bulkgenetics.com\/wp-content\/uploads\/2023\/03\/auto_cbd_gorilla_glue__1_-150x150.jpg",150,150,true],"dgwt-wcas-product-suggestion":["https:\/\/bulkgenetics.com\/wp-content\/uploads\/2023\/03\/auto_cbd_gorilla_glue__1_-64x64.jpg",64,64,true]},"uagb_author_info":{"display_name":"J\u00e9r\u00f4me","author_link":"https:\/\/bulkgenetics.com\/fr\/author\/"},"uagb_comment_info":0,"uagb_excerpt":"Auto CBD Gorilla Glue est la version rapide et m\u00e9dicinale de la vari\u00e9t\u00e9 am\u00e9ricaine l\u00e9gendaire. Est une plante simple, peu exigeante et tr\u00e8s discr\u00e8te, qui garantit une grande r\u00e9colte de grosses t\u00eates, dures et collantes. Elle ne propose pas d'effets psychoactifs, puisqu'elle ne contient pratiquement pas de THC. Au contraire, les niveaux de CBD ou\u2026","_links":{"self":[{"href":"https:\/\/bulkgenetics.com\/fr\/wp-json\/wp\/v2\/product\/16071","targetHints":{"allow":["GET"]}}],"collection":[{"href":"https:\/\/bulkgenetics.com\/fr\/wp-json\/wp\/v2\/product"}],"about":[{"href":"https:\/\/bulkgenetics.com\/fr\/wp-json\/wp\/v2\/types\/product"}],"replies":[{"embeddable":true,"href":"https:\/\/bulkgenetics.com\/fr\/wp-json\/wp\/v2\/comments?post=16071"}],"wp:featuredmedia":[{"embeddable":true,"href":"https:\/\/bulkgenetics.com\/fr\/wp-json\/wp\/v2\/media\/16093"}],"wp:attachment":[{"href":"https:\/\/bulkgenetics.com\/fr\/wp-json\/wp\/v2\/media?parent=16071"}],"wp:term":[{"taxonomy":"product_brand","embeddable":true,"href":"https:\/\/bulkgenetics.com\/fr\/wp-json\/wp\/v2\/product_brand?post=16071"},{"taxonomy":"product_cat","embeddable":true,"href":"https:\/\/bulkgenetics.com\/fr\/wp-json\/wp\/v2\/product_cat?post=16071"},{"taxonomy":"product_tag","embeddable":true,"href":"https:\/\/bulkgenetics.com\/fr\/wp-json\/wp\/v2\/product_tag?post=16071"}],"curies":[{"name":"wp","href":"https:\/\/api.w.org\/{rel}","templated":true}]}}