{"id":16150,"date":"2023-03-27T16:07:33","date_gmt":"2023-03-27T14:07:33","guid":{"rendered":"https:\/\/bulkgenetics.com\/?post_type=product&#038;p=16150"},"modified":"2024-10-08T01:08:55","modified_gmt":"2024-10-07T23:08:55","slug":"cbd-grapefruit-fem","status":"publish","type":"product","link":"https:\/\/bulkgenetics.com\/fr\/cbd-grapefruit-fem\/","title":{"rendered":"CBD Grapefruit"},"content":{"rendered":"\n<p><strong>CBD Grapefruit <\/strong>est une vari\u00e9t\u00e9 de cannabis CBD avec tr\u00e8s peu de THC que vous adorerez si vous recherchez les bienfaits du cannabidiol, car ses effets psychoactifs sont pratiquement nuls.<\/p>\n\n\n\n<p>Pour son d\u00e9veloppement, nous avons combin\u00e9 notre s\u00e9lection de pamplemousses (<a href=\"https:\/\/bulkgenetics.com\/fr\/cinderella-99\/\">Cinderella 99<\/a> x Thai) avec une g\u00e9n\u00e9tique \u00e0 haute teneur en CBD que nous gardons secr\u00e8te. La <a href=\"https:\/\/bulkgenetics.com\/fr\/grapefruit\/\">Grapefruit<\/a> lui conf\u00e8re son d\u00e9licieux go\u00fbt sucr\u00e9 et fruit\u00e9, tandis que la m\u00e8re CBD lui conf\u00e8re une teneur en cannabidiol de 20 \u00e0 24 % !<\/p>\n\n\n\n<h2 class=\"wp-block-heading\">Comment cultiver le CBD Grapefruit<\/h2>\n\n\n\n<p>Il s&#8217;agit d&#8217;une plante simple entre les mains de n&#8217;importe quel cultivateur. Crece con gran vigor desde el primer momento debido a su dominancia Sativa, pero al mismo tiempo es muy f\u00e1cil de controlar.<\/p>\n\n\n\n<p>A l&#8217;ext\u00e9rieur, si votre climat le permet et que vous souhaitez un v\u00e9ritable arbre, placez la graine \u00e0 germer au d\u00e9but du printemps, elle pourra atteindre une hauteur de 3 m\u00e8tres. Sa structure est typique d&#8217;un sapin, mais elle est r\u00e9pond bien \u00e0 une taille apicale pour favoriser le d\u00e9veloppement de branches secondaires.<\/p>\n\n\n\n<p>Elle pr\u00e9f\u00e8re les climats chauds avec un d\u00e9but d&#8217;automne sec, car elle sera r\u00e9colt\u00e9e \u00e0 la mi-octobre.<\/p>\n\n\n\n<p>En int\u00e9rieur, il s&#8217;agit d&#8217;une souche odorante m\u00eame en phase de croissance, nous recommandons donc l&#8217;utilisation d&#8217;un bon syst\u00e8me anti-odeur.<\/p>\n\n\n\n<p>Une fois que la photop\u00e9riode est abaiss\u00e9e jusqu&#8217;\u00e0 la floraison, un fort \u00e9tirement se produit. Si les plantes ne sont pas taill\u00e9es, il est recommand\u00e9 de ne pas d\u00e9passer 4 semaines de p\u00e9riode v\u00e9g\u00e9tative.<\/p>\n\n\n\n<p>La floraison est rapide et vous pourrez r\u00e9colter en 50-60 jours selon le ph\u00e9notype.<\/p>\n\n\n\n<h2 class=\"wp-block-heading\">Caract\u00e9ristiques du CBD Grapefruit<\/h2>\n\n\n\n<p>Les t\u00eates sont grosses, compactes et tr\u00e8s r\u00e9sineuses. C&#8217;est la vari\u00e9t\u00e9 id\u00e9ale pour r\u00e9aliser tout type d&#8217;extractions gr\u00e2ce \u00e0 son rendement \u00e9lev\u00e9, id\u00e9al pour la r\u00e9alisation de teintures.<\/p>\n\n\n\n<p>L&#8217;ar\u00f4me et le go\u00fbt rappellent beaucoup ceux de sa m\u00e8re, le pamplemousse, avec des notes douces et nettes d&#8217;ananas m\u00fbr et de pamplemousse acide.<\/p>\n\n\n\n<p>Les effets psychoactifs sont inexistants. Elle produit un effet de d\u00e9tente, de bien-\u00eatre, tr\u00e8s clair et mental et m\u00eame un peu de sommeil. <\/p>\n\n\n\n<div style=\"height:50px\" aria-hidden=\"true\" class=\"wp-block-spacer uag-hide-mob\"><\/div>\n\n\n\n<div class=\"wp-block-columns is-layout-flex wp-container-core-columns-is-layout-28f84493 wp-block-columns-is-layout-flex\">\n<div class=\"wp-block-column is-layout-flow wp-block-column-is-layout-flow\">\n<p class=\"has-text-align-center has-medium-font-size\"><strong>Ce que nous aimons le plus<\/strong><\/p>\n\n\n\n<ul class=\"wp-block-list\">\n<li>Tr\u00e8s facile \u00e0 cultiver.<\/li>\n\n\n\n<li>Production \u00e9lev\u00e9e.<\/li>\n\n\n\n<li>Saveur tropicale.<\/li>\n\n\n\n<li>Effets hautement th\u00e9rapeutiques.<\/li>\n\n\n\n<li>Son prix.<\/li>\n<\/ul>\n<\/div>\n\n\n\n<div class=\"wp-block-column is-layout-flow wp-block-column-is-layout-flow\">\n<p class=\"has-text-align-center has-medium-font-size\"><strong>Ce que nous aimons le moins<\/strong><\/p>\n\n\n\n<ul class=\"wp-block-list\">\n<li>Ce n&#8217;est pas une vari\u00e9t\u00e9 conseill\u00e9e pour ceux qui recherchent des effets psychoactifs.<\/li>\n<\/ul>\n<\/div>\n<\/div>\n\n\n\n<div style=\"height:50px\" aria-hidden=\"true\" class=\"wp-block-spacer uag-hide-mob\"><\/div>\n\n\n\n<h2 class=\"wp-block-heading\">Questions fr\u00e9quemment pos\u00e9es<\/h2>\n\n\n\n<p>Vous trouverez ci-dessous les r\u00e9ponses aux questions les plus fr\u00e9quemment pos\u00e9es par les cultivateurs int\u00e9ress\u00e9s par cette vari\u00e9t\u00e9 :<\/p>\n\n\n<div id=\"rank-math-faq\" class=\"rank-math-block\">\n<div class=\"rank-math-list \">\n<div id=\"faq-question-1663029074962\" class=\"rank-math-list-item\">\n<h3 class=\"rank-math-question \">Quand commence la floraison CBD Grapefruit en ext\u00e9rieur ?<\/h3>\n<div class=\"rank-math-answer \">\n\n<p>Selon la latitude de la culture, la floraison commence pendant la premi\u00e8re quinzaine d&#8217;ao\u00fbt.<\/p>\n\n<\/div>\n<\/div>\n<div id=\"faq-question-1663029159933\" class=\"rank-math-list-item\">\n<h3 class=\"rank-math-question \">Quand couper une CBD Grapefruit en ext\u00e9rieur ?<\/h3>\n<div class=\"rank-math-answer \">\n\n<p>C&#8217;est une vari\u00e9t\u00e9 \u00e0 floraison rapide qui est r\u00e9colt\u00e9e \u00e0 la mi-octobre.<\/p>\n\n<\/div>\n<\/div>\n<div id=\"faq-question-1663029165861\" class=\"rank-math-list-item\">\n<h3 class=\"rank-math-question \">Comment cultiver une CBD Grapefruit f\u00e9minis\u00e9e ?<\/h3>\n<div class=\"rank-math-answer \">\n\n<p>C&#8217;est une plante qui, malgr\u00e9 sa dominance Sativa, se maintient \u00e0 une taille moyenne et est tr\u00e8s facile \u00e0 cultiver en int\u00e9rieur comme en ext\u00e9rieur.<\/p>\n\n<\/div>\n<\/div>\n<div id=\"faq-question-1666780029954\" class=\"rank-math-list-item\">\n<h3 class=\"rank-math-question \">Quels sont les effets de CBD Grapefruit en vrac ?<\/h3>\n<div class=\"rank-math-answer \">\n\n<p>Les effets sont relaxants sur le plan physique et pratiquement inexistants sur le plan mental. Il permet de garder l&#8217;esprit clair et n&#8217;entrave aucune activit\u00e9.<\/p>\n\n<\/div>\n<\/div>\n<\/div>\n<\/div>","protected":false},"excerpt":{"rendered":"<p>Nous vous pr\u00e9sentons la CBD Grapefruit, une vari\u00e9t\u00e9 de CBD sans THC, puisqu&#8217;il ne d\u00e9passe en aucun cas 0,9 %. En revanche, les taux de CBD atteignent 24 %. Ce rapport d&#8217;au moins 1:25 en fait un choix parfait pour les cultivateurs \u00e0 la recherche d&#8217;une plante th\u00e9rapeutique sans les effets psychoactifs typiques du cannabis. En plus, le gout vous fera craquer !<\/p>\n","protected":false},"featured_media":16718,"comment_status":"open","ping_status":"closed","template":"","meta":{"_acf_changed":false,"inline_featured_image":false,"_uag_custom_page_level_css":""},"product_brand":[],"product_cat":[1125],"product_tag":[],"class_list":{"0":"post-16150","1":"product","2":"type-product","3":"status-publish","4":"has-post-thumbnail","6":"product_cat-graines-feminisees-en-gros","8":"first","9":"instock","10":"taxable","11":"shipping-taxable","12":"purchasable","13":"product-type-simple"},"acf":[],"uagb_featured_image_src":{"full":["https:\/\/bulkgenetics.com\/wp-content\/uploads\/2023\/03\/CBD-Grapefruit.jpg",1600,1600,false],"thumbnail":["https:\/\/bulkgenetics.com\/wp-content\/uploads\/2023\/03\/CBD-Grapefruit-150x150.jpg",150,150,true],"medium":["https:\/\/bulkgenetics.com\/wp-content\/uploads\/2023\/03\/CBD-Grapefruit-300x300.jpg",300,300,true],"medium_large":["https:\/\/bulkgenetics.com\/wp-content\/uploads\/2023\/03\/CBD-Grapefruit-768x768.jpg",768,768,true],"large":["https:\/\/bulkgenetics.com\/wp-content\/uploads\/2023\/03\/CBD-Grapefruit-1024x1024.jpg",1024,1024,true],"1536x1536":["https:\/\/bulkgenetics.com\/wp-content\/uploads\/2023\/03\/CBD-Grapefruit-1536x1536.jpg",1536,1536,true],"2048x2048":["https:\/\/bulkgenetics.com\/wp-content\/uploads\/2023\/03\/CBD-Grapefruit.jpg",1600,1600,false],"commercegurus-pdp-large":["https:\/\/bulkgenetics.com\/wp-content\/uploads\/2023\/03\/CBD-Grapefruit-990x990.jpg",990,990,true],"commercegurus-plp-mobile":["https:\/\/bulkgenetics.com\/wp-content\/uploads\/2023\/03\/CBD-Grapefruit-441x441.jpg",441,441,true],"cgkit_image_swatch":["https:\/\/bulkgenetics.com\/wp-content\/uploads\/2023\/03\/CBD-Grapefruit-100x100.jpg",100,100,true],"woocommerce_thumbnail":["https:\/\/bulkgenetics.com\/wp-content\/uploads\/2023\/03\/CBD-Grapefruit-300x300.jpg",300,300,true],"woocommerce_single":["https:\/\/bulkgenetics.com\/wp-content\/uploads\/2023\/03\/CBD-Grapefruit-800x800.jpg",800,800,true],"woocommerce_gallery_thumbnail":["https:\/\/bulkgenetics.com\/wp-content\/uploads\/2023\/03\/CBD-Grapefruit-150x150.jpg",150,150,true],"dgwt-wcas-product-suggestion":["https:\/\/bulkgenetics.com\/wp-content\/uploads\/2023\/03\/CBD-Grapefruit-64x64.jpg",64,64,true]},"uagb_author_info":{"display_name":"J\u00e9r\u00f4me","author_link":"https:\/\/bulkgenetics.com\/fr\/author\/"},"uagb_comment_info":0,"uagb_excerpt":"Nous vous pr\u00e9sentons la CBD Grapefruit, une vari\u00e9t\u00e9 de CBD sans THC, puisqu'il ne d\u00e9passe en aucun cas 0,9 %. En revanche, les taux de CBD atteignent 24 %. Ce rapport d'au moins 1:25 en fait un choix parfait pour les cultivateurs \u00e0 la recherche d'une plante th\u00e9rapeutique sans les effets psychoactifs typiques du cannabis.\u2026","_links":{"self":[{"href":"https:\/\/bulkgenetics.com\/fr\/wp-json\/wp\/v2\/product\/16150","targetHints":{"allow":["GET"]}}],"collection":[{"href":"https:\/\/bulkgenetics.com\/fr\/wp-json\/wp\/v2\/product"}],"about":[{"href":"https:\/\/bulkgenetics.com\/fr\/wp-json\/wp\/v2\/types\/product"}],"replies":[{"embeddable":true,"href":"https:\/\/bulkgenetics.com\/fr\/wp-json\/wp\/v2\/comments?post=16150"}],"wp:featuredmedia":[{"embeddable":true,"href":"https:\/\/bulkgenetics.com\/fr\/wp-json\/wp\/v2\/media\/16718"}],"wp:attachment":[{"href":"https:\/\/bulkgenetics.com\/fr\/wp-json\/wp\/v2\/media?parent=16150"}],"wp:term":[{"taxonomy":"product_brand","embeddable":true,"href":"https:\/\/bulkgenetics.com\/fr\/wp-json\/wp\/v2\/product_brand?post=16150"},{"taxonomy":"product_cat","embeddable":true,"href":"https:\/\/bulkgenetics.com\/fr\/wp-json\/wp\/v2\/product_cat?post=16150"},{"taxonomy":"product_tag","embeddable":true,"href":"https:\/\/bulkgenetics.com\/fr\/wp-json\/wp\/v2\/product_tag?post=16150"}],"curies":[{"name":"wp","href":"https:\/\/api.w.org\/{rel}","templated":true}]}}