{"id":16211,"date":"2023-03-28T08:54:06","date_gmt":"2023-03-28T06:54:06","guid":{"rendered":"https:\/\/bulkgenetics.com\/?post_type=product&#038;p=16211"},"modified":"2024-10-08T01:08:55","modified_gmt":"2024-10-07T23:08:55","slug":"cbd-swiss-chocolate","status":"publish","type":"product","link":"https:\/\/bulkgenetics.com\/fr\/cbd-swiss-chocolate\/","title":{"rendered":"CBD Swiss Chocolate"},"content":{"rendered":"\n<p><strong>CBD Swiss Chocolate<\/strong> est l&#8217;une de nos nouvelles vari\u00e9t\u00e9s riches en cannabidiol et pratiquement d\u00e9pourvues de THC, puisque les niveaux de ce cannabino\u00efde sont <strong>maintenus en dessous de 0,25 %<\/strong>. Elle est parfaite pour tous ceux qui recherchent les b\u00e9n\u00e9fices du CBD, mais sans les effets psychoactifs du cannabis.<\/p>\n\n\n\n<p>Pour son d\u00e9veloppement, nous avons utilis\u00e9 une g\u00e9n\u00e9tique que nous avons re\u00e7ue il y a plus de 20 ans. Son origine est incertaine, mais tous laisse \u00e0 penser qu&#8217;elle poss\u00e8de des traits de Kush. Nous l&#8217;avons baptis\u00e9 <strong>Swiss Chocolate<\/strong> ou &#8220;chocolat suisse&#8221; \u00e0 cause de son intense saveur de chocolat. Notre plante m\u00e8re, dont la teneur en CBD est plus \u00e9lev\u00e9e, est l&#8217;autre \u00e9l\u00e9ment cl\u00e9, et nous avons obtenu que la prog\u00e9niture pr\u00e9sente des niveaux stables et tr\u00e8s, tr\u00e8s faibles de THC.<\/p>\n\n\n\n<h2 class=\"wp-block-heading\">Comment cultiver la CBD Swiss Chocolate<\/h2>\n\n\n\n<p>C&#8217;est une souche facile \u00e0 cultiver en int\u00e9rieur comme en ext\u00e9rieur, tr\u00e8s vigoureuse et avec une structure de sapin. Elle d\u00e9veloppe de nombreuses branches secondaires autour de la branche centrale.<\/p>\n\n\n\n<p>En <strong>ext\u00e9rieur,<\/strong> lorsqu&#8217;elle germe au d\u00e9but du printemps, elle atteint une <strong>grande hauteur de 2,5 \u00e0 3 m\u00e8tres<\/strong>, avec de grandes feuilles et des entre-n\u0153uds moyens.<\/p>\n\n\n\n<p>La p\u00e9riode de floraison est courte et la r\u00e9colte se fera durant la <strong>premi\u00e8re quinzaine d&#8217;octobre<\/strong>. Certains ph\u00e9notypes sont encore plus rapides et seront pr\u00eats d\u00e8s la fin du mois de septembre.<\/p>\n\n\n\n<p>En <strong>int\u00e9rieur<\/strong>, elle s&#8217;adapte \u00e0 toutes les techniques de culture, en particulier \u00e0 la culture SOG lorsqu&#8217;une plante m\u00e8re colonnaire et moins ramifi\u00e9e est s\u00e9lectionn\u00e9e.<\/p>\n\n\n\n<p>Au d\u00e9but de la floraison, les odeurs deviennent tr\u00e8s piquantes. Si vous voulez \u00e9viter les probl\u00e8mes, vous devez installer un bon filtre \u00e0 charbon. \u00c0 partir du changement de photop\u00e9riode, la r\u00e9colte aura lieu au bout de <strong>8 \u00e0 9 semaines<\/strong>.<\/p>\n\n\n\n<h2 class=\"wp-block-heading\">Caract\u00e9ristiques de la CBD Swiss Chocolate<\/h2>\n\n\n\n<p>Les t\u00eates sont grandes, dures comme de la pierre et tr\u00e8s r\u00e9sineuses. Tous les amateurs d&#8217;extraction prendront plaisir \u00e0 fabriquer le plus d\u00e9licieux des hashs ou des BHO.<\/p>\n\n\n\n<p>L&#8217;ar\u00f4me et la saveur sont fid\u00e8les \u00e0 sa m\u00e8re, la Swiss Chocolate, avec des notes intenses de chocolat et des nuances de terre et d&#8217;agrumes.<\/p>\n\n\n\n<p>Le niveau de CBD tourne toujours autour de 15 %, alors que le THC se situera entre 0,20% et 0.25%. Les effets psychoactifs sont inexistants, mais il provoque une <strong>sensation de d\u00e9tente et de bien-\u00eatre<\/strong> qui n&#8217;emp\u00eache aucun type d&#8217;activit\u00e9.<\/p>\n\n\n\n<p>Les rendements sont tr\u00e8s \u00e9lev\u00e9s et, sur les grandes plantes, on peut esp\u00e9rer obtenir jusqu&#8217;\u00e0 <strong>900 grammes<\/strong>. En int\u00e9rieur, il ne sera pas difficile d&#8217;obtenir environ <strong>550 grammes par m\u00b2<\/strong> avec un luminaire LED de 300-350W.<\/p>\n\n\n\n<div style=\"height:50px\" aria-hidden=\"true\" class=\"wp-block-spacer uag-hide-mob\"><\/div>\n\n\n\n<div class=\"wp-block-columns is-layout-flex wp-container-core-columns-is-layout-28f84493 wp-block-columns-is-layout-flex\">\n<div class=\"wp-block-column is-layout-flow wp-block-column-is-layout-flow\">\n<p class=\"has-text-align-center has-medium-font-size\"><strong>Ce que nous aimons le plus<\/strong><\/p>\n\n\n\n<ul class=\"wp-block-list\">\n<li>Tr\u00e8s facile \u00e0 cultiver.<\/li>\n\n\n\n<li>Production \u00e9lev\u00e9e.<\/li>\n\n\n\n<li>Saveur spectaculaire.<\/li>\n\n\n\n<li>Effets hautement th\u00e9rapeutiques.<\/li>\n\n\n\n<li>Son prix.<\/li>\n<\/ul>\n<\/div>\n\n\n\n<div class=\"wp-block-column is-layout-flow wp-block-column-is-layout-flow\">\n<p class=\"has-text-align-center has-medium-font-size\"><strong>Ce que nous aimons le moins<\/strong><\/p>\n\n\n\n<ul class=\"wp-block-list\">\n<li>Ce n&#8217;est pas une vari\u00e9t\u00e9 recommand\u00e9e pour ceux qui recherchent des effets psychoactifs.<\/li>\n<\/ul>\n<\/div>\n<\/div>\n\n\n\n<div style=\"height:50px\" aria-hidden=\"true\" class=\"wp-block-spacer uag-hide-mob\"><\/div>\n\n\n\n<h2 class=\"wp-block-heading\">Questions fr\u00e9quemment pos\u00e9es<\/h2>\n\n\n\n<p>Vous trouverez ci-dessous les r\u00e9ponses aux questions les plus fr\u00e9quemment pos\u00e9es par les cultivateurs int\u00e9ress\u00e9s par cette vari\u00e9t\u00e9 de CBD sans THC :<\/p>\n\n\n<div id=\"rank-math-faq\" class=\"rank-math-block\">\n<div class=\"rank-math-list \">\n<div id=\"faq-question-1663029074962\" class=\"rank-math-list-item\">\n<h3 class=\"rank-math-question \">Quand le CBD Swiss Chocolated commence-t-il \u00e0 fleurir en ext\u00e9rieur ?<\/h3>\n<div class=\"rank-math-answer \">\n\n<p>Selon la latitude de la culture, la floraison commence pendant la premi\u00e8re quinzaine d&#8217;ao\u00fbt.<\/p>\n\n<\/div>\n<\/div>\n<div id=\"faq-question-1663029159933\" class=\"rank-math-list-item\">\n<h3 class=\"rank-math-question \">Quand couper un CBD d&#8217;ext\u00e9rieur Swiss Chocolate ?<\/h3>\n<div class=\"rank-math-answer \">\n\n<p>C&#8217;est une vari\u00e9t\u00e9 de floraison rapide qui se r\u00e9colte durant la premi\u00e8re moiti\u00e9 du mois d&#8217;octobre.<\/p>\n\n<\/div>\n<\/div>\n<div id=\"faq-question-1663029165861\" class=\"rank-math-list-item\">\n<h3 class=\"rank-math-question \">Comment cultiver un CBD Swiss Chocolate Feminised ?<\/h3>\n<div class=\"rank-math-answer \">\n\n<p>C&#8217;est une plante tr\u00e8s facile \u00e0 cultiver \u00e0 l&#8217;int\u00e9rieur ou \u00e0 l&#8217;ext\u00e9rieur. Bien qu&#8217;elle pr\u00e9f\u00e8re les climats tr\u00e8s ensoleill\u00e9s, elle s&#8217;adapte \u00e0 n&#8217;importe quel endroit.<\/p>\n\n<\/div>\n<\/div>\n<div id=\"faq-question-1666780029954\" class=\"rank-math-list-item\">\n<h3 class=\"rank-math-question \">Quels sont les effets du CBD Swiss Chocolate en vrac ?<\/h3>\n<div class=\"rank-math-answer \">\n\n<p>Les effets sont relaxants sur le plan physique et pratiquement inexistants sur le plan mental. Il permet de garder l&#8217;esprit clair et n&#8217;entrave aucune activit\u00e9.<\/p>\n\n<\/div>\n<\/div>\n<\/div>\n<\/div>","protected":false},"excerpt":{"rendered":"<p>CBD Swiss Chocolate est la vari\u00e9t\u00e9 parfaite pour ceux qui recherchent les b\u00e9n\u00e9fices du cannabidiol avec une excellente saveur, mais sans les effets psychoactifs typiques du cannabis. Il s&#8217;agit d&#8217;une g\u00e9n\u00e9tique presque sans THC, tr\u00e8s facile \u00e0 cultiver, grande et productive. Sa saveur vous rappellera le chocolat suisse, tr\u00e8s d\u00e9licat et qui remplira le palais.<\/p>\n","protected":false},"featured_media":16173,"comment_status":"open","ping_status":"closed","template":"","meta":{"_acf_changed":false,"inline_featured_image":false,"_uag_custom_page_level_css":""},"product_brand":[],"product_cat":[1125],"product_tag":[],"class_list":{"0":"post-16211","1":"product","2":"type-product","3":"status-publish","4":"has-post-thumbnail","6":"product_cat-graines-feminisees-en-gros","8":"first","9":"instock","10":"taxable","11":"shipping-taxable","12":"purchasable","13":"product-type-simple"},"acf":[],"uagb_featured_image_src":{"full":["https:\/\/bulkgenetics.com\/wp-content\/uploads\/2023\/03\/swiss_chocolate_cbd_fem__1_.jpg",1600,1600,false],"thumbnail":["https:\/\/bulkgenetics.com\/wp-content\/uploads\/2023\/03\/swiss_chocolate_cbd_fem__1_-150x150.jpg",150,150,true],"medium":["https:\/\/bulkgenetics.com\/wp-content\/uploads\/2023\/03\/swiss_chocolate_cbd_fem__1_-300x300.jpg",300,300,true],"medium_large":["https:\/\/bulkgenetics.com\/wp-content\/uploads\/2023\/03\/swiss_chocolate_cbd_fem__1_-768x768.jpg",768,768,true],"large":["https:\/\/bulkgenetics.com\/wp-content\/uploads\/2023\/03\/swiss_chocolate_cbd_fem__1_-1024x1024.jpg",1024,1024,true],"1536x1536":["https:\/\/bulkgenetics.com\/wp-content\/uploads\/2023\/03\/swiss_chocolate_cbd_fem__1_-1536x1536.jpg",1536,1536,true],"2048x2048":["https:\/\/bulkgenetics.com\/wp-content\/uploads\/2023\/03\/swiss_chocolate_cbd_fem__1_.jpg",1600,1600,false],"commercegurus-pdp-large":["https:\/\/bulkgenetics.com\/wp-content\/uploads\/2023\/03\/swiss_chocolate_cbd_fem__1_-990x990.jpg",990,990,true],"commercegurus-plp-mobile":["https:\/\/bulkgenetics.com\/wp-content\/uploads\/2023\/03\/swiss_chocolate_cbd_fem__1_-441x441.jpg",441,441,true],"cgkit_image_swatch":["https:\/\/bulkgenetics.com\/wp-content\/uploads\/2023\/03\/swiss_chocolate_cbd_fem__1_-100x100.jpg",100,100,true],"woocommerce_thumbnail":["https:\/\/bulkgenetics.com\/wp-content\/uploads\/2023\/03\/swiss_chocolate_cbd_fem__1_-300x300.jpg",300,300,true],"woocommerce_single":["https:\/\/bulkgenetics.com\/wp-content\/uploads\/2023\/03\/swiss_chocolate_cbd_fem__1_-800x800.jpg",800,800,true],"woocommerce_gallery_thumbnail":["https:\/\/bulkgenetics.com\/wp-content\/uploads\/2023\/03\/swiss_chocolate_cbd_fem__1_-150x150.jpg",150,150,true],"dgwt-wcas-product-suggestion":["https:\/\/bulkgenetics.com\/wp-content\/uploads\/2023\/03\/swiss_chocolate_cbd_fem__1_-64x64.jpg",64,64,true]},"uagb_author_info":{"display_name":"\u00c1ngel Flores","author_link":"https:\/\/bulkgenetics.com\/fr\/author\/"},"uagb_comment_info":0,"uagb_excerpt":"CBD Swiss Chocolate est la vari\u00e9t\u00e9 parfaite pour ceux qui recherchent les b\u00e9n\u00e9fices du cannabidiol avec une excellente saveur, mais sans les effets psychoactifs typiques du cannabis. Il s'agit d'une g\u00e9n\u00e9tique presque sans THC, tr\u00e8s facile \u00e0 cultiver, grande et productive. Sa saveur vous rappellera le chocolat suisse, tr\u00e8s d\u00e9licat et qui remplira le palais.","_links":{"self":[{"href":"https:\/\/bulkgenetics.com\/fr\/wp-json\/wp\/v2\/product\/16211","targetHints":{"allow":["GET"]}}],"collection":[{"href":"https:\/\/bulkgenetics.com\/fr\/wp-json\/wp\/v2\/product"}],"about":[{"href":"https:\/\/bulkgenetics.com\/fr\/wp-json\/wp\/v2\/types\/product"}],"replies":[{"embeddable":true,"href":"https:\/\/bulkgenetics.com\/fr\/wp-json\/wp\/v2\/comments?post=16211"}],"wp:featuredmedia":[{"embeddable":true,"href":"https:\/\/bulkgenetics.com\/fr\/wp-json\/wp\/v2\/media\/16173"}],"wp:attachment":[{"href":"https:\/\/bulkgenetics.com\/fr\/wp-json\/wp\/v2\/media?parent=16211"}],"wp:term":[{"taxonomy":"product_brand","embeddable":true,"href":"https:\/\/bulkgenetics.com\/fr\/wp-json\/wp\/v2\/product_brand?post=16211"},{"taxonomy":"product_cat","embeddable":true,"href":"https:\/\/bulkgenetics.com\/fr\/wp-json\/wp\/v2\/product_cat?post=16211"},{"taxonomy":"product_tag","embeddable":true,"href":"https:\/\/bulkgenetics.com\/fr\/wp-json\/wp\/v2\/product_tag?post=16211"}],"curies":[{"name":"wp","href":"https:\/\/api.w.org\/{rel}","templated":true}]}}