{"id":16624,"date":"2023-04-11T12:26:36","date_gmt":"2023-04-11T10:26:36","guid":{"rendered":"https:\/\/bulkgenetics.com\/?post_type=product&#038;p=16624"},"modified":"2024-10-08T01:08:54","modified_gmt":"2024-10-07T23:08:54","slug":"raspberry-glue","status":"publish","type":"product","link":"https:\/\/bulkgenetics.com\/fr\/raspberry-glue\/","title":{"rendered":"Raspberry Glue"},"content":{"rendered":"\n<p><strong>Raspberry Glue<\/strong> est une de ces p\u00e9pites indispensables dans ta collection de graines de cannabis. Cette strain est un hybride \u00e0 dominance Indica, n\u00e9 du croisement entre deux titans du cannabis : <strong>Raspberry Kush<\/strong> et <strong><strong><a href=\"https:\/\/bulkgenetics.com\/fr\/gorilla-glue-4\/\">Gorilla Glue 4<\/a><\/strong><\/strong>. D\u00e8s le d\u00e9part, Raspberry Glue a re\u00e7u d&#8217;excellents avis sur des sites sp\u00e9cialis\u00e9s comme Leafly, ce qui t\u00e9moigne de sa qualit\u00e9 et de sa popularit\u00e9.<\/p>\n\n\n\n<p>De sa m\u00e8re Raspberry, elle h\u00e9rite d&#8217;un <strong>go\u00fbt fruit\u00e9 et de baies<\/strong> incomparable. En revanche, gr\u00e2ce \u00e0 Gorilla Glue, elle t\u2019offrira une <strong>r\u00e9sine abondante<\/strong> et une puissance extr\u00eame qui ne te laissera pas indiff\u00e9rent. Si tu cherches une herbe de premi\u00e8re qualit\u00e9, Raspberry Glue est ton choix id\u00e9al.<\/p>\n\n\n\n<p>Cette plante d\u00e9veloppe une structure robuste et bien ramifi\u00e9e, pouvant atteindre jusqu&#8217;\u00e0 <strong>2,5 m\u00e8tres de hauteur<\/strong>. Ses branches lat\u00e9rales sont abondantes et fortes, supportant des t\u00eates grandes et lourdes<strong>, dures comme des pierres et ultra-collantes<\/strong>. Sa couleur vert for\u00eat, avec des nuances ambr\u00e9es et une couche de trichomes dor\u00e9s, fait de cette plante un v\u00e9ritable spectacle visuel. Manicurer ces t\u00eates sera un plaisir, car elles se distinguent par leur facilit\u00e9 \u00e0 \u00eatre pel\u00e9es.<\/p>\n\n\n\n<h2 class=\"wp-block-heading\">Go\u00fbt et Effets<\/h2>\n\n\n\n<p>Le <strong>go\u00fbt et l\u2019ar\u00f4me<\/strong> de <strong>Raspberry Glue<\/strong> sont un v\u00e9ritable d\u00e9lice pour les sens. D\u00e8s que tu ouvres le bocal, tu es accueilli par un <strong>ar\u00f4me intense de framboise et d&#8217;abricot<\/strong>, accompagn\u00e9 de subtiles notes citronn\u00e9es et terreuses qui feront vibrer tes papilles. Chaque bouff\u00e9e te transporte dans un paradis fruit\u00e9, avec cette touche sucr\u00e9e qui se marie parfaitement avec le fond terreux, offrant une exp\u00e9rience unique et inoubliable.<\/p>\n\n\n\n<p>Les <strong>effets<\/strong> sont aussi impressionnants que son go\u00fbt. Avec une teneur en THC oscillant entre <strong>20% et 25%<\/strong> et une faible teneur en CBD (<strong>moins de 1%<\/strong>), cette vari\u00e9t\u00e9 te procurera une <strong>relaxation extr\u00eame<\/strong> accompagn\u00e9e d&#8217;une sensation de joie et de rires. Elle est parfaite pour d\u00e9connecter apr\u00e8s une journ\u00e9e difficile ou pour des soir\u00e9es tranquilles entre amis. Quelques bouff\u00e9es suffisent pour que ton corps s&#8217;immerge dans une <strong>sensation de calme profond<\/strong>, tandis que ton esprit reste joyeux et l\u00e9ger.<\/p>\n\n\n\n<h3 class=\"wp-block-heading\">Terp\u00e8nes de Raspberry Glue<\/h3>\n\n\n\n<p>Les <strong>terp\u00e8nes<\/strong> de Raspberry Glue jouent un r\u00f4le crucial dans son profil aromatique et dans les effets qu&#8217;elle produit. Le <strong>myrc\u00e8ne<\/strong>, le terp\u00e8ne dominant, apporte un ar\u00f4me herbac\u00e9 et terreux qui compl\u00e8te parfaitement les touches fruit\u00e9es de la strain. Ce terp\u00e8ne est connu pour ses propri\u00e9t\u00e9s relaxantes et s\u00e9datives, contribuant \u00e0 la sensation de calme offerte par Raspberry Glue.<\/p>\n\n\n\n<p>Le <strong>limon\u00e8ne<\/strong> est un autre terp\u00e8ne pr\u00e9sent dans cette vari\u00e9t\u00e9, offrant cette touche citronn\u00e9e rafra\u00eechissante et \u00e9nergisante. Ce terp\u00e8ne ajoute non seulement de la complexit\u00e9 \u00e0 l&#8217;ar\u00f4me, mais est aussi reconnu pour ses effets stimulants de l&#8217;humeur, aidant \u00e0 combattre le stress et l&#8217;anxi\u00e9t\u00e9.<\/p>\n\n\n\n<p>Enfin, le <strong>caryophyll\u00e8ne<\/strong> ajoute une note \u00e9pic\u00e9e et terreuse au profil aromatique de Raspberry Glue. Ce terp\u00e8ne a des propri\u00e9t\u00e9s anti-inflammatoires et analg\u00e9siques, ce qui en fait une excellente option pour ceux qui cherchent \u00e0 soulager douleurs et malaises.<\/p>\n\n\n\n<h2 class=\"wp-block-heading\">Production et Temps de Floraison<\/h2>\n\n\n\n<p>La <strong>production<\/strong> de <strong>Raspberry Glue<\/strong> est un autre de ses points forts qui la rendent tr\u00e8s appr\u00e9ci\u00e9e des cultivateurs. En culture int\u00e9rieure, cette vari\u00e9t\u00e9 peut produire facilement entre <strong>500 et 600 grammes par m\u00e8tre carr\u00e9<\/strong>, en utilisant des lampes LED de 300-350W. Sa croissance contr\u00f4l\u00e9e et compacte la rend id\u00e9ale pour des techniques comme le SOG, en concentrant la production sur de grosses apicales, facilitant ainsi sa gestion et la maximisation de l&#8217;espace.<\/p>\n\n\n\n<p>En ext\u00e9rieur, Raspberry Glue n&#8217;est pas en reste. Si elle est germ\u00e9e au d\u00e9but du printemps et que les conditions ad\u00e9quates sont r\u00e9unies, elle peut atteindre une hauteur de <strong>2,5 m\u00e8tres<\/strong>, devenant un v\u00e9ritable buisson rempli de branches lat\u00e9rales solides et de t\u00eates denses. Dans cet environnement, la production peut atteindre jusqu&#8217;\u00e0 <strong>900 grammes par plante<\/strong> pour les plus grandes, ce qui en fait une excellente option pour ceux qui recherchent de grosses r\u00e9coltes.<\/p>\n\n\n\n<p>Le <strong>temps de floraison<\/strong> de Raspberry Glue est \u00e9galement tr\u00e8s attrayant pour les cultivateurs en qu\u00eate de r\u00e9sultats rapides. En culture int\u00e9rieure, \u00e0 partir du changement de photop\u00e9riode de croissance \u00e0 floraison, cette vari\u00e9t\u00e9 sera pr\u00eate \u00e0 \u00eatre r\u00e9colt\u00e9e en environ <strong>9 semaines<\/strong>. Pendant cette phase, il est important de noter que les odeurs peuvent \u00eatre tr\u00e8s intenses, donc l&#8217;utilisation d&#8217;un bon filtre \u00e0 charbon ou d&#8217;un ozoniseur peut \u00eatre n\u00e9cessaire pour maintenir la discr\u00e9tion.<\/p>\n\n\n\n<p>En ext\u00e9rieur, la p\u00e9riode de floraison est relativement courte. Raspberry Glue sera pr\u00eate \u00e0 \u00eatre r\u00e9colt\u00e9e <strong>entre la premi\u00e8re et la deuxi\u00e8me semaine d&#8217;octobre<\/strong>, selon la latitude et les conditions climatiques. Cette vari\u00e9t\u00e9 pr\u00e9f\u00e8re les climats chauds comme le M\u00e9diterran\u00e9en, mais elle est suffisamment adaptable pour pousser dans d&#8217;autres environnements sans probl\u00e8me.<\/p>\n\n\n\n<h2 class=\"wp-block-heading\">Comment Cultiver Raspberry Glue<\/h2>\n\n\n\n<p>Chez Bulk Genetics, nous croyons que <strong>Raspberry Glue<\/strong> est l&#8217;une des vari\u00e9t\u00e9s les plus faciles \u00e0 cultiver, parfaite tant pour les d\u00e9butants que pour les cultivateurs exp\u00e9riment\u00e9s. Cette plante ne n\u00e9cessite pas de soins importants et s&#8217;adapte bien \u00e0 diverses techniques de culture.<\/p>\n\n\n\n<p>Raspberry Glue prosp\u00e8re dans des climats chauds, comme le M\u00e9diterran\u00e9en, mais sa r\u00e9sistance et son adaptabilit\u00e9 lui permettent de bien pousser dans d&#8217;autres climats. Elle appr\u00e9cie un <strong>substrat organique<\/strong> et tol\u00e8re des doses \u00e9lev\u00e9es de nutriments, ce qui facilite sa gestion. Elle est id\u00e9ale pour les cultures int\u00e9rieures et ext\u00e9rieures, et s&#8217;adapte parfaitement aux techniques comme le SOG gr\u00e2ce \u00e0 sa croissance contr\u00f4l\u00e9e et compacte.<\/p>\n\n\n\n<p>En ce qui concerne sa <strong>r\u00e9sistance aux ravageurs et aux maladies<\/strong>, Raspberry Glue se d\u00e9fend tr\u00e8s bien. Sa structure robuste et sa vigueur naturelle la rendent moins susceptible aux probl\u00e8mes courants qui peuvent affecter d&#8217;autres vari\u00e9t\u00e9s. Cependant, nous recommandons toujours de maintenir un environnement de culture propre et contr\u00f4l\u00e9 pour minimiser tout risque.<\/p>\n\n\n\n<div style=\"height:50px\" aria-hidden=\"true\" class=\"wp-block-spacer uag-hide-mob\"><\/div>\n\n\n\n<div class=\"wp-block-columns is-layout-flex wp-container-core-columns-is-layout-28f84493 wp-block-columns-is-layout-flex\">\n<div class=\"wp-block-column is-layout-flow wp-block-column-is-layout-flow\">\n<p class=\"has-text-align-center has-medium-font-size\"><strong>Ce que nous aimons le plus<\/strong><\/p>\n\n\n\n<ul class=\"wp-block-list\">\n<li><strong>Tr\u00e8s facile \u00e0 cultiver<\/strong>, parfaite pour tous les niveaux.<\/li>\n\n\n\n<li><strong>Production \u00e9lev\u00e9e<\/strong> tant en int\u00e9rieur qu&#8217;en ext\u00e9rieur.<\/li>\n\n\n\n<li><strong>Saveur de framboise et d&#8217;abricot<\/strong> qui pla\u00eet \u00e0 tous.<\/li>\n\n\n\n<li><strong>Effets tr\u00e8s puissants<\/strong>, id\u00e9al pour se d\u00e9tendre.<\/li>\n<\/ul>\n<\/div>\n\n\n\n<div class=\"wp-block-column is-layout-flow wp-block-column-is-layout-flow\">\n<p class=\"has-text-align-center has-medium-font-size\"><strong>Ce que nous aimons le moins<\/strong><\/p>\n\n\n\n<ul class=\"wp-block-list\">\n<li>Peut \u00eatre <strong>assez odorante<\/strong> pendant la floraison.<\/li>\n<\/ul>\n<\/div>\n<\/div>\n\n\n\n<div style=\"height:50px\" aria-hidden=\"true\" class=\"wp-block-spacer uag-hide-mob\"><\/div>\n\n\n\n<h2 class=\"wp-block-heading\">Questions Fr\u00e9quentes<\/h2>\n\n\n\n<p>Nous r\u00e9pondons ci-dessous aux questions les plus fr\u00e9quemment pos\u00e9es par les cultivateurs int\u00e9ress\u00e9s par cette vari\u00e9t\u00e9 :<\/p>\n\n\n<div id=\"rank-math-faq\" class=\"rank-math-block\">\n<div class=\"rank-math-list \">\n<div id=\"faq-question-1663029074962\" class=\"rank-math-list-item\">\n<h3 class=\"rank-math-question \">Raspberry Glue est-elle sativa ou indica ?<\/h3>\n<div class=\"rank-math-answer \">\n\n<p>Raspberry Glue est une <strong>vari\u00e9t\u00e9 majoritairement indica<\/strong>, avec un pourcentage approximatif de 70% indica et 30% sativa. Les vari\u00e9t\u00e9s indica, comme Raspberry Glue, ont tendance \u00e0 offrir des effets plus relaxants et s\u00e9datifs, id\u00e9ales pour le repos et le soulagement du stress. En revanche, les vari\u00e9t\u00e9s sativa sont g\u00e9n\u00e9ralement plus \u00e9nergisantes et stimulantes, parfaites pour la journ\u00e9e. Raspberry Glue combine le meilleur des deux mondes, offrant une relaxation physique profonde ainsi qu&#8217;une sensation de joie et de bien-\u00eatre.<\/p>\n\n<\/div>\n<\/div>\n<div id=\"faq-question-1663029159933\" class=\"rank-math-list-item\">\n<h3 class=\"rank-math-question \">Quel est le croisement de Raspberry Glue ?<\/h3>\n<div class=\"rank-math-answer \">\n\n<p>Raspberry Glue est le r\u00e9sultat du croisement entre <strong>Raspberry Kush<\/strong> et <strong>Gorilla Glue #4<\/strong>. Ce croisement lui conf\u00e8re son go\u00fbt fruit\u00e9 et de baies caract\u00e9ristique, ainsi qu&#8217;une quantit\u00e9 impressionnante de r\u00e9sine et une puissance extr\u00eame.<\/p>\n\n<\/div>\n<\/div>\n<div id=\"faq-question-1663029165861\" class=\"rank-math-list-item\">\n<h3 class=\"rank-math-question \">Quand commence la floraison de Raspberry Glue ?<\/h3>\n<div class=\"rank-math-answer \">\n\n<p>En ext\u00e9rieur, la floraison de Raspberry Glue commence au cours de la <strong>premi\u00e8re quinzaine du mois d&#8217;ao\u00fbt<\/strong>, selon la latitude et les conditions sp\u00e9cifiques de culture.<\/p>\n\n<\/div>\n<\/div>\n<div id=\"faq-question-1721891379083\" class=\"rank-math-list-item\">\n<h3 class=\"rank-math-question \">Quand r\u00e9colte-t-on Raspberry Glue ?<\/h3>\n<div class=\"rank-math-answer \">\n\n<p>Raspberry Glue se r\u00e9colte en ext\u00e9rieur entre la <strong>premi\u00e8re et la deuxi\u00e8me semaine d&#8217;octobre<\/strong>, ce qui permet d&#8217;obtenir des t\u00eates grandes et r\u00e9sineuses juste avant l&#8217;arriv\u00e9e de l&#8217;automne.<\/p>\n\n<\/div>\n<\/div>\n<div id=\"faq-question-1721891395535\" class=\"rank-math-list-item\">\n<h3 class=\"rank-math-question \">Comment cultive-t-on Raspberry Glue ?<\/h3>\n<div class=\"rank-math-answer \">\n\n<p>Raspberry Glue est tr\u00e8s facile \u00e0 cultiver. Elle s&#8217;adapte bien \u00e0 diff\u00e9rents m\u00e9thodes de culture et tol\u00e8re les tailles et le guidage des branches. De plus, elle accepte des doses \u00e9lev\u00e9es de nutriments, ce qui facilite sa gestion tant en int\u00e9rieur qu&#8217;en ext\u00e9rieur.<\/p>\n\n<\/div>\n<\/div>\n<div id=\"faq-question-1721891397308\" class=\"rank-math-list-item\">\n<h3 class=\"rank-math-question \">Quel est le go\u00fbt de Raspberry Glue ?<\/h3>\n<div class=\"rank-math-answer \">\n\n<p>Le go\u00fbt de Raspberry Glue est un v\u00e9ritable d\u00e9lice. On y trouve des <strong>notes de framboise et d&#8217;abricot<\/strong>, accompagn\u00e9es de l\u00e9g\u00e8res touches citronn\u00e9es et terreuses qui la rendent unique et tr\u00e8s appr\u00e9ci\u00e9e des cultivateurs et des consommateurs.<\/p>\n\n<\/div>\n<\/div>\n<div id=\"faq-question-1721891398685\" class=\"rank-math-list-item\">\n<h3 class=\"rank-math-question \">Quelle est la teneur en cannabino\u00efdes de Raspberry Glue ?<\/h3>\n<div class=\"rank-math-answer \">\n\n<p>Raspberry Glue a une teneur en <strong>THC qui varie entre 20% et 25%<\/strong>, et une faible teneur en CBD, inf\u00e9rieure \u00e0 1%. Cela lui conf\u00e8re ses effets relaxants puissants et sa capacit\u00e9 \u00e0 soulager diverses douleurs.<\/p>\n\n<\/div>\n<\/div>\n<div id=\"faq-question-1666780029954\" class=\"rank-math-list-item\">\n<h3 class=\"rank-math-question \">Quels sont les effets de Raspberry Glue en vrac ?<\/h3>\n<div class=\"rank-math-answer \">\n\n<p>Les effets de Raspberry Glue sont principalement <strong>relaxants<\/strong> au niveau physique, mais maintiennent \u00e9galement l&#8217;utilisateur <strong>joyeux et rieur<\/strong>. Elle est id\u00e9ale \u00e0 fumer apr\u00e8s une journ\u00e9e difficile ou lors de soir\u00e9es tranquilles, procurant une sensation de calme profond et de bien-\u00eatre g\u00e9n\u00e9ral.<\/p>\n\n<\/div>\n<\/div>\n<\/div>\n<\/div>","protected":false},"excerpt":{"rendered":"<p><b>Raspberry Glue<\/b> t\u2019offre une combinaison irr\u00e9sistible de <b>saveur fruit\u00e9e<\/b> et d\u2019<b>effets relaxants<\/b>, avec une production \u00e9lev\u00e9e et une culture facile. Id\u00e9ale pour ceux qui cherchent une plante de qualit\u00e9 sup\u00e9rieure sans complications, parfaite pour se d\u00e9tendre et profiter apr\u00e8s une longue journ\u00e9e.<\/p>\n","protected":false},"featured_media":16668,"comment_status":"open","ping_status":"closed","template":"","meta":{"_acf_changed":false,"inline_featured_image":false,"_uag_custom_page_level_css":""},"product_brand":[],"product_cat":[1125],"product_tag":[],"class_list":{"0":"post-16624","1":"product","2":"type-product","3":"status-publish","4":"has-post-thumbnail","6":"product_cat-graines-feminisees-en-gros","8":"first","9":"outofstock","10":"taxable","11":"shipping-taxable","12":"purchasable","13":"product-type-simple"},"acf":[],"uagb_featured_image_src":{"full":["https:\/\/bulkgenetics.com\/wp-content\/uploads\/2023\/04\/Raspberry-Glue.jpg",1600,1600,false],"thumbnail":["https:\/\/bulkgenetics.com\/wp-content\/uploads\/2023\/04\/Raspberry-Glue-150x150.jpg",150,150,true],"medium":["https:\/\/bulkgenetics.com\/wp-content\/uploads\/2023\/04\/Raspberry-Glue-300x300.jpg",300,300,true],"medium_large":["https:\/\/bulkgenetics.com\/wp-content\/uploads\/2023\/04\/Raspberry-Glue-768x768.jpg",768,768,true],"large":["https:\/\/bulkgenetics.com\/wp-content\/uploads\/2023\/04\/Raspberry-Glue-1024x1024.jpg",1024,1024,true],"1536x1536":["https:\/\/bulkgenetics.com\/wp-content\/uploads\/2023\/04\/Raspberry-Glue-1536x1536.jpg",1536,1536,true],"2048x2048":["https:\/\/bulkgenetics.com\/wp-content\/uploads\/2023\/04\/Raspberry-Glue.jpg",1600,1600,false],"commercegurus-pdp-large":["https:\/\/bulkgenetics.com\/wp-content\/uploads\/2023\/04\/Raspberry-Glue-990x990.jpg",990,990,true],"commercegurus-plp-mobile":["https:\/\/bulkgenetics.com\/wp-content\/uploads\/2023\/04\/Raspberry-Glue-441x441.jpg",441,441,true],"cgkit_image_swatch":["https:\/\/bulkgenetics.com\/wp-content\/uploads\/2023\/04\/Raspberry-Glue-100x100.jpg",100,100,true],"woocommerce_thumbnail":["https:\/\/bulkgenetics.com\/wp-content\/uploads\/2023\/04\/Raspberry-Glue-300x300.jpg",300,300,true],"woocommerce_single":["https:\/\/bulkgenetics.com\/wp-content\/uploads\/2023\/04\/Raspberry-Glue-800x800.jpg",800,800,true],"woocommerce_gallery_thumbnail":["https:\/\/bulkgenetics.com\/wp-content\/uploads\/2023\/04\/Raspberry-Glue-150x150.jpg",150,150,true],"dgwt-wcas-product-suggestion":["https:\/\/bulkgenetics.com\/wp-content\/uploads\/2023\/04\/Raspberry-Glue-64x64.jpg",64,64,true]},"uagb_author_info":{"display_name":"Bruno Crespo","author_link":"https:\/\/bulkgenetics.com\/fr\/author\/"},"uagb_comment_info":0,"uagb_excerpt":"Raspberry Glue t\u2019offre une combinaison irr\u00e9sistible de saveur fruit\u00e9e et d\u2019effets relaxants, avec une production \u00e9lev\u00e9e et une culture facile. Id\u00e9ale pour ceux qui cherchent une plante de qualit\u00e9 sup\u00e9rieure sans complications, parfaite pour se d\u00e9tendre et profiter apr\u00e8s une longue journ\u00e9e.","_links":{"self":[{"href":"https:\/\/bulkgenetics.com\/fr\/wp-json\/wp\/v2\/product\/16624","targetHints":{"allow":["GET"]}}],"collection":[{"href":"https:\/\/bulkgenetics.com\/fr\/wp-json\/wp\/v2\/product"}],"about":[{"href":"https:\/\/bulkgenetics.com\/fr\/wp-json\/wp\/v2\/types\/product"}],"replies":[{"embeddable":true,"href":"https:\/\/bulkgenetics.com\/fr\/wp-json\/wp\/v2\/comments?post=16624"}],"wp:featuredmedia":[{"embeddable":true,"href":"https:\/\/bulkgenetics.com\/fr\/wp-json\/wp\/v2\/media\/16668"}],"wp:attachment":[{"href":"https:\/\/bulkgenetics.com\/fr\/wp-json\/wp\/v2\/media?parent=16624"}],"wp:term":[{"taxonomy":"product_brand","embeddable":true,"href":"https:\/\/bulkgenetics.com\/fr\/wp-json\/wp\/v2\/product_brand?post=16624"},{"taxonomy":"product_cat","embeddable":true,"href":"https:\/\/bulkgenetics.com\/fr\/wp-json\/wp\/v2\/product_cat?post=16624"},{"taxonomy":"product_tag","embeddable":true,"href":"https:\/\/bulkgenetics.com\/fr\/wp-json\/wp\/v2\/product_tag?post=16624"}],"curies":[{"name":"wp","href":"https:\/\/api.w.org\/{rel}","templated":true}]}}