{"id":16651,"date":"2023-04-11T13:20:57","date_gmt":"2023-04-11T11:20:57","guid":{"rendered":"https:\/\/bulkgenetics.com\/?post_type=product&#038;p=16651"},"modified":"2024-10-08T01:08:54","modified_gmt":"2024-10-07T23:08:54","slug":"wedding-cake-auto","status":"publish","type":"product","link":"https:\/\/bulkgenetics.com\/fr\/wedding-cake-auto\/","title":{"rendered":"Wedding Cake Auto"},"content":{"rendered":"\n<p><strong>Wedding Cake Auto<\/strong> est notre version la plus rapide de l&#8217;une des vari\u00e9t\u00e9s de cannabis am\u00e9ricaine les plus en vogue ces derni\u00e8res ann\u00e9es. Elle re\u00e7oit de tr\u00e8s bonnes critiques sur des sites Internet tels que Leafly et a m\u00eame \u00e9t\u00e9 adapt\u00e9e par des banques telles que Barney&#8217;s Farm.<\/p>\n\n\n\n<p>Elle h\u00e9rite de tous les traits les plus remarquables de sa m\u00e8re <a href=\"https:\/\/bulkgenetics.com\/fr\/wedding-cake\/\"><strong>Wedding Cake<\/strong><\/a>, mais dans une plante tr\u00e8s discr\u00e8te que vous r\u00e9colterez en seulement 80 jours.<\/p>\n\n\n\n<h2 class=\"wp-block-heading\">Comment cultiver la Wedding Cake Auto<\/h2>\n\n\n\n<p>Nous recommandons d&#8217;utiliser un pot d&#8217;au moins 20 litres d\u00e8s le premier jour. Avec ce type de vari\u00e9t\u00e9, dont la phase de croissance est si courte, si les plantes cessent de cro\u00eetre \u00e0 cause du rempotage, elles n&#8217;atteindront pas leur taille maximale.<\/p>\n\n\n\n<p>Les racines auront ainsi suffisamment d&#8217;espace pour se d\u00e9velopper sans interruption, ce qui se traduira par des plantes plus grandes et plus productives.<\/p>\n\n\n\n<p>En ext\u00e9rieur et dans de bonnes conditions, elle atteindra <strong>une hauteur de 100-110 cm<\/strong>, avec une structure pyramidale typique de l&#8217;Indica.<\/p>\n\n\n\n<p>\u00c0 partir du moment o\u00f9 les graines germent, il faudra au <strong>total 80 jours<\/strong> pour r\u00e9colter les t\u00eates les plus spectaculaires que vous puissiez imaginer. Bien qu&#8217;il ne s&#8217;agisse pas de l&#8217;autofloraison la plus rapide, il est possible de produire deux r\u00e9coltes par saison en ext\u00e9rieur.<\/p>\n\n\n\n<p>\u00c0 l&#8217;int\u00e9rieur, il faut tenir compte du fait que pendant la floraison, les odeurs sont tr\u00e8s intenses et qu&#8217;il est n\u00e9cessaire d&#8217;utiliser un bon filtre \u00e0 charbon.<\/p>\n\n\n\n<h2 class=\"wp-block-heading\">Caract\u00e9ristiques de la Wedding Cake Auto<\/h2>\n\n\n\n<p>Si vous \u00eates un amateur d&#8217;extractions, vous appr\u00e9cierez les t\u00eates de cette vari\u00e9t\u00e9 de cannabis en vrac. En plus de leur taille, vous serez surpris par leur duret\u00e9 et l&#8217;\u00e9paisse couche de r\u00e9sine qui les recouvre.<\/p>\n\n\n\n<p>L&#8217;<strong>ar\u00f4me et le go\u00fbt<\/strong> rappellent, comme on peut le deviner d&#8217;apr\u00e8s le nom, un g\u00e2teau de mariage avec des notes de vanille tr\u00e8s douces et cr\u00e9meuses.<\/p>\n\n\n\n<p>Avec <strong>22% de THC<\/strong>, pr\u00e9parez-vous \u00e0 des montagnes russes de sensations relaxantes et exaltantes. De nombreux cultivateurs s&#8217;accordent \u00e0 dire qu&#8217;elle am\u00e9liore les relations de couple.<\/p>\n\n\n\n<p>Les rendements sont \u00e9lev\u00e9s. En ext\u00e9rieur, les plantes les plus hautes peuvent peser jusqu&#8217;\u00e0 <strong>150 grammes<\/strong>. En int\u00e9rieur, il est possible de r\u00e9colter jusqu&#8217;\u00e0 <strong>550 grammes par m\u00b2<\/strong> avec une lampe LED de 300-350W.<\/p>\n\n\n\n<div style=\"height:50px\" aria-hidden=\"true\" class=\"wp-block-spacer uag-hide-mob\"><\/div>\n\n\n\n<div class=\"wp-block-columns is-layout-flex wp-container-core-columns-is-layout-28f84493 wp-block-columns-is-layout-flex\">\n<div class=\"wp-block-column is-layout-flow wp-block-column-is-layout-flow\">\n<p class=\"has-text-align-center has-medium-font-size\"><strong>Ce que nous aimons le plus<\/strong><\/p>\n\n\n\n<ul class=\"wp-block-list\">\n<li>Tr\u00e8s facile \u00e0 cultiver.<\/li>\n\n\n\n<li>Grosse production.<\/li>\n\n\n\n<li>Elle se r\u00e9colte en 80 jours.<\/li>\n\n\n\n<li>Des effets tr\u00e8s puissants.<\/li>\n\n\n\n<li>Son prix.<\/li>\n<\/ul>\n<\/div>\n\n\n\n<div class=\"wp-block-column is-layout-flow wp-block-column-is-layout-flow\">\n<p class=\"has-text-align-center has-medium-font-size\"><strong>Ce que nous aimons le moins<\/strong><\/p>\n\n\n\n<ul class=\"wp-block-list\">\n<li>Elle est tr\u00e8s parfum\u00e9e lorsqu&#8217;elle fleurit.<\/li>\n<\/ul>\n<\/div>\n<\/div>\n\n\n\n<div style=\"height:50px\" aria-hidden=\"true\" class=\"wp-block-spacer uag-hide-mob\"><\/div>\n\n\n\n<h2 class=\"wp-block-heading\">Questions fr\u00e9quemment pos\u00e9es<\/h2>\n\n\n\n<p>Vous trouverez ci-dessous les r\u00e9ponses aux questions les plus fr\u00e9quemment pos\u00e9es par les cultivateurs int\u00e9ress\u00e9s par cette vari\u00e9t\u00e9 :<\/p>\n\n\n<div id=\"rank-math-faq\" class=\"rank-math-block\">\n<div class=\"rank-math-list \">\n<div id=\"faq-question-1663029074962\" class=\"rank-math-list-item\">\n<h3 class=\"rank-math-question \">Quand commence la floraison de la Wedding Cake Auto ?<\/h3>\n<div class=\"rank-math-answer \">\n\n<p>La p\u00e9riode de croissance est tr\u00e8s courte et les plantes commencent \u00e0 fleurir environ 25 jours apr\u00e8s la germination des graines.<\/p>\n\n<\/div>\n<\/div>\n<div id=\"faq-question-1663029159933\" class=\"rank-math-list-item\">\n<h3 class=\"rank-math-question \">Combien de temps faut-il pour r\u00e9colter Wedding Cake Auto \u00e0 partir de la germination ?<\/h3>\n<div class=\"rank-math-answer \">\n\n<p>Au total, il s&#8217;agit d&#8217;une vari\u00e9t\u00e9 qui se r\u00e9colte en 80 jours \u00e0 partir de la germination de la graine.<\/p>\n\n<\/div>\n<\/div>\n<div id=\"faq-question-1663029165861\" class=\"rank-math-list-item\">\n<h3 class=\"rank-math-question \">Comment cultiver une Wedding Cake Auto f\u00e9minis\u00e9e ?<\/h3>\n<div class=\"rank-math-answer \">\n\n<p>Utilisez un pot d&#8217;au moins 20 litres pour que les plantes atteignent la hauteur maximale possible avant le d\u00e9but de la floraison.<\/p>\n\n<\/div>\n<\/div>\n<div id=\"faq-question-1666780029954\" class=\"rank-math-list-item\">\n<h3 class=\"rank-math-question \">Quels sont les effets de la Wedding Cake Auto en vrac ?<\/h3>\n<div class=\"rank-math-answer \">\n\n<p>Les effets sont tr\u00e8s puissants en raison de sa teneur en THC de 22 %. Elle produit une forte d\u00e9tente physique et une excitation mentale intense. Id\u00e9ale pour am\u00e9liorer les relations de couple.<\/p>\n\n<\/div>\n<\/div>\n<\/div>\n<\/div>","protected":false},"excerpt":{"rendered":"<p>Wedding Cake Auto sont des graines \u00e0 autofloraison et la version la plus rapide de la l\u00e9gendaire American Wedding Cake. C&#8217;est une vari\u00e9t\u00e9 simple \u00e0 cultiver et rapide. Sa taille est discr\u00e8te et en seulement 80 jours \u00e0 partir de la germination, elle vous donnera les t\u00eates les plus impressionnantes que vous puissiez imaginer. Son go\u00fbt doux et cr\u00e9meux et sa puissance sont remarquables.<\/p>\n","protected":false},"featured_media":31496,"comment_status":"open","ping_status":"closed","template":"","meta":{"_acf_changed":false,"inline_featured_image":false,"_uag_custom_page_level_css":""},"product_brand":[],"product_cat":[2265],"product_tag":[],"class_list":{"0":"post-16651","1":"product","2":"type-product","3":"status-publish","4":"has-post-thumbnail","6":"product_cat-graines-autofloraison-en-gros","8":"first","9":"instock","10":"taxable","11":"shipping-taxable","12":"purchasable","13":"product-type-simple"},"acf":[],"uagb_featured_image_src":{"full":["https:\/\/bulkgenetics.com\/wp-content\/uploads\/2023\/04\/wedding-cake-auto-autoflowering-cannabis-seeds.jpg",1600,1600,false],"thumbnail":["https:\/\/bulkgenetics.com\/wp-content\/uploads\/2023\/04\/wedding-cake-auto-autoflowering-cannabis-seeds-150x150.jpg",150,150,true],"medium":["https:\/\/bulkgenetics.com\/wp-content\/uploads\/2023\/04\/wedding-cake-auto-autoflowering-cannabis-seeds-300x300.jpg",300,300,true],"medium_large":["https:\/\/bulkgenetics.com\/wp-content\/uploads\/2023\/04\/wedding-cake-auto-autoflowering-cannabis-seeds-768x768.jpg",768,768,true],"large":["https:\/\/bulkgenetics.com\/wp-content\/uploads\/2023\/04\/wedding-cake-auto-autoflowering-cannabis-seeds-1024x1024.jpg",1024,1024,true],"1536x1536":["https:\/\/bulkgenetics.com\/wp-content\/uploads\/2023\/04\/wedding-cake-auto-autoflowering-cannabis-seeds-1536x1536.jpg",1536,1536,true],"2048x2048":["https:\/\/bulkgenetics.com\/wp-content\/uploads\/2023\/04\/wedding-cake-auto-autoflowering-cannabis-seeds.jpg",1600,1600,false],"commercegurus-pdp-large":["https:\/\/bulkgenetics.com\/wp-content\/uploads\/2023\/04\/wedding-cake-auto-autoflowering-cannabis-seeds-990x990.jpg",990,990,true],"commercegurus-plp-mobile":["https:\/\/bulkgenetics.com\/wp-content\/uploads\/2023\/04\/wedding-cake-auto-autoflowering-cannabis-seeds-441x441.jpg",441,441,true],"cgkit_image_swatch":["https:\/\/bulkgenetics.com\/wp-content\/uploads\/2023\/04\/wedding-cake-auto-autoflowering-cannabis-seeds-100x100.jpg",100,100,true],"woocommerce_thumbnail":["https:\/\/bulkgenetics.com\/wp-content\/uploads\/2023\/04\/wedding-cake-auto-autoflowering-cannabis-seeds-300x300.jpg",300,300,true],"woocommerce_single":["https:\/\/bulkgenetics.com\/wp-content\/uploads\/2023\/04\/wedding-cake-auto-autoflowering-cannabis-seeds-800x800.jpg",800,800,true],"woocommerce_gallery_thumbnail":["https:\/\/bulkgenetics.com\/wp-content\/uploads\/2023\/04\/wedding-cake-auto-autoflowering-cannabis-seeds-150x150.jpg",150,150,true],"dgwt-wcas-product-suggestion":["https:\/\/bulkgenetics.com\/wp-content\/uploads\/2023\/04\/wedding-cake-auto-autoflowering-cannabis-seeds-64x64.jpg",64,64,true]},"uagb_author_info":{"display_name":"\u00c1ngel Flores","author_link":"https:\/\/bulkgenetics.com\/fr\/author\/"},"uagb_comment_info":0,"uagb_excerpt":"Wedding Cake Auto sont des graines \u00e0 autofloraison et la version la plus rapide de la l\u00e9gendaire American Wedding Cake. C'est une vari\u00e9t\u00e9 simple \u00e0 cultiver et rapide. Sa taille est discr\u00e8te et en seulement 80 jours \u00e0 partir de la germination, elle vous donnera les t\u00eates les plus impressionnantes que vous puissiez imaginer. Son\u2026","_links":{"self":[{"href":"https:\/\/bulkgenetics.com\/fr\/wp-json\/wp\/v2\/product\/16651","targetHints":{"allow":["GET"]}}],"collection":[{"href":"https:\/\/bulkgenetics.com\/fr\/wp-json\/wp\/v2\/product"}],"about":[{"href":"https:\/\/bulkgenetics.com\/fr\/wp-json\/wp\/v2\/types\/product"}],"replies":[{"embeddable":true,"href":"https:\/\/bulkgenetics.com\/fr\/wp-json\/wp\/v2\/comments?post=16651"}],"wp:featuredmedia":[{"embeddable":true,"href":"https:\/\/bulkgenetics.com\/fr\/wp-json\/wp\/v2\/media\/31496"}],"wp:attachment":[{"href":"https:\/\/bulkgenetics.com\/fr\/wp-json\/wp\/v2\/media?parent=16651"}],"wp:term":[{"taxonomy":"product_brand","embeddable":true,"href":"https:\/\/bulkgenetics.com\/fr\/wp-json\/wp\/v2\/product_brand?post=16651"},{"taxonomy":"product_cat","embeddable":true,"href":"https:\/\/bulkgenetics.com\/fr\/wp-json\/wp\/v2\/product_cat?post=16651"},{"taxonomy":"product_tag","embeddable":true,"href":"https:\/\/bulkgenetics.com\/fr\/wp-json\/wp\/v2\/product_tag?post=16651"}],"curies":[{"name":"wp","href":"https:\/\/api.w.org\/{rel}","templated":true}]}}