{"id":17020,"date":"2023-04-25T10:52:18","date_gmt":"2023-04-25T08:52:18","guid":{"rendered":"https:\/\/bulkgenetics.com\/?post_type=product&#038;p=17020"},"modified":"2025-12-29T10:16:25","modified_gmt":"2025-12-29T09:16:25","slug":"do-si-dos-auto","status":"publish","type":"product","link":"https:\/\/bulkgenetics.com\/fr\/do-si-dos-auto\/","title":{"rendered":"Do Si Dos Auto"},"content":{"rendered":"\n<p>Voici la <strong>Do Si Dos Auto<\/strong>, notre nouvelle vari\u00e9t\u00e9 autofloraison que nous avons d\u00e9cid\u00e9 d&#8217;inclure dans notre catalogue \u00e0 la demande g\u00e9n\u00e9rale. Ces derni\u00e8res ann\u00e9es, de nombreux clients nous ont encourag\u00e9s \u00e0 produire la version la plus rapide de ce classique am\u00e9ricain.<\/p>\n\n\n\n<p>Pour son d\u00e9veloppement, nous avons combin\u00e9 pendant 4 g\u00e9n\u00e9rations une Ruderalis avec le clone d&#8217;\u00e9lite <a href=\"https:\/\/bulkgenetics.com\/fr\/do-si-dos\/\"><strong>Do Si Dos<\/strong><\/a>, qui est un hybride <strong><a href=\"https:\/\/bulkgenetics.com\/fr\/girl-scout-cookies\/\">Girl Scout Cookies<\/a><\/strong> x <strong>Face-Off OG Kush<\/strong>. Des banques telles que Barney&#8217;s Farm, Kannabia, Greenhouse et d&#8217;autres proposent leurs propres versions. La diff\u00e9rence est que notre Do Si Dos Auto est beaucoup moins cher.<\/p>\n\n\n\n<h2 class=\"wp-block-heading\">Comment cultiver la Do Si Dos Auto<\/h2>\n\n\n\n<p>Comme toute autre vari\u00e9t\u00e9 autofloraison, elle appr\u00e9cie d&#8217;\u00eatre cultiv\u00e9e d\u00e8s le d\u00e9part dans un <strong>grand pot d&#8217;au moins 20 litres<\/strong>. De cette mani\u00e8re, elle poussera sans le retard de croissance qui se produit parfois apr\u00e8s la transplantation et pourra atteindre la hauteur maximale possible.<\/p>\n\n\n\n<p>Sa taille est discr\u00e8te, puisqu&#8217;elle ne d\u00e9passe g\u00e9n\u00e9ralement pas <strong>110 cm de hauteur<\/strong>. Elle a une structure typiquement Indica, avec des branches \u00e9paisses qui se raccourcissent aux n\u0153uds sup\u00e9rieurs pour former une cola centrale dense. En int\u00e9rieur, nous recommandons une densit\u00e9 de 9 plantes par m\u00b2 de culture.<\/p>\n\n\n\n<p>De la germination des graines \u00e0 la r\u00e9colte, il faut compter au <strong>total 9 semaines<\/strong>, certains ph\u00e9notypes pouvant aller jusqu&#8217;\u00e0 10 semaines. \u00c0 ce stade, l&#8217;odeur est tr\u00e8s intense et nous vous conseillons d&#8217;utiliser un bon filtre \u00e0 charbon ou un ozonateur pour \u00e9viter les probl\u00e8mes de voisinage.<\/p>\n\n\n\n<h2 class=\"wp-block-heading\">Caract\u00e9ristiques de la Do Si Dos Auto<\/h2>\n\n\n\n<p>Les cultivateurs sont surpris par la vitesse \u00e0 laquelle les t\u00eates grossissent et se couvrent d&#8217;une couche de r\u00e9sine collante. C&#8217;est une vari\u00e9t\u00e9 tr\u00e8s adapt\u00e9e \u00e0 la fabrication de toutes sortes d&#8217;extraits en raison de son rendement \u00e9lev\u00e9.<\/p>\n\n\n\n<p>L&#8217;ar\u00f4me et la saveur sont fid\u00e8les \u00e0 ceux de sa m\u00e8re, avec de d\u00e9licieuses notes de <strong>tarte au citron fra\u00eechement cuite<\/strong> et des notes de raisin, de hasch et une note diesel h\u00e9rit\u00e9e de ses g\u00e8nes OG Kush.<\/p>\n\n\n\n<p><strong>Les effets sont tr\u00e8s puissants<\/strong>, m\u00eame pour les personnes les plus tol\u00e9rantes au THC. Le d\u00e9part est tr\u00e8s \u00e9quilibr\u00e9 entre les sensations physiques et c\u00e9r\u00e9brales. Mais ensuite, une relaxation intense s&#8217;empare de votre corps et de votre esprit.<\/p>\n\n\n\n<p>La production ne vous d\u00e9cevra pas non plus. En ext\u00e9rieur, les plantes les plus grandes peuvent atteindre <strong>150 grammes<\/strong>. En int\u00e9rieur et avec un luminaire LED de 300-350W, chacun peut obtenir un rendement allant jusqu&#8217;\u00e0 <strong>500 grammes par m\u00b2<\/strong>.<\/p>\n\n\n\n<div style=\"height:50px\" aria-hidden=\"true\" class=\"wp-block-spacer uag-hide-mob\"><\/div>\n\n\n\n<div class=\"wp-block-columns is-layout-flex wp-container-core-columns-is-layout-28f84493 wp-block-columns-is-layout-flex\">\n<div class=\"wp-block-column is-layout-flow wp-block-column-is-layout-flow\">\n<p class=\"has-text-align-center has-medium-font-size\"><strong>Ce que nous aimons le plus<\/strong><\/p>\n\n\n\n<ul class=\"wp-block-list\">\n<li>Tr\u00e8s facile \u00e0 cultiver.<\/li>\n\n\n\n<li>Production \u00e9lev\u00e9e.<\/li>\n\n\n\n<li>R\u00e9colte en seulement 9 semaines.<\/li>\n\n\n\n<li>Go\u00fbt de g\u00e2teau au citron.<\/li>\n\n\n\n<li>Son prix.<\/li>\n<\/ul>\n<\/div>\n\n\n\n<div class=\"wp-block-column is-layout-flow wp-block-column-is-layout-flow\">\n<p class=\"has-text-align-center has-medium-font-size\"><strong>Ce que nous aimons le moins<\/strong><\/p>\n\n\n\n<ul class=\"wp-block-list\">\n<li>Elle est tr\u00e8s parfum\u00e9e lorsqu&#8217;elle fleurit.<\/li>\n<\/ul>\n<\/div>\n<\/div>\n\n\n\n<div style=\"height:50px\" aria-hidden=\"true\" class=\"wp-block-spacer uag-hide-mob\"><\/div>\n\n\n\n<h2 class=\"wp-block-heading\">Questions fr\u00e9quemment pos\u00e9es<\/h2>\n\n\n\n<p>Tu trouveras ci-dessous les r\u00e9ponses aux questions les plus fr\u00e9quemment pos\u00e9es par les cultivateurs int\u00e9ress\u00e9s par ces g\u00e9n\u00e9tiques :<\/p>\n\n\n<div id=\"rank-math-faq\" class=\"rank-math-block\">\n<div class=\"rank-math-list \">\n<div id=\"faq-question-1663029074962\" class=\"rank-math-list-item\">\n<h3 class=\"rank-math-question \">Quand Do Si Dos Auto commence-t-elle \u00e0 fleurir ?<\/h3>\n<div class=\"rank-math-answer \">\n\n<p>La phase de croissance est tr\u00e8s courte et apr\u00e8s environ 3-4 semaines de germination, les plantes commencent \u00e0 fleurir.<\/p>\n\n<\/div>\n<\/div>\n<div id=\"faq-question-1663029159933\" class=\"rank-math-list-item\">\n<h3 class=\"rank-math-question \">Combien de temps faut-il pour r\u00e9colter un Do Si Dos Auto \u00e0 partir de la germination ?<\/h3>\n<div class=\"rank-math-answer \">\n\n<p>Au total, la r\u00e9colte se fait en 9 semaines \u00e0 partir de la germination de la graine. C&#8217;est une vari\u00e9t\u00e9 tr\u00e8s, tr\u00e8s rapide.<\/p>\n\n<\/div>\n<\/div>\n<div id=\"faq-question-1663029165861\" class=\"rank-math-list-item\">\n<h3 class=\"rank-math-question \">Comment cultiver une Do Si Dos Auto f\u00e9minis\u00e9e ?<\/h3>\n<div class=\"rank-math-answer \">\n\n<p>Les cultivateurs optent souvent pour un grand pot d\u00e8s le d\u00e9part plut\u00f4t que pour une transplantation. Les plantes sont ainsi plus grandes et plus productives.<\/p>\n\n<\/div>\n<\/div>\n<div id=\"faq-question-1666780029954\" class=\"rank-math-list-item\">\n<h3 class=\"rank-math-question \">Quels sont les effets de Do Si Dos Auto en vrac ?<\/h3>\n<div class=\"rank-math-answer \">\n\n<p>Les effets sont tr\u00e8s puissants. Il commence de mani\u00e8re tr\u00e8s \u00e9quilibr\u00e9e et vous plonge ensuite dans la relaxation mentale et physique la plus profonde.<\/p>\n\n<\/div>\n<\/div>\n<\/div>\n<\/div>","protected":false},"excerpt":{"rendered":"<p>Do Si Dos Auto est la version la plus rapide du grand classique am\u00e9ricain. C&#8217;est une autofloraison discr\u00e8te, facile \u00e0 cultiver et tr\u00e8s productive. Ses t\u00eates sont grandes, compactes et particuli\u00e8rement r\u00e9sineuses, avec un ar\u00f4me et une saveur qui vous rappelleront une tarte au citron sucr\u00e9e. Et vous serez surpris par ses effets qui vous apporteront une grande d\u00e9tente et du bonheur.<\/p>\n","protected":false},"featured_media":16978,"comment_status":"open","ping_status":"closed","template":"","meta":{"_acf_changed":false,"inline_featured_image":false,"_uag_custom_page_level_css":""},"product_brand":[],"product_cat":[2265],"product_tag":[],"class_list":{"0":"post-17020","1":"product","2":"type-product","3":"status-publish","4":"has-post-thumbnail","6":"product_cat-graines-autofloraison-en-gros","8":"first","9":"instock","10":"taxable","11":"shipping-taxable","12":"purchasable","13":"product-type-simple"},"acf":[],"uagb_featured_image_src":{"full":["https:\/\/bulkgenetics.com\/wp-content\/uploads\/2023\/04\/Do-Si-Dos-Auto.jpg",1600,1600,false],"thumbnail":["https:\/\/bulkgenetics.com\/wp-content\/uploads\/2023\/04\/Do-Si-Dos-Auto-150x150.jpg",150,150,true],"medium":["https:\/\/bulkgenetics.com\/wp-content\/uploads\/2023\/04\/Do-Si-Dos-Auto-300x300.jpg",300,300,true],"medium_large":["https:\/\/bulkgenetics.com\/wp-content\/uploads\/2023\/04\/Do-Si-Dos-Auto-768x768.jpg",768,768,true],"large":["https:\/\/bulkgenetics.com\/wp-content\/uploads\/2023\/04\/Do-Si-Dos-Auto-1024x1024.jpg",1024,1024,true],"1536x1536":["https:\/\/bulkgenetics.com\/wp-content\/uploads\/2023\/04\/Do-Si-Dos-Auto-1536x1536.jpg",1536,1536,true],"2048x2048":["https:\/\/bulkgenetics.com\/wp-content\/uploads\/2023\/04\/Do-Si-Dos-Auto.jpg",1600,1600,false],"commercegurus-pdp-large":["https:\/\/bulkgenetics.com\/wp-content\/uploads\/2023\/04\/Do-Si-Dos-Auto-990x990.jpg",990,990,true],"commercegurus-plp-mobile":["https:\/\/bulkgenetics.com\/wp-content\/uploads\/2023\/04\/Do-Si-Dos-Auto-441x441.jpg",441,441,true],"cgkit_image_swatch":["https:\/\/bulkgenetics.com\/wp-content\/uploads\/2023\/04\/Do-Si-Dos-Auto-100x100.jpg",100,100,true],"woocommerce_thumbnail":["https:\/\/bulkgenetics.com\/wp-content\/uploads\/2023\/04\/Do-Si-Dos-Auto-300x300.jpg",300,300,true],"woocommerce_single":["https:\/\/bulkgenetics.com\/wp-content\/uploads\/2023\/04\/Do-Si-Dos-Auto-800x800.jpg",800,800,true],"woocommerce_gallery_thumbnail":["https:\/\/bulkgenetics.com\/wp-content\/uploads\/2023\/04\/Do-Si-Dos-Auto-150x150.jpg",150,150,true],"dgwt-wcas-product-suggestion":["https:\/\/bulkgenetics.com\/wp-content\/uploads\/2023\/04\/Do-Si-Dos-Auto-64x64.jpg",64,64,true]},"uagb_author_info":{"display_name":"\u00c1ngel Flores","author_link":"https:\/\/bulkgenetics.com\/fr\/author\/"},"uagb_comment_info":1,"uagb_excerpt":"Do Si Dos Auto est la version la plus rapide du grand classique am\u00e9ricain. C'est une autofloraison discr\u00e8te, facile \u00e0 cultiver et tr\u00e8s productive. Ses t\u00eates sont grandes, compactes et particuli\u00e8rement r\u00e9sineuses, avec un ar\u00f4me et une saveur qui vous rappelleront une tarte au citron sucr\u00e9e. Et vous serez surpris par ses effets qui vous\u2026","_links":{"self":[{"href":"https:\/\/bulkgenetics.com\/fr\/wp-json\/wp\/v2\/product\/17020","targetHints":{"allow":["GET"]}}],"collection":[{"href":"https:\/\/bulkgenetics.com\/fr\/wp-json\/wp\/v2\/product"}],"about":[{"href":"https:\/\/bulkgenetics.com\/fr\/wp-json\/wp\/v2\/types\/product"}],"replies":[{"embeddable":true,"href":"https:\/\/bulkgenetics.com\/fr\/wp-json\/wp\/v2\/comments?post=17020"}],"wp:featuredmedia":[{"embeddable":true,"href":"https:\/\/bulkgenetics.com\/fr\/wp-json\/wp\/v2\/media\/16978"}],"wp:attachment":[{"href":"https:\/\/bulkgenetics.com\/fr\/wp-json\/wp\/v2\/media?parent=17020"}],"wp:term":[{"taxonomy":"product_brand","embeddable":true,"href":"https:\/\/bulkgenetics.com\/fr\/wp-json\/wp\/v2\/product_brand?post=17020"},{"taxonomy":"product_cat","embeddable":true,"href":"https:\/\/bulkgenetics.com\/fr\/wp-json\/wp\/v2\/product_cat?post=17020"},{"taxonomy":"product_tag","embeddable":true,"href":"https:\/\/bulkgenetics.com\/fr\/wp-json\/wp\/v2\/product_tag?post=17020"}],"curies":[{"name":"wp","href":"https:\/\/api.w.org\/{rel}","templated":true}]}}