{"id":17491,"date":"2023-05-09T10:06:15","date_gmt":"2023-05-09T08:06:15","guid":{"rendered":"https:\/\/bulkgenetics.com\/?post_type=product&#038;p=17491"},"modified":"2024-10-08T01:08:53","modified_gmt":"2024-10-07T23:08:53","slug":"gelato-haze-mint-fast-version","status":"publish","type":"product","link":"https:\/\/bulkgenetics.com\/fr\/gelato-haze-mint-fast-version\/","title":{"rendered":"Gelato Haze Mint Fast Version"},"content":{"rendered":"\n<p>Voici <strong>Gelato Haze Mint Fast Version<\/strong>, l&#8217;un des derniers ajouts \u00e0 notre catalogue qui vous laissera sans voix. Il s&#8217;agit d&#8217;une vari\u00e9t\u00e9 de marijuana Indica\/Sativa \u00e0 floraison tr\u00e8s rapide, id\u00e9ale pour le cultivateur qui souhaite obtenir des r\u00e9coltes de la plus haute qualit\u00e9 en un temps record.<\/p>\n\n\n\n<p>Pour son d\u00e9veloppement, nous avons combin\u00e9 notre <a href=\"https:\/\/bulkgenetics.com\/fr\/gelato-33\/\" data-type=\"product\" data-id=\"10580\"><strong>Gelato 33<\/strong><\/a> avec une s\u00e9lection spectaculaire de <strong><a href=\"https:\/\/bulkgenetics.com\/fr\/super-silver-haze\/\">Super Silver Haze<\/a><\/strong>. Le r\u00e9sultat est une plante qui r\u00e9unit le meilleur de la vieille \u00e9cole et le nouveau lot d&#8217;hybrides am\u00e9ricains. <\/p>\n\n\n\n<h2 class=\"wp-block-heading\">Conseils de culture pour Gelato Haze Mint Fast Version<\/h2>\n\n\n\n<p>\u00c0 l&#8217;<strong>ext\u00e9rieur<\/strong> et dans un espace suffisant, il peut facilement atteindre une <strong>hauteur de 2,5 \u00e0 3 m\u00e8tres<\/strong>. Sa structure est typique de l&#8217;\u00e9pic\u00e9a, avec des entre-n\u0153uds moyens et de longues branches qui peuvent \u00e0 peine supporter le poids des bourgeons denses.<\/p>\n\n\n\n<p>Elle est tr\u00e8s facile \u00e0 cultiver et, comme elle peut \u00eatre r\u00e9colt\u00e9e tr\u00e8s rapidement, elle s&#8217;adapte \u00e0 tous les climats. En g\u00e9n\u00e9ral, les producteurs le couperont au cours de la <strong>deuxi\u00e8me moiti\u00e9 du mois de septembre<\/strong>, bien avant l&#8217;arriv\u00e9e des premi\u00e8res pluies d&#8217;automne.<\/p>\n\n\n\n<p>En culture d&#8217;<strong>int\u00e9rieur<\/strong>, la taille, le guidage des branches et toute technique de culture favorisant le d\u00e9veloppement horizontal. C&#8217;est la vari\u00e9t\u00e9 parfaite pour la culture SCROG et pour les SOG les plus spectaculaires avec de petites boutures lorsqu&#8217;une bonne m\u00e8re est s\u00e9lectionn\u00e9e.<\/p>\n\n\n\n<p>Du changement de photop\u00e9riode \u00e0 la floraison, <strong>la r\u00e9colte ne dure que 50 \u00e0 55 jours<\/strong>. \u00c0 ce stade, il faut tenir compte du parfum intense des fleurs. Vous devrez envisager l&#8217;installation d&#8217;un bon syst\u00e8me anti-odeur si vous avez des voisins \u00e0 proximit\u00e9.<\/p>\n\n\n\n<h2 class=\"wp-block-heading\">Caract\u00e9ristiques du Gelato Haze Mint Fast Version<\/h2>\n\n\n\n<p>Les rendements sont tr\u00e8s \u00e9lev\u00e9s, \u00e0 l&#8217;ext\u00e9rieur, les plantes les plus grosses atteignent facilement <strong>900 grammes<\/strong>. En int\u00e9rieur, avec une ampoule LED de 300 \u00e0 350 W, on peut obtenir jusqu&#8217;\u00e0 <strong>500 grammes par m\u00b2<\/strong> d&#8217;espace de culture.<\/p>\n\n\n\n<p>Les t\u00eates font sensation en raison de leur taille, de leur duret\u00e9 et de la grande quantit\u00e9 de cristaux de r\u00e9sine brillants qu&#8217;ils contiennent. Ils conviennent tr\u00e8s bien \u00e0 tous les types d&#8217;extractions en raison de leur rendement \u00e9lev\u00e9.<\/p>\n\n\n\n<h3 class=\"wp-block-heading\">Ar\u00f4me et go\u00fbt<\/h3>\n\n\n\n<p>La fusion des ar\u00f4mes et des saveurs de Gelato 33 et de Super Silver Haze est d\u00e9licieuse. D&#8217;une part, nous avons les notes fruit\u00e9es, d&#8217;agrumes, sucr\u00e9es et vanill\u00e9es de Gelato et, d&#8217;autre part, les notes \u00e9pic\u00e9es, herbac\u00e9es et <em>skunky<\/em> de SSH. Et comme si cela ne suffisait pas, il y a des notes de menthe fra\u00eeche de ses g\u00e8nes Thin Mint de Girl Scout Cookies.<\/p>\n\n\n\n<h3 class=\"wp-block-heading\">Effets<\/h3>\n\n\n\n<p>Les effets sont puissants et durables gr\u00e2ce \u00e0 des taux de THC sup\u00e9rieurs \u00e0 20 %. Apr\u00e8s quelques bouff\u00e9es, vous remarquerez que votre esprit s&#8217;\u00e9claircit progressivement et qu&#8217;une sensation de picotement parcourt votre corps pour finalement aboutir \u00e0 une relaxation b\u00e9ate. <\/p>\n\n\n\n<div style=\"height:50px\" aria-hidden=\"true\" class=\"wp-block-spacer uag-hide-mob\"><\/div>\n\n\n\n<div class=\"wp-block-columns is-layout-flex wp-container-core-columns-is-layout-28f84493 wp-block-columns-is-layout-flex\">\n<div class=\"wp-block-column is-layout-flow wp-block-column-is-layout-flow\">\n<p class=\"has-text-align-center has-medium-font-size\"><strong>Ce que nous aimons le plus<\/strong><\/p>\n\n\n\n<ul class=\"wp-block-list\">\n<li>Tr\u00e8s facile \u00e0 cultiver.<\/li>\n\n\n\n<li>Production \u00e9lev\u00e9e.<\/li>\n\n\n\n<li>Saveur fruit\u00e9e et Skunky<\/li>\n\n\n\n<li>Des effets tr\u00e8s puissants.<\/li>\n\n\n\n<li>Son prix.<\/li>\n<\/ul>\n<\/div>\n\n\n\n<div class=\"wp-block-column is-layout-flow wp-block-column-is-layout-flow\">\n<p class=\"has-text-align-center has-medium-font-size\"><strong>Ce que nous aimons le moins<\/strong><\/p>\n\n\n\n<ul class=\"wp-block-list\">\n<li>Odeur intense en floraison<\/li>\n<\/ul>\n<\/div>\n<\/div>\n\n\n\n<div style=\"height:50px\" aria-hidden=\"true\" class=\"wp-block-spacer uag-hide-mob\"><\/div>\n\n\n\n<h2 class=\"wp-block-heading\">Questions fr\u00e9quemment pos\u00e9es<\/h2>\n\n\n\n<p>Vous trouverez ci-dessous les r\u00e9ponses aux questions les plus fr\u00e9quemment pos\u00e9es par les cultivateurs int\u00e9ress\u00e9s par cette vari\u00e9t\u00e9 :<\/p>\n\n\n<div id=\"rank-math-faq\" class=\"rank-math-block\">\n<div class=\"rank-math-list \">\n<div id=\"faq-question-1663029074962\" class=\"rank-math-list-item\">\n<h3 class=\"rank-math-question \">Quand Gelato Haze Mint Fast Version commence-t-elle \u00e0 fleurir en ext\u00e9rieur ?<\/h3>\n<div class=\"rank-math-answer \">\n\n<p>Selon la latitude de la culture, la floraison commence entre la premi\u00e8re et la deuxi\u00e8me semaine d&#8217;ao\u00fbt. <\/p>\n\n<\/div>\n<\/div>\n<div id=\"faq-question-1663029159933\" class=\"rank-math-list-item\">\n<h3 class=\"rank-math-question \">Quand couper un Gelato Haze Mint Fast Version en pleine terre ?<\/h3>\n<div class=\"rank-math-answer \">\n\n<p>Il s&#8217;agit d&#8217;une vari\u00e9t\u00e9 \u00e0 floraison tr\u00e8s rapide qui est g\u00e9n\u00e9ralement r\u00e9colt\u00e9e au cours de la troisi\u00e8me ou quatri\u00e8me semaine de septembre.<\/p>\n\n<\/div>\n<\/div>\n<div id=\"faq-question-1663029165861\" class=\"rank-math-list-item\">\n<h3 class=\"rank-math-question \">Comment cultiver une Gelato Haze Mint Fast Version f\u00e9minis\u00e9e ?<\/h3>\n<div class=\"rank-math-answer \">\n\n<p>C&#8217;est une plante tr\u00e8s facile \u00e0 cultiver et tr\u00e8s reconnaissante. Nous vous conseillons d&#8217;utiliser des engrais organiques pour renforcer leur ar\u00f4me et leur saveur.<\/p>\n\n<\/div>\n<\/div>\n<div id=\"faq-question-1666780029954\" class=\"rank-math-list-item\">\n<h3 class=\"rank-math-question \">Quels sont les effets de Gelato Haze Mint Fast Version ?<\/h3>\n<div class=\"rank-math-answer \">\n\n<p>Les effets sont tr\u00e8s puissants en raison du taux de THC de plus de 20 %. Elle provoque une euphorie initiale tr\u00e8s intense et joyeuse, qui \u00e9volue progressivement vers des sensations plus calmes et plus relaxantes.<\/p>\n\n<\/div>\n<\/div>\n<\/div>\n<\/div>","protected":false},"excerpt":{"rendered":"<p>Gelato Haze Mint Fast Version est la vari\u00e9t\u00e9 de cannabis parfaite pour ceux qui recherchent une plante rapide, productive, puissante et savoureuse. Il s&#8217;agit d&#8217;un hybride Indica\/Sativa tr\u00e8s facile \u00e0 cultiver et r\u00e9sistant, crois\u00e9 entre Gelato 31 et Super Silver Haze. Elle produit de grosses t\u00eates, dures comme de la pierre et tr\u00e8s r\u00e9sineuses, avec des ar\u00f4mes fruit\u00e9s et <em>skunky<\/em> et des effets qui vous feront voyager dans un monde de bonheur.<\/p>\n","protected":false},"featured_media":17423,"comment_status":"open","ping_status":"closed","template":"","meta":{"_acf_changed":false,"inline_featured_image":false,"_uag_custom_page_level_css":""},"product_brand":[],"product_cat":[3567],"product_tag":[],"class_list":{"0":"post-17491","1":"product","2":"type-product","3":"status-publish","4":"has-post-thumbnail","6":"product_cat-graines-fast-version","8":"first","9":"outofstock","10":"taxable","11":"shipping-taxable","12":"purchasable","13":"product-type-simple"},"acf":[],"uagb_featured_image_src":{"full":["https:\/\/bulkgenetics.com\/wp-content\/uploads\/2023\/05\/Gelato-Haze-Mint-Fast-Version.jpg",1600,1600,false],"thumbnail":["https:\/\/bulkgenetics.com\/wp-content\/uploads\/2023\/05\/Gelato-Haze-Mint-Fast-Version-150x150.jpg",150,150,true],"medium":["https:\/\/bulkgenetics.com\/wp-content\/uploads\/2023\/05\/Gelato-Haze-Mint-Fast-Version-300x300.jpg",300,300,true],"medium_large":["https:\/\/bulkgenetics.com\/wp-content\/uploads\/2023\/05\/Gelato-Haze-Mint-Fast-Version-768x768.jpg",768,768,true],"large":["https:\/\/bulkgenetics.com\/wp-content\/uploads\/2023\/05\/Gelato-Haze-Mint-Fast-Version-1024x1024.jpg",1024,1024,true],"1536x1536":["https:\/\/bulkgenetics.com\/wp-content\/uploads\/2023\/05\/Gelato-Haze-Mint-Fast-Version-1536x1536.jpg",1536,1536,true],"2048x2048":["https:\/\/bulkgenetics.com\/wp-content\/uploads\/2023\/05\/Gelato-Haze-Mint-Fast-Version.jpg",1600,1600,false],"commercegurus-pdp-large":["https:\/\/bulkgenetics.com\/wp-content\/uploads\/2023\/05\/Gelato-Haze-Mint-Fast-Version-990x990.jpg",990,990,true],"commercegurus-plp-mobile":["https:\/\/bulkgenetics.com\/wp-content\/uploads\/2023\/05\/Gelato-Haze-Mint-Fast-Version-441x441.jpg",441,441,true],"cgkit_image_swatch":["https:\/\/bulkgenetics.com\/wp-content\/uploads\/2023\/05\/Gelato-Haze-Mint-Fast-Version-100x100.jpg",100,100,true],"woocommerce_thumbnail":["https:\/\/bulkgenetics.com\/wp-content\/uploads\/2023\/05\/Gelato-Haze-Mint-Fast-Version-300x300.jpg",300,300,true],"woocommerce_single":["https:\/\/bulkgenetics.com\/wp-content\/uploads\/2023\/05\/Gelato-Haze-Mint-Fast-Version-800x800.jpg",800,800,true],"woocommerce_gallery_thumbnail":["https:\/\/bulkgenetics.com\/wp-content\/uploads\/2023\/05\/Gelato-Haze-Mint-Fast-Version-150x150.jpg",150,150,true],"dgwt-wcas-product-suggestion":["https:\/\/bulkgenetics.com\/wp-content\/uploads\/2023\/05\/Gelato-Haze-Mint-Fast-Version-64x64.jpg",64,64,true]},"uagb_author_info":{"display_name":"\u00c1ngel Flores","author_link":"https:\/\/bulkgenetics.com\/fr\/author\/"},"uagb_comment_info":0,"uagb_excerpt":"Gelato Haze Mint Fast Version est la vari\u00e9t\u00e9 de cannabis parfaite pour ceux qui recherchent une plante rapide, productive, puissante et savoureuse. Il s'agit d'un hybride Indica\/Sativa tr\u00e8s facile \u00e0 cultiver et r\u00e9sistant, crois\u00e9 entre Gelato 31 et Super Silver Haze. Elle produit de grosses t\u00eates, dures comme de la pierre et tr\u00e8s r\u00e9sineuses, avec\u2026","_links":{"self":[{"href":"https:\/\/bulkgenetics.com\/fr\/wp-json\/wp\/v2\/product\/17491","targetHints":{"allow":["GET"]}}],"collection":[{"href":"https:\/\/bulkgenetics.com\/fr\/wp-json\/wp\/v2\/product"}],"about":[{"href":"https:\/\/bulkgenetics.com\/fr\/wp-json\/wp\/v2\/types\/product"}],"replies":[{"embeddable":true,"href":"https:\/\/bulkgenetics.com\/fr\/wp-json\/wp\/v2\/comments?post=17491"}],"wp:featuredmedia":[{"embeddable":true,"href":"https:\/\/bulkgenetics.com\/fr\/wp-json\/wp\/v2\/media\/17423"}],"wp:attachment":[{"href":"https:\/\/bulkgenetics.com\/fr\/wp-json\/wp\/v2\/media?parent=17491"}],"wp:term":[{"taxonomy":"product_brand","embeddable":true,"href":"https:\/\/bulkgenetics.com\/fr\/wp-json\/wp\/v2\/product_brand?post=17491"},{"taxonomy":"product_cat","embeddable":true,"href":"https:\/\/bulkgenetics.com\/fr\/wp-json\/wp\/v2\/product_cat?post=17491"},{"taxonomy":"product_tag","embeddable":true,"href":"https:\/\/bulkgenetics.com\/fr\/wp-json\/wp\/v2\/product_tag?post=17491"}],"curies":[{"name":"wp","href":"https:\/\/api.w.org\/{rel}","templated":true}]}}