{"id":17509,"date":"2023-05-09T08:57:58","date_gmt":"2023-05-09T06:57:58","guid":{"rendered":"https:\/\/bulkgenetics.com\/?post_type=product&#038;p=17509"},"modified":"2024-10-08T01:08:53","modified_gmt":"2024-10-07T23:08:53","slug":"zkittlez-lemon-haze-auto","status":"publish","type":"product","link":"https:\/\/bulkgenetics.com\/fr\/zkittlez-lemon-haze-auto\/","title":{"rendered":"Zkittlez Lemon Haze Auto"},"content":{"rendered":"\n<p>Zkittlez Lemon Haze Auto est une vari\u00e9t\u00e9 de cannabis autofloraison qui combine deux des g\u00e9n\u00e9tiques les plus repr\u00e9sentatives d&#8217;Europe et des \u00c9tats-Unis. D&#8217;une part, nous avons la <a href=\"https:\/\/bulkgenetics.com\/fr\/super-lemon-haze\/\"><strong>Super Lemon Haze<\/strong><\/a> dans sa version auto, un croisement <strong>\u00e0 forte dominance Sativa<\/strong> entre la Super Silver Haze et la Lemon Skunk. D&#8217;autre part, le <strong><a href=\"https:\/\/bulkgenetics.com\/fr\/zkittlez\/\">Zkittlez<\/a><\/strong>, un hybride de raisin et de pamplemousse tr\u00e8s recherch\u00e9 ces derni\u00e8res ann\u00e9es.<\/p>\n\n\n\n<h2 class=\"wp-block-heading\">Comment cultiver Zkittlez Lemon Haze Auto<\/h2>\n\n\n\n<p>C&#8217;est une plante simple, \u00e0 croissance rapide et tr\u00e8s discr\u00e8te. Sa hauteur <strong>ne d\u00e9passe g\u00e9n\u00e9ralement pas 130 cm<\/strong>, ce qui est id\u00e9al pour la culture sur les balcons, les terrasses ou les petits jardins o\u00f9 elle n&#8217;attirera pas l&#8217;attention des badauds.<\/p>\n\n\n\n<p>Si vous voulez obtenir les plantes les plus grandes et les plus productives, vous devez opter pour un grand pot d\u00e8s le d\u00e9part. De cette mani\u00e8re, les plantes se d\u00e9velopperont sans le blocage qui se produit parfois apr\u00e8s la transplantation et atteindront leur pleine taille.<\/p>\n\n\n\n<p>Sa structure est \u00e9l\u00e9gante, avec la forme typique d&#8217;un arbre de No\u00ebl. Il poss\u00e8de une grande branche apicale et des branches satellites tr\u00e8s productives qui se remplissent de grosses t\u00eates.<\/p>\n\n\n\n<p>Son cycle est si court qu&#8217;il est possible de cultiver jusqu&#8217;\u00e0 trois r\u00e9coltes en plein air pendant les mois de printemps et d&#8217;\u00e9t\u00e9. Au total, l<strong>a r\u00e9colte se fait en 65-70 jours<\/strong> \u00e0 partir de la germination de la graine.<\/p>\n\n\n\n<h2 class=\"wp-block-heading\">Caract\u00e9ristiques de Zkittlez Lemon Haze Auto<\/h2>\n\n\n\n<p>Si vous \u00eates un amateur d&#8217;extraits, vous appr\u00e9cierez les bourgeons que ces graines en vrac vous offriront. Outre leur taille, ils sont extr\u00eamement durs, m\u00e9ga collants et tr\u00e8s, tr\u00e8s faciles \u00e0 manucurer.<\/p>\n\n\n\n<p>Les plantes qui poussent plus haut \u00e0 l&#8217;ext\u00e9rieur offrent des rendements incroyables allant jusqu&#8217;\u00e0 <strong>130 grammes par plante<\/strong>. En int\u00e9rieur, avec une LED de 300-350W et une densit\u00e9 de 9 plantes par m\u00b2, on peut r\u00e9colter jusqu&#8217;\u00e0 <strong>500 grammes<\/strong>.<\/p>\n\n\n\n<p>L&#8217;<strong>ar\u00f4me et le go\u00fbt<\/strong> sont d\u00e9licieux. Les notes de citron et de citron vert de sa m\u00e8re Super Lemon Haze se marient parfaitement avec les notes de raisin, de baies et de pamplemousse de la Zkittlez.<\/p>\n\n\n\n<p>Les <strong>effets<\/strong> sont puissants et \u00e9quilibr\u00e9s. Apr\u00e8s un d\u00e9but euphorique, h\u00e9rit\u00e9 de ses g\u00e8nes Sativa, viendra une relaxation intense, heureuse et tr\u00e8s durable. C&#8217;est une g\u00e9n\u00e9tique tr\u00e8s appropri\u00e9e \u00e0 d\u00e9guster en fin de journ\u00e9e.<\/p>\n\n\n\n<div style=\"height:50px\" aria-hidden=\"true\" class=\"wp-block-spacer uag-hide-mob\"><\/div>\n\n\n\n<div class=\"wp-block-columns is-layout-flex wp-container-core-columns-is-layout-28f84493 wp-block-columns-is-layout-flex\">\n<div class=\"wp-block-column is-layout-flow wp-block-column-is-layout-flow\">\n<p class=\"has-text-align-center has-medium-font-size\"><strong>Ce que nous aimons le plus<\/strong><\/p>\n\n\n\n<ul class=\"wp-block-list\">\n<li>Tr\u00e8s facile \u00e0 cultiver.<\/li>\n\n\n\n<li>Haute production.<\/li>\n\n\n\n<li>R\u00e9colte en seulement 65-70 jours.<\/li>\n\n\n\n<li>Des effets tr\u00e8s puissants et \u00e9quilibr\u00e9s.<\/li>\n\n\n\n<li>Son prix.<\/li>\n<\/ul>\n<\/div>\n\n\n\n<div class=\"wp-block-column is-layout-flow wp-block-column-is-layout-flow\">\n<p class=\"has-text-align-center has-medium-font-size\"><strong>Ce que nous aimons le moins<\/strong><\/p>\n\n\n\n<ul class=\"wp-block-list\">\n<li>Elle est parfum\u00e9e quand elle fleurit.<\/li>\n<\/ul>\n<\/div>\n<\/div>\n\n\n\n<div style=\"height:50px\" aria-hidden=\"true\" class=\"wp-block-spacer uag-hide-mob\"><\/div>\n\n\n\n<h2 class=\"wp-block-heading\">Questions fr\u00e9quemment pos\u00e9es<\/h2>\n\n\n\n<p>Tu trouveras ci-dessous les r\u00e9ponses aux questions les plus fr\u00e9quemment pos\u00e9es par les cultivateurs int\u00e9ress\u00e9s par ces g\u00e9n\u00e9tiques :<\/p>\n\n\n<div id=\"rank-math-faq\" class=\"rank-math-block\">\n<div class=\"rank-math-list \">\n<div id=\"faq-question-1663029074962\" class=\"rank-math-list-item\">\n<h3 class=\"rank-math-question \">Quand Zkittlez Lemon Haze Auto commence-t-il \u00e0 fleurir ?<\/h3>\n<div class=\"rank-math-answer \">\n\n<p>Le comportement des vari\u00e9t\u00e9s \u00e0 autofloraison est toujours tr\u00e8s similaire. Elles poussent pendant environ 3 \u00e0 4 semaines, puis commencent \u00e0 fleurir ind\u00e9pendamment de la quantit\u00e9 d&#8217;heures de lumi\u00e8re du jour qu&#8217;elles re\u00e7oivent.<\/p>\n\n<\/div>\n<\/div>\n<div id=\"faq-question-1663029159933\" class=\"rank-math-list-item\">\n<h3 class=\"rank-math-question \">Combien de temps faut-il pour r\u00e9colter un Zkittlez Lemon Haze Auto \u00e0 partir de la germination ?<\/h3>\n<div class=\"rank-math-answer \">\n\n<p>Depuis la germination de la graine, Zkittlez Lemon Haze Auto est r\u00e9colt\u00e9e en 65-70 jours au total. Elle est si rapide qu&#8217;\u00e0 l&#8217;ext\u00e9rieur, il est possible de faire jusqu&#8217;\u00e0 trois r\u00e9coltes par saison.<\/p>\n\n<\/div>\n<\/div>\n<div id=\"faq-question-1663029165861\" class=\"rank-math-list-item\">\n<h3 class=\"rank-math-question \">Comment cultiver une Zkittlez Lemon Haze Auto f\u00e9minis\u00e9e ?<\/h3>\n<div class=\"rank-math-answer \">\n\n<p>Nous recommandons d&#8217;utiliser une grande casserole d\u00e8s le premier jour. De cette mani\u00e8re, les plantes se d\u00e9velopperont sans l&#8217;arr\u00eat typique qui se produit apr\u00e8s la transplantation et atteindront la hauteur maximale possible.<\/p>\n\n<\/div>\n<\/div>\n<div id=\"faq-question-1666780029954\" class=\"rank-math-list-item\">\n<h3 class=\"rank-math-question \">Quels sont les effets de Zkittlez Lemon Haze Auto en vrac ?<\/h3>\n<div class=\"rank-math-answer \">\n\n<p>Les effets sont puissants et \u00e9quilibr\u00e9s. Elle produit une forte sensation d&#8217;euphorie qui c\u00e8de rapidement la place \u00e0 une relaxation b\u00e9ate et extr\u00eame. C&#8217;est la vari\u00e9t\u00e9 parfaite \u00e0 d\u00e9guster en fin de journ\u00e9e.<\/p>\n\n<\/div>\n<\/div>\n<\/div>\n<\/div>","protected":false},"excerpt":{"rendered":"<p>Zkittlez Lemon Haze Auto est une vari\u00e9t\u00e9 de cannabis qui a tout ce que vous recherchez. Elle est rapide, discr\u00e8te, tr\u00e8s facile \u00e0 cultiver et productive. Ses t\u00eates, en plus d&#8217;\u00eatre gros, sont durs comme de la pierre et super collants. Sa d\u00e9licieuse saveur fruit\u00e9e vous \u00e9patera, tandis que ses effets extr\u00eamement puissants vous emm\u00e8neront dans un voyage que vous mettrez longtemps \u00e0 oublier.<\/p>\n","protected":false},"featured_media":30561,"comment_status":"open","ping_status":"closed","template":"","meta":{"_acf_changed":false,"inline_featured_image":false,"_uag_custom_page_level_css":""},"product_brand":[],"product_cat":[2265],"product_tag":[],"class_list":{"0":"post-17509","1":"product","2":"type-product","3":"status-publish","4":"has-post-thumbnail","6":"product_cat-graines-autofloraison-en-gros","8":"first","9":"instock","10":"taxable","11":"shipping-taxable","12":"purchasable","13":"product-type-simple"},"acf":[],"uagb_featured_image_src":{"full":["https:\/\/bulkgenetics.com\/wp-content\/uploads\/2023\/05\/zkittlez-lemon-haze-auto-autoflowering-cannabis-seeds.jpg",1600,1600,false],"thumbnail":["https:\/\/bulkgenetics.com\/wp-content\/uploads\/2023\/05\/zkittlez-lemon-haze-auto-autoflowering-cannabis-seeds-150x150.jpg",150,150,true],"medium":["https:\/\/bulkgenetics.com\/wp-content\/uploads\/2023\/05\/zkittlez-lemon-haze-auto-autoflowering-cannabis-seeds-300x300.jpg",300,300,true],"medium_large":["https:\/\/bulkgenetics.com\/wp-content\/uploads\/2023\/05\/zkittlez-lemon-haze-auto-autoflowering-cannabis-seeds-768x768.jpg",768,768,true],"large":["https:\/\/bulkgenetics.com\/wp-content\/uploads\/2023\/05\/zkittlez-lemon-haze-auto-autoflowering-cannabis-seeds-1024x1024.jpg",1024,1024,true],"1536x1536":["https:\/\/bulkgenetics.com\/wp-content\/uploads\/2023\/05\/zkittlez-lemon-haze-auto-autoflowering-cannabis-seeds-1536x1536.jpg",1536,1536,true],"2048x2048":["https:\/\/bulkgenetics.com\/wp-content\/uploads\/2023\/05\/zkittlez-lemon-haze-auto-autoflowering-cannabis-seeds.jpg",1600,1600,false],"commercegurus-pdp-large":["https:\/\/bulkgenetics.com\/wp-content\/uploads\/2023\/05\/zkittlez-lemon-haze-auto-autoflowering-cannabis-seeds-990x990.jpg",990,990,true],"commercegurus-plp-mobile":["https:\/\/bulkgenetics.com\/wp-content\/uploads\/2023\/05\/zkittlez-lemon-haze-auto-autoflowering-cannabis-seeds-441x441.jpg",441,441,true],"cgkit_image_swatch":["https:\/\/bulkgenetics.com\/wp-content\/uploads\/2023\/05\/zkittlez-lemon-haze-auto-autoflowering-cannabis-seeds-100x100.jpg",100,100,true],"woocommerce_thumbnail":["https:\/\/bulkgenetics.com\/wp-content\/uploads\/2023\/05\/zkittlez-lemon-haze-auto-autoflowering-cannabis-seeds-300x300.jpg",300,300,true],"woocommerce_single":["https:\/\/bulkgenetics.com\/wp-content\/uploads\/2023\/05\/zkittlez-lemon-haze-auto-autoflowering-cannabis-seeds-800x800.jpg",800,800,true],"woocommerce_gallery_thumbnail":["https:\/\/bulkgenetics.com\/wp-content\/uploads\/2023\/05\/zkittlez-lemon-haze-auto-autoflowering-cannabis-seeds-150x150.jpg",150,150,true],"dgwt-wcas-product-suggestion":["https:\/\/bulkgenetics.com\/wp-content\/uploads\/2023\/05\/zkittlez-lemon-haze-auto-autoflowering-cannabis-seeds-64x64.jpg",64,64,true]},"uagb_author_info":{"display_name":"\u00c1ngel Flores","author_link":"https:\/\/bulkgenetics.com\/fr\/author\/"},"uagb_comment_info":0,"uagb_excerpt":"Zkittlez Lemon Haze Auto est une vari\u00e9t\u00e9 de cannabis qui a tout ce que vous recherchez. Elle est rapide, discr\u00e8te, tr\u00e8s facile \u00e0 cultiver et productive. Ses t\u00eates, en plus d'\u00eatre gros, sont durs comme de la pierre et super collants. Sa d\u00e9licieuse saveur fruit\u00e9e vous \u00e9patera, tandis que ses effets extr\u00eamement puissants vous emm\u00e8neront\u2026","_links":{"self":[{"href":"https:\/\/bulkgenetics.com\/fr\/wp-json\/wp\/v2\/product\/17509","targetHints":{"allow":["GET"]}}],"collection":[{"href":"https:\/\/bulkgenetics.com\/fr\/wp-json\/wp\/v2\/product"}],"about":[{"href":"https:\/\/bulkgenetics.com\/fr\/wp-json\/wp\/v2\/types\/product"}],"replies":[{"embeddable":true,"href":"https:\/\/bulkgenetics.com\/fr\/wp-json\/wp\/v2\/comments?post=17509"}],"wp:featuredmedia":[{"embeddable":true,"href":"https:\/\/bulkgenetics.com\/fr\/wp-json\/wp\/v2\/media\/30561"}],"wp:attachment":[{"href":"https:\/\/bulkgenetics.com\/fr\/wp-json\/wp\/v2\/media?parent=17509"}],"wp:term":[{"taxonomy":"product_brand","embeddable":true,"href":"https:\/\/bulkgenetics.com\/fr\/wp-json\/wp\/v2\/product_brand?post=17509"},{"taxonomy":"product_cat","embeddable":true,"href":"https:\/\/bulkgenetics.com\/fr\/wp-json\/wp\/v2\/product_cat?post=17509"},{"taxonomy":"product_tag","embeddable":true,"href":"https:\/\/bulkgenetics.com\/fr\/wp-json\/wp\/v2\/product_tag?post=17509"}],"curies":[{"name":"wp","href":"https:\/\/api.w.org\/{rel}","templated":true}]}}