{"id":17794,"date":"2023-05-22T10:22:07","date_gmt":"2023-05-22T08:22:07","guid":{"rendered":"https:\/\/bulkgenetics.com\/?post_type=product&#038;p=17794"},"modified":"2024-10-08T01:08:53","modified_gmt":"2024-10-07T23:08:53","slug":"purple-haze-auto","status":"publish","type":"product","link":"https:\/\/bulkgenetics.com\/fr\/purple-haze-auto\/","title":{"rendered":"Purple Haze Auto"},"content":{"rendered":"\n<p><strong>Purple Haze Auto<\/strong> est la version \u00e0 autofloraison de notre <a href=\"https:\/\/bulkgenetics.com\/fr\/purple-haze\/\"><strong>Purple Haze<\/strong><\/a>, un hybride \u00e0 dominance Sativa que nous avons d\u00e9velopp\u00e9 \u00e0 partir d&#8217;une authentique Purple Haze, une vari\u00e9t\u00e9 n\u00e9e aux Etats-Unis \u00e0 la fin des ann\u00e9es 1960 et popularis\u00e9e en grande partie par le th\u00e8me de Jimi Hendrix. <\/p>\n\n\n\n<p>Afin de pr\u00e9server tout le charme de ce qui est consid\u00e9r\u00e9 de loin comme la meilleure Sativa, nous l&#8217;avons d&#8217;abord combin\u00e9e avec une g\u00e9n\u00e9tique Indica qui conserve ses principales caract\u00e9ristiques mais la rend plus facile \u00e0 cultiver et raccourcit le temps de floraison. Cet hybride a \u00e9t\u00e9 crois\u00e9 sur plusieurs g\u00e9n\u00e9rations avec une lign\u00e9e de Ruderalis pour fixer le g\u00e8ne d&#8217;autofloraison.<\/p>\n\n\n\n<p>Purple Haze Auto est une vari\u00e9t\u00e9 tr\u00e8s populaire utilis\u00e9e pour le d\u00e9veloppement de nouveaux hybrides par des banques telles que Dinafem ou Original Sensible. Sur des sites tels que Leafly, Seedfinder ou Grow Diaries, tout le monde peut consulter les excellentes critiques et voir les r\u00e9actions des cultivateurs du monde entier. <\/p>\n\n\n\n<h2 class=\"wp-block-heading\">Conseils pour la culture de Purple Haze Auto<\/h2>\n\n\n\n<p>Comme toute autre vari\u00e9t\u00e9 \u00e0 autofloraison, Purple Haze Auto appr\u00e9cie d&#8217;\u00eatre cultiv\u00e9e dans un bon substrat et un grand pot d\u00e8s le premier jour. La raison d&#8217;\u00e9viter la transplantation est de donner aux racines suffisamment d&#8217;espace pour se d\u00e9velopper sans la rupture qui se produit parfois apr\u00e8s un changement de pot.<\/p>\n\n\n\n<p>Dans de bonnes conditions, il atteindra sans probl\u00e8me une <strong>hauteur de 100-120 cm<\/strong>. Elle est tr\u00e8s discr\u00e8te et id\u00e9ale pour les terrasses, les balcons ou les petits jardins, o\u00f9 elle n&#8217;attirera pas l&#8217;attention. Sa structure est typique d&#8217;un arbre de No\u00ebl, tr\u00e8s \u00e9l\u00e9gant.<\/p>\n\n\n\n<p>Son cycle est tr\u00e8s rapide et il suffit de <strong>70 jours \u00e0 partir de la germination<\/strong> pour obtenir une r\u00e9colte. En ext\u00e9rieur, il est possible de faire jusqu&#8217;\u00e0 trois r\u00e9coltes au cours du printemps, de l&#8217;\u00e9t\u00e9 et du d\u00e9but de l&#8217;automne.<\/p>\n\n\n\n<h2 class=\"wp-block-heading\">Caract\u00e9ristiques de Purple Haze Auto<\/h2>\n\n\n\n<p>Lorsqu&#8217;il s&#8217;agit de r\u00e9coltes abondantes, Purple Haze Auto ne d\u00e9\u00e7oit pas. En ext\u00e9rieur, elle peut atteindre des rendements impressionnants allant jusqu&#8217;\u00e0 <strong>120 grammes par plante<\/strong> pour les plus grands sp\u00e9cimens. En int\u00e9rieur, avec un panneau LED de 300 \u00e0 350 W, tout cultivateur exp\u00e9riment\u00e9 peut esp\u00e9rer obtenir jusqu&#8217;\u00e0 <strong>550 grammes par m\u00e8tre carr\u00e9<\/strong>.<\/p>\n\n\n\n<p>Les t\u00eates sont un v\u00e9ritable spectacle. Elles sont grosses, compactes et tendent \u00e0 acqu\u00e9rir une couleur pourpre intense vers la fin de la floraison. En outre, elles sont \u00e9galement charg\u00e9es en r\u00e9sine, ce qui les rend id\u00e9ales pour les amateurs d&#8217;extractions.<\/p>\n\n\n\n<h3 class=\"wp-block-heading\">Ar\u00f4mes et Saveur<\/h3>\n\n\n\n<p>Purple Haze Auto fera vibrer vos papilles gustatives avec des notes agr\u00e9ablement <strong>sucr\u00e9es, d&#8217;agrumes et d&#8217;\u00e9pices h\u00e9rit\u00e9es<\/strong> de sa m\u00e8re Purple Haze, tandis que son ascendance Indica apporte des nuances \u00e9pic\u00e9es qui ajoutent de la complexit\u00e9 \u00e0 la saveur.<\/p>\n\n\n\n<h3 class=\"wp-block-heading\">Effets<\/h3>\n\n\n\n<p>Pr\u00e9parez-vous \u00e0 un voyage fascinant. Ses effets sont <strong>puissants et stimulants<\/strong>. Vous serez envahi par des sentiments \u00e9nergiques et heureux, vous donnant un coup de fouet \u00e0 tout moment de la journ\u00e9e. Elle a une fin de relaxation douce et r\u00e9confortante, sans provoquer de blocages.<\/p>\n\n\n\n<div style=\"height:50px\" aria-hidden=\"true\" class=\"wp-block-spacer uag-hide-mob\"><\/div>\n\n\n\n<div class=\"wp-block-columns is-layout-flex wp-container-core-columns-is-layout-28f84493 wp-block-columns-is-layout-flex\">\n<div class=\"wp-block-column is-layout-flow wp-block-column-is-layout-flow\">\n<p class=\"has-text-align-center has-medium-font-size\"><strong>Ce qui nous pla\u00eet le plus<\/strong><\/p>\n\n\n\n<ul class=\"wp-block-list\">\n<li>Tr\u00e8s facile \u00e0 cultiver<\/li>\n\n\n\n<li>100% Purple Haze.<\/li>\n\n\n\n<li>Se cosecha en s\u00f3lo 70 d\u00edas.<\/li>\n\n\n\n<li>Id\u00e9al \u00e0 tout moment de la journ\u00e9e.<\/li>\n\n\n\n<li>Son prix.<\/li>\n<\/ul>\n<\/div>\n\n\n\n<div class=\"wp-block-column is-layout-flow wp-block-column-is-layout-flow\">\n<p class=\"has-text-align-center has-medium-font-size\"><strong>Ce que nous aimons le moins<\/strong><\/p>\n\n\n\n<ul class=\"wp-block-list\">\n<li>Elle est parfum\u00e9e quand elle fleurit.<\/li>\n<\/ul>\n<\/div>\n<\/div>\n\n\n\n<div style=\"height:50px\" aria-hidden=\"true\" class=\"wp-block-spacer uag-hide-mob\"><\/div>\n\n\n\n<h2 class=\"wp-block-heading\">Questions fr\u00e9quemment pos\u00e9es<\/h2>\n\n\n\n<p>Vous trouverez ci-dessous les r\u00e9ponses aux questions les plus fr\u00e9quemment pos\u00e9es par les cultivateurs int\u00e9ress\u00e9s par ces g\u00e9n\u00e9tiques :<\/p>\n\n\n<div id=\"rank-math-faq\" class=\"rank-math-block\">\n<div class=\"rank-math-list \">\n<div id=\"faq-question-1663029074962\" class=\"rank-math-list-item\">\n<h3 class=\"rank-math-question \">Quand Purple Haze Auto commence-t-elle \u00e0 fleurir ?<\/h3>\n<div class=\"rank-math-answer \">\n\n<p>Lorsque vous cultivez la Purple Haze Auto, vous pouvez vous attendre \u00e0 ce qu&#8217;elle commence \u00e0 fleurir environ 3 \u00e0 4 semaines apr\u00e8s la germination. C&#8217;est au cours de cette p\u00e9riode que la plante est en phase v\u00e9g\u00e9tative, d\u00e9veloppant vigoureusement ses feuilles et ses branches en vue de la floraison.<\/p>\n\n<\/div>\n<\/div>\n<div id=\"faq-question-1663029159933\" class=\"rank-math-list-item\">\n<h3 class=\"rank-math-question \">Combien de temps faut-il pour r\u00e9colter Purple Haze Auto \u00e0 partir de la germination ?<\/h3>\n<div class=\"rank-math-answer \">\n\n<p>Au total, la Purple Haze Auto se r\u00e9colte en 70 jours environ, en comptant les 3-4 semaines de croissance et les 6-7 semaines de floraison. Certains ph\u00e9notypes \u00e0 dominante sativa peuvent atteindre 11 \u00e0 12 semaines au total.<\/p>\n\n<\/div>\n<\/div>\n<div id=\"faq-question-1663029165861\" class=\"rank-math-list-item\">\n<h3 class=\"rank-math-question \">Comment cultiver une Purple Haze Auto f\u00e9minis\u00e9e ?<\/h3>\n<div class=\"rank-math-answer \">\n\n<p>Purple Haze Auto est une vari\u00e9t\u00e9 tr\u00e8s facile \u00e0 cultiver en ext\u00e9rieur et en int\u00e9rieur. Il est conseill\u00e9 d&#8217;utiliser un pot d&#8217;au moins 20 litres d\u00e8s le premier jour pour \u00e9viter le repiquage.<\/p>\n\n<\/div>\n<\/div>\n<div id=\"faq-question-1666780029954\" class=\"rank-math-list-item\">\n<h3 class=\"rank-math-question \">Quels sont les effets de Purple Haze Auto en vrac ?<\/h3>\n<div class=\"rank-math-answer \">\n\n<p>Les effets de Purple Haze Auto sont puissants et stimulants. Vous serez envahi par des sentiments \u00e9nergiques et heureux, vous donnant un coup de fouet \u00e0 tout moment de la journ\u00e9e. Elle a une fin de relaxation douce et r\u00e9confortante, sans provoquer de blocages.<\/p>\n\n<\/div>\n<\/div>\n<\/div>\n<\/div>","protected":false},"excerpt":{"rendered":"<p>D\u00e9couvrez la magie de Purple Haze Auto, la version la plus rapide et la moins ch\u00e8re de la vari\u00e9t\u00e9 l\u00e9gendaire qui a conquis le c\u0153ur des amateurs de cannabis dans les ann\u00e9es 60. C&#8217;est une plante discr\u00e8te et tr\u00e8s facile \u00e0 cultiver qui vous fera tomber amoureux de ses bourgeons allong\u00e9s et larges, avec de belles couleurs pourpre\/pourpre. Les effets sont puissants et le high instantan\u00e9 vous maintient dans un \u00e9tat euphorique pendant des heures.<\/p>\n","protected":false},"featured_media":17833,"comment_status":"open","ping_status":"closed","template":"","meta":{"_acf_changed":false,"inline_featured_image":false,"_uag_custom_page_level_css":""},"product_brand":[],"product_cat":[2265],"product_tag":[],"class_list":{"0":"post-17794","1":"product","2":"type-product","3":"status-publish","4":"has-post-thumbnail","6":"product_cat-graines-autofloraison-en-gros","8":"first","9":"instock","10":"taxable","11":"shipping-taxable","12":"purchasable","13":"product-type-simple"},"acf":[],"uagb_featured_image_src":{"full":["https:\/\/bulkgenetics.com\/wp-content\/uploads\/2023\/05\/Purple-Haze-Auto-1.jpg",1600,1600,false],"thumbnail":["https:\/\/bulkgenetics.com\/wp-content\/uploads\/2023\/05\/Purple-Haze-Auto-1-150x150.jpg",150,150,true],"medium":["https:\/\/bulkgenetics.com\/wp-content\/uploads\/2023\/05\/Purple-Haze-Auto-1-300x300.jpg",300,300,true],"medium_large":["https:\/\/bulkgenetics.com\/wp-content\/uploads\/2023\/05\/Purple-Haze-Auto-1-768x768.jpg",768,768,true],"large":["https:\/\/bulkgenetics.com\/wp-content\/uploads\/2023\/05\/Purple-Haze-Auto-1-1024x1024.jpg",1024,1024,true],"1536x1536":["https:\/\/bulkgenetics.com\/wp-content\/uploads\/2023\/05\/Purple-Haze-Auto-1-1536x1536.jpg",1536,1536,true],"2048x2048":["https:\/\/bulkgenetics.com\/wp-content\/uploads\/2023\/05\/Purple-Haze-Auto-1.jpg",1600,1600,false],"commercegurus-pdp-large":["https:\/\/bulkgenetics.com\/wp-content\/uploads\/2023\/05\/Purple-Haze-Auto-1-990x990.jpg",990,990,true],"commercegurus-plp-mobile":["https:\/\/bulkgenetics.com\/wp-content\/uploads\/2023\/05\/Purple-Haze-Auto-1-441x441.jpg",441,441,true],"cgkit_image_swatch":["https:\/\/bulkgenetics.com\/wp-content\/uploads\/2023\/05\/Purple-Haze-Auto-1-100x100.jpg",100,100,true],"woocommerce_thumbnail":["https:\/\/bulkgenetics.com\/wp-content\/uploads\/2023\/05\/Purple-Haze-Auto-1-300x300.jpg",300,300,true],"woocommerce_single":["https:\/\/bulkgenetics.com\/wp-content\/uploads\/2023\/05\/Purple-Haze-Auto-1-800x800.jpg",800,800,true],"woocommerce_gallery_thumbnail":["https:\/\/bulkgenetics.com\/wp-content\/uploads\/2023\/05\/Purple-Haze-Auto-1-150x150.jpg",150,150,true],"dgwt-wcas-product-suggestion":["https:\/\/bulkgenetics.com\/wp-content\/uploads\/2023\/05\/Purple-Haze-Auto-1-64x64.jpg",64,64,true]},"uagb_author_info":{"display_name":"\u00c1ngel Flores","author_link":"https:\/\/bulkgenetics.com\/fr\/author\/"},"uagb_comment_info":0,"uagb_excerpt":"D\u00e9couvrez la magie de Purple Haze Auto, la version la plus rapide et la moins ch\u00e8re de la vari\u00e9t\u00e9 l\u00e9gendaire qui a conquis le c\u0153ur des amateurs de cannabis dans les ann\u00e9es 60. C'est une plante discr\u00e8te et tr\u00e8s facile \u00e0 cultiver qui vous fera tomber amoureux de ses bourgeons allong\u00e9s et larges, avec de\u2026","_links":{"self":[{"href":"https:\/\/bulkgenetics.com\/fr\/wp-json\/wp\/v2\/product\/17794","targetHints":{"allow":["GET"]}}],"collection":[{"href":"https:\/\/bulkgenetics.com\/fr\/wp-json\/wp\/v2\/product"}],"about":[{"href":"https:\/\/bulkgenetics.com\/fr\/wp-json\/wp\/v2\/types\/product"}],"replies":[{"embeddable":true,"href":"https:\/\/bulkgenetics.com\/fr\/wp-json\/wp\/v2\/comments?post=17794"}],"wp:featuredmedia":[{"embeddable":true,"href":"https:\/\/bulkgenetics.com\/fr\/wp-json\/wp\/v2\/media\/17833"}],"wp:attachment":[{"href":"https:\/\/bulkgenetics.com\/fr\/wp-json\/wp\/v2\/media?parent=17794"}],"wp:term":[{"taxonomy":"product_brand","embeddable":true,"href":"https:\/\/bulkgenetics.com\/fr\/wp-json\/wp\/v2\/product_brand?post=17794"},{"taxonomy":"product_cat","embeddable":true,"href":"https:\/\/bulkgenetics.com\/fr\/wp-json\/wp\/v2\/product_cat?post=17794"},{"taxonomy":"product_tag","embeddable":true,"href":"https:\/\/bulkgenetics.com\/fr\/wp-json\/wp\/v2\/product_tag?post=17794"}],"curies":[{"name":"wp","href":"https:\/\/api.w.org\/{rel}","templated":true}]}}