{"id":17817,"date":"2023-05-22T12:42:52","date_gmt":"2023-05-22T10:42:52","guid":{"rendered":"https:\/\/bulkgenetics.com\/?post_type=product&#038;p=17817"},"modified":"2024-10-08T01:08:53","modified_gmt":"2024-10-07T23:08:53","slug":"matanuska","status":"publish","type":"product","link":"https:\/\/bulkgenetics.com\/fr\/matanuska\/","title":{"rendered":"Matanuska"},"content":{"rendered":"\n<p>Matanuska est une vari\u00e9t\u00e9 l\u00e9gendaire, connue pour son origine dans la fertile Vall\u00e9e de Matanuska en Alaska. Cette strain, \u00e9galement appel\u00e9e Matanuska Thunderfuck, a \u00e9t\u00e9 cr\u00e9\u00e9e dans les ann\u00e9es 70 en croisant une sativa du nord de la Californie avec une ruderalis russe, puis enrichie avec des g\u00e9n\u00e9tiques d\u2019une <a href=\"https:\/\/bulkgenetics.com\/fr\/afghan-kush-early-harvest\/\"><strong>indica afghane<\/strong><\/a>. <\/p>\n\n\n\n<p>La plante se distingue par ses grandes feuilles d&#8217;un vert profond, parfois teint\u00e9es de pourpre lorsqu&#8217;elles sont expos\u00e9es \u00e0 des temp\u00e9ratures plus froides. Ses t\u00eates sont grandes et denses, formant de longues colas compactes recouvertes d&#8217;une couche de trichomes r\u00e9sineux, leur donnant un \u00e9clat presque cristallin. De plus, les pistils orang\u00e9s qui ornent les fleurs contrastent magnifiquement avec le vert et le pourpre des feuilles, faisant de chaque plante un v\u00e9ritable spectacle.<\/p>\n\n\n\n<p>Matanuska est connue pour sa r\u00e9sistance naturelle aux climats froids, ce qui la rend id\u00e9ale pour les cultures dans des r\u00e9gions aux automnes frais. Cependant, elle prosp\u00e8re \u00e9galement dans les climats chauds et ensoleill\u00e9s, o\u00f9 elle peut montrer tout son potentiel. Cette plante atteint une hauteur moyenne de 2,5 m\u00e8tres, avec une structure tr\u00e8s ramifi\u00e9e et large. Il est conseill\u00e9 d&#8217;utiliser des supports pour \u00e9viter que les branches ne ploient sous le poids des t\u00eates en phase finale de floraison.<\/p>\n\n\n\n<h2 class=\"wp-block-heading\">Saveur et Effets<\/h2>\n\n\n\n<p>L&#8217;ar\u00f4me de Matanuska est une v\u00e9ritable explosion de sensations. En ouvrant un bocal de ses t\u00eates, tes sens seront envahis par un m\u00e9lange puissant de chocolat, menthe, pin et sauge. Ce profil aromatique complexe est enveloppant et transporte aux paysages vierges de l&#8217;Alaska.<\/p>\n\n\n\n<p>La saveur de Matanuska n&#8217;est pas en reste. Chaque bouff\u00e9e r\u00e9v\u00e8le un \u00e9quilibre parfait entre douceur et puissance, avec des nuances de chocolat et de menthe qui laissent un arri\u00e8re-go\u00fbt durable et agr\u00e9able sur le palais. Cet ensemble de saveurs rend la consommation de cette vari\u00e9t\u00e9 inoubliable pour tous les amateurs de cannabis.<\/p>\n\n\n\n<p>Matanuska n&#8217;est pas seulement un d\u00e9lice pour les sens, mais produit \u00e9galement un effet puissant et \u00e9nergisant. Avec une teneur en THC oscillant entre 15 % et 20 %, cette strain procure un high c\u00e9r\u00e9bral puissant et durable. Malgr\u00e9 sa dominance indica, elle n&#8217;est pas excessivement relaxante, ce qui en fait une option parfaite pour n&#8217;importe quel moment de la journ\u00e9e. Elle est id\u00e9ale pour les activit\u00e9s diurnes, favorisant la cr\u00e9ativit\u00e9 et la clart\u00e9 mentale.<\/p>\n\n\n\n<p>En plus de sa haute teneur en THC, Matanuska contient de faibles niveaux de CBD, g\u00e9n\u00e9ralement inf\u00e9rieurs \u00e0 1 %. Cela signifie que, bien que ses effets th\u00e9rapeutiques soient notables, son principal attrait r\u00e9side dans sa capacit\u00e9 \u00e0 fournir de l&#8217;\u00e9nergie et une humeur positive.<\/p>\n\n\n\n<h3 class=\"wp-block-heading\">Terp\u00e8nes de Matanuska<\/h3>\n\n\n\n<p>Les terp\u00e8nes pr\u00e9sents dans Matanuska sont responsables de son ar\u00f4me distinctif et de ses nombreux bienfaits. Parmi les plus pro\u00e9minents, on trouve :<\/p>\n\n\n\n<ul class=\"wp-block-list\">\n<li><strong>Myrc\u00e8ne :<\/strong> Avec un ar\u00f4me terreux et musqu\u00e9, le myrc\u00e8ne est l&#8217;un des terp\u00e8nes les plus courants dans le cannabis. Il est associ\u00e9 \u00e0 des effets s\u00e9datifs et relaxants, id\u00e9aux pour lutter contre l&#8217;insomnie et les spasmes musculaires.<\/li>\n\n\n\n<li><strong>Pin\u00e8ne :<\/strong> Ce terp\u00e8ne apporte un ar\u00f4me de pin frais et est connu pour ses propri\u00e9t\u00e9s anti-inflammatoires et sa capacit\u00e9 \u00e0 am\u00e9liorer la m\u00e9moire et la concentration.<\/li>\n\n\n\n<li><strong>Caryophyll\u00e8ne :<\/strong> Avec son ar\u00f4me de poivre et d&#8217;\u00e9pices, le caryophyll\u00e8ne poss\u00e8de des propri\u00e9t\u00e9s anti-inflammatoires et analg\u00e9siques. De plus, il interagit directement avec le syst\u00e8me endocannabino\u00efde, fournissant des effets th\u00e9rapeutiques suppl\u00e9mentaires.<\/li>\n\n\n\n<li><strong>Limon\u00e8ne :<\/strong> Ce terp\u00e8ne, avec son ar\u00f4me d&#8217;agrumes, est connu pour ses effets anxiolytiques et antid\u00e9presseurs. Il aide \u00e0 am\u00e9liorer l&#8217;humeur et \u00e0 r\u00e9duire le stress.<\/li>\n<\/ul>\n\n\n\n<p>La combinaison de ces terp\u00e8nes ne fait pas seulement ressortir les effets de Matanuska, mais am\u00e9liore \u00e9galement sa saveur et son ar\u00f4me, faisant de chaque session une exp\u00e9rience sensorielle compl\u00e8te et satisfaisante.<\/p>\n\n\n\n<h2 class=\"wp-block-heading\">Rendement et Temps de Floraison<\/h2>\n\n\n\n<p>La production de Matanuska est vraiment impressionnante, que ce soit en culture int\u00e9rieure ou ext\u00e9rieure. Cette strain se distingue par ses rendements \u00e9lev\u00e9s et sa capacit\u00e9 \u00e0 s&#8217;adapter \u00e0 diverses conditions de culture, rendant chaque effort bien rentable.<\/p>\n\n\n\n<p>En int\u00e9rieur, Matanuska est une plante qui s\u2019adapte \u00e0 n\u2019importe quelle technique de culture. Depuis le changement de photop\u00e9riode \u00e0 la floraison, son temps de floraison varie entre <strong>63 et 70 jours<\/strong>. Pendant cette p\u00e9riode, les odeurs deviennent assez intenses, il est donc recommand\u00e9 d\u2019utiliser un bon filtre \u00e0 charbon pour \u00e9viter les \u00e9ventuels probl\u00e8mes. Tout cultivateur, m\u00eame les d\u00e9butants, peut s&#8217;attendre \u00e0 d\u00e9passer les <strong>500 grammes<\/strong> par m\u00e8tre carr\u00e9 avec un \u00e9clairage LED de 300-350W.<\/p>\n\n\n\n<p>En ext\u00e9rieur, Matanuska montre tout son potentiel. Si elle est germ\u00e9e au d\u00e9but du printemps, cette strain peut atteindre une hauteur moyenne de 2,5 m\u00e8tres, tr\u00e8s ramifi\u00e9e et large. Elle se r\u00e9colte g\u00e9n\u00e9ralement entre <strong>fin septembre et d\u00e9but octobre<\/strong>, certains ph\u00e9notypes pouvant arriver \u00e0 maturit\u00e9 \u00e0 la mi-octobre. Dans des conditions optimales, les plantes peuvent produire entre <strong>800 et 1000 grammes<\/strong> par plante. Avec des temp\u00e9ratures douces, les feuilles et les fleurs tendent \u00e0 s&#8217;assombrir, montrant des tons tr\u00e8s attrayants.<\/p>\n\n\n\n<p><strong>Tu imagines une r\u00e9colte si abondante que tu ne sais pas o\u00f9 stocker tous ces buds ?<\/strong> C\u2019est ce \u00e0 quoi tu peux t&#8217;attendre avec Matanuska. Son rendement \u00e9lev\u00e9 et sa facilit\u00e9 de culture en font un excellent choix pour les cultivateurs cherchant \u00e0 maximiser leurs r\u00e9coltes sans complications.<\/p>\n\n\n\n<h2 class=\"wp-block-heading\">Comment Cultiver Matanuska<\/h2>\n\n\n\n<p>Cultiver Matanuska est une exp\u00e9rience gratifiante, aussi bien pour les cultivateurs novices que pour les plus exp\u00e9riment\u00e9s. Voici quelques conseils essentiels pour tirer le meilleur parti de cette merveilleuse strain.<\/p>\n\n\n\n<p><strong>Difficult\u00e9 de culture :<\/strong> Matanuska est une plante tr\u00e8s facile \u00e0 cultiver. Sa r\u00e9sistance naturelle et son adaptabilit\u00e9 en font une option id\u00e9ale pour ceux qui d\u00e9butent dans le monde de la culture du cannabis. Cependant, son haut rendement et sa qualit\u00e9 satisferont \u00e9galement les cultivateurs les plus exp\u00e9riment\u00e9s cherchant \u00e0 maximiser leurs r\u00e9coltes.<\/p>\n\n\n\n<p><strong>Climat et conditions de culture ad\u00e9quates :<\/strong> Cette strain prosp\u00e8re dans les climats chauds et ensoleill\u00e9s, mais gr\u00e2ce \u00e0 ses origines, elle tol\u00e8re aussi bien les temp\u00e9ratures plus fra\u00eeches. En ext\u00e9rieur, il est recommand\u00e9 de faire germer les graines au d\u00e9but du printemps pour profiter au maximum de la saison de croissance. En int\u00e9rieur, elle s&#8217;adapte \u00e0 diverses techniques de culture comme le SCROG et le SOG, offrant une flexibilit\u00e9 pour diff\u00e9rents setups.<\/p>\n\n\n\n<p><strong>R\u00e9sistance aux ravageurs et maladies :<\/strong> Matanuska se distingue par sa robustesse et sa r\u00e9sistance aux ravageurs et maladies. Toutefois, il est toujours prudent de prendre des mesures pr\u00e9ventives, comme l\u2019utilisation de substrats de qualit\u00e9 et le maintien d\u2019une bonne circulation de l\u2019air en cultures int\u00e9rieures. Cette vari\u00e9t\u00e9 r\u00e9pond bien \u00e0 la taille et au guidage des branches, ce qui facilite sa gestion et maximise la production de t\u00eates.<\/p>\n\n\n\n<div style=\"height:50px\" aria-hidden=\"true\" class=\"wp-block-spacer uag-hide-mob\"><\/div>\n\n\n\n<div class=\"wp-block-columns is-layout-flex wp-container-core-columns-is-layout-28f84493 wp-block-columns-is-layout-flex\">\n<div class=\"wp-block-column is-layout-flow wp-block-column-is-layout-flow\">\n<p class=\"has-text-align-center has-medium-font-size\"><strong>Ce que nous aimons le plus<\/strong><\/p>\n\n\n\n<ul class=\"wp-block-list\">\n<li>Sa facilit\u00e9 de culture.<\/li>\n\n\n\n<li>Haute production tant en int\u00e9rieur qu\u2019en ext\u00e9rieur.<\/li>\n\n\n\n<li>Savoureuse et complexe.<\/li>\n\n\n\n<li>Effets \u00e9nerg\u00e9tiques et stimulants.<\/li>\n<\/ul>\n<\/div>\n\n\n\n<div class=\"wp-block-column is-layout-flow wp-block-column-is-layout-flow\">\n<p class=\"has-text-align-center has-medium-font-size\"><strong>Ce que nous aimons le moins<\/strong><\/p>\n\n\n\n<ul class=\"wp-block-list\">\n<li>Assez odorante pendant la floraison.<\/li>\n\n\n\n<li>Requiert des supports en ext\u00e9rieur \u00e0 cause du poids des t\u00eates.<\/li>\n<\/ul>\n<\/div>\n<\/div>\n\n\n\n<div style=\"height:50px\" aria-hidden=\"true\" class=\"wp-block-spacer uag-hide-mob\"><\/div>\n\n\n\n<h2 class=\"wp-block-heading\">Questions Fr\u00e9quentes<\/h2>\n\n\n\n<p>Voici les r\u00e9ponses aux questions les plus fr\u00e9quentes que se posent les cultivateurs int\u00e9ress\u00e9s par cette strain :<\/p>\n\n\n<div id=\"rank-math-faq\" class=\"rank-math-block\">\n<div class=\"rank-math-list \">\n<div id=\"faq-question-1721900678187\" class=\"rank-math-list-item\">\n<h3 class=\"rank-math-question \">Matanuska est-elle sativa ou indica ?<\/h3>\n<div class=\"rank-math-answer \">\n\n<p>Matanuska est majoritairement une vari\u00e9t\u00e9 indica, bien qu&#8217;elle poss\u00e8de une histoire g\u00e9n\u00e9tique incluant des composants sativa. Les indicas sont connues pour leurs effets relaxants et s\u00e9datifs, id\u00e9aux pour le repos et la relaxation corporelle. D&#8217;un autre c\u00f4t\u00e9, les sativas ont tendance \u00e0 \u00eatre plus \u00e9nerg\u00e9tiques et stimulantes, parfaites pour la journ\u00e9e et les activit\u00e9s cr\u00e9atives. Matanuska combine le meilleur des deux mondes, offrant une exp\u00e9rience \u00e9quilibr\u00e9e qui \u00e9nergise et d\u00e9tend en m\u00eame temps.<\/p>\n\n<\/div>\n<\/div>\n<div id=\"faq-question-1721900679680\" class=\"rank-math-list-item\">\n<h3 class=\"rank-math-question \">Quel croisement est Matanuska ?<\/h3>\n<div class=\"rank-math-answer \">\n\n<p>Matanuska est un croisement entre une sativa du nord de la Californie et une ruderalis russe, enrichi par la suite avec des g\u00e9n\u00e9tiques d&#8217;une indica afghane. Cette lign\u00e9e unique conf\u00e8re \u00e0 Matanuska ses caract\u00e9ristiques distinctives tant en saveur qu&#8217;en effets.<\/p>\n\n<\/div>\n<\/div>\n<div id=\"faq-question-1663029074962\" class=\"rank-math-list-item\">\n<h3 class=\"rank-math-question \">Quand commence la floraison de Matanuska en ext\u00e9rieur ?<\/h3>\n<div class=\"rank-math-answer \">\n\n<p>En fonction de la latitude de culture, la floraison de Matanuska en ext\u00e9rieur commence au cours de la premi\u00e8re quinzaine d&#8217;ao\u00fbt. Une ou deux semaines avant, elle commencera d\u00e9j\u00e0 \u00e0 montrer les signes du changement imminent de phase.<\/p>\n\n<\/div>\n<\/div>\n<div id=\"faq-question-1663029159933\" class=\"rank-math-list-item\">\n<h3 class=\"rank-math-question \">Quand r\u00e9colter une Matanuska en ext\u00e9rieur ?<\/h3>\n<div class=\"rank-math-answer \">\n\n<p>En ext\u00e9rieur, Matanuska se r\u00e9colte g\u00e9n\u00e9ralement entre fin septembre et d\u00e9but octobre. Certains ph\u00e9notypes peuvent se prolonger jusqu&#8217;\u00e0 la mi-octobre. Cette vari\u00e9t\u00e9 tol\u00e8re bien la baisse des temp\u00e9ratures typique de l&#8217;automne.<\/p>\n\n<\/div>\n<\/div>\n<div id=\"faq-question-1663029165861\" class=\"rank-math-list-item\">\n<h3 class=\"rank-math-question \">Comment cultiver une Matanuska f\u00e9minis\u00e9e ?<\/h3>\n<div class=\"rank-math-answer \">\n\n<p>Matanuska est tr\u00e8s facile \u00e0 cultiver et gratifiante dans ses r\u00e9sultats. Elle s&#8217;adapte aussi bien en int\u00e9rieur qu&#8217;en ext\u00e9rieur, supporte les tailles et le guidage des branches, et r\u00e9pond bien \u00e0 diverses techniques de culture comme le SCROG et le SOG. Nous recommandons d&#8217;utiliser des engrais organiques pour renforcer sa saveur.<\/p>\n\n<\/div>\n<\/div>\n<div id=\"faq-question-1666780029954\" class=\"rank-math-list-item\">\n<h3 class=\"rank-math-question \">Quels sont les effets de Matanuska en vrac ?<\/h3>\n<div class=\"rank-math-answer \">\n\n<p>Les effets de Matanuska sont principalement \u00e9nerg\u00e9tiques et sociables. Malgr\u00e9 sa dominance indica, elle n&#8217;est pas excessivement relaxante, ce qui la rend parfaite pour n&#8217;importe quelle heure de la journ\u00e9e. Elle est id\u00e9ale pour stimuler la cr\u00e9ativit\u00e9 et fournir une clart\u00e9 mentale, sans induire de somnolence.<\/p>\n\n<\/div>\n<\/div>\n<div id=\"faq-question-1721900766457\" class=\"rank-math-list-item\">\n<h3 class=\"rank-math-question \">Quelle est la saveur de Matanuska ?<\/h3>\n<div class=\"rank-math-answer \">\n\n<p>La saveur de Matanuska est complexe et d\u00e9licieuse, avec des notes de chocolat, menthe, pin et sauge. Cette combinaison de saveurs rend la consommation de cette vari\u00e9t\u00e9 une exp\u00e9rience sensorielle inoubliable.<\/p>\n\n<\/div>\n<\/div>\n<div id=\"faq-question-1721900767564\" class=\"rank-math-list-item\">\n<h3 class=\"rank-math-question \">Quel est le contenu en cannabino\u00efdes de Matanuska ?<\/h3>\n<div class=\"rank-math-answer \">\n\n<p>Matanuska a une teneur en THC qui oscille entre 15 % et 20 %, tandis que sa teneur en CBD est faible, g\u00e9n\u00e9ralement inf\u00e9rieure \u00e0 1 %. Cette composition lui conf\u00e8re ses effets puissants et \u00e9nerg\u00e9tiques.<\/p>\n\n<\/div>\n<\/div>\n<\/div>\n<\/div>","protected":false},"excerpt":{"rendered":"<p><b>Matanuska<\/b> vous offre une exp\u00e9rience unique avec ses <strong>rendements \u00e9lev\u00e9s et effets \u00e9nergisants<\/strong>. Id\u00e9ale pour tout moment de la journ\u00e9e, cette vari\u00e9t\u00e9 facile \u00e0 cultiver combine une saveur complexe avec une puissance revitalisante. Parfaite pour les cultivateurs recherchant <strong>qualit\u00e9 et quantit\u00e9<\/strong> sans complications.<\/p>\n","protected":false},"featured_media":17812,"comment_status":"open","ping_status":"closed","template":"","meta":{"_acf_changed":false,"inline_featured_image":false,"_uag_custom_page_level_css":""},"product_brand":[],"product_cat":[1125],"product_tag":[],"class_list":{"0":"post-17817","1":"product","2":"type-product","3":"status-publish","4":"has-post-thumbnail","6":"product_cat-graines-feminisees-en-gros","8":"first","9":"instock","10":"taxable","11":"shipping-taxable","12":"purchasable","13":"product-type-simple"},"acf":[],"uagb_featured_image_src":{"full":["https:\/\/bulkgenetics.com\/wp-content\/uploads\/2023\/05\/Matanuska.jpg",1600,1600,false],"thumbnail":["https:\/\/bulkgenetics.com\/wp-content\/uploads\/2023\/05\/Matanuska-150x150.jpg",150,150,true],"medium":["https:\/\/bulkgenetics.com\/wp-content\/uploads\/2023\/05\/Matanuska-300x300.jpg",300,300,true],"medium_large":["https:\/\/bulkgenetics.com\/wp-content\/uploads\/2023\/05\/Matanuska-768x768.jpg",768,768,true],"large":["https:\/\/bulkgenetics.com\/wp-content\/uploads\/2023\/05\/Matanuska-1024x1024.jpg",1024,1024,true],"1536x1536":["https:\/\/bulkgenetics.com\/wp-content\/uploads\/2023\/05\/Matanuska-1536x1536.jpg",1536,1536,true],"2048x2048":["https:\/\/bulkgenetics.com\/wp-content\/uploads\/2023\/05\/Matanuska.jpg",1600,1600,false],"commercegurus-pdp-large":["https:\/\/bulkgenetics.com\/wp-content\/uploads\/2023\/05\/Matanuska-990x990.jpg",990,990,true],"commercegurus-plp-mobile":["https:\/\/bulkgenetics.com\/wp-content\/uploads\/2023\/05\/Matanuska-441x441.jpg",441,441,true],"cgkit_image_swatch":["https:\/\/bulkgenetics.com\/wp-content\/uploads\/2023\/05\/Matanuska-100x100.jpg",100,100,true],"woocommerce_thumbnail":["https:\/\/bulkgenetics.com\/wp-content\/uploads\/2023\/05\/Matanuska-300x300.jpg",300,300,true],"woocommerce_single":["https:\/\/bulkgenetics.com\/wp-content\/uploads\/2023\/05\/Matanuska-800x800.jpg",800,800,true],"woocommerce_gallery_thumbnail":["https:\/\/bulkgenetics.com\/wp-content\/uploads\/2023\/05\/Matanuska-150x150.jpg",150,150,true],"dgwt-wcas-product-suggestion":["https:\/\/bulkgenetics.com\/wp-content\/uploads\/2023\/05\/Matanuska-64x64.jpg",64,64,true]},"uagb_author_info":{"display_name":"Bruno Crespo","author_link":"https:\/\/bulkgenetics.com\/fr\/author\/"},"uagb_comment_info":0,"uagb_excerpt":"Matanuska vous offre une exp\u00e9rience unique avec ses rendements \u00e9lev\u00e9s et effets \u00e9nergisants. Id\u00e9ale pour tout moment de la journ\u00e9e, cette vari\u00e9t\u00e9 facile \u00e0 cultiver combine une saveur complexe avec une puissance revitalisante. Parfaite pour les cultivateurs recherchant qualit\u00e9 et quantit\u00e9 sans complications.","_links":{"self":[{"href":"https:\/\/bulkgenetics.com\/fr\/wp-json\/wp\/v2\/product\/17817","targetHints":{"allow":["GET"]}}],"collection":[{"href":"https:\/\/bulkgenetics.com\/fr\/wp-json\/wp\/v2\/product"}],"about":[{"href":"https:\/\/bulkgenetics.com\/fr\/wp-json\/wp\/v2\/types\/product"}],"replies":[{"embeddable":true,"href":"https:\/\/bulkgenetics.com\/fr\/wp-json\/wp\/v2\/comments?post=17817"}],"wp:featuredmedia":[{"embeddable":true,"href":"https:\/\/bulkgenetics.com\/fr\/wp-json\/wp\/v2\/media\/17812"}],"wp:attachment":[{"href":"https:\/\/bulkgenetics.com\/fr\/wp-json\/wp\/v2\/media?parent=17817"}],"wp:term":[{"taxonomy":"product_brand","embeddable":true,"href":"https:\/\/bulkgenetics.com\/fr\/wp-json\/wp\/v2\/product_brand?post=17817"},{"taxonomy":"product_cat","embeddable":true,"href":"https:\/\/bulkgenetics.com\/fr\/wp-json\/wp\/v2\/product_cat?post=17817"},{"taxonomy":"product_tag","embeddable":true,"href":"https:\/\/bulkgenetics.com\/fr\/wp-json\/wp\/v2\/product_tag?post=17817"}],"curies":[{"name":"wp","href":"https:\/\/api.w.org\/{rel}","templated":true}]}}