{"id":18290,"date":"2023-06-23T11:33:51","date_gmt":"2023-06-23T09:33:51","guid":{"rendered":"https:\/\/bulkgenetics.com\/?post_type=product&#038;p=18290"},"modified":"2024-10-08T01:08:52","modified_gmt":"2024-10-07T23:08:52","slug":"purple-kush-auto","status":"publish","type":"product","link":"https:\/\/bulkgenetics.com\/fr\/purple-kush-auto\/","title":{"rendered":"Purple Kush Auto"},"content":{"rendered":"\n<p>Purple Kush Auto est le r\u00e9sultat d&#8217;un croisement m\u00e9ticuleux entre <strong>Purple Afghani x Hindu Kush avec Ruderalis<\/strong>. Cette combinaison g\u00e9n\u00e9tique lui conf\u00e8re une dominance indica de 70%, avec une touche de Ruderalis qui lui apporte ses caract\u00e9ristiques autoflorissantes. La morphologie de la plante est robuste, avec une structure ramifi\u00e9e et une hauteur contenue, la rendant tr\u00e8s maniable pour divers espaces de culture.<\/p>\n\n\n\n<p>Les nuances pourpres et vertes de la plante sont un v\u00e9ritable spectacle visuel, et elle est particuli\u00e8rement connue pour d\u00e9velopper ces teintes tout au long de sa croissance. Purple Kush Auto, cr\u00e9\u00e9e par Buddha Seeds, a gagn\u00e9 une place sp\u00e9ciale dans le c\u0153ur des cultivateurs et des consommateurs en raison de sa facilit\u00e9 de culture, de ses couleurs \u00e9poustouflantes et de son profil de terp\u00e8nes exceptionnel.<\/p>\n\n\n\n<p>Notre Purple Kush Auto en vrac a \u00e9t\u00e9 s\u00e9lectionn\u00e9e \u00e0 partir d&#8217;un <strong>clone d&#8217;\u00e9lite<\/strong> caract\u00e9ris\u00e9 par une haute production tout en conservant les qualit\u00e9s de la g\u00e9n\u00e9tique originale de Buddha Seeds.<\/p>\n\n\n\n<h2 class=\"wp-block-heading\">Comment cultiver Purple Kush Auto ?<\/h2>\n\n\n\n<p>Purple Kush Auto est connue pour \u00eatre une vari\u00e9t\u00e9 de cannabis assez facile et adapt\u00e9e aux cultivateurs de tous niveaux. Assurez-vous de fournir les nutriments n\u00e9cessaires sans suralimenter la plante. Utiliser un bon engrais et suivre les recommandations du fabricant est une bonne pratique qui vous garantira de bons r\u00e9sultats. De plus, les stimulateurs de floraison peuvent aider \u00e0 am\u00e9liorer la production de bourgeons et obtenir un rendement plus \u00e9lev\u00e9.<\/p>\n\n\n\n<p>Lors de la culture de Purple Kush Auto en <strong>int\u00e9rieur<\/strong>, il est important de fournir un cycle d&#8217;\u00e9clairage de 20 heures de lumi\u00e8re et 4 heures d&#8217;obscurit\u00e9 pour maximiser son rendement. La plante prosp\u00e8re avec les nutriments appropri\u00e9s, mais il faut \u00e9viter de trop la nourrir.<\/p>\n\n\n\n<p>En int\u00e9rieur, on peut s&#8217;attendre \u00e0 une production allant jusqu&#8217;\u00e0 <strong>500 grammes par m\u00e8tre carr\u00e9<\/strong>. La plante acquiert une taille g\u00e9rable, ce qui la rend id\u00e9ale pour les placards de culture. Il est recommand\u00e9 d&#8217;utiliser des pots de taille appropri\u00e9e, d&#8217;au moins 7 litres, pour permettre un bon d\u00e9veloppement des racines.<\/p>\n\n\n\n<p>En culture <strong>ext\u00e9rieure<\/strong>, Purple Kush Auto peut atteindre des hauteurs allant jusqu&#8217;\u00e0 2 m\u00e8tres et est capable de produire environ <strong>250 grammes par plante<\/strong> dans des conditions optimales. La saison de culture dans l&#8217;h\u00e9misph\u00e8re nord est d&#8217;avril \u00e0 octobre, mais dans des climats plus chauds, il est possible de la cultiver toute l&#8217;ann\u00e9e. Il est essentiel d&#8217;utiliser un climat appropri\u00e9 et d&#8217;\u00e9viter que la plante subisse du stress, surtout pendant les premi\u00e8res semaines.<\/p>\n\n\n\n<p>Si vous utilisez des pots, optez pour de grands contenants, d&#8217;au moins 15 litres. Si la plante est cultiv\u00e9e directement dans le sol, assurez-vous que la terre est bien a\u00e9r\u00e9e et a un bon drainage. La cultiver dans le sol est sans aucun doute la meilleure option si vous voulez d\u00e9velopper tout son potentiel.<\/p>\n\n\n\n<p>Soyez attentif aux ravageurs et aux maladies. Utilisez des produits de pr\u00e9vention biologiques si n\u00e9cessaire et assurez-vous que la plante est bien prot\u00e9g\u00e9e contre tout type de ravageur. Ayant un cycle de vie tr\u00e8s rapide, toute infestation de parasites pourrait avoir des effets n\u00e9gatifs.<\/p>\n\n\n\n<h2 class=\"wp-block-heading\">Caract\u00e9ristiques de Purple Kush Auto<\/h2>\n\n\n\n<p>Purple Kush Auto produit des bourgeons \u00e9pais et denses, baign\u00e9s dans une g\u00e9n\u00e9reuse couche de r\u00e9sine et avec une couleur violette saisissante. Son profil de terp\u00e8nes pr\u00e9sente des saveurs douces et fruit\u00e9es, avec des notes de santal, de haschisch et de terre, ainsi qu&#8217;une d\u00e9licieuse touche caram\u00e9lis\u00e9e.<\/p>\n\n\n\n<p>La teneur en THC de Purple Kush Auto est moyenne\/\u00e9lev\u00e9e, et ses effets sont principalement physiques et relaxants, id\u00e9aux pour lutter contre le stress ou profiter d&#8217;un moment paisible apr\u00e8s une longue journ\u00e9e. De plus, son cycle de vie rapide de 60 \u00e0 65 jours en fait une option attrayante pour ceux qui recherchent des r\u00e9sultats rapides.<\/p>\n\n\n\n<p>En r\u00e9sum\u00e9, Purple Kush Auto de Buddha Seeds est une vari\u00e9t\u00e9 de cannabis autofleurissante qui se distingue par sa facilit\u00e9 de culture, ses magnifiques couleurs, ses saveurs d\u00e9licieuses et ses effets relaxants. Si vous recherchez une herbe qui a tout, vous devriez certainement envisager d&#8217;ajouter Purple Kush Auto \u00e0 votre jardin.<\/p>\n\n\n\n<div style=\"height:50px\" aria-hidden=\"true\" class=\"wp-block-spacer uag-hide-mob\"><\/div>\n\n\n\n<div class=\"wp-block-columns is-layout-flex wp-container-core-columns-is-layout-28f84493 wp-block-columns-is-layout-flex\">\n<div class=\"wp-block-column is-layout-flow wp-block-column-is-layout-flow\">\n<p class=\"has-text-align-center has-medium-font-size\"><strong>Ce qui nous pla\u00eet le plus<\/strong><\/p>\n\n\n\n<ul class=\"wp-block-list\">\n<li>Tr\u00e8s facile \u00e0 cultiver<\/li>\n\n\n\n<li>Grande production pour une vari\u00e9t\u00e9 \u00e0 autofloraison.<\/li>\n\n\n\n<li>Elle est r\u00e9colt\u00e9e en seulement 65 jours.<\/li>\n\n\n\n<li>Effets tr\u00e8s relaxants et durables.<\/li>\n\n\n\n<li>Son prix.<\/li>\n<\/ul>\n<\/div>\n\n\n\n<div class=\"wp-block-column is-layout-flow wp-block-column-is-layout-flow\">\n<p class=\"has-text-align-center has-medium-font-size\"><strong>Ce que nous aimons le moins<\/strong><\/p>\n\n\n\n<ul class=\"wp-block-list\">\n<li>Il a besoin de beaucoup de soleil.<\/li>\n\n\n\n<li>Des pr\u00e9cautions particuli\u00e8res doivent \u00eatre prises en ce qui concerne les parasites.<\/li>\n<\/ul>\n<\/div>\n<\/div>\n\n\n\n<div style=\"height:50px\" aria-hidden=\"true\" class=\"wp-block-spacer uag-hide-mob\"><\/div>\n\n\n\n<h2 class=\"wp-block-heading\">Questions fr\u00e9quemment pos\u00e9es<\/h2>\n\n\n\n<p>Vous trouverez ci-dessous les r\u00e9ponses aux questions les plus fr\u00e9quemment pos\u00e9es par les cultivateurs int\u00e9ress\u00e9s par ces g\u00e9n\u00e9tiques :<\/p>\n\n\n<div id=\"rank-math-faq\" class=\"rank-math-block\">\n<div class=\"rank-math-list \">\n<div id=\"faq-question-1663029074962\" class=\"rank-math-list-item\">\n<h3 class=\"rank-math-question \">Quand Purple Kush Auto commence-t-elle \u00e0 fleurir ?<\/h3>\n<div class=\"rank-math-answer \">\n\n<p>Purple Kush Auto est une vari\u00e9t\u00e9 \u00e0 floraison rapide. En g\u00e9n\u00e9ral, elle commence sa phase de floraison environ trois \u00e0 quatre semaines apr\u00e8s la germination. Cependant, il est important de noter que divers facteurs tels que les conditions environnementales et de croissance peuvent affecter le temps n\u00e9cessaire pour commencer la floraison.<\/p>\n\n<\/div>\n<\/div>\n<div id=\"faq-question-1663029159933\" class=\"rank-math-list-item\">\n<h3 class=\"rank-math-question \">Combien de temps faut-il pour r\u00e9colter Purple Kush Auto \u00e0 partir de la germination ?<\/h3>\n<div class=\"rank-math-answer \">\n\n<p>La Purple Kush Auto a un cycle de vie complet relativement court. De la germination \u00e0 la r\u00e9colte, il faut g\u00e9n\u00e9ralement compter environ 60-65 jours. Cela en fait une option int\u00e9ressante pour les cultivateurs \u00e0 la recherche d&#8217;une vari\u00e9t\u00e9 \u00e0 croissance rapide.<\/p>\n\n<\/div>\n<\/div>\n<div id=\"faq-question-1663029165861\" class=\"rank-math-list-item\">\n<h3 class=\"rank-math-question \">Comment cultiver une Purple Kush Auto f\u00e9minis\u00e9e ?<\/h3>\n<div class=\"rank-math-answer \">\n\n<p>Veillez \u00e0 fournir un cycle d&#8217;\u00e9clairage ad\u00e9quat et un arrosage mod\u00e9r\u00e9 avec des nutriments essentiels. Maintenez une temp\u00e9rature comprise entre 20 et 25 degr\u00e9s Celsius et une humidit\u00e9 relative contr\u00f4l\u00e9e. V\u00e9rifiez que la plante ne pr\u00e9sente pas de parasites ou de maladies et r\u00e9coltez-la lorsque les trichomes et les pistils sont \u00e0 leur optimum.<\/p>\n\n<\/div>\n<\/div>\n<div id=\"faq-question-1666780029954\" class=\"rank-math-list-item\">\n<h3 class=\"rank-math-question \">Quels sont les effets de la Purple Kush Auto en vrac ?<\/h3>\n<div class=\"rank-math-answer \">\n\n<p>La Purple Kush Auto est connue pour ses effets relaxants et agr\u00e9ables. Avec une teneur en THC moyennement \u00e9lev\u00e9e, les utilisateurs peuvent ressentir une l\u00e9g\u00e8re euphorie, suivie d&#8217;une relaxation physique. Elle est id\u00e9ale pour soulager le stress.<\/p>\n\n<\/div>\n<\/div>\n<\/div>\n<\/div>","protected":false},"excerpt":{"rendered":"<p>Purple Kush Auto est une impressionnante vari\u00e9t\u00e9 de marijuana autoflorissante qui combine une fascinante palette de couleurs avec des saveurs incroyables et un puissant effet relaxant. Parfaite pour les amateurs de vari\u00e9t\u00e9s pourpres, cette vari\u00e9t\u00e9 est id\u00e9ale pour tout type de cultivateur, offrant des rendements g\u00e9n\u00e9reux aussi bien en int\u00e9rieur qu&#8217;en ext\u00e9rieur. Son effet est relaxant et agr\u00e9able, id\u00e9al \u00e0 tout moment de la journ\u00e9e. Achetez d\u00e8s maintenant vos graines autoflorissantes de Purple Kush Auto au meilleur prix !<\/p>\n","protected":false},"featured_media":18284,"comment_status":"open","ping_status":"closed","template":"","meta":{"_acf_changed":false,"inline_featured_image":false,"_uag_custom_page_level_css":""},"product_brand":[],"product_cat":[2265],"product_tag":[],"class_list":{"0":"post-18290","1":"product","2":"type-product","3":"status-publish","4":"has-post-thumbnail","6":"product_cat-graines-autofloraison-en-gros","8":"first","9":"instock","10":"taxable","11":"shipping-taxable","12":"purchasable","13":"product-type-simple"},"acf":[],"uagb_featured_image_src":{"full":["https:\/\/bulkgenetics.com\/wp-content\/uploads\/2023\/06\/purple-kush-auto-weed-strain.jpg",1600,1600,false],"thumbnail":["https:\/\/bulkgenetics.com\/wp-content\/uploads\/2023\/06\/purple-kush-auto-weed-strain-150x150.jpg",150,150,true],"medium":["https:\/\/bulkgenetics.com\/wp-content\/uploads\/2023\/06\/purple-kush-auto-weed-strain-300x300.jpg",300,300,true],"medium_large":["https:\/\/bulkgenetics.com\/wp-content\/uploads\/2023\/06\/purple-kush-auto-weed-strain-768x768.jpg",768,768,true],"large":["https:\/\/bulkgenetics.com\/wp-content\/uploads\/2023\/06\/purple-kush-auto-weed-strain-1024x1024.jpg",1024,1024,true],"1536x1536":["https:\/\/bulkgenetics.com\/wp-content\/uploads\/2023\/06\/purple-kush-auto-weed-strain-1536x1536.jpg",1536,1536,true],"2048x2048":["https:\/\/bulkgenetics.com\/wp-content\/uploads\/2023\/06\/purple-kush-auto-weed-strain.jpg",1600,1600,false],"commercegurus-pdp-large":["https:\/\/bulkgenetics.com\/wp-content\/uploads\/2023\/06\/purple-kush-auto-weed-strain-990x990.jpg",990,990,true],"commercegurus-plp-mobile":["https:\/\/bulkgenetics.com\/wp-content\/uploads\/2023\/06\/purple-kush-auto-weed-strain-441x441.jpg",441,441,true],"cgkit_image_swatch":["https:\/\/bulkgenetics.com\/wp-content\/uploads\/2023\/06\/purple-kush-auto-weed-strain-100x100.jpg",100,100,true],"woocommerce_thumbnail":["https:\/\/bulkgenetics.com\/wp-content\/uploads\/2023\/06\/purple-kush-auto-weed-strain-300x300.jpg",300,300,true],"woocommerce_single":["https:\/\/bulkgenetics.com\/wp-content\/uploads\/2023\/06\/purple-kush-auto-weed-strain-800x800.jpg",800,800,true],"woocommerce_gallery_thumbnail":["https:\/\/bulkgenetics.com\/wp-content\/uploads\/2023\/06\/purple-kush-auto-weed-strain-150x150.jpg",150,150,true],"dgwt-wcas-product-suggestion":["https:\/\/bulkgenetics.com\/wp-content\/uploads\/2023\/06\/purple-kush-auto-weed-strain-64x64.jpg",64,64,true]},"uagb_author_info":{"display_name":"\u00c1ngel Flores","author_link":"https:\/\/bulkgenetics.com\/fr\/author\/"},"uagb_comment_info":0,"uagb_excerpt":"Purple Kush Auto est une impressionnante vari\u00e9t\u00e9 de marijuana autoflorissante qui combine une fascinante palette de couleurs avec des saveurs incroyables et un puissant effet relaxant. Parfaite pour les amateurs de vari\u00e9t\u00e9s pourpres, cette vari\u00e9t\u00e9 est id\u00e9ale pour tout type de cultivateur, offrant des rendements g\u00e9n\u00e9reux aussi bien en int\u00e9rieur qu'en ext\u00e9rieur. Son effet est\u2026","_links":{"self":[{"href":"https:\/\/bulkgenetics.com\/fr\/wp-json\/wp\/v2\/product\/18290","targetHints":{"allow":["GET"]}}],"collection":[{"href":"https:\/\/bulkgenetics.com\/fr\/wp-json\/wp\/v2\/product"}],"about":[{"href":"https:\/\/bulkgenetics.com\/fr\/wp-json\/wp\/v2\/types\/product"}],"replies":[{"embeddable":true,"href":"https:\/\/bulkgenetics.com\/fr\/wp-json\/wp\/v2\/comments?post=18290"}],"wp:featuredmedia":[{"embeddable":true,"href":"https:\/\/bulkgenetics.com\/fr\/wp-json\/wp\/v2\/media\/18284"}],"wp:attachment":[{"href":"https:\/\/bulkgenetics.com\/fr\/wp-json\/wp\/v2\/media?parent=18290"}],"wp:term":[{"taxonomy":"product_brand","embeddable":true,"href":"https:\/\/bulkgenetics.com\/fr\/wp-json\/wp\/v2\/product_brand?post=18290"},{"taxonomy":"product_cat","embeddable":true,"href":"https:\/\/bulkgenetics.com\/fr\/wp-json\/wp\/v2\/product_cat?post=18290"},{"taxonomy":"product_tag","embeddable":true,"href":"https:\/\/bulkgenetics.com\/fr\/wp-json\/wp\/v2\/product_tag?post=18290"}],"curies":[{"name":"wp","href":"https:\/\/api.w.org\/{rel}","templated":true}]}}