{"id":18482,"date":"2023-07-11T14:05:26","date_gmt":"2023-07-11T12:05:26","guid":{"rendered":"https:\/\/bulkgenetics.com\/?post_type=product&#038;p=18482"},"modified":"2024-10-08T01:08:52","modified_gmt":"2024-10-07T23:08:52","slug":"strawberry-pie-auto","status":"publish","type":"product","link":"https:\/\/bulkgenetics.com\/fr\/strawberry-pie-auto\/","title":{"rendered":"Strawberry Pie Auto"},"content":{"rendered":"\n<p>La vari\u00e9t\u00e9 Strawberry Pie Auto, l&#8217;une des plus recherch\u00e9es sur le march\u00e9 des graines de marijuana autoflorissantes, provient de l&#8217;\u00e9levage s\u00e9lectif de la Strawberry et de la Cherry Pie Auto, donnant naissance \u00e0 une plante de cannabis hybride \u00e0 dominance Indica. Cette vari\u00e9t\u00e9 est c\u00e9l\u00e8bre pour sa r\u00e9sistance pendant la croissance et pour ses bourgeons denses et brillants en raison du grand nombre de trichomes, qui semblent parfois venir de la lune.<\/p>\n\n\n\n<p>Cette vari\u00e9t\u00e9 a gagn\u00e9 sa place dans la communaut\u00e9 du cannabis en raison de son puissant effet sur le corps, principalement Indica, et de sa production notable de r\u00e9sine, qui en fait l&#8217;option id\u00e9ale pour la cr\u00e9ation d&#8217;extraits et de concentr\u00e9s de haute qualit\u00e9.<\/p>\n\n\n\n<p>Notre Strawberry Pie Auto a \u00e9t\u00e9 s\u00e9lectionn\u00e9e \u00e0 partir d&#8217;un clone \u00e9lite de FastBuds qui se distingue par sa production, tout en conservant le go\u00fbt sucr\u00e9 de la Strawberry.<\/p>\n\n\n\n<h2 class=\"wp-block-heading\">Comment cultiver <strong>Strawberry Pie Auto<\/strong><\/h2>\n\n\n\n<p>Cultiver la Strawberry Pie Autoflower peut \u00eatre une t\u00e2che gratifiante aussi bien pour les cultivateurs d\u00e9butants que pour les cultivateurs exp\u00e9riment\u00e9s. Cette vari\u00e9t\u00e9 peut \u00eatre cultiv\u00e9e \u00e0 l&#8217;int\u00e9rieur comme \u00e0 l&#8217;ext\u00e9rieur, bien que pour obtenir les meilleurs r\u00e9sultats, des conditions optimales doivent \u00eatre maintenues tout au long du cycle de croissance.<\/p>\n\n\n\n<p>\u00c0 l&#8217;int\u00e9rieur, les plantes de Strawberry Pie Autoflower ont un temps de floraison de 8 \u00e0 10 semaines et peuvent produire environ <strong>400 \u00e0 550 gr\/m2<\/strong>. Il est recommand\u00e9 de maintenir des temp\u00e9ratures diurnes entre 20-27\u00b0C et nocturnes entre 15-18\u00b0C. L&#8217;humidit\u00e9 relative doit \u00eatre maintenue autour de 55% -60% pendant la phase v\u00e9g\u00e9tative et r\u00e9duite \u00e0 40% pendant la phase de floraison. Pour l&#8217;\u00e9tape de la r\u00e9colte, elle peut \u00eatre encore r\u00e9duite \u00e0 30%.<\/p>\n\n\n\n<p>\u00c0 l&#8217;ext\u00e9rieur, les cultivateurs de l&#8217;h\u00e9misph\u00e8re nord devraient planter leurs graines de cannabis en avril pour r\u00e9colter \u00e0 la mi-juin, pouvant r\u00e9aliser une autre culture en r\u00e9coltant \u00e0 la fin ao\u00fbt. Une plante saine de Strawberry Pie Autoflower peut produire environ <strong>80 &#8211; 150 gr\/plante de bourgeons<\/strong>. Il faut toujours chercher un endroit o\u00f9 les plantes de cannabis re\u00e7oivent le plus de soleil possible.<\/p>\n\n\n\n<h2 class=\"wp-block-heading\">Caract\u00e9ristiques de la <strong>Strawberry Pie Auto<\/strong><\/h2>\n\n\n\n<p>La Strawberry Pie Autoflower est connue pour ses bourgeons compacts et durs, tremp\u00e9s dans la r\u00e9sine et pr\u00e9sentant souvent un \u00e9clat cristallin d\u00fb \u00e0 la quantit\u00e9 de trichomes. Son profil terp\u00e9nique comprend Alpha-Humulene, Alpha-Pinene, Beta-Caryophyllene, Limonene, Myrcene, Terpineol, Terpinolene, qui sont connus pour leurs propri\u00e9t\u00e9s de soulagement de l&#8217;anxi\u00e9t\u00e9, des migraines et de la douleur.<\/p>\n\n\n\n<p>Le go\u00fbt et l&#8217;ar\u00f4me de cette vari\u00e9t\u00e9 peuvent \u00eatre d\u00e9crits comme la combinaison <strong>parfaite de saveurs de baies et de fleurs<\/strong>. Strawberry Pie Autoflower produit une fum\u00e9e d\u00e9licieuse et douce, offrant une large gamme d&#8217;effets ainsi qu&#8217;une exp\u00e9rience forte et relaxante.<\/p>\n\n\n\n<p>La haute production de THC de la Strawberry Pie Auto, qui varie entre 24% et 26%, fournit une exp\u00e9rience puissante et relaxante. Pour toutes ces raisons, les graines de Strawberry Pie Auto sont devenues une option de choix parmi les graines autoflorissantes en vrac, offrant aux cultivateurs une plante r\u00e9sistante, productive et facile \u00e0 cultiver.<\/p>\n\n\n\n<div style=\"height:50px\" aria-hidden=\"true\" class=\"wp-block-spacer uag-hide-mob\"><\/div>\n\n\n\n<div class=\"wp-block-columns is-layout-flex wp-container-core-columns-is-layout-28f84493 wp-block-columns-is-layout-flex\">\n<div class=\"wp-block-column is-layout-flow wp-block-column-is-layout-flow\">\n<p class=\"has-text-align-center has-medium-font-size\"><strong>Ce qui nous pla\u00eet le plus<\/strong><\/p>\n\n\n\n<ul class=\"wp-block-list\">\n<li>Tr\u00e8s facile \u00e0 cultiver<\/li>\n\n\n\n<li>Son incroyable go\u00fbt de g\u00e2teau aux fraises.<\/li>\n\n\n\n<li>Elle est r\u00e9colt\u00e9e en seulement 65 jours.<\/li>\n\n\n\n<li>Des effets tr\u00e8s relaxants et heureux.<\/li>\n\n\n\n<li>Son prix.<\/li>\n<\/ul>\n<\/div>\n\n\n\n<div class=\"wp-block-column is-layout-flow wp-block-column-is-layout-flow\">\n<p class=\"has-text-align-center has-medium-font-size\"><strong>Ce que nous aimons le moins<\/strong><\/p>\n\n\n\n<ul class=\"wp-block-list\">\n<li>Elle est tr\u00e8s parfum\u00e9e lorsqu&#8217;elle fleurit.<\/li>\n<\/ul>\n<\/div>\n<\/div>\n\n\n\n<div style=\"height:50px\" aria-hidden=\"true\" class=\"wp-block-spacer uag-hide-mob\"><\/div>\n\n\n\n<h2 class=\"wp-block-heading\">Questions fr\u00e9quemment pos\u00e9es<\/h2>\n\n\n\n<p>Vous trouverez ci-dessous les r\u00e9ponses aux questions les plus fr\u00e9quemment pos\u00e9es par les cultivateurs int\u00e9ress\u00e9s par ces g\u00e9n\u00e9tiques :<\/p>\n\n\n<div id=\"rank-math-faq\" class=\"rank-math-block\">\n<div class=\"rank-math-list \">\n<div id=\"faq-question-1663029074962\" class=\"rank-math-list-item\">\n<h3 class=\"rank-math-question \">Quand Strawberry Pie Auto commence-t-il \u00e0 fleurir ?<\/h3>\n<div class=\"rank-math-answer \">\n\n<p>En g\u00e9n\u00e9ral, Strawberry Pie Auto commence \u00e0 fleurir environ 4 \u00e0 6 semaines apr\u00e8s la germination.<\/p>\n\n<\/div>\n<\/div>\n<div id=\"faq-question-1663029159933\" class=\"rank-math-list-item\">\n<h3 class=\"rank-math-question \">Combien de temps faut-il pour r\u00e9colter Strawberry Pie Auto \u00e0 partir de la germination ?<\/h3>\n<div class=\"rank-math-answer \">\n\n<p>Le temps total de la germination \u00e0 la r\u00e9colte pour la Strawberry Pie Auto est d&#8217;environ 60-70 jours. Ce d\u00e9lai comprend les phases de germination, de croissance v\u00e9g\u00e9tative et de floraison, ce qui en fait un choix rapide et efficace pour les cultivateurs.<\/p>\n\n<\/div>\n<\/div>\n<div id=\"faq-question-1663029165861\" class=\"rank-math-list-item\">\n<h3 class=\"rank-math-question \">Comment cultiver Strawberry Pie Auto ?<\/h3>\n<div class=\"rank-math-answer \">\n\n<p>La Strawberry Pie Auto peut \u00eatre cultiv\u00e9e \u00e0 l&#8217;int\u00e9rieur comme \u00e0 l&#8217;ext\u00e9rieur. C&#8217;est une plante rustique qui s&#8217;adapte \u00e0 une vari\u00e9t\u00e9 de conditions de culture, ce qui la rend appropri\u00e9e pour les d\u00e9butants et les cultivateurs plus exp\u00e9riment\u00e9s.<\/p>\n\n<\/div>\n<\/div>\n<div id=\"faq-question-1666780029954\" class=\"rank-math-list-item\">\n<h3 class=\"rank-math-question \">Quels sont les effets de Strawberry Pie Auto en vrac ?<\/h3>\n<div class=\"rank-math-answer \">\n\n<p>Les effets sont principalement physiques, mais il y a aussi une influence c\u00e9r\u00e9brale qui induit un \u00e9tat de relaxation profonde et de bien-\u00eatre.<\/p>\n\n<\/div>\n<\/div>\n<\/div>\n<\/div>","protected":false},"excerpt":{"rendered":"<p>Strawberry Pie Autoflower est une vari\u00e9t\u00e9 de cannabis exquise, issue du croisement entre Strawberry et Cherry Pie Auto, \u00e0 dominance indica, c\u00e9l\u00e8bre pour sa teneur \u00e9lev\u00e9e en THC (24%-26%) et son <strong>incroyable go\u00fbt de tarte aux fraises<\/strong>. Cette vari\u00e9t\u00e9 est connue pour son puissant effet relaxant, accompagn\u00e9 d&#8217;une sensation euphorique qui procure au consommateur une exp\u00e9rience inoubliable.<\/p>\n","protected":false},"featured_media":18475,"comment_status":"open","ping_status":"closed","template":"","meta":{"_acf_changed":false,"inline_featured_image":false,"_uag_custom_page_level_css":""},"product_brand":[],"product_cat":[2265],"product_tag":[],"class_list":{"0":"post-18482","1":"product","2":"type-product","3":"status-publish","4":"has-post-thumbnail","6":"product_cat-graines-autofloraison-en-gros","8":"first","9":"instock","10":"taxable","11":"shipping-taxable","12":"purchasable","13":"product-type-simple"},"acf":[],"uagb_featured_image_src":{"full":["https:\/\/bulkgenetics.com\/wp-content\/uploads\/2023\/07\/strawberry-pie-auto-weed-strain.jpg",1600,1600,false],"thumbnail":["https:\/\/bulkgenetics.com\/wp-content\/uploads\/2023\/07\/strawberry-pie-auto-weed-strain-150x150.jpg",150,150,true],"medium":["https:\/\/bulkgenetics.com\/wp-content\/uploads\/2023\/07\/strawberry-pie-auto-weed-strain-300x300.jpg",300,300,true],"medium_large":["https:\/\/bulkgenetics.com\/wp-content\/uploads\/2023\/07\/strawberry-pie-auto-weed-strain-768x768.jpg",768,768,true],"large":["https:\/\/bulkgenetics.com\/wp-content\/uploads\/2023\/07\/strawberry-pie-auto-weed-strain-1024x1024.jpg",1024,1024,true],"1536x1536":["https:\/\/bulkgenetics.com\/wp-content\/uploads\/2023\/07\/strawberry-pie-auto-weed-strain-1536x1536.jpg",1536,1536,true],"2048x2048":["https:\/\/bulkgenetics.com\/wp-content\/uploads\/2023\/07\/strawberry-pie-auto-weed-strain.jpg",1600,1600,false],"commercegurus-pdp-large":["https:\/\/bulkgenetics.com\/wp-content\/uploads\/2023\/07\/strawberry-pie-auto-weed-strain-990x990.jpg",990,990,true],"commercegurus-plp-mobile":["https:\/\/bulkgenetics.com\/wp-content\/uploads\/2023\/07\/strawberry-pie-auto-weed-strain-441x441.jpg",441,441,true],"cgkit_image_swatch":["https:\/\/bulkgenetics.com\/wp-content\/uploads\/2023\/07\/strawberry-pie-auto-weed-strain-100x100.jpg",100,100,true],"woocommerce_thumbnail":["https:\/\/bulkgenetics.com\/wp-content\/uploads\/2023\/07\/strawberry-pie-auto-weed-strain-300x300.jpg",300,300,true],"woocommerce_single":["https:\/\/bulkgenetics.com\/wp-content\/uploads\/2023\/07\/strawberry-pie-auto-weed-strain-800x800.jpg",800,800,true],"woocommerce_gallery_thumbnail":["https:\/\/bulkgenetics.com\/wp-content\/uploads\/2023\/07\/strawberry-pie-auto-weed-strain-150x150.jpg",150,150,true],"dgwt-wcas-product-suggestion":["https:\/\/bulkgenetics.com\/wp-content\/uploads\/2023\/07\/strawberry-pie-auto-weed-strain-64x64.jpg",64,64,true]},"uagb_author_info":{"display_name":"\u00c1ngel Flores","author_link":"https:\/\/bulkgenetics.com\/fr\/author\/"},"uagb_comment_info":0,"uagb_excerpt":"Strawberry Pie Autoflower est une vari\u00e9t\u00e9 de cannabis exquise, issue du croisement entre Strawberry et Cherry Pie Auto, \u00e0 dominance indica, c\u00e9l\u00e8bre pour sa teneur \u00e9lev\u00e9e en THC (24%-26%) et son incroyable go\u00fbt de tarte aux fraises. Cette vari\u00e9t\u00e9 est connue pour son puissant effet relaxant, accompagn\u00e9 d'une sensation euphorique qui procure au consommateur une\u2026","_links":{"self":[{"href":"https:\/\/bulkgenetics.com\/fr\/wp-json\/wp\/v2\/product\/18482","targetHints":{"allow":["GET"]}}],"collection":[{"href":"https:\/\/bulkgenetics.com\/fr\/wp-json\/wp\/v2\/product"}],"about":[{"href":"https:\/\/bulkgenetics.com\/fr\/wp-json\/wp\/v2\/types\/product"}],"replies":[{"embeddable":true,"href":"https:\/\/bulkgenetics.com\/fr\/wp-json\/wp\/v2\/comments?post=18482"}],"wp:featuredmedia":[{"embeddable":true,"href":"https:\/\/bulkgenetics.com\/fr\/wp-json\/wp\/v2\/media\/18475"}],"wp:attachment":[{"href":"https:\/\/bulkgenetics.com\/fr\/wp-json\/wp\/v2\/media?parent=18482"}],"wp:term":[{"taxonomy":"product_brand","embeddable":true,"href":"https:\/\/bulkgenetics.com\/fr\/wp-json\/wp\/v2\/product_brand?post=18482"},{"taxonomy":"product_cat","embeddable":true,"href":"https:\/\/bulkgenetics.com\/fr\/wp-json\/wp\/v2\/product_cat?post=18482"},{"taxonomy":"product_tag","embeddable":true,"href":"https:\/\/bulkgenetics.com\/fr\/wp-json\/wp\/v2\/product_tag?post=18482"}],"curies":[{"name":"wp","href":"https:\/\/api.w.org\/{rel}","templated":true}]}}