{"id":19085,"date":"2023-08-29T10:12:10","date_gmt":"2023-08-29T08:12:10","guid":{"rendered":"https:\/\/bulkgenetics.com\/?post_type=product&#038;p=19085"},"modified":"2024-10-08T01:08:51","modified_gmt":"2024-10-07T23:08:51","slug":"mimosa-auto","status":"publish","type":"product","link":"https:\/\/bulkgenetics.com\/fr\/mimosa-auto\/","title":{"rendered":"Mimosa Auto"},"content":{"rendered":"\n<p>\u00c0 l&#8217;intersection de la g\u00e9n\u00e9tique sup\u00e9rieure et du go\u00fbt exceptionnel se trouve Mimosa Auto. N\u00e9e de l&#8217;union entre la c\u00e9l\u00e8bre Purple Punch et la famille exub\u00e9rante de Clementine, cette souche a tout ce qu&#8217;il faut pour devenir votre nouvelle pr\u00e9f\u00e9r\u00e9e. Son profil g\u00e9n\u00e9tique de <b>65% sativa, 30% indica et 5% ruderalis<\/b> garantit un effet puissant et une facilit\u00e9 de culture in\u00e9galable.<\/p>\n\n\n\n<p>Chaque bourgeon de Mimosa Auto est une \u0153uvre d&#8217;art. Avec un niveau de <strong>THC de<\/strong> <b>21%<\/b>, elle est aussi puissante que n&#8217;importe quelle vari\u00e9t\u00e9 photop\u00e9riodique que vous pourriez trouver. Elle est con\u00e7ue pour compl\u00e9ter votre vie active et sociale, offrant un effet relaxant et cr\u00e9atif. Mais l&#8217;exp\u00e9rience ne s&#8217;arr\u00eate pas l\u00e0 ; les saveurs d&#8217;agrumes de citron vert, d&#8217;orange et de citron, compl\u00e9t\u00e9es par une l\u00e9g\u00e8re touche de diesel, la rendent incomparable.<\/p>\n\n\n\n<h2 class=\"wp-block-heading\">Comment cultiver Mimosa Auto<\/h2>\n\n\n\n<p>Mimosa Auto n&#8217;est pas tr\u00e8s exigeante en mati\u00e8re d&#8217;arrosage et de nutriments. Vous devrez donc vous assurer de ne pas sur-fertiliser vos plantes et suivre un r\u00e9gime de nutriments \u00e9quilibr\u00e9 pour maximiser le rendement.<\/p>\n\n\n\n<p>Bien qu&#8217;elle soit une plante r\u00e9sistante, il est recommand\u00e9 d&#8217;utiliser des produits pr\u00e9ventifs biologiques et de maintenir un environnement propre pour \u00e9viter le d\u00e9veloppement de parasites et de maladies. Effectuez des inspections r\u00e9guli\u00e8res pour d\u00e9tecter les signes d&#8217;infestation.<\/p>\n\n\n\n<p>Cette vari\u00e9t\u00e9 est aussi g\u00e9n\u00e9reuse dans sa culture que dans sa consommation. En int\u00e9rieur, sa hauteur varie entre 60 et 150 cm, ce qui la rend parfaite m\u00eame pour des espaces r\u00e9duits. Avec une p\u00e9riode de floraison de 7 \u00e0 8 semaines, vous pouvez vous attendre \u00e0 des r\u00e9coltes de <strong>jusqu&#8217;\u00e0 <\/strong><b>400g\/m\u00b2<\/b>.<\/p>\n\n\n\n<p>Si vous optez pour une culture en ext\u00e9rieur, la plante peut atteindre une hauteur allant jusqu&#8217;\u00e0 160 cm. Dans ces conditions, apr\u00e8s 10 semaines depuis la germination, vous pourrez obtenir <strong>jusqu&#8217;\u00e0 130g par plante<\/strong>. La cl\u00e9 pour atteindre ces rendements est une bonne circulation de l&#8217;air et un sol bien nourri.<\/p>\n\n\n\n<h2 class=\"wp-block-heading\">Caract\u00e9ristiques de Mimosa Auto<\/h2>\n\n\n\n<p>Il est difficile de passer \u00e0 c\u00f4t\u00e9 des qualit\u00e9s physiques de cette plante. Bien qu&#8217;\u00e9tant une autoflorissante, Mimosa Auto affiche une pr\u00e9sence robuste dans le jardin. Attendez-vous \u00e0 une tige principale haute avec des branches lat\u00e9rales plus courtes et des feuilles fines en \u00e9ventail qui peuvent prendre des tons d&#8217;orange ou m\u00eame de violet fonc\u00e9.<\/p>\n\n\n\n<p>Elle est id\u00e9ale pour ceux qui cherchent des rendements \u00e9lev\u00e9s sans la complication de g\u00e9rer une plante de grande taille. Cette vigueur inn\u00e9e du <b>Mimosa Auto<\/b> lui conf\u00e8re une r\u00e9sistance suppl\u00e9mentaire aux intemp\u00e9ries, aux parasites et \u00e0 d&#8217;autres facteurs de stress, ce qui la rend apte m\u00eame pour les cultivateurs novices. Avec ces attributs, il est difficile de trouver une raison de ne pas plonger dans le monde de Mimosa Auto.<\/p>\n\n\n\n<p>Cette vari\u00e9t\u00e9 est connue pour son profil de terp\u00e8nes d&#8217;agrumes, offrant <strong>un ar\u00f4me et un go\u00fbt d&#8217;orange, de citron et de fruits tropicaux<\/strong>. C&#8217;est un d\u00e9lice pour les sens qui rend l&#8217;exp\u00e9rience de consommation particuli\u00e8rement agr\u00e9able.<\/p>\n\n\n\n<p>Mimosa Auto est c\u00e9l\u00e8bre pour ses effets \u00e9quilibr\u00e9s qui incluent une <strong>euphorie douce et un soulagement du stress<\/strong>. Elle est id\u00e9ale pour une utilisation diurne, car elle n&#8217;induit pas de somnolence.<\/p>\n\n\n\n<div style=\"height:50px\" aria-hidden=\"true\" class=\"wp-block-spacer uag-hide-mob\"><\/div>\n\n\n\n<div class=\"wp-block-columns is-layout-flex wp-container-core-columns-is-layout-28f84493 wp-block-columns-is-layout-flex\">\n<div class=\"wp-block-column is-layout-flow wp-block-column-is-layout-flow\">\n<p class=\"has-text-align-center has-medium-font-size\"><strong>Ce que nous aimons le plus<\/strong><\/p>\n\n\n\n<ul class=\"wp-block-list\">\n<li>Tr\u00e8s facile \u00e0 cultiver.<\/li>\n\n\n\n<li>Production \u00e9lev\u00e9e.<\/li>\n\n\n\n<li>R\u00e9colte en seulement 70 jours.<\/li>\n\n\n\n<li>Effets tr\u00e8s relaxants et heureux.<\/li>\n\n\n\n<li>Le prix.<\/li>\n<\/ul>\n<\/div>\n\n\n\n<div class=\"wp-block-column is-layout-flow wp-block-column-is-layout-flow\">\n<p class=\"has-text-align-center has-medium-font-size\"><strong>Ce qui nous pla\u00eet le moins<\/strong><\/p>\n\n\n\n<ul class=\"wp-block-list\">\n<li>Tr\u00e8s odorante pendant la floraison.<\/li>\n<\/ul>\n<\/div>\n<\/div>\n\n\n\n<div style=\"height:50px\" aria-hidden=\"true\" class=\"wp-block-spacer uag-hide-mob\"><\/div>\n\n\n\n<h2 class=\"wp-block-heading\">Questions Fr\u00e9quentes<\/h2>\n\n\n\n<p>Vous trouverez ci-dessous les r\u00e9ponses aux questions les plus fr\u00e9quemment pos\u00e9es par les cultivateurs int\u00e9ress\u00e9s par cette g\u00e9n\u00e9tique :<\/p>\n\n\n<div id=\"rank-math-faq\" class=\"rank-math-block\">\n<div class=\"rank-math-list \">\n<div id=\"faq-question-1663029074962\" class=\"rank-math-list-item\">\n<h3 class=\"rank-math-question \">Quand commence la floraison de Mimosa Auto ?<\/h3>\n<div class=\"rank-math-answer \">\n\n<p>Les plantes autofloraison de Mimosa Auto commencent \u00e0 fleurir automatiquement autour de la 3\u00e8me semaine apr\u00e8s la germination.<\/p>\n\n<\/div>\n<\/div>\n<div id=\"faq-question-1663029159933\" class=\"rank-math-list-item\">\n<h3 class=\"rank-math-question \">Combien de temps faut-il pour r\u00e9colter une Mimosa Auto depuis sa germination ?<\/h3>\n<div class=\"rank-math-answer \">\n\n<p>La Mimosa Auto est g\u00e9n\u00e9ralement pr\u00eate \u00e0 \u00eatre r\u00e9colt\u00e9e en environ 8-10 semaines depuis la germination. Cela inclut \u00e0 la fois la phase v\u00e9g\u00e9tative et la phase de floraison.<\/p>\n\n<\/div>\n<\/div>\n<div id=\"faq-question-1663029165861\" class=\"rank-math-list-item\">\n<h3 class=\"rank-math-question \">Comment cultiver une Mimosa Auto f\u00e9minis\u00e9e ?<\/h3>\n<div class=\"rank-math-answer \">\n\n<p>C&#8217;est une vari\u00e9t\u00e9 tr\u00e8s facile \u00e0 cultiver. Il suffit d&#8217;apporter des nutriments de qualit\u00e9, en \u00e9vitant la sur-fertilisation et en faisant attention \u00e0 d&#8217;\u00e9ventuels parasites.<\/p>\n\n<\/div>\n<\/div>\n<div id=\"faq-question-1666780029954\" class=\"rank-math-list-item\">\n<h3 class=\"rank-math-question \">Quels sont les effets de Mimosa Auto en vrac ?<\/h3>\n<div class=\"rank-math-answer \">\n\n<p>Elle est connue pour son profil \u00e9quilibr\u00e9 d&#8217;effets, qui inclut une euphorie mod\u00e9r\u00e9e et un soulagement du stress. C&#8217;est une vari\u00e9t\u00e9 id\u00e9ale pour une utilisation pendant la journ\u00e9e, car elle n&#8217;induit pas de somnolence.<\/p>\n\n<\/div>\n<\/div>\n<\/div>\n<\/div>","protected":false},"excerpt":{"rendered":"<p>Avec un contenu \u00e9tourdissant de <strong>THC \u00e0 21%<\/strong>, Mimosa Auto vous invite \u00e0 une exp\u00e9rience sensorielle in\u00e9galable. Ses <strong>saveurs d&#8217;agrumes distinctives<\/strong> vous ram\u00e8neront encore et encore. Cette vari\u00e9t\u00e9 est un chef-d&#8217;\u0153uvre g\u00e9n\u00e9tique, m\u00e9langeant 65% de sativa, 30% d&#8217;indica et 5% de ruderalis. Id\u00e9ale pour une consommation diurne, elle favorise un effet \u00e9difiant qui illumine toute activit\u00e9. Et pour les cultivateurs, elle promet des rendements exceptionnels en un temps record. Vous cherchez un \u00e9quilibre parfait entre <strong>saveur, puissance et facilit\u00e9 de culture<\/strong> ? Ne cherchez plus ; Mimosa Auto est votre choix.<\/p>\n","protected":false},"featured_media":19080,"comment_status":"open","ping_status":"closed","template":"","meta":{"_acf_changed":false,"inline_featured_image":false,"_uag_custom_page_level_css":""},"product_brand":[],"product_cat":[2265],"product_tag":[],"class_list":{"0":"post-19085","1":"product","2":"type-product","3":"status-publish","4":"has-post-thumbnail","6":"product_cat-graines-autofloraison-en-gros","8":"first","9":"instock","10":"taxable","11":"shipping-taxable","12":"purchasable","13":"product-type-simple"},"acf":[],"uagb_featured_image_src":{"full":["https:\/\/bulkgenetics.com\/wp-content\/uploads\/2023\/08\/mimosa-auto-weed-strain.jpg",1600,1600,false],"thumbnail":["https:\/\/bulkgenetics.com\/wp-content\/uploads\/2023\/08\/mimosa-auto-weed-strain-150x150.jpg",150,150,true],"medium":["https:\/\/bulkgenetics.com\/wp-content\/uploads\/2023\/08\/mimosa-auto-weed-strain-300x300.jpg",300,300,true],"medium_large":["https:\/\/bulkgenetics.com\/wp-content\/uploads\/2023\/08\/mimosa-auto-weed-strain-768x768.jpg",768,768,true],"large":["https:\/\/bulkgenetics.com\/wp-content\/uploads\/2023\/08\/mimosa-auto-weed-strain-1024x1024.jpg",1024,1024,true],"1536x1536":["https:\/\/bulkgenetics.com\/wp-content\/uploads\/2023\/08\/mimosa-auto-weed-strain-1536x1536.jpg",1536,1536,true],"2048x2048":["https:\/\/bulkgenetics.com\/wp-content\/uploads\/2023\/08\/mimosa-auto-weed-strain.jpg",1600,1600,false],"commercegurus-pdp-large":["https:\/\/bulkgenetics.com\/wp-content\/uploads\/2023\/08\/mimosa-auto-weed-strain-990x990.jpg",990,990,true],"commercegurus-plp-mobile":["https:\/\/bulkgenetics.com\/wp-content\/uploads\/2023\/08\/mimosa-auto-weed-strain-441x441.jpg",441,441,true],"cgkit_image_swatch":["https:\/\/bulkgenetics.com\/wp-content\/uploads\/2023\/08\/mimosa-auto-weed-strain-100x100.jpg",100,100,true],"woocommerce_thumbnail":["https:\/\/bulkgenetics.com\/wp-content\/uploads\/2023\/08\/mimosa-auto-weed-strain-300x300.jpg",300,300,true],"woocommerce_single":["https:\/\/bulkgenetics.com\/wp-content\/uploads\/2023\/08\/mimosa-auto-weed-strain-800x800.jpg",800,800,true],"woocommerce_gallery_thumbnail":["https:\/\/bulkgenetics.com\/wp-content\/uploads\/2023\/08\/mimosa-auto-weed-strain-150x150.jpg",150,150,true],"dgwt-wcas-product-suggestion":["https:\/\/bulkgenetics.com\/wp-content\/uploads\/2023\/08\/mimosa-auto-weed-strain-64x64.jpg",64,64,true]},"uagb_author_info":{"display_name":"\u00c1ngel Flores","author_link":"https:\/\/bulkgenetics.com\/fr\/author\/"},"uagb_comment_info":1,"uagb_excerpt":"Avec un contenu \u00e9tourdissant de THC \u00e0 21%, Mimosa Auto vous invite \u00e0 une exp\u00e9rience sensorielle in\u00e9galable. Ses saveurs d'agrumes distinctives vous ram\u00e8neront encore et encore. Cette vari\u00e9t\u00e9 est un chef-d'\u0153uvre g\u00e9n\u00e9tique, m\u00e9langeant 65% de sativa, 30% d'indica et 5% de ruderalis. Id\u00e9ale pour une consommation diurne, elle favorise un effet \u00e9difiant qui illumine toute\u2026","_links":{"self":[{"href":"https:\/\/bulkgenetics.com\/fr\/wp-json\/wp\/v2\/product\/19085","targetHints":{"allow":["GET"]}}],"collection":[{"href":"https:\/\/bulkgenetics.com\/fr\/wp-json\/wp\/v2\/product"}],"about":[{"href":"https:\/\/bulkgenetics.com\/fr\/wp-json\/wp\/v2\/types\/product"}],"replies":[{"embeddable":true,"href":"https:\/\/bulkgenetics.com\/fr\/wp-json\/wp\/v2\/comments?post=19085"}],"wp:featuredmedia":[{"embeddable":true,"href":"https:\/\/bulkgenetics.com\/fr\/wp-json\/wp\/v2\/media\/19080"}],"wp:attachment":[{"href":"https:\/\/bulkgenetics.com\/fr\/wp-json\/wp\/v2\/media?parent=19085"}],"wp:term":[{"taxonomy":"product_brand","embeddable":true,"href":"https:\/\/bulkgenetics.com\/fr\/wp-json\/wp\/v2\/product_brand?post=19085"},{"taxonomy":"product_cat","embeddable":true,"href":"https:\/\/bulkgenetics.com\/fr\/wp-json\/wp\/v2\/product_cat?post=19085"},{"taxonomy":"product_tag","embeddable":true,"href":"https:\/\/bulkgenetics.com\/fr\/wp-json\/wp\/v2\/product_tag?post=19085"}],"curies":[{"name":"wp","href":"https:\/\/api.w.org\/{rel}","templated":true}]}}