{"id":19293,"date":"2023-10-02T11:52:29","date_gmt":"2023-10-02T09:52:29","guid":{"rendered":"https:\/\/bulkgenetics.com\/?post_type=product&#038;p=19293"},"modified":"2024-10-08T01:08:51","modified_gmt":"2024-10-07T23:08:51","slug":"miracle-alien-cookies","status":"publish","type":"product","link":"https:\/\/bulkgenetics.com\/fr\/miracle-alien-cookies\/","title":{"rendered":"Miracle Alien Cookies"},"content":{"rendered":"\n<p>La <strong>Miracle Alien Cookies<\/strong>, plus connue sous le nom de <em>MAC<\/em>, est une strain qui poss\u00e8de une histoire \u00e9pique et unique. Tout a commenc\u00e9 avec le croisement entre une <strong>Starfighter<\/strong> et une landrace de <strong>Colombian Gold<\/strong>. Apr\u00e8s un incident malheureux dans une machine \u00e0 laver, une seule graine a surv\u00e9cu, surnomm\u00e9e &#8220;Miracle 15&#8221;. Ce survivant, un m\u00e2le, a ensuite \u00e9t\u00e9 crois\u00e9 avec <strong>Alien Cookies<\/strong>, donnant naissance \u00e0 la fameuse vari\u00e9t\u00e9 connue sous le nom de <strong>Miracle Alien Cookies<\/strong>.<\/p>\n\n\n\n<p>La <strong>MAC<\/strong> d\u00e9veloppe des plantes \u00e9l\u00e9gantes et compactes, typiques d&#8217;une indica, atteignant jusqu&#8217;\u00e0 2 m\u00e8tres de hauteur en ext\u00e9rieur. Ses t\u00eates sont un v\u00e9ritable spectacle visuel : denses, recouvertes d&#8217;une \u00e9paisse couche de trichomes r\u00e9sineux qui leur donne un \u00e9clat presque lunaire. De couleur vert menthe avec des pistils orange dispers\u00e9s, ces t\u00eates seront un cadeau m\u00eame pour le cultivateur le plus exigeant.<\/p>\n\n\n\n<h2 class=\"wp-block-heading\">Saveur et Effets<\/h2>\n\n\n\n<p>La <strong>Miracle Alien Cookies<\/strong> n&#8217;est pas seulement attrayante \u00e0 la vue, elle ravit \u00e9galement les papilles avec son go\u00fbt unique et inoubliable. En la consommant, tu d\u00e9couvriras un m\u00e9lange d&#8217;agrumes, d&#8217;\u00e9pices, de notes bois\u00e9es et de touches biscuit\u00e9es h\u00e9rit\u00e9es de ses g\u00e8nes <a href=\"https:\/\/bulkgenetics.com\/fr\/girl-scout-cookies\/\"><strong>Girl Scout Cookies<\/strong><\/a>. Cette combinaison cr\u00e9e une exp\u00e9rience gustative unique, parfaite pour ceux qui cherchent quelque chose de sp\u00e9cial \u00e0 chaque bouff\u00e9e. L&#8217;ar\u00f4me inclut des agrumes frais, des \u00e9pices chaudes et une touche terreuse qui impr\u00e8gne l&#8217;air et t&#8217;invite \u00e0 profiter de son profil d\u00e9licieux.<\/p>\n\n\n\n<p>Avec une teneur en <strong>THC<\/strong> variant entre 20% et 25%, les t\u00eates procurent un effet puissant et durable. Ce niveau \u00e9lev\u00e9 de THC garantit une exp\u00e9rience intense, id\u00e9ale pour ceux qui cherchent un high euphorique et cr\u00e9atif. Ses faibles niveaux de <strong>CBD<\/strong> (moins de 1%) assurent que l&#8217;accent soit mis sur ses propri\u00e9t\u00e9s psychoactives, offrant une relaxation profonde sans sensation de s\u00e9dation.<\/p>\n\n\n\n<h3 class=\"wp-block-heading\">Terp\u00e8nes de la Miracle Alien Cookies<\/h3>\n\n\n\n<p>La <strong>Miracle Alien Cookies<\/strong> est charg\u00e9e de terp\u00e8nes qui non seulement enrichissent son profil aromatique, mais aussi renforcent ses effets th\u00e9rapeutiques. Parmi les plus remarquables, on trouve :<\/p>\n\n\n\n<ul class=\"wp-block-list\">\n<li><strong>Alpha-Humul\u00e8ne :<\/strong> Avec son ar\u00f4me terreux et \u00e9pic\u00e9, ce terp\u00e8ne est connu pour ses propri\u00e9t\u00e9s anti-inflammatoires et analg\u00e9siques, aidant \u00e0 soulager la douleur et l&#8217;inflammation.<\/li>\n\n\n\n<li><strong>Delta-3-Car\u00e8ne :<\/strong> Apporte une touche sucr\u00e9e et piquante, et est r\u00e9put\u00e9 pour ses bienfaits pour la sant\u00e9 osseuse et ses propri\u00e9t\u00e9s anti-inflammatoires.<\/li>\n\n\n\n<li><strong>Limon\u00e8ne :<\/strong> Avec un ar\u00f4me frais d&#8217;agrumes, ce terp\u00e8ne est connu pour ses effets stimulants sur l&#8217;humeur et ses propri\u00e9t\u00e9s anxiolytiques, parfaites pour r\u00e9duire le stress et l&#8217;anxi\u00e9t\u00e9.<\/li>\n<\/ul>\n\n\n\n<p>Ces terp\u00e8nes n&#8217;am\u00e9liorent pas seulement l&#8217;exp\u00e9rience sensorielle, mais apportent \u00e9galement des bienfaits m\u00e9dicinaux qui font de la <strong>MAC<\/strong> une option id\u00e9ale tant pour un usage r\u00e9cr\u00e9atif que th\u00e9rapeutique. Avec sa combinaison d&#8217;ar\u00f4mes et d&#8217;effets, la <strong>Miracle Alien Cookies<\/strong> t&#8217;offre une exp\u00e9rience compl\u00e8te qui va au-del\u00e0 de l&#8217;ordinaire, te fournissant un \u00e9quilibre parfait entre saveur et bien-\u00eatre.<\/p>\n\n\n\n<h2 class=\"wp-block-heading\">Production et Temps de Floraison<\/h2>\n\n\n\n<p>La <strong>Miracle Alien Cookies<\/strong> est une excellente option tant pour les cultivateurs novices que pour les experts, gr\u00e2ce \u00e0 sa capacit\u00e9 \u00e0 bien s&#8217;adapter aux cultures int\u00e9rieures et ext\u00e9rieures. Dans des conditions optimales, cette strain d\u00e9montre sa g\u00e9n\u00e9tique sup\u00e9rieure par une production g\u00e9n\u00e9reuse et constante.<\/p>\n\n\n\n<p>En int\u00e9rieur, elle peut produire environ <strong>450 \u00e0 500 grammes<\/strong> par m\u00e8tre carr\u00e9. Son temps de floraison est relativement court, avec une moyenne de <strong>9 \u00e0 10 semaines<\/strong>, ce qui permet aux cultivateurs de planifier plusieurs r\u00e9coltes par an. Sa structure compacte et robuste la rend id\u00e9ale pour les espaces de culture avec des limitations de hauteur, atteignant environ 1,2 m\u00e8tre de hauteur.<\/p>\n\n\n\n<p>En ext\u00e9rieur, cette vari\u00e9t\u00e9 montre tout son potentiel. Lorsqu&#8217;elle est cultiv\u00e9e sous la lumi\u00e8re directe du soleil, elle peut atteindre des hauteurs impressionnantes allant jusqu&#8217;\u00e0 2 m\u00e8tres. La production ext\u00e9rieure est encore plus remarquable, avec des rendements pouvant d\u00e9passer <strong>le kilogramme par plante<\/strong>. Les cultivateurs peuvent s&#8217;attendre \u00e0 r\u00e9colter vers la mi-octobre.<\/p>\n\n\n\n<h2 class=\"wp-block-heading\">Comment Cultiver la Miracle Alien Cookies<\/h2>\n\n\n\n<p>Pour cultiver cette plante, il est important de prendre en compte certains aspects qui garantiront une r\u00e9colte abondante. Cette strain est mod\u00e9r\u00e9ment facile \u00e0 cultiver, elle est donc adapt\u00e9e tant aux cultivateurs novices qu&#8217;\u00e0 ceux ayant plus d&#8217;exp\u00e9rience. Sa r\u00e9sistance naturelle aux nuisibles et aux maladies contribue \u00e9galement \u00e0 rendre la culture moins probl\u00e9matique.<\/p>\n\n\n\n<p>Le climat id\u00e9al pour la <strong>MAC<\/strong> est temp\u00e9r\u00e9 et ensoleill\u00e9. Les temp\u00e9ratures diurnes doivent se maintenir entre 20\u00b0C et 27\u00b0C, tandis que les temp\u00e9ratures nocturnes peuvent \u00eatre l\u00e9g\u00e8rement plus basses. L&#8217;humidit\u00e9 doit \u00eatre maintenue dans une plage mod\u00e9r\u00e9e, autour de 55% \u00e0 60% pendant la phase v\u00e9g\u00e9tative, r\u00e9duisant \u00e0 40% pendant la phase de floraison et enfin \u00e0 30% au moment de la r\u00e9colte.<\/p>\n\n\n\n<p>Un des grands avantages de la <strong>MAC<\/strong> est sa capacit\u00e9 \u00e0 s&#8217;adapter tant aux cultures int\u00e9rieures qu&#8217;ext\u00e9rieures. En int\u00e9rieur, il est crucial de surveiller de pr\u00e8s la temp\u00e9rature et l&#8217;humidit\u00e9, et de consid\u00e9rer l&#8217;utilisation de techniques comme le LST (Low-Stress Training) pour maximiser la production. En ext\u00e9rieur, cette plante b\u00e9n\u00e9ficie \u00e9norm\u00e9ment de la lumi\u00e8re solaire directe et peut atteindre son plein potentiel en termes de hauteur et de production.<\/p>\n\n\n\n<div style=\"height:50px\" aria-hidden=\"true\" class=\"wp-block-spacer uag-hide-mob\"><\/div>\n\n\n\n<div class=\"wp-block-columns is-layout-flex wp-container-core-columns-is-layout-28f84493 wp-block-columns-is-layout-flex\">\n<div class=\"wp-block-column is-layout-flow wp-block-column-is-layout-flow\">\n<p class=\"has-text-align-center has-medium-font-size\"><strong>Ce que nous aimons le plus<\/strong><\/p>\n\n\n\n<ul class=\"wp-block-list\">\n<li>Rendement g\u00e9n\u00e9reux tant en int\u00e9rieur qu&#8217;en ext\u00e9rieur<\/li>\n\n\n\n<li>Profil de terp\u00e8nes unique offrant des saveurs et ar\u00f4mes intenses<\/li>\n\n\n\n<li>Effets \u00e9quilibr\u00e9s combinant relaxation et euphorie<\/li>\n\n\n\n<li>R\u00e9sistance aux nuisibles et aux maladies<\/li>\n<\/ul>\n<\/div>\n\n\n\n<div class=\"wp-block-column is-layout-flow wp-block-column-is-layout-flow\">\n<p class=\"has-text-align-center has-medium-font-size\"><strong>Ce que nous aimons le moins<\/strong><\/p>\n\n\n\n<ul class=\"wp-block-list\">\n<li>N\u00e9cessite un contr\u00f4le pr\u00e9cis de l&#8217;humidit\u00e9 pendant la culture<\/li>\n\n\n\n<li>Peut atteindre une hauteur consid\u00e9rable en int\u00e9rieur, n\u00e9cessitant un espace ad\u00e9quat<\/li>\n<\/ul>\n<\/div>\n<\/div>\n\n\n\n<div style=\"height:50px\" aria-hidden=\"true\" class=\"wp-block-spacer uag-hide-mob\"><\/div>\n\n\n\n<h2 class=\"wp-block-heading\">Questions Fr\u00e9quentes<\/h2>\n\n\n\n<p>Voici les r\u00e9ponses aux questions les plus fr\u00e9quemment pos\u00e9es par les cultivateurs int\u00e9ress\u00e9s par cette strain :<\/p>\n\n\n<div id=\"rank-math-faq\" class=\"rank-math-block\">\n<div class=\"rank-math-list \">\n<div id=\"faq-question-1721917892335\" class=\"rank-math-list-item\">\n<h3 class=\"rank-math-question \">Est-ce que Miracle Alien Cookies est une sativa ou une indica ?<\/h3>\n<div class=\"rank-math-answer \">\n\n<p>La <strong>Miracle Alien Cookies<\/strong> est une vari\u00e9t\u00e9 hybride \u00e0 dominance indica, avec une composition d&#8217;environ 60% indica et 40% sativa. Les plantes indica sont g\u00e9n\u00e9ralement plus compactes et robustes, fournissant un effet relaxant et calmant, id\u00e9al pour la d\u00e9tente et le soulagement de la douleur. D&#8217;un autre c\u00f4t\u00e9, les plantes sativa sont connues pour leur hauteur et leur structure plus \u00e9lanc\u00e9e, et leurs effets ont tendance \u00e0 \u00eatre plus stimulants et euphoriques. La <strong>MAC<\/strong> combine le meilleur des deux mondes, offrant une exp\u00e9rience \u00e9quilibr\u00e9e entre relaxation corporelle et stimulation mentale.<\/p>\n\n<\/div>\n<\/div>\n<div id=\"faq-question-1721917893476\" class=\"rank-math-list-item\">\n<h3 class=\"rank-math-question \">Quel croisement est Miracle Alien Cookies ?<\/h3>\n<div class=\"rank-math-answer \">\n\n<p>La <strong>Miracle Alien Cookies<\/strong> est le r\u00e9sultat du croisement entre <strong>Alien Cookies<\/strong> et un m\u00e2le hybride incluant <strong>Starfighter<\/strong> et <strong>Colombian Gold<\/strong>. Ce croisement unique a donn\u00e9 lieu \u00e0 une vari\u00e9t\u00e9 avec des caract\u00e9ristiques exceptionnelles tant au niveau du go\u00fbt que des effets.<\/p>\n\n<\/div>\n<\/div>\n<div id=\"faq-question-1663029074962\" class=\"rank-math-list-item\">\n<h3 class=\"rank-math-question \">Quand commence la floraison de Miracle Alien Cookies en ext\u00e9rieur ?<\/h3>\n<div class=\"rank-math-answer \">\n\n<p>En culture ext\u00e9rieure, la floraison de la <strong>MAC<\/strong> commence au cours de la premi\u00e8re quinzaine du mois d&#8217;ao\u00fbt, selon la latitude de la culture. En int\u00e9rieur, la p\u00e9riode de floraison est d&#8217;environ 9 \u00e0 10 semaines.<\/p>\n\n<\/div>\n<\/div>\n<div id=\"faq-question-1663029159933\" class=\"rank-math-list-item\">\n<h3 class=\"rank-math-question \">Quand r\u00e9colter une Miracle Alien Cookies en ext\u00e9rieur ?<\/h3>\n<div class=\"rank-math-answer \">\n\n<p>C&#8217;est une vari\u00e9t\u00e9 \u00e0 floraison rapide qui se r\u00e9colte vers la deuxi\u00e8me semaine du mois d&#8217;octobre environ.<\/p>\n\n<\/div>\n<\/div>\n<div id=\"faq-question-1663029165861\" class=\"rank-math-list-item\">\n<h3 class=\"rank-math-question \">Comment cultiver une Miracle Alien Cookies f\u00e9minis\u00e9e ?<\/h3>\n<div class=\"rank-math-answer \">\n\n<p>La <strong>MAC<\/strong> est une plante facile \u00e0 cultiver, r\u00e9sistante aux nuisibles et aux maladies. Pour maximiser la production, il est indispensable d&#8217;utiliser de bons nutriments et des techniques de culture comme le LST en int\u00e9rieur. Elle n\u00e9cessite un climat temp\u00e9r\u00e9 et ensoleill\u00e9, avec un contr\u00f4le pr\u00e9cis de l&#8217;humidit\u00e9 pour assurer un d\u00e9veloppement optimal.<\/p>\n\n<\/div>\n<\/div>\n<div id=\"faq-question-1666780029954\" class=\"rank-math-list-item\">\n<h3 class=\"rank-math-question \">Quels sont les effets de Miracle Alien Cookies en vrac ?<\/h3>\n<div class=\"rank-math-answer \">\n\n<p>La <strong>Miracle Alien Cookies<\/strong> offre une combinaison d&#8217;effets incluant une euphorie mentale cr\u00e9ative et une relaxation corporelle profonde. Les utilisateurs rapportent des sensations de bonheur, de cr\u00e9ativit\u00e9 et de soulagement du stress, ce qui en fait une option id\u00e9ale tant pour un usage r\u00e9cr\u00e9atif que th\u00e9rapeutique.<\/p>\n\n<\/div>\n<\/div>\n<div id=\"faq-question-1721917981239\" class=\"rank-math-list-item\">\n<h3 class=\"rank-math-question \">Quel est le go\u00fbt de Miracle Alien Cookies ?<\/h3>\n<div class=\"rank-math-answer \">\n\n<p>La <strong>Miracle Alien Cookies<\/strong> offre un go\u00fbt intrigant et m\u00e9morable, un m\u00e9lange d&#8217;agrumes, d&#8217;\u00e9pices et de notes bois\u00e9es. Son ar\u00f4me inclut un bouquet d&#8217;agrumes frais, d&#8217;\u00e9pices chaudes et une touche terreuse qui ravit les sens.<\/p>\n\n<\/div>\n<\/div>\n<div id=\"faq-question-1721917982561\" class=\"rank-math-list-item\">\n<h3 class=\"rank-math-question \">Quel est le contenu en cannabino\u00efdes de Miracle Alien Cookies ?<\/h3>\n<div class=\"rank-math-answer \">\n\n<p>Les t\u00eates de la <strong>MAC<\/strong> contiennent un taux \u00e9lev\u00e9 de <strong>THC<\/strong>, variant entre 20% et 25%. Le contenu en <strong>CBD<\/strong> est faible, g\u00e9n\u00e9ralement inf\u00e9rieur \u00e0 1%, ce qui amplifie ses effets psychoactifs et th\u00e9rapeutiques.<\/p>\n\n<\/div>\n<\/div>\n<\/div>\n<\/div>","protected":false},"excerpt":{"rendered":"<p><b>Miracle Alien Cookies<\/b> t&#8217;offre une exp\u00e9rience unique avec des <strong>effets euphoriques et relaxants<\/strong>, combin\u00e9s \u00e0 une <strong>saveur citronn\u00e9e et \u00e9pic\u00e9e<\/strong>. Parfaite pour soulager le stress et la d\u00e9pression, cette strain est facile \u00e0 cultiver et promet des <strong>r\u00e9coltes abondantes<\/strong> tant en int\u00e9rieur qu&#8217;en ext\u00e9rieur.<\/p>\n","protected":false},"featured_media":19300,"comment_status":"open","ping_status":"closed","template":"","meta":{"_acf_changed":false,"inline_featured_image":false,"_uag_custom_page_level_css":""},"product_brand":[],"product_cat":[1125],"product_tag":[],"class_list":{"0":"post-19293","1":"product","2":"type-product","3":"status-publish","4":"has-post-thumbnail","6":"product_cat-graines-feminisees-en-gros","8":"first","9":"instock","10":"taxable","11":"shipping-taxable","12":"purchasable","13":"product-type-simple"},"acf":[],"uagb_featured_image_src":{"full":["https:\/\/bulkgenetics.com\/wp-content\/uploads\/2023\/10\/miracle-alien-cookies-mac-seeds-weed-strain-bulk.jpg",1600,1600,false],"thumbnail":["https:\/\/bulkgenetics.com\/wp-content\/uploads\/2023\/10\/miracle-alien-cookies-mac-seeds-weed-strain-bulk-150x150.jpg",150,150,true],"medium":["https:\/\/bulkgenetics.com\/wp-content\/uploads\/2023\/10\/miracle-alien-cookies-mac-seeds-weed-strain-bulk-300x300.jpg",300,300,true],"medium_large":["https:\/\/bulkgenetics.com\/wp-content\/uploads\/2023\/10\/miracle-alien-cookies-mac-seeds-weed-strain-bulk-768x768.jpg",768,768,true],"large":["https:\/\/bulkgenetics.com\/wp-content\/uploads\/2023\/10\/miracle-alien-cookies-mac-seeds-weed-strain-bulk-1024x1024.jpg",1024,1024,true],"1536x1536":["https:\/\/bulkgenetics.com\/wp-content\/uploads\/2023\/10\/miracle-alien-cookies-mac-seeds-weed-strain-bulk-1536x1536.jpg",1536,1536,true],"2048x2048":["https:\/\/bulkgenetics.com\/wp-content\/uploads\/2023\/10\/miracle-alien-cookies-mac-seeds-weed-strain-bulk.jpg",1600,1600,false],"commercegurus-pdp-large":["https:\/\/bulkgenetics.com\/wp-content\/uploads\/2023\/10\/miracle-alien-cookies-mac-seeds-weed-strain-bulk-990x990.jpg",990,990,true],"commercegurus-plp-mobile":["https:\/\/bulkgenetics.com\/wp-content\/uploads\/2023\/10\/miracle-alien-cookies-mac-seeds-weed-strain-bulk-441x441.jpg",441,441,true],"cgkit_image_swatch":["https:\/\/bulkgenetics.com\/wp-content\/uploads\/2023\/10\/miracle-alien-cookies-mac-seeds-weed-strain-bulk-100x100.jpg",100,100,true],"woocommerce_thumbnail":["https:\/\/bulkgenetics.com\/wp-content\/uploads\/2023\/10\/miracle-alien-cookies-mac-seeds-weed-strain-bulk-300x300.jpg",300,300,true],"woocommerce_single":["https:\/\/bulkgenetics.com\/wp-content\/uploads\/2023\/10\/miracle-alien-cookies-mac-seeds-weed-strain-bulk-800x800.jpg",800,800,true],"woocommerce_gallery_thumbnail":["https:\/\/bulkgenetics.com\/wp-content\/uploads\/2023\/10\/miracle-alien-cookies-mac-seeds-weed-strain-bulk-150x150.jpg",150,150,true],"dgwt-wcas-product-suggestion":["https:\/\/bulkgenetics.com\/wp-content\/uploads\/2023\/10\/miracle-alien-cookies-mac-seeds-weed-strain-bulk-64x64.jpg",64,64,true]},"uagb_author_info":{"display_name":"Bruno Crespo","author_link":"https:\/\/bulkgenetics.com\/fr\/author\/"},"uagb_comment_info":0,"uagb_excerpt":"Miracle Alien Cookies t'offre une exp\u00e9rience unique avec des effets euphoriques et relaxants, combin\u00e9s \u00e0 une saveur citronn\u00e9e et \u00e9pic\u00e9e. Parfaite pour soulager le stress et la d\u00e9pression, cette strain est facile \u00e0 cultiver et promet des r\u00e9coltes abondantes tant en int\u00e9rieur qu'en ext\u00e9rieur.","_links":{"self":[{"href":"https:\/\/bulkgenetics.com\/fr\/wp-json\/wp\/v2\/product\/19293","targetHints":{"allow":["GET"]}}],"collection":[{"href":"https:\/\/bulkgenetics.com\/fr\/wp-json\/wp\/v2\/product"}],"about":[{"href":"https:\/\/bulkgenetics.com\/fr\/wp-json\/wp\/v2\/types\/product"}],"replies":[{"embeddable":true,"href":"https:\/\/bulkgenetics.com\/fr\/wp-json\/wp\/v2\/comments?post=19293"}],"wp:featuredmedia":[{"embeddable":true,"href":"https:\/\/bulkgenetics.com\/fr\/wp-json\/wp\/v2\/media\/19300"}],"wp:attachment":[{"href":"https:\/\/bulkgenetics.com\/fr\/wp-json\/wp\/v2\/media?parent=19293"}],"wp:term":[{"taxonomy":"product_brand","embeddable":true,"href":"https:\/\/bulkgenetics.com\/fr\/wp-json\/wp\/v2\/product_brand?post=19293"},{"taxonomy":"product_cat","embeddable":true,"href":"https:\/\/bulkgenetics.com\/fr\/wp-json\/wp\/v2\/product_cat?post=19293"},{"taxonomy":"product_tag","embeddable":true,"href":"https:\/\/bulkgenetics.com\/fr\/wp-json\/wp\/v2\/product_tag?post=19293"}],"curies":[{"name":"wp","href":"https:\/\/api.w.org\/{rel}","templated":true}]}}