{"id":21920,"date":"2024-01-03T12:53:47","date_gmt":"2024-01-03T11:53:47","guid":{"rendered":"https:\/\/bulkgenetics.com\/?post_type=product&#038;p=21920"},"modified":"2024-10-08T01:08:50","modified_gmt":"2024-10-07T23:08:50","slug":"ghost-og","status":"publish","type":"product","link":"https:\/\/bulkgenetics.com\/fr\/ghost-og\/","title":{"rendered":"Ghost OG"},"content":{"rendered":"\n<p>Ghost OG \u00e9galement connu sous le nom de Ghost OG Kush est un nom qui r\u00e9sonne chez les experts comme chez les novices. Il est bien connu pour ses effets puissants et son ar\u00f4me d&#8217;agrumes.<\/p>\n\n\n\n<p>Si tu es curieux de savoir ce qui fait de cette souche la pr\u00e9f\u00e9r\u00e9e de beaucoup, nous te dirons ici pourquoi ! Nous allons tout d\u00e9cortiquer, de ses origines myst\u00e9rieuses aux conseils pour le cultiver, et crois-moi, tu ne voudras rien manquer.<\/p>\n\n\n\n<h2 class=\"wp-block-heading\">Origine et g\u00e9n\u00e9tique de la Ghost OG<\/h2>\n\n\n\n<p>Maintenant, creusons un peu plus et parlons de l&#8217;origine de la Ghost OG. C&#8217;est un peu un myst\u00e8re, mais la plupart des gens pensent qu&#8217;il s&#8217;agit d&#8217;une bouture de la plante OG Kush originale. Cela signifie qu&#8217;il est comme la prog\u00e9niture de cette c\u00e9l\u00e8bre souche, dont il tire ses solides racines.<\/p>\n\n\n\n<p>Mais il ne s&#8217;agit pas seulement d&#8217;une bouture OG Kush, mais d&#8217;un croisement entre une OG Kush et une souche inconnue dont les g\u00e8nes contiennent de l&#8217;ADN d&#8217;Hindu Kush.<\/p>\n\n\n\n<p>Cette vari\u00e9t\u00e9 n&#8217;est pas n&#8217;importe quelle plante ; elle a quelque chose de sp\u00e9cial dans son ADN ! C&#8217;est un hybride \u00e0 dominante indica, avec des niveaux de THC qui peuvent te faire perdre la t\u00eate si tu ne fais pas attention.<\/p>\n\n\n\n<p>Et crois-moi, les gens adorent cette vari\u00e9t\u00e9 Ghost OG pour ses effets \u00e9tonnants, son go\u00fbt et ses modes de croissance fiables. Mets simplement ces graines de cannabis dans la terre, et sans trop t&#8217;inqui\u00e9ter, tu les verras commencer \u00e0 op\u00e9rer leur magie pour te donner des bourgeons de premier ordre.<\/p>\n\n\n\n<h2 class=\"wp-block-heading\">Caract\u00e9ristiques et effets de Ghost OG<\/h2>\n\n\n\n<p>La Ghost OG a la r\u00e9putation d&#8217;\u00eatre assez forte. Elle est connue sous le nom de &#8220;Phantom OG Strain&#8221; parce qu&#8217;elle est vraiment puissante. Cette plante donne aux gens l&#8217;impression d&#8217;\u00eatre d\u00e9tendus et heureux, comme s&#8217;ils flottaient sur un nuage ou quelque chose comme \u00e7a.<\/p>\n\n\n\n<p>Certains disent que cela les aide aussi \u00e0 mieux dormir, ce qui est g\u00e9nial si quelqu&#8217;un a compt\u00e9 les moutons toute la nuit.<\/p>\n\n\n\n<p>Parlons maintenant de la fa\u00e7on dont cette plante op\u00e8re sa magie. Il joue avec l&#8217;esprit de fa\u00e7on positive, en faisant para\u00eetre les soucis bien loin. Mais bon, vas-y doucement ! Si tu en fais trop, tu risques de te retrouver coll\u00e9 au canap\u00e9.<\/p>\n\n\n\n<p>M\u00eame si elle te d\u00e9tend, ne sois pas surpris si tu finis par rire de presque tout, c&#8217;est l&#8217;un des effets amusants de la Ghost OG pour lequel les gens reviennent toujours.<\/p>\n\n\n\n<h2 class=\"wp-block-heading\">Profil d&#8217;ar\u00f4me de Ghost OG<\/h2>\n\n\n\n<p>Ghost OG a une saveur qui te surprendra, dans le meilleur sens du terme bien s\u00fbr ! Imagine que tu d\u00e9fais ces bourgeons collants ; l&#8217;air est rempli d&#8217;un ar\u00f4me frais d&#8217;agrumes. C&#8217;est comme si tu pelais une orange sous ton nez.<\/p>\n\n\n\n<p>Lorsque tu le go\u00fbteras, tu sentiras les saveurs danser sur ta langue : le pin et le citron sucr\u00e9 se m\u00ealent \u00e0 des notes terreuses qui pourraient te faire penser \u00e0 une promenade dans une for\u00eat luxuriante.<\/p>\n\n\n\n<p>Maintenant, les gens paniquent souvent \u00e0 propos de la douceur avec laquelle on peut fumer cette herbe. Pas d&#8217;\u00e2pret\u00e9 ici, juste une fum\u00e9e fra\u00eeche et cr\u00e9meuse qui descend facilement et laisse un arri\u00e8re-go\u00fbt aussi agr\u00e9able que si tu sirotais une tisane sucr\u00e9e.<\/p>\n\n\n\n<p>Alors si tu aimes la saveur avec ta d\u00e9fonce, procure-toi la Ghost OG et laisse tes papilles gustatives s&#8217;amuser.<\/p>\n\n\n\n<h2 class=\"wp-block-heading\">Comment cultiver Ghost OG<\/h2>\n\n\n\n<p>Alors, es-tu pr\u00eat \u00e0 essayer de faire pousser Ghost OG ? G\u00e9nial ! Cette plante aime un endroit avec de la place pour s&#8217;\u00e9tendre. Pr\u00e9pare bien le sol ; il doit bien se drainer mais retenir suffisamment d&#8217;eau pour que tes plantes ne se d\u00e9shydratent pas. En outre, le substrat doit \u00eatre spongieux et a\u00e9r\u00e9 pour que les racines puissent bien se d\u00e9velopper.<\/p>\n\n\n\n<p>Pour garantir des rendements maximums, il est essentiel d&#8217;utiliser de bons nutriments, en particulier suffisamment d&#8217;azote pour permettre \u00e0 la plante de se d\u00e9velopper pendant la phase v\u00e9g\u00e9tative.<\/p>\n\n\n\n<p>Parlons de la garniture, des bonnes choses. Coupe le haut de la tige principale lorsque ta plante est jeune. Cela permet \u00e0 plus de branches de pousser, ce qui signifie plus de bourgeons au moment de la r\u00e9colte.  <\/p>\n\n\n\n<p>En parlant de r\u00e9colte, la patience est la cl\u00e9. Attends que ces bourgeons soient bien m\u00fbrs avant de les cueillir, cela en vaudra la peine, je te le promets.  <\/p>\n\n\n\n<p>N&#8217;oublie pas de v\u00e9rifier souvent s&#8217;il y a des parasites, ils peuvent appara\u00eetre soudainement (petites bestioles !). Mais avec un peu d&#8217;amour et de soin, attends-toi \u00e0 une r\u00e9colte abondante de cette beaut\u00e9.<\/p>\n\n\n\n<div style=\"height:50px\" aria-hidden=\"true\" class=\"wp-block-spacer uag-hide-mob\"><\/div>\n\n\n\n<div class=\"wp-block-columns is-layout-flex wp-container-core-columns-is-layout-28f84493 wp-block-columns-is-layout-flex\">\n<div class=\"wp-block-column is-layout-flow wp-block-column-is-layout-flow\">\n<p class=\"has-text-align-center has-medium-font-size\"><strong>Ce qui nous pla\u00eet le plus<\/strong><\/p>\n\n\n\n<ul class=\"wp-block-list\">\n<li>Tr\u00e8s facile \u00e0 cultiver<\/li>\n\n\n\n<li>Production \u00e9lev\u00e9e.<\/li>\n\n\n\n<li>Un go\u00fbt d\u00e9licieux.<\/li>\n\n\n\n<li>Id\u00e9al pour dormir.<\/li>\n\n\n\n<li>Son prix.<\/li>\n<\/ul>\n<\/div>\n\n\n\n<div class=\"wp-block-column is-layout-flow wp-block-column-is-layout-flow\">\n<p class=\"has-text-align-center has-medium-font-size\"><strong>Ce que nous aimons le moins<\/strong><\/p>\n\n\n\n<ul class=\"wp-block-list\">\n<li>Ce n&#8217;est pas la souche la plus recommand\u00e9e pour ceux qui recherchent des effets psychoactifs.<\/li>\n\n\n\n<li>Effet narcotique si on le fume trop.<\/li>\n<\/ul>\n<\/div>\n<\/div>\n\n\n\n<div style=\"height:50px\" aria-hidden=\"true\" class=\"wp-block-spacer uag-hide-mob\"><\/div>\n\n\n\n<h2 class=\"wp-block-heading\">Questions fr\u00e9quemment pos\u00e9es<\/h2>\n\n\n\n<p>Vous trouverez ci-dessous les r\u00e9ponses aux questions les plus fr\u00e9quemment pos\u00e9es par les cultivateurs int\u00e9ress\u00e9s par cette vari\u00e9t\u00e9 :<\/p>\n\n\n<div id=\"rank-math-faq\" class=\"rank-math-block\">\n<div class=\"rank-math-list \">\n<div id=\"faq-question-1663029074962\" class=\"rank-math-list-item\">\n<h3 class=\"rank-math-question \">Quand Ghost OG commence-t-elle \u00e0 fleurir \u00e0 l&#8217;ext\u00e9rieur ?<\/h3>\n<div class=\"rank-math-answer \">\n\n<p>La floraison en ext\u00e9rieur de Ghost OG commence g\u00e9n\u00e9ralement \u00e0 la fin de l&#8217;\u00e9t\u00e9 ou au d\u00e9but de l&#8217;automne, en fonction du climat sp\u00e9cifique. Dans l&#8217;h\u00e9misph\u00e8re nord, c&#8217;est g\u00e9n\u00e9ralement vers la fin du mois d&#8217;ao\u00fbt ou en septembre, lorsque les jours commencent \u00e0 raccourcir, signalant \u00e0 la plante qu&#8217;il est temps d&#8217;entamer sa phase de floraison.<\/p>\n\n<\/div>\n<\/div>\n<div id=\"faq-question-1663029159933\" class=\"rank-math-list-item\">\n<h3 class=\"rank-math-question \">Quand faut-il couper un Ghost OG en plein air ?<\/h3>\n<div class=\"rank-math-answer \">\n\n<p>La coupe d&#8217;une Ghost OG d&#8217;ext\u00e9rieur doit \u00eatre effectu\u00e9e lorsque les bourgeons sont matures, ce qui est g\u00e9n\u00e9ralement le cas environ 8 \u00e0 9 semaines apr\u00e8s le d\u00e9but de la floraison. Il est important d&#8217;observer les trichomes sur les bourgeons ; lorsque la plupart d&#8217;entre eux sont laiteux ou ambr\u00e9s, c&#8217;est le moment optimal pour la r\u00e9colte, g\u00e9n\u00e9ralement \u00e0 la fin du mois d&#8217;octobre ou au d\u00e9but du mois de novembre dans l&#8217;h\u00e9misph\u00e8re nord.<\/p>\n\n<\/div>\n<\/div>\n<div id=\"faq-question-1663029165861\" class=\"rank-math-list-item\">\n<h3 class=\"rank-math-question \">Comment cultiver une Ghost OG f\u00e9minis\u00e9e ?<\/h3>\n<div class=\"rank-math-answer \">\n\n<p>Pour faire pousser une Ghost OG f\u00e9minis\u00e9e, assure-toi d&#8217;abord de fournir un environnement stable et contr\u00f4l\u00e9. Utilise un sol bien drain\u00e9 et a\u00e9r\u00e9 et maintiens un bon \u00e9quilibre entre l&#8217;humidit\u00e9 et les nutriments, en mettant l&#8217;accent sur l&#8217;azote pendant la phase v\u00e9g\u00e9tative et sur le phosphore et le potassium pendant la floraison. Surveille les parasites et les maladies et ajuste les conditions si n\u00e9cessaire pour garder la plante en bonne sant\u00e9 jusqu&#8217;\u00e0 la r\u00e9colte.<\/p>\n\n<\/div>\n<\/div>\n<\/div>\n<\/div>","protected":false},"excerpt":{"rendered":"<p>Ghost OG, un croisement hybride \u00e0 dominante indica d&#8217;une OG Kush et d&#8217;une myst\u00e9rieuse lign\u00e9e de Hindu Kush. Elle se distingue dans le monde du cannabis par sa g\u00e9n\u00e9tique puissante et ses effets relaxants. C\u00e9l\u00e8bre pour sa capacit\u00e9 \u00e0 induire un sentiment de bonheur et de profonde relaxation, cette vari\u00e9t\u00e9 est id\u00e9ale pour ceux qui cherchent \u00e0 soulager le stress et \u00e0 favoriser le sommeil. Son profil de saveurs est tout aussi impressionnant, combinant des notes d&#8217;agrumes et de terre avec une fum\u00e9e douce et cr\u00e9meuse qui ravit le palais.<\/p>\n","protected":false},"featured_media":21903,"comment_status":"open","ping_status":"closed","template":"","meta":{"_acf_changed":false,"inline_featured_image":false,"_uag_custom_page_level_css":""},"product_brand":[],"product_cat":[1125],"product_tag":[],"class_list":{"0":"post-21920","1":"product","2":"type-product","3":"status-publish","4":"has-post-thumbnail","6":"product_cat-graines-feminisees-en-gros","8":"first","9":"outofstock","10":"taxable","11":"shipping-taxable","12":"purchasable","13":"product-type-simple"},"acf":[],"uagb_featured_image_src":{"full":["https:\/\/bulkgenetics.com\/wp-content\/uploads\/2024\/01\/ghost-og-strain-weed-seeds.jpg",1600,1600,false],"thumbnail":["https:\/\/bulkgenetics.com\/wp-content\/uploads\/2024\/01\/ghost-og-strain-weed-seeds-150x150.jpg",150,150,true],"medium":["https:\/\/bulkgenetics.com\/wp-content\/uploads\/2024\/01\/ghost-og-strain-weed-seeds-300x300.jpg",300,300,true],"medium_large":["https:\/\/bulkgenetics.com\/wp-content\/uploads\/2024\/01\/ghost-og-strain-weed-seeds-768x768.jpg",768,768,true],"large":["https:\/\/bulkgenetics.com\/wp-content\/uploads\/2024\/01\/ghost-og-strain-weed-seeds-1024x1024.jpg",1024,1024,true],"1536x1536":["https:\/\/bulkgenetics.com\/wp-content\/uploads\/2024\/01\/ghost-og-strain-weed-seeds-1536x1536.jpg",1536,1536,true],"2048x2048":["https:\/\/bulkgenetics.com\/wp-content\/uploads\/2024\/01\/ghost-og-strain-weed-seeds.jpg",1600,1600,false],"commercegurus-pdp-large":["https:\/\/bulkgenetics.com\/wp-content\/uploads\/2024\/01\/ghost-og-strain-weed-seeds-990x990.jpg",990,990,true],"commercegurus-plp-mobile":["https:\/\/bulkgenetics.com\/wp-content\/uploads\/2024\/01\/ghost-og-strain-weed-seeds-441x441.jpg",441,441,true],"cgkit_image_swatch":["https:\/\/bulkgenetics.com\/wp-content\/uploads\/2024\/01\/ghost-og-strain-weed-seeds-100x100.jpg",100,100,true],"woocommerce_thumbnail":["https:\/\/bulkgenetics.com\/wp-content\/uploads\/2024\/01\/ghost-og-strain-weed-seeds-300x300.jpg",300,300,true],"woocommerce_single":["https:\/\/bulkgenetics.com\/wp-content\/uploads\/2024\/01\/ghost-og-strain-weed-seeds-800x800.jpg",800,800,true],"woocommerce_gallery_thumbnail":["https:\/\/bulkgenetics.com\/wp-content\/uploads\/2024\/01\/ghost-og-strain-weed-seeds-150x150.jpg",150,150,true],"dgwt-wcas-product-suggestion":["https:\/\/bulkgenetics.com\/wp-content\/uploads\/2024\/01\/ghost-og-strain-weed-seeds-64x64.jpg",64,64,true]},"uagb_author_info":{"display_name":"\u00c1ngel Flores","author_link":"https:\/\/bulkgenetics.com\/fr\/author\/"},"uagb_comment_info":0,"uagb_excerpt":"Ghost OG, un croisement hybride \u00e0 dominante indica d'une OG Kush et d'une myst\u00e9rieuse lign\u00e9e de Hindu Kush. Elle se distingue dans le monde du cannabis par sa g\u00e9n\u00e9tique puissante et ses effets relaxants. C\u00e9l\u00e8bre pour sa capacit\u00e9 \u00e0 induire un sentiment de bonheur et de profonde relaxation, cette vari\u00e9t\u00e9 est id\u00e9ale pour ceux qui\u2026","_links":{"self":[{"href":"https:\/\/bulkgenetics.com\/fr\/wp-json\/wp\/v2\/product\/21920","targetHints":{"allow":["GET"]}}],"collection":[{"href":"https:\/\/bulkgenetics.com\/fr\/wp-json\/wp\/v2\/product"}],"about":[{"href":"https:\/\/bulkgenetics.com\/fr\/wp-json\/wp\/v2\/types\/product"}],"replies":[{"embeddable":true,"href":"https:\/\/bulkgenetics.com\/fr\/wp-json\/wp\/v2\/comments?post=21920"}],"wp:featuredmedia":[{"embeddable":true,"href":"https:\/\/bulkgenetics.com\/fr\/wp-json\/wp\/v2\/media\/21903"}],"wp:attachment":[{"href":"https:\/\/bulkgenetics.com\/fr\/wp-json\/wp\/v2\/media?parent=21920"}],"wp:term":[{"taxonomy":"product_brand","embeddable":true,"href":"https:\/\/bulkgenetics.com\/fr\/wp-json\/wp\/v2\/product_brand?post=21920"},{"taxonomy":"product_cat","embeddable":true,"href":"https:\/\/bulkgenetics.com\/fr\/wp-json\/wp\/v2\/product_cat?post=21920"},{"taxonomy":"product_tag","embeddable":true,"href":"https:\/\/bulkgenetics.com\/fr\/wp-json\/wp\/v2\/product_tag?post=21920"}],"curies":[{"name":"wp","href":"https:\/\/api.w.org\/{rel}","templated":true}]}}