{"id":22068,"date":"2024-01-16T14:27:25","date_gmt":"2024-01-16T13:27:25","guid":{"rendered":"https:\/\/bulkgenetics.com\/?post_type=product&#038;p=22068"},"modified":"2024-10-08T01:08:50","modified_gmt":"2024-10-07T23:08:50","slug":"apple-fritter-strain","status":"publish","type":"product","link":"https:\/\/bulkgenetics.com\/fr\/apple-fritter-strain\/","title":{"rendered":"Apple Fritter Strain"},"content":{"rendered":"\n<p>La vari\u00e9t\u00e9 Apple Fritter est le dessert des vari\u00e9t\u00e9s de cannabis, r\u00e9put\u00e9e pour son charme sucr\u00e9 et son effet puissant. Tu trouveras ici tous les d\u00e9tails croustillants, de leur go\u00fbt sucr\u00e9 aux conseils de culture qui t&#8217;aideront \u00e0 faire pousser ces bourgeons all\u00e9chants comme un pro.<\/p>\n\n<p>Reste dans les parages, nous ne faisons que commencer, et crois-moi, tu ne voudras pas manquer ce plaisir !<\/p>\n\n<h2 class=\"wp-block-heading\">Description g\u00e9n\u00e9rale Souche de pommes frites<\/h2>\n\n<p>Cultiver ton meilleur lot de cannabis peut parfois ressembler \u00e0 un coup d&#8217;essai, n&#8217;est-ce pas ? Imagine que tu trouves une souche qui est non seulement puissante mais aussi d\u00e9licieusement aromatique : c&#8217;est l&#8217;Apple Fritter. Avec son \u00e9quilibre parfait entre indica et sativa, cet hybride sucr\u00e9 promet une exp\u00e9rience aussi d\u00e9licieuse que de mordre dans un g\u00e2teau chaud tout juste sorti du four.<\/p>\n\n<p>Que tu cherches \u00e0 am\u00e9liorer la diversit\u00e9 des cultures ou que tu sois simplement curieux de savoir ce qui fait que les frites aux pommes chatouillent les papilles et apaisent l&#8217;\u00e2me, reste dans les parages ; nous avons des d\u00e9tails croustillants \u00e0 t&#8217;offrir ! Tu ne voudras pas manquer cette&#8230;<\/p>\n\n<h3 class=\"wp-block-heading\">Lign\u00e9e g\u00e9n\u00e9tique<\/h3>\n\n<p>La vari\u00e9t\u00e9 Apple Fritter Strain est issue de deux parents extraordinaires, Triangle Kush et Animal Mints. C&#8217;est un mariage parfait ! Ces deux-l\u00e0 apportent le meilleur des deux mondes : Triangle Kush apporte cette touche terreuse classique, tandis qu&#8217;Animal Mints ajoute une d\u00e9licieuse douceur.<\/p>\n\n<p>Ensemble, ils cr\u00e9ent la fritte de pomme avec son pouvoir \u00e9crasant et son go\u00fbt d\u00e9licieux.<\/p>\n\n<p>D&#8217;une part, tu as Sour Apple et d&#8217;autre part, Animal Cookies : c&#8217;est ce qui rend cette vari\u00e9t\u00e9 si sp\u00e9ciale. C&#8217;est comme si tu mordais dans une croustade aux pommes de ta boulangerie pr\u00e9f\u00e9r\u00e9e, mais en beaucoup mieux car cela peut te d\u00e9tendre apr\u00e8s une longue journ\u00e9e de travail.<\/p>\n\n<p>Et laisse-moi te dire que les cultivateurs adorent ces g\u00e8nes ; ils savent que leur r\u00e9colte se portera bien avec une combinaison gagnante comme celle-ci.<\/p>\n\n<h3 class=\"wp-block-heading\">Histoire de la vari\u00e9t\u00e9<\/h3>\n\n<p>Lumpy&#8217;s Flowers, une marque de cannabis bien connue du nord de la Californie, a pr\u00e9par\u00e9 quelque chose de sp\u00e9cial avec la vari\u00e9t\u00e9 Apple Fritter. Lorsque tu traverses\nLes biscuits aux pommes aigres et aux animaux ont vraiment fait mouche.<\/p>\n\n<p>Consid\u00e8re cette combinaison comme un grand \u00e9v\u00e9nement dans le monde du cannabis : c&#8217;est comme si deux super-h\u00e9ros se r\u00e9unissaient.<\/p>\n\n<p>Ce m\u00e9lange a donn\u00e9 naissance \u00e0 un bourgeon inoubliable qui trouve un \u00e9quilibre entre le sucr\u00e9 et le terreux. Il a rapidement fait sensation aupr\u00e8s des fans pour son m\u00e9lange unique. Les producteurs l&#8217;ont \u00e9galement remarqu\u00e9, car qui ne voudrait pas cultiver sa propre copie de cette d\u00e9licieuse friandise ?  <\/p>\n\n<h2 class=\"wp-block-heading\">Caract\u00e9ristiques physiques de la vari\u00e9t\u00e9 Apple Fritter<\/h2>\n\n<p>Les plants d&#8217;Apple Fritter sont vraiment attrayants avec leurs bourgeons \u00e9pais et h\u00e9riss\u00e9s. Ses couleurs se d\u00e9marquent : pense \u00e0 des verts profonds avec des touches de violet qui transparaissent. Et ces cristaux ? Comme un matin de gel dans un verger, elles sont couvertes de trichomes collants qui scintillent \u00e0 la lumi\u00e8re.<\/p>\n\n<p>Les feuilles entourent le bourgeon, ce qui les rend denses et robustes. Les cultivateurs doivent bien tailler ces beaut\u00e9s pour en tirer le meilleur parti. En t&#8217;approchant, tu remarqueras des poils orange &#8211; des pistils pour \u00eatre exact &#8211; qui lui donnent ce petit plus, comme des paillettes sur un beignet.<\/p>\n\n<h2 class=\"wp-block-heading\">Effets de la vari\u00e9t\u00e9 de frites aux pommes<\/h2>\n\n<p>As-tu d\u00e9j\u00e0 croqu\u00e9 dans une friandise qui envoie tes papilles dans un tourbillon de plaisir et te laisse super d\u00e9tendu ? Eh bien, la vari\u00e9t\u00e9 de frites aux pommes, c&#8217;est un peu \u00e7a pour ton cerveau.<\/p>\n\n<p>Imagine des sentiments d&#8217;euphorie \u00e0 chaque bouff\u00e9e, envelopp\u00e9s dans une couverture douillette de relaxation, mais fais attention \u00e0 ne pas en faire trop ou tu pourrais te retrouver dans un voyage directement au pays des r\u00eaves.<\/p>\n\n<h3 class=\"wp-block-heading\">Sensations<\/h3>\n\n<p>Parlons de ce que la vari\u00e9t\u00e9 de frites aux pommes fait ressentir aux gens. Cette vari\u00e9t\u00e9 a la r\u00e9putation d&#8217;\u00e9lever l&#8217;humeur et d&#8217;apporter de la d\u00e9tente.<\/p>\n\n<ul class=\"wp-block-list\">\n<li>Les gens se sentent souvent tr\u00e8s stimul\u00e9s apr\u00e8s avoir consomm\u00e9 la vari\u00e9t\u00e9 de marijuana Apple Fritter. C&#8217;est comme une vague d&#8217;\u00e9nergie heureuse qui peut am\u00e9liorer ta journ\u00e9e.<\/li>\n\n\n\n<li>Les effets de la souche Apple Fritter comprennent une sensation douillette et d\u00e9tendue qui se r\u00e9pand dans tout ton corps. Imagine que tu t&#8217;enfonces dans ton fauteuil pr\u00e9f\u00e9r\u00e9 apr\u00e8s une longue journ\u00e9e : oui, c&#8217;est comme \u00e7a.<\/li>\n\n\n\n<li>Cette beaut\u00e9 provoque \u00e9galement des rires et de bons moments. Tu pourrais trouver tout un peu plus amusant, c&#8217;est donc parfait pour se d\u00e9tendre avec des amis.<\/li>\n\n\n\n<li>Elle est souvent accompagn\u00e9e d&#8217;une sensation de picotement, qui commence dans ta t\u00eate et descend jusqu&#8217;\u00e0 tes pieds. C&#8217;est comme si tu recevais un doux bourdonnement dans tout ton corps.<\/li>\n\n\n\n<li>Si le stress et l&#8217;inqui\u00e9tude sont tes ennemis, la fritte de pomme te soutient. Son c\u00f4t\u00e9 indica dominant aide \u00e0 repousser ces probl\u00e8mes et \u00e0 apporter le calme \u00e0 la place.<\/li>\n\n\n\n<li>Lorsque tu flottes dans cet \u00e9tat de paix, le monde te semble plus calme. Il ne s&#8217;agit pas seulement d&#8217;\u00eatre d\u00e9tendu, mais aussi d&#8217;avoir l&#8217;espace n\u00e9cessaire pour respirer.\nfaciliter.<\/li>\n<\/ul>\n\n<h3 class=\"wp-block-heading\">Effets n\u00e9gatifs potentiels<\/h3>\n\n<p>Les frites aux pommes sont tr\u00e8s puissantes, c&#8217;est s\u00fbr ! Mais m\u00eame les meilleures vari\u00e9t\u00e9s ont leurs inconv\u00e9nients. Parlons de certaines choses qui pourraient \u00eatre moins bonnes dans la consommation de cette vari\u00e9t\u00e9.<\/p>\n\n<ul class=\"wp-block-list\">\n<li>Les taux \u00e9lev\u00e9s de THC peuvent \u00eatre d\u00e9licats : avec des taux de THC atteignant environ 25 %, les personnes qui consomment des Apple Fritter peuvent se sentir parano\u00efaques ou anxieuses. Pour les cultivateurs, cela signifie qu&#8217;il faut \u00eatre clair avec tes clients &#8211; en particulier les novices &#8211; sur leur puissance.<\/li>\n\n\n\n<li>S\u00e9cheresse oculaire : des probl\u00e8mes courants tels que la s\u00e9cheresse de la bouche et la s\u00e9cheresse oculaire accompagnent la vari\u00e9t\u00e9 de frites aux pommes. Garde de l&#8217;eau \u00e0 proximit\u00e9 et des gouttes pour les yeux \u00e0 port\u00e9e de main !<\/li>\n\n\n\n<li>Vas-y doucement si tu es nouveau : les nouveaux utilisateurs doivent approcher Apple Fritter avec prudence pour \u00e9viter une exp\u00e9rience accablante.<\/li>\n\n\n\n<li>Dis adieu \u00e0 la productivit\u00e9 : cette vari\u00e9t\u00e9 peut faire en sorte que certaines personnes se sentent vraiment d\u00e9tendues, peut-\u00eatre trop, ce qui les conduit \u00e0 \u00eatre somnolentes et moins alertes pendant la journ\u00e9e.<\/li>\n\n\n\n<li>Proc\u00e8de avec prudence si tu es sensible au THC : parce qu&#8217;elle est tr\u00e8s riche en THC, les personnes qui ont une faible tol\u00e9rance devraient commencer lentement avec la souche Apple Fritter pour \u00e9viter les effets ind\u00e9sirables.<\/li>\n<\/ul>\n\n<h2 class=\"wp-block-heading\">Profil de saveur de la vari\u00e9t\u00e9 de frites aux pommes<\/h2>\n\n<p>La vari\u00e9t\u00e9 Apple Fritter a une saveur qui te rappellera que tu as croqu\u00e9 dans un beignet aux pommes frais de la boulangerie. Pense \u00e0 des pommes sucr\u00e9es et \u00e0 des \u00e9pices chaudes, le tout envelopp\u00e9 dans une d\u00e9licieuse saveur de p\u00e2te avec des notes de vanille.<\/p>\n\n<p>C&#8217;est comme si le dessert et ton fruit pr\u00e9f\u00e9r\u00e9 avaient un enfant &#8211; et bon sang que c&#8217;est bon !<\/p>\n\n<p>Lorsqu&#8217;elle est allum\u00e9e, une incroyable vibration de caramel remplit la pi\u00e8ce, se m\u00ealant \u00e0 une note terreuse qui te permet de garder les pieds sur terre. La fum\u00e9e ? Lisse comme du beurre. Et ces ar\u00f4mes fruit\u00e9s ne sont pas l\u00e0 pour faire joli &#8211; ils offrent une saveur exceptionnelle.<\/p>\n\n<p>Tu comprendras pourquoi les gens adorent cultiver cette d\u00e9licieuse friandise !<\/p>\n\n<h2 class=\"wp-block-heading\">Informations sur la culture de la vari\u00e9t\u00e9 Apple Fritter<\/h2>\n\n<p>Si tu as envie de d\u00e9couvrir \u00e0 quel point il est compliqu\u00e9 de faire pousser ton propre lot de la d\u00e9licieuse vari\u00e9t\u00e9 Apple Fritter, ou si tu r\u00eaves de l&#8217;abondance qu&#8217;elle pourrait apporter, reste dans les parages parce que nous allons nous plonger dans ce qui fait le charme de cette plante et comment la faire prosp\u00e9rer.<\/p>\n\n<h3 class=\"wp-block-heading\">Difficult\u00e9 de la culture<\/h3>\n\n<p>Faire pousser des pommes frites peut \u00eatre un peu difficile. Ce n&#8217;est pas la plante la plus facile \u00e0 manipuler, donc si tu es novice en mati\u00e8re de culture, cela pourrait mettre tes comp\u00e9tences \u00e0 l&#8217;\u00e9preuve. Mais que cela ne te fasse pas peur ! Avec de la patience et de bonnes recherches, tu y arriveras.<\/p>\n\n<p>Cependant, les d\u00e9tails sur la fa\u00e7on de traiter cette b\u00eate mod\u00e9r\u00e9e sont rares&#8230; Un peu de myst\u00e8re n&#8217;a jamais fait de mal \u00e0 personne, n&#8217;est-ce pas ? Tu ne trouveras pas trop facilement de probl\u00e8mes ou d&#8217;astuces avec cette vari\u00e9t\u00e9.<\/p>\n\n<p>Mais le succ\u00e8s n&#8217;en est que plus doux. Si tu as de l&#8217;exp\u00e9rience avec d&#8217;autres vari\u00e9t\u00e9s, applique ces connaissances et observe les signes de tes plants d&#8217;Apple Fritter pendant leur croissance. Garde \u00e0 l&#8217;esprit que chaque effort en vaudra la peine quand viendra le temps de la r\u00e9colte.<\/p>\n\n<h3 class=\"wp-block-heading\">Potentiel de performance<\/h3>\n\n<p>Alors, tu jettes un coup d&#8217;\u0153il \u00e0 la souche Apple Fritter et tu te demandes quelle quantit\u00e9 tu pourras produire par plante ? Bonne nouvelle : cette beaut\u00e9 est vraiment g\u00e9n\u00e9reuse. \u00c0 l&#8217;int\u00e9rieur, elle peut accumuler jusqu&#8217;\u00e0 500 grammes par m\u00e8tre carr\u00e9.<\/p>\n\n<p>C&#8217;est une belle quantit\u00e9 de verdure dans un petit espace ! Et sache que si tu le laisses \u00e9tendre ses jambes \u00e0 l&#8217;ext\u00e9rieur, chaque plante peut produire encore plus, certains cultivateurs r\u00e9coltant 800 grammes d&#8217;une plante heureuse.<\/p>\n\n<p>Avec de tels chiffres, la fritte de pomme n&#8217;est pas seulement un d\u00e9lice pour tes sens, elle est aussi agr\u00e9able pour ton portefeuille. Il n&#8217;est pas \u00e9tonnant que les gens soient impatients de mettre la main sur des graines de frites de pommes et de commencer \u00e0 les cultiver.<\/p>\n\n<p>Maintenant, enlevons nos chapeaux de cultivateurs et passons \u00e0 la sph\u00e8re sociale pour voir \u00e0 quel point ce joyau est populaire parmi les passionn\u00e9s.<\/p>\n\n<h2 class=\"wp-block-heading\">Popularit\u00e9 de la vari\u00e9t\u00e9 Apple Fritter dans la communaut\u00e9 du cannabis<\/h2>\n\n<p>Les gens aiment beaucoup la vari\u00e9t\u00e9 de frites aux pommes. Son go\u00fbt sucr\u00e9 et ses effets puissants en font un favori. Les cultivateurs et les utilisateurs aiment le fait qu&#8217;il puisse te d\u00e9tendre sans trop t&#8217;endormir. C&#8217;est parce qu&#8217;il poss\u00e8de \u00e0 la fois des traits indica et sativa.<\/p>\n\n<p>Lorsque les gens essaient la fritte de pomme, ils veulent souvent plus de ses saveurs de pomme et de g\u00e2teau.<\/p>\n\n<p>Les cultivateurs aiment aussi travailler avec cette plante. De plus, avec une bonne quantit\u00e9 de bourgeons au moment de la r\u00e9colte, il y en a pour tout le monde ! S&#8217;occuper d&#8217;une plante de frites de pommes est gratifiant parce que tu obtiens beaucoup de produits pour tes efforts.<\/p>\n\n<div style=\"height:50px\" aria-hidden=\"true\" class=\"wp-block-spacer uag-hide-mob\"><\/div>\n\n<div class=\"wp-block-columns is-layout-flex wp-container-core-columns-is-layout-28f84493 wp-block-columns-is-layout-flex\">\n<div class=\"wp-block-column is-layout-flow wp-block-column-is-layout-flow\">\n<p class=\"has-text-align-center has-medium-font-size\"><strong>Ce qui nous pla\u00eet le plus<\/strong><\/p>\n\n\n\n<ul class=\"wp-block-list\">\n<li>Tr\u00e8s puissant.<\/li>\n\n\n\n<li>Buena producci\u00f3n.<\/li>\n\n\n\n<li>D\u00e9licieux go\u00fbt sucr\u00e9.<\/li>\n\n\n\n<li>Son prix.<\/li>\n<\/ul>\n<\/div>\n\n\n\n<div class=\"wp-block-column is-layout-flow wp-block-column-is-layout-flow\">\n<p class=\"has-text-align-center has-medium-font-size\"><strong>Ce que nous aimons le moins<\/strong><\/p>\n\n\n\n<ul class=\"wp-block-list\">\n<li>Ce n&#8217;est pas une vari\u00e9t\u00e9 facile \u00e0 cultiver.<\/li>\n\n\n\n<li>D\u00e9conseill\u00e9 aux fumeurs ayant une faible tol\u00e9rance au THC.<\/li>\n<\/ul>\n<\/div>\n<\/div>\n\n<div style=\"height:50px\" aria-hidden=\"true\" class=\"wp-block-spacer uag-hide-mob\"><\/div>\n\n<h2 class=\"wp-block-heading\">Questions fr\u00e9quemment pos\u00e9es<\/h2>\n\n<p>Vous trouverez ci-dessous les r\u00e9ponses aux questions les plus fr\u00e9quemment pos\u00e9es par les cultivateurs int\u00e9ress\u00e9s par cette vari\u00e9t\u00e9 :<\/p>\n<div id=\"rank-math-faq\" class=\"rank-math-block\">\n<div class=\"rank-math-list \">\n<div id=\"faq-question-1663029074962\" class=\"rank-math-list-item\">\n<h3 class=\"rank-math-question \"><strong>Quand est-ce que Apple Fritter commence \u00e0 fleurir \u00e0 l&#8217;int\u00e9rieur et \u00e0 l&#8217;ext\u00e9rieur ?<\/strong><\/h3>\n<div class=\"rank-math-answer \">\n\n<p>En int\u00e9rieur, la souche Apple Fritter commence g\u00e9n\u00e9ralement sa phase de floraison environ 8 \u00e0 9 semaines apr\u00e8s le d\u00e9but de son cycle de croissance. Il est important de fournir un environnement ad\u00e9quat et un cycle de lumi\u00e8re contr\u00f4l\u00e9 pour induire la floraison.  <\/p>\n<p>\u00c0 l&#8217;ext\u00e9rieur, la floraison de l&#8217;Apple Fritter commence g\u00e9n\u00e9ralement lorsque les heures de clart\u00e9 commencent \u00e0 diminuer, c&#8217;est-\u00e0-dire vers la fin de l&#8217;\u00e9t\u00e9 ou le d\u00e9but de l&#8217;automne, en fonction de la situation g\u00e9ographique. La floraison en ext\u00e9rieur est davantage influenc\u00e9e par le cycle naturel de la lumi\u00e8re et de l&#8217;obscurit\u00e9, il est donc crucial de prendre en compte les conditions climatiques locales et les changements saisonniers.<\/p>\n\n<\/div>\n<\/div>\n<div id=\"faq-question-1663029159933\" class=\"rank-math-list-item\">\n<h3 class=\"rank-math-question \"><strong>Quand couper un beignet de pommes en plein air ?<\/strong><\/h3>\n<div class=\"rank-math-answer \">\n\n<p>La r\u00e9colte d&#8217;un plant de frites de pommes cultiv\u00e9 en ext\u00e9rieur a g\u00e9n\u00e9ralement lieu \u00e0 la fin du mois d&#8217;octobre ou au d\u00e9but du mois de novembre, bien que cette p\u00e9riode puisse varier en fonction du climat et des conditions sp\u00e9cifiques au site.  <\/p>\n<p>Il est important d&#8217;observer les signes de maturit\u00e9 sur la plante, comme l&#8217;assombrissement des pistils et l&#8217;apparition des trichomes (les petits cristaux sur les fleurs).  <\/p>\n<p>Les trichomes passent g\u00e9n\u00e9ralement d&#8217;une couleur claire \u00e0 une couleur plus ambr\u00e9e, ce qui indique que la plante a atteint son pic de maturit\u00e9 et qu&#8217;elle est pr\u00eate \u00e0 \u00eatre r\u00e9colt\u00e9e. Couper la plante au bon moment est crucial pour assurer une puissance et une qualit\u00e9 maximales du produit final.<\/p>\n\n<\/div>\n<\/div>\n<div id=\"faq-question-1663029165861\" class=\"rank-math-list-item\">\n<h3 class=\"rank-math-question \">Quelle est l&#8217;odeur de la vari\u00e9t\u00e9 Apple Fritter Strain ?<\/h3>\n<div class=\"rank-math-answer \">\n\n<p>L&#8217;odeur de la vari\u00e9t\u00e9 Apple Fritter est comme si tu entrais dans une boulangerie pleine de sucreries. Imagine l&#8217;ar\u00f4me de pommes fra\u00eeches m\u00e9lang\u00e9 \u00e0 une touche de miel et \u00e0 cette note funky qui te fait penser aux ch\u00e8vres, oui, il a \u00e7a aussi !  <\/p>\n<p>Mais ne t&#8217;inqui\u00e8te pas, ce n&#8217;est pas qu&#8217;une ru\u00e9e vers le sucre ; il y a aussi des odeurs de terre cach\u00e9es sous ces ar\u00f4mes d\u00e9licieusement sucr\u00e9s pour garder les choses int\u00e9ressantes. C&#8217;est comme prendre une grosse bouch\u00e9e de tarte aux pommes sans calories.<\/p>\n\n<\/div>\n<\/div>\n<div id=\"faq-question-1666780029954\" class=\"rank-math-list-item\">\n<h3 class=\"rank-math-question \">Quels sont les effets des <strong>pommes frites<\/strong> en vrac ?<\/h3>\n<div class=\"rank-math-answer \">\n\n<p>Les effets de la souche Apple Fritter, lorsqu&#8217;elle est consomm\u00e9e en grande quantit\u00e9, peuvent \u00eatre tr\u00e8s puissants. Cette souche est connue pour son \u00e9quilibre entre indica et sativa, ce qui signifie qu&#8217;elle peut offrir une exp\u00e9rience \u00e0 la fois relaxante et euphorisante.  <\/p>\n<p>Les utilisateurs rapportent souvent une sensation de relaxation profonde accompagn\u00e9e d&#8217;une humeur \u00e9lev\u00e9e et parfois d&#8217;une pouss\u00e9e de cr\u00e9ativit\u00e9. Cependant, il est important de noter que les effets peuvent varier d&#8217;une personne \u00e0 l&#8217;autre, et qu&#8217;une consommation importante peut intensifier les effets d\u00e9sir\u00e9s et ind\u00e9sirables, comme l&#8217;anxi\u00e9t\u00e9 ou la parano\u00efa chez certains utilisateurs.<\/p>\n\n<\/div>\n<\/div>\n<div id=\"faq-question-1705420383733\" class=\"rank-math-list-item\">\n<h3 class=\"rank-math-question \">Apple Fritter est-il indica ou sativa ?<\/h3>\n<div class=\"rank-math-answer \">\n\n<p>Eh bien, laisse-moi te dire que c&#8217;est comme avoir le meilleur des deux mondes. Cette plante est un hybride \u00e9quilibr\u00e9, divis\u00e9 en deux avec 50 % d&#8217;indica et 50 % de sativa. Mais attends, certains diront qu&#8217;il penche un peu plus vers l&#8217;indica.  <\/p>\n<p>Cela signifie que lorsque tu fais pousser ce joyau, attends-toi \u00e0 un m\u00e9lange de vibrations relaxantes et de buzz \u00e9nergique de ta r\u00e9colte.<\/p>\n\n<\/div>\n<\/div>\n<\/div>\n<\/div>","protected":false},"excerpt":{"rendered":"<p>La vari\u00e9t\u00e9 Apple Fritter est un hybride \u00e9quilibr\u00e9 50 % indica\/50 % sativa. Elle se distingue par sa g\u00e9n\u00e9tique exceptionnelle, r\u00e9sultant du croisement entre Sour Apple et Animal Cookies. Sa saveur est un d\u00e9licieux m\u00e9lange de pomme fra\u00eeche, de miel et de notes terreuses, avec un ar\u00f4me qui rappelle la tarte aux pommes et le caramel. Son effet combine relaxation et euphorie, parfait pour un \u00e9quilibre entre soulagement et cr\u00e9ativit\u00e9. \u00c0 l&#8217;int\u00e9rieur, il offre des rendements impressionnants allant jusqu&#8217;\u00e0 550 grammes par m\u00e8tre carr\u00e9, tandis qu&#8217;\u00e0 l&#8217;ext\u00e9rieur, chaque plante peut donner jusqu&#8217;\u00e0 850 grammes. Cette vari\u00e9t\u00e9 s\u00e9duit non seulement par ses sens, mais aussi par sa raret\u00e9 et sa lign\u00e9e prestigieuse, ce qui en fait un choix convoit\u00e9 par les cultivateurs et les consommateurs.<\/p>\n","protected":false},"featured_media":22053,"comment_status":"open","ping_status":"closed","template":"","meta":{"_acf_changed":false,"inline_featured_image":false,"_uag_custom_page_level_css":""},"product_brand":[],"product_cat":[1125],"product_tag":[],"class_list":{"0":"post-22068","1":"product","2":"type-product","3":"status-publish","4":"has-post-thumbnail","6":"product_cat-graines-feminisees-en-gros","8":"first","9":"instock","10":"taxable","11":"shipping-taxable","12":"purchasable","13":"product-type-simple"},"acf":[],"uagb_featured_image_src":{"full":["https:\/\/bulkgenetics.com\/wp-content\/uploads\/2024\/01\/apple-fritter-strain-weed.jpg",1600,1600,false],"thumbnail":["https:\/\/bulkgenetics.com\/wp-content\/uploads\/2024\/01\/apple-fritter-strain-weed-150x150.jpg",150,150,true],"medium":["https:\/\/bulkgenetics.com\/wp-content\/uploads\/2024\/01\/apple-fritter-strain-weed-300x300.jpg",300,300,true],"medium_large":["https:\/\/bulkgenetics.com\/wp-content\/uploads\/2024\/01\/apple-fritter-strain-weed-768x768.jpg",768,768,true],"large":["https:\/\/bulkgenetics.com\/wp-content\/uploads\/2024\/01\/apple-fritter-strain-weed-1024x1024.jpg",1024,1024,true],"1536x1536":["https:\/\/bulkgenetics.com\/wp-content\/uploads\/2024\/01\/apple-fritter-strain-weed-1536x1536.jpg",1536,1536,true],"2048x2048":["https:\/\/bulkgenetics.com\/wp-content\/uploads\/2024\/01\/apple-fritter-strain-weed.jpg",1600,1600,false],"commercegurus-pdp-large":["https:\/\/bulkgenetics.com\/wp-content\/uploads\/2024\/01\/apple-fritter-strain-weed-990x990.jpg",990,990,true],"commercegurus-plp-mobile":["https:\/\/bulkgenetics.com\/wp-content\/uploads\/2024\/01\/apple-fritter-strain-weed-441x441.jpg",441,441,true],"cgkit_image_swatch":["https:\/\/bulkgenetics.com\/wp-content\/uploads\/2024\/01\/apple-fritter-strain-weed-100x100.jpg",100,100,true],"woocommerce_thumbnail":["https:\/\/bulkgenetics.com\/wp-content\/uploads\/2024\/01\/apple-fritter-strain-weed-300x300.jpg",300,300,true],"woocommerce_single":["https:\/\/bulkgenetics.com\/wp-content\/uploads\/2024\/01\/apple-fritter-strain-weed-800x800.jpg",800,800,true],"woocommerce_gallery_thumbnail":["https:\/\/bulkgenetics.com\/wp-content\/uploads\/2024\/01\/apple-fritter-strain-weed-150x150.jpg",150,150,true],"dgwt-wcas-product-suggestion":["https:\/\/bulkgenetics.com\/wp-content\/uploads\/2024\/01\/apple-fritter-strain-weed-64x64.jpg",64,64,true]},"uagb_author_info":{"display_name":"\u00c1ngel Flores","author_link":"https:\/\/bulkgenetics.com\/fr\/author\/"},"uagb_comment_info":0,"uagb_excerpt":"La vari\u00e9t\u00e9 Apple Fritter est un hybride \u00e9quilibr\u00e9 50 % indica\/50 % sativa. Elle se distingue par sa g\u00e9n\u00e9tique exceptionnelle, r\u00e9sultant du croisement entre Sour Apple et Animal Cookies. Sa saveur est un d\u00e9licieux m\u00e9lange de pomme fra\u00eeche, de miel et de notes terreuses, avec un ar\u00f4me qui rappelle la tarte aux pommes et le\u2026","_links":{"self":[{"href":"https:\/\/bulkgenetics.com\/fr\/wp-json\/wp\/v2\/product\/22068","targetHints":{"allow":["GET"]}}],"collection":[{"href":"https:\/\/bulkgenetics.com\/fr\/wp-json\/wp\/v2\/product"}],"about":[{"href":"https:\/\/bulkgenetics.com\/fr\/wp-json\/wp\/v2\/types\/product"}],"replies":[{"embeddable":true,"href":"https:\/\/bulkgenetics.com\/fr\/wp-json\/wp\/v2\/comments?post=22068"}],"wp:featuredmedia":[{"embeddable":true,"href":"https:\/\/bulkgenetics.com\/fr\/wp-json\/wp\/v2\/media\/22053"}],"wp:attachment":[{"href":"https:\/\/bulkgenetics.com\/fr\/wp-json\/wp\/v2\/media?parent=22068"}],"wp:term":[{"taxonomy":"product_brand","embeddable":true,"href":"https:\/\/bulkgenetics.com\/fr\/wp-json\/wp\/v2\/product_brand?post=22068"},{"taxonomy":"product_cat","embeddable":true,"href":"https:\/\/bulkgenetics.com\/fr\/wp-json\/wp\/v2\/product_cat?post=22068"},{"taxonomy":"product_tag","embeddable":true,"href":"https:\/\/bulkgenetics.com\/fr\/wp-json\/wp\/v2\/product_tag?post=22068"}],"curies":[{"name":"wp","href":"https:\/\/api.w.org\/{rel}","templated":true}]}}