{"id":22249,"date":"2024-02-06T10:51:09","date_gmt":"2024-02-06T09:51:09","guid":{"rendered":"https:\/\/bulkgenetics.com\/?post_type=product&#038;p=22249"},"modified":"2024-10-08T01:08:50","modified_gmt":"2024-10-07T23:08:50","slug":"rainbow-chip-strain","status":"publish","type":"product","link":"https:\/\/bulkgenetics.com\/fr\/rainbow-chip-strain\/","title":{"rendered":"Rainbow Chip"},"content":{"rendered":"\n<p>Imagine que tu croises deux titans du monde du cannabis et que tu obtiennes un chef-d&#8217;\u0153uvre g\u00e9n\u00e9tique. Voici<strong> Rainbow Chip Strain<\/strong>, fruit du croisement entre <strong>Sunset Sherbert<\/strong> et <strong>Mint Chocolate Chip<\/strong>, cr\u00e9\u00e9e par les magiciens de la g\u00e9n\u00e9tique d&#8217;Exotic Genetix.  <\/p>\n\n\n\n<p>Faisant partie de la gamme 2018 Mint Chocolate Chip, Rainbow Chip h\u00e9rite de l&#8217;influence terp\u00e9nique et de la croissance vigoureuse de Mint Chocolate Chip en tant que m\u00e2le, m\u00e9lang\u00e9e \u00e0 l&#8217;influence sucr\u00e9e de Sunset Sherbert.  <\/p>\n\n\n\n<p>Il en r\u00e9sulte un go\u00fbt d\u00e9licieux indescriptible, une vari\u00e9t\u00e9 qui se distingue par son \u00e9quilibre parfait entre sativa et indica (50 %\/50 %), promettant une exp\u00e9rience unique \u00e0 tout amateur d&#8217;hybride.<\/p>\n\n\n\n<h2 class=\"wp-block-heading\">P\u00e9riode de floraison<\/h2>\n\n\n\n<p>Pour les cultivateurs, <strong>Rainbow Chip<\/strong> est un d\u00e9lice, avec une dur\u00e9e de floraison comprise entre <strong>56 et 63 jours<\/strong>. Elle est pr\u00eate \u00e0 \u00eatre r\u00e9colt\u00e9e vers la deuxi\u00e8me semaine d&#8217;octobre, id\u00e9ale pour ceux qui planifient leur culture avec pr\u00e9cision.  <\/p>\n\n\n\n<p>F\u00e9minis\u00e9e et optimis\u00e9e pour les conditions d&#8217;int\u00e9rieur, cette plante garantit une r\u00e9colte f\u00e9minis\u00e9e, ce qui simplifie le processus et augmente les rendements jusqu&#8217;\u00e0 <strong>450g par m\u00e8tre carr\u00e9<\/strong> en int\u00e9rieur.  <\/p>\n\n\n\n<p>Ses bourgeons denses et de taille moyenne sont teint\u00e9s de vert for\u00eat avec des couches de violet, surmont\u00e9s de cristaux opaques qui lui donnent un aspect cr\u00e9meux, orn\u00e9s de poils ambr\u00e9s courts et boucl\u00e9s.<\/p>\n\n\n\n<p>Adapt\u00e9 pour pousser au mieux dans des temp\u00e9ratures humides et quelque peu chaudes, <strong>Rainbow Chip<\/strong> r\u00e9pond bien \u00e0 une taille fr\u00e9quente, ce qui peut convenir \u00e0 des cultivateurs plus exp\u00e9riment\u00e9s.  <\/p>\n\n\n\n<p>Malgr\u00e9 cela, il est accessible aux novices, promettant une journ\u00e9e de culture aussi gratifiante que sa r\u00e9colte.<\/p>\n\n\n\n<h2 class=\"wp-block-heading\">Effets de Rainbow Chip Strain<\/h2>\n\n\n\n<p>L&#8217;effet du <strong>Rainbow Chip<\/strong> est une montagne russe de sensations, qui commence presque d\u00e8s que tu expires. Il remplit ton esprit d&#8217;un lourd picotement qui se r\u00e9pand rapidement dans tout ton corps.  <\/p>\n\n\n\n<p>Tu te sentiras motiv\u00e9 et \u00e9nergis\u00e9, avec un sentiment d&#8217;euphorie et de concentration qui devient rapidement social, parfait pour toute circonstance ou conversation cr\u00e9ative.  <\/p>\n\n\n\n<p>Avec des niveaux de THC allant de <strong>20 \u00e0 22 %<\/strong> et de CBD autour de <strong>1 \u00e0 2 %<\/strong>, c&#8217;est un choix populaire pour ceux qui cherchent \u00e0 soulager des conditions telles que le stress chronique, le SSPT, la d\u00e9pression, la fatigue chronique et le TDA ou le TDAH.<\/p>\n\n\n\n<p>Le profil aromatique de la <strong>Rainbow Chip Strain<\/strong> est aussi complexe que sa g\u00e9n\u00e9tique, offrant un m\u00e9lange de chocolat sucr\u00e9, d&#8217;herbes menthol\u00e9es et d&#8217;agrumes acidul\u00e9s.  <\/p>\n\n\n\n<p>Cette combinaison de saveurs est profond\u00e9ment ancr\u00e9e dans sa lign\u00e9e, offrant une exp\u00e9rience multisensorielle unique. Son ar\u00f4me, fruit\u00e9 et sucr\u00e9 avec des nuances de chocolat aux herbes, rappelle un bol de glace au chocolat \u00e0 la menthe.<\/p>\n\n\n\n<p>Les consommateurs d\u00e9crivent <strong>Rainbow Chip<\/strong> comme une puissance psychoactive qui vient doucement mais s&#8217;intensifie rapidement, apportant un soulagement \u00e0 la douleur, \u00e0 la d\u00e9pression, \u00e0 l&#8217;anxi\u00e9t\u00e9, au stress et \u00e0 la fatigue.  <\/p>\n\n\n\n<p>Avec des critiques la peignant comme le nouveau favori du samedi soir et un outil efficace contre les troubles de l&#8217;humeur, cette souche n&#8217;est pas seulement un plaisir pour les sens, mais aussi un alli\u00e9 pour le bien-\u00eatre mental et physique.<\/p>\n\n\n\n<p>Du rire incontr\u00f4lable \u00e0 la cr\u00e9ativit\u00e9 inspirante, la <strong>vari\u00e9t\u00e9 Rainbow Chip<\/strong> a \u00e9t\u00e9 pl\u00e9biscit\u00e9e par les utilisateurs pour ses effets \u00e9difiants et euphorisants, ce qui en fait un incontournable pour les amateurs d&#8217;exp\u00e9riences cannabiques de qualit\u00e9 et les amoureux de saveurs uniques.  <\/p>\n\n\n\n<p>Que ce soit pour te remonter le moral ou stimuler ta cr\u00e9ativit\u00e9, Rainbow Chip est la vari\u00e9t\u00e9 incontournable de ta collection.<\/p>\n\n\n\n<h2 class=\"wp-block-heading\">Comment cultiver le Rainbow Chip<\/h2>\n\n\n\n<p>D&#8217;apr\u00e8s notre exp\u00e9rience, l&#8217;un des meilleurs conseils que nous pouvons donner aux cultivateurs de <strong>Rainbow Chip<\/strong> est de faire attention \u00e0 l&#8217;humidit\u00e9 et \u00e0 la temp\u00e9rature. Cette vari\u00e9t\u00e9 prosp\u00e8re dans des climats l\u00e9g\u00e8rement plus chauds et avec une bonne humidit\u00e9.  <\/p>\n\n\n\n<p>De plus, ne sous-estime pas le pouvoir de l&#8217;\u00e9lagage. Cette plante r\u00e9pond exceptionnellement bien au topping et au LST (Low Stress Training), des techniques qui peuvent augmenter ton rendement de fa\u00e7on significative et am\u00e9liorer l&#8217;exposition \u00e0 la lumi\u00e8re des bourgeons inf\u00e9rieurs.<\/p>\n\n\n\n<p>Chez Bulk Genetics, nous croyons fermement qu&#8217;une culture inform\u00e9e est une culture r\u00e9ussie, c&#8217;est pourquoi nous t&#8217;encourageons \u00e0 adapter tes pratiques de culture aux besoins sp\u00e9cifiques de Rainbow Chip pour tirer le meilleur parti de ta r\u00e9colte.<\/p>\n\n\n\n<h2 class=\"wp-block-heading\">Critiques de Rainbow Chip<\/h2>\n\n\n\n<p>La vari\u00e9t\u00e9 <strong>Rainbow Chip<\/strong> a captiv\u00e9 la communaut\u00e9 du cannabis avec son profil unique et ses effets \u00e9quilibr\u00e9s, et plus d&#8217;un ont partag\u00e9 leurs exp\u00e9riences. Voici quelques-uns des avis feuillet\u00e9s les plus remarquables de ceux qui ont essay\u00e9 cette souche exceptionnelle :<\/p>\n\n\n\n<p>&#8220;Rainbow Chip est une v\u00e9ritable montagne russe de sensations. D\u00e8s la premi\u00e8re bouff\u00e9e, elle te plonge dans un \u00e9tat d&#8217;euphorie et de cr\u00e9ativit\u00e9 que je n&#8217;ai connu avec aucune autre vari\u00e9t\u00e9. Elle est parfaite pour les jours de blocage cr\u00e9atif ou lorsque tu as besoin d&#8217;un regain d&#8217;\u00e9nergie positive. De plus, le go\u00fbt est incroyable, c&#8217;est comme si tu te r\u00e9galais de ton dessert pr\u00e9f\u00e9r\u00e9 sans les calories.&#8221;<\/p>\n\n\n\n<p>&#8220;Je travaille dans une chambre de culture et la Rainbow Chip est litt\u00e9ralement l&#8217;une de mes pr\u00e9f\u00e9r\u00e9es. Je la fume sous forme de pr\u00e9-rouleau au moment o\u00f9 j&#8217;\u00e9cris ces lignes. C&#8217;est une excellente vari\u00e9t\u00e9 du matin ou du soir, surtout si tu as des devoirs \u00e0 faire. Mets de la musique, allume un peu de Rainbow Chip et avant m\u00eame de t&#8217;en rendre compte, tu auras termin\u00e9 et tu souriras d&#8217;une oreille \u00e0 l&#8217;autre. Pour quelqu&#8217;un qui souffre de bipolarit\u00e9, cette vari\u00e9t\u00e9 m&#8217;aide vraiment \u00e0 rester heureux et l\u00e9ger.&#8221;<\/p>\n\n\n\n<p>&#8220;Cette souche est hors du commun ! Un v\u00e9ritable tourbillon psychoactif. C&#8217;est l&#8217;une de celles qui te frappent lentement mais s\u00fbrement, et quand tu t&#8217;y attends le moins, bam, tu es sur un nuage. Elle m&#8217;a beaucoup aid\u00e9 avec mes douleurs, ma d\u00e9pression et mon anxi\u00e9t\u00e9. Elle a un go\u00fbt et un ar\u00f4me qui te saisissent, quelque chose d&#8217;agrume, de terreux, de doux et d&#8217;onctueux. Rainbow Chip est d\u00e9finitivement devenue ma vari\u00e9t\u00e9 de choix pour les nuits de d\u00e9tente.&#8221;<\/p>\n\n\n\n<p>&#8220;Quel voyage avec Rainbow Chip ! Je me consid\u00e8re comme un fumeur exp\u00e9riment\u00e9 et cette souche m&#8217;a agr\u00e9ablement surpris. Elle est puissante d\u00e8s le d\u00e9part, comme si tu montais sur des montagnes russes de haute intensit\u00e9. Le meilleur, c&#8217;est sa capacit\u00e9 \u00e0 inspirer la cr\u00e9ativit\u00e9 et la bonne humeur, ce qui en fait le compagnon id\u00e9al pour les projets artistiques ou simplement pour rire un bon coup. D\u00e9finitivement, c&#8217;est une exp\u00e9rience unique que je recommanderais \u00e0 tout le monde.&#8221;<\/p>\n\n\n\n<p>Ces opinions refl\u00e8tent la diversit\u00e9 des exp\u00e9riences et l&#8217;impact positif que Rainbow Chip a eu sur la vie de ses consommateurs. Qu&#8217;il s&#8217;agisse de soulager des conditions m\u00e9dicales ou d&#8217;inspirer des moments de cr\u00e9ativit\u00e9 et de joie, cette vari\u00e9t\u00e9 a gagn\u00e9 une place sp\u00e9ciale dans le c\u0153ur de la communaut\u00e9.<\/p>\n\n\n\n<div style=\"height:50px\" aria-hidden=\"true\" class=\"wp-block-spacer uag-hide-mob\"><\/div>\n\n\n\n<div class=\"wp-block-columns is-layout-flex wp-container-core-columns-is-layout-28f84493 wp-block-columns-is-layout-flex\">\n<div class=\"wp-block-column is-layout-flow wp-block-column-is-layout-flow\">\n<p class=\"has-text-align-center has-medium-font-size\"><strong>Ce qui nous pla\u00eet le plus<\/strong><\/p>\n\n\n\n<ul class=\"wp-block-list\">\n<li>Son effet \u00e9quilibr\u00e9 combine l&#8217;euphorie et la cr\u00e9ativit\u00e9 avec l&#8217;\u00e9nergie et la concentration.<\/li>\n\n\n\n<li>Le profil de saveur et d&#8217;ar\u00f4me unique, qui rappelle un dessert au chocolat \u00e0 la menthe.<\/li>\n\n\n\n<li>Sa polyvalence s&#8217;adresse aussi bien aux utilisateurs r\u00e9cr\u00e9atifs que m\u00e9dicinaux, et permet de traiter tous les probl\u00e8mes, du stress \u00e0 la fatigue.<\/li>\n\n\n\n<li>La beaut\u00e9 de ses bourgeons, aux teintes vertes et violettes, recouverts de trichomes.<\/li>\n<\/ul>\n<\/div>\n\n\n\n<div class=\"wp-block-column is-layout-flow wp-block-column-is-layout-flow\">\n<p class=\"has-text-align-center has-medium-font-size\"><strong>Ce que nous aimons le moins<\/strong><\/p>\n\n\n\n<ul class=\"wp-block-list\">\n<li>La n\u00e9cessit\u00e9 de maintenir un contr\u00f4le \u00e9troit de l&#8217;humidit\u00e9 pour \u00e9viter les probl\u00e8mes de moisissure.<\/li>\n\n\n\n<li>Peut n\u00e9cessiter des techniques de culture plus avanc\u00e9es telles que le topping et le LST pour maximiser les rendements.<\/li>\n<\/ul>\n<\/div>\n<\/div>\n\n\n\n<div style=\"height:50px\" aria-hidden=\"true\" class=\"wp-block-spacer uag-hide-mob\"><\/div>\n\n\n\n<h2 class=\"wp-block-heading\">Questions fr\u00e9quemment pos\u00e9es<\/h2>\n\n\n\n<p>Vous trouverez ci-dessous les r\u00e9ponses aux questions les plus fr\u00e9quemment pos\u00e9es par les cultivateurs int\u00e9ress\u00e9s par cette vari\u00e9t\u00e9 :<\/p>\n\n\n<div id=\"rank-math-faq\" class=\"rank-math-block\">\n<div class=\"rank-math-list \">\n<div id=\"faq-question-1663029074962\" class=\"rank-math-list-item\">\n<h3 class=\"rank-math-question \">Rainbow Chip est-il sativa ou indica ?<\/h3>\n<div class=\"rank-math-answer \">\n\n<p>Rainbow Chip est une souche hybride parfaitement \u00e9quilibr\u00e9e, avec 50 % de g\u00e9n\u00e9tique sativa et 50 % de g\u00e9n\u00e9tique indica. Cela signifie qu&#8217;il combine le meilleur des deux mondes : l&#8217;\u00e9nergie et la cr\u00e9ativit\u00e9 g\u00e9n\u00e9ralement associ\u00e9es aux sativas, ainsi que la relaxation et l&#8217;effet calmant caract\u00e9ristiques des indicas.  <\/p>\n\n<\/div>\n<\/div>\n<div id=\"faq-question-1663029159933\" class=\"rank-math-list-item\">\n<h3 class=\"rank-math-question \">Quelle est la teneur en THC et en CBD du Rainbow Chip ?<\/h3>\n<div class=\"rank-math-answer \">\n\n<p>Rainbow Chip se distingue par sa puissante teneur en THC, qui oscille entre 20 et 22 %, et un taux de CBD de 1 \u00e0 2 %. Cette combinaison offre un \u00e9quilibre parfait entre les effets euphorisants et relaxants, ce qui la rend id\u00e9ale pour un usage \u00e0 la fois r\u00e9cr\u00e9atif et th\u00e9rapeutique, aidant \u00e0 traiter des conditions telles que le stress chronique, le SSPT, la d\u00e9pression et la fatigue.<\/p>\n\n<\/div>\n<\/div>\n<div id=\"faq-question-1663029165861\" class=\"rank-math-list-item\">\n<h3 class=\"rank-math-question \">Quels sont l&#8217;ar\u00f4me et le go\u00fbt des Rainbow Chip ?<\/h3>\n<div class=\"rank-math-answer \">\n\n<p>L&#8217;ar\u00f4me de Rainbow Chip est doux et fruit\u00e9, avec un arri\u00e8re-go\u00fbt de chocolat et de menthe, semblable \u00e0 celui d&#8217;un bol de glace au chocolat et \u00e0 la menthe. En termes de saveur, il offre une exp\u00e9rience complexe et riche qui combine le chocolat sucr\u00e9 avec des herbes menthol\u00e9es et un soup\u00e7on d&#8217;agrumes acidul\u00e9s, faisant de chaque bouff\u00e9e une exp\u00e9rience sensorielle unique.<\/p>\n\n<\/div>\n<\/div>\n<div id=\"faq-question-1666780029954\" class=\"rank-math-list-item\">\n<h3 class=\"rank-math-question \">Quels effets puis-je attendre de l&#8217;utilisation de la Rainbow Chip ?<\/h3>\n<div class=\"rank-math-answer \">\n\n<p>En consommant Rainbow Chip, tu peux t&#8217;attendre \u00e0 ressentir une vague de motivation et d&#8217;\u00e9nergie accompagn\u00e9e d&#8217;un sentiment d&#8217;euphorie et de concentration. Ces effets deviennent rapidement sociaux et cr\u00e9atifs, ce qui le rend excellent pour les activit\u00e9s artistiques, la socialisation ou simplement pour passer un bon moment.<\/p>\n\n<\/div>\n<\/div>\n<div id=\"faq-question-1707214670345\" class=\"rank-math-list-item\">\n<h3 class=\"rank-math-question \">Rainbow Chip convient-il aux cultivateurs d\u00e9butants ?<\/h3>\n<div class=\"rank-math-answer \">\n\n<p>Rainbow Chip est une souche relativement accessible aux cultivateurs novices, gr\u00e2ce \u00e0 sa r\u00e9silience et \u00e0 la facilit\u00e9 avec laquelle elle r\u00e9pond aux diff\u00e9rentes techniques de culture. Cependant, il b\u00e9n\u00e9ficie grandement des techniques de taille et de formation telles que la formation \u00e0 faible stress (LST), qui peuvent n\u00e9cessiter un peu plus d&#8217;exp\u00e9rience ou de recherche de la part du cultivateur.<\/p>\n\n<\/div>\n<\/div>\n<\/div>\n<\/div>","protected":false},"excerpt":{"rendered":"<p>Rainbow Chip Strain est une souche hybride \u00e9quilibr\u00e9e avec un <strong>profil de saveur et d&#8217;ar\u00f4me unique<\/strong>. Avec une puissante teneur en <strong>THC allant de 20 \u00e0 22 %<\/strong>, cette vari\u00e9t\u00e9 promet une<strong> exp\u00e9rience euphorique et cr\u00e9ative<\/strong>, parfaite pour stimuler ta journ\u00e9e ou enrichir tes moments de d\u00e9tente. Id\u00e9al pour les cultivateurs novices et exp\u00e9riment\u00e9s, Rainbow Chip est le choix parfait pour ceux qui recherchent le meilleur en termes de go\u00fbt, d&#8217;effet et de rendement.<\/p>\n","protected":false},"featured_media":22234,"comment_status":"open","ping_status":"closed","template":"","meta":{"_acf_changed":false,"inline_featured_image":false,"_uag_custom_page_level_css":""},"product_brand":[],"product_cat":[1125],"product_tag":[],"class_list":{"0":"post-22249","1":"product","2":"type-product","3":"status-publish","4":"has-post-thumbnail","6":"product_cat-graines-feminisees-en-gros","8":"first","9":"instock","10":"taxable","11":"shipping-taxable","12":"purchasable","13":"product-type-simple"},"acf":[],"uagb_featured_image_src":{"full":["https:\/\/bulkgenetics.com\/wp-content\/uploads\/2024\/02\/rainbow-chip-weed-strain.jpg",1600,1600,false],"thumbnail":["https:\/\/bulkgenetics.com\/wp-content\/uploads\/2024\/02\/rainbow-chip-weed-strain-150x150.jpg",150,150,true],"medium":["https:\/\/bulkgenetics.com\/wp-content\/uploads\/2024\/02\/rainbow-chip-weed-strain-300x300.jpg",300,300,true],"medium_large":["https:\/\/bulkgenetics.com\/wp-content\/uploads\/2024\/02\/rainbow-chip-weed-strain-768x768.jpg",768,768,true],"large":["https:\/\/bulkgenetics.com\/wp-content\/uploads\/2024\/02\/rainbow-chip-weed-strain-1024x1024.jpg",1024,1024,true],"1536x1536":["https:\/\/bulkgenetics.com\/wp-content\/uploads\/2024\/02\/rainbow-chip-weed-strain-1536x1536.jpg",1536,1536,true],"2048x2048":["https:\/\/bulkgenetics.com\/wp-content\/uploads\/2024\/02\/rainbow-chip-weed-strain.jpg",1600,1600,false],"commercegurus-pdp-large":["https:\/\/bulkgenetics.com\/wp-content\/uploads\/2024\/02\/rainbow-chip-weed-strain-990x990.jpg",990,990,true],"commercegurus-plp-mobile":["https:\/\/bulkgenetics.com\/wp-content\/uploads\/2024\/02\/rainbow-chip-weed-strain-441x441.jpg",441,441,true],"cgkit_image_swatch":["https:\/\/bulkgenetics.com\/wp-content\/uploads\/2024\/02\/rainbow-chip-weed-strain-100x100.jpg",100,100,true],"woocommerce_thumbnail":["https:\/\/bulkgenetics.com\/wp-content\/uploads\/2024\/02\/rainbow-chip-weed-strain-300x300.jpg",300,300,true],"woocommerce_single":["https:\/\/bulkgenetics.com\/wp-content\/uploads\/2024\/02\/rainbow-chip-weed-strain-800x800.jpg",800,800,true],"woocommerce_gallery_thumbnail":["https:\/\/bulkgenetics.com\/wp-content\/uploads\/2024\/02\/rainbow-chip-weed-strain-150x150.jpg",150,150,true],"dgwt-wcas-product-suggestion":["https:\/\/bulkgenetics.com\/wp-content\/uploads\/2024\/02\/rainbow-chip-weed-strain-64x64.jpg",64,64,true]},"uagb_author_info":{"display_name":"\u00c1ngel Flores","author_link":"https:\/\/bulkgenetics.com\/fr\/author\/"},"uagb_comment_info":0,"uagb_excerpt":"Rainbow Chip Strain est une souche hybride \u00e9quilibr\u00e9e avec un profil de saveur et d'ar\u00f4me unique. Avec une puissante teneur en THC allant de 20 \u00e0 22 %, cette vari\u00e9t\u00e9 promet une exp\u00e9rience euphorique et cr\u00e9ative, parfaite pour stimuler ta journ\u00e9e ou enrichir tes moments de d\u00e9tente. Id\u00e9al pour les cultivateurs novices et exp\u00e9riment\u00e9s, Rainbow\u2026","_links":{"self":[{"href":"https:\/\/bulkgenetics.com\/fr\/wp-json\/wp\/v2\/product\/22249","targetHints":{"allow":["GET"]}}],"collection":[{"href":"https:\/\/bulkgenetics.com\/fr\/wp-json\/wp\/v2\/product"}],"about":[{"href":"https:\/\/bulkgenetics.com\/fr\/wp-json\/wp\/v2\/types\/product"}],"replies":[{"embeddable":true,"href":"https:\/\/bulkgenetics.com\/fr\/wp-json\/wp\/v2\/comments?post=22249"}],"wp:featuredmedia":[{"embeddable":true,"href":"https:\/\/bulkgenetics.com\/fr\/wp-json\/wp\/v2\/media\/22234"}],"wp:attachment":[{"href":"https:\/\/bulkgenetics.com\/fr\/wp-json\/wp\/v2\/media?parent=22249"}],"wp:term":[{"taxonomy":"product_brand","embeddable":true,"href":"https:\/\/bulkgenetics.com\/fr\/wp-json\/wp\/v2\/product_brand?post=22249"},{"taxonomy":"product_cat","embeddable":true,"href":"https:\/\/bulkgenetics.com\/fr\/wp-json\/wp\/v2\/product_cat?post=22249"},{"taxonomy":"product_tag","embeddable":true,"href":"https:\/\/bulkgenetics.com\/fr\/wp-json\/wp\/v2\/product_tag?post=22249"}],"curies":[{"name":"wp","href":"https:\/\/api.w.org\/{rel}","templated":true}]}}