{"id":22397,"date":"2024-02-15T12:55:19","date_gmt":"2024-02-15T11:55:19","guid":{"rendered":"https:\/\/bulkgenetics.com\/?post_type=product&#038;p=22397"},"modified":"2024-10-08T01:08:50","modified_gmt":"2024-10-07T23:08:50","slug":"banana-hammock","status":"publish","type":"product","link":"https:\/\/bulkgenetics.com\/fr\/banana-hammock\/","title":{"rendered":"Banana Hammock"},"content":{"rendered":"\n<p>Plonge dans le monde exotique de la vari\u00e9t\u00e9 <strong>Banana Hammock<\/strong>, une vari\u00e9t\u00e9 qui apporte avec elle une lign\u00e9e g\u00e9n\u00e9tique enviable, r\u00e9sultat de l&#8217;union entre <strong>Grape God<\/strong> et <strong>Mandarin Sunset<\/strong>. Originaire du Colorado et \u00e9lev\u00e9e par les experts d&#8217;Ethos Genetics, cette vari\u00e9t\u00e9 a gagn\u00e9 le c\u0153ur des connaisseurs gr\u00e2ce \u00e0 son profil aromatique tropical et \u00e0 ses effets r\u00e9confortants. C&#8217;est une invitation \u00e0 exp\u00e9rimenter la douceur du miel et des fruits \u00e0 chaque inhalation, parfaite pour les moments de d\u00e9tente en fin de journ\u00e9e.<\/p>\n\n\n\n<p>La plante <strong>Banana Hammock<\/strong> est une \u0153uvre d&#8217;art de la nature, avec ses bourgeons denses en forme de poivrons affichant une palette de couleurs vibrantes domin\u00e9e par des teintes vert fonc\u00e9 et violettes. Des pistils ambr\u00e9s et une g\u00e9n\u00e9reuse couche de trichomes cristallins promettent une exp\u00e9rience unique. En termes de rendement, les <strong>graines<\/strong> f\u00e9minis\u00e9es de <strong>Banana Hammock<\/strong> se traduisent par des r\u00e9coltes g\u00e9n\u00e9reuses, surtout \u00e0 l&#8217;ext\u00e9rieur, o\u00f9 elle s&#8217;\u00e9panouit sous l&#8217;\u00e9treinte du soleil.<\/p>\n\n\n\n<h2 class=\"wp-block-heading\">P\u00e9riode de floraison<\/h2>\n\n\n\n<p>Le cycle de vie de la <strong>Banana Hammock Strain<\/strong> culmine avec une phase de floraison de 8 \u00e0 9 semaines, apr\u00e8s quoi elle est pr\u00eate \u00e0 offrir ses pr\u00e9cieux fruits. Pour la culture en plein air, note sur ton calendrier la mi-octobre ; c&#8217;est \u00e0 ce moment-l\u00e0 que ce joyau est \u00e0 son apog\u00e9e et pr\u00eat \u00e0 \u00eatre r\u00e9colt\u00e9. Son adaptabilit\u00e9 \u00e0 l&#8217;environnement en fait une option viable pour les cultivateurs novices et exp\u00e9riment\u00e9s, tant que les extr\u00eames en mati\u00e8re d&#8217;arrosage et d&#8217;humidit\u00e9 sont \u00e9vit\u00e9s pour maintenir les champignons \u00e0 distance.<\/p>\n\n\n\n<p>La culture de Banana Hammock, \u00e0 la fois en int\u00e9rieur et en ext\u00e9rieur, est une exp\u00e9rience gratifiante pour tout cultivateur. En int\u00e9rieur, cette vari\u00e9t\u00e9 dominante indica montre sa flexibilit\u00e9 et sa capacit\u00e9 \u00e0 s&#8217;adapter \u00e0 des espaces limit\u00e9s, produisant environ 600 gr\/m\u00b2 gr\u00e2ce \u00e0 des pratiques de culture comme SOG et SCROG, qui maximisent l&#8217;exposition \u00e0 la lumi\u00e8re et encouragent une croissance plus uniforme. En ext\u00e9rieur, Banana Hammock se r\u00e9v\u00e8le dans toute sa splendeur sous le soleil, atteignant son potentiel avec des r\u00e9coltes pouvant aller jusqu&#8217;\u00e0 800 gr par plante dans des conditions optimales.<\/p>\n\n\n\n<h2 class=\"wp-block-heading\">Effets du hamac de banane<\/h2>\n\n\n\n<p>L&#8217;effet du <strong><strong>Banana Hammock<\/strong><\/strong> est une ode \u00e0 la tranquillit\u00e9, id\u00e9al pour vider l&#8217;esprit et apaiser le corps par une relaxation profonde. L&#8217;euphorie initiale fait place \u00e0 un calme agr\u00e9able, qui efface toutes les pens\u00e9es n\u00e9gatives et les remplace par un bien-\u00eatre durable. Avec une teneur en THC allant de 22 % \u00e0 27 %, cette vari\u00e9t\u00e9 est particuli\u00e8rement recommand\u00e9e pour les connaisseurs de cannabis plus exp\u00e9riment\u00e9s qui cherchent \u00e0 soulager efficacement le stress, l&#8217;anxi\u00e9t\u00e9 ou l&#8217;insomnie.<\/p>\n\n\n\n<p>L&#8217;ar\u00f4me est un autre des points forts de <strong>Banana Hammock Strain<\/strong>, affichant un bouquet qui combine la fra\u00eecheur de la terre humide avec des notes dominantes de fruits tropicaux et de miel. Ce profil terp\u00e9nique, men\u00e9 par le myrc\u00e8ne, fait non seulement appel aux sens mais offre \u00e9galement des propri\u00e9t\u00e9s th\u00e9rapeutiques appr\u00e9ci\u00e9es dans le traitement de diverses conditions m\u00e9dicales.<\/p>\n\n\n\n<p>Les avis de ceux qui ont essay\u00e9 <strong>Banana Hammock<\/strong> s&#8217;accordent \u00e0 souligner sa capacit\u00e9 \u00e0 transporter l&#8217;utilisateur dans un \u00e9tat de s\u00e9r\u00e9nit\u00e9 quasi instantan\u00e9, accompagn\u00e9 d&#8217;une douceur qui persiste en bouche. L&#8217;exp\u00e9rience est souvent d\u00e9crite comme un voyage vers une oasis de paix, o\u00f9 la seule exigence est de se laisser porter par les sensations \u00e9voqu\u00e9es par cette vari\u00e9t\u00e9.<\/p>\n\n\n\n<p>Chez <strong>Bulk Genetics<\/strong>, nous sommes fiers de proposer les <strong>graines Banana Hammock<\/strong>, une s\u00e9lection qui promet non seulement d&#8217;embellir ton jardin, mais aussi d&#8217;enrichir ton r\u00e9pertoire d&#8217;exp\u00e9riences cannabiques. Que tu sois un cultivateur exp\u00e9riment\u00e9 \u00e0 la recherche de nouvelles sensations ou un amateur d\u00e9sireux d&#8217;explorer les profondeurs relaxantes de la marijuana, <strong>Banana Hammock<\/strong> est pr\u00eat \u00e0 r\u00e9pondre \u00e0 tes attentes et \u00e0 les d\u00e9passer.<\/p>\n\n\n\n<h2 class=\"wp-block-heading\">Comment cultiver la vari\u00e9t\u00e9 Banana Hammock ?<\/h2>\n\n\n\n<p>Nous sommes heureux de partager notre exp\u00e9rience et nos connaissances sur la culture de <strong>Banana Hammock<\/strong>, une vari\u00e9t\u00e9 qui, avec les bons soins, devient un v\u00e9ritable joyau dans ton jardin. Pour commencer, il est essentiel d&#8217;assurer un environnement stable, en \u00e9vitant les extr\u00eames d&#8217;humidit\u00e9 et d&#8217;arrosage, car cela pourrait augmenter le risque de champignons, un ennemi commun de cette souche.  <\/p>\n\n\n\n<p>Le <strong>Banana Hammock<\/strong> pr\u00e9f\u00e8re les espaces ouverts o\u00f9 il peut s&#8217;\u00e9tendre au soleil, mais il se d\u00e9brouille aussi bien \u00e0 l&#8217;int\u00e9rieur si l&#8217;espace et la lumi\u00e8re sont correctement g\u00e9r\u00e9s.<\/p>\n\n\n\n<p>Nous recommandons d&#8217;utiliser les techniques SOG (Sea of Green) et SCROG (Screen of Green) pour optimiser l&#8217;espace et l&#8217;exposition \u00e0 la lumi\u00e8re de chaque plante. La taille et l&#8217;\u00e9t\u00eatage vers la cinqui\u00e8me semaine de v\u00e9g\u00e9tation peuvent encourager une croissance plus touffue et augmenter la production de bourgeons.  <\/p>\n\n\n\n<p>Bien que cette souche ne soit pas difficile en mati\u00e8re de nutriments, il est crucial de les g\u00e9rer judicieusement pour \u00e9viter la surfertilisation. Avec ces pratiques, <strong>Banana Hammock<\/strong> r\u00e9v\u00e8lera tout son potentiel, te r\u00e9compensant avec des bourgeons denses et r\u00e9sineux.<\/p>\n\n\n\n<h2 class=\"wp-block-heading\">Critiques de Banana Hammock<\/h2>\n\n\n\n<p>Les exp\u00e9riences de ceux qui ont eu le plaisir de cultiver et d&#8217;appr\u00e9cier <strong>Banana Hammock<\/strong> parlent d&#8217;elles-m\u00eames. Voici quelques-uns des avis que nous avons compil\u00e9s pour toi sur Leafly.<\/p>\n\n\n\n<blockquote class=\"wp-block-quote is-layout-flow wp-block-quote-is-layout-flow\">\n<p>&#8220;Apr\u00e8s avoir fait pousser Banana Hammock dans mon jardin, je peux dire que c&#8217;est l&#8217;une de mes pr\u00e9f\u00e9r\u00e9es. Non seulement \u00e0 cause des bourgeons denses et r\u00e9sineux qu&#8217;elle produit, mais aussi \u00e0 cause de l&#8217;ar\u00f4me de fruits tropicaux qui remplit tout l&#8217;espace. sans parler des effets ! Une pure relaxation qui te transporte dans un \u00e9tat de bien-\u00eatre in\u00e9gal\u00e9&#8221;.<\/p>\n<\/blockquote>\n\n\n\n<blockquote class=\"wp-block-quote is-layout-flow wp-block-quote-is-layout-flow\">\n<p>&#8220;En tant que fan de cannabis, je suis toujours \u00e0 la recherche de saveurs uniques, et Banana Hammock n&#8217;a pas d\u00e9\u00e7u. Le subtil soup\u00e7on de miel avec ce fond tropical m&#8217;a conquise. De plus, il m&#8217;aide \u00e0 lutter contre l&#8217;insomnie comme aucun autre.&#8221;<\/p>\n<\/blockquote>\n\n\n\n<blockquote class=\"wp-block-quote is-layout-flow wp-block-quote-is-layout-flow\">\n<p>&#8220;Incroyable ! C&#8217;est le mot pour d\u00e9crire l&#8217;exp\u00e9rience avec Banana Hammock. Depuis la culture, qui a \u00e9t\u00e9 un processus plut\u00f4t amical, jusqu&#8217;au moment o\u00f9 je l&#8217;ai essay\u00e9. Les effets sont exactement ce dont j&#8217;ai besoin pour me d\u00e9tendre apr\u00e8s une journ\u00e9e mouvement\u00e9e&#8221;.<\/p>\n<\/blockquote>\n\n\n\n<blockquote class=\"wp-block-quote is-layout-flow wp-block-quote-is-layout-flow\">\n<p>&#8220;Le hamac de banane est une merveille. Je l&#8217;utilise pour soulager le stress et l&#8217;anxi\u00e9t\u00e9, et l&#8217;effet est presque instantan\u00e9. De plus, le go\u00fbt est d\u00e9licieux, tr\u00e8s diff\u00e9rent de tout ce que j&#8217;ai essay\u00e9 auparavant. Ce sera d\u00e9finitivement une constante dans mon jardin&#8221;.<\/p>\n<\/blockquote>\n\n\n\n<p>Ces opinions ne sont qu&#8217;un \u00e9chantillon de la fa\u00e7on dont <strong>Banana Hammock<\/strong> a eu un impact positif sur la vie de nombreuses personnes. Sa combinaison unique d&#8217;ar\u00f4mes, de saveurs et d&#8217;effets en fait un choix de pr\u00e9dilection pour ceux qui recherchent la qualit\u00e9 et une exp\u00e9rience inoubliable. Si tu envisages de l&#8217;essayer, ces exp\u00e9riences te garantissent de prendre une excellente d\u00e9cision.<\/p>\n\n\n\n<div style=\"height:50px\" aria-hidden=\"true\" class=\"wp-block-spacer uag-hide-mob\"><\/div>\n\n\n\n<div class=\"wp-block-columns is-layout-flex wp-container-core-columns-is-layout-28f84493 wp-block-columns-is-layout-flex\">\n<div class=\"wp-block-column is-layout-flow wp-block-column-is-layout-flow\">\n<p class=\"has-text-align-center has-medium-font-size\"><strong>Ce qui nous pla\u00eet le plus<\/strong><\/p>\n\n\n\n<ul class=\"wp-block-list\">\n<li>Son d\u00e9licieux ar\u00f4me de fruits tropicaux et de miel.<\/li>\n\n\n\n<li>Effets relaxants et euphorisants, parfaits pour la fin de la journ\u00e9e.<\/li>\n\n\n\n<li>R\u00e9sistance mod\u00e9r\u00e9e aux parasites et aux maladies, ce qui facilite la culture.<\/li>\n\n\n\n<li>Des rendements g\u00e9n\u00e9reux \u00e0 l&#8217;int\u00e9rieur comme \u00e0 l&#8217;ext\u00e9rieur.<\/li>\n<\/ul>\n<\/div>\n\n\n\n<div class=\"wp-block-column is-layout-flow wp-block-column-is-layout-flow\">\n<p class=\"has-text-align-center has-medium-font-size\"><strong>Ce que nous aimons le moins<\/strong><\/p>\n\n\n\n<ul class=\"wp-block-list\">\n<li>Il n\u00e9cessite une attention particuli\u00e8re pour \u00e9viter l&#8217;exc\u00e8s d&#8217;humidit\u00e9 et les champignons.<\/li>\n\n\n\n<li>La fourchette de THC peut varier, ce qui n\u00e9cessite d&#8217;ajuster la consommation en fonction de la tol\u00e9rance.<\/li>\n<\/ul>\n<\/div>\n<\/div>\n\n\n\n<div style=\"height:50px\" aria-hidden=\"true\" class=\"wp-block-spacer uag-hide-mob\"><\/div>\n\n\n\n<h2 class=\"wp-block-heading\">Questions fr\u00e9quemment pos\u00e9es<\/h2>\n\n\n\n<p>Vous trouverez ci-dessous les r\u00e9ponses aux questions les plus fr\u00e9quemment pos\u00e9es par les cultivateurs int\u00e9ress\u00e9s par cette vari\u00e9t\u00e9 :<\/p>\n\n\n<div id=\"rank-math-faq\" class=\"rank-math-block\">\n<div class=\"rank-math-list \">\n<div id=\"faq-question-1663029074962\" class=\"rank-math-list-item\">\n<h3 class=\"rank-math-question \">Banana Hammock est-il sativa ou indica ?<\/h3>\n<div class=\"rank-math-answer \">\n\n<p>Banana Hammock est principalement une souche <strong>indica<\/strong>, avec une composition g\u00e9n\u00e9tique de 70 % d&#8217;indica et 30 % de sativa. Cette dominance indica se traduit par des effets relaxants et calmants, caract\u00e9ristiques des souches indica, qui sont id\u00e9ales pour la relaxation et le soulagement du stress.<\/p>\n\n<\/div>\n<\/div>\n<div id=\"faq-question-1663029159933\" class=\"rank-math-list-item\">\n<h3 class=\"rank-math-question \">Quelle est la teneur en THC de Banana Hammock ?<\/h3>\n<div class=\"rank-math-answer \">\n\n<p>La teneur en THC de Banana Hammock varie entre 22 % et 25 %, ce qui la place dans la cat\u00e9gorie des vari\u00e9t\u00e9s \u00e0 forte puissance. Cette concentration de THC est responsable de ses puissants effets relaxants et euphorisants, ce qui en fait un produit id\u00e9al pour les utilisateurs exp\u00e9riment\u00e9s ou ceux qui ont une tol\u00e9rance \u00e9lev\u00e9e au THC.<\/p>\n\n<\/div>\n<\/div>\n<div id=\"faq-question-1663029165861\" class=\"rank-math-list-item\">\n<h3 class=\"rank-math-question \">Banana Hammock convient-il aux cultivateurs d\u00e9butants ?<\/h3>\n<div class=\"rank-math-answer \">\n\n<p>Bien que le Banana Hammock puisse repr\u00e9senter un d\u00e9fi pour les cultivateurs novices en raison de sa sensibilit\u00e9 aux conditions extr\u00eames, comme l&#8217;exc\u00e8s d&#8217;eau ou l&#8217;humidit\u00e9 \u00e9lev\u00e9e, il reste une option viable. En pr\u00eatant attention \u00e0 leur environnement de culture et en g\u00e9rant soigneusement l&#8217;humidit\u00e9 et les nutriments, m\u00eame les d\u00e9butants peuvent obtenir des r\u00e9coltes fructueuses. Les techniques de culture telles que le SOG et le SCROG sont recommand\u00e9es pour maximiser son potentiel.<\/p>\n\n<\/div>\n<\/div>\n<div id=\"faq-question-1666780029954\" class=\"rank-math-list-item\">\n<h3 class=\"rank-math-question \">Quels sont les ar\u00f4mes et les saveurs de Banana Hammock ?<\/h3>\n<div class=\"rank-math-answer \">\n\n<p>Banana Hammock se distingue par sa saveur exceptionnellement douce et tropicale et son profil aromatique. Les utilisateurs peuvent s&#8217;attendre \u00e0 des notes dominantes de fruits tropicaux et de miel, avec des nuances terreuses fra\u00eeches qui compl\u00e8tent l&#8217;exp\u00e9rience. Ce profil terp\u00e9nique fait non seulement du fumage ou du vapotage de Banana Hammock un d\u00e9lice, mais il contribue aussi \u00e0 ses effets th\u00e9rapeutiques, notamment en soulageant l&#8217;anxi\u00e9t\u00e9 et le stress.<\/p>\n\n<\/div>\n<\/div>\n<div id=\"faq-question-1707999646542\" class=\"rank-math-list-item\">\n<h3 class=\"rank-math-question \">Comment le climat affecte-t-il la culture de Banana Hammock ?<br><\/h3>\n<div class=\"rank-math-answer \">\n\n<p>Le hamac de banane prosp\u00e8re dans des conditions climatiques temp\u00e9r\u00e9es, pr\u00e9f\u00e9rant un environnement o\u00f9 l&#8217;humidit\u00e9 peut \u00eatre contr\u00f4l\u00e9e avec pr\u00e9cision. Sa sensibilit\u00e9 aux champignons fait qu&#8217;il est crucial d&#8217;\u00e9viter l&#8217;exc\u00e8s d&#8217;humidit\u00e9. Bien que cette souche puisse \u00eatre cultiv\u00e9e aussi bien \u00e0 l&#8217;int\u00e9rieur qu&#8217;\u00e0 l&#8217;ext\u00e9rieur, les cultivateurs doivent \u00eatre conscients de ces besoins pour garantir une r\u00e9colte abondante et saine.<\/p>\n\n<\/div>\n<\/div>\n<\/div>\n<\/div>","protected":false},"excerpt":{"rendered":"<p>La <b>vari\u00e9t\u00e9 Banana Hammock <\/b>te plonge dans une oasis tropicale gr\u00e2ce \u00e0 son <strong>profil de saveurs exceptionnelles de fruits et de miel<\/strong>. Avec une puissante teneur en <strong>THC de 22 \u00e0 25 %<\/strong>, cette souche \u00e0 dominante indica promet des <strong>effets relaxants profonds et une euphorie durable<\/strong>. Id\u00e9al pour les consommateurs en qu\u00eate de calme et d&#8217;une douce \u00e9vasion \u00e0 la fin de la journ\u00e9e.<\/p>\n","protected":false},"featured_media":22382,"comment_status":"open","ping_status":"closed","template":"","meta":{"_acf_changed":false,"inline_featured_image":false,"_uag_custom_page_level_css":""},"product_brand":[],"product_cat":[1125],"product_tag":[],"class_list":{"0":"post-22397","1":"product","2":"type-product","3":"status-publish","4":"has-post-thumbnail","6":"product_cat-graines-feminisees-en-gros","8":"first","9":"instock","10":"taxable","11":"shipping-taxable","12":"purchasable","13":"product-type-simple"},"acf":[],"uagb_featured_image_src":{"full":["https:\/\/bulkgenetics.com\/wp-content\/uploads\/2024\/02\/banana-hammock-strain-weed.jpg",1600,1600,false],"thumbnail":["https:\/\/bulkgenetics.com\/wp-content\/uploads\/2024\/02\/banana-hammock-strain-weed-150x150.jpg",150,150,true],"medium":["https:\/\/bulkgenetics.com\/wp-content\/uploads\/2024\/02\/banana-hammock-strain-weed-300x300.jpg",300,300,true],"medium_large":["https:\/\/bulkgenetics.com\/wp-content\/uploads\/2024\/02\/banana-hammock-strain-weed-768x768.jpg",768,768,true],"large":["https:\/\/bulkgenetics.com\/wp-content\/uploads\/2024\/02\/banana-hammock-strain-weed-1024x1024.jpg",1024,1024,true],"1536x1536":["https:\/\/bulkgenetics.com\/wp-content\/uploads\/2024\/02\/banana-hammock-strain-weed-1536x1536.jpg",1536,1536,true],"2048x2048":["https:\/\/bulkgenetics.com\/wp-content\/uploads\/2024\/02\/banana-hammock-strain-weed.jpg",1600,1600,false],"commercegurus-pdp-large":["https:\/\/bulkgenetics.com\/wp-content\/uploads\/2024\/02\/banana-hammock-strain-weed-990x990.jpg",990,990,true],"commercegurus-plp-mobile":["https:\/\/bulkgenetics.com\/wp-content\/uploads\/2024\/02\/banana-hammock-strain-weed-441x441.jpg",441,441,true],"cgkit_image_swatch":["https:\/\/bulkgenetics.com\/wp-content\/uploads\/2024\/02\/banana-hammock-strain-weed-100x100.jpg",100,100,true],"woocommerce_thumbnail":["https:\/\/bulkgenetics.com\/wp-content\/uploads\/2024\/02\/banana-hammock-strain-weed-300x300.jpg",300,300,true],"woocommerce_single":["https:\/\/bulkgenetics.com\/wp-content\/uploads\/2024\/02\/banana-hammock-strain-weed-800x800.jpg",800,800,true],"woocommerce_gallery_thumbnail":["https:\/\/bulkgenetics.com\/wp-content\/uploads\/2024\/02\/banana-hammock-strain-weed-150x150.jpg",150,150,true],"dgwt-wcas-product-suggestion":["https:\/\/bulkgenetics.com\/wp-content\/uploads\/2024\/02\/banana-hammock-strain-weed-64x64.jpg",64,64,true]},"uagb_author_info":{"display_name":"\u00c1ngel Flores","author_link":"https:\/\/bulkgenetics.com\/fr\/author\/"},"uagb_comment_info":0,"uagb_excerpt":"La vari\u00e9t\u00e9 Banana Hammock te plonge dans une oasis tropicale gr\u00e2ce \u00e0 son profil de saveurs exceptionnelles de fruits et de miel. Avec une puissante teneur en THC de 22 \u00e0 25 %, cette souche \u00e0 dominante indica promet des effets relaxants profonds et une euphorie durable. Id\u00e9al pour les consommateurs en qu\u00eate de calme\u2026","_links":{"self":[{"href":"https:\/\/bulkgenetics.com\/fr\/wp-json\/wp\/v2\/product\/22397","targetHints":{"allow":["GET"]}}],"collection":[{"href":"https:\/\/bulkgenetics.com\/fr\/wp-json\/wp\/v2\/product"}],"about":[{"href":"https:\/\/bulkgenetics.com\/fr\/wp-json\/wp\/v2\/types\/product"}],"replies":[{"embeddable":true,"href":"https:\/\/bulkgenetics.com\/fr\/wp-json\/wp\/v2\/comments?post=22397"}],"wp:featuredmedia":[{"embeddable":true,"href":"https:\/\/bulkgenetics.com\/fr\/wp-json\/wp\/v2\/media\/22382"}],"wp:attachment":[{"href":"https:\/\/bulkgenetics.com\/fr\/wp-json\/wp\/v2\/media?parent=22397"}],"wp:term":[{"taxonomy":"product_brand","embeddable":true,"href":"https:\/\/bulkgenetics.com\/fr\/wp-json\/wp\/v2\/product_brand?post=22397"},{"taxonomy":"product_cat","embeddable":true,"href":"https:\/\/bulkgenetics.com\/fr\/wp-json\/wp\/v2\/product_cat?post=22397"},{"taxonomy":"product_tag","embeddable":true,"href":"https:\/\/bulkgenetics.com\/fr\/wp-json\/wp\/v2\/product_tag?post=22397"}],"curies":[{"name":"wp","href":"https:\/\/api.w.org\/{rel}","templated":true}]}}