{"id":22488,"date":"2024-02-26T11:31:34","date_gmt":"2024-02-26T10:31:34","guid":{"rendered":"https:\/\/bulkgenetics.com\/?post_type=product&#038;p=22488"},"modified":"2025-12-29T10:15:29","modified_gmt":"2025-12-29T09:15:29","slug":"mint-chocolate-chip","status":"publish","type":"product","link":"https:\/\/bulkgenetics.com\/fr\/mint-chocolate-chip\/","title":{"rendered":"Mint Chocolate Chip"},"content":{"rendered":"\n<p>Imagine un croisement parfait entre l&#8217;intensit\u00e9 aromatique des Thin Mint Cookies et l&#8217;\u00e9nergie vibrante du Green Ribbon BX, et tu obtiens <strong>Mint Chocolate Chip<\/strong>, une vari\u00e9t\u00e9 qui \u00e9quilibre l&#8217;art et la science de la culture du cannabis. Cet hybride 50\/50 t\u00e9moigne de la cr\u00e9ativit\u00e9 de la g\u00e9n\u00e9tique du cannabis, offrant un profil de saveurs et d&#8217;effets aussi complexe que sa lign\u00e9e. Avec des racines fermement ancr\u00e9es dans l&#8217;innovation, Mint Chocolate Chip est un d\u00e9lice pour les sens, con\u00e7u pour ceux qui appr\u00e9cient les subtilit\u00e9s d&#8217;un bon hybride.<\/p>\n\n\n\n<p>En termes de morphologie, cette plante a une esth\u00e9tique digne de son nom, avec des bourgeons ronds, vert fonc\u00e9, orn\u00e9s de poils orange et de trichomes cristallins brillants. C&#8217;est une plante \u00e0 <strong>rendement moyen \u00e0 \u00e9lev\u00e9<\/strong>, qui pousse vigoureusement sur un buisson robuste \u00e0 plusieurs tiges, atteignant des hauteurs moyennes \u00e0 grandes.  <\/p>\n\n\n\n<h2 class=\"wp-block-heading\">P\u00e9riode de floraison<\/h2>\n\n\n\n<p>Pendant cette p\u00e9riode, la plante se transforme, montrant toute la beaut\u00e9 de ses bourgeons denses et r\u00e9sineux. Sa dur\u00e9e de floraison est comprise entre <strong>56 et 63 jours<\/strong>, apr\u00e8s quoi il r\u00e9compense les cultivateurs avec des bourgeons denses et r\u00e9sineux qui d\u00e9gagent un ar\u00f4me ent\u00eatant de glace au chocolat \u00e0 la menthe.<\/p>\n\n\n\n<p>Cette vari\u00e9t\u00e9 est un excellent choix pour ceux qui recherchent un rendement g\u00e9n\u00e9reux sans une attente interminable. La patience est r\u00e9compens\u00e9e par une r\u00e9colte aussi agr\u00e9able \u00e0 l&#8217;\u0153il qu&#8217;au palais.<\/p>\n\n\n\n<p>La production de Mint Chocolate Chip suscite l&#8217;int\u00e9r\u00eat des cultivateurs novices comme exp\u00e9riment\u00e9s en raison de son rendement impressionnant tant en int\u00e9rieur qu&#8217;en ext\u00e9rieur. Dans des environnements contr\u00f4l\u00e9s, ou en int\u00e9rieur, cette vari\u00e9t\u00e9 se distingue par sa capacit\u00e9 \u00e0 produire<strong> jusqu&#8217;\u00e0 600 grammes par m\u00e8tre carr\u00e9<\/strong>. Ce chiffre refl\u00e8te non seulement la densit\u00e9 et la qualit\u00e9 de ses bourgeons mais aussi l&#8217;adaptabilit\u00e9 de Mint Chocolate Chip \u00e0 diff\u00e9rentes techniques de culture, du SOG au SCROG, exploitant au maximum chaque centim\u00e8tre d&#8217;espace pour maximiser sa production.<\/p>\n\n\n\n<p>En ext\u00e9rieur, Mint Chocolate Chip se transforme en un v\u00e9ritable g\u00e9ant, avec des rendements pouvant atteindre <strong>1000 grammes par plante<\/strong>. Ce nombre impressionnant est d\u00fb \u00e0 sa croissance vigoureuse et \u00e0 sa robustesse, qualit\u00e9s h\u00e9rit\u00e9es de ses anc\u00eatres g\u00e9n\u00e9tiques. Le succ\u00e8s de la production ext\u00e9rieure d\u00e9pend des conditions climatiques favorables et d&#8217;un soin attentif, mais l&#8217;effort en vaut largement la peine. La g\u00e9n\u00e9rosit\u00e9 de Mint Chocolate Chip dans sa r\u00e9colte t\u00e9moigne de sa qualit\u00e9 exceptionnelle et de son potentiel \u00e0 offrir une exp\u00e9rience de culture gratifiante et fructueuse, en faisant un choix privil\u00e9gi\u00e9 parmi ceux qui recherchent non seulement la saveur et l&#8217;effet, mais aussi l&#8217;abondance dans leur production.<\/p>\n\n\n\n<h2 class=\"wp-block-heading\">Effets de la vari\u00e9t\u00e9 Mint Chocolate Chip<\/h2>\n\n\n\n<p>L&#8217;effet de Mint Chocolate Chip est une montagne russe de sensations, commen\u00e7ant par un <strong>niveau \u00e9lev\u00e9 d&#8217;\u00e9nergie<\/strong> et de motivation qui invite \u00e0 la cr\u00e9ativit\u00e9 et \u00e0 la concentration. Alors que ton esprit s&#8217;envole, ton corps s&#8217;enfonce dans une relaxation profonde, presque s\u00e9dative, parfaite pour soulager les douleurs chroniques, les maux de t\u00eate, la perte d&#8217;app\u00e9tit, la d\u00e9pression et la fatigue chronique. Avec une teneur en THC de plus de 18 %, cette vari\u00e9t\u00e9 promet un voyage aux sensations contrast\u00e9es, en maintenant un \u00e9quilibre entre l&#8217;euphorie mentale et le calme corporel.<\/p>\n\n\n\n<p>Les <strong>commentaires des consommateurs<\/strong> ne font que confirmer la magie des Mint Chocolate Chip. Des sentiments de f\u00e9licit\u00e9 relaxante aux acc\u00e8s de cr\u00e9ativit\u00e9 et de conversation, cette souche se distingue \u00e0 la fois par son profil complexe et par la polyvalence de ses effets. Si tu croises ces graines chez Bulk Genetics, tu as devant toi une occasion unique de d\u00e9couvrir l&#8217;une des vari\u00e9t\u00e9s les plus intrigantes et les plus satisfaisantes du march\u00e9.<\/p>\n\n\n\n<h2 class=\"wp-block-heading\">Comment cultiver Mint Chocolate Chip<\/h2>\n\n\n\n<p>Nous aimons partager nos conseils et nos opinions sur la culture des Mint Chocolate Chip, une vari\u00e9t\u00e9 que nous aimons pour son \u00e9quilibre et sa richesse. Cultiver ce joyau est une exp\u00e9rience enrichissante, surtout si tu suis quelques recommandations cl\u00e9s. Tout d&#8217;abord, il est important de se rappeler que Mint Chocolate Chip s&#8217;\u00e9panouit aussi bien \u00e0 l&#8217;int\u00e9rieur qu&#8217;\u00e0 l&#8217;ext\u00e9rieur, faisant preuve d&#8217;une flexibilit\u00e9 qui le rend accessible \u00e0 diff\u00e9rents types de cultivateurs. Il appr\u00e9cie un climat temp\u00e9r\u00e9 et se porte mieux avec des techniques de taille et de formation pour encourager une croissance robuste et une production optimale.<\/p>\n\n\n\n<p>\u00c0 l&#8217;int\u00e9rieur, veille \u00e0 fournir un \u00e9clairage ad\u00e9quat et un bon syst\u00e8me de ventilation pour imiter leur environnement id\u00e9al. \u00c9tant donn\u00e9 sa croissance vigoureuse, il est conseill\u00e9 d&#8217;appliquer des techniques d&#8217;\u00e9t\u00eatage pr\u00e9coces pour favoriser un buisson plus dense et plus facile \u00e0 g\u00e9rer. Cette vari\u00e9t\u00e9 montre une r\u00e9sistance remarquable aux parasites et aux maladies, mais il est toujours judicieux de maintenir des pratiques culturales propres pour \u00e9viter les mauvaises surprises.<\/p>\n\n\n\n<p>La r\u00e9compense de tes efforts sera une g\u00e9n\u00e9reuse r\u00e9colte de bourgeons denses et r\u00e9sineux, avec des rendements qui pourraient te surprendre. Bien que les Mint Chocolate Chip ne soient pas les plus capricieuses, un peu de soin et d&#8217;attention peuvent faire passer ta r\u00e9colte au niveau sup\u00e9rieur. \u00c9coute ta plante, et elle te guidera vers une exp\u00e9rience de culture aussi d\u00e9licieuse que son nom l&#8217;indique.<\/p>\n\n\n\n<h2 class=\"wp-block-heading\">Critiques de Mint Chocolate Chip<\/h2>\n\n\n\n<p>Nous avons compil\u00e9 pour toi certaines des exp\u00e9riences v\u00e9cues sur Leafly par ceux qui ont eu le plaisir de cultiver et d&#8217;appr\u00e9cier cette vari\u00e9t\u00e9.<\/p>\n\n\n\n<blockquote class=\"wp-block-quote is-layout-flow wp-block-quote-is-layout-flow\">\n<p>&#8220;Mint Chocolate Chip sont une r\u00e9v\u00e9lation. Son go\u00fbt de chocolat \u00e0 la menthe est si authentique qu&#8217;il me transporte chez mon glacier pr\u00e9f\u00e9r\u00e9 \u00e0 chaque fois que j&#8217;en mange. De plus, l&#8217;\u00e9quilibre entre l&#8217;\u00e9nergie mentale et la d\u00e9tente physique est tout simplement parfait \u00e0 tout moment de la journ\u00e9e.&#8221;<\/p>\n<\/blockquote>\n\n\n\n<blockquote class=\"wp-block-quote is-layout-flow wp-block-quote-is-layout-flow\">\n<p>&#8220;Cette vari\u00e9t\u00e9 m&#8217;a profond\u00e9ment impressionn\u00e9. Non seulement Mint Chocolate Chip a un profil de saveur exceptionnel, mais ses effets \u00e9quilibr\u00e9s m&#8217;aident \u00e0 rester productif tout en \u00e9tant d\u00e9tendu. C&#8217;est ma nouvelle pr\u00e9f\u00e9r\u00e9e pour les s\u00e9ances de cr\u00e9ativit\u00e9.&#8221;<\/p>\n<\/blockquote>\n\n\n\n<blockquote class=\"wp-block-quote is-layout-flow wp-block-quote-is-layout-flow\">\n<p>&#8220;J&#8217;ai essay\u00e9 de nombreuses vari\u00e9t\u00e9s, mais peu comme celle aux Mint Chocolate Chip. Son effet rapide et durable est id\u00e9al pour mes besoins en mati\u00e8re de soulagement de la douleur. Et ce go\u00fbt&#8230; c&#8217;est comme savourer un dessert sans les calories. Je le cultiverai \u00e0 nouveau, c&#8217;est certain.&#8221;<\/p>\n<\/blockquote>\n\n\n\n<blockquote class=\"wp-block-quote is-layout-flow wp-block-quote-is-layout-flow\">\n<p>&#8220;Mint Chocolate Chip by Bulk Genetics est un produit incontournable pour les amateurs de saveurs uniques. L&#8217;ar\u00f4me qui remplit la pi\u00e8ce lorsqu&#8217;elle est fum\u00e9e est incroyable. Grande vari\u00e9t\u00e9.&#8221;<\/p>\n<\/blockquote>\n\n\n\n<blockquote class=\"wp-block-quote is-layout-flow wp-block-quote-is-layout-flow\">\n<p>&#8220;Incroyable comme une seule plante peut offrir tant de choses. Mint Chocolate Chip combine le meilleur des deux mondes avec ses 50 % d&#8217;indica et 50 % de sativa. Elle me maintient dans un parfait \u00e9tat de bien-\u00eatre. C&#8217;est ma vari\u00e9t\u00e9 de pr\u00e9dilection pour les week-ends.&#8221;<\/p>\n<\/blockquote>\n\n\n\n<div style=\"height:50px\" aria-hidden=\"true\" class=\"wp-block-spacer uag-hide-mob\"><\/div>\n\n\n\n<div class=\"wp-block-columns is-layout-flex wp-container-core-columns-is-layout-28f84493 wp-block-columns-is-layout-flex\">\n<div class=\"wp-block-column is-layout-flow wp-block-column-is-layout-flow\">\n<p class=\"has-text-align-center has-medium-font-size\"><strong>Ce qui nous pla\u00eet le plus<\/strong><\/p>\n\n\n\n<ul class=\"wp-block-list\">\n<li>Son \u00e9quilibre parfait entre les effets relaxants et stimulants, id\u00e9al \u00e0 tout moment de la journ\u00e9e.<\/li>\n\n\n\n<li>Le profil de saveur unique, combinant des notes de menthe, de chocolat et un soup\u00e7on de terre, offre une exp\u00e9rience sensorielle in\u00e9gal\u00e9e.<\/li>\n\n\n\n<li>La beaut\u00e9 de ses bourgeons, \u00e0 l&#8217;aspect visuellement \u00e9poustouflant, qui promet la qualit\u00e9 au premier coup d&#8217;\u0153il.<\/li>\n<\/ul>\n<\/div>\n\n\n\n<div class=\"wp-block-column is-layout-flow wp-block-column-is-layout-flow\">\n<p class=\"has-text-align-center has-medium-font-size\"><strong>Ce que nous aimons le moins<\/strong><\/p>\n\n\n\n<ul class=\"wp-block-list\">\n<li>La n\u00e9cessit\u00e9 de techniques de culture sp\u00e9cifiques pour maximiser leur potentiel, ce qui peut \u00eatre un d\u00e9fi pour les cultivateurs novices.<\/li>\n\n\n\n<li>Bien qu&#8217;elle soit tr\u00e8s r\u00e9sistante aux parasites et aux maladies, un entretien pr\u00e9ventif reste indispensable pour garantir une r\u00e9colte fructueuse.<\/li>\n\n\n\n<li>Ce n&#8217;est pas une vari\u00e9t\u00e9 qui convient pour dormir.<\/li>\n<\/ul>\n<\/div>\n<\/div>\n\n\n\n<div style=\"height:50px\" aria-hidden=\"true\" class=\"wp-block-spacer uag-hide-mob\"><\/div>\n\n\n\n<h2 class=\"wp-block-heading\">Questions fr\u00e9quemment pos\u00e9es<\/h2>\n\n\n\n<p>Vous trouverez ci-dessous les r\u00e9ponses aux questions les plus fr\u00e9quemment pos\u00e9es par les cultivateurs int\u00e9ress\u00e9s par cette vari\u00e9t\u00e9 :<\/p>\n\n\n<div id=\"rank-math-faq\" class=\"rank-math-block\">\n<div class=\"rank-math-list \">\n<div id=\"faq-question-1663029074962\" class=\"rank-math-list-item\">\n<h3 class=\"rank-math-question \">Mint Chocolate Chip sont-elles des sativa ou des indica ?<\/h3>\n<div class=\"rank-math-answer \">\n\n<p>Mint Chocolate Chip est un hybride parfaitement \u00e9quilibr\u00e9, avec 50 % d&#8217;indica et 50 % de sativa. Cela signifie qu&#8217;il combine le meilleur des deux mondes : l&#8217;\u00e9nergie et la cr\u00e9ativit\u00e9 g\u00e9n\u00e9ralement associ\u00e9es aux sativas, ainsi que la relaxation corporelle profonde typique des indicas. Les souches sativa ont tendance \u00e0 \u00eatre plus stimulantes et sont pr\u00e9f\u00e9r\u00e9es pour un usage diurne, tandis que les indicas sont connues pour leurs effets relaxants et sont id\u00e9ales pour un usage nocturne. Mint Chocolate Chip offre une exp\u00e9rience unique qui peut \u00eatre appr\u00e9ci\u00e9e \u00e0 tout moment de la journ\u00e9e, gr\u00e2ce \u00e0 son \u00e9quilibre g\u00e9n\u00e9tique.<\/p>\n\n<\/div>\n<\/div>\n<div id=\"faq-question-1663029159933\" class=\"rank-math-list-item\">\n<h3 class=\"rank-math-question \">Quelle est la p\u00e9riode de floraison de Mint Chocolate Chip ?<\/h3>\n<div class=\"rank-math-answer \">\n\n<p>La dur\u00e9e de floraison de Mint Chocolate Chip est d&#8217;environ 56 \u00e0 63 jours. Cette p\u00e9riode relativement courte est id\u00e9ale pour les cultivateurs qui recherchent une rotation rapide des cultures sans compromettre la qualit\u00e9 ou la puissance des bourgeons.<\/p>\n\n<\/div>\n<\/div>\n<div id=\"faq-question-1663029165861\" class=\"rank-math-list-item\">\n<h3 class=\"rank-math-question \">Quels effets puis-je attendre des Mint Chocolate Chip ?<\/h3>\n<div class=\"rank-math-answer \">\n\n<p>Les effets de Mint Chocolate Chip sont un m\u00e9lange \u00e9quilibr\u00e9 de stimulation mentale et de relaxation corporelle. Au d\u00e9but, tu peux t&#8217;attendre \u00e0 une pouss\u00e9e d&#8217;\u00e9nergie et de cr\u00e9ativit\u00e9, suivie d&#8217;un sentiment de calme et de bien-\u00eatre physique. Elle est id\u00e9ale pour ceux qui cherchent \u00e0 soulager le stress, la d\u00e9pression et la douleur, tout en maintenant un certain niveau d&#8217;activit\u00e9.<\/p>\n\n<\/div>\n<\/div>\n<div id=\"faq-question-1666780029954\" class=\"rank-math-list-item\">\n<h3 class=\"rank-math-question \">Quel est le taux de THC des Mint Chocolate Chip ?<\/h3>\n<div class=\"rank-math-answer \">\n\n<p>Mint Chocolate Chip a un taux de THC compris entre 18 % et 23 %. Cette gamme garantit une exp\u00e9rience puissante et satisfaisante aux consommateurs, ce qui la rend adapt\u00e9e \u00e0 un usage \u00e0 la fois r\u00e9cr\u00e9atif et th\u00e9rapeutique.<\/p>\n\n<\/div>\n<\/div>\n<div id=\"faq-question-1708944055308\" class=\"rank-math-list-item\">\n<h3 class=\"rank-math-question \">Est-il difficile de cultiver des Mint Chocolate Chip ?<\/h3>\n<div class=\"rank-math-answer \">\n\n<p>La culture de Mint Chocolate Chip est d&#8217;une difficult\u00e9 moyenne, ce qui la rend accessible aux cultivateurs novices et exp\u00e9riment\u00e9s. Il appr\u00e9cie les conditions de culture contr\u00f4l\u00e9es et les techniques de taille pour maximiser la production, mais sa r\u00e9sistance aux parasites et aux maladies contribue \u00e0 une exp\u00e9rience de culture g\u00e9n\u00e9ralement gratifiante.<\/p>\n\n<\/div>\n<\/div>\n<\/div>\n<\/div>","protected":false},"excerpt":{"rendered":"<p><b>Mint Chocolate Chip <\/b>constituent l&#8217;\u00e9quilibre parfait entre le go\u00fbt et l&#8217;effet. Cette souche hybride, n\u00e9e du croisement entre Thin Mint Cookies et Green Ribbon BX, se distingue par sa <strong>saveur unique de chocolat \u00e0 la menthe<\/strong> et un effet qui <strong>combine \u00e9nergie mentale et relaxation corporelle<\/strong>. Id\u00e9al pour ceux qui recherchent une exp\u00e9rience intense et satisfaisante, avec une<strong> culture facile et des rendements g\u00e9n\u00e9reux<\/strong>.<\/p>\n","protected":false},"featured_media":22478,"comment_status":"open","ping_status":"closed","template":"","meta":{"_acf_changed":false,"inline_featured_image":false,"_uag_custom_page_level_css":""},"product_brand":[],"product_cat":[1125,4112],"product_tag":[],"class_list":{"0":"post-22488","1":"product","2":"type-product","3":"status-publish","4":"has-post-thumbnail","6":"product_cat-graines-feminisees-en-gros","7":"product_cat-graines-de-cannabis-a-1-euro","9":"first","10":"instock","11":"sale","12":"taxable","13":"shipping-taxable","14":"purchasable","15":"product-type-simple"},"acf":[],"uagb_featured_image_src":{"full":["https:\/\/bulkgenetics.com\/wp-content\/uploads\/2024\/02\/mint-chocolate-chip-strain-weed.jpg",1600,1600,false],"thumbnail":["https:\/\/bulkgenetics.com\/wp-content\/uploads\/2024\/02\/mint-chocolate-chip-strain-weed-150x150.jpg",150,150,true],"medium":["https:\/\/bulkgenetics.com\/wp-content\/uploads\/2024\/02\/mint-chocolate-chip-strain-weed-300x300.jpg",300,300,true],"medium_large":["https:\/\/bulkgenetics.com\/wp-content\/uploads\/2024\/02\/mint-chocolate-chip-strain-weed-768x768.jpg",768,768,true],"large":["https:\/\/bulkgenetics.com\/wp-content\/uploads\/2024\/02\/mint-chocolate-chip-strain-weed-1024x1024.jpg",1024,1024,true],"1536x1536":["https:\/\/bulkgenetics.com\/wp-content\/uploads\/2024\/02\/mint-chocolate-chip-strain-weed-1536x1536.jpg",1536,1536,true],"2048x2048":["https:\/\/bulkgenetics.com\/wp-content\/uploads\/2024\/02\/mint-chocolate-chip-strain-weed.jpg",1600,1600,false],"commercegurus-pdp-large":["https:\/\/bulkgenetics.com\/wp-content\/uploads\/2024\/02\/mint-chocolate-chip-strain-weed-990x990.jpg",990,990,true],"commercegurus-plp-mobile":["https:\/\/bulkgenetics.com\/wp-content\/uploads\/2024\/02\/mint-chocolate-chip-strain-weed-441x441.jpg",441,441,true],"cgkit_image_swatch":["https:\/\/bulkgenetics.com\/wp-content\/uploads\/2024\/02\/mint-chocolate-chip-strain-weed-100x100.jpg",100,100,true],"woocommerce_thumbnail":["https:\/\/bulkgenetics.com\/wp-content\/uploads\/2024\/02\/mint-chocolate-chip-strain-weed-300x300.jpg",300,300,true],"woocommerce_single":["https:\/\/bulkgenetics.com\/wp-content\/uploads\/2024\/02\/mint-chocolate-chip-strain-weed-800x800.jpg",800,800,true],"woocommerce_gallery_thumbnail":["https:\/\/bulkgenetics.com\/wp-content\/uploads\/2024\/02\/mint-chocolate-chip-strain-weed-150x150.jpg",150,150,true],"dgwt-wcas-product-suggestion":["https:\/\/bulkgenetics.com\/wp-content\/uploads\/2024\/02\/mint-chocolate-chip-strain-weed-64x64.jpg",64,64,true]},"uagb_author_info":{"display_name":"\u00c1ngel Flores","author_link":"https:\/\/bulkgenetics.com\/fr\/author\/"},"uagb_comment_info":1,"uagb_excerpt":"Mint Chocolate Chip constituent l'\u00e9quilibre parfait entre le go\u00fbt et l'effet. Cette souche hybride, n\u00e9e du croisement entre Thin Mint Cookies et Green Ribbon BX, se distingue par sa saveur unique de chocolat \u00e0 la menthe et un effet qui combine \u00e9nergie mentale et relaxation corporelle. Id\u00e9al pour ceux qui recherchent une exp\u00e9rience intense et\u2026","_links":{"self":[{"href":"https:\/\/bulkgenetics.com\/fr\/wp-json\/wp\/v2\/product\/22488","targetHints":{"allow":["GET"]}}],"collection":[{"href":"https:\/\/bulkgenetics.com\/fr\/wp-json\/wp\/v2\/product"}],"about":[{"href":"https:\/\/bulkgenetics.com\/fr\/wp-json\/wp\/v2\/types\/product"}],"replies":[{"embeddable":true,"href":"https:\/\/bulkgenetics.com\/fr\/wp-json\/wp\/v2\/comments?post=22488"}],"wp:featuredmedia":[{"embeddable":true,"href":"https:\/\/bulkgenetics.com\/fr\/wp-json\/wp\/v2\/media\/22478"}],"wp:attachment":[{"href":"https:\/\/bulkgenetics.com\/fr\/wp-json\/wp\/v2\/media?parent=22488"}],"wp:term":[{"taxonomy":"product_brand","embeddable":true,"href":"https:\/\/bulkgenetics.com\/fr\/wp-json\/wp\/v2\/product_brand?post=22488"},{"taxonomy":"product_cat","embeddable":true,"href":"https:\/\/bulkgenetics.com\/fr\/wp-json\/wp\/v2\/product_cat?post=22488"},{"taxonomy":"product_tag","embeddable":true,"href":"https:\/\/bulkgenetics.com\/fr\/wp-json\/wp\/v2\/product_tag?post=22488"}],"curies":[{"name":"wp","href":"https:\/\/api.w.org\/{rel}","templated":true}]}}