{"id":22787,"date":"2024-03-11T11:29:31","date_gmt":"2024-03-11T10:29:31","guid":{"rendered":"https:\/\/bulkgenetics.com\/?post_type=product&#038;p=22787"},"modified":"2024-10-08T01:08:49","modified_gmt":"2024-10-07T23:08:49","slug":"blueberry-cheesecake","status":"publish","type":"product","link":"https:\/\/bulkgenetics.com\/fr\/blueberry-cheesecake\/","title":{"rendered":"Blueberry Cheesecake"},"content":{"rendered":"\n<h2 class=\"wp-block-heading\">Informations sur la souche Blueberry Cheesecake<\/h2>\n\n\n\n<p><strong>Blueberry Cheesecake<\/strong>, \u00e9galement connu sous le nom de Blue Cheesecake, est une vari\u00e9t\u00e9 qui fusionne le meilleur de deux mondes : la puissance du fromage et la douceur de la myrtille. Ce croisement g\u00e9n\u00e9tique a donn\u00e9 naissance \u00e0 une graine f\u00e9minis\u00e9e \u00e0 dominante indica qui promet d&#8217;emmener tes sens dans un voyage de saveurs, d&#8217;ar\u00f4mes et d&#8217;effets \u00e9quilibr\u00e9s.  <\/p>\n\n\n\n<p>Issu d&#8217;un processus de s\u00e9lection m\u00e9ticuleux, Blueberry Cheesecake est la prog\u00e9niture d&#8217;un ph\u00e9notype Blueberry vigoureux et d&#8217;un Cheese puissant, t&#8217;offrant une exp\u00e9rience cannabique in\u00e9gal\u00e9e.<\/p>\n\n\n\n<p>Notre <strong>Blueberry Cheesecake <\/strong>est de la plus haute qualit\u00e9. Gr\u00e2ce \u00e0 des pratiques de s\u00e9lection et d&#8217;\u00e9levage minutieuses, nous nous assurons que chaque graine a le potentiel de se transformer en une plante extraordinaire, capable de fournir ce qu&#8217;il y a de mieux en termes d&#8217;ar\u00f4me, de go\u00fbt et d&#8217;effet. Nous invitons les cultivateurs professionnels et amateurs \u00e0 d\u00e9couvrir le potentiel unique de cette souche, un joyau du monde du cannabis qui promet de satisfaire les palais les plus exigeants.<\/p>\n\n\n\n<h2 class=\"wp-block-heading\">Effets et saveur du Blueberry Cheesecake<\/h2>\n\n\n\n<p>L&#8217;exp\u00e9rience du Blueberry Cheesecake est aussi riche et complexe que son go\u00fbt. Au premier contact, tu es envelopp\u00e9 par un ar\u00f4me intens\u00e9ment fruit\u00e9 et cr\u00e9meux, avec des notes de fromage qui \u00e9veillent la curiosit\u00e9. Le go\u00fbt reste fid\u00e8le \u00e0 son nom, m\u00e9langeant de fa\u00e7on exquise des baies sucr\u00e9es avec des notes de fromage.  <\/p>\n\n\n\n<p>Les effets sont tout aussi impressionnants : une euphorie \u00e9quilibr\u00e9e qui dynamise l&#8217;esprit tout en d\u00e9tendant le corps, id\u00e9ale pour soulager la douleur et le stress, et stimuler l&#8217;app\u00e9tit. La teneur en THC est moyenne, \u00e0 20 %, ce qui te permet de profiter de ses bienfaits sans \u00eatre submerg\u00e9, en maintenant un \u00e9quilibre parfait entre la relaxation et la clart\u00e9 mentale.<\/p>\n\n\n\n<h2 class=\"wp-block-heading\">P\u00e9riode de floraison et production<\/h2>\n\n\n\n<p>Avec un temps de floraison de seulement <strong>7 \u00e0 9 semaines<\/strong>, Blueberry Cheesecake ne te fera pas attendre longtemps pour profiter de ses fruits. Id\u00e9ale pour la culture en int\u00e9rieur et en ext\u00e9rieur, cette souche se distingue par son adaptabilit\u00e9 aux diff\u00e9rents climats, promettant un rendement g\u00e9n\u00e9reux.  <\/p>\n\n\n\n<p>\u00c0 l&#8217;int\u00e9rieur, attends-toi \u00e0 des rendements allant jusqu&#8217;\u00e0 <strong>600 g\/m\u00b2<\/strong>, tandis qu&#8217;\u00e0 l&#8217;ext\u00e9rieur, chaque plante peut te donner <strong>550 \u00e0 500 g<\/strong> par plante. Sa r\u00e9silience et sa facilit\u00e9 de culture la rendent parfaite pour les cultivateurs de tous niveaux, du novice \u00e0 l&#8217;exp\u00e9riment\u00e9.<\/p>\n\n\n\n<h2 class=\"wp-block-heading\">Comment cultiver le g\u00e2teau aux myrtilles<\/h2>\n\n\n\n<p>De la part de Bulk Genetics, nous voulons partager avec toi quelques conseils pour que ton exp\u00e9rience de la culture du <strong>Blueberry Cheesecake<\/strong> soit une r\u00e9ussite. Cette souche est connue pour sa <strong>facilit\u00e9 de culture<\/strong>, ce qui la rend id\u00e9ale pour les cultivateurs novices et exp\u00e9riment\u00e9s.<\/p>\n\n\n\n<p>La robustesse de Blueberry Cheesecake contre les parasites et les maladies, ainsi que sa polyvalence pour prosp\u00e9rer dans presque tous les climats, en font un choix fiable pour les cultivateurs. Que tu sois enclin \u00e0 cultiver en int\u00e9rieur ou que tu pr\u00e9f\u00e8res t&#8217;aventurer \u00e0 l&#8217;ext\u00e9rieur, cette souche r\u00e9pondra \u00e0 tes besoins, en faisant preuve d&#8217;une r\u00e9silience impressionnante et d&#8217;une grande facilit\u00e9 de gestion. Les consommateurs et les cultivateurs louent sa fiabilit\u00e9 et ses r\u00e9sultats constants, ce qui garantit que Blueberry Cheesecake est un ajout pr\u00e9cieux \u00e0 toute collection de graines de cannabis.<\/p>\n\n\n\n<p>Blueberry Cheesecake convient merveilleusement bien aux environnements int\u00e9rieurs et ext\u00e9rieurs. Si tu d\u00e9cides de le cultiver \u00e0 l&#8217;int\u00e9rieur, nous te recommandons de maintenir un contr\u00f4le ad\u00e9quat de l&#8217;humidit\u00e9 et de la temp\u00e9rature. Une fourchette de temp\u00e9rature de 20 \u00e0 26\u00b0C pendant la journ\u00e9e et l\u00e9g\u00e8rement plus fra\u00eeche la nuit favorise un d\u00e9veloppement optimal. Pense aussi \u00e0 utiliser des pots qui permettent un bon drainage pour \u00e9viter que le substrat ne s&#8217;imbibe d&#8217;eau.<\/p>\n\n\n\n<p>\u00c0 l&#8217;ext\u00e9rieur, Blueberry Cheesecake s&#8217;\u00e9panouit avec beaucoup de soleil. Veille \u00e0 le planter dans un endroit o\u00f9 il peut recevoir au moins 6 heures de lumi\u00e8re directe par jour. Il r\u00e9siste aux variations climatiques, mais appr\u00e9cie toujours un peu de protection pendant les nuits les plus froides. \u00c0 l&#8217;approche de la r\u00e9colte, vers la fin du mois de septembre ou d&#8217;octobre, pr\u00e9pare-toi \u00e0 r\u00e9colter ses fruits abondants, pleins de saveur et de puissance.<\/p>\n\n\n\n<p>Pour les deux sc\u00e9narios, nous te conseillons de tailler les feuilles inf\u00e9rieures pour am\u00e9liorer la circulation de l&#8217;air et l&#8217;exposition \u00e0 la lumi\u00e8re dans les zones inf\u00e9rieures de la plante. Cela permet non seulement d&#8217;\u00e9viter l&#8217;apparition de moisissures, mais aussi de stimuler un meilleur rendement des bourgeons dans les parties sup\u00e9rieures de la plante.<\/p>\n\n\n\n<div style=\"height:50px\" aria-hidden=\"true\" class=\"wp-block-spacer uag-hide-mob\"><\/div>\n\n\n\n<div class=\"wp-block-columns is-layout-flex wp-container-core-columns-is-layout-28f84493 wp-block-columns-is-layout-flex\">\n<div class=\"wp-block-column is-layout-flow wp-block-column-is-layout-flow\">\n<p class=\"has-text-align-center has-medium-font-size\"><strong>Ce qui nous pla\u00eet le plus<\/strong><\/p>\n\n\n\n<ul class=\"wp-block-list\">\n<li>Son go\u00fbt et son ar\u00f4me uniques, qui \u00e9voquent vraiment un dessert aux myrtilles et au fromage.<\/li>\n\n\n\n<li>La facilit\u00e9 de culture, ce qui en fait un excellent choix pour les cultivateurs de tous niveaux.<\/li>\n\n\n\n<li>Les effets \u00e9quilibr\u00e9s qu&#8217;il offre sont parfaits pour en profiter \u00e0 tout moment de la journ\u00e9e.<\/li>\n\n\n\n<li>La production g\u00e9n\u00e9reuse tant \u00e0 l&#8217;int\u00e9rieur qu&#8217;\u00e0 l&#8217;ext\u00e9rieur.<\/li>\n<\/ul>\n<\/div>\n\n\n\n<div class=\"wp-block-column is-layout-flow wp-block-column-is-layout-flow\">\n<p class=\"has-text-align-center has-medium-font-size\"><strong>Ce que nous aimons le moins<\/strong><\/p>\n\n\n\n<ul class=\"wp-block-list\">\n<li>La n\u00e9cessit\u00e9 de contr\u00f4ler les odeurs pendant la floraison, en raison de son ar\u00f4me intens\u00e9ment piquant.<\/li>\n\n\n\n<li>L&#8217;attente (bien que courte) de la r\u00e9colte, car nous sommes toujours impatients de profiter de ses fruits.<\/li>\n<\/ul>\n<\/div>\n<\/div>\n\n\n\n<div style=\"height:50px\" aria-hidden=\"true\" class=\"wp-block-spacer uag-hide-mob\"><\/div>\n\n\n\n<h2 class=\"wp-block-heading\">Questions fr\u00e9quemment pos\u00e9es<\/h2>\n\n\n\n<p>Vous trouverez ci-dessous les r\u00e9ponses aux questions les plus fr\u00e9quemment pos\u00e9es par les cultivateurs int\u00e9ress\u00e9s par cette vari\u00e9t\u00e9 :<\/p>\n\n\n<div id=\"rank-math-faq\" class=\"rank-math-block\">\n<div class=\"rank-math-list \">\n<div id=\"faq-question-1663029074962\" class=\"rank-math-list-item\">\n<h3 class=\"rank-math-question \">Le Blueberry Cheesecake et aux myrtilles est-il une sativa ou une indica ?<\/h3>\n<div class=\"rank-math-answer \">\n\n<p>Blueberry Cheesecake est principalement une vari\u00e9t\u00e9 <strong>indica<\/strong>. Les plantes indica ont tendance \u00e0 \u00eatre plus compactes et \u00e0 chercher, offrant des effets relaxants et calmants, id\u00e9aux pour la fin de la journ\u00e9e. Les sativas, en revanche, ont tendance \u00e0 avoir un effet plus \u00e9nergisant et c\u00e9r\u00e9bral. Bien que Blueberry Cheesecake soit \u00e0 dominante Indica, son croisement Sativa apporte un \u00e9quilibre unique, r\u00e9sultant en un effet \u00e9nergisant gr\u00e2ce \u00e0 son c\u00f4t\u00e9 Sativa, mais conservant la puissance relaxante de ses g\u00e9n\u00e9tiques Indica.<\/p>\n\n<\/div>\n<\/div>\n<div id=\"faq-question-1663029159933\" class=\"rank-math-list-item\">\n<h3 class=\"rank-math-question \">Quel est le taux de THC du g\u00e2teau aux myrtilles ?<\/h3>\n<div class=\"rank-math-answer \">\n\n<p>Blueberry Cheesecake a un taux de THC moyen d&#8217;environ 20 %. Cela signifie qu&#8217;il produit un effet \u00e9quilibr\u00e9, intense mais g\u00e9rable, id\u00e9al pour les utilisateurs novices et exp\u00e9riment\u00e9s. L&#8217;exp\u00e9rience n&#8217;est pas \u00e9crasante, mais offre un \u00e9quilibre parfait entre la relaxation et la clart\u00e9 mentale.<\/p>\n\n<\/div>\n<\/div>\n<div id=\"faq-question-1663029165861\" class=\"rank-math-list-item\">\n<h3 class=\"rank-math-question \">Combien de temps faut-il pour que le Blueberry Cheesecake fleurisse ?<\/h3>\n<div class=\"rank-math-answer \">\n\n<p>La p\u00e9riode de floraison de Blueberry Cheesecake s&#8217;ach\u00e8ve en <strong>7 \u00e0 9 semaines<\/strong>. Cette rapidit\u00e9 en fait une option int\u00e9ressante pour les cultivateurs qui veulent voir des r\u00e9sultats dans un d\u00e9lai relativement court, sans faire de compromis sur la qualit\u00e9 ou la quantit\u00e9 de la r\u00e9colte.<\/p>\n\n<\/div>\n<\/div>\n<div id=\"faq-question-1666780029954\" class=\"rank-math-list-item\">\n<h3 class=\"rank-math-question \">Est-il difficile de cultiver le Blueberry Cheesecake ?<\/h3>\n<div class=\"rank-math-answer \">\n\n<p>Non, bien au contraire. Le cheesecake aux myrtilles est r\u00e9put\u00e9 pour sa <strong>facilit\u00e9 de culture<\/strong>. Cette vari\u00e9t\u00e9 s&#8217;adapte bien \u00e0 l&#8217;int\u00e9rieur comme \u00e0 l&#8217;ext\u00e9rieur, montrant une grande r\u00e9sistance aux diff\u00e9rentes conditions climatiques et aux parasites. Sa polyvalence et sa robustesse le rendent id\u00e9al pour les cultivateurs de tous niveaux, des d\u00e9butants aux experts.<\/p>\n\n<\/div>\n<\/div>\n<div id=\"faq-question-1710158428684\" class=\"rank-math-list-item\">\n<h3 class=\"rank-math-question \">Le Blueberry Cheesecake est-il bon pour les d\u00e9butants ?<\/h3>\n<div class=\"rank-math-answer \">\n\n<p>D\u00e9finitivement, oui. Gr\u00e2ce \u00e0 sa facilit\u00e9 de culture et \u00e0 sa r\u00e9sistance, Blueberry Cheesecake est un excellent choix pour les d\u00e9butants dans le monde de la culture du cannabis. Elle offre un excellent \u00e9quilibre entre la facilit\u00e9 de manipulation, les rendements g\u00e9n\u00e9reux et les effets agr\u00e9ables, ce qui en fait une vari\u00e9t\u00e9 tr\u00e8s gratifiante pour les d\u00e9butants.<\/p>\n\n<\/div>\n<\/div>\n<\/div>\n<\/div>","protected":false},"excerpt":{"rendered":"<p><b>Blueberry Cheesecake <\/b>combine le meilleur de deux ic\u00f4nes : le go\u00fbt sucr\u00e9 de la myrtille et la puissance du fromage. Cet hybride \u00e0 dominante indica promet une exp\u00e9rience unique, avec un go\u00fbt incomparable et des effets \u00e9quilibr\u00e9s. Parfait pour les cultivateurs de tous niveaux, il offre une r\u00e9colte g\u00e9n\u00e9reuse et une culture sans tracas. D\u00e9couvre l&#8217;\u00e9quilibre parfait entre la saveur et la puissance !<\/p>\n","protected":false},"featured_media":22776,"comment_status":"open","ping_status":"closed","template":"","meta":{"_acf_changed":false,"inline_featured_image":false,"_uag_custom_page_level_css":""},"product_brand":[],"product_cat":[1125],"product_tag":[],"class_list":{"0":"post-22787","1":"product","2":"type-product","3":"status-publish","4":"has-post-thumbnail","6":"product_cat-graines-feminisees-en-gros","8":"first","9":"instock","10":"sale","11":"taxable","12":"shipping-taxable","13":"purchasable","14":"product-type-simple"},"acf":[],"uagb_featured_image_src":{"full":["https:\/\/bulkgenetics.com\/wp-content\/uploads\/2024\/03\/blueberry-cheesecake-weed-strain.jpg",1600,1600,false],"thumbnail":["https:\/\/bulkgenetics.com\/wp-content\/uploads\/2024\/03\/blueberry-cheesecake-weed-strain-150x150.jpg",150,150,true],"medium":["https:\/\/bulkgenetics.com\/wp-content\/uploads\/2024\/03\/blueberry-cheesecake-weed-strain-300x300.jpg",300,300,true],"medium_large":["https:\/\/bulkgenetics.com\/wp-content\/uploads\/2024\/03\/blueberry-cheesecake-weed-strain-768x768.jpg",768,768,true],"large":["https:\/\/bulkgenetics.com\/wp-content\/uploads\/2024\/03\/blueberry-cheesecake-weed-strain-1024x1024.jpg",1024,1024,true],"1536x1536":["https:\/\/bulkgenetics.com\/wp-content\/uploads\/2024\/03\/blueberry-cheesecake-weed-strain-1536x1536.jpg",1536,1536,true],"2048x2048":["https:\/\/bulkgenetics.com\/wp-content\/uploads\/2024\/03\/blueberry-cheesecake-weed-strain.jpg",1600,1600,false],"commercegurus-pdp-large":["https:\/\/bulkgenetics.com\/wp-content\/uploads\/2024\/03\/blueberry-cheesecake-weed-strain-990x990.jpg",990,990,true],"commercegurus-plp-mobile":["https:\/\/bulkgenetics.com\/wp-content\/uploads\/2024\/03\/blueberry-cheesecake-weed-strain-441x441.jpg",441,441,true],"cgkit_image_swatch":["https:\/\/bulkgenetics.com\/wp-content\/uploads\/2024\/03\/blueberry-cheesecake-weed-strain-100x100.jpg",100,100,true],"woocommerce_thumbnail":["https:\/\/bulkgenetics.com\/wp-content\/uploads\/2024\/03\/blueberry-cheesecake-weed-strain-300x300.jpg",300,300,true],"woocommerce_single":["https:\/\/bulkgenetics.com\/wp-content\/uploads\/2024\/03\/blueberry-cheesecake-weed-strain-800x800.jpg",800,800,true],"woocommerce_gallery_thumbnail":["https:\/\/bulkgenetics.com\/wp-content\/uploads\/2024\/03\/blueberry-cheesecake-weed-strain-150x150.jpg",150,150,true],"dgwt-wcas-product-suggestion":["https:\/\/bulkgenetics.com\/wp-content\/uploads\/2024\/03\/blueberry-cheesecake-weed-strain-64x64.jpg",64,64,true]},"uagb_author_info":{"display_name":"\u00c1ngel Flores","author_link":"https:\/\/bulkgenetics.com\/fr\/author\/"},"uagb_comment_info":0,"uagb_excerpt":"Blueberry Cheesecake combine le meilleur de deux ic\u00f4nes : le go\u00fbt sucr\u00e9 de la myrtille et la puissance du fromage. Cet hybride \u00e0 dominante indica promet une exp\u00e9rience unique, avec un go\u00fbt incomparable et des effets \u00e9quilibr\u00e9s. Parfait pour les cultivateurs de tous niveaux, il offre une r\u00e9colte g\u00e9n\u00e9reuse et une culture sans tracas. D\u00e9couvre\u2026","_links":{"self":[{"href":"https:\/\/bulkgenetics.com\/fr\/wp-json\/wp\/v2\/product\/22787","targetHints":{"allow":["GET"]}}],"collection":[{"href":"https:\/\/bulkgenetics.com\/fr\/wp-json\/wp\/v2\/product"}],"about":[{"href":"https:\/\/bulkgenetics.com\/fr\/wp-json\/wp\/v2\/types\/product"}],"replies":[{"embeddable":true,"href":"https:\/\/bulkgenetics.com\/fr\/wp-json\/wp\/v2\/comments?post=22787"}],"wp:featuredmedia":[{"embeddable":true,"href":"https:\/\/bulkgenetics.com\/fr\/wp-json\/wp\/v2\/media\/22776"}],"wp:attachment":[{"href":"https:\/\/bulkgenetics.com\/fr\/wp-json\/wp\/v2\/media?parent=22787"}],"wp:term":[{"taxonomy":"product_brand","embeddable":true,"href":"https:\/\/bulkgenetics.com\/fr\/wp-json\/wp\/v2\/product_brand?post=22787"},{"taxonomy":"product_cat","embeddable":true,"href":"https:\/\/bulkgenetics.com\/fr\/wp-json\/wp\/v2\/product_cat?post=22787"},{"taxonomy":"product_tag","embeddable":true,"href":"https:\/\/bulkgenetics.com\/fr\/wp-json\/wp\/v2\/product_tag?post=22787"}],"curies":[{"name":"wp","href":"https:\/\/api.w.org\/{rel}","templated":true}]}}