{"id":22908,"date":"2024-03-19T13:38:00","date_gmt":"2024-03-19T12:38:00","guid":{"rendered":"https:\/\/bulkgenetics.com\/?post_type=product&#038;p=22908"},"modified":"2024-10-08T01:08:49","modified_gmt":"2024-10-07T23:08:49","slug":"g13","status":"publish","type":"product","link":"https:\/\/bulkgenetics.com\/fr\/g13\/","title":{"rendered":"G13"},"content":{"rendered":"\n<p>Plonger dans le monde de <strong>G13<\/strong>, c&#8217;est comme entrer dans un roman d&#8217;espionnage avec une intrigue aussi enchev\u00eatr\u00e9e que son histoire g\u00e9n\u00e9tique. Sur fond de myst\u00e8re et de l\u00e9gendes, <strong>G13<\/strong> s&#8217;accompagne d&#8217;une narration digne d&#8217;Hollywood.  <\/p>\n\n\n\n<p>Cette vari\u00e9t\u00e9 \u00e0 dominante indica aurait \u00e9t\u00e9 lib\u00e9r\u00e9e des griffes d&#8217;un laboratoire gouvernemental du Mississippi, aux \u00c9tats-Unis, donnant naissance \u00e0 une l\u00e9gende qui l&#8217;a positionn\u00e9e parmi les vari\u00e9t\u00e9s les plus intrigantes. Bien qu&#8217;entour\u00e9e de mythes, sa puissance et sa qualit\u00e9 ne rel\u00e8vent pas de la fiction, ce qui en fait l&#8217;une des pr\u00e9f\u00e9r\u00e9es des cultivateurs et des consommateurs.<\/p>\n\n\n\n<p>Malgr\u00e9 son aura de myst\u00e8re et les fables qui entourent son origine, une chose est s\u00fbre : G13 s&#8217;est solidement install\u00e9e au panth\u00e9on des grandes vari\u00e9t\u00e9s de cannabis, tant pour son histoire unique que pour sa qualit\u00e9 incontest\u00e9e. Ceux qui ont eu le privil\u00e8ge de la cultiver et de la consommer parlent d&#8217;une exp\u00e9rience transformatrice, marqu\u00e9e par des bourgeons dont l&#8217;effet est aussi puissant que la saveur. Il n&#8217;est pas \u00e9tonnant que le G13 occupe une place sp\u00e9ciale dans le c\u0153ur des amateurs de cannabis, devenant un sujet r\u00e9current de conversation et d&#8217;admiration dans les forums et parmi les communaut\u00e9s de culture.<\/p>\n\n\n\n<p>Chez <strong>Bulk Genetics<\/strong>, nous sommes fiers de t&#8217;offrir la souche <strong>G13<\/strong>, te permettant ainsi de d\u00e9couvrir la l\u00e9gende de premi\u00e8re main. Chaque graine est une promesse de qualit\u00e9, de puissance et d&#8217;une histoire fascinante qui attend d&#8217;\u00eatre d\u00e9couverte.  <\/p>\n\n\n\n<h2 class=\"wp-block-heading\">Effets et go\u00fbt<\/h2>\n\n\n\n<p><strong>G13<\/strong> est pass\u00e9 ma\u00eetre dans l&#8217;art de s\u00e9duire les sens, en offrant un go\u00fbt qui est un voyage sensoriel en soi. \u00c0 chaque bouff\u00e9e, tu d\u00e9couvriras une fusion de <strong>notes sucr\u00e9es, fruit\u00e9es et terreuses<\/strong>, culminant dans un <strong>\u00e9clair d&#8217;agrumes mandarine<\/strong> qui danse sur ton palais.  <\/p>\n\n\n\n<p>Mais il n&#8217;y a pas que le go\u00fbt qui fait chavirer les c\u0153urs, les effets sont tout aussi impressionnants. Imagine une vague de joie et d&#8217;euphorie qui t&#8217;envahit et te remonte le moral, tandis qu&#8217;une relaxation profonde t&#8217;entra\u00eene dans un \u00e9tat de calme et de satisfaction. Avec une teneur en <strong>THC allant de 20 \u00e0 24 %<\/strong>, cet indica offre un voyage b\u00e9at et relaxant sans pareil.<\/p>\n\n\n\n<h2 class=\"wp-block-heading\">Production et p\u00e9riode de floraison<\/h2>\n\n\n\n<p>G13 n&#8217;est pas seulement g\u00e9n\u00e9reux en termes d&#8217;effet et de saveur, son rendement est tout aussi abondant. Dans le sanctuaire de ta chambre de culture, cette plante fait preuve d&#8217;une vigueur hybride spectaculaire, fleurissant rapidement et livrant une r\u00e9colte qui est un v\u00e9ritable tr\u00e9sor de r\u00e9sine collante et de bourgeons denses.  <strong>Avec une dur\u00e9e de floraison de 8 \u00e0 9 semaines<\/strong>, la patience est plus que r\u00e9compens\u00e9e \u00e0 la fin du mois d&#8217;octobre, lorsque les plantes atteignent leur apog\u00e9e et sont pr\u00eates \u00e0 \u00eatre r\u00e9colt\u00e9es, \u00e0 l&#8217;int\u00e9rieur comme \u00e0 l&#8217;ext\u00e9rieur.<\/p>\n\n\n\n<p>La souche G13 se distingue non seulement par son histoire et sa puissance, mais aussi par sa production exceptionnelle, avec des rendements allant jusqu <strong>&#8216;\u00e0 600 grammes par m\u00e8tre carr\u00e9<\/strong> en int\u00e9rieur et jusqu&#8217;\u00e0 <strong>1100 grammes par plante en ext\u00e9rieur<\/strong>. Ces chiffres impressionnants le positionnent comme un choix de premier ordre pour les cultivateurs amateurs et professionnels, promettant une r\u00e9colte g\u00e9n\u00e9reuse \u00e0 la hauteur de sa r\u00e9putation. En choisissant G13 de Bulk Genetics, tu t&#8217;embarqueras dans une aventure de culture qui promet de d\u00e9passer toutes les attentes avec des r\u00e9sultats vraiment exceptionnels. <\/p>\n\n\n\n<h2 class=\"wp-block-heading\">Comment cultiver G13<\/h2>\n\n\n\n<p>Chez Bulk Genetics, nous pensons que cultiver du <strong>G13<\/strong> est une exp\u00e9rience unique, pleine de r\u00e9compenses pour ceux qui choisissent de se lancer dans cette aventure. Pour que chaque cultivateur, qu&#8217;il soit novice ou exp\u00e9riment\u00e9, puisse appr\u00e9cier le processus et obtenir les meilleurs r\u00e9sultats, nous partageons avec toi nos conseils et nos opinions sur la fa\u00e7on de proc\u00e9der pour faire pousser cette l\u00e9gende.<\/p>\n\n\n\n<p>La morphologie de G13 r\u00e9v\u00e8le une plante de hauteur moyenne, robuste et r\u00e9sistante, capable de s&#8217;adapter \u00e0 diverses conditions climatiques, bien qu&#8217;elle montre sa splendeur maximale sous une photop\u00e9riode contr\u00f4l\u00e9e. Cette vigueur hybride se r\u00e9f\u00e8re non seulement \u00e0 sa force physique, mais aussi \u00e0 sa capacit\u00e9 \u00e0 r\u00e9sister aux parasites et aux maladies, ce qui fait de sa culture une t\u00e2che moyennement difficile, accessible aussi bien au novice qu&#8217;au cultivateur chevronn\u00e9 \u00e0 la recherche d&#8217;un d\u00e9fi gratifiant.<\/p>\n\n\n\n<p>Tout d&#8217;abord, il est essentiel de pr\u00eater attention \u00e0 l&#8217;environnement de culture. G13, avec sa vigueur hybride, convient aussi bien \u00e0 l&#8217;int\u00e9rieur qu&#8217;\u00e0 l&#8217;ext\u00e9rieur, mais aime les espaces o\u00f9 il peut respirer et s&#8217;\u00e9tirer. \u00c0 l&#8217;int\u00e9rieur, assure-toi d&#8217;avoir un syst\u00e8me de ventilation ad\u00e9quat pour faire circuler l&#8217;air frais et contr\u00f4ler l&#8217;humidit\u00e9. \u00c0 l&#8217;ext\u00e9rieur, cherche un site qui offre une protection contre les conditions m\u00e9t\u00e9orologiques extr\u00eames et suffisamment de lumi\u00e8re directe du soleil.<\/p>\n\n\n\n<p>La nutrition joue un r\u00f4le crucial dans le d\u00e9veloppement du G13. Un r\u00e9gime de fertilisation \u00e9quilibr\u00e9 am\u00e9liorera sa croissance vigoureuse et la production de ses bourgeons r\u00e9sineux si convoit\u00e9s. Ne l\u00e9sine pas sur la qualit\u00e9 en ce qui concerne le sol et les nutriments ; ton G13 te remerciera \u00e0 la pelle.<\/p>\n\n\n\n<p>En termes de difficult\u00e9 de culture, nous classons G13 comme \u00e9tant de niveau moyen. Cela signifie que, m\u00eame si certains aspects de l&#8217;entretien de ces plantes n\u00e9cessitent de l&#8217;attention et des soins, avec un peu de d\u00e9vouement et en suivant nos recommandations, tu devrais pouvoir t&#8217;en sortir sans probl\u00e8me. La patience est de mise, surtout pendant sa p\u00e9riode de floraison de 8 \u00e0 9 semaines, mais nous t&#8217;assurons que l&#8217;attente en vaut vraiment la peine.<\/p>\n\n\n\n<p>Enfin, il est crucial de pr\u00eater attention \u00e0 la taille et au dressage de tes plantes. Des techniques telles que l&#8217;\u00e9t\u00eatage et le LST (Low Stress Training) peuvent \u00eatre tr\u00e8s b\u00e9n\u00e9fiques pour augmenter la production et permettre \u00e0 la lumi\u00e8re de p\u00e9n\u00e9trer plus efficacement dans les zones inf\u00e9rieures de la plante.<\/p>\n\n\n\n<div style=\"height:50px\" aria-hidden=\"true\" class=\"wp-block-spacer uag-hide-mob\"><\/div>\n\n\n\n<div class=\"wp-block-columns is-layout-flex wp-container-core-columns-is-layout-28f84493 wp-block-columns-is-layout-flex\">\n<div class=\"wp-block-column is-layout-flow wp-block-column-is-layout-flow\">\n<p class=\"has-text-align-center has-medium-font-size\"><strong>Ce qui nous pla\u00eet le plus<\/strong><\/p>\n\n\n\n<ul class=\"wp-block-list\">\n<li>Son histoire l\u00e9gendaire, qui ajoute une touche de myst\u00e8re \u00e0 chaque culture.<\/li>\n\n\n\n<li>La puissance et la qualit\u00e9 de ses bourgeons, avec un profil de saveur unique et des effets puissants et relaxants.<\/li>\n\n\n\n<li>L&#8217;abondance de sa production, \u00e0 l&#8217;int\u00e9rieur comme \u00e0 l&#8217;ext\u00e9rieur, en fait un choix rentable pour les cultivateurs de tous niveaux.<\/li>\n\n\n\n<li>Son prix.<\/li>\n<\/ul>\n<\/div>\n\n\n\n<div class=\"wp-block-column is-layout-flow wp-block-column-is-layout-flow\">\n<p class=\"has-text-align-center has-medium-font-size\"><strong>Ce que nous aimons le moins<\/strong><\/p>\n\n\n\n<ul class=\"wp-block-list\">\n<li>Le niveau d&#8217;attention et de soins qu&#8217;il requiert ne convient pas aux cultivateurs d\u00e9butants d\u00e9pourvus de patience.<\/li>\n\n\n\n<li>Ce n&#8217;est pas la souche la plus recommand\u00e9e pour ceux qui recherchent des effets psychoactifs.<\/li>\n<\/ul>\n<\/div>\n<\/div>\n\n\n\n<div style=\"height:50px\" aria-hidden=\"true\" class=\"wp-block-spacer uag-hide-mob\"><\/div>\n\n\n\n<h2 class=\"wp-block-heading\">Questions fr\u00e9quemment pos\u00e9es<\/h2>\n\n\n\n<p>Vous trouverez ci-dessous les r\u00e9ponses aux questions les plus fr\u00e9quemment pos\u00e9es par les cultivateurs int\u00e9ress\u00e9s par cette vari\u00e9t\u00e9 :<\/p>\n\n\n<div id=\"rank-math-faq\" class=\"rank-math-block\">\n<div class=\"rank-math-list \">\n<div id=\"faq-question-1663029074962\" class=\"rank-math-list-item\">\n<h3 class=\"rank-math-question \">Le G13 est-il sativa ou indica ?<\/h3>\n<div class=\"rank-math-answer \">\n\n<p><strong>G13<\/strong> est principalement une souche <strong>indica<\/strong>, avec 70 % d&#8217;indica et 30 % de sativa dans sa composition g\u00e9n\u00e9tique. Cela signifie qu&#8217;il a tendance \u00e0 produire des effets plus relaxants et s\u00e9datifs, typiques des indicas, tels que le soulagement du stress, la relaxation musculaire et la promotion du sommeil.<\/p>\n\n<\/div>\n<\/div>\n<div id=\"faq-question-1663029159933\" class=\"rank-math-list-item\">\n<h3 class=\"rank-math-question \">Quelle est la teneur en THC du G13 ?<\/h3>\n<div class=\"rank-math-answer \">\n\n<p>G13 se distingue par sa puissante teneur en THC, qui se situe entre 20 et 24 %. Cette forte concentration en THC contribue \u00e0 ses effets puissants et durables, offrant une exp\u00e9rience intense aux utilisateurs r\u00e9cr\u00e9atifs et m\u00e9dicinaux. Il est id\u00e9al pour ceux qui recherchent un soulagement de la douleur, une relaxation profonde ou une aide pour lutter contre l&#8217;insomnie.<\/p>\n\n<\/div>\n<\/div>\n<div id=\"faq-question-1663029165861\" class=\"rank-math-list-item\">\n<h3 class=\"rank-math-question \">Combien de temps faut-il \u00e0 G13 pour fleurir ?<\/h3>\n<div class=\"rank-math-answer \">\n\n<p>G13 a une p\u00e9riode de floraison relativement rapide pour une indica, soit environ 8 \u00e0 9 semaines. Ce cycle de floraison permet aux cultivateurs d&#8217;obtenir des r\u00e9coltes abondantes dans un d\u00e9lai raisonnable, sans sacrifier la qualit\u00e9 ou la puissance des bourgeons. Lorsque tu planifies tes cultures, tiens compte de cette p\u00e9riode pour t&#8217;assurer que tes plantes re\u00e7oivent tous les soins et l&#8217;attention dont elles ont besoin pendant cette phase cruciale.<\/p>\n\n<\/div>\n<\/div>\n<div id=\"faq-question-1666780029954\" class=\"rank-math-list-item\">\n<h3 class=\"rank-math-question \">Est-il difficile de cultiver le G13 ?<\/h3>\n<div class=\"rank-math-answer \">\n\n<p>La culture du G13 pr\u00e9sente un niveau de difficult\u00e9 moyen, ce qui signifie qu&#8217;elle est accessible \u00e0 la fois aux cultivateurs novices avec un peu d&#8217;\u00e9tude et de d\u00e9vouement, et aux cultivateurs plus exp\u00e9riment\u00e9s qui cherchent \u00e0 perfectionner leurs techniques. La plante fait preuve d&#8217;une vigueur hybride impressionnante, s&#8217;adaptant bien \u00e0 une vari\u00e9t\u00e9 d&#8217;environnements de culture, aussi bien \u00e0 l&#8217;int\u00e9rieur qu&#8217;\u00e0 l&#8217;ext\u00e9rieur. Cependant, pour maximiser son potentiel et assurer une r\u00e9colte abondante, il est recommand\u00e9 de porter une attention particuli\u00e8re \u00e0 l&#8217;alimentation, \u00e0 la taille et aux conditions environnementales.<\/p>\n\n<\/div>\n<\/div>\n<div id=\"faq-question-1710855356653\" class=\"rank-math-list-item\">\n<h3 class=\"rank-math-question \"><h3>Quels sont les effets du G13 ?<\/h3><\/h3>\n<div class=\"rank-math-answer \">\n\n<p>Le G13 est connu pour son effet profond\u00e9ment relaxant et euphorisant. Dans un premier temps, elle peut \u00e9lever l&#8217;esprit avec un sentiment de joie et d&#8217;euphorie, suivi d&#8217;une relaxation intense qui s&#8217;empare du corps, favorisant le calme et le bien-\u00eatre. En raison de sa puissante teneur en THC, il peut \u00e9galement induire la somnolence, ce qui le rend id\u00e9al pour une utilisation nocturne. Il est parfait pour ceux qui cherchent \u00e0 soulager le stress, l&#8217;anxi\u00e9t\u00e9, les douleurs chroniques ou qui veulent simplement se d\u00e9tendre et se relaxer \u00e0 la fin de la journ\u00e9e.<\/p>\n\n<\/div>\n<\/div>\n<\/div>\n<\/div>","protected":false},"excerpt":{"rendered":"<p><b>G13<\/b>, l&#8217;indica l\u00e9gendaire qui allie myst\u00e8re et puissance dans chaque graine. Avec un <strong>effet l\u00e9g\u00e8rement euphorique et relaxant<\/strong>, et des <strong>saveurs qui capturent l&#8217;essence des notes sucr\u00e9es et terreuses avec des touches de mandarine<\/strong>, cette souche promet une exp\u00e9rience de culture unique et une <strong>r\u00e9colte abondante<\/strong>. Parfait pour les cultivateurs qui recherchent la qualit\u00e9 et des rendements \u00e9lev\u00e9s.<\/p>\n","protected":false},"featured_media":22893,"comment_status":"open","ping_status":"closed","template":"","meta":{"_acf_changed":false,"inline_featured_image":false,"_uag_custom_page_level_css":""},"product_brand":[],"product_cat":[1125],"product_tag":[],"class_list":{"0":"post-22908","1":"product","2":"type-product","3":"status-publish","4":"has-post-thumbnail","6":"product_cat-graines-feminisees-en-gros","8":"first","9":"instock","10":"taxable","11":"shipping-taxable","12":"purchasable","13":"product-type-simple"},"acf":[],"uagb_featured_image_src":{"full":["https:\/\/bulkgenetics.com\/wp-content\/uploads\/2024\/03\/g13-strain-weed-feminized.jpg",1600,1600,false],"thumbnail":["https:\/\/bulkgenetics.com\/wp-content\/uploads\/2024\/03\/g13-strain-weed-feminized-150x150.jpg",150,150,true],"medium":["https:\/\/bulkgenetics.com\/wp-content\/uploads\/2024\/03\/g13-strain-weed-feminized-300x300.jpg",300,300,true],"medium_large":["https:\/\/bulkgenetics.com\/wp-content\/uploads\/2024\/03\/g13-strain-weed-feminized-768x768.jpg",768,768,true],"large":["https:\/\/bulkgenetics.com\/wp-content\/uploads\/2024\/03\/g13-strain-weed-feminized-1024x1024.jpg",1024,1024,true],"1536x1536":["https:\/\/bulkgenetics.com\/wp-content\/uploads\/2024\/03\/g13-strain-weed-feminized-1536x1536.jpg",1536,1536,true],"2048x2048":["https:\/\/bulkgenetics.com\/wp-content\/uploads\/2024\/03\/g13-strain-weed-feminized.jpg",1600,1600,false],"commercegurus-pdp-large":["https:\/\/bulkgenetics.com\/wp-content\/uploads\/2024\/03\/g13-strain-weed-feminized-990x990.jpg",990,990,true],"commercegurus-plp-mobile":["https:\/\/bulkgenetics.com\/wp-content\/uploads\/2024\/03\/g13-strain-weed-feminized-441x441.jpg",441,441,true],"cgkit_image_swatch":["https:\/\/bulkgenetics.com\/wp-content\/uploads\/2024\/03\/g13-strain-weed-feminized-100x100.jpg",100,100,true],"woocommerce_thumbnail":["https:\/\/bulkgenetics.com\/wp-content\/uploads\/2024\/03\/g13-strain-weed-feminized-300x300.jpg",300,300,true],"woocommerce_single":["https:\/\/bulkgenetics.com\/wp-content\/uploads\/2024\/03\/g13-strain-weed-feminized-800x800.jpg",800,800,true],"woocommerce_gallery_thumbnail":["https:\/\/bulkgenetics.com\/wp-content\/uploads\/2024\/03\/g13-strain-weed-feminized-150x150.jpg",150,150,true],"dgwt-wcas-product-suggestion":["https:\/\/bulkgenetics.com\/wp-content\/uploads\/2024\/03\/g13-strain-weed-feminized-64x64.jpg",64,64,true]},"uagb_author_info":{"display_name":"\u00c1ngel Flores","author_link":"https:\/\/bulkgenetics.com\/fr\/author\/"},"uagb_comment_info":0,"uagb_excerpt":"G13, l'indica l\u00e9gendaire qui allie myst\u00e8re et puissance dans chaque graine. Avec un effet l\u00e9g\u00e8rement euphorique et relaxant, et des saveurs qui capturent l'essence des notes sucr\u00e9es et terreuses avec des touches de mandarine, cette souche promet une exp\u00e9rience de culture unique et une r\u00e9colte abondante. Parfait pour les cultivateurs qui recherchent la qualit\u00e9 et\u2026","_links":{"self":[{"href":"https:\/\/bulkgenetics.com\/fr\/wp-json\/wp\/v2\/product\/22908","targetHints":{"allow":["GET"]}}],"collection":[{"href":"https:\/\/bulkgenetics.com\/fr\/wp-json\/wp\/v2\/product"}],"about":[{"href":"https:\/\/bulkgenetics.com\/fr\/wp-json\/wp\/v2\/types\/product"}],"replies":[{"embeddable":true,"href":"https:\/\/bulkgenetics.com\/fr\/wp-json\/wp\/v2\/comments?post=22908"}],"wp:featuredmedia":[{"embeddable":true,"href":"https:\/\/bulkgenetics.com\/fr\/wp-json\/wp\/v2\/media\/22893"}],"wp:attachment":[{"href":"https:\/\/bulkgenetics.com\/fr\/wp-json\/wp\/v2\/media?parent=22908"}],"wp:term":[{"taxonomy":"product_brand","embeddable":true,"href":"https:\/\/bulkgenetics.com\/fr\/wp-json\/wp\/v2\/product_brand?post=22908"},{"taxonomy":"product_cat","embeddable":true,"href":"https:\/\/bulkgenetics.com\/fr\/wp-json\/wp\/v2\/product_cat?post=22908"},{"taxonomy":"product_tag","embeddable":true,"href":"https:\/\/bulkgenetics.com\/fr\/wp-json\/wp\/v2\/product_tag?post=22908"}],"curies":[{"name":"wp","href":"https:\/\/api.w.org\/{rel}","templated":true}]}}