{"id":23440,"date":"2024-04-09T17:27:38","date_gmt":"2024-04-09T15:27:38","guid":{"rendered":"https:\/\/bulkgenetics.com\/?post_type=product&#038;p=23440"},"modified":"2024-10-08T01:08:49","modified_gmt":"2024-10-07T23:08:49","slug":"lemon-cookies","status":"publish","type":"product","link":"https:\/\/bulkgenetics.com\/fr\/lemon-cookies\/","title":{"rendered":"Lemon Cookies"},"content":{"rendered":"\n<p>Lemon Cookies est une vari\u00e9t\u00e9 qui se d\u00e9marque de la foule par sa lign\u00e9e exceptionnelle et son profil de saveurs et d&#8217;ar\u00f4mes in\u00e9gal\u00e9. N\u00e9e du croisement stellaire entre Lemon Haze et <a href=\"https:\/\/bulkgenetics.com\/es\/girl-scout-cookies\/\" data-type=\"product\" data-id=\"7488\">Girl Scout Cookies<\/a>, cette plante est une ode aux amateurs d&#8217;exp\u00e9riences sensorielles uniques, fusionnant l&#8217;aigreur des agrumes et la douceur des biscuits dans une combinaison qui te fera revenir pour en avoir plus.<\/p>\n\n<p>Avec une g\u00e9n\u00e9tique \u00e9quilibr\u00e9e, \u00e9tant un hybride 50% indica et 50% sativa, Lemon Cookies offre une structure de plante robuste et des r\u00e9compenses g\u00e9n\u00e9reuses. Ses bourgeons denses et gorg\u00e9s de r\u00e9sine sont un spectacle visuel avec leur mosa\u00efque de couleurs vives et leur rev\u00eatement de trichomes qui ressemble \u00e0 une couche de gla\u00e7age scintillant. En termes de rendement, cette souche n&#8217;est pas en reste, avec des rendements pouvant atteindre <strong>550 grammes par m\u00e8tre carr\u00e9<\/strong> en int\u00e9rieur et jusqu&#8217;\u00e0 <strong>1 kg par plante<\/strong> en ext\u00e9rieur.<\/p>\n\n<h2 class=\"wp-block-heading\">Effets et go\u00fbt<\/h2>\n\n<p>L&#8217;exp\u00e9rience de la d\u00e9gustation des Lemon Cookies est comme une promenade dans une plantation d&#8217;agrumes en pleine floraison. Ses ar\u00f4mes intenses de citron, d&#8217;encens et d&#8217;\u00e9pices t&#8217;enveloppent, tandis que le premier contact en bouche r\u00e9v\u00e8le une symphonie de saveurs qui allient le sucr\u00e9, l&#8217;agrume et l&#8217;\u00e9pic\u00e9 en parfaite harmonie.  <\/p>\n\n<p>Et non seulement c&#8217;est un r\u00e9gal pour les sens, mais son effet est tout aussi impressionnant. Pr\u00e9pare-toi \u00e0 une pouss\u00e9e d&#8217;euphorie et de bonheur, suivie d&#8217;une relaxation profonde qui calmera ton corps sans te laisser compl\u00e8tement coll\u00e9 au canap\u00e9. Avec une teneur en THC allant de <strong>21 % \u00e0 28 %<\/strong>, cette vari\u00e9t\u00e9 est id\u00e9ale \u00e0 la fois pour se d\u00e9tendre apr\u00e8s une longue journ\u00e9e et pour profiter de moments sociaux d\u00e9tendus.<\/p>\n\n<h2 class=\"wp-block-heading\">P\u00e9riode de floraison<\/h2>\n\n<p>La patience est une vertu, surtout lorsqu&#8217;il s&#8217;agit de faire pousser des Lemon Cookies. Cette beaut\u00e9 a besoin de <strong>9 \u00e0 10 semaines de floraison<\/strong> pour atteindre son apog\u00e9e. Bien que le chemin vers la r\u00e9colte puisse sembler long, le r\u00e9sultat final vaut bien l&#8217;attente, offrant une abondance de bourgeons qui sont un v\u00e9ritable festin pour les sens. Cependant, son ar\u00f4me puissant pendant la floraison peut attirer l&#8217;attention, c&#8217;est pourquoi nous recommandons l&#8217;utilisation de filtres anti-odeurs aux cultivateurs qui souhaitent rester discrets.<\/p>\n\n<p>Parmi les avis de ceux qui ont d\u00e9j\u00e0 eu le plaisir de cultiver et de consommer des Lemon Cookies, la satisfaction est g\u00e9n\u00e9rale. Les consommateurs le louent pour son effet \u00e9quilibr\u00e9 et profond\u00e9ment agr\u00e9able, ainsi que pour son profil de saveur unique. Les cultivateurs, pour leur part, soulignent la g\u00e9n\u00e9rosit\u00e9 de leurs r\u00e9coltes et la beaut\u00e9 de leurs plantes, ce qui fait de Lemon Cookies une \u00e9toile montante dans la communaut\u00e9 des <strong>graines de cannabis<\/strong>.<\/p>\n\n<p>Que tu sois un cultivateur exp\u00e9riment\u00e9 cherchant \u00e0 agrandir sa collection ou un amateur d\u00e9sireux d&#8217;essayer quelque chose de nouveau et d&#8217;excitant, Lemon Cookies promet d&#8217;\u00eatre un ajout lumineux \u00e0 ton jardin. Ne manque pas l&#8217;occasion d&#8217;exp\u00e9rimenter cette vari\u00e9t\u00e9 exceptionnelle, disponible d\u00e8s maintenant chez Bulk Genetics, le plus grand magasin de graines de cannabis au monde.<\/p>\n\n<h2 class=\"wp-block-heading\">Comment cultiver Lemon Cookies<\/h2>\n\n<p>Lemon Cookies peuvent \u00eatre consid\u00e9r\u00e9s comme mod\u00e9r\u00e9ment difficiles \u00e0 cultiver. Bien qu&#8217;il s&#8217;agisse d&#8217;une plante qui pardonne aux novices, pour en tirer vraiment le meilleur parti, il faut des mains plus exp\u00e9riment\u00e9es. Ceci, combin\u00e9 \u00e0 sa r\u00e9sistance aux parasites et aux maladies, en fait une option attrayante pour les cultivateurs novices et les v\u00e9t\u00e9rans qui cherchent \u00e0 exp\u00e9rimenter une vari\u00e9t\u00e9 qui promet \u00e0 la fois qualit\u00e9 et quantit\u00e9.<\/p>\n\n<p>Chez Bulk Genetics, nous pensons que le succ\u00e8s de la culture des <strong>Lemon Cookies<\/strong> r\u00e9side dans la compr\u00e9hension et le respect de tes besoins uniques. C&#8217;est pourquoi nous voulons partager avec toi quelques conseils que nous avons recueillis au fil des ans pour t&#8217;aider \u00e0 tirer le meilleur parti de ces graines. Tout d&#8217;abord, garde \u00e0 l&#8217;esprit que si les Lemon Cookies sont relativement indulgents pour les d\u00e9butants, atteindre leur plein potentiel n\u00e9cessite une certaine exp\u00e9rience. Voici nos recommandations :<\/p>\n\n<ul class=\"wp-block-list\">\n<li>Utilise des filtres \u00e0 odeurs : Lemon Cookies sont connus pour leur ar\u00f4me intense pendant la floraison. Pour \u00e9viter les probl\u00e8mes, surtout \u00e0 l&#8217;int\u00e9rieur, nous te conseillons d&#8217;installer des filtres \u00e0 odeurs.<\/li>\n\n\n\n<li>Contr\u00f4le du climat : cette plante aime un climat mod\u00e9r\u00e9ment chaud et sec. Maintiens une bonne circulation de l&#8217;air et \u00e9vite l&#8217;humidit\u00e9 excessive pour pr\u00e9venir les probl\u00e8mes de moisissure.<\/li>\n\n\n\n<li>Alimentation \u00e9quilibr\u00e9e : bien qu&#8217;il soit rustique, il r\u00e9pondra bien \u00e0 une alimentation \u00e9quilibr\u00e9e. N&#8217;en fais pas trop avec les nutriments ; suis les recommandations sp\u00e9cifiques aux vari\u00e9t\u00e9s hybrides.<\/li>\n\n\n\n<li>Taille et formation : pour maximiser la production, n&#8217;h\u00e9site pas \u00e0 appliquer des techniques de taille et de formation. Cela permettra non seulement d&#8217;am\u00e9liorer la circulation de l&#8217;air et l&#8217;exposition \u00e0 la lumi\u00e8re, mais aussi de favoriser une croissance plus robuste et une plus grande production de bourgeons.<\/li>\n<\/ul>\n\n<p>En suivant ces conseils et en embrassant \u00e0 la fois ses qualit\u00e9s et ses d\u00e9fis, la culture des Lemon Cookies peut devenir une exp\u00e9rience enrichissante et extr\u00eamement satisfaisante. Chez Bulk Genetics, nous sommes l\u00e0 pour te soutenir \u00e0 chaque \u00e9tape, en veillant \u00e0 ce que tu puisses profiter de tout ce que cette souche exceptionnelle a \u00e0 offrir.<\/p>\n\n<div style=\"height:50px\" aria-hidden=\"true\" class=\"wp-block-spacer uag-hide-mob\"><\/div>\n\n<div class=\"wp-block-columns is-layout-flex wp-container-core-columns-is-layout-28f84493 wp-block-columns-is-layout-flex\">\n<div class=\"wp-block-column is-layout-flow wp-block-column-is-layout-flow\">\n<p class=\"has-text-align-center has-medium-font-size\"><strong>Ce qui nous pla\u00eet le plus<\/strong><\/p>\n\n\n\n<ul class=\"wp-block-list\">\n<li>Son effet \u00e9quilibr\u00e9 qui combine euphorie et relaxation ne laisse personne indiff\u00e9rent.<\/li>\n\n\n\n<li>L&#8217;ar\u00f4me et la saveur intenses, qui rappellent les biscuits au citron fra\u00eechement sortis du four.<\/li>\n\n\n\n<li>La g\u00e9n\u00e9rosit\u00e9 de sa production, \u00e0 l&#8217;int\u00e9rieur comme \u00e0 l&#8217;ext\u00e9rieur.<\/li>\n\n\n\n<li>Son prix.<\/li>\n<\/ul>\n<\/div>\n\n\n\n<div class=\"wp-block-column is-layout-flow wp-block-column-is-layout-flow\">\n<p class=\"has-text-align-center has-medium-font-size\"><strong>Ce que nous aimons le moins<\/strong><\/p>\n\n\n\n<ul class=\"wp-block-list\">\n<li>La n\u00e9cessit\u00e9 d&#8217;utiliser des filtres \u00e0 odeurs en raison de leur ar\u00f4me puissant pendant la floraison.<\/li>\n\n\n\n<li>Le niveau d&#8217;expertise requis pour atteindre leur plein potentiel de production.<\/li>\n<\/ul>\n<\/div>\n<\/div>\n\n<div style=\"height:50px\" aria-hidden=\"true\" class=\"wp-block-spacer uag-hide-mob\"><\/div>\n\n<h2 class=\"wp-block-heading\">FAQ sur Lemon Cookies<\/h2>\n\n<p>Vous trouverez ci-dessous les r\u00e9ponses aux questions les plus fr\u00e9quemment pos\u00e9es par les cultivateurs int\u00e9ress\u00e9s par cette vari\u00e9t\u00e9 :<\/p>\n<div id=\"rank-math-faq\" class=\"rank-math-block\">\n<div class=\"rank-math-list \">\n<div id=\"faq-question-1663029074962\" class=\"rank-math-list-item\">\n<h3 class=\"rank-math-question \">Les Lemon Cookies sont-ils des sativa ou des indica ?<\/h3>\n<div class=\"rank-math-answer \">\n\n<p>Lemon Cookies est un hybride parfaitement \u00e9quilibr\u00e9, avec 50 % de g\u00e9n\u00e9tique sativa et 50 % de g\u00e9n\u00e9tique indica. Cela signifie qu&#8217;il offre le meilleur des deux mondes : l&#8217;\u00e9nergie \u00e9lev\u00e9e et la cr\u00e9ativit\u00e9 associ\u00e9es aux sativas, ainsi que la relaxation corporelle profonde caract\u00e9ristique des indicas.<\/p>\n\n<\/div>\n<\/div>\n<div id=\"faq-question-1663029159933\" class=\"rank-math-list-item\">\n<h3 class=\"rank-math-question \">Quelle est la teneur en THC des Lemon Cookies ?<\/h3>\n<div class=\"rank-math-answer \">\n\n<p>Lemon Cookies se distingue par sa puissante teneur en THC, qui varie entre 21 % et 28 %. Cette puissance le rend exceptionnellement efficace pour ceux qui cherchent \u00e0 soulager des troubles tels que les sautes d&#8217;humeur, l&#8217;inflammation, la d\u00e9pression, le stress chronique, l&#8217;insomnie et la fatigue chronique. Son taux \u00e9lev\u00e9 de THC contribue \u00e9galement \u00e0 ses effets euphorisants et relaxants, ce qui fait de cette vari\u00e9t\u00e9 un choix populaire parmi les utilisateurs exp\u00e9riment\u00e9s.<\/p>\n\n<\/div>\n<\/div>\n<div id=\"faq-question-1663029165861\" class=\"rank-math-list-item\">\n<h3 class=\"rank-math-question \">Quels sont l&#8217;ar\u00f4me et le go\u00fbt des Lemon Cookies ?<\/h3>\n<div class=\"rank-math-answer \">\n\n<p>Le profil de saveur et d&#8217;ar\u00f4me des Lemon Cookies est aussi unique que son nom le sugg\u00e8re. Cette vari\u00e9t\u00e9 combine de riches notes d&#8217;agrumes et de douceur, rappelant les biscuits au citron, avec des nuances \u00e9pic\u00e9es et l\u00e9g\u00e8rement herbac\u00e9es. Lorsque les bourgeons sont bris\u00e9s et br\u00fbl\u00e9s, des ar\u00f4mes terreux et piquants d&#8217;agrumes sont lib\u00e9r\u00e9s, avec une note de noix qui est \u00e0 la fois rafra\u00eechissante et profond\u00e9ment satisfaisante.<\/p>\n\n<\/div>\n<\/div>\n<div id=\"faq-question-1666780029954\" class=\"rank-math-list-item\">\n<h3 class=\"rank-math-question \">Combien de temps faut-il pour que les Lemon Cookies fleurissent ?<\/h3>\n<div class=\"rank-math-answer \">\n\n<p>Lemon Cookies n\u00e9cessite une p\u00e9riode de floraison de 9 \u00e0 10 semaines pour atteindre son plein potentiel. Ce temps de floraison est assez typique pour les souches hybrides, ce qui permet aux cultivateurs d&#8217;exp\u00e9rimenter des techniques de culture qui peuvent optimiser la production de bourgeons et la puissance.<\/p>\n\n<\/div>\n<\/div>\n<div id=\"faq-question-1712677814887\" class=\"rank-math-list-item\">\n<h3 class=\"rank-math-question \">Lemon Cookies convient-il aux cultivateurs d\u00e9butants ?<\/h3>\n<div class=\"rank-math-answer \">\n\n<p>Bien que la Lemon Cookies puisse pardonner les erreurs courantes des novices, elle brille vraiment entre les mains de cultivateurs plus exp\u00e9riment\u00e9s. Pour tirer le maximum de potentiel de ta production et de la qualit\u00e9 des bourgeons, il est conseill\u00e9 d&#8217;avoir des connaissances pr\u00e9alables sur les techniques de culture, la gestion du climat et la nutrition des plantes. Cependant, avec des soins appropri\u00e9s et en suivant nos conseils, les cultivateurs novices peuvent s&#8217;attendre \u00e0 des r\u00e9sultats plus que satisfaisants.<\/p>\n\n<\/div>\n<\/div>\n<\/div>\n<\/div>","protected":false},"excerpt":{"rendered":"<p><b>Lemon Cookies <\/b>est sans aucun doute un joyau de notre catalogue, combinant l&#8217;\u00e9nergie cr\u00e9ative de Lemon Haze avec la douceur irr\u00e9sistible des Girl Scout Cookies pour cr\u00e9er une exp\u00e9rience unique. Avec un \u00e9quilibre parfait de 50 % de sativa et 50 % d&#8217;indica, cette souche promet un <strong>effet euphorique et relaxant<\/strong> avec un <strong>go\u00fbt inoubliable<\/strong>. Cultive cette g\u00e9n\u00e9tique exceptionnelle et obtiens des r\u00e9coltes g\u00e9n\u00e9reuses et des ar\u00f4mes captivants !<\/p>\n","protected":false},"featured_media":23407,"comment_status":"open","ping_status":"closed","template":"","meta":{"_acf_changed":false,"inline_featured_image":false,"_uag_custom_page_level_css":""},"product_brand":[],"product_cat":[1125],"product_tag":[],"class_list":{"0":"post-23440","1":"product","2":"type-product","3":"status-publish","4":"has-post-thumbnail","6":"product_cat-graines-feminisees-en-gros","8":"first","9":"instock","10":"taxable","11":"shipping-taxable","12":"purchasable","13":"product-type-simple"},"acf":[],"uagb_featured_image_src":{"full":["https:\/\/bulkgenetics.com\/wp-content\/uploads\/2024\/04\/lemon-cookies-strain-weed-seeds.jpg",1600,1600,false],"thumbnail":["https:\/\/bulkgenetics.com\/wp-content\/uploads\/2024\/04\/lemon-cookies-strain-weed-seeds-150x150.jpg",150,150,true],"medium":["https:\/\/bulkgenetics.com\/wp-content\/uploads\/2024\/04\/lemon-cookies-strain-weed-seeds-300x300.jpg",300,300,true],"medium_large":["https:\/\/bulkgenetics.com\/wp-content\/uploads\/2024\/04\/lemon-cookies-strain-weed-seeds-768x768.jpg",768,768,true],"large":["https:\/\/bulkgenetics.com\/wp-content\/uploads\/2024\/04\/lemon-cookies-strain-weed-seeds-1024x1024.jpg",1024,1024,true],"1536x1536":["https:\/\/bulkgenetics.com\/wp-content\/uploads\/2024\/04\/lemon-cookies-strain-weed-seeds-1536x1536.jpg",1536,1536,true],"2048x2048":["https:\/\/bulkgenetics.com\/wp-content\/uploads\/2024\/04\/lemon-cookies-strain-weed-seeds.jpg",1600,1600,false],"commercegurus-pdp-large":["https:\/\/bulkgenetics.com\/wp-content\/uploads\/2024\/04\/lemon-cookies-strain-weed-seeds-990x990.jpg",990,990,true],"commercegurus-plp-mobile":["https:\/\/bulkgenetics.com\/wp-content\/uploads\/2024\/04\/lemon-cookies-strain-weed-seeds-441x441.jpg",441,441,true],"cgkit_image_swatch":["https:\/\/bulkgenetics.com\/wp-content\/uploads\/2024\/04\/lemon-cookies-strain-weed-seeds-100x100.jpg",100,100,true],"woocommerce_thumbnail":["https:\/\/bulkgenetics.com\/wp-content\/uploads\/2024\/04\/lemon-cookies-strain-weed-seeds-300x300.jpg",300,300,true],"woocommerce_single":["https:\/\/bulkgenetics.com\/wp-content\/uploads\/2024\/04\/lemon-cookies-strain-weed-seeds-800x800.jpg",800,800,true],"woocommerce_gallery_thumbnail":["https:\/\/bulkgenetics.com\/wp-content\/uploads\/2024\/04\/lemon-cookies-strain-weed-seeds-150x150.jpg",150,150,true],"dgwt-wcas-product-suggestion":["https:\/\/bulkgenetics.com\/wp-content\/uploads\/2024\/04\/lemon-cookies-strain-weed-seeds-64x64.jpg",64,64,true]},"uagb_author_info":{"display_name":"\u00c1ngel Flores","author_link":"https:\/\/bulkgenetics.com\/fr\/author\/"},"uagb_comment_info":0,"uagb_excerpt":"Lemon Cookies est sans aucun doute un joyau de notre catalogue, combinant l'\u00e9nergie cr\u00e9ative de Lemon Haze avec la douceur irr\u00e9sistible des Girl Scout Cookies pour cr\u00e9er une exp\u00e9rience unique. Avec un \u00e9quilibre parfait de 50 % de sativa et 50 % d'indica, cette souche promet un effet euphorique et relaxant avec un go\u00fbt inoubliable.\u2026","_links":{"self":[{"href":"https:\/\/bulkgenetics.com\/fr\/wp-json\/wp\/v2\/product\/23440","targetHints":{"allow":["GET"]}}],"collection":[{"href":"https:\/\/bulkgenetics.com\/fr\/wp-json\/wp\/v2\/product"}],"about":[{"href":"https:\/\/bulkgenetics.com\/fr\/wp-json\/wp\/v2\/types\/product"}],"replies":[{"embeddable":true,"href":"https:\/\/bulkgenetics.com\/fr\/wp-json\/wp\/v2\/comments?post=23440"}],"wp:featuredmedia":[{"embeddable":true,"href":"https:\/\/bulkgenetics.com\/fr\/wp-json\/wp\/v2\/media\/23407"}],"wp:attachment":[{"href":"https:\/\/bulkgenetics.com\/fr\/wp-json\/wp\/v2\/media?parent=23440"}],"wp:term":[{"taxonomy":"product_brand","embeddable":true,"href":"https:\/\/bulkgenetics.com\/fr\/wp-json\/wp\/v2\/product_brand?post=23440"},{"taxonomy":"product_cat","embeddable":true,"href":"https:\/\/bulkgenetics.com\/fr\/wp-json\/wp\/v2\/product_cat?post=23440"},{"taxonomy":"product_tag","embeddable":true,"href":"https:\/\/bulkgenetics.com\/fr\/wp-json\/wp\/v2\/product_tag?post=23440"}],"curies":[{"name":"wp","href":"https:\/\/api.w.org\/{rel}","templated":true}]}}