{"id":23606,"date":"2024-04-17T13:03:20","date_gmt":"2024-04-17T11:03:20","guid":{"rendered":"https:\/\/bulkgenetics.com\/?post_type=product&#038;p=23606"},"modified":"2024-10-08T01:08:48","modified_gmt":"2024-10-07T23:08:48","slug":"horchata-x-og-kush","status":"publish","type":"product","link":"https:\/\/bulkgenetics.com\/fr\/horchata-x-og-kush\/","title":{"rendered":"Horchata x OG Kush"},"content":{"rendered":"\n<p><strong>Horchata x OG Kush<\/strong>, un croisement stellaire qui m\u00e9lange la douceur cr\u00e9meuse de l&#8217;Horchata de Compound Genetics avec la robustesse classique de l&#8217;OG Kush. Cet hybride \u00e0 l\u00e9g\u00e8re dominance indica est issu d&#8217;une lign\u00e9e exquise : d&#8217;une part, Jet Fuel Gelato, connue pour sa touche diesel vigoureuse, et d&#8217;autre part, Mochi Gelato, qui fournit un profil aromatique menthol\u00e9 et floral. Du croisement de ces deux g\u00e9n\u00e9tiques est n\u00e9e la Horchata, qui sera fusionn\u00e9e avec la mythique OG Kush. La fusion de ces souches offre une exp\u00e9rience sensorielle unique, marqu\u00e9e par une teneur \u00e9lev\u00e9e en THC, comprise entre 23 % et 28 %.<\/p>\n\n\n\n<p>La structure de <strong>Horchata x OG Kush<\/strong> est un spectacle \u00e0 voir pour les cultivateurs, avec ses feuilles d&#8217;un vert profond et ses branches robustes qui, pendant la floraison, s&#8217;\u00e9l\u00e8vent pour former des colas centrales denses et r\u00e9sineuses. Par\u00e9e de pistils couleur rouille et d&#8217;une couverture de trichomes qui scintillent comme du givre, cette plante est non seulement puissante, mais aussi un spectacle dans n&#8217;importe quel jardin.<\/p>\n\n\n\n<h2 class=\"wp-block-heading\">Effets de la production et go\u00fbt<\/h2>\n\n\n\n<p>Le profil terp\u00e9nique de Horchata x OG Kush est un d\u00e9lice : les notes de t\u00eate de vanille cr\u00e9meuse s&#8217;entrem\u00ealent avec des notes herbac\u00e9es et acides et des nuances subtiles rappelant le caf\u00e9, la cannelle et le chocolat. Cette riche combinaison garantit une exp\u00e9rience olfactive et gustative exceptionnelle, accompagn\u00e9e d&#8217;un effet \u00e9quilibr\u00e9 et profond. Les utilisateurs font \u00e9tat d&#8217;une relaxation instantan\u00e9e, d&#8217;un regain d&#8217;\u00e9nergie et d&#8217;une am\u00e9lioration notable de l&#8217;humeur, ce qui est id\u00e9al pour une pause cr\u00e9ative ou un repos bien m\u00e9rit\u00e9.<\/p>\n\n\n\n<p>La souche Horchata x OG Kush se distingue non seulement par ses qualit\u00e9s sensorielles, mais aussi par ses rendements remarquables. En int\u00e9rieur, cette plante \u00e0 dominante indica peut donner des rendements allant de <strong>400 \u00e0 550 grammes par m\u00e8tre carr\u00e9<\/strong>, ce qui permet d&#8217;optimiser l&#8217;espace et l&#8217;utilisation des ressources. \u00c0 l&#8217;ext\u00e9rieur, en revanche, chaque plant de Horchata x OG Kush est capable de produire des rendements impressionnants d&#8217;environ<strong> 800 grammes par plant<\/strong>. Ces volumes de production en font une option tr\u00e8s int\u00e9ressante pour les cultivateurs novices et experts, garantissant une r\u00e9colte abondante qui compense le temps de culture investi.<\/p>\n\n\n\n<h2 class=\"wp-block-heading\">P\u00e9riode de floraison<\/h2>\n\n\n\n<p>De la germination \u00e0 la r\u00e9colte, <strong>Horchata x OG Kush<\/strong> demande de l&#8217;attention et de la patience. La phase de floraison dure 8,5 \u00e0 9,5 semaines, pendant lesquelles les plantes d\u00e9ploient toute leur beaut\u00e9 et leur potentiel. Cette p\u00e9riode est cruciale pour le d\u00e9veloppement de ses bourgeons denses et de ses trichomes abondants, aboutissant \u00e0 une r\u00e9colte de qualit\u00e9 sup\u00e9rieure.<\/p>\n\n\n\n<p>Adapt\u00e9e \u00e0 la floraison dans les climats m\u00e9diterran\u00e9ens \u00e0 temp\u00e9r\u00e9s, cette vari\u00e9t\u00e9 offre une certaine flexibilit\u00e9 en termes d&#8217;environnement de culture. Il se comporte exceptionnellement bien \u00e0 l&#8217;int\u00e9rieur comme \u00e0 l&#8217;ext\u00e9rieur, bien qu&#8217;\u00e0 l&#8217;int\u00e9rieur il soit recommand\u00e9 de mettre en \u0153uvre des techniques d&#8217;entra\u00eenement pour optimiser l&#8217;espace et maximiser les performances.<\/p>\n\n\n\n<p>Les commentaires de ceux qui ont cultiv\u00e9 et appr\u00e9ci\u00e9 cette vari\u00e9t\u00e9 ne laissent aucun doute : Horchata x OG Kush est un choix de premier ordre parmi les <strong>vari\u00e9t\u00e9s de marijuana<\/strong>. Sa culture mod\u00e9r\u00e9ment difficile est r\u00e9compens\u00e9e par des r\u00e9coltes abondantes et de haute qualit\u00e9, ce qui permet aux consommateurs r\u00e9cr\u00e9atifs et m\u00e9dicinaux d&#8217;atteindre leurs objectifs de culture et de consommation.<\/p>\n\n\n\n<h2 class=\"wp-block-heading\">Conseils pour la culture de Horchata x OG Kush<\/h2>\n\n\n\n<p>Chez Bulk Genetics, nous recommandons de cultiver <strong>Horchata x OG Kush<\/strong> en tenant compte de certaines consid\u00e9rations pour garantir des rendements maximums et la meilleure qualit\u00e9. Cette vari\u00e9t\u00e9, avec ses traits \u00e0 dominance indica, b\u00e9n\u00e9ficie grandement des techniques de formation telles que le SOG (Sea of Green) ou le SCROG (Screen of Green), qui permettent d&#8217;optimiser l&#8217;espace et d&#8217;encourager une croissance plus uniforme et contr\u00f4l\u00e9e.<\/p>\n\n\n\n<p>Nous pr\u00e9f\u00e9rons utiliser des substrats riches en nutriments avec un bon drainage pour faciliter le d\u00e9veloppement robuste des racines qui caract\u00e9rise cette vari\u00e9t\u00e9. L&#8217;\u00e9clairage est crucial ; c&#8217;est pourquoi nous assurons une exposition lumineuse ad\u00e9quate d&#8217;au moins 600 W dans les syst\u00e8mes HID ou l&#8217;\u00e9quivalent en LED pour am\u00e9liorer ta floraison et maximiser la production de trichomes. La temp\u00e9rature id\u00e9ale en journ\u00e9e doit \u00eatre comprise entre 22 et 26\u00b0C, avec une l\u00e9g\u00e8re r\u00e9duction la nuit pour imiter les conditions naturelles, ce qui est vital pour le d\u00e9veloppement des tons violets et bleus de ses bourgeons.<\/p>\n\n\n\n<p>L&#8217;humidit\u00e9 doit \u00eatre soigneusement contr\u00f4l\u00e9e, en la maintenant autour de 40 \u00e0 50 % pendant la phase de floraison pour \u00e9viter les probl\u00e8mes de moisissure ou de parasites. En outre, un arrosage ad\u00e9quat sans saturer le substrat est essentiel, surtout pendant les premiers stades de la v\u00e9g\u00e9tation, afin de favoriser une structure solide et r\u00e9sistante.<\/p>\n\n\n\n<p>Enfin, bien que <strong>Horchata x OG Kush<\/strong> montre une bonne r\u00e9sistance aux parasites et aux maladies, nous maintenons toujours un protocole pr\u00e9ventif qui comprend un suivi r\u00e9gulier et l&#8217;utilisation de produits biologiques pour prot\u00e9ger nos plantes sans compromettre la qualit\u00e9 du produit final.<\/p>\n\n\n\n<div style=\"height:50px\" aria-hidden=\"true\" class=\"wp-block-spacer uag-hide-mob\"><\/div>\n\n\n\n<div class=\"wp-block-columns is-layout-flex wp-container-core-columns-is-layout-28f84493 wp-block-columns-is-layout-flex\">\n<div class=\"wp-block-column is-layout-flow wp-block-column-is-layout-flow\">\n<p class=\"has-text-align-center has-medium-font-size\"><strong>Ce qui nous pla\u00eet le plus<\/strong><\/p>\n\n\n\n<ul class=\"wp-block-list\">\n<li>Le profil terp\u00e9nique unique, qui offre un ar\u00f4me enveloppant et un go\u00fbt cr\u00e9meux qui capture l&#8217;essence de la vanille et des touches d&#8217;\u00e9pices.<\/li>\n\n\n\n<li>Son effet \u00e9quilibr\u00e9 et puissant est parfait pour se d\u00e9tendre sans s\u00e9dation, id\u00e9al pour profiter d&#8217;une humeur positive et d&#8217;une cr\u00e9ativit\u00e9 stimul\u00e9e.<\/li>\n\n\n\n<li>La r\u00e9sistance de la plante aux parasites et aux maladies, ce qui rend la culture plus facile et moins sujette aux revers.<\/li>\n\n\n\n<li>La beaut\u00e9 esth\u00e9tique de ses bourgeons, avec des tons violets et bleus et une couverture g\u00e9n\u00e9reuse de trichomes cristallins.<\/li>\n<\/ul>\n<\/div>\n\n\n\n<div class=\"wp-block-column is-layout-flow wp-block-column-is-layout-flow\">\n<p class=\"has-text-align-center has-medium-font-size\"><strong>Ce que nous aimons le moins<\/strong><\/p>\n\n\n\n<ul class=\"wp-block-list\">\n<li>Le temps de floraison relativement long, qui peut n\u00e9cessiter de la patience et un investissement en temps consid\u00e9rable pour atteindre la r\u00e9colte.<\/li>\n\n\n\n<li>La n\u00e9cessit\u00e9 de techniques de formation et d&#8217;un contr\u00f4le strict de l&#8217;environnement, ce qui peut repr\u00e9senter un d\u00e9fi pour les cultivateurs novices.<\/li>\n<\/ul>\n<\/div>\n<\/div>\n\n\n\n<div style=\"height:50px\" aria-hidden=\"true\" class=\"wp-block-spacer uag-hide-mob\"><\/div>\n\n\n\n<h2 class=\"wp-block-heading\">Questions fr\u00e9quemment pos\u00e9es<\/h2>\n\n\n\n<p>Vous trouverez ci-dessous les r\u00e9ponses aux questions les plus fr\u00e9quemment pos\u00e9es par les cultivateurs int\u00e9ress\u00e9s par cette vari\u00e9t\u00e9 :<\/p>\n\n\n<div id=\"rank-math-faq\" class=\"rank-math-block\">\n<div class=\"rank-math-list \">\n<div id=\"faq-question-1663029074962\" class=\"rank-math-list-item\">\n<h3 class=\"rank-math-question \">Horchata x OG Kush est-il sativa ou indica ?<\/h3>\n<div class=\"rank-math-answer \">\n\n<p>Horchata x OG Kush est un hybride \u00e0 dominante indica. Par cons\u00e9quent, sa structure est compacte et \u00e0 feuilles larges. Les effets sont g\u00e9n\u00e9ralement plus relaxants et s\u00e9datifs, parfaits pour la relaxation nocturne ou le soulagement de la douleur.<\/p>\n\n<\/div>\n<\/div>\n<div id=\"faq-question-1663029159933\" class=\"rank-math-list-item\">\n<h3 class=\"rank-math-question \">Quel taux de THC peut-on attendre de Horchata x OG Kush ?<\/h3>\n<div class=\"rank-math-answer \">\n\n<p>Horchata x OG Kush a une teneur en THC comprise entre 23 % et 28 %. Cela le place dans la gamme des puissances \u00e9lev\u00e9es, procurant des effets intenses et durables, id\u00e9aux pour les utilisateurs exp\u00e9riment\u00e9s ou ceux qui recherchent un soulagement significatif de sympt\u00f4mes tels que la douleur, l&#8217;anxi\u00e9t\u00e9 ou l&#8217;insomnie.<\/p>\n\n<\/div>\n<\/div>\n<div id=\"faq-question-1663029165861\" class=\"rank-math-list-item\">\n<h3 class=\"rank-math-question \">Combien de temps faut-il pour faire fleurir Horchata x OG Kush ?<\/h3>\n<div class=\"rank-math-answer \">\n\n<p>Horchata x OG Kush termine g\u00e9n\u00e9ralement sa floraison au bout de 8,5 \u00e0 9,5 semaines. Pendant cette p\u00e9riode, les plantes d\u00e9veloppent des bourgeons denses et r\u00e9sineux avec une riche couverture de trichomes, offrant des r\u00e9coltes de haute qualit\u00e9, surtout dans des conditions contr\u00f4l\u00e9es de culture en int\u00e9rieur.<\/p>\n\n<\/div>\n<\/div>\n<div id=\"faq-question-1666780029954\" class=\"rank-math-list-item\">\n<h3 class=\"rank-math-question \">Horchata x OG Kush convient-il aux cultivateurs d\u00e9butants ?<\/h3>\n<div class=\"rank-math-answer \">\n\n<p>Bien que la Horchata x OG Kush ait une bonne r\u00e9sistance aux parasites et ne n\u00e9cessite pas de soins extr\u00eamement sp\u00e9cifiques, sa culture peut \u00eatre mod\u00e9r\u00e9ment difficile en raison de la n\u00e9cessit\u00e9 de recourir \u00e0 des techniques de formation pour contr\u00f4ler sa hauteur et maximiser la production de bourgeons. Cela peut \u00eatre un d\u00e9fi pour les cultivateurs novices, mais avec la bonne pr\u00e9paration et les bonnes ressources, c&#8217;est tout \u00e0 fait r\u00e9alisable.<\/p>\n\n<\/div>\n<\/div>\n<div id=\"faq-question-1713349304979\" class=\"rank-math-list-item\">\n<h3 class=\"rank-math-question \">Quels sont les ar\u00f4mes et les saveurs qui distinguent Horchata x OG Kush ?<\/h3>\n<div class=\"rank-math-answer \">\n\n<p>Cette vari\u00e9t\u00e9 se distingue par son profil terp\u00e9nique exceptionnel, combinant des ar\u00f4mes cr\u00e9meux de vanille et de subtiles notes terreuses de caf\u00e9, de cannelle et de chocolat. Cette combinaison d&#8217;ar\u00f4mes et de saveurs fait non seulement de Horchata x OG Kush un choix agr\u00e9able pour le palais, mais aussi une exp\u00e9rience olfactive m\u00e9morable.<\/p>\n\n<\/div>\n<\/div>\n<div id=\"faq-question-1713349338638\" class=\"rank-math-list-item\">\n<h3 class=\"rank-math-question \">Quelles sont les conditions de croissance id\u00e9ales pour Horchata x OG Kush ?<\/h3>\n<div class=\"rank-math-answer \">\n\n<p>Horchata x OG Kush prosp\u00e8re dans des environnements qui imitent un climat m\u00e9diterran\u00e9en \u00e0 temp\u00e9r\u00e9, avec des temp\u00e9ratures diurnes comprises entre 22 et 26\u00b0C. Il est important de maintenir une humidit\u00e9 relative de 40 \u00e0 50 % pendant la floraison pour \u00e9viter le d\u00e9veloppement de moisissures et optimiser la production de trichomes. Que ce soit \u00e0 l&#8217;int\u00e9rieur avec un \u00e9clairage ad\u00e9quat ou \u00e0 l&#8217;ext\u00e9rieur dans des climats doux, cette vari\u00e9t\u00e9 r\u00e9pond bien \u00e0 une manipulation soigneuse et \u00e0 une alimentation \u00e9quilibr\u00e9e.<\/p>\n\n<\/div>\n<\/div>\n<\/div>\n<\/div>","protected":false},"excerpt":{"rendered":"<p><b>Horchata x OG Kush<\/b> offre un havre de saveurs et de d\u00e9tente. Cet hybride \u00e0 dominance indica combine des <strong>ar\u00f4mes \u00e9pic\u00e9s de vanille<\/strong> et un <strong>puissant effet \u00e9quilibr\u00e9<\/strong>. Parfait pour les amateurs de bon go\u00fbt et d&#8217;effets durables, avec une teneur en THC allant jusqu&#8217;\u00e0 28 %.<\/p>\n","protected":false},"featured_media":23595,"comment_status":"open","ping_status":"closed","template":"","meta":{"_acf_changed":false,"inline_featured_image":false,"_uag_custom_page_level_css":""},"product_brand":[],"product_cat":[1125],"product_tag":[],"class_list":{"0":"post-23606","1":"product","2":"type-product","3":"status-publish","4":"has-post-thumbnail","6":"product_cat-graines-feminisees-en-gros","8":"first","9":"outofstock","10":"taxable","11":"shipping-taxable","12":"purchasable","13":"product-type-simple"},"acf":[],"uagb_featured_image_src":{"full":["https:\/\/bulkgenetics.com\/wp-content\/uploads\/2024\/04\/horchata-x-og-kush-strain-feminized.jpg",1600,1600,false],"thumbnail":["https:\/\/bulkgenetics.com\/wp-content\/uploads\/2024\/04\/horchata-x-og-kush-strain-feminized-150x150.jpg",150,150,true],"medium":["https:\/\/bulkgenetics.com\/wp-content\/uploads\/2024\/04\/horchata-x-og-kush-strain-feminized-300x300.jpg",300,300,true],"medium_large":["https:\/\/bulkgenetics.com\/wp-content\/uploads\/2024\/04\/horchata-x-og-kush-strain-feminized-768x768.jpg",768,768,true],"large":["https:\/\/bulkgenetics.com\/wp-content\/uploads\/2024\/04\/horchata-x-og-kush-strain-feminized-1024x1024.jpg",1024,1024,true],"1536x1536":["https:\/\/bulkgenetics.com\/wp-content\/uploads\/2024\/04\/horchata-x-og-kush-strain-feminized-1536x1536.jpg",1536,1536,true],"2048x2048":["https:\/\/bulkgenetics.com\/wp-content\/uploads\/2024\/04\/horchata-x-og-kush-strain-feminized.jpg",1600,1600,false],"commercegurus-pdp-large":["https:\/\/bulkgenetics.com\/wp-content\/uploads\/2024\/04\/horchata-x-og-kush-strain-feminized-990x990.jpg",990,990,true],"commercegurus-plp-mobile":["https:\/\/bulkgenetics.com\/wp-content\/uploads\/2024\/04\/horchata-x-og-kush-strain-feminized-441x441.jpg",441,441,true],"cgkit_image_swatch":["https:\/\/bulkgenetics.com\/wp-content\/uploads\/2024\/04\/horchata-x-og-kush-strain-feminized-100x100.jpg",100,100,true],"woocommerce_thumbnail":["https:\/\/bulkgenetics.com\/wp-content\/uploads\/2024\/04\/horchata-x-og-kush-strain-feminized-300x300.jpg",300,300,true],"woocommerce_single":["https:\/\/bulkgenetics.com\/wp-content\/uploads\/2024\/04\/horchata-x-og-kush-strain-feminized-800x800.jpg",800,800,true],"woocommerce_gallery_thumbnail":["https:\/\/bulkgenetics.com\/wp-content\/uploads\/2024\/04\/horchata-x-og-kush-strain-feminized-150x150.jpg",150,150,true],"dgwt-wcas-product-suggestion":["https:\/\/bulkgenetics.com\/wp-content\/uploads\/2024\/04\/horchata-x-og-kush-strain-feminized-64x64.jpg",64,64,true]},"uagb_author_info":{"display_name":"\u00c1ngel Flores","author_link":"https:\/\/bulkgenetics.com\/fr\/author\/"},"uagb_comment_info":0,"uagb_excerpt":"Horchata x OG Kush offre un havre de saveurs et de d\u00e9tente. Cet hybride \u00e0 dominance indica combine des ar\u00f4mes \u00e9pic\u00e9s de vanille et un puissant effet \u00e9quilibr\u00e9. Parfait pour les amateurs de bon go\u00fbt et d'effets durables, avec une teneur en THC allant jusqu'\u00e0 28 %.","_links":{"self":[{"href":"https:\/\/bulkgenetics.com\/fr\/wp-json\/wp\/v2\/product\/23606","targetHints":{"allow":["GET"]}}],"collection":[{"href":"https:\/\/bulkgenetics.com\/fr\/wp-json\/wp\/v2\/product"}],"about":[{"href":"https:\/\/bulkgenetics.com\/fr\/wp-json\/wp\/v2\/types\/product"}],"replies":[{"embeddable":true,"href":"https:\/\/bulkgenetics.com\/fr\/wp-json\/wp\/v2\/comments?post=23606"}],"wp:featuredmedia":[{"embeddable":true,"href":"https:\/\/bulkgenetics.com\/fr\/wp-json\/wp\/v2\/media\/23595"}],"wp:attachment":[{"href":"https:\/\/bulkgenetics.com\/fr\/wp-json\/wp\/v2\/media?parent=23606"}],"wp:term":[{"taxonomy":"product_brand","embeddable":true,"href":"https:\/\/bulkgenetics.com\/fr\/wp-json\/wp\/v2\/product_brand?post=23606"},{"taxonomy":"product_cat","embeddable":true,"href":"https:\/\/bulkgenetics.com\/fr\/wp-json\/wp\/v2\/product_cat?post=23606"},{"taxonomy":"product_tag","embeddable":true,"href":"https:\/\/bulkgenetics.com\/fr\/wp-json\/wp\/v2\/product_tag?post=23606"}],"curies":[{"name":"wp","href":"https:\/\/api.w.org\/{rel}","templated":true}]}}