{"id":23853,"date":"2024-04-25T12:40:47","date_gmt":"2024-04-25T10:40:47","guid":{"rendered":"https:\/\/bulkgenetics.com\/?post_type=product&#038;p=23853"},"modified":"2024-10-08T01:08:48","modified_gmt":"2024-10-07T23:08:48","slug":"oreoz-x-spritzer","status":"publish","type":"product","link":"https:\/\/bulkgenetics.com\/fr\/oreoz-x-spritzer\/","title":{"rendered":"Oreoz x Spritzer"},"content":{"rendered":"\n<p>Imagine un croisement o\u00f9 la puissance et l&#8217;unicit\u00e9 se rejoignent, ce qui donne une vari\u00e9t\u00e9 qui est le r\u00eave de tout amateur de cannabis. C&#8217;est exactement ce que tu obtiens avec <strong>Oreoz x Spritzer<\/strong>, une combinaison g\u00e9n\u00e9tique audacieuse qui apporte le meilleur des deux mondes : l&#8217;intensit\u00e9 d&#8217;Oreoz et la sophistication de Spritzer.<\/p>\n\n\n\n<p>Oreoz, connu pour ses bourgeons qui ressemblent \u00e0 de petits rochers de chocolat noir, descend de la g\u00e9n\u00e9tique robuste de Secret Weapon et Cookies and Cream, tandis que Spritzer, avec son h\u00e9ritage de Runtz, Grape Pie et MAC, est connu pour sa teneur \u00e9lev\u00e9e en THC et ses bourgeons qui ressemblent \u00e0 de petites \u0153uvres d&#8217;art. Cette combinaison permet d&#8217;obtenir une plante de taille moyenne, robuste et r\u00e9sistante, id\u00e9ale pour les cultivateurs novices et exp\u00e9riment\u00e9s.<\/p>\n\n\n\n<h2 class=\"wp-block-heading\">Effets et go\u00fbt<\/h2>\n\n\n\n<p>La rencontre entre Oreoz et Spritzer n&#8217;est pas seulement un r\u00e9gal pour les yeux, mais aussi pour le palais. Les consommateurs d\u00e9crivent son go\u00fbt comme une danse de chocolat amer avec des notes de baies et une finale d&#8217;agrumes, le tout envelopp\u00e9 dans une fum\u00e9e dense et cr\u00e9meuse.  <\/p>\n\n\n\n<p>Mais ce qui distingue vraiment les <strong>graines Oreoz x Spritzer<\/strong>, c&#8217;est leur effet puissant. Avec des taux de THC pouvant atteindre 32 %, cette vari\u00e9t\u00e9 offre une exp\u00e9rience euphorisante et profond\u00e9ment relaxante, parfaite pour terminer la journ\u00e9e et accueillir des moments de tranquillit\u00e9 et de bien-\u00eatre.<\/p>\n\n\n\n<h2 class=\"wp-block-heading\">Production et p\u00e9riode de floraison<\/h2>\n\n\n\n<p>Oreoz x Spritzer est une vari\u00e9t\u00e9 qui offre des rendements g\u00e9n\u00e9reux aussi bien \u00e0 l&#8217;int\u00e9rieur qu&#8217;\u00e0 l&#8217;ext\u00e9rieur. Dans un environnement int\u00e9rieur contr\u00f4l\u00e9, les cultivateurs peuvent esp\u00e9rer obtenir jusqu&#8217;\u00e0 550 grammes par m\u00e8tre carr\u00e9, en profitant de techniques telles que le LST ou le ScrOG pour maximiser la lumi\u00e8re sur tous les bourgeons.  <\/p>\n\n\n\n<p>\u00c0 l&#8217;ext\u00e9rieur, cette vari\u00e9t\u00e9 robuste se r\u00e9pand plus librement, atteignant des rendements impressionnants allant jusqu&#8217;\u00e0 1 kg par plante, en particulier dans les climats temp\u00e9r\u00e9s qui simulent son habitat id\u00e9al. Cette production abondante en fait un excellent choix pour ceux qui recherchent un \u00e9quilibre entre quantit\u00e9 et qualit\u00e9 dans leurs cultures.<\/p>\n\n\n\n<p>Cette plante est un spectacle pendant sa phase de floraison, qui dure 8 \u00e0 9 semaines dans des conditions int\u00e9rieures optimales. \u00c0 l&#8217;ext\u00e9rieur, les cultivateurs peuvent s&#8217;attendre \u00e0 r\u00e9colter au d\u00e9but du mois d&#8217;octobre. Ses bourgeons sont denses et abondamment recouverts de trichomes, ce qui t\u00e9moigne visuellement de sa puissance. De plus, sa r\u00e9sistance aux parasites et aux maladies en fait un choix solide pour ceux qui recherchent la fiabilit\u00e9 dans leur jardin de cannabis.<\/p>\n\n\n\n<h2 class=\"wp-block-heading\">Comment cultiver Oreoz x Spritzer<\/h2>\n\n\n\n<p>Chez Bulk Genetics, nous pensons que fournir les meilleures informations \u00e0 nos cultivateurs est la cl\u00e9 du succ\u00e8s. Cultiver Oreoz x Spritzer peut \u00eatre une exp\u00e9rience enrichissante avec quelques conseils cl\u00e9s. Tout d&#8217;abord, cette vari\u00e9t\u00e9 pr\u00e9f\u00e8re un environnement bien \u00e9clair\u00e9 et contr\u00f4l\u00e9. Si tu optes pour une culture en int\u00e9rieur, veille \u00e0 maintenir au moins 20 heures de lumi\u00e8re pendant la phase v\u00e9g\u00e9tative pour favoriser une croissance vigoureuse.<\/p>\n\n\n\n<p>Les <strong>graines Oreoz x Spritzer<\/strong> poussent avec reconnaissance et s&#8217;adaptent bien aux climats chauds et temp\u00e9r\u00e9s. Cette r\u00e9sistance signifie moins de soucis pour le cultivateur et garantit un rendement g\u00e9n\u00e9reux, tant que ses besoins fondamentaux en lumi\u00e8re, en nutriments et en eau sont respect\u00e9s. Sa polyvalence dans diff\u00e9rentes techniques de culture, telles que LST ou ScrOG, permet de maximiser son rendement et de contr\u00f4ler sa croissance, ce qui est particuli\u00e8rement utile dans les espaces plus limit\u00e9s.<\/p>\n\n\n\n<p>Nous consid\u00e9rons qu&#8217;il est essentiel d&#8217;utiliser un substrat riche en nutriments, notamment du compost m\u00fbr, des turricules de vers, de l&#8217;argile et de la vermiculite. Cette combinaison am\u00e9liore le drainage et emp\u00eache le lessivage des nutriments, ce qui est essentiel pour maintenir la sant\u00e9 des plantes. Pendant la floraison, qui dure g\u00e9n\u00e9ralement 8 \u00e0 9 semaines, nous recommandons un environnement \u00e0 humidit\u00e9 contr\u00f4l\u00e9e pour \u00e9viter les moisissures, surtout \u00e0 l&#8217;approche de la r\u00e9colte.<\/p>\n\n\n\n<p>En ce qui concerne les techniques de dressage, Oreoz x Spritzer r\u00e9pond exceptionnellement bien au LST (Low Stress Training) et au ScrOG (Screen of Green). Ces techniques permettent non seulement de contr\u00f4ler la hauteur de la plante, mais aussi de maximiser l&#8217;exposition des bourgeons \u00e0 la lumi\u00e8re, augmentant ainsi leur potentiel de production. Ne t&#8217;inqui\u00e8te pas si tu es novice en la mati\u00e8re, la robustesse d&#8217;Oreoz x Spritzer te pardonnera quelques erreurs de d\u00e9butant.<\/p>\n\n\n\n<div style=\"height:50px\" aria-hidden=\"true\" class=\"wp-block-spacer uag-hide-mob\"><\/div>\n\n\n\n<div class=\"wp-block-columns is-layout-flex wp-container-core-columns-is-layout-28f84493 wp-block-columns-is-layout-flex\">\n<div class=\"wp-block-column is-layout-flow wp-block-column-is-layout-flow\">\n<p class=\"has-text-align-center has-medium-font-size\"><strong>Ce qui nous pla\u00eet le plus<\/strong><\/p>\n\n\n\n<ul class=\"wp-block-list\">\n<li>Sa r\u00e9sistance surprenante aux parasites et aux maladies le rend facile \u00e0 cultiver.<\/li>\n\n\n\n<li>L&#8217;ar\u00f4me complexe et le profil de saveur, qui combine des notes de chocolat amer avec des baies et un soup\u00e7on d&#8217;agrumes.<\/li>\n\n\n\n<li>Les effets puissants et durables sont parfaits pour se d\u00e9tendre apr\u00e8s une longue journ\u00e9e.<\/li>\n\n\n\n<li>La densit\u00e9 et la qualit\u00e9 de ses bourgeons, qui sont un spectacle visuel plein de trichomes.<\/li>\n<\/ul>\n<\/div>\n\n\n\n<div class=\"wp-block-column is-layout-flow wp-block-column-is-layout-flow\">\n<p class=\"has-text-align-center has-medium-font-size\"><strong>Ce que nous aimons le moins<\/strong><\/p>\n\n\n\n<ul class=\"wp-block-list\">\n<li>La n\u00e9cessit\u00e9 d&#8217;un contr\u00f4le strict de l&#8217;humidit\u00e9 pendant la floraison pour \u00e9viter les probl\u00e8mes de moisissure.<\/li>\n\n\n\n<li>Que ta culture peut \u00eatre un peu plus exigeante en termes de lumi\u00e8re et de nutriments, ce qui demande un peu plus d&#8217;attention et d&#8217;exp\u00e9rience.<\/li>\n<\/ul>\n<\/div>\n<\/div>\n\n\n\n<div style=\"height:50px\" aria-hidden=\"true\" class=\"wp-block-spacer uag-hide-mob\"><\/div>\n\n\n\n<h2 class=\"wp-block-heading\">Questions fr\u00e9quemment pos\u00e9es<\/h2>\n\n\n\n<p>Vous trouverez ci-dessous les r\u00e9ponses aux questions les plus fr\u00e9quemment pos\u00e9es par les cultivateurs int\u00e9ress\u00e9s par cette vari\u00e9t\u00e9 :<\/p>\n\n\n<div id=\"rank-math-faq\" class=\"rank-math-block\">\n<div class=\"rank-math-list \">\n<div id=\"faq-question-1663029074962\" class=\"rank-math-list-item\">\n<h3 class=\"rank-math-question \">Oreoz x Spritzer est-il sativa ou indica ?<\/h3>\n<div class=\"rank-math-answer \">\n\n<p>Oreoz x Spritzer est principalement une souche indica. Cela se refl\u00e8te dans sa structure compacte et ses effets profond\u00e9ment relaxants. Les vari\u00e9t\u00e9s indica, comme Oreoz x Spritzer, ont tendance \u00e0 \u00eatre plus courtes et plus touffues, ce qui est id\u00e9al pour la culture dans les petits espaces. De plus, ces vari\u00e9t\u00e9s ont souvent un effet relaxant et s\u00e9datif, tr\u00e8s recherch\u00e9 pour la d\u00e9tente nocturne. Les Sativas, en revanche, sont g\u00e9n\u00e9ralement plus grandes, avec une p\u00e9riode de floraison plus longue et des effets plus stimulants et c\u00e9r\u00e9braux, id\u00e9aux pour une utilisation en journ\u00e9e.<\/p>\n\n<\/div>\n<\/div>\n<div id=\"faq-question-1663029159933\" class=\"rank-math-list-item\">\n<h3 class=\"rank-math-question \">Quel taux de THC Oreoz x Spritzer peut-il atteindre ?<\/h3>\n<div class=\"rank-math-answer \">\n\n<p>La souche Oreoz x Spritzer est connue pour sa forte teneur en THC, qui peut atteindre jusqu&#8217;\u00e0 32 % dans des conditions de culture optimales. Cela le rend particuli\u00e8rement puissant et adapt\u00e9 aux utilisateurs ayant une tol\u00e9rance \u00e9lev\u00e9e au THC et qui recherchent des effets puissants et durables.<\/p>\n\n<\/div>\n<\/div>\n<div id=\"faq-question-1663029165861\" class=\"rank-math-list-item\">\n<h3 class=\"rank-math-question \">Quelle est la p\u00e9riode de floraison de Oreoz x Spritzer ?<\/h3>\n<div class=\"rank-math-answer \">\n\n<p>Oreoz x Spritzer termine g\u00e9n\u00e9ralement son cycle de floraison en 8 \u00e0 9 semaines environ lorsqu&#8217;il est cultiv\u00e9 \u00e0 l&#8217;int\u00e9rieur. \u00c0 l&#8217;ext\u00e9rieur, les cultivateurs peuvent s&#8217;attendre \u00e0 r\u00e9colter au d\u00e9but du mois d&#8217;octobre. Ce temps de floraison relativement court est id\u00e9al pour les cultivateurs qui veulent voir des r\u00e9sultats rapides sans compromettre la qualit\u00e9 ou la puissance.<\/p>\n\n<\/div>\n<\/div>\n<div id=\"faq-question-1666780029954\" class=\"rank-math-list-item\">\n<h3 class=\"rank-math-question \">Oreoz x Spritzer convient-il aux cultivateurs d\u00e9butants ?<\/h3>\n<div class=\"rank-math-answer \">\n\n<p>Bien qu&#8217;Oreoz x Spritzer soit r\u00e9sistant aux parasites et aux maladies, sa culture n\u00e9cessite un contr\u00f4le minutieux des conditions, notamment en termes de lumi\u00e8re et d&#8217;humidit\u00e9. Cela peut repr\u00e9senter un d\u00e9fi pour les cultivateurs novices. Cependant, en faisant preuve de diligence et en suivant nos recommandations de culture, m\u00eame un d\u00e9butant peut r\u00e9ussir avec cette vari\u00e9t\u00e9.<\/p>\n\n<\/div>\n<\/div>\n<div id=\"faq-question-1713349304979\" class=\"rank-math-list-item\">\n<h3 class=\"rank-math-question \">Comment dois-je conserver les graines Oreoz x Spritzer pour garantir leur viabilit\u00e9 ?<\/h3>\n<div class=\"rank-math-answer \">\n\n<p>Pour maintenir la viabilit\u00e9 des graines Oreoz x Spritzer, il est crucial de les conserver dans un endroit frais et sec. Des temp\u00e9ratures basses constantes et une faible humidit\u00e9 sont essentielles pour prolonger la dur\u00e9e de conservation des graines. Nous te conseillons de les conserver dans un r\u00e9cipient herm\u00e9tique, \u00e9ventuellement au r\u00e9frig\u00e9rateur, si tu ne pr\u00e9vois pas de les cultiver imm\u00e9diatement.<\/p>\n\n<\/div>\n<\/div>\n<\/div>\n<\/div>","protected":false},"excerpt":{"rendered":"<p><b>Oreoz x Spritzer<\/b> se d\u00e9marque dans n&#8217;importe quel jardin avec ses <strong>rendements impressionnants<\/strong> et ses <strong>taux de THC allant jusqu&#8217;\u00e0 32 %<\/strong>. Id\u00e9ale pour les cultivateurs \u00e0 la recherche de rendements \u00e9lev\u00e9s en int\u00e9rieur comme en ext\u00e9rieur, cette vari\u00e9t\u00e9 garantit une <strong>exp\u00e9rience incroyable<\/strong> et des <strong>saveurs d\u00e9licieuses<\/strong> qui satisferont les palais les plus exigeants.<\/p>\n","protected":false},"featured_media":23837,"comment_status":"open","ping_status":"closed","template":"","meta":{"_acf_changed":false,"inline_featured_image":false,"_uag_custom_page_level_css":""},"product_brand":[],"product_cat":[1125],"product_tag":[],"class_list":{"0":"post-23853","1":"product","2":"type-product","3":"status-publish","4":"has-post-thumbnail","6":"product_cat-graines-feminisees-en-gros","8":"first","9":"instock","10":"taxable","11":"shipping-taxable","12":"purchasable","13":"product-type-simple"},"acf":[],"uagb_featured_image_src":{"full":["https:\/\/bulkgenetics.com\/wp-content\/uploads\/2024\/04\/oreoz-x-spritzer-strain-seeds.jpg",1600,1600,false],"thumbnail":["https:\/\/bulkgenetics.com\/wp-content\/uploads\/2024\/04\/oreoz-x-spritzer-strain-seeds-150x150.jpg",150,150,true],"medium":["https:\/\/bulkgenetics.com\/wp-content\/uploads\/2024\/04\/oreoz-x-spritzer-strain-seeds-300x300.jpg",300,300,true],"medium_large":["https:\/\/bulkgenetics.com\/wp-content\/uploads\/2024\/04\/oreoz-x-spritzer-strain-seeds-768x768.jpg",768,768,true],"large":["https:\/\/bulkgenetics.com\/wp-content\/uploads\/2024\/04\/oreoz-x-spritzer-strain-seeds-1024x1024.jpg",1024,1024,true],"1536x1536":["https:\/\/bulkgenetics.com\/wp-content\/uploads\/2024\/04\/oreoz-x-spritzer-strain-seeds-1536x1536.jpg",1536,1536,true],"2048x2048":["https:\/\/bulkgenetics.com\/wp-content\/uploads\/2024\/04\/oreoz-x-spritzer-strain-seeds.jpg",1600,1600,false],"commercegurus-pdp-large":["https:\/\/bulkgenetics.com\/wp-content\/uploads\/2024\/04\/oreoz-x-spritzer-strain-seeds-990x990.jpg",990,990,true],"commercegurus-plp-mobile":["https:\/\/bulkgenetics.com\/wp-content\/uploads\/2024\/04\/oreoz-x-spritzer-strain-seeds-441x441.jpg",441,441,true],"cgkit_image_swatch":["https:\/\/bulkgenetics.com\/wp-content\/uploads\/2024\/04\/oreoz-x-spritzer-strain-seeds-100x100.jpg",100,100,true],"woocommerce_thumbnail":["https:\/\/bulkgenetics.com\/wp-content\/uploads\/2024\/04\/oreoz-x-spritzer-strain-seeds-300x300.jpg",300,300,true],"woocommerce_single":["https:\/\/bulkgenetics.com\/wp-content\/uploads\/2024\/04\/oreoz-x-spritzer-strain-seeds-800x800.jpg",800,800,true],"woocommerce_gallery_thumbnail":["https:\/\/bulkgenetics.com\/wp-content\/uploads\/2024\/04\/oreoz-x-spritzer-strain-seeds-150x150.jpg",150,150,true],"dgwt-wcas-product-suggestion":["https:\/\/bulkgenetics.com\/wp-content\/uploads\/2024\/04\/oreoz-x-spritzer-strain-seeds-64x64.jpg",64,64,true]},"uagb_author_info":{"display_name":"\u00c1ngel Flores","author_link":"https:\/\/bulkgenetics.com\/fr\/author\/"},"uagb_comment_info":0,"uagb_excerpt":"Oreoz x Spritzer se d\u00e9marque dans n'importe quel jardin avec ses rendements impressionnants et ses taux de THC allant jusqu'\u00e0 32 %. Id\u00e9ale pour les cultivateurs \u00e0 la recherche de rendements \u00e9lev\u00e9s en int\u00e9rieur comme en ext\u00e9rieur, cette vari\u00e9t\u00e9 garantit une exp\u00e9rience incroyable et des saveurs d\u00e9licieuses qui satisferont les palais les plus exigeants.","_links":{"self":[{"href":"https:\/\/bulkgenetics.com\/fr\/wp-json\/wp\/v2\/product\/23853","targetHints":{"allow":["GET"]}}],"collection":[{"href":"https:\/\/bulkgenetics.com\/fr\/wp-json\/wp\/v2\/product"}],"about":[{"href":"https:\/\/bulkgenetics.com\/fr\/wp-json\/wp\/v2\/types\/product"}],"replies":[{"embeddable":true,"href":"https:\/\/bulkgenetics.com\/fr\/wp-json\/wp\/v2\/comments?post=23853"}],"wp:featuredmedia":[{"embeddable":true,"href":"https:\/\/bulkgenetics.com\/fr\/wp-json\/wp\/v2\/media\/23837"}],"wp:attachment":[{"href":"https:\/\/bulkgenetics.com\/fr\/wp-json\/wp\/v2\/media?parent=23853"}],"wp:term":[{"taxonomy":"product_brand","embeddable":true,"href":"https:\/\/bulkgenetics.com\/fr\/wp-json\/wp\/v2\/product_brand?post=23853"},{"taxonomy":"product_cat","embeddable":true,"href":"https:\/\/bulkgenetics.com\/fr\/wp-json\/wp\/v2\/product_cat?post=23853"},{"taxonomy":"product_tag","embeddable":true,"href":"https:\/\/bulkgenetics.com\/fr\/wp-json\/wp\/v2\/product_tag?post=23853"}],"curies":[{"name":"wp","href":"https:\/\/api.w.org\/{rel}","templated":true}]}}