{"id":24019,"date":"2024-04-30T11:52:03","date_gmt":"2024-04-30T09:52:03","guid":{"rendered":"https:\/\/bulkgenetics.com\/?post_type=product&#038;p=24019"},"modified":"2024-10-08T01:08:48","modified_gmt":"2024-10-07T23:08:48","slug":"gary-payton-og","status":"publish","type":"product","link":"https:\/\/bulkgenetics.com\/fr\/gary-payton-og\/","title":{"rendered":"Gary Payton OG"},"content":{"rendered":"\n<p><strong>Gary Payton OG<\/strong>, une vari\u00e9t\u00e9 nomm\u00e9e d&#8217;apr\u00e8s une l\u00e9gende du basket-ball, n&#8217;est pas moins l\u00e9gendaire dans le monde du cannabis. Cette g\u00e9n\u00e9tique est un croisement de la Gary Payton prim\u00e9e et de la c\u00e9l\u00e8bre OG Kush.<\/p>\n\n\n\n<p>Le Gary Payton original est n\u00e9 d&#8217;une collaboration entre Cookies et Kenny Dumetz de Powerzzzup Genetics et est l&#8217;une des <strong>graines de marijuana<\/strong> les plus recherch\u00e9es. Fruit d&#8217;un croisement entre The Y et Snowman, Gary Payton s&#8217;est fait une place d&#8217;honneur en remportant de multiples prix lors de comp\u00e9titions de cannabis, notamment la premi\u00e8re place \u00e0 l&#8217;Errl Cup en Arizona en 2022 et la deuxi\u00e8me place \u00e0 l&#8217;Emerald Cup la m\u00eame ann\u00e9e.<\/p>\n\n\n\n<p>En termes d&#8217;apparence, <strong>Gary Payton x OG Kush<\/strong> conserve une structure robuste et compacte. Malgr\u00e9 sa g\u00e9n\u00e9tique \u00e0 dominante sativa, c&#8217;est son c\u00f4t\u00e9 indica qui prend le dessus en mati\u00e8re de morphologie, offrant un motif de grandes feuilles denses en \u00e9ventail. Sa palette de couleurs spectaculaire, o\u00f9 les nuances de vert et de violet s&#8217;entrem\u00ealent avec une couverture pro\u00e9minente de pistils orange, fait ressembler chaque bourgeon \u00e0 une petite \u0153uvre d&#8217;art.<\/p>\n\n\n\n<p>Les utilisateurs d\u00e9crivent ses bourgeons comme compacts et pleins de trichomes, offrant une exp\u00e9rience visuelle aussi agr\u00e9able que son effet. Parfaitement s\u00e9ch\u00e9s, les bourgeons sont doux au toucher et exempts d&#8217;humidit\u00e9 excessive, ce qui garantit une fum\u00e9e sup\u00e9rieure et une saveur in\u00e9gal\u00e9e. Ceux qui ont eu le plaisir de l&#8217;essayer le d\u00e9crivent comme l&#8217;un de leurs pr\u00e9f\u00e9r\u00e9s, notant un \u00e9quilibre id\u00e9al entre l&#8217;euphorie c\u00e9r\u00e9brale et la d\u00e9tente physique.<\/p>\n\n\n\n<h2 class=\"wp-block-heading\">Go\u00fbt et effets<\/h2>\n\n\n\n<p>Le <strong>Gary Payton OG<\/strong> est un r\u00e9gal pour les sens. Son ar\u00f4me unique peut te rappeler des biscuits fra\u00eechement sortis du four, gr\u00e2ce \u00e0 une combinaison intrigante de terp\u00e8nes tels que le bisabolol et l&#8217;humul\u00e8ne. Le go\u00fbt est tout aussi distinctif, \u00e9voquant des notes sucr\u00e9es et fruit\u00e9es, avec une r\u00e9miniscence particuli\u00e8re de melon et un sous-entendu que certains comparent au populaire Runtz S1.<\/p>\n\n\n\n<p>En termes d&#8217;effets, cette souche remporte les f\u00e9licitations pour sa capacit\u00e9 \u00e0 fournir une d\u00e9fonce \u00e9quilibr\u00e9e. Id\u00e9ale \u00e0 tout moment de la journ\u00e9e, <strong>Gary Payton x OG Kush<\/strong> commence sa magie par un effet mental clair et euphorique, suivi d&#8217;une relaxation profonde qui envahit bient\u00f4t le corps. Avec un taux de THC d&#8217;environ 23 %, cette vari\u00e9t\u00e9 offre une exp\u00e9rience puissante mais g\u00e9rable avec presque pas de CBD, ce qui la rend parfaite pour les novices (avec mod\u00e9ration) et les v\u00e9t\u00e9rans \u00e0 la recherche d&#8217;une exp\u00e9rience compl\u00e8te et agr\u00e9able.<\/p>\n\n\n\n<h2 class=\"wp-block-heading\">Production et p\u00e9riode de floraison<\/h2>\n\n\n\n<p><strong>Gary Payton OG Kush<\/strong> se distingue non seulement par sa qualit\u00e9, mais aussi par son rendement. En int\u00e9rieur, cette souche r\u00e9pond exceptionnellement bien aux techniques de formation telles que la taille apicale, maximisant ainsi la production de bourgeons. Dans des conditions optimales, il peut atteindre des <strong>rendements allant jusqu&#8217;\u00e0 500g\/m\u00b2<\/strong>. Sa p\u00e9riode de floraison est relativement courte, allant de 8 \u00e0 9 semaines, ce qui en fait une option int\u00e9ressante pour ceux qui recherchent l&#8217;efficacit\u00e9 sans sacrifier la qualit\u00e9.<\/p>\n\n\n\n<p>\u00c0 l&#8217;ext\u00e9rieur, le <strong>Gary Payton OG<\/strong> convient mieux aux climats chauds et humides, comme son environnement d&#8217;origine. Bien que l&#8217;on dispose de moins d&#8217;informations sur la culture en ext\u00e9rieur par rapport \u00e0 la culture en int\u00e9rieur, elle d\u00e9veloppe g\u00e9n\u00e9ralement une structure plus haute et plus touffue, caract\u00e9ristique des sativas, et produit des r\u00e9coltes abondantes. Les producteurs peuvent s&#8217;attendre \u00e0 r\u00e9colter au d\u00e9but du mois d&#8217;octobre, avec des rendements qui peuvent \u00eatre aussi g\u00e9n\u00e9reux que <strong>850g par plante<\/strong>.<\/p>\n\n\n\n<p>Cette polyvalence dans diff\u00e9rents environnements de culture, associ\u00e9e \u00e0 un profil de floraison et de production attrayant, fait de la <strong>Gary Payton OG<\/strong> un excellent choix pour les cultivateurs novices et exp\u00e9riment\u00e9s qui cherchent \u00e0 maximiser leur rendement sans compromettre la qualit\u00e9 du produit final.<\/p>\n\n\n\n<h2 class=\"wp-block-heading\">Comment cultiver le Gary Payton OG<\/h2>\n\n\n\n<p>D&#8217;apr\u00e8s notre exp\u00e9rience, nous pouvons dire que la culture de <strong>Gary Payton OG<\/strong> est tout \u00e0 fait abordable. Cette vari\u00e9t\u00e9 pr\u00e9sente une difficult\u00e9 de culture faible \u00e0 moyenne, ce qui la rend id\u00e9ale pour les cultivateurs novices et experts. Il appr\u00e9cie particuli\u00e8rement les conditions climatiques chaudes et humides, refl\u00e9tant sa g\u00e9n\u00e9tique tropicale inh\u00e9rente.<\/p>\n\n\n\n<p>En termes de r\u00e9sistance, Gary Payton OG fait preuve d&#8217;une bonne capacit\u00e9 d&#8217;adaptation aux parasites et aux maladies les plus courants. Cependant, il est crucial de maintenir un contr\u00f4le ad\u00e9quat de l&#8217;humidit\u00e9, en particulier dans les environnements int\u00e9rieurs, pour \u00e9viter le d\u00e9veloppement de moisissures. Une ventilation ad\u00e9quate et une gestion minutieuse de la d\u00e9foliation permettront de maintenir un environnement optimal pour leur d\u00e9veloppement.<\/p>\n\n\n\n<h2 class=\"wp-block-heading\">Points de vue de Gary Payton OG<\/h2>\n\n\n\n<blockquote class=\"wp-block-quote is-layout-flow wp-block-quote-is-layout-flow\">\n<p>&#8220;Depuis que j&#8217;ai essay\u00e9 la Gary Payton OG, elle est devenue ma pr\u00e9f\u00e9r\u00e9e pour les r\u00e9unions sociales. Le high est juste assez puissant pour me rendre euphorique, mais pas trop &#8211; et ce go\u00fbt sucr\u00e9 est inoubliable !&#8221;<\/p>\n<\/blockquote>\n\n\n\n<blockquote class=\"wp-block-quote is-layout-flow wp-block-quote-is-layout-flow\">\n<p>&#8220;En tant que cultivateur, j&#8217;ai \u00e9t\u00e9 impressionn\u00e9 par la facilit\u00e9 de gestion de la Gary Payton OG. Non seulement elle est r\u00e9sistante et facile \u00e0 entretenir, mais elle produit \u00e9galement des bourgeons denses et r\u00e9sineux. La qualit\u00e9 et la quantit\u00e9 de la r\u00e9colte ne cessent de m&#8217;\u00e9tonner.&#8221;<\/p>\n<\/blockquote>\n\n\n\n<blockquote class=\"wp-block-quote is-layout-flow wp-block-quote-is-layout-flow\">\n<p>&#8220;L&#8217;ar\u00f4me est la premi\u00e8re chose qui te saisit ; c&#8217;est comme si tu entrais dans une boulangerie. Mais c&#8217;est l&#8217;effet relaxant et durable qui fait vraiment de la Gary Payton OG une star. C&#8217;est mon choix id\u00e9al pour me d\u00e9tendre apr\u00e8s une longue journ\u00e9e de travail.&#8221;<\/p>\n<\/blockquote>\n\n\n\n<div style=\"height:50px\" aria-hidden=\"true\" class=\"wp-block-spacer uag-hide-mob\"><\/div>\n\n\n\n<div class=\"wp-block-columns is-layout-flex wp-container-core-columns-is-layout-28f84493 wp-block-columns-is-layout-flex\">\n<div class=\"wp-block-column is-layout-flow wp-block-column-is-layout-flow\">\n<p class=\"has-text-align-center has-medium-font-size\"><strong>Ce qui nous pla\u00eet le plus<\/strong><\/p>\n\n\n\n<ul class=\"wp-block-list\">\n<li>Son effet euphorique et relaxant \u00e9quilibr\u00e9 est id\u00e9al \u00e0 tout moment de la journ\u00e9e.<\/li>\n\n\n\n<li>Le profil de saveur unique et complexe, avec des notes sucr\u00e9es et terreuses qui capturent l&#8217;essence de ses terp\u00e8nes pr\u00e9dominants.<\/li>\n\n\n\n<li>Facilit\u00e9 de culture, avec son temps de floraison court et son adaptabilit\u00e9 \u00e0 diff\u00e9rentes techniques de formation.<\/li>\n<\/ul>\n<\/div>\n\n\n\n<div class=\"wp-block-column is-layout-flow wp-block-column-is-layout-flow\">\n<p class=\"has-text-align-center has-medium-font-size\"><strong>Ce que nous aimons le moins<\/strong><\/p>\n\n\n\n<ul class=\"wp-block-list\">\n<li>Leur besoin de g\u00e9rer soigneusement l&#8217;humidit\u00e9, ce qui peut n\u00e9cessiter un peu plus d&#8217;attention pour \u00e9viter les probl\u00e8mes de champignons.<\/li>\n\n\n\n<li>La gestion de leur croissance verticale dans des espaces limit\u00e9s, n\u00e9cessitant des techniques de formation pour optimiser leur d\u00e9veloppement.<\/li>\n<\/ul>\n<\/div>\n<\/div>\n\n\n\n<div style=\"height:50px\" aria-hidden=\"true\" class=\"wp-block-spacer uag-hide-mob\"><\/div>\n\n\n\n<h2 class=\"wp-block-heading\">Questions fr\u00e9quemment pos\u00e9es \u00e0 propos de Gary Payton OG<br><\/h2>\n\n\n\n<p>Vous trouverez ci-dessous les r\u00e9ponses aux questions les plus fr\u00e9quemment pos\u00e9es par les cultivateurs int\u00e9ress\u00e9s par cette vari\u00e9t\u00e9 :<\/p>\n\n\n<div id=\"rank-math-faq\" class=\"rank-math-block\">\n<div class=\"rank-math-list \">\n<div id=\"faq-question-1663029074962\" class=\"rank-math-list-item\">\n<h3 class=\"rank-math-question \">Gary Payton OG est-il sativa ou indica ?<\/h3>\n<div class=\"rank-math-answer \">\n\n<p><strong>Gary Payton OG<\/strong> est techniquement un hybride, mais sa structure et ses effets sont \u00e0 dominante indica. Les plantes indica ont tendance \u00e0 \u00eatre plus compactes et touffues, id\u00e9ales pour ceux qui ont un espace limit\u00e9. De plus, les effets indica sont g\u00e9n\u00e9ralement plus relaxants et s\u00e9datifs, parfaits pour soulager le stress et passer une bonne nuit. En revanche, les sativas ont tendance \u00e0 pousser plus haut, avec un effet plus \u00e9nergisant et c\u00e9r\u00e9bral, plus adapt\u00e9 \u00e0 la journ\u00e9e ou aux activit\u00e9s cr\u00e9atives.<\/p>\n\n<\/div>\n<\/div>\n<div id=\"faq-question-1663029159933\" class=\"rank-math-list-item\">\n<h3 class=\"rank-math-question \">Quelle est la dur\u00e9e de floraison de la Gary Payton OG ?<\/h3>\n<div class=\"rank-math-answer \">\n\n<p>En int\u00e9rieur, la Gary Payton OG termine g\u00e9n\u00e9ralement sa floraison au bout de 8 \u00e0 9 semaines environ. S&#8217;il est cultiv\u00e9 en plein air, les producteurs peuvent s&#8217;attendre \u00e0 r\u00e9colter au d\u00e9but du mois d&#8217;octobre, profitant ainsi des conditions m\u00e9t\u00e9orologiques id\u00e9ales pour maximiser son potentiel.<\/p>\n\n<\/div>\n<\/div>\n<div id=\"faq-question-1663029165861\" class=\"rank-math-list-item\">\n<h3 class=\"rank-math-question \">Combien puis-je esp\u00e9rer r\u00e9colter de Gary Payton OG ?<\/h3>\n<div class=\"rank-math-answer \">\n\n<p>Dans des conditions de culture en int\u00e9rieur, Gary Payton OG peut produire jusqu&#8217;\u00e0 500g\/m\u00b2. En ext\u00e9rieur, dans de bonnes conditions, elle peut donner jusqu&#8217;\u00e0 850 g par plante. Ces rendements sont r\u00e9v\u00e9lateurs de sa robustesse g\u00e9n\u00e9tique et de sa capacit\u00e9 \u00e0 d\u00e9velopper une abondance de bourgeons denses et r\u00e9sineux.<\/p>\n\n<\/div>\n<\/div>\n<div id=\"faq-question-1666780029954\" class=\"rank-math-list-item\">\n<h3 class=\"rank-math-question \">Quelles sont les techniques de culture recommand\u00e9es pour Gary Payton OG ?<\/h3>\n<div class=\"rank-math-answer \">\n\n<p>Nous recommandons des techniques de formation telles que le LST (Low Stress Training) et la taille apicale pour contr\u00f4ler la croissance et maximiser la production de bourgeons. Ces techniques permettent non seulement de maintenir la plante \u00e0 une taille g\u00e9rable, en particulier dans les petits espaces, mais elles peuvent aussi augmenter consid\u00e9rablement le rendement des bourgeons.<\/p>\n\n<\/div>\n<\/div>\n<div id=\"faq-question-1713349304979\" class=\"rank-math-list-item\">\n<h3 class=\"rank-math-question \">Gary Payton OG convient-il aux cultivateurs d\u00e9butants ?<\/h3>\n<div class=\"rank-math-answer \">\n\n<p>Absolument, cette vari\u00e9t\u00e9 est assez tol\u00e9rante et facile \u00e0 manipuler, ce qui la rend id\u00e9ale pour ceux qui d\u00e9butent dans le monde de la culture du cannabis. Cependant, comme pour toute plante, des soins et une attention appropri\u00e9s am\u00e9lioreront consid\u00e9rablement les r\u00e9sultats.<\/p>\n\n<\/div>\n<\/div>\n<\/div>\n<\/div>","protected":false},"excerpt":{"rendered":"<p><b>Gary Payton OG<\/b> est un sublime croisement entre le Gary Payton prim\u00e9 et la c\u00e9l\u00e8bre OG Kush. Cette souche te captivera avec son <strong>go\u00fbt de biscuit fra\u00eechement cuit et ses l\u00e9g\u00e8res notes fruit\u00e9es<\/strong>. Avec des effets \u00e9quilibr\u00e9s qui combinent<strong> euphorie et relaxation<\/strong>, et un <strong>rendement g\u00e9n\u00e9reux<\/strong>, Gary Payton OG est un choix id\u00e9al pour tout amateur de cannabis.<\/p>\n","protected":false},"featured_media":24003,"comment_status":"open","ping_status":"closed","template":"","meta":{"_acf_changed":false,"inline_featured_image":false,"_uag_custom_page_level_css":""},"product_brand":[],"product_cat":[1125],"product_tag":[],"class_list":{"0":"post-24019","1":"product","2":"type-product","3":"status-publish","4":"has-post-thumbnail","6":"product_cat-graines-feminisees-en-gros","8":"first","9":"instock","10":"taxable","11":"shipping-taxable","12":"purchasable","13":"product-type-simple"},"acf":[],"uagb_featured_image_src":{"full":["https:\/\/bulkgenetics.com\/wp-content\/uploads\/2024\/04\/gary-payton-og-strain-feminized-seeds-1.jpg",1600,1600,false],"thumbnail":["https:\/\/bulkgenetics.com\/wp-content\/uploads\/2024\/04\/gary-payton-og-strain-feminized-seeds-1-150x150.jpg",150,150,true],"medium":["https:\/\/bulkgenetics.com\/wp-content\/uploads\/2024\/04\/gary-payton-og-strain-feminized-seeds-1-300x300.jpg",300,300,true],"medium_large":["https:\/\/bulkgenetics.com\/wp-content\/uploads\/2024\/04\/gary-payton-og-strain-feminized-seeds-1-768x768.jpg",768,768,true],"large":["https:\/\/bulkgenetics.com\/wp-content\/uploads\/2024\/04\/gary-payton-og-strain-feminized-seeds-1-1024x1024.jpg",1024,1024,true],"1536x1536":["https:\/\/bulkgenetics.com\/wp-content\/uploads\/2024\/04\/gary-payton-og-strain-feminized-seeds-1-1536x1536.jpg",1536,1536,true],"2048x2048":["https:\/\/bulkgenetics.com\/wp-content\/uploads\/2024\/04\/gary-payton-og-strain-feminized-seeds-1.jpg",1600,1600,false],"commercegurus-pdp-large":["https:\/\/bulkgenetics.com\/wp-content\/uploads\/2024\/04\/gary-payton-og-strain-feminized-seeds-1-990x990.jpg",990,990,true],"commercegurus-plp-mobile":["https:\/\/bulkgenetics.com\/wp-content\/uploads\/2024\/04\/gary-payton-og-strain-feminized-seeds-1-441x441.jpg",441,441,true],"cgkit_image_swatch":["https:\/\/bulkgenetics.com\/wp-content\/uploads\/2024\/04\/gary-payton-og-strain-feminized-seeds-1-100x100.jpg",100,100,true],"woocommerce_thumbnail":["https:\/\/bulkgenetics.com\/wp-content\/uploads\/2024\/04\/gary-payton-og-strain-feminized-seeds-1-300x300.jpg",300,300,true],"woocommerce_single":["https:\/\/bulkgenetics.com\/wp-content\/uploads\/2024\/04\/gary-payton-og-strain-feminized-seeds-1-800x800.jpg",800,800,true],"woocommerce_gallery_thumbnail":["https:\/\/bulkgenetics.com\/wp-content\/uploads\/2024\/04\/gary-payton-og-strain-feminized-seeds-1-150x150.jpg",150,150,true],"dgwt-wcas-product-suggestion":["https:\/\/bulkgenetics.com\/wp-content\/uploads\/2024\/04\/gary-payton-og-strain-feminized-seeds-1-64x64.jpg",64,64,true]},"uagb_author_info":{"display_name":"\u00c1ngel Flores","author_link":"https:\/\/bulkgenetics.com\/fr\/author\/"},"uagb_comment_info":0,"uagb_excerpt":"Gary Payton OG est un sublime croisement entre le Gary Payton prim\u00e9 et la c\u00e9l\u00e8bre OG Kush. Cette souche te captivera avec son go\u00fbt de biscuit fra\u00eechement cuit et ses l\u00e9g\u00e8res notes fruit\u00e9es. Avec des effets \u00e9quilibr\u00e9s qui combinent euphorie et relaxation, et un rendement g\u00e9n\u00e9reux, Gary Payton OG est un choix id\u00e9al pour tout\u2026","_links":{"self":[{"href":"https:\/\/bulkgenetics.com\/fr\/wp-json\/wp\/v2\/product\/24019","targetHints":{"allow":["GET"]}}],"collection":[{"href":"https:\/\/bulkgenetics.com\/fr\/wp-json\/wp\/v2\/product"}],"about":[{"href":"https:\/\/bulkgenetics.com\/fr\/wp-json\/wp\/v2\/types\/product"}],"replies":[{"embeddable":true,"href":"https:\/\/bulkgenetics.com\/fr\/wp-json\/wp\/v2\/comments?post=24019"}],"wp:featuredmedia":[{"embeddable":true,"href":"https:\/\/bulkgenetics.com\/fr\/wp-json\/wp\/v2\/media\/24003"}],"wp:attachment":[{"href":"https:\/\/bulkgenetics.com\/fr\/wp-json\/wp\/v2\/media?parent=24019"}],"wp:term":[{"taxonomy":"product_brand","embeddable":true,"href":"https:\/\/bulkgenetics.com\/fr\/wp-json\/wp\/v2\/product_brand?post=24019"},{"taxonomy":"product_cat","embeddable":true,"href":"https:\/\/bulkgenetics.com\/fr\/wp-json\/wp\/v2\/product_cat?post=24019"},{"taxonomy":"product_tag","embeddable":true,"href":"https:\/\/bulkgenetics.com\/fr\/wp-json\/wp\/v2\/product_tag?post=24019"}],"curies":[{"name":"wp","href":"https:\/\/api.w.org\/{rel}","templated":true}]}}