{"id":24189,"date":"2024-05-08T12:00:13","date_gmt":"2024-05-08T10:00:13","guid":{"rendered":"https:\/\/bulkgenetics.com\/?post_type=product&#038;p=24189"},"modified":"2024-10-08T01:08:47","modified_gmt":"2024-10-07T23:08:47","slug":"rainbow-sherbet-11-x-og-kush","status":"publish","type":"product","link":"https:\/\/bulkgenetics.com\/fr\/rainbow-sherbet-11-x-og-kush\/","title":{"rendered":"Rainbow Sherbet 11 x OG Kush"},"content":{"rendered":"\n<p>La <strong>Rainbow Sherbet 11 x OG Kush<\/strong> est n\u00e9e d&#8217;un croisement magique entre la <strong>vari\u00e9t\u00e9 Rainbow Sherbet 11<\/strong> et la l\u00e9gendaire OG Kush <strong><a href=\"https:\/\/bulkgenetics.com\/fr\/og-kush\/\" data-type=\"product\" data-id=\"146\">OG Kush<\/a><\/strong>. Cette union de lign\u00e9es a donn\u00e9 naissance \u00e0 une plante robuste qui h\u00e9rite du meilleur des deux mondes, encapsulant la richesse g\u00e9n\u00e9tique contemporaine du cannabis. Du <strong>Rainbow Sherbet 11<\/strong> \u00e9galement connu sous le nom de <strong>RS11<\/strong>, il h\u00e9rite de son <strong>profil de saveur unique<\/strong> et de son <strong>effet \u00e9quilibr\u00e9<\/strong>.<\/p>\n\n\n\n<p><strong>Rainbow Sherbet #11 x OG Kush<\/strong> a gagn\u00e9 en popularit\u00e9 parmi les cultivateurs pour ses rendements impressionnants, h\u00e9rit\u00e9s de son c\u00f4t\u00e9 OG Kush, atteignant <strong>600 g\/m\u00b2<\/strong> en int\u00e9rieur et jusqu&#8217;\u00e0 <strong>900 grammes par plante<\/strong> en ext\u00e9rieur. De plus, sa r\u00e9sistance aux moisissures et aux parasites en fait un choix id\u00e9al pour les cultivateurs de tous niveaux.<\/p>\n\n\n\n<p><strong>Rainbow Sherbet 11 x OG Kush<\/strong> est un excellent choix pour ceux qui recherchent une vari\u00e9t\u00e9 facile \u00e0 cultiver, des rendements \u00e9lev\u00e9s et un profil de saveur d\u00e9licieux avec des effets \u00e9quilibr\u00e9s. Cet hybride <strong>\u00e0 70 % \u00e0 dominance indica<\/strong> fleurit fortement, offrant des bourgeons denses et compacts couverts de teintes bleu-vert et des pistils orange qui se d\u00e9tachent comme des joyaux parmi une couverture de trichomes cristallins.<\/p>\n\n\n\n<h2 class=\"wp-block-heading\">Go\u00fbt et effets<\/h2>\n\n\n\n<p>Lorsque tu essaies le <strong>Rainbow Sherbet 11 x OG Kush<\/strong>, tu t&#8217;embarques pour un voyage sensoriel. Ses saveurs douces et fruit\u00e9es rappellent une symphonie de <strong>baies<\/strong> et de <strong>cerises<\/strong>, envelopp\u00e9es d&#8217;un nuage de <strong>miel<\/strong> et d&#8217;une touche d&#8217;<strong>agrumes<\/strong> qui caresse le palais. Chaque inhalation est une \u00e9treinte chaleureuse de nuances sucr\u00e9es et terreuses, compl\u00e9t\u00e9e par un ar\u00f4me \u00e9pic\u00e9 qui m\u00e9lange le <strong>poivre<\/strong> et le <strong>pin<\/strong> avec des notes de <strong>citron acide<\/strong> et de <strong>diesel<\/strong>. Imagine une for\u00eat d&#8217;automne apr\u00e8s la pluie, le tout envelopp\u00e9 d&#8217;un parfum enivrant.<\/p>\n\n\n\n<p>En termes d&#8217;effets, cette souche ne d\u00e9\u00e7oit pas. Avec une teneur en <strong>THC de plus de 30 %<\/strong>, il t&#8217;entra\u00eene dans un \u00e9tat de relaxation profonde qui se transforme rapidement en un <strong>high c\u00e9r\u00e9bral d&#8217;\u00e9nergie cr\u00e9ative<\/strong> et de <strong>bonheur<\/strong>. Parfait pour les moments de r\u00e9flexion, il t&#8217;enveloppe d&#8217;une couverture de s\u00e9r\u00e9nit\u00e9 tout en gardant l&#8217;esprit clair et alerte. Ses effets puissants sont id\u00e9aux pour lutter contre le <strong>stress<\/strong>, la <strong>d\u00e9pression<\/strong> et la <strong>douleur chronique<\/strong>, agissant comme un rempart de calme et de s\u00e9r\u00e9nit\u00e9 au milieu de la temp\u00eate de l&#8217;anxi\u00e9t\u00e9.<\/p>\n\n\n\n<h2 class=\"wp-block-heading\">Production et p\u00e9riode de floraison<\/h2>\n\n\n\n<p><strong>Rainbow Sherbet 11 x OG Kush<\/strong> brille par son rendement. En int\u00e9rieur, gr\u00e2ce \u00e0 son h\u00e9ritage OG Kush, il peut fournir jusqu&#8217;\u00e0 <strong>600 g\/m\u00b2<\/strong> avec la bonne technique. \u00c0 l&#8217;ext\u00e9rieur, cette souche n&#8217;est pas en reste, atteignant jusqu&#8217;\u00e0 <strong>900 grammes par plante<\/strong> dans des conditions optimales, en particulier dans les climats chauds et ensoleill\u00e9s.<\/p>\n\n\n\n<p>En termes de temps de floraison, cette souche se r\u00e9v\u00e8le rapide et efficace. \u00c0 l&#8217;int\u00e9rieur, <strong>Rainbow Sherbet 11 x OG Kush<\/strong> termine son cycle en <strong>63 jours<\/strong> environ, ce qui en fait un excellent choix pour les cultivateurs qui cherchent \u00e0 rentabiliser rapidement leur investissement. \u00c0 l&#8217;ext\u00e9rieur, il est pr\u00eat \u00e0 \u00eatre r\u00e9colt\u00e9 entre la <strong>mi-octobre<\/strong> et la fin <strong>octobre<\/strong>, avec des bourgeons denses et r\u00e9sineux qui promettent un voyage sensoriel inoubliable.<\/p>\n\n\n\n<h2 class=\"wp-block-heading\">Comment cultiver la Rainbow Sherbet 11 x OG Kush ?<\/h2>\n\n\n\n<p>Chez Bulk Genetics, nous consid\u00e9rons que le <strong>Rainbow Sherbet 11 x OG Kush<\/strong> est mod\u00e9r\u00e9ment difficile \u00e0 cultiver, ce qui le rend adapt\u00e9 aux cultivateurs novices et exp\u00e9riment\u00e9s. Cependant, pour maximiser leur production et leur qualit\u00e9, nous recommandons l&#8217;utilisation de la taille, ainsi qu&#8217;une alimentation correcte avec des nutriments de qualit\u00e9.<\/p>\n\n\n\n<p>Cette vari\u00e9t\u00e9 prosp\u00e8re dans les climats chauds et ensoleill\u00e9s, mais s&#8217;adapte \u00e9galement bien aux environnements int\u00e9rieurs contr\u00f4l\u00e9s. Il est crucial de maintenir un bon \u00e9quilibre d&#8217;humidit\u00e9 et une ventilation ad\u00e9quate pour \u00e9viter le d\u00e9veloppement de moisissures et de maladies. La robustesse g\u00e9n\u00e9tique du <strong>Rainbow Sherbet 11 x OG Kush<\/strong> lui conf\u00e8re \u00e9galement une excellente r\u00e9sistance aux parasites et aux maladies courantes, ce qui le rend globalement facile \u00e0 g\u00e9rer.<\/p>\n\n\n\n<div style=\"height:50px\" aria-hidden=\"true\" class=\"wp-block-spacer uag-hide-mob\"><\/div>\n\n\n\n<div class=\"wp-block-columns is-layout-flex wp-container-core-columns-is-layout-28f84493 wp-block-columns-is-layout-flex\">\n<div class=\"wp-block-column is-layout-flow wp-block-column-is-layout-flow\">\n<p class=\"has-text-align-center has-medium-font-size\"><strong>Ce qui nous pla\u00eet le plus<\/strong><\/p>\n\n\n\n<ul class=\"wp-block-list\">\n<li>Sa production impressionnante de bourgeons denses et r\u00e9sineux.<\/li>\n\n\n\n<li>R\u00e9sistance inh\u00e9rente aux parasites et aux maladies, ce qui r\u00e9duit le besoin d&#8217;interventions chimiques.<\/li>\n<\/ul>\n<\/div>\n\n\n\n<div class=\"wp-block-column is-layout-flow wp-block-column-is-layout-flow\">\n<p class=\"has-text-align-center has-medium-font-size\"><strong>Ce que nous aimons le moins<\/strong><\/p>\n\n\n\n<ul class=\"wp-block-list\">\n<li>Elle n\u00e9cessite une attention constante au climat et \u00e0 l&#8217;humidit\u00e9, surtout dans les r\u00e9gions moins id\u00e9ales.<\/li>\n\n\n\n<li>La difficult\u00e9 mod\u00e9r\u00e9e de la culture peut d\u00e9courager les d\u00e9butants sans exp\u00e9rience pr\u00e9alable.<\/li>\n<\/ul>\n<\/div>\n<\/div>\n\n\n\n<div style=\"height:50px\" aria-hidden=\"true\" class=\"wp-block-spacer uag-hide-mob\"><\/div>\n\n\n\n<h2 class=\"wp-block-heading\">Questions fr\u00e9quemment pos\u00e9es<\/h2>\n\n\n\n<p>Vous trouverez ci-dessous les r\u00e9ponses aux questions les plus fr\u00e9quemment pos\u00e9es par les cultivateurs int\u00e9ress\u00e9s par cette vari\u00e9t\u00e9 :<\/p>\n\n\n<div id=\"rank-math-faq\" class=\"rank-math-block\">\n<div class=\"rank-math-list \">\n<div id=\"faq-question-1663029074962\" class=\"rank-math-list-item\">\n<h3 class=\"rank-math-question \">Rainbow Sherbet 11 x OG Kush est-il sativa ou indica ?<\/h3>\n<div class=\"rank-math-answer \">\n\n<p><strong>Rainbow Sherbet 11 x OG Kush<\/strong> est un hybride \u00e0 <strong>dominance 70 % indica<\/strong> et 30 % sativa. Cela signifie qu&#8217;il offre le meilleur des deux mondes, en combinant l&#8217;effet c\u00e9r\u00e9bral et exaltant des sativas avec la pierre corporelle relaxante et r\u00e9confortante des indicas.  <\/p>\n\n<\/div>\n<\/div>\n<div id=\"faq-question-1663029159933\" class=\"rank-math-list-item\">\n<h3 class=\"rank-math-question \">Quelle est la teneur en THC et en CBD du Rainbow Sherbet 11 x OG Kush ?<\/h3>\n<div class=\"rank-math-answer \">\n\n<p>La teneur en <strong>THC<\/strong> du <strong>Rainbow Sherbet 11 x OG Kush<\/strong> est sup\u00e9rieure \u00e0 <strong>30 %<\/strong>, ce qui offre un effet puissant tant sur le plan physique que mental. En ce qui concerne le <strong>CBD<\/strong>, cette souche en contient peu, ce qui contribue aux effets psychoactifs pr\u00e9dominants.<\/p>\n\n<\/div>\n<\/div>\n<div id=\"faq-question-1663029165861\" class=\"rank-math-list-item\">\n<h3 class=\"rank-math-question \">Combien de temps faut-il pour faire fleurir Rainbow Sherbet 11 x OG Kush ?<\/h3>\n<div class=\"rank-math-answer \">\n\n<p>Lorsqu&#8217;il est cultiv\u00e9 en int\u00e9rieur, le <strong>Rainbow Sherbet 11 x OG Kush<\/strong> met environ <strong>63 jours<\/strong> pour achever son cycle de floraison. Dans les cultures en plein air, il est pr\u00eat \u00e0 \u00eatre r\u00e9colt\u00e9 entre la <strong>mi-octobre et la fin octobre<\/strong>.<\/p>\n\n<\/div>\n<\/div>\n<div id=\"faq-question-1666780029954\" class=\"rank-math-list-item\">\n<h3 class=\"rank-math-question \">Rainbow Sherbet 11 x OG Kush est-il r\u00e9sistant aux parasites et aux maladies ?<\/h3>\n<div class=\"rank-math-answer \">\n\n<p>Oui, <strong>Rainbow Sherbet 11 x OG Kush<\/strong> pr\u00e9sente une excellente r\u00e9sistance aux parasites et aux maladies courantes, comme les t\u00e9tranyques et les moisissures. Cependant, nous recommandons de toujours maintenir un bon niveau de ventilation et de contr\u00f4le de l&#8217;humidit\u00e9 pour assurer une croissance saine.<\/p>\n\n<\/div>\n<\/div>\n<\/div>\n<\/div>","protected":false},"excerpt":{"rendered":"<p><b>Rainbow Sherbet 11 x OG Kush<\/b> fusionne le meilleur du <b>Rainbow Sherbet 11<\/b> et de l&#8217;<b>OG Kush<\/b>, offrant une puissante teneur en <b>THC de 30 %<\/b> avec des bourgeons denses, des <strong>saveurs sucr\u00e9es et fruit\u00e9es<\/strong> et un high \u00e9quilibr\u00e9 qui combine la <strong>relaxation corporelle et la cr\u00e9ativit\u00e9 mentale<\/strong>. D\u00e9couvre cette v\u00e9ritable merveille !<\/p>\n","protected":false},"featured_media":24173,"comment_status":"open","ping_status":"closed","template":"","meta":{"_acf_changed":false,"inline_featured_image":false,"_uag_custom_page_level_css":""},"product_brand":[],"product_cat":[1125],"product_tag":[],"class_list":{"0":"post-24189","1":"product","2":"type-product","3":"status-publish","4":"has-post-thumbnail","6":"product_cat-graines-feminisees-en-gros","8":"first","9":"instock","10":"taxable","11":"shipping-taxable","12":"purchasable","13":"product-type-simple"},"acf":[],"uagb_featured_image_src":{"full":["https:\/\/bulkgenetics.com\/wp-content\/uploads\/2024\/05\/rainbow-sherbet-11-x-og-kush-weed-strain.jpg",1600,1600,false],"thumbnail":["https:\/\/bulkgenetics.com\/wp-content\/uploads\/2024\/05\/rainbow-sherbet-11-x-og-kush-weed-strain-150x150.jpg",150,150,true],"medium":["https:\/\/bulkgenetics.com\/wp-content\/uploads\/2024\/05\/rainbow-sherbet-11-x-og-kush-weed-strain-300x300.jpg",300,300,true],"medium_large":["https:\/\/bulkgenetics.com\/wp-content\/uploads\/2024\/05\/rainbow-sherbet-11-x-og-kush-weed-strain-768x768.jpg",768,768,true],"large":["https:\/\/bulkgenetics.com\/wp-content\/uploads\/2024\/05\/rainbow-sherbet-11-x-og-kush-weed-strain-1024x1024.jpg",1024,1024,true],"1536x1536":["https:\/\/bulkgenetics.com\/wp-content\/uploads\/2024\/05\/rainbow-sherbet-11-x-og-kush-weed-strain-1536x1536.jpg",1536,1536,true],"2048x2048":["https:\/\/bulkgenetics.com\/wp-content\/uploads\/2024\/05\/rainbow-sherbet-11-x-og-kush-weed-strain.jpg",1600,1600,false],"commercegurus-pdp-large":["https:\/\/bulkgenetics.com\/wp-content\/uploads\/2024\/05\/rainbow-sherbet-11-x-og-kush-weed-strain-990x990.jpg",990,990,true],"commercegurus-plp-mobile":["https:\/\/bulkgenetics.com\/wp-content\/uploads\/2024\/05\/rainbow-sherbet-11-x-og-kush-weed-strain-441x441.jpg",441,441,true],"cgkit_image_swatch":["https:\/\/bulkgenetics.com\/wp-content\/uploads\/2024\/05\/rainbow-sherbet-11-x-og-kush-weed-strain-100x100.jpg",100,100,true],"woocommerce_thumbnail":["https:\/\/bulkgenetics.com\/wp-content\/uploads\/2024\/05\/rainbow-sherbet-11-x-og-kush-weed-strain-300x300.jpg",300,300,true],"woocommerce_single":["https:\/\/bulkgenetics.com\/wp-content\/uploads\/2024\/05\/rainbow-sherbet-11-x-og-kush-weed-strain-800x800.jpg",800,800,true],"woocommerce_gallery_thumbnail":["https:\/\/bulkgenetics.com\/wp-content\/uploads\/2024\/05\/rainbow-sherbet-11-x-og-kush-weed-strain-150x150.jpg",150,150,true],"dgwt-wcas-product-suggestion":["https:\/\/bulkgenetics.com\/wp-content\/uploads\/2024\/05\/rainbow-sherbet-11-x-og-kush-weed-strain-64x64.jpg",64,64,true]},"uagb_author_info":{"display_name":"\u00c1ngel Flores","author_link":"https:\/\/bulkgenetics.com\/fr\/author\/"},"uagb_comment_info":0,"uagb_excerpt":"Rainbow Sherbet 11 x OG Kush fusionne le meilleur du Rainbow Sherbet 11 et de l'OG Kush, offrant une puissante teneur en THC de 30 % avec des bourgeons denses, des saveurs sucr\u00e9es et fruit\u00e9es et un high \u00e9quilibr\u00e9 qui combine la relaxation corporelle et la cr\u00e9ativit\u00e9 mentale. D\u00e9couvre cette v\u00e9ritable merveille !","_links":{"self":[{"href":"https:\/\/bulkgenetics.com\/fr\/wp-json\/wp\/v2\/product\/24189","targetHints":{"allow":["GET"]}}],"collection":[{"href":"https:\/\/bulkgenetics.com\/fr\/wp-json\/wp\/v2\/product"}],"about":[{"href":"https:\/\/bulkgenetics.com\/fr\/wp-json\/wp\/v2\/types\/product"}],"replies":[{"embeddable":true,"href":"https:\/\/bulkgenetics.com\/fr\/wp-json\/wp\/v2\/comments?post=24189"}],"wp:featuredmedia":[{"embeddable":true,"href":"https:\/\/bulkgenetics.com\/fr\/wp-json\/wp\/v2\/media\/24173"}],"wp:attachment":[{"href":"https:\/\/bulkgenetics.com\/fr\/wp-json\/wp\/v2\/media?parent=24189"}],"wp:term":[{"taxonomy":"product_brand","embeddable":true,"href":"https:\/\/bulkgenetics.com\/fr\/wp-json\/wp\/v2\/product_brand?post=24189"},{"taxonomy":"product_cat","embeddable":true,"href":"https:\/\/bulkgenetics.com\/fr\/wp-json\/wp\/v2\/product_cat?post=24189"},{"taxonomy":"product_tag","embeddable":true,"href":"https:\/\/bulkgenetics.com\/fr\/wp-json\/wp\/v2\/product_tag?post=24189"}],"curies":[{"name":"wp","href":"https:\/\/api.w.org\/{rel}","templated":true}]}}