{"id":24323,"date":"2024-05-15T13:32:16","date_gmt":"2024-05-15T11:32:16","guid":{"rendered":"https:\/\/bulkgenetics.com\/?post_type=product&#038;p=24323"},"modified":"2024-10-08T01:08:47","modified_gmt":"2024-10-07T23:08:47","slug":"cherry-punch","status":"publish","type":"product","link":"https:\/\/bulkgenetics.com\/fr\/cherry-punch\/","title":{"rendered":"Cherry Punch"},"content":{"rendered":"\n<p><strong>Cherry Punch<\/strong> est une vari\u00e9t\u00e9 de marijuana qui trouve ses racines dans la g\u00e9n\u00e9tique de deux puissantes vari\u00e9t\u00e9s : <strong>Cherry AK-47<\/strong> et <strong>Purple Punch F2<\/strong>. Cet hybride sativa-indica (50\/50) n&#8217;y va pas par quatre chemins en mati\u00e8re de saveur et d&#8217;effets. \u00c9galement connue sous le nom de Black Cherry Punch, cette vari\u00e9t\u00e9 est une <strong>v\u00e9ritable explosion de cerises \u00e0 chaque frappe<\/strong>.<\/p>\n\n\n\n<p>Cette plante se distingue par ses bourgeons denses et arrondis de couleur vert menthe avec des teintes violettes et orange. Les feuilles pr\u00e9sentent \u00e9galement des teintes violettes profondes, cr\u00e9ant un contraste saisissant avec les fins poils ambr\u00e9s et une couche de minuscules trichomes d&#8217;un blanc \u00e9clatant. C&#8217;est une plante qui, sans aucun doute, attire l&#8217;attention dans n&#8217;importe quelle culture.<\/p>\n\n\n\n<p>Les consommateurs de Cherry Punch font souvent l&#8217;\u00e9loge de son <strong>ar\u00f4me riche et fruit\u00e9<\/strong> avec un soup\u00e7on de skunk, soulignant \u00e9galement son go\u00fbt sucr\u00e9 et complexe. L&#8217;apparence de ses bourgeons et l&#8217;\u00e9quilibre parfait entre sativa et indica en font un favori pour les cultivateurs novices et experts.<\/p>\n\n\n\n<h2 class=\"wp-block-heading\">Go\u00fbt et effets<\/h2>\n\n\n\n<p>Le <strong>go\u00fbt<\/strong> du punch \u00e0 la cerise est un voyage pour les sens. Imagine un m\u00e9lange de bonbons \u00e0 la cerise, au raisin et \u00e0 la myrtille, le tout avec un soup\u00e7on de skunk qui s&#8217;intensifie \u00e0 chaque frappe. Certains utilisateurs ont d\u00e9crit son go\u00fbt comme similaire \u00e0 celui du Kool-Aid, avec des notes fra\u00eeches et fruit\u00e9es irr\u00e9sistibles.<\/p>\n\n\n\n<p>L&#8217;<strong>ar\u00f4me<\/strong> est tout aussi impressionnant, avec de fortes notes de baies acides et sucr\u00e9es. Lorsqu&#8217;il est fum\u00e9, Cherry Punch lib\u00e8re un ar\u00f4me \u00e0 la fois piquant et d\u00e9licieusement fruit\u00e9, qui remplit l&#8217;air d&#8217;un parfum qui t&#8217;invite \u00e0 te d\u00e9tendre et \u00e0 en profiter.<\/p>\n\n\n\n<p>En termes d&#8217;<strong>effets<\/strong>, Cherry Punch ne d\u00e9\u00e7oit pas. Avec une <strong>teneur en THC de 23 \u00e0 24 %<\/strong>, cette vari\u00e9t\u00e9 d\u00e9livre un coup rapide d&#8217;euphorie et de bien-\u00eatre c\u00e9r\u00e9bral qui te laisse dans un \u00e9tat d&#8217;esprit b\u00e9at et d\u00e9concentr\u00e9. Il est id\u00e9al pour ceux qui cherchent \u00e0 soulager le stress et l&#8217;anxi\u00e9t\u00e9, ou simplement pour ceux qui veulent profiter d&#8217;une journ\u00e9e sans souci. La relaxation corporelle qui accompagne cette d\u00e9fonce mentale te permettra de rester ancr\u00e9 pendant que tu profiteras d&#8217;une l\u00e9g\u00e8re crise de faim.<\/p>\n\n\n\n<p>Cherry Punch peut aussi \u00eatre un alli\u00e9 pour lutter contre la <strong>d\u00e9pression, la pression oculaire et l&#8217;insomnie<\/strong>. Sa combinaison de clart\u00e9 mentale et de relaxation physique aide \u00e0 induire le sommeil et \u00e0 soulager le stress de la vie quotidienne, ce qui en fait un choix parfait pour un apr\u00e8s-midi de spa ou une sieste revitalisante.<\/p>\n\n\n\n<h2 class=\"wp-block-heading\">Production et p\u00e9riode de floraison<\/h2>\n\n\n\n<p><strong>Cherry Punch<\/strong> se distingue non seulement par sa saveur et ses effets, mais aussi par ses rendements g\u00e9n\u00e9reux et ses temps de floraison courts, ce qui en fait un excellent choix pour les cultivateurs de tous niveaux.<\/p>\n\n\n\n<p><strong>En int\u00e9rieur<\/strong>, Cherry Punch peut donner jusqu&#8217;\u00e0 <strong>500 grammes par m\u00e8tre carr\u00e9<\/strong>, offrant une r\u00e9colte exceptionnelle de bourgeons denses et r\u00e9sineux. Sa dur\u00e9e de floraison en int\u00e9rieur est d&#8217;environ <strong>8 \u00e0 9 semaines<\/strong>, ce qui permet aux cultivateurs d&#8217;obtenir des r\u00e9sultats rapides et efficaces.<\/p>\n\n\n\n<p>Pour ceux qui pr\u00e9f\u00e8rent la culture en <strong>ext\u00e9rieur<\/strong>, Cherry Punch peut agr\u00e9ablement surprendre avec un rendement allant jusqu&#8217;\u00e0 <strong>900 grammes par plante<\/strong>. Cette vari\u00e9t\u00e9 fleurit en ext\u00e9rieur vers la mi-octobre ou la fin octobre, en fonction du climat et des conditions de culture. La plante s&#8217;adapte bien \u00e0 diverses techniques de culture, comme la taille ou le tuteurage, pour maximiser son potentiel productif.<\/p>\n\n\n\n<p>Gr\u00e2ce \u00e0 sa facilit\u00e9 de culture et \u00e0 ses rendements impressionnants, Cherry Punch est un choix id\u00e9al pour les cultivateurs commerciaux qui cherchent \u00e0 maximiser leur production et pour les amateurs qui veulent profiter d&#8217;une r\u00e9colte abondante et de haute qualit\u00e9.<\/p>\n\n\n\n<h2 class=\"wp-block-heading\">Comment cultiver le Cherry Punch<\/h2>\n\n\n\n<p>Lorsque tu cultives Cherry Punch, nous te recommandons de pr\u00eater attention \u00e0 certaines caract\u00e9ristiques sp\u00e9cifiques de cette vari\u00e9t\u00e9 pour garantir le meilleur rendement et la meilleure qualit\u00e9 de la r\u00e9colte.<\/p>\n\n\n\n<p>Cherry Punch est une plante facile \u00e0 cultiver, qui convient aussi bien aux d\u00e9butants qu&#8217;aux cultivateurs exp\u00e9riment\u00e9s. Sa structure robuste et sa r\u00e9sistance g\u00e9n\u00e9rale en font un choix fiable dans n&#8217;importe quel jardin.<\/p>\n\n\n\n<p>Cette vari\u00e9t\u00e9 prosp\u00e8re dans les climats temp\u00e9r\u00e9s et ensoleill\u00e9s. \u00c0 l&#8217;int\u00e9rieur, il b\u00e9n\u00e9ficie d&#8217;un environnement contr\u00f4l\u00e9 avec une bonne circulation de l&#8217;air et des temp\u00e9ratures constantes entre 20 et 26\u00b0C. Pour maximiser leur potentiel, nous te recommandons d&#8217;utiliser des techniques de taille et de tuteurage, qui permettent d&#8217;am\u00e9liorer la p\u00e9n\u00e9tration de la lumi\u00e8re et de soutenir les lourds bourgeons pendant la floraison.<\/p>\n\n\n\n<p>Cherry Punch pr\u00e9sente une r\u00e9sistance remarquable aux parasites et aux maladies courantes du cannabis, ce qui en fait une \u00e9vidence pour de nombreux cultivateurs. Cependant, comme pour toute plante, le maintien d&#8217;un environnement propre et bien a\u00e9r\u00e9 permet de pr\u00e9venir les probl\u00e8mes et d&#8217;assurer la bonne sant\u00e9 des plantes.<\/p>\n\n\n\n<div style=\"height:50px\" aria-hidden=\"true\" class=\"wp-block-spacer uag-hide-mob\"><\/div>\n\n\n\n<div class=\"wp-block-columns is-layout-flex wp-container-core-columns-is-layout-28f84493 wp-block-columns-is-layout-flex\">\n<div class=\"wp-block-column is-layout-flow wp-block-column-is-layout-flow\">\n<p class=\"has-text-align-center has-medium-font-size\"><strong>Ce qui nous pla\u00eet le plus<\/strong><\/p>\n\n\n\n<ul class=\"wp-block-list\">\n<li>Il a un go\u00fbt sucr\u00e9 et fruit\u00e9 avec des notes de cerise et de skunk.<\/li>\n\n\n\n<li>Le m\u00e9lange \u00e9quilibr\u00e9 des effets mentaux et physiques.<\/li>\n\n\n\n<li>Production \u00e9lev\u00e9e \u00e0 l&#8217;int\u00e9rieur comme \u00e0 l&#8217;ext\u00e9rieur.<\/li>\n\n\n\n<li>Facilit\u00e9 de culture et r\u00e9sistance aux parasites.<\/li>\n<\/ul>\n<\/div>\n\n\n\n<div class=\"wp-block-column is-layout-flow wp-block-column-is-layout-flow\">\n<p class=\"has-text-align-center has-medium-font-size\"><strong>Ce que nous aimons le moins<\/strong><\/p>\n\n\n\n<ul class=\"wp-block-list\">\n<li>L&#8217;ar\u00f4me \u00e2cre peut \u00eatre un d\u00e9fi pour la furtivit\u00e9.<\/li>\n\n\n\n<li>Elle peut provoquer une faim intense, ce qui n&#8217;est pas forc\u00e9ment id\u00e9al pour tout le monde.<\/li>\n<\/ul>\n<\/div>\n<\/div>\n\n\n\n<div style=\"height:50px\" aria-hidden=\"true\" class=\"wp-block-spacer uag-hide-mob\"><\/div>\n\n\n\n<h2 class=\"wp-block-heading\">Questions fr\u00e9quemment pos\u00e9es<\/h2>\n\n\n\n<p>Vous trouverez ci-dessous les r\u00e9ponses aux questions les plus fr\u00e9quemment pos\u00e9es par les cultivateurs int\u00e9ress\u00e9s par cette vari\u00e9t\u00e9 :<\/p>\n\n\n<div id=\"rank-math-faq\" class=\"rank-math-block\">\n<div class=\"rank-math-list \">\n<div id=\"faq-question-1663029074962\" class=\"rank-math-list-item\">\n<h3 class=\"rank-math-question \">Cherry Punch est-il indica ou sativa ?<\/h3>\n<div class=\"rank-math-answer \">\n\n<p>Cherry Punch est une vari\u00e9t\u00e9 hybride \u00e9quilibr\u00e9e 50 % sativa\/50 % indica qui combine le meilleur des deux mondes, offrant une exp\u00e9rience compl\u00e8te qui \u00e9l\u00e8ve l&#8217;esprit et d\u00e9tend le corps.<\/p>\n\n<\/div>\n<\/div>\n<div id=\"faq-question-1663029159933\" class=\"rank-math-list-item\">\n<h3 class=\"rank-math-question \">Quelle est la teneur en THC et en CBD de Cherry Punch ?<\/h3>\n<div class=\"rank-math-answer \">\n\n<p>Cherry Punch a une teneur \u00e9lev\u00e9e en THC, qui varie entre 23 % et 24 %. Cette puissante concentration garantit un effet euphorique et relaxant. Quant \u00e0 la teneur en CBD, elle est minime, ce qui signifie que les effets sont plus psychoactifs que th\u00e9rapeutiques.<\/p>\n\n<\/div>\n<\/div>\n<div id=\"faq-question-1663029165861\" class=\"rank-math-list-item\">\n<h3 class=\"rank-math-question \">Quels sont le go\u00fbt et l&#8217;ar\u00f4me du Cherry Punch ?<\/h3>\n<div class=\"rank-math-answer \">\n\n<p>Le go\u00fbt de Cherry Punch est un m\u00e9lange sucr\u00e9 et fruit\u00e9 de cerise, de raisin et de myrtille, avec un soup\u00e7on de skunk. Son ar\u00f4me est tout aussi complexe, avec des notes de baies acides et sucr\u00e9es qui remplissent l&#8217;air d&#8217;un parfum intense et d\u00e9licieux.<\/p>\n\n<\/div>\n<\/div>\n<div id=\"faq-question-1666780029954\" class=\"rank-math-list-item\">\n<h3 class=\"rank-math-question \">Cherry Punch convient-il aux cultivateurs d\u00e9butants ?<\/h3>\n<div class=\"rank-math-answer \">\n\n<p>Oui, Cherry Punch est une vari\u00e9t\u00e9 facile \u00e0 cultiver, id\u00e9ale pour les d\u00e9butants. Sa r\u00e9sistance aux parasites et aux maladies, ainsi que sa capacit\u00e9 \u00e0 s&#8217;adapter \u00e0 diff\u00e9rentes techniques de culture, en font un excellent choix pour ceux qui d\u00e9butent dans le monde de la culture du cannabis.<\/p>\n\n<\/div>\n<\/div>\n<div id=\"faq-question-1713349304979\" class=\"rank-math-list-item\">\n<h3 class=\"rank-math-question \">Quelle est la p\u00e9riode de floraison de Cherry Punch ?<\/h3>\n<div class=\"rank-math-answer \">\n\n<p>En int\u00e9rieur, la dur\u00e9e de floraison de Cherry Punch est d&#8217;environ 8 \u00e0 9 semaines. \u00c0 l&#8217;ext\u00e9rieur, il fleurit entre la mi-octobre et la fin octobre, selon le climat et les conditions de croissance.<\/p>\n\n<\/div>\n<\/div>\n<div id=\"faq-question-1713349338638\" class=\"rank-math-list-item\">\n<h3 class=\"rank-math-question \">Quelles sont les meilleures conditions climatiques pour cultiver le Cherry Punch ?<\/h3>\n<div class=\"rank-math-answer \">\n\n<p>Le Cherry Punch prosp\u00e8re dans les climats temp\u00e9r\u00e9s et ensoleill\u00e9s. Maintenir une temp\u00e9rature constante entre 20 et 26\u00b0C et assurer une bonne circulation de l&#8217;air sont les cl\u00e9s d&#8217;une r\u00e9colte optimale.<\/p>\n\n<\/div>\n<\/div>\n<\/div>\n<\/div>","protected":false},"excerpt":{"rendered":"<p><b>Cherry Punch<\/b> offre une explosion de<strong> saveur fruit\u00e9e de cerise et des effets puissants<\/strong> gr\u00e2ce \u00e0 sa g\u00e9n\u00e9tique hybride \u00e9quilibr\u00e9e (50 % sativa\/50 % indica). Id\u00e9ale pour soulager le stress et l&#8217;anxi\u00e9t\u00e9, cette vari\u00e9t\u00e9 <strong>facile \u00e0 cultiver<\/strong> promet des <strong>r\u00e9coltes exceptionnelles<\/strong> \u00e0 l&#8217;int\u00e9rieur comme \u00e0 l&#8217;ext\u00e9rieur. D\u00e9couvre son irr\u00e9sistible m\u00e9lange de cerise et de skunk !<\/p>\n","protected":false},"featured_media":24308,"comment_status":"open","ping_status":"closed","template":"","meta":{"_acf_changed":false,"inline_featured_image":false,"_uag_custom_page_level_css":""},"product_brand":[],"product_cat":[1125],"product_tag":[],"class_list":{"0":"post-24323","1":"product","2":"type-product","3":"status-publish","4":"has-post-thumbnail","6":"product_cat-graines-feminisees-en-gros","8":"first","9":"instock","10":"taxable","11":"shipping-taxable","12":"purchasable","13":"product-type-simple"},"acf":[],"uagb_featured_image_src":{"full":["https:\/\/bulkgenetics.com\/wp-content\/uploads\/2024\/05\/cherry-punch-strain-weed-feminized-seeds.jpg",1600,1600,false],"thumbnail":["https:\/\/bulkgenetics.com\/wp-content\/uploads\/2024\/05\/cherry-punch-strain-weed-feminized-seeds-150x150.jpg",150,150,true],"medium":["https:\/\/bulkgenetics.com\/wp-content\/uploads\/2024\/05\/cherry-punch-strain-weed-feminized-seeds-300x300.jpg",300,300,true],"medium_large":["https:\/\/bulkgenetics.com\/wp-content\/uploads\/2024\/05\/cherry-punch-strain-weed-feminized-seeds-768x768.jpg",768,768,true],"large":["https:\/\/bulkgenetics.com\/wp-content\/uploads\/2024\/05\/cherry-punch-strain-weed-feminized-seeds-1024x1024.jpg",1024,1024,true],"1536x1536":["https:\/\/bulkgenetics.com\/wp-content\/uploads\/2024\/05\/cherry-punch-strain-weed-feminized-seeds-1536x1536.jpg",1536,1536,true],"2048x2048":["https:\/\/bulkgenetics.com\/wp-content\/uploads\/2024\/05\/cherry-punch-strain-weed-feminized-seeds.jpg",1600,1600,false],"commercegurus-pdp-large":["https:\/\/bulkgenetics.com\/wp-content\/uploads\/2024\/05\/cherry-punch-strain-weed-feminized-seeds-990x990.jpg",990,990,true],"commercegurus-plp-mobile":["https:\/\/bulkgenetics.com\/wp-content\/uploads\/2024\/05\/cherry-punch-strain-weed-feminized-seeds-441x441.jpg",441,441,true],"cgkit_image_swatch":["https:\/\/bulkgenetics.com\/wp-content\/uploads\/2024\/05\/cherry-punch-strain-weed-feminized-seeds-100x100.jpg",100,100,true],"woocommerce_thumbnail":["https:\/\/bulkgenetics.com\/wp-content\/uploads\/2024\/05\/cherry-punch-strain-weed-feminized-seeds-300x300.jpg",300,300,true],"woocommerce_single":["https:\/\/bulkgenetics.com\/wp-content\/uploads\/2024\/05\/cherry-punch-strain-weed-feminized-seeds-800x800.jpg",800,800,true],"woocommerce_gallery_thumbnail":["https:\/\/bulkgenetics.com\/wp-content\/uploads\/2024\/05\/cherry-punch-strain-weed-feminized-seeds-150x150.jpg",150,150,true],"dgwt-wcas-product-suggestion":["https:\/\/bulkgenetics.com\/wp-content\/uploads\/2024\/05\/cherry-punch-strain-weed-feminized-seeds-64x64.jpg",64,64,true]},"uagb_author_info":{"display_name":"\u00c1ngel Flores","author_link":"https:\/\/bulkgenetics.com\/fr\/author\/"},"uagb_comment_info":0,"uagb_excerpt":"Cherry Punch offre une explosion de saveur fruit\u00e9e de cerise et des effets puissants gr\u00e2ce \u00e0 sa g\u00e9n\u00e9tique hybride \u00e9quilibr\u00e9e (50 % sativa\/50 % indica). Id\u00e9ale pour soulager le stress et l'anxi\u00e9t\u00e9, cette vari\u00e9t\u00e9 facile \u00e0 cultiver promet des r\u00e9coltes exceptionnelles \u00e0 l'int\u00e9rieur comme \u00e0 l'ext\u00e9rieur. D\u00e9couvre son irr\u00e9sistible m\u00e9lange de cerise et de skunk\u2026","_links":{"self":[{"href":"https:\/\/bulkgenetics.com\/fr\/wp-json\/wp\/v2\/product\/24323","targetHints":{"allow":["GET"]}}],"collection":[{"href":"https:\/\/bulkgenetics.com\/fr\/wp-json\/wp\/v2\/product"}],"about":[{"href":"https:\/\/bulkgenetics.com\/fr\/wp-json\/wp\/v2\/types\/product"}],"replies":[{"embeddable":true,"href":"https:\/\/bulkgenetics.com\/fr\/wp-json\/wp\/v2\/comments?post=24323"}],"wp:featuredmedia":[{"embeddable":true,"href":"https:\/\/bulkgenetics.com\/fr\/wp-json\/wp\/v2\/media\/24308"}],"wp:attachment":[{"href":"https:\/\/bulkgenetics.com\/fr\/wp-json\/wp\/v2\/media?parent=24323"}],"wp:term":[{"taxonomy":"product_brand","embeddable":true,"href":"https:\/\/bulkgenetics.com\/fr\/wp-json\/wp\/v2\/product_brand?post=24323"},{"taxonomy":"product_cat","embeddable":true,"href":"https:\/\/bulkgenetics.com\/fr\/wp-json\/wp\/v2\/product_cat?post=24323"},{"taxonomy":"product_tag","embeddable":true,"href":"https:\/\/bulkgenetics.com\/fr\/wp-json\/wp\/v2\/product_tag?post=24323"}],"curies":[{"name":"wp","href":"https:\/\/api.w.org\/{rel}","templated":true}]}}