{"id":24412,"date":"2024-05-21T16:03:51","date_gmt":"2024-05-21T14:03:51","guid":{"rendered":"https:\/\/bulkgenetics.com\/?post_type=product&#038;p=24412"},"modified":"2024-10-08T01:04:09","modified_gmt":"2024-10-07T23:04:09","slug":"super-gorilla","status":"publish","type":"product","link":"https:\/\/bulkgenetics.com\/fr\/super-gorilla\/","title":{"rendered":"Super Gorilla"},"content":{"rendered":"\n<p>Pr\u00e9parez-vous \u00e0 d\u00e9couvrir la <strong>Super Gorilla<\/strong>, une vari\u00e9t\u00e9 muscl\u00e9e qui combine le meilleur de <strong>Chemdawg<\/strong> avec la puissante <strong><a href=\"https:\/\/bulkgenetics.com\/fr\/gorilla-glue-4\/\">Gorilla Glue<\/a><\/strong>, puis r\u00e9trocrois\u00e9e pour obtenir une version encore plus impressionnante de la fameuse GG4 ! Cette <strong>vari\u00e9t\u00e9 de cannabis<\/strong> a \u00e9t\u00e9 con\u00e7ue pour les cultivateurs et les consommateurs les plus intr\u00e9pides. Elle offre une saveur et une mont\u00e9e qui \u00e9l\u00e8vent l&#8217;exp\u00e9rience \u00e0 des niveaux c\u00e9lestes.<\/p>\n\n\n\n<p>La <strong>Super Gorilla<\/strong> est une plante robuste et facile \u00e0 cultiver, id\u00e9ale pour les cultivateurs novices comme pour les professionnels exp\u00e9riment\u00e9s, que ce soit en int\u00e9rieur, en ext\u00e9rieur ou en serre. Ses t\u00eates sont grandes, dures comme des pierres et brillent avec une r\u00e9sine qui ressemble \u00e0 des diamants.<\/p>\n\n\n\n<h2 class=\"wp-block-heading\">Saveur et Effets<\/h2>\n\n\n\n<p>La saveur de la <strong>Super Gorilla<\/strong> est une explosion de sensations. Imaginez un m\u00e9lange \u00e2cre de pin, d&#8217;agrumes, d&#8217;essence et de fruits, avec certains cultivateurs rapportant une d\u00e9licieuse touche sucr\u00e9e de fraise. Ce profil de saveur rend chaque bouff\u00e9e un d\u00e9lice pour les sens.<\/p>\n\n\n\n<p>Les effets sont aussi saisissants que sa saveur. Avec une teneur en THC d\u00e9passant les 20 % et des niveaux de CBD entre 0,1 % et 0,8 %, la <strong>Super Gorilla<\/strong> offre une exp\u00e9rience profond\u00e9ment relaxante, mais aussi hallucinante et stimulante. Parfaite pour se d\u00e9tendre apr\u00e8s une longue journ\u00e9e ou pour profiter de moments cr\u00e9atifs et sociaux. Sa puissante combinaison g\u00e9n\u00e9tique garantit une mont\u00e9e qui n&#8217;est pas seulement forte, mais aussi \u00e9quilibr\u00e9e et agr\u00e9able.<\/p>\n\n\n\n<h2 class=\"wp-block-heading\">Production et Temps de Floraison<\/h2>\n\n\n\n<p>La <strong>Super Gorilla<\/strong> se distingue non seulement par sa puissance et sa saveur, mais aussi par sa capacit\u00e9 de production impressionnante. En culture int\u00e9rieure, cette <strong>vari\u00e9t\u00e9 de cannabis<\/strong> peut produire plus de 500 grammes par m\u00e8tre carr\u00e9, \u00e0 condition qu&#8217;elle soit cultiv\u00e9e dans des conditions bien contr\u00f4l\u00e9es. La m\u00e9thode SOG (Sea of Green) est particuli\u00e8rement efficace pour maximiser son rendement, permettant d&#8217;obtenir des r\u00e9coltes abondantes et uniformes.<\/p>\n\n\n\n<p>En ext\u00e9rieur et sous un bon soleil, cette plante peut atteindre jusqu&#8217;\u00e0 2,5 m\u00e8tres de hauteur, fournissant une production consid\u00e9rable qui ravira tout cultivateur. Les t\u00eates, dures comme des pierres et resplendissantes de r\u00e9sine, se d\u00e9veloppent pleinement dans les climats chauds et ensoleill\u00e9s.<\/p>\n\n\n\n<p>En ce qui concerne le temps de floraison, la <strong>Super Gorilla<\/strong> est relativement rapide. En culture int\u00e9rieure, le cycle de floraison dure environ 8 \u00e0 10 semaines, selon le ph\u00e9notype. Un des ph\u00e9notypes termine en environ 8 semaines, tandis que l&#8217;autre peut prendre jusqu&#8217;\u00e0 10 semaines, mais r\u00e9compensera avec des r\u00e9coltes encore plus abondantes et un profil de saveur plus complexe.<\/p>\n\n\n\n<p>En ext\u00e9rieur, la <strong>Super Gorilla<\/strong> est pr\u00eate pour la r\u00e9colte d\u00e9but octobre, assurant que les cultivateurs puissent r\u00e9colter leurs pr\u00e9cieuses t\u00eates avant l&#8217;arriv\u00e9e du mauvais temps. Ce temps de floraison la rend id\u00e9ale pour une large vari\u00e9t\u00e9 de climats, \u00e0 condition qu&#8217;elle re\u00e7oive les soins appropri\u00e9s.<\/p>\n\n\n\n<h2 class=\"wp-block-heading\">Comment Cultiver Super Gorilla<\/h2>\n\n\n\n<p>Chez Bulk Genetics, nous croyons que la <strong>Super Gorilla<\/strong> strain est une vari\u00e9t\u00e9 que tout cultivateur peut g\u00e9rer, quel que soit son niveau d&#8217;exp\u00e9rience. Cette plante est connue pour sa facilit\u00e9 de culture et sa r\u00e9sistance, ce qui en fait un choix id\u00e9al tant pour les d\u00e9butants que pour les cultivateurs exp\u00e9riment\u00e9s.<\/p>\n\n\n\n<p>La <strong>Super Gorilla<\/strong> prosp\u00e8re dans une large vari\u00e9t\u00e9 de climats, mais pr\u00e9f\u00e8re les conditions chaudes et ensoleill\u00e9es pour atteindre son plein potentiel. Elle s&#8217;adapte bien aux cultures en int\u00e9rieur, en ext\u00e9rieur et en serre. En int\u00e9rieur, nous recommandons de maintenir un environnement bien contr\u00f4l\u00e9 avec une bonne ventilation et des niveaux ad\u00e9quats d&#8217;humidit\u00e9 pour maximiser la production et la qualit\u00e9 des t\u00eates. En ext\u00e9rieur, assurez-vous de la planter dans un endroit o\u00f9 elle re\u00e7oit beaucoup de lumi\u00e8re solaire directe et est prot\u00e9g\u00e9e des intemp\u00e9ries.<\/p>\n\n\n\n<p>Un des grands avantages de la <strong>Super Gorilla<\/strong> est sa r\u00e9sistance aux ravageurs et aux maladies. Cette vari\u00e9t\u00e9 a \u00e9t\u00e9 d\u00e9velopp\u00e9e pour supporter des conditions adverses tout en offrant des rendements de haute qualit\u00e9. Cependant, comme pour toute plante de cannabis, il est important de rester vigilant face aux probl\u00e8mes potentiels et d&#8217;agir rapidement si n\u00e9cessaire pour maintenir la sant\u00e9 de la plante.<\/p>\n\n\n\n<div class=\"wp-block-columns is-layout-flex wp-container-core-columns-is-layout-28f84493 wp-block-columns-is-layout-flex\">\n<div class=\"wp-block-column is-layout-flow wp-block-column-is-layout-flow\">\n<p class=\"has-text-align-center has-medium-font-size\"><strong>Ce que nous aimons le plus<\/strong><\/p>\n\n\n\n<ul class=\"wp-block-list\">\n<li>Facile \u00e0 cultiver, id\u00e9al pour tous les niveaux d&#8217;exp\u00e9rience.<\/li>\n\n\n\n<li>Rendements \u00e9lev\u00e9s tant en int\u00e9rieur qu&#8217;en ext\u00e9rieur.<\/li>\n\n\n\n<li>Profil de saveur unique avec des notes de pin, d&#8217;agrumes et une touche sucr\u00e9e de fraise.<\/li>\n\n\n\n<li>Effet puissant, relaxant et stimulant, avec une teneur \u00e9lev\u00e9e en THC.<\/li>\n\n\n\n<li>R\u00e9sistance robuste aux ravageurs et aux maladies.<\/li>\n<\/ul>\n<\/div>\n\n\n\n<div class=\"wp-block-column is-layout-flow wp-block-column-is-layout-flow\">\n<p class=\"has-text-align-center has-medium-font-size\"><strong>Ce que nous aimons le moins<\/strong><\/p>\n\n\n\n<ul class=\"wp-block-list\">\n<li>Un des ph\u00e9notypes peut prendre jusqu&#8217;\u00e0 10 semaines pour fleurir.<\/li>\n\n\n\n<li>Peut n\u00e9cessiter un contr\u00f4le minutieux de l&#8217;humidit\u00e9 en culture int\u00e9rieure pour \u00e9viter les probl\u00e8mes de moisissure.<\/li>\n<\/ul>\n<\/div>\n<\/div>\n\n\n\n<div style=\"height:50px\" aria-hidden=\"true\" class=\"wp-block-spacer uag-hide-mob\"><\/div>\n\n\n\n<h2 class=\"wp-block-heading\">Questions Fr\u00e9quentes<\/h2>\n\n\n\n<p>Vous trouverez ci-dessous les r\u00e9ponses aux questions les plus fr\u00e9quemment pos\u00e9es par les cultivateurs int\u00e9ress\u00e9s par cette souche :<\/p>\n\n\n<div id=\"rank-math-faq\" class=\"rank-math-block\">\n<div class=\"rank-math-list \">\n<div id=\"faq-question-1663029074962\" class=\"rank-math-list-item\">\n<h3 class=\"rank-math-question \">Super Gorilla est-elle sativa ou indica ?<\/h3>\n<div class=\"rank-math-answer \">\n\n<p>La <strong>Super Gorilla<\/strong> est une vari\u00e9t\u00e9 hybride \u00e0 dominance indica. Cela signifie qu&#8217;elle combine le meilleur des deux mondes : la relaxation profonde et l&#8217;effet corporel des indicas, avec la clart\u00e9 mentale et la stimulation c\u00e9r\u00e9brale des sativas. Elle offre un \u00e9quilibre parfait, procurant une exp\u00e9rience compl\u00e8te et satisfaisante aux utilisateurs.<\/p>\n\n<\/div>\n<\/div>\n<div id=\"faq-question-1663029159933\" class=\"rank-math-list-item\">\n<h3 class=\"rank-math-question \">Quel est le contenu en THC et CBD de Super Gorilla ?<\/h3>\n<div class=\"rank-math-answer \">\n\n<p>La <strong>Super Gorilla<\/strong> est c\u00e9l\u00e8bre pour sa haute teneur en THC, qui d\u00e9passe les 20 %. Ce niveau \u00e9lev\u00e9 de THC garantit un effet puissant, id\u00e9al pour ceux qui recherchent une exp\u00e9rience intense. En ce qui concerne le CBD, cette vari\u00e9t\u00e9 a des niveaux oscillant entre 0,1 % et 0,8 %, ce qui compl\u00e8te les effets du THC avec des b\u00e9n\u00e9fices th\u00e9rapeutiques suppl\u00e9mentaires.<\/p>\n\n<\/div>\n<\/div>\n<div id=\"faq-question-1663029165861\" class=\"rank-math-list-item\">\n<h3 class=\"rank-math-question \">Combien de temps faut-il pour que Super Gorilla fleurisse ?<\/h3>\n<div class=\"rank-math-answer \">\n\n<p>En int\u00e9rieur, la <strong>Super Gorilla<\/strong> a un temps de floraison qui varie entre 8 et 10 semaines, selon le ph\u00e9notype. L&#8217;un des ph\u00e9notypes est plus rapide et termine en environ 8 semaines, tandis que l&#8217;autre peut prendre jusqu&#8217;\u00e0 10 semaines mais offre des r\u00e9coltes plus abondantes et un profil de saveur plus complexe. En ext\u00e9rieur, cette vari\u00e9t\u00e9 est pr\u00eate pour la r\u00e9colte d\u00e9but octobre.<\/p>\n\n<\/div>\n<\/div>\n<div id=\"faq-question-1666780029954\" class=\"rank-math-list-item\">\n<h3 class=\"rank-math-question \">Quels sont les m\u00e9thodes de culture les plus efficaces pour Super Gorilla ?<\/h3>\n<div class=\"rank-math-answer \">\n\n<p>La <strong>Super Gorilla<\/strong> est tr\u00e8s polyvalente et s&#8217;adapte bien \u00e0 plusieurs m\u00e9thodes de culture. Nous recommandons la m\u00e9thode SOG (Sea of Green) pour maximiser les rendements en int\u00e9rieur. Cette m\u00e9thode permet d&#8217;obtenir des r\u00e9coltes abondantes et uniformes dans un espace limit\u00e9. Elle peut \u00e9galement \u00eatre cultiv\u00e9e avec succ\u00e8s en serres et en ext\u00e9rieur, \u00e0 condition qu&#8217;elle re\u00e7oive suffisamment de lumi\u00e8re solaire et soit prot\u00e9g\u00e9e contre les intemp\u00e9ries.<\/p>\n\n<\/div>\n<\/div>\n<div id=\"faq-question-1713349304979\" class=\"rank-math-list-item\">\n<h3 class=\"rank-math-question \">Quels saveurs et ar\u00f4mes puis-je attendre de Super Gorilla ?<\/h3>\n<div class=\"rank-math-answer \">\n\n<p>La <strong>Super Gorilla<\/strong> offre une exp\u00e9rience sensorielle unique avec une combinaison de saveurs et d&#8217;ar\u00f4mes incluant le pin, les agrumes, l&#8217;essence et les fruits. Certains cultivateurs remarquent \u00e9galement une touche sucr\u00e9e de fraise, ce qui ajoute une dimension suppl\u00e9mentaire \u00e0 son profil de saveur.<\/p>\n\n<\/div>\n<\/div>\n<\/div>\n<\/div>","protected":false},"excerpt":{"rendered":"<p><b>Super Gorilla<\/b> est la vari\u00e9t\u00e9 que tout cultivateur r\u00eave de poss\u00e9der. Avec une combinaison in\u00e9gal\u00e9e de <strong>puissance et saveur<\/strong>, cette hybride \u00e0 dominance indica offre des t\u00eates brillantes et r\u00e9sineuses avec <strong>plus de 20 % de THC<\/strong>. Id\u00e9ale pour tous les niveaux, elle garantit une r\u00e9colte abondante et facile !<\/p>\n","protected":false},"featured_media":24957,"comment_status":"open","ping_status":"closed","template":"","meta":{"_acf_changed":false,"inline_featured_image":false,"_uag_custom_page_level_css":""},"product_brand":[],"product_cat":[1125],"product_tag":[],"class_list":{"0":"post-24412","1":"product","2":"type-product","3":"status-publish","4":"has-post-thumbnail","6":"product_cat-graines-feminisees-en-gros","8":"first","9":"outofstock","10":"taxable","11":"shipping-taxable","12":"purchasable","13":"product-type-simple"},"acf":[],"uagb_featured_image_src":{"full":["https:\/\/bulkgenetics.com\/wp-content\/uploads\/2024\/06\/super-gorilla-strain-weed-feminized-seeds.jpg",1600,1600,false],"thumbnail":["https:\/\/bulkgenetics.com\/wp-content\/uploads\/2024\/06\/super-gorilla-strain-weed-feminized-seeds-150x150.jpg",150,150,true],"medium":["https:\/\/bulkgenetics.com\/wp-content\/uploads\/2024\/06\/super-gorilla-strain-weed-feminized-seeds-300x300.jpg",300,300,true],"medium_large":["https:\/\/bulkgenetics.com\/wp-content\/uploads\/2024\/06\/super-gorilla-strain-weed-feminized-seeds-768x768.jpg",768,768,true],"large":["https:\/\/bulkgenetics.com\/wp-content\/uploads\/2024\/06\/super-gorilla-strain-weed-feminized-seeds-1024x1024.jpg",1024,1024,true],"1536x1536":["https:\/\/bulkgenetics.com\/wp-content\/uploads\/2024\/06\/super-gorilla-strain-weed-feminized-seeds-1536x1536.jpg",1536,1536,true],"2048x2048":["https:\/\/bulkgenetics.com\/wp-content\/uploads\/2024\/06\/super-gorilla-strain-weed-feminized-seeds.jpg",1600,1600,false],"commercegurus-pdp-large":["https:\/\/bulkgenetics.com\/wp-content\/uploads\/2024\/06\/super-gorilla-strain-weed-feminized-seeds-990x990.jpg",990,990,true],"commercegurus-plp-mobile":["https:\/\/bulkgenetics.com\/wp-content\/uploads\/2024\/06\/super-gorilla-strain-weed-feminized-seeds-441x441.jpg",441,441,true],"cgkit_image_swatch":["https:\/\/bulkgenetics.com\/wp-content\/uploads\/2024\/06\/super-gorilla-strain-weed-feminized-seeds-100x100.jpg",100,100,true],"woocommerce_thumbnail":["https:\/\/bulkgenetics.com\/wp-content\/uploads\/2024\/06\/super-gorilla-strain-weed-feminized-seeds-300x300.jpg",300,300,true],"woocommerce_single":["https:\/\/bulkgenetics.com\/wp-content\/uploads\/2024\/06\/super-gorilla-strain-weed-feminized-seeds-800x800.jpg",800,800,true],"woocommerce_gallery_thumbnail":["https:\/\/bulkgenetics.com\/wp-content\/uploads\/2024\/06\/super-gorilla-strain-weed-feminized-seeds-150x150.jpg",150,150,true],"dgwt-wcas-product-suggestion":["https:\/\/bulkgenetics.com\/wp-content\/uploads\/2024\/06\/super-gorilla-strain-weed-feminized-seeds-64x64.jpg",64,64,true]},"uagb_author_info":{"display_name":"\u00c1ngel Flores","author_link":"https:\/\/bulkgenetics.com\/fr\/author\/"},"uagb_comment_info":0,"uagb_excerpt":"Super Gorilla est la vari\u00e9t\u00e9 que tout cultivateur r\u00eave de poss\u00e9der. Avec une combinaison in\u00e9gal\u00e9e de puissance et saveur, cette hybride \u00e0 dominance indica offre des t\u00eates brillantes et r\u00e9sineuses avec plus de 20 % de THC. Id\u00e9ale pour tous les niveaux, elle garantit une r\u00e9colte abondante et facile !","_links":{"self":[{"href":"https:\/\/bulkgenetics.com\/fr\/wp-json\/wp\/v2\/product\/24412","targetHints":{"allow":["GET"]}}],"collection":[{"href":"https:\/\/bulkgenetics.com\/fr\/wp-json\/wp\/v2\/product"}],"about":[{"href":"https:\/\/bulkgenetics.com\/fr\/wp-json\/wp\/v2\/types\/product"}],"replies":[{"embeddable":true,"href":"https:\/\/bulkgenetics.com\/fr\/wp-json\/wp\/v2\/comments?post=24412"}],"wp:featuredmedia":[{"embeddable":true,"href":"https:\/\/bulkgenetics.com\/fr\/wp-json\/wp\/v2\/media\/24957"}],"wp:attachment":[{"href":"https:\/\/bulkgenetics.com\/fr\/wp-json\/wp\/v2\/media?parent=24412"}],"wp:term":[{"taxonomy":"product_brand","embeddable":true,"href":"https:\/\/bulkgenetics.com\/fr\/wp-json\/wp\/v2\/product_brand?post=24412"},{"taxonomy":"product_cat","embeddable":true,"href":"https:\/\/bulkgenetics.com\/fr\/wp-json\/wp\/v2\/product_cat?post=24412"},{"taxonomy":"product_tag","embeddable":true,"href":"https:\/\/bulkgenetics.com\/fr\/wp-json\/wp\/v2\/product_tag?post=24412"}],"curies":[{"name":"wp","href":"https:\/\/api.w.org\/{rel}","templated":true}]}}