{"id":24425,"date":"2024-05-20T12:29:24","date_gmt":"2024-05-20T10:29:24","guid":{"rendered":"https:\/\/bulkgenetics.com\/?post_type=product&#038;p=24425"},"modified":"2024-10-08T01:08:47","modified_gmt":"2024-10-07T23:08:47","slug":"rainmaker","status":"publish","type":"product","link":"https:\/\/bulkgenetics.com\/fr\/rainmaker\/","title":{"rendered":"Rainmaker"},"content":{"rendered":"\n<p>La <strong>Rainmaker<\/strong> est un v\u00e9ritable joyau, tr\u00e8s c\u00e9l\u00e8bre pour sa puissance, sa saveur et son rendement impressionnant. N\u00e9e au Colorado, cette vari\u00e9t\u00e9 est le r\u00e9sultat du croisement entre <strong>Citral Skunk<\/strong> et <strong>Mandarin Sunset<\/strong>, cr\u00e9ant une g\u00e9n\u00e9tique qui conquiert les c\u0153urs et les esprits de tous les types de cultivateurs.<\/p>\n\n\n\n<p>Les plantes de <strong>Rainmaker<\/strong> poussent avec une grande vigueur et peuvent atteindre une hauteur consid\u00e9rable, ce qui les rend id\u00e9ales pour l&#8217;ext\u00e9rieur. Les t\u00eates sont d&#8217;un vert for\u00eat profond, rondes et denses, orn\u00e9es d&#8217;une grande quantit\u00e9 de cristaux de r\u00e9sine collante et brillante. De d\u00e9licats poils orange compl\u00e8tent cette image parfaite. Les cultivateurs qui ont eu la chance de planter ces <strong>graines<\/strong> rapportent des plantes grandes et des rendements exceptionnels, avec des r\u00e9coltes qui ravissent les yeux et l&#8217;esprit.<\/p>\n\n\n\n<h2 class=\"wp-block-heading\">Saveur et Effets<\/h2>\n\n\n\n<p>La <strong>Rainmaker<\/strong> se distingue par un profil terp\u00e9nique distinctif, domin\u00e9 par des notes fortes de <strong><a href=\"https:\/\/bulkgenetics.com\/fr\/skunk-1\/\">skunk<\/a><\/strong>, <strong>agrumes<\/strong> et <strong>fromage<\/strong>. Ces saveurs intenses se combinent pour offrir une exp\u00e9rience unique, id\u00e9ale pour les amateurs de saveurs complexes de la vieille \u00e9cole.<\/p>\n\n\n\n<p>Lorsqu&#8217;elle est consomm\u00e9e, la <strong>Rainmaker<\/strong> Strain provoque un effet qui se ressent d&#8217;abord dans la t\u00eate, remplissant de l&#8217;euphorie et du bonheur difficiles \u00e0 dissimuler. C&#8217;est un high qui s&#8217;accompagne d&#8217;une profonde sensation de relaxation, parfait pour l&#8217;apr\u00e8s-midi ou le soir. De plus, elle induit une faim f\u00e9roce et une somnolence qui invitent \u00e0 avoir des collations \u00e0 port\u00e9e de main et un lit \u00e0 proximit\u00e9.<\/p>\n\n\n\n<p>L&#8217;intensit\u00e9 de ces effets peut varier, car son contenu en <strong>THC<\/strong> oscille entre 17% et 32%, ce qui la rend adapt\u00e9e aussi bien aux utilisateurs occasionnels qu&#8217;aux plus exp\u00e9riment\u00e9s. Le <strong>CBD<\/strong> est pr\u00e9sent en quantit\u00e9s minimes, permettant au THC d&#8217;\u00eatre le protagoniste incontest\u00e9 de l&#8217;exp\u00e9rience. Comme marijuana m\u00e9dicinale, les consommateurs rapportent des bienfaits pour traiter la d\u00e9pression, la douleur ou l&#8217;anxi\u00e9t\u00e9.<\/p>\n\n\n\n<h2 class=\"wp-block-heading\">Production et Temps de Floraison<\/h2>\n\n\n\n<p>La <strong>Rainmaker<\/strong> se distingue non seulement par ses effets puissants et sa saveur in\u00e9gal\u00e9e, mais aussi par sa grande production. En culture int\u00e9rieure, cette vari\u00e9t\u00e9 peut produire plus de 700 grammes par m\u00b2, ce qui en fait une option excellente pour ceux qui recherchent les rendements les plus \u00e9lev\u00e9s.<\/p>\n\n\n\n<p>Les cultivateurs qui d\u00e9cident de planter des <strong>graines de Rainmaker<\/strong> en ext\u00e9rieur seront \u00e9galement r\u00e9compens\u00e9s par des plantes robustes et des fleurs abondantes qui d\u00e9passeront le kilo par plante. Il faut noter que ces plantes peuvent devenir assez hautes et n\u00e9cessitent suffisamment d&#8217;espace et de soleil pour se d\u00e9velopper pleinement.<\/p>\n\n\n\n<p>En ce qui concerne le temps de floraison, la <strong>Rainmaker<\/strong> est relativement rapide. En culture int\u00e9rieure, sa p\u00e9riode de floraison varie entre 55 et 70 jours selon le ph\u00e9notype. En ext\u00e9rieur, les plantes sont g\u00e9n\u00e9ralement pr\u00eates \u00e0 \u00eatre r\u00e9colt\u00e9es entre fin septembre et d\u00e9but octobre, en fonction du climat et des conditions de culture.<\/p>\n\n\n\n<p>Si vous pr\u00e9voyez de cultiver cette <strong>vari\u00e9t\u00e9 de marijuana<\/strong>, assurez-vous de prendre en compte sa taille et ses besoins en espace. Elle n&#8217;est pas la meilleure option pour les espaces r\u00e9duits ou \u00e0 plafond bas. Cependant, avec des soins appropri\u00e9s et des conditions optimales, cette vari\u00e9t\u00e9 vous r\u00e9compensera avec des t\u00eates denses, r\u00e9sineuses et d&#8217;une qualit\u00e9 exceptionnelle.<\/p>\n\n\n\n<h2 class=\"wp-block-heading\">Comment Cultiver Rainmaker<\/h2>\n\n\n\n<p>La culture de la <strong>Rainmaker<\/strong> est une exp\u00e9rience gratifiante pour les cultivateurs de tous niveaux, bien qu&#8217;elle puisse pr\u00e9senter quelques d\u00e9fis pour les d\u00e9butants en raison de sa taille et de sa vigueur. Cette vari\u00e9t\u00e9 est id\u00e9ale pour ceux qui ont un peu d&#8217;exp\u00e9rience dans la culture du cannabis et sont pr\u00eats \u00e0 g\u00e9rer une plante \u00e0 croissance rapide et abondante.<\/p>\n\n\n\n<p>Pour obtenir les meilleurs r\u00e9sultats, nous recommandons de cultiver la <strong>Rainmaker<\/strong> dans un climat chaud et ensoleill\u00e9. Cette vari\u00e9t\u00e9 prosp\u00e8re dans des conditions o\u00f9 elle peut recevoir beaucoup de lumi\u00e8re, que ce soit en int\u00e9rieur avec des lampes ou en ext\u00e9rieur sous le soleil direct. Assurez-vous d&#8217;avoir suffisamment d&#8217;espace vertical, car les plantes peuvent devenir assez hautes.<\/p>\n\n\n\n<p>La <strong>Rainmaker<\/strong> est assez r\u00e9sistante aux parasites et aux maladies, ce qui facilite sa gestion dans diff\u00e9rents environnements. Cependant, comme pour toute culture, il est essentiel de maintenir de bonnes pratiques d&#8217;hygi\u00e8ne et de surveillance pour pr\u00e9venir les probl\u00e8mes potentiels. Gardez la zone de culture propre et bien ventil\u00e9e, inspectez r\u00e9guli\u00e8rement les plantes pour d\u00e9tecter tout signe de stress ou d&#8217;infestation, et utilisez des pr\u00e9ventifs comme le savon potassique, l&#8217;huile de neem ou la terre de diatom\u00e9es.<\/p>\n\n\n\n<div class=\"wp-block-columns is-layout-flex wp-container-core-columns-is-layout-28f84493 wp-block-columns-is-layout-flex\">\n<div class=\"wp-block-column is-layout-flow wp-block-column-is-layout-flow\">\n<p class=\"has-text-align-center has-medium-font-size\"><strong>Ce que nous aimons le plus<\/strong><\/p>\n\n\n\n<ul class=\"wp-block-list\">\n<li>Production abondante et rapide.<\/li>\n\n\n\n<li>Profil de saveur unique et complexe, avec des notes de skunk, d&#8217;agrumes et de fromage.<\/li>\n\n\n\n<li>Effets puissants et \u00e9quilibr\u00e9s offrant bonheur et relaxation.<\/li>\n\n\n\n<li>Haute r\u00e9sistance aux parasites et aux maladies.<\/li>\n<\/ul>\n<\/div>\n\n\n\n<div class=\"wp-block-column is-layout-flow wp-block-column-is-layout-flow\">\n<p class=\"has-text-align-center has-medium-font-size\"><strong>Ce que nous aimons le moins<\/strong><\/p>\n\n\n\n<ul class=\"wp-block-list\">\n<li>Taille consid\u00e9rable, pas adapt\u00e9e aux espaces r\u00e9duits.<\/li>\n\n\n\n<li>Saveur et ar\u00f4me forts qui peuvent ne pas plaire \u00e0 tout le monde.<\/li>\n<\/ul>\n<\/div>\n<\/div>\n\n\n\n<div style=\"height:50px\" aria-hidden=\"true\" class=\"wp-block-spacer uag-hide-mob\"><\/div>\n\n\n\n<h2 class=\"wp-block-heading\">Questions Fr\u00e9quemment Pos\u00e9es<\/h2>\n\n\n\n<p>Vous trouverez ci-dessous les r\u00e9ponses aux questions les plus fr\u00e9quentes que se posent les cultivateurs int\u00e9ress\u00e9s par cette vari\u00e9t\u00e9 :<\/p>\n\n\n<div id=\"rank-math-faq\" class=\"rank-math-block\">\n<div class=\"rank-math-list \">\n<div id=\"faq-question-1663029074962\" class=\"rank-math-list-item\">\n<h3 class=\"rank-math-question \">Rainmaker est-elle sativa ou indica ?<\/h3>\n<div class=\"rank-math-answer \">\n\n<p>Rainmaker est une vari\u00e9t\u00e9 hybride qui pr\u00e9sente un \u00e9quilibre parfait entre indica et sativa, offrant une exp\u00e9rience compl\u00e8te qui peut \u00eatre appr\u00e9ci\u00e9e \u00e0 tout moment de la journ\u00e9e.<\/p>\n\n<\/div>\n<\/div>\n<div id=\"faq-question-1663029159933\" class=\"rank-math-list-item\">\n<h3 class=\"rank-math-question \">Quel est le contenu en THC de Rainmaker ?<\/h3>\n<div class=\"rank-math-answer \">\n\n<p>Le contenu en THC de Rainmaker peut varier consid\u00e9rablement, de 17 % \u00e0 32 %, selon le ph\u00e9notype et les conditions de culture. Cela la rend adapt\u00e9e aussi bien aux utilisateurs occasionnels qu&#8217;\u00e0 ceux plus exp\u00e9riment\u00e9s qui recherchent une exp\u00e9rience plus intense.<\/p>\n\n<\/div>\n<\/div>\n<div id=\"faq-question-1663029165861\" class=\"rank-math-list-item\">\n<h3 class=\"rank-math-question \">Combien de temps faut-il \u00e0 Rainmaker pour fleurir ?<\/h3>\n<div class=\"rank-math-answer \">\n\n<p>Rainmaker a un temps de floraison relativement court, entre 55 et 70 jours en culture int\u00e9rieure. En ext\u00e9rieur, les plantes sont g\u00e9n\u00e9ralement pr\u00eates \u00e0 \u00eatre r\u00e9colt\u00e9es entre fin septembre et d\u00e9but octobre. Ce temps de floraison rapide, combin\u00e9 \u00e0 son rendement \u00e9lev\u00e9, en fait une option attrayante pour les cultivateurs cherchant des r\u00e9coltes fr\u00e9quentes et abondantes.<\/p>\n\n<\/div>\n<\/div>\n<div id=\"faq-question-1666780029954\" class=\"rank-math-list-item\">\n<h3 class=\"rank-math-question \">Quel climat est id\u00e9al pour cultiver Rainmaker ?<\/h3>\n<div class=\"rank-math-answer \">\n\n<p>Rainmaker prosp\u00e8re particuli\u00e8rement bien dans les climats chauds et ensoleill\u00e9s. Si vous d\u00e9cidez de la cultiver en ext\u00e9rieur, assurez-vous qu&#8217;elle ait suffisamment d&#8217;heures de soleil et d&#8217;espace pour cro\u00eetre, car elle peut atteindre une hauteur consid\u00e9rable. En int\u00e9rieur, fournissez suffisamment de lumi\u00e8re et maintenez un environnement bien ventil\u00e9 pour pr\u00e9venir les probl\u00e8mes d&#8217;humidit\u00e9 et les parasites.<\/p>\n\n<\/div>\n<\/div>\n<div id=\"faq-question-1713349304979\" class=\"rank-math-list-item\">\n<h3 class=\"rank-math-question \">Quels sont les saveurs et ar\u00f4mes de Rainmaker ?<\/h3>\n<div class=\"rank-math-answer \">\n\n<p>Rainmaker se distingue par son profil terp\u00e9nique unique, avec des notes dominantes de skunk, d&#8217;agrumes et de fromage. Ce profil de saveur et d&#8217;ar\u00f4me est intense et complexe, offrant une exp\u00e9rience sensorielle riche tr\u00e8s appr\u00e9ci\u00e9e des amateurs de vari\u00e9t\u00e9s aux saveurs fortes et distinctives.<\/p>\n\n<\/div>\n<\/div>\n<div id=\"faq-question-1716197778573\" class=\"rank-math-list-item\">\n<h3 class=\"rank-math-question \">Rainmaker est-elle r\u00e9sistante aux parasites et aux maladies ?<\/h3>\n<div class=\"rank-math-answer \">\n\n<p>Oui, Rainmaker est assez r\u00e9sistante aux parasites et aux maladies, ce qui la rend plus facile \u00e0 g\u00e9rer dans diverses conditions de culture. Cependant, il est toujours important de maintenir de bonnes pratiques d&#8217;hygi\u00e8ne et de faire des v\u00e9rifications quotidiennes pour s&#8217;assurer que les plantes restent saines et sans probl\u00e8mes.<\/p>\n\n<\/div>\n<\/div>\n<\/div>\n<\/div>","protected":false},"excerpt":{"rendered":"<p><b>Rainmaker<\/b> est une vari\u00e9t\u00e9 puissante Indica\/Sativa qui combine les meilleurs traits de Citral Skunk et Mandarin Sunset. Avec un <strong>THC allant jusqu&#8217;\u00e0 32%<\/strong> et une saveur unique de <strong>skunk, agrumes et fromage<\/strong>, cette plante \u00e0 haut rendement est id\u00e9ale pour ceux qui recherchent <strong>des r\u00e9coltes abondantes et des effets euphoriques et relaxants<\/strong>.<\/p>\n","protected":false},"featured_media":24544,"comment_status":"open","ping_status":"closed","template":"","meta":{"_acf_changed":false,"inline_featured_image":false,"_uag_custom_page_level_css":""},"product_brand":[],"product_cat":[1125],"product_tag":[],"class_list":{"0":"post-24425","1":"product","2":"type-product","3":"status-publish","4":"has-post-thumbnail","6":"product_cat-graines-feminisees-en-gros","8":"first","9":"instock","10":"taxable","11":"shipping-taxable","12":"purchasable","13":"product-type-simple"},"acf":[],"uagb_featured_image_src":{"full":["https:\/\/bulkgenetics.com\/wp-content\/uploads\/2024\/05\/rainmaker-strain-weed-feminized-seeds.jpg",1600,1600,false],"thumbnail":["https:\/\/bulkgenetics.com\/wp-content\/uploads\/2024\/05\/rainmaker-strain-weed-feminized-seeds-150x150.jpg",150,150,true],"medium":["https:\/\/bulkgenetics.com\/wp-content\/uploads\/2024\/05\/rainmaker-strain-weed-feminized-seeds-300x300.jpg",300,300,true],"medium_large":["https:\/\/bulkgenetics.com\/wp-content\/uploads\/2024\/05\/rainmaker-strain-weed-feminized-seeds-768x768.jpg",768,768,true],"large":["https:\/\/bulkgenetics.com\/wp-content\/uploads\/2024\/05\/rainmaker-strain-weed-feminized-seeds-1024x1024.jpg",1024,1024,true],"1536x1536":["https:\/\/bulkgenetics.com\/wp-content\/uploads\/2024\/05\/rainmaker-strain-weed-feminized-seeds-1536x1536.jpg",1536,1536,true],"2048x2048":["https:\/\/bulkgenetics.com\/wp-content\/uploads\/2024\/05\/rainmaker-strain-weed-feminized-seeds.jpg",1600,1600,false],"commercegurus-pdp-large":["https:\/\/bulkgenetics.com\/wp-content\/uploads\/2024\/05\/rainmaker-strain-weed-feminized-seeds-990x990.jpg",990,990,true],"commercegurus-plp-mobile":["https:\/\/bulkgenetics.com\/wp-content\/uploads\/2024\/05\/rainmaker-strain-weed-feminized-seeds-441x441.jpg",441,441,true],"cgkit_image_swatch":["https:\/\/bulkgenetics.com\/wp-content\/uploads\/2024\/05\/rainmaker-strain-weed-feminized-seeds-100x100.jpg",100,100,true],"woocommerce_thumbnail":["https:\/\/bulkgenetics.com\/wp-content\/uploads\/2024\/05\/rainmaker-strain-weed-feminized-seeds-300x300.jpg",300,300,true],"woocommerce_single":["https:\/\/bulkgenetics.com\/wp-content\/uploads\/2024\/05\/rainmaker-strain-weed-feminized-seeds-800x800.jpg",800,800,true],"woocommerce_gallery_thumbnail":["https:\/\/bulkgenetics.com\/wp-content\/uploads\/2024\/05\/rainmaker-strain-weed-feminized-seeds-150x150.jpg",150,150,true],"dgwt-wcas-product-suggestion":["https:\/\/bulkgenetics.com\/wp-content\/uploads\/2024\/05\/rainmaker-strain-weed-feminized-seeds-64x64.jpg",64,64,true]},"uagb_author_info":{"display_name":"Bruno Crespo","author_link":"https:\/\/bulkgenetics.com\/fr\/author\/"},"uagb_comment_info":0,"uagb_excerpt":"Rainmaker est une vari\u00e9t\u00e9 puissante Indica\/Sativa qui combine les meilleurs traits de Citral Skunk et Mandarin Sunset. Avec un THC allant jusqu'\u00e0 32% et une saveur unique de skunk, agrumes et fromage, cette plante \u00e0 haut rendement est id\u00e9ale pour ceux qui recherchent des r\u00e9coltes abondantes et des effets euphoriques et relaxants.","_links":{"self":[{"href":"https:\/\/bulkgenetics.com\/fr\/wp-json\/wp\/v2\/product\/24425","targetHints":{"allow":["GET"]}}],"collection":[{"href":"https:\/\/bulkgenetics.com\/fr\/wp-json\/wp\/v2\/product"}],"about":[{"href":"https:\/\/bulkgenetics.com\/fr\/wp-json\/wp\/v2\/types\/product"}],"replies":[{"embeddable":true,"href":"https:\/\/bulkgenetics.com\/fr\/wp-json\/wp\/v2\/comments?post=24425"}],"wp:featuredmedia":[{"embeddable":true,"href":"https:\/\/bulkgenetics.com\/fr\/wp-json\/wp\/v2\/media\/24544"}],"wp:attachment":[{"href":"https:\/\/bulkgenetics.com\/fr\/wp-json\/wp\/v2\/media?parent=24425"}],"wp:term":[{"taxonomy":"product_brand","embeddable":true,"href":"https:\/\/bulkgenetics.com\/fr\/wp-json\/wp\/v2\/product_brand?post=24425"},{"taxonomy":"product_cat","embeddable":true,"href":"https:\/\/bulkgenetics.com\/fr\/wp-json\/wp\/v2\/product_cat?post=24425"},{"taxonomy":"product_tag","embeddable":true,"href":"https:\/\/bulkgenetics.com\/fr\/wp-json\/wp\/v2\/product_tag?post=24425"}],"curies":[{"name":"wp","href":"https:\/\/api.w.org\/{rel}","templated":true}]}}