{"id":24428,"date":"2024-05-20T11:51:06","date_gmt":"2024-05-20T09:51:06","guid":{"rendered":"https:\/\/bulkgenetics.com\/?post_type=product&#038;p=24428"},"modified":"2024-10-08T01:08:47","modified_gmt":"2024-10-07T23:08:47","slug":"otter-popz","status":"publish","type":"product","link":"https:\/\/bulkgenetics.com\/fr\/otter-popz\/","title":{"rendered":"Otter Popz"},"content":{"rendered":"\n<p><strong>Otter Popz<\/strong> est un joyau g\u00e9n\u00e9tique qui combine des saveurs nouvelles avec la touche classique de la <strong><a href=\"https:\/\/bulkgenetics.com\/fr\/kosher-kush\/\">Kosher Kush<\/a><\/strong>. Elle est issue du croisement entre la l\u00e9gendaire <strong>Gelato 41<\/strong> et la d\u00e9licieuse <strong>Animal Mints<\/strong>, deux vari\u00e9t\u00e9s qui, \u00e0 elles seules, sont synonymes de qualit\u00e9 et de puissance. Le m\u00e9lange de ces g\u00e9ants a donn\u00e9 naissance \u00e0 une vari\u00e9t\u00e9 qui est devenue un v\u00e9ritable ph\u00e9nom\u00e8ne dans le monde du cannabis.<\/p>\n\n\n\n<p>Otter Popz est une plante qui se distingue par sa structure compacte et son niveau de ramification mod\u00e9r\u00e9. Les tons violets dominent la plupart de ses sp\u00e9cimens, donnant une touche visuelle impressionnante \u00e0 toute culture. Ses t\u00eates sont denses, en forme de diamant et d&#8217;une couleur vert for\u00eat orn\u00e9e de fins poils orange et d&#8217;une couche de trichomes blancs cristallins teint\u00e9s d&#8217;ambre fonc\u00e9, exsudant une r\u00e9sine douce et collante. Les cultivateurs exp\u00e9riment\u00e9s et novices louent son excellent ratio calice\/feuille et ses grandes bract\u00e9es, facilitant la manucure et id\u00e9ales pour la production de haschisch.<\/p>\n\n\n\n<h2 class=\"wp-block-heading\">Saveur et Effets<\/h2>\n\n\n\n<p>La saveur de <strong>Otter Popz<\/strong> est une explosion pour les sens, un m\u00e9lange sucr\u00e9 et fruit\u00e9 qui rappelle une friandise d&#8217;enfance. Son go\u00fbt de cerise et de baies avec une touche d&#8217;agrumes cr\u00e9meux et acidul\u00e9s se marie parfaitement avec un ar\u00f4me similaire incluant des nuances de menthol, de noix et de terre. Chaque bouff\u00e9e est comme un voyage sensoriel, une exp\u00e9rience que les amateurs de cannabis ne voudront pas manquer.<\/p>\n\n\n\n<p>Les effets d&#8217;Otter Popz ne sont pas en reste. Avec un taux de THC oscillant entre 30 % et 33 %, cette vari\u00e9t\u00e9 offre un high presque instantan\u00e9 qui inonde le cerveau d&#8217;une euphorie expansive et vertigineuse. L&#8217;esprit se sent l\u00e9ger, rempli de bonheur et de cr\u00e9ativit\u00e9, parfait pour les moments o\u00f9 vous avez besoin d&#8217;un coup de pouce suppl\u00e9mentaire d&#8217;inspiration. En m\u00eame temps, elle provoque des \u00e9clats de rire alternant avec une clart\u00e9 cr\u00e9ative unique.<\/p>\n\n\n\n<p>En plus de son puissant effet r\u00e9cr\u00e9atif, Otter Popz poss\u00e8de des propri\u00e9t\u00e9s m\u00e9dicinales remarquables. Elle est id\u00e9ale pour traiter le stress chronique, le trouble de stress post-traumatique (TSPT), la d\u00e9pression, les sautes d&#8217;humeur et la perte d&#8217;app\u00e9tit ou les naus\u00e9es. Cet \u00e9quilibre parfait entre le ludique et le th\u00e9rapeutique fait d&#8217;Otter Popz une option polyvalente tant pour l&#8217;usage r\u00e9cr\u00e9atif que m\u00e9dical.<\/p>\n\n\n\n<h2 class=\"wp-block-heading\">Production et Temps de Floraison<\/h2>\n\n\n\n<p>La <strong>Otter Popz<\/strong> est une plante qui impressionne non seulement par sa saveur et ses effets, mais aussi par son rendement et sa rapidit\u00e9 de floraison. En culture int\u00e9rieure, cette vari\u00e9t\u00e9 se distingue par sa productivit\u00e9, offrant jusqu&#8217;\u00e0 700 grammes par m\u00e8tre carr\u00e9. Gr\u00e2ce \u00e0 sa structure compacte et mod\u00e9r\u00e9ment ramifi\u00e9e, elle est parfaite pour les espaces limit\u00e9s et les syst\u00e8mes de culture intensive.<\/p>\n\n\n\n<p>En ext\u00e9rieur, Otter Popz ne d\u00e9\u00e7oit pas non plus. Avec les conditions ad\u00e9quates, elle peut produire entre 600 et 800 grammes par plante. Sa robustesse et sa r\u00e9sistance la rendent id\u00e9ale pour diff\u00e9rents climats, \u00e0 condition qu&#8217;elle re\u00e7oive une bonne dose de soleil et des nutriments de qualit\u00e9.<\/p>\n\n\n\n<p>En ce qui concerne le temps de floraison, Otter Popz est relativement rapide. En int\u00e9rieur, elle termine son cycle de floraison en seulement 60-70 jours. Cette p\u00e9riode courte permet aux cultivateurs d&#8217;obtenir plusieurs r\u00e9coltes par an, maximisant l&#8217;utilisation de leurs installations. En ext\u00e9rieur, la r\u00e9colte est g\u00e9n\u00e9ralement pr\u00eate \u00e0 la mi-octobre dans l&#8217;h\u00e9misph\u00e8re nord et \u00e0 la mi-avril dans l&#8217;h\u00e9misph\u00e8re sud, ce qui en fait une option id\u00e9ale pour ceux qui recherchent une production abondante et de haute qualit\u00e9 en peu de temps.<\/p>\n\n\n\n<h2 class=\"wp-block-heading\">Comment Cultiver Otter Popz<\/h2>\n\n\n\n<p>Pour ceux qui souhaitent se lancer dans la culture de <strong>Otter Popz<\/strong>, voici quelques conseils pour obtenir les meilleurs r\u00e9sultats. Cette vari\u00e9t\u00e9 a une <strong>difficult\u00e9 de culture moyenne<\/strong>, ce qui signifie que les cultivateurs novices comme les plus exp\u00e9riment\u00e9s peuvent profiter de sa culture. Cependant, un peu d&#8217;exp\u00e9rience peut \u00eatre utile pour maximiser son potentiel productif.<\/p>\n\n\n\n<p>Otter Popz prosp\u00e8re dans des climats chauds et ensoleill\u00e9s, bien qu&#8217;elle puisse \u00e9galement s&#8217;adapter \u00e0 des environnements contr\u00f4l\u00e9s en int\u00e9rieur. Il est important de s&#8217;assurer que les plantes re\u00e7oivent une bonne quantit\u00e9 de lumi\u00e8re, qu&#8217;elle soit naturelle ou artificielle, et que le niveau de nutriments soit ad\u00e9quat. Cette vari\u00e9t\u00e9 montre une r\u00e9sistance notable aux fluctuations de nutriments avec une haute teneur en EC, ce qui facilite sa gestion tout au long du cycle de culture.<\/p>\n\n\n\n<p>En ce qui concerne sa <strong>r\u00e9sistance aux parasites et aux maladies<\/strong>, Otter Popz est assez robuste. Cependant, il est toujours recommand\u00e9 de maintenir une surveillance constante pour d\u00e9tecter tout signe de probl\u00e8me et agir rapidement si n\u00e9cessaire. La pr\u00e9vention, comme l&#8217;utilisation de produits organiques et une bonne gestion de l&#8217;environnement de culture, peut aider \u00e0 maintenir les plantes saines et productives.<\/p>\n\n\n\n<div class=\"wp-block-columns is-layout-flex wp-container-core-columns-is-layout-28f84493 wp-block-columns-is-layout-flex\">\n<div class=\"wp-block-column is-layout-flow wp-block-column-is-layout-flow\">\n<p class=\"has-text-align-center has-medium-font-size\"><strong>Ce que nous aimons le plus<\/strong><\/p>\n\n\n\n<ul class=\"wp-block-list\">\n<li>Savour sucr\u00e9 et fruit\u00e9, avec des nuances de cerise et d&#8217;agrumes.<\/li>\n\n\n\n<li>Effets puissants et \u00e9quilibr\u00e9s, id\u00e9aux tant pour un usage r\u00e9cr\u00e9atif que m\u00e9dical.<\/li>\n\n\n\n<li>Haute production tant en int\u00e9rieur qu&#8217;en ext\u00e9rieur.<\/li>\n\n\n\n<li>R\u00e9sistance aux fluctuations de nutriments et facilit\u00e9 de manucure.<\/li>\n<\/ul>\n<\/div>\n\n\n\n<div class=\"wp-block-column is-layout-flow wp-block-column-is-layout-flow\">\n<p class=\"has-text-align-center has-medium-font-size\"><strong>Ce que nous aimons le moins<\/strong><\/p>\n\n\n\n<ul class=\"wp-block-list\">\n<li>Peut n\u00e9cessiter un peu d&#8217;exp\u00e9rience pour maximiser son potentiel productif.<\/li>\n\n\n\n<li>A besoin d&#8217;un climat chaud et ensoleill\u00e9 pour donner son meilleur rendement en ext\u00e9rieur.<\/li>\n<\/ul>\n<\/div>\n<\/div>\n\n\n\n<div style=\"height:50px\" aria-hidden=\"true\" class=\"wp-block-spacer uag-hide-mob\"><\/div>\n\n\n\n<h2 class=\"wp-block-heading\">Questions Fr\u00e9quemment Pos\u00e9es<\/h2>\n\n\n\n<p>Vous trouverez ci-dessous les r\u00e9ponses aux questions les plus fr\u00e9quentes pos\u00e9es par les cultivateurs int\u00e9ress\u00e9s par cette vari\u00e9t\u00e9 :<\/p>\n\n\n<div id=\"rank-math-faq\" class=\"rank-math-block\">\n<div class=\"rank-math-list \">\n<div id=\"faq-question-1663029074962\" class=\"rank-math-list-item\">\n<h3 class=\"rank-math-question \">Otter Popz est-elle sativa ou indica ?<\/h3>\n<div class=\"rank-math-answer \">\n\n<p>Otter Popz est une vari\u00e9t\u00e9 hybride 50 % sativa et 50 % indica. Elle combine le meilleur des deux mondes, offrant une structure g\u00e9rable et des effets \u00e9quilibr\u00e9s qui peuvent \u00eatre appr\u00e9ci\u00e9s \u00e0 tout moment de la journ\u00e9e.<\/p>\n\n<\/div>\n<\/div>\n<div id=\"faq-question-1663029159933\" class=\"rank-math-list-item\">\n<h3 class=\"rank-math-question \">Quel niveau de THC peut-on attendre de Otter Popz ?<\/h3>\n<div class=\"rank-math-answer \">\n\n<p>Otter Popz a un niveau de THC tr\u00e8s \u00e9lev\u00e9, qui varie entre 30 % et 33 %. Ce niveau de THC garantit un effet puissant, adapt\u00e9 \u00e0 la fois \u00e0 l&#8217;usage r\u00e9cr\u00e9atif et m\u00e9dical, soulageant des probl\u00e8mes tels que le stress, la d\u00e9pression et la perte d&#8217;app\u00e9tit.<\/p>\n\n<\/div>\n<\/div>\n<div id=\"faq-question-1663029165861\" class=\"rank-math-list-item\">\n<h3 class=\"rank-math-question \">Combien de temps faut-il \u00e0 Otter Popz pour fleurir ?<\/h3>\n<div class=\"rank-math-answer \">\n\n<p>En culture int\u00e9rieure, Otter Popz met entre 60 et 70 jours pour compl\u00e9ter son cycle de floraison. En ext\u00e9rieur, la r\u00e9colte est pr\u00eate vers la mi-octobre dans l&#8217;h\u00e9misph\u00e8re nord et \u00e0 la mi-avril dans l&#8217;h\u00e9misph\u00e8re sud.<\/p>\n\n<\/div>\n<\/div>\n<div id=\"faq-question-1666780029954\" class=\"rank-math-list-item\">\n<h3 class=\"rank-math-question \">Quelle est la production de Otter Popz en int\u00e9rieur et en ext\u00e9rieur ?<\/h3>\n<div class=\"rank-math-answer \">\n\n<p>Otter Popz est une plante tr\u00e8s productive. En int\u00e9rieur, elle peut produire jusqu&#8217;\u00e0 700 grammes par m\u00e8tre carr\u00e9, tandis qu&#8217;en ext\u00e9rieur, elle peut rendre entre 600 et 800 grammes par plante, \u00e0 condition qu&#8217;elle re\u00e7oive des conditions de lumi\u00e8re et de nutriments ad\u00e9quates.<\/p>\n\n<\/div>\n<\/div>\n<div id=\"faq-question-1713349304979\" class=\"rank-math-list-item\">\n<h3 class=\"rank-math-question \">Est-il difficile de cultiver Otter Popz ?<\/h3>\n<div class=\"rank-math-answer \">\n\n<p>Otter Popz a une difficult\u00e9 de culture moyenne, ce qui la rend accessible tant aux cultivateurs novices qu&#8217;aux plus exp\u00e9riment\u00e9s. Sa r\u00e9sistance aux fluctuations de nutriments et sa structure compacte facilitent sa gestion, bien qu&#8217;un peu d&#8217;exp\u00e9rience puisse aider \u00e0 maximiser son potentiel.<\/p>\n\n<\/div>\n<\/div>\n<div id=\"faq-question-1716197778573\" class=\"rank-math-list-item\">\n<h3 class=\"rank-math-question \">Quel climat est le mieux adapt\u00e9 pour cultiver Otter Popz ?<\/h3>\n<div class=\"rank-math-answer \">\n\n<p>Otter Popz prosp\u00e8re dans des climats chauds et ensoleill\u00e9s. En ext\u00e9rieur, elle a besoin d&#8217;un endroit bien expos\u00e9 au soleil et d&#8217;une nutrition ad\u00e9quate pour atteindre son plein potentiel. En int\u00e9rieur, elle s&#8217;adapte bien \u00e0 des environnements contr\u00f4l\u00e9s avec suffisamment de lumi\u00e8re et une gestion ad\u00e9quate des nutriments.<\/p>\n\n<\/div>\n<\/div>\n<\/div>\n<\/div>","protected":false},"excerpt":{"rendered":"<p><b>Otter Popz<\/b> combine le go\u00fbt <strong>sucr\u00e9 et fruit\u00e9 irr\u00e9sistible<\/strong> de Gelato 41 et Animal Mints avec une puissance allant <strong>jusqu&#8217;\u00e0 33 % de THC<\/strong>. Avec une structure compacte et une <strong>production \u00e9lev\u00e9e<\/strong>, cette vari\u00e9t\u00e9 hybride est parfaite pour les cultivateurs novices et exp\u00e9riment\u00e9s. D\u00e9couvrez l&#8217;\u00e9quilibre parfait\u00a0!<\/p>\n","protected":false},"featured_media":24436,"comment_status":"open","ping_status":"closed","template":"","meta":{"_acf_changed":false,"inline_featured_image":false,"_uag_custom_page_level_css":""},"product_brand":[],"product_cat":[1125],"product_tag":[],"class_list":{"0":"post-24428","1":"product","2":"type-product","3":"status-publish","4":"has-post-thumbnail","6":"product_cat-graines-feminisees-en-gros","8":"first","9":"outofstock","10":"taxable","11":"shipping-taxable","12":"purchasable","13":"product-type-simple"},"acf":[],"uagb_featured_image_src":{"full":["https:\/\/bulkgenetics.com\/wp-content\/uploads\/2024\/05\/otter-popz-strain-weed-feminized-seeds.jpg",1600,1600,false],"thumbnail":["https:\/\/bulkgenetics.com\/wp-content\/uploads\/2024\/05\/otter-popz-strain-weed-feminized-seeds-150x150.jpg",150,150,true],"medium":["https:\/\/bulkgenetics.com\/wp-content\/uploads\/2024\/05\/otter-popz-strain-weed-feminized-seeds-300x300.jpg",300,300,true],"medium_large":["https:\/\/bulkgenetics.com\/wp-content\/uploads\/2024\/05\/otter-popz-strain-weed-feminized-seeds-768x768.jpg",768,768,true],"large":["https:\/\/bulkgenetics.com\/wp-content\/uploads\/2024\/05\/otter-popz-strain-weed-feminized-seeds-1024x1024.jpg",1024,1024,true],"1536x1536":["https:\/\/bulkgenetics.com\/wp-content\/uploads\/2024\/05\/otter-popz-strain-weed-feminized-seeds-1536x1536.jpg",1536,1536,true],"2048x2048":["https:\/\/bulkgenetics.com\/wp-content\/uploads\/2024\/05\/otter-popz-strain-weed-feminized-seeds.jpg",1600,1600,false],"commercegurus-pdp-large":["https:\/\/bulkgenetics.com\/wp-content\/uploads\/2024\/05\/otter-popz-strain-weed-feminized-seeds-990x990.jpg",990,990,true],"commercegurus-plp-mobile":["https:\/\/bulkgenetics.com\/wp-content\/uploads\/2024\/05\/otter-popz-strain-weed-feminized-seeds-441x441.jpg",441,441,true],"cgkit_image_swatch":["https:\/\/bulkgenetics.com\/wp-content\/uploads\/2024\/05\/otter-popz-strain-weed-feminized-seeds-100x100.jpg",100,100,true],"woocommerce_thumbnail":["https:\/\/bulkgenetics.com\/wp-content\/uploads\/2024\/05\/otter-popz-strain-weed-feminized-seeds-300x300.jpg",300,300,true],"woocommerce_single":["https:\/\/bulkgenetics.com\/wp-content\/uploads\/2024\/05\/otter-popz-strain-weed-feminized-seeds-800x800.jpg",800,800,true],"woocommerce_gallery_thumbnail":["https:\/\/bulkgenetics.com\/wp-content\/uploads\/2024\/05\/otter-popz-strain-weed-feminized-seeds-150x150.jpg",150,150,true],"dgwt-wcas-product-suggestion":["https:\/\/bulkgenetics.com\/wp-content\/uploads\/2024\/05\/otter-popz-strain-weed-feminized-seeds-64x64.jpg",64,64,true]},"uagb_author_info":{"display_name":"\u00c1ngel Flores","author_link":"https:\/\/bulkgenetics.com\/fr\/author\/"},"uagb_comment_info":0,"uagb_excerpt":"Otter Popz combine le go\u00fbt sucr\u00e9 et fruit\u00e9 irr\u00e9sistible de Gelato 41 et Animal Mints avec une puissance allant jusqu'\u00e0 33 % de THC. Avec une structure compacte et une production \u00e9lev\u00e9e, cette vari\u00e9t\u00e9 hybride est parfaite pour les cultivateurs novices et exp\u00e9riment\u00e9s. D\u00e9couvrez l'\u00e9quilibre parfait\u00a0!","_links":{"self":[{"href":"https:\/\/bulkgenetics.com\/fr\/wp-json\/wp\/v2\/product\/24428","targetHints":{"allow":["GET"]}}],"collection":[{"href":"https:\/\/bulkgenetics.com\/fr\/wp-json\/wp\/v2\/product"}],"about":[{"href":"https:\/\/bulkgenetics.com\/fr\/wp-json\/wp\/v2\/types\/product"}],"replies":[{"embeddable":true,"href":"https:\/\/bulkgenetics.com\/fr\/wp-json\/wp\/v2\/comments?post=24428"}],"wp:featuredmedia":[{"embeddable":true,"href":"https:\/\/bulkgenetics.com\/fr\/wp-json\/wp\/v2\/media\/24436"}],"wp:attachment":[{"href":"https:\/\/bulkgenetics.com\/fr\/wp-json\/wp\/v2\/media?parent=24428"}],"wp:term":[{"taxonomy":"product_brand","embeddable":true,"href":"https:\/\/bulkgenetics.com\/fr\/wp-json\/wp\/v2\/product_brand?post=24428"},{"taxonomy":"product_cat","embeddable":true,"href":"https:\/\/bulkgenetics.com\/fr\/wp-json\/wp\/v2\/product_cat?post=24428"},{"taxonomy":"product_tag","embeddable":true,"href":"https:\/\/bulkgenetics.com\/fr\/wp-json\/wp\/v2\/product_tag?post=24428"}],"curies":[{"name":"wp","href":"https:\/\/api.w.org\/{rel}","templated":true}]}}