{"id":24448,"date":"2024-05-21T12:03:29","date_gmt":"2024-05-21T10:03:29","guid":{"rendered":"https:\/\/bulkgenetics.com\/?post_type=product&#038;p=24448"},"modified":"2024-10-08T01:04:09","modified_gmt":"2024-10-07T23:04:09","slug":"lemon-sherbert-purple","status":"publish","type":"product","link":"https:\/\/bulkgenetics.com\/fr\/lemon-sherbert-purple\/","title":{"rendered":"Lemon Sherbert Purple"},"content":{"rendered":"\n<p><strong>Lemon Sherbert Purple<\/strong> est le r\u00e9sultat d&#8217;un brillant croisement entre <strong>Lemon Sherbet<\/strong> et <strong><a href=\"https:\/\/bulkgenetics.com\/fr\/purple-punch\/\">Purple Punch<\/a><\/strong>, deux g\u00e9ants g\u00e9n\u00e9tiques qui ont donn\u00e9 naissance \u00e0 une vari\u00e9t\u00e9 hybride l\u00e9g\u00e8rement dominante sativa. Cette merveille g\u00e9n\u00e9tique se distingue par sa stabilit\u00e9 et sa capacit\u00e9 \u00e0 d\u00e9velopper des plantes vigoureuses et ramifi\u00e9es.<\/p>\n\n\n\n<p>Avec une p\u00e9riode de floraison rapide, cette vari\u00e9t\u00e9 produit de grosses t\u00eates compactes et r\u00e9sineuses, avec une touche pourpre distinctive qui les rend visuellement irr\u00e9sistibles. De plus, elle est tr\u00e8s r\u00e9sistante et facile \u00e0 cultiver, ce qui en fait un choix favori tant pour les cultivateurs d\u00e9butants qu&#8217;exp\u00e9riment\u00e9s.<\/p>\n\n\n\n<h2 class=\"wp-block-heading\">Saveur et Effets<\/h2>\n\n\n\n<p>La saveur de <strong>Lemon Sherbert Purple<\/strong> est une explosion de sensations. Ses qualit\u00e9s organoleptiques sont intenses, avec un m\u00e9lange de notes cr\u00e9meuses, citronn\u00e9es et menthol\u00e9es qui se combinent avec des touches sucr\u00e9es. Ce profil de saveur se transforme en une exp\u00e9rience unique et agr\u00e9able, de la premi\u00e8re inhalation jusqu&#8217;au dernier souffle.<\/p>\n\n\n\n<p>Quant \u00e0 l&#8217;effet, <strong>Lemon Sherbert Purple<\/strong> offre une relaxation corporelle profonde qui se ressent comme une \u00e9treinte chaleureuse et r\u00e9confortante. Cependant, son effet n&#8217;est pas compl\u00e8tement s\u00e9datif, car il procure une stimulation c\u00e9r\u00e9brale optimale qui induit \u00e0 la cr\u00e9ativit\u00e9 et au rire. Cette combinaison la rend id\u00e9ale pour combattre la fatigue et la d\u00e9pression, ainsi que pour stimuler l&#8217;app\u00e9tit.<\/p>\n\n\n\n<p>Avec une teneur en <strong>THC de 22%<\/strong> et <strong>CBD de 0,5%<\/strong>, cette vari\u00e9t\u00e9 garantit une exp\u00e9rience puissante mais \u00e9quilibr\u00e9e. Elle est parfaite pour ceux qui recherchent un repos profond apr\u00e8s une journ\u00e9e \u00e9puisante ou qui veulent simplement passer un bon moment en compagnie.<\/p>\n\n\n\n<h2 class=\"wp-block-heading\">Production et Temps de Floraison<\/h2>\n\n\n\n<p>La <strong>Lemon Sherbert Purple<\/strong> est une vari\u00e9t\u00e9 qui brille tant en cultures int\u00e9rieures qu&#8217;ext\u00e9rieures, offrant une production g\u00e9n\u00e9reuse qui satisfait tout cultivateur. En int\u00e9rieur, cette vari\u00e9t\u00e9 atteint une production allant jusqu&#8217;\u00e0 <strong>500 grammes par m\u00e8tre carr\u00e9<\/strong>. Le temps de floraison est d&#8217;environ <strong>8-9 semaines<\/strong> apr\u00e8s le passage en 12\/12.<\/p>\n\n\n\n<p>En cultures ext\u00e9rieures, <strong>Lemon Sherbert Purple<\/strong> se distingue \u00e9galement par son rendement. Chaque plante peut produire environ <strong>600-800 grammes<\/strong>, ce qui en fait un excellent choix pour ceux qui ont l&#8217;espace pour la cultiver en plein air. La r\u00e9colte en ext\u00e9rieur est pr\u00eate pour la mi-<strong>octobre<\/strong>, offrant des fleurs tentantes juste \u00e0 temps pour l&#8217;automne.<\/p>\n\n\n\n<h2 class=\"wp-block-heading\">Comment Cultiver Lemon Sherbert Purple<\/h2>\n\n\n\n<p>La culture de la vari\u00e9t\u00e9 <strong>Lemon Sherbert Purple<\/strong> est une exp\u00e9rience gratifiante tant pour les cultivateurs novices qu&#8217;exp\u00e9riment\u00e9s. Cette vari\u00e9t\u00e9 se caract\u00e9rise par sa <strong>facilit\u00e9 de culture<\/strong>, ce qui en fait un choix id\u00e9al pour ceux qui d\u00e9butent dans la culture du cannabis, ainsi que pour ceux ayant plus d&#8217;exp\u00e9rience \u00e0 la recherche d&#8217;une plante robuste et \u00e0 haut rendement.<\/p>\n\n\n\n<p>Pour obtenir les meilleurs r\u00e9sultats, nous recommandons de cultiver <strong>Lemon Sherbert Purple<\/strong> dans un climat <strong>temp\u00e9r\u00e9 et ensoleill\u00e9<\/strong>. Cette vari\u00e9t\u00e9 s&#8217;adapte bien aux cultures int\u00e9rieures comme ext\u00e9rieures, mais pr\u00e9f\u00e8re les conditions o\u00f9 elle peut recevoir beaucoup de lumi\u00e8re et de chaleur. En int\u00e9rieur, il est essentiel de maintenir une bonne ventilation et de contr\u00f4ler les niveaux d&#8217;humidit\u00e9 pour pr\u00e9venir les probl\u00e8mes de moisissure et de champignons.<\/p>\n\n\n\n<p>Un des grands avantages de <strong>Lemon Sherbert Purple<\/strong> est sa <strong>r\u00e9sistance aux parasites et aux maladies<\/strong>. Cette plante montre une remarquable robustesse contre les attaques d&#8217;insectes et les maladies courantes, ce qui facilite encore plus sa culture et r\u00e9duit la n\u00e9cessit\u00e9 de traitements chimiques intensifs.<\/p>\n\n\n\n<p>Voici deux courtes listes de ce que nous aimons le plus et le moins dans cette vari\u00e9t\u00e9 :<\/p>\n\n\n\n<div class=\"wp-block-columns is-layout-flex wp-container-core-columns-is-layout-28f84493 wp-block-columns-is-layout-flex\">\n<div class=\"wp-block-column is-layout-flow wp-block-column-is-layout-flow\">\n<p class=\"has-text-align-center has-medium-font-size\"><strong>Ce que nous aimons le plus<\/strong><\/p>\n\n\n\n<ul class=\"wp-block-list\">\n<li>Facilit\u00e9 de culture, id\u00e9ale pour tous les niveaux.<\/li>\n\n\n\n<li>Saveur cr\u00e9meuse et menthol\u00e9e, avec des touches citronn\u00e9es et sucr\u00e9es irr\u00e9sistibles.<\/li>\n\n\n\n<li>Production g\u00e9n\u00e9reuse tant en int\u00e9rieur qu&#8217;en ext\u00e9rieur.<\/li>\n\n\n\n<li>R\u00e9sistance aux parasites et aux maladies.<\/li>\n<\/ul>\n<\/div>\n\n\n\n<div class=\"wp-block-column is-layout-flow wp-block-column-is-layout-flow\">\n<p class=\"has-text-align-center has-medium-font-size\"><strong>Ce que nous aimons le moins<\/strong><\/p>\n\n\n\n<ul class=\"wp-block-list\">\n<li>Elle n\u00e9cessite un climat temp\u00e9r\u00e9 et ensoleill\u00e9 pour un rendement optimal.<\/li>\n\n\n\n<li>La r\u00e9colte en ext\u00e9rieur est retard\u00e9e jusqu&#8217;en octobre.<\/li>\n<\/ul>\n<\/div>\n<\/div>\n\n\n\n<div style=\"height:50px\" aria-hidden=\"true\" class=\"wp-block-spacer uag-hide-mob\"><\/div>\n\n\n\n<h2 class=\"wp-block-heading\">Questions Fr\u00e9quemment Pos\u00e9es<\/h2>\n\n\n\n<p>Vous trouverez ci-dessous les r\u00e9ponses aux questions les plus fr\u00e9quemment pos\u00e9es par les cultivateurs int\u00e9ress\u00e9s par cette vari\u00e9t\u00e9 :<\/p>\n\n\n<div id=\"rank-math-faq\" class=\"rank-math-block\">\n<div class=\"rank-math-list \">\n<div id=\"faq-question-1663029159933\" class=\"rank-math-list-item\">\n<h3 class=\"rank-math-question \">Lemon Sherbert Purple est-elle sativa ou indica ?<\/h3>\n<div class=\"rank-math-answer \">\n\n<p>Lemon Sherbert Purple est une vari\u00e9t\u00e9 hybride qui combine le meilleur des g\u00e9n\u00e9tiques sativa et indica. Bien qu&#8217;elle ait une dominance sativa, elle pr\u00e9sente des caract\u00e9ristiques des deux. Les sativas sont g\u00e9n\u00e9ralement plus grandes et plus minces, avec des feuilles \u00e9troites et un effet \u00e9nergisant et c\u00e9r\u00e9bral. En revanche, les indicas sont plus compactes et robustes, avec des feuilles larges et un effet relaxant et corporel. Lemon Sherbert Purple, \u00e9tant hybride, offre un m\u00e9lange \u00e9quilibr\u00e9 de ces effets, procurant une relaxation profonde accompagn\u00e9e d&#8217;une stimulation c\u00e9r\u00e9brale optimale.<\/p>\n\n<\/div>\n<\/div>\n<div id=\"faq-question-1663029165861\" class=\"rank-math-list-item\">\n<h3 class=\"rank-math-question \">Combien de temps faut-il \u00e0 Lemon Sherbert Purple pour fleurir ?<\/h3>\n<div class=\"rank-math-answer \">\n\n<p>Le temps de floraison de Lemon Sherbert Purple en int\u00e9rieur est d&#8217;environ 8-9 semaines. Pour les cultures en ext\u00e9rieur, la r\u00e9colte est pr\u00e9vue pour octobre. Cette p\u00e9riode de floraison relativement courte permet aux cultivateurs d&#8217;obtenir une r\u00e9colte g\u00e9n\u00e9reuse en un temps efficient.<\/p>\n\n<\/div>\n<\/div>\n<div id=\"faq-question-1666780029954\" class=\"rank-math-list-item\">\n<h3 class=\"rank-math-question \">Quelle est la production attendue de Lemon Sherbert Purple ?<\/h3>\n<div class=\"rank-math-answer \">\n\n<p>En int\u00e9rieur, Lemon Sherbert Purple peut produire jusqu&#8217;\u00e0 500 grammes par m\u00e8tre carr\u00e9, tandis qu&#8217;en ext\u00e9rieur, la production peut atteindre 800 grammes par plante. Ces chiffres en font une option tr\u00e8s productive et rentable pour les cultivateurs.<\/p>\n\n<\/div>\n<\/div>\n<div id=\"faq-question-1713349304979\" class=\"rank-math-list-item\">\n<h3 class=\"rank-math-question \">Quel est le climat id\u00e9al pour cultiver Lemon Sherbert Purple ?<\/h3>\n<div class=\"rank-math-answer \">\n\n<p>Pour obtenir les meilleurs r\u00e9sultats, nous recommandons de cultiver Lemon Sherbert Purple dans un climat temp\u00e9r\u00e9 et ensoleill\u00e9. Cette vari\u00e9t\u00e9 s&#8217;adapte bien \u00e0 diff\u00e9rents environnements, mais prosp\u00e8re particuli\u00e8rement dans des conditions o\u00f9 elle peut recevoir beaucoup de lumi\u00e8re et de chaleur. Il est important de maintenir une bonne ventilation et de contr\u00f4ler les niveaux d&#8217;humidit\u00e9 en int\u00e9rieur pour \u00e9viter les probl\u00e8mes de moisissure et de champignons.<\/p>\n\n<\/div>\n<\/div>\n<div id=\"faq-question-1716197778573\" class=\"rank-math-list-item\">\n<h3 class=\"rank-math-question \">Quels sont les effets de la consommation de Lemon Sherbert Purple ?<\/h3>\n<div class=\"rank-math-answer \">\n\n<p>La consommation de Lemon Sherbert Purple offre une combinaison d&#8217;effets relaxants et stimulants. Gr\u00e2ce \u00e0 sa teneur en THC de 22%, elle procure une relaxation corporelle profonde et agr\u00e9able, id\u00e9ale pour combattre la fatigue et le stress. En m\u00eame temps, son effet c\u00e9r\u00e9bral est optimal pour stimuler la cr\u00e9ativit\u00e9 et la bonne humeur. Elle contient \u00e9galement 0,5% de CBD, ce qui aide \u00e0 \u00e9quilibrer les effets et \u00e0 offrir une exp\u00e9rience plus contr\u00f4l\u00e9e.<\/p>\n\n<\/div>\n<\/div>\n<\/div>\n<\/div>","protected":false},"excerpt":{"rendered":"<p><b>Lemon Sherbert Purple de Bulk Genetics<\/b> combine le meilleur de Lemon Sherbet et Purple Punch, offrant des t\u00eates r\u00e9sineuses et cr\u00e9meuses avec une touche pourpre unique. Avec un puissant 22% de THC, cette vari\u00e9t\u00e9 hybride facile \u00e0 cultiver garantit une relaxation profonde et une exp\u00e9rience de saveur exceptionnelle. Id\u00e9al pour les cultivateurs exigeants!<\/p>\n","protected":false},"featured_media":24850,"comment_status":"open","ping_status":"closed","template":"","meta":{"_acf_changed":false,"inline_featured_image":false,"_uag_custom_page_level_css":""},"product_brand":[],"product_cat":[1125],"product_tag":[],"class_list":{"0":"post-24448","1":"product","2":"type-product","3":"status-publish","4":"has-post-thumbnail","6":"product_cat-graines-feminisees-en-gros","8":"first","9":"instock","10":"taxable","11":"shipping-taxable","12":"purchasable","13":"product-type-simple"},"acf":[],"uagb_featured_image_src":{"full":["https:\/\/bulkgenetics.com\/wp-content\/uploads\/2024\/05\/lemon-sherbert-purple-strain-weed-cannabis-feminized-seeds.jpg",1600,1600,false],"thumbnail":["https:\/\/bulkgenetics.com\/wp-content\/uploads\/2024\/05\/lemon-sherbert-purple-strain-weed-cannabis-feminized-seeds-150x150.jpg",150,150,true],"medium":["https:\/\/bulkgenetics.com\/wp-content\/uploads\/2024\/05\/lemon-sherbert-purple-strain-weed-cannabis-feminized-seeds-300x300.jpg",300,300,true],"medium_large":["https:\/\/bulkgenetics.com\/wp-content\/uploads\/2024\/05\/lemon-sherbert-purple-strain-weed-cannabis-feminized-seeds-768x768.jpg",768,768,true],"large":["https:\/\/bulkgenetics.com\/wp-content\/uploads\/2024\/05\/lemon-sherbert-purple-strain-weed-cannabis-feminized-seeds-1024x1024.jpg",1024,1024,true],"1536x1536":["https:\/\/bulkgenetics.com\/wp-content\/uploads\/2024\/05\/lemon-sherbert-purple-strain-weed-cannabis-feminized-seeds-1536x1536.jpg",1536,1536,true],"2048x2048":["https:\/\/bulkgenetics.com\/wp-content\/uploads\/2024\/05\/lemon-sherbert-purple-strain-weed-cannabis-feminized-seeds.jpg",1600,1600,false],"commercegurus-pdp-large":["https:\/\/bulkgenetics.com\/wp-content\/uploads\/2024\/05\/lemon-sherbert-purple-strain-weed-cannabis-feminized-seeds-990x990.jpg",990,990,true],"commercegurus-plp-mobile":["https:\/\/bulkgenetics.com\/wp-content\/uploads\/2024\/05\/lemon-sherbert-purple-strain-weed-cannabis-feminized-seeds-441x441.jpg",441,441,true],"cgkit_image_swatch":["https:\/\/bulkgenetics.com\/wp-content\/uploads\/2024\/05\/lemon-sherbert-purple-strain-weed-cannabis-feminized-seeds-100x100.jpg",100,100,true],"woocommerce_thumbnail":["https:\/\/bulkgenetics.com\/wp-content\/uploads\/2024\/05\/lemon-sherbert-purple-strain-weed-cannabis-feminized-seeds-300x300.jpg",300,300,true],"woocommerce_single":["https:\/\/bulkgenetics.com\/wp-content\/uploads\/2024\/05\/lemon-sherbert-purple-strain-weed-cannabis-feminized-seeds-800x800.jpg",800,800,true],"woocommerce_gallery_thumbnail":["https:\/\/bulkgenetics.com\/wp-content\/uploads\/2024\/05\/lemon-sherbert-purple-strain-weed-cannabis-feminized-seeds-150x150.jpg",150,150,true],"dgwt-wcas-product-suggestion":["https:\/\/bulkgenetics.com\/wp-content\/uploads\/2024\/05\/lemon-sherbert-purple-strain-weed-cannabis-feminized-seeds-64x64.jpg",64,64,true]},"uagb_author_info":{"display_name":"\u00c1ngel Flores","author_link":"https:\/\/bulkgenetics.com\/fr\/author\/"},"uagb_comment_info":0,"uagb_excerpt":"Lemon Sherbert Purple de Bulk Genetics combine le meilleur de Lemon Sherbet et Purple Punch, offrant des t\u00eates r\u00e9sineuses et cr\u00e9meuses avec une touche pourpre unique. Avec un puissant 22% de THC, cette vari\u00e9t\u00e9 hybride facile \u00e0 cultiver garantit une relaxation profonde et une exp\u00e9rience de saveur exceptionnelle. Id\u00e9al pour les cultivateurs exigeants!","_links":{"self":[{"href":"https:\/\/bulkgenetics.com\/fr\/wp-json\/wp\/v2\/product\/24448","targetHints":{"allow":["GET"]}}],"collection":[{"href":"https:\/\/bulkgenetics.com\/fr\/wp-json\/wp\/v2\/product"}],"about":[{"href":"https:\/\/bulkgenetics.com\/fr\/wp-json\/wp\/v2\/types\/product"}],"replies":[{"embeddable":true,"href":"https:\/\/bulkgenetics.com\/fr\/wp-json\/wp\/v2\/comments?post=24448"}],"wp:featuredmedia":[{"embeddable":true,"href":"https:\/\/bulkgenetics.com\/fr\/wp-json\/wp\/v2\/media\/24850"}],"wp:attachment":[{"href":"https:\/\/bulkgenetics.com\/fr\/wp-json\/wp\/v2\/media?parent=24448"}],"wp:term":[{"taxonomy":"product_brand","embeddable":true,"href":"https:\/\/bulkgenetics.com\/fr\/wp-json\/wp\/v2\/product_brand?post=24448"},{"taxonomy":"product_cat","embeddable":true,"href":"https:\/\/bulkgenetics.com\/fr\/wp-json\/wp\/v2\/product_cat?post=24448"},{"taxonomy":"product_tag","embeddable":true,"href":"https:\/\/bulkgenetics.com\/fr\/wp-json\/wp\/v2\/product_tag?post=24448"}],"curies":[{"name":"wp","href":"https:\/\/api.w.org\/{rel}","templated":true}]}}