{"id":24456,"date":"2024-05-21T10:11:20","date_gmt":"2024-05-21T08:11:20","guid":{"rendered":"https:\/\/bulkgenetics.com\/?post_type=product&#038;p=24456"},"modified":"2024-10-08T01:04:09","modified_gmt":"2024-10-07T23:04:09","slug":"shishkaberry","status":"publish","type":"product","link":"https:\/\/bulkgenetics.com\/fr\/shishkaberry\/","title":{"rendered":"Shishkaberry"},"content":{"rendered":"\n<p><strong>Shishkaberry<\/strong>, \u00e9galement connue sous le nom de &#8220;The Kish&#8221;, est un tr\u00e9sor g\u00e9n\u00e9tique n\u00e9 du croisement entre la <a href=\"https:\/\/bulkgenetics.com\/fr\/blueberry\/\"><strong>Blueberry<\/strong><\/a> de DJ Short et une souche afghane inconnue. Cette combinaison cr\u00e9e une vari\u00e9t\u00e9 \u00e0 dominance indica qui ravit \u00e0 la fois les cultivateurs et les consommateurs. Avec ses racines dans les g\u00e8nes prim\u00e9s de Blueberry et la robustesse afghane, Shishkaberry est une plante qui promet et offre de la qualit\u00e9 \u00e0 chaque culture.<\/p>\n\n\n\n<p>La plante de Shishkaberry se distingue par sa croissance vigoureuse et compacte, avec des entre-n\u0153uds courts qui produisent une abondante quantit\u00e9 de branches lat\u00e9rales. Les t\u00eates sont denses et d&#8217;un vert fonc\u00e9 avec des reflets violets, parsem\u00e9es de poils ambr\u00e9s et couvertes d&#8217;une \u00e9paisse couche de trichomes brillants qui lui donnent un aspect r\u00e9sineux et presque cristallin. Ce profil visuel n&#8217;est pas seulement attrayant, mais indique \u00e9galement une puissance impressionnante.<\/p>\n\n\n\n<p>Les critiques des consommateurs soulignent constamment la qualit\u00e9 de Shishkaberry. Des cultivateurs exp\u00e9riment\u00e9s aux amateurs, tous louent sa facilit\u00e9 de culture, son rendement impressionnant et son ar\u00f4me et go\u00fbt exceptionnels, tant en int\u00e9rieur qu&#8217;en ext\u00e9rieur. Cette souche est non seulement une favorite pour son apparence, mais aussi pour l&#8217;exp\u00e9rience compl\u00e8te qu&#8217;elle offre, de la plantation \u00e0 la r\u00e9colte.<\/p>\n\n\n\n<h2 class=\"wp-block-heading\">Saveur et Effets<\/h2>\n\n\n\n<p>Le go\u00fbt de Shishkaberry est une explosion de baies sucr\u00e9es avec une touche terreuse et une l\u00e9g\u00e8re nuance \u00e9pic\u00e9e qui persiste sur le palais. Ce profil de saveur se compl\u00e8te parfaitement avec son ar\u00f4me, qui rappelle un panier de fruits frais, faisant de chaque bouff\u00e9e une exp\u00e9rience d\u00e9licieuse et m\u00e9morable.<\/p>\n\n\n\n<p>En consommant Shishkaberry, on peut s&#8217;attendre \u00e0 un voyage qui commence par une sensation d&#8217;euphorie et de bonheur, parfait pour socialiser et se concentrer sur des t\u00e2ches cr\u00e9atives. Cependant, cette mont\u00e9e initiale se transforme progressivement en une relaxation profonde et s\u00e9dative, id\u00e9ale pour se d\u00e9tendre apr\u00e8s une longue journ\u00e9e. Cet \u00e9quilibre des effets la rend polyvalente, adapt\u00e9e aux activit\u00e9s diurnes comme nocturnes.<\/p>\n\n\n\n<p>Avec une teneur en THC variant entre 14% et 18%, Shishkaberry offre une puissance mod\u00e9r\u00e9e \u00e0 \u00e9lev\u00e9e, procurant une exp\u00e9rience robuste sans \u00eatre accablante. Les niveaux de CBD sont faibles, ce qui renforce son accent sur la relaxation et l&#8217;euphorie induites par le THC. Ce profil de cannabino\u00efdes en fait un excellent choix pour ceux qui cherchent \u00e0 soulager le stress, la douleur chronique ou simplement profiter d&#8217;un moment de tranquillit\u00e9.<\/p>\n\n\n\n<h2 class=\"wp-block-heading\">Production et Temps de Floraison<\/h2>\n\n\n\n<p>Shishkaberry est un choix fantastique tant pour les cultivateurs en int\u00e9rieur qu&#8217;en ext\u00e9rieur gr\u00e2ce \u00e0 sa polyvalence et sa r\u00e9sistance. En int\u00e9rieur, cette vari\u00e9t\u00e9 a un temps de floraison d&#8217;environ 7 \u00e0 8 semaines, ce qui la rend id\u00e9ale pour ceux qui recherchent une r\u00e9colte rapide. Dans des conditions optimales, Shishkaberry peut produire entre <strong>500 et 600 grammes par m\u00e8tre carr\u00e9<\/strong>, offrant une r\u00e9colte g\u00e9n\u00e9reuse et de la plus haute qualit\u00e9.<\/p>\n\n\n\n<p>Pour les cultivateurs en ext\u00e9rieur, Shishkaberry Strain d\u00e9montre \u00e9galement \u00eatre une championne. La plante atteint son point optimal de r\u00e9colte \u00e0 la mi-octobre, fournissant des rendements abondants de <strong>700 \u00e0 800 grammes par plante<\/strong>. Avec une structure robuste qui supporte bien les branches charg\u00e9es de t\u00eates, cette vari\u00e9t\u00e9 peut atteindre jusqu&#8217;\u00e0 2 m\u00e8tres de hauteur, surtout lorsqu&#8217;elle re\u00e7oit tout le soleil dont elle a besoin.<\/p>\n\n\n\n<h2 class=\"wp-block-heading\">Comment Cultiver Shishkaberry<\/h2>\n\n\n\n<p>Shishkaberry prosp\u00e8re dans les climats temp\u00e9r\u00e9s et m\u00e9diterran\u00e9ens. Elle pr\u00e9f\u00e8re des temp\u00e9ratures diurnes entre 20 et 26\u00b0C et des temp\u00e9ratures nocturnes l\u00e9g\u00e8rement plus basses. Il est essentiel de maintenir l&#8217;humidit\u00e9 relative autour de 55-60% pendant la phase v\u00e9g\u00e9tative et de la r\u00e9duire \u00e0 40% pendant la floraison pour pr\u00e9venir les probl\u00e8mes de moisissure et de champignons.<\/p>\n\n\n\n<p>Notre Shishkaberry montre une r\u00e9sistance notable aux parasites et aux maladies courantes, ce qui en fait un choix robuste et fiable. Cependant, il est toujours prudent de maintenir un environnement propre et de v\u00e9rifier r\u00e9guli\u00e8rement les plantes pour d\u00e9tecter tout probl\u00e8me \u00e0 temps. Appliquer des pr\u00e9ventifs naturels peut \u00eatre une excellente mani\u00e8re de garder nos plantes saines et exemptes de parasites.<\/p>\n\n\n\n<div class=\"wp-block-columns is-layout-flex wp-container-core-columns-is-layout-28f84493 wp-block-columns-is-layout-flex\">\n<div class=\"wp-block-column is-layout-flow wp-block-column-is-layout-flow\">\n<p class=\"has-text-align-center has-medium-font-size\"><strong>Ce que nous aimons le plus<\/strong><\/p>\n\n\n\n<ul class=\"wp-block-list\">\n<li>D\u00e9licieux go\u00fbt de baies et ar\u00f4me.<\/li>\n\n\n\n<li>Facilit\u00e9 de culture et haute r\u00e9sistance.<\/li>\n\n\n\n<li>Temps de floraison rapide.<\/li>\n\n\n\n<li>Effets \u00e9quilibr\u00e9s de relaxation et d&#8217;euphorie.<\/li>\n<\/ul>\n<\/div>\n\n\n\n<div class=\"wp-block-column is-layout-flow wp-block-column-is-layout-flow\">\n<p class=\"has-text-align-center has-medium-font-size\"><strong>Ce que nous aimons le moins<\/strong><\/p>\n\n\n\n<ul class=\"wp-block-list\">\n<li>Faibles niveaux de CBD.<\/li>\n\n\n\n<li>Peut n\u00e9cessiter un contr\u00f4le strict de l&#8217;humidit\u00e9 pendant la floraison.<\/li>\n<\/ul>\n<\/div>\n<\/div>\n\n\n\n<div style=\"height:50px\" aria-hidden=\"true\" class=\"wp-block-spacer uag-hide-mob\"><\/div>\n\n\n\n<h2 class=\"wp-block-heading\">Questions Fr\u00e9quemment Pos\u00e9es<\/h2>\n\n\n\n<p>Vous trouverez ci-dessous les r\u00e9ponses aux questions les plus fr\u00e9quemment pos\u00e9es par les cultivateurs int\u00e9ress\u00e9s par cette souche :<\/p>\n\n\n<div id=\"rank-math-faq\" class=\"rank-math-block\">\n<div class=\"rank-math-list \">\n<div id=\"faq-question-1663029074962\" class=\"rank-math-list-item\">\n<h3 class=\"rank-math-question \">Shishkaberry est-elle sativa ou indica ?<\/h3>\n<div class=\"rank-math-answer \">\n\n<p>Shishkaberry est une vari\u00e9t\u00e9 \u00e0 dominante indica issue du croisement entre Blueberry et une afghane. Elle offre une exp\u00e9rience relaxante et s\u00e9dative, id\u00e9ale pour ceux qui cherchent \u00e0 soulager le stress et profiter d&#8217;un moment de tranquillit\u00e9. Elle aide \u00e0 la relaxation musculaire et au sommeil.<\/p>\n\n<\/div>\n<\/div>\n<div id=\"faq-question-1663029159933\" class=\"rank-math-list-item\">\n<h3 class=\"rank-math-question \">Quel est le contenu en THC de Shishkaberry ?<\/h3>\n<div class=\"rank-math-answer \">\n\n<p>Shishkaberry a une teneur en THC qui varie entre 14% et 18%. Ce niveau de THC offre un \u00e9quilibre parfait entre un effet puissant et g\u00e9rable, id\u00e9al pour les utilisateurs r\u00e9cr\u00e9atifs comme m\u00e9dicinaux.<\/p>\n\n<\/div>\n<\/div>\n<div id=\"faq-question-1663029165861\" class=\"rank-math-list-item\">\n<h3 class=\"rank-math-question \">Quel est le go\u00fbt de Shishkaberry ?<\/h3>\n<div class=\"rank-math-answer \">\n\n<p>Le go\u00fbt de Shishkaberry est un d\u00e9lice pour le palais, avec des notes intenses de baies fra\u00eeches et une touche terreuse. Cette combinaison sucr\u00e9e et fruit\u00e9e s&#8217;intensifie \u00e0 l&#8217;expiration, laissant une agr\u00e9able sensation en bouche.<\/p>\n\n<\/div>\n<\/div>\n<div id=\"faq-question-1666780029954\" class=\"rank-math-list-item\">\n<h3 class=\"rank-math-question \">Quelle est la p\u00e9riode de floraison de Shishkaberry ?<\/h3>\n<div class=\"rank-math-answer \">\n\n<p>La p\u00e9riode de floraison de Shishkaberry est relativement courte, de 7 \u00e0 8 semaines en culture int\u00e9rieure. En ext\u00e9rieur, les plantes sont g\u00e9n\u00e9ralement pr\u00eates pour la r\u00e9colte \u00e0 la mi-octobre, offrant une production g\u00e9n\u00e9reuse et de haute qualit\u00e9.<\/p>\n\n<\/div>\n<\/div>\n<div id=\"faq-question-1713349304979\" class=\"rank-math-list-item\">\n<h3 class=\"rank-math-question \">Quelles sont les conditions climatiques id\u00e9ales pour cultiver Shishkaberry ?<\/h3>\n<div class=\"rank-math-answer \">\n\n<p>Shishkaberry prosp\u00e8re dans les climats temp\u00e9r\u00e9s \u00e0 chauds, avec des temp\u00e9ratures diurnes entre 20\u00b0C et 26\u00b0C. Il est important de maintenir une faible humidit\u00e9 pendant la phase de floraison pour \u00e9viter les probl\u00e8mes de moisissure et autres pathog\u00e8nes.<\/p>\n\n<\/div>\n<\/div>\n<\/div>\n<\/div>","protected":false},"excerpt":{"rendered":"<p><b>Shiskaberry<\/b> est une vari\u00e9t\u00e9 f\u00e9minis\u00e9e \u00e0 dominante indica, c\u00e9l\u00e8bre pour son <strong>go\u00fbt sucr\u00e9 de baies<\/strong> et sa <strong>floraison rapide de 7-8 semaines<\/strong>. Id\u00e9ale pour se d\u00e9tendre apr\u00e8s une longue journ\u00e9e, cette plante r\u00e9sistante offre <strong>des r\u00e9coltes abondantes<\/strong> et est parfaite tant pour les cultivateurs novices qu&#8217;experts. D\u00e9couvrez l&#8217;exp\u00e9rience Shiskaberry d\u00e8s aujourd&#8217;hui !<\/p>\n","protected":false},"featured_media":24796,"comment_status":"open","ping_status":"closed","template":"","meta":{"_acf_changed":false,"inline_featured_image":false,"_uag_custom_page_level_css":""},"product_brand":[],"product_cat":[1125,4112],"product_tag":[],"class_list":{"0":"post-24456","1":"product","2":"type-product","3":"status-publish","4":"has-post-thumbnail","6":"product_cat-graines-feminisees-en-gros","7":"product_cat-graines-de-cannabis-a-1-euro","9":"first","10":"instock","11":"sale","12":"taxable","13":"shipping-taxable","14":"purchasable","15":"product-type-simple"},"acf":[],"uagb_featured_image_src":{"full":["https:\/\/bulkgenetics.com\/wp-content\/uploads\/2024\/05\/shishkaberry-strain-weed-feminized-seeds.jpg",1600,1600,false],"thumbnail":["https:\/\/bulkgenetics.com\/wp-content\/uploads\/2024\/05\/shishkaberry-strain-weed-feminized-seeds-150x150.jpg",150,150,true],"medium":["https:\/\/bulkgenetics.com\/wp-content\/uploads\/2024\/05\/shishkaberry-strain-weed-feminized-seeds-300x300.jpg",300,300,true],"medium_large":["https:\/\/bulkgenetics.com\/wp-content\/uploads\/2024\/05\/shishkaberry-strain-weed-feminized-seeds-768x768.jpg",768,768,true],"large":["https:\/\/bulkgenetics.com\/wp-content\/uploads\/2024\/05\/shishkaberry-strain-weed-feminized-seeds-1024x1024.jpg",1024,1024,true],"1536x1536":["https:\/\/bulkgenetics.com\/wp-content\/uploads\/2024\/05\/shishkaberry-strain-weed-feminized-seeds-1536x1536.jpg",1536,1536,true],"2048x2048":["https:\/\/bulkgenetics.com\/wp-content\/uploads\/2024\/05\/shishkaberry-strain-weed-feminized-seeds.jpg",1600,1600,false],"commercegurus-pdp-large":["https:\/\/bulkgenetics.com\/wp-content\/uploads\/2024\/05\/shishkaberry-strain-weed-feminized-seeds-990x990.jpg",990,990,true],"commercegurus-plp-mobile":["https:\/\/bulkgenetics.com\/wp-content\/uploads\/2024\/05\/shishkaberry-strain-weed-feminized-seeds-441x441.jpg",441,441,true],"cgkit_image_swatch":["https:\/\/bulkgenetics.com\/wp-content\/uploads\/2024\/05\/shishkaberry-strain-weed-feminized-seeds-100x100.jpg",100,100,true],"woocommerce_thumbnail":["https:\/\/bulkgenetics.com\/wp-content\/uploads\/2024\/05\/shishkaberry-strain-weed-feminized-seeds-300x300.jpg",300,300,true],"woocommerce_single":["https:\/\/bulkgenetics.com\/wp-content\/uploads\/2024\/05\/shishkaberry-strain-weed-feminized-seeds-800x800.jpg",800,800,true],"woocommerce_gallery_thumbnail":["https:\/\/bulkgenetics.com\/wp-content\/uploads\/2024\/05\/shishkaberry-strain-weed-feminized-seeds-150x150.jpg",150,150,true],"dgwt-wcas-product-suggestion":["https:\/\/bulkgenetics.com\/wp-content\/uploads\/2024\/05\/shishkaberry-strain-weed-feminized-seeds-64x64.jpg",64,64,true]},"uagb_author_info":{"display_name":"\u00c1ngel Flores","author_link":"https:\/\/bulkgenetics.com\/fr\/author\/"},"uagb_comment_info":0,"uagb_excerpt":"Shiskaberry est une vari\u00e9t\u00e9 f\u00e9minis\u00e9e \u00e0 dominante indica, c\u00e9l\u00e8bre pour son go\u00fbt sucr\u00e9 de baies et sa floraison rapide de 7-8 semaines. Id\u00e9ale pour se d\u00e9tendre apr\u00e8s une longue journ\u00e9e, cette plante r\u00e9sistante offre des r\u00e9coltes abondantes et est parfaite tant pour les cultivateurs novices qu'experts. D\u00e9couvrez l'exp\u00e9rience Shiskaberry d\u00e8s aujourd'hui !","_links":{"self":[{"href":"https:\/\/bulkgenetics.com\/fr\/wp-json\/wp\/v2\/product\/24456","targetHints":{"allow":["GET"]}}],"collection":[{"href":"https:\/\/bulkgenetics.com\/fr\/wp-json\/wp\/v2\/product"}],"about":[{"href":"https:\/\/bulkgenetics.com\/fr\/wp-json\/wp\/v2\/types\/product"}],"replies":[{"embeddable":true,"href":"https:\/\/bulkgenetics.com\/fr\/wp-json\/wp\/v2\/comments?post=24456"}],"wp:featuredmedia":[{"embeddable":true,"href":"https:\/\/bulkgenetics.com\/fr\/wp-json\/wp\/v2\/media\/24796"}],"wp:attachment":[{"href":"https:\/\/bulkgenetics.com\/fr\/wp-json\/wp\/v2\/media?parent=24456"}],"wp:term":[{"taxonomy":"product_brand","embeddable":true,"href":"https:\/\/bulkgenetics.com\/fr\/wp-json\/wp\/v2\/product_brand?post=24456"},{"taxonomy":"product_cat","embeddable":true,"href":"https:\/\/bulkgenetics.com\/fr\/wp-json\/wp\/v2\/product_cat?post=24456"},{"taxonomy":"product_tag","embeddable":true,"href":"https:\/\/bulkgenetics.com\/fr\/wp-json\/wp\/v2\/product_tag?post=24456"}],"curies":[{"name":"wp","href":"https:\/\/api.w.org\/{rel}","templated":true}]}}