{"id":24462,"date":"2024-05-20T15:49:48","date_gmt":"2024-05-20T13:49:48","guid":{"rendered":"https:\/\/bulkgenetics.com\/?post_type=product&#038;p=24462"},"modified":"2024-10-08T01:04:10","modified_gmt":"2024-10-07T23:04:10","slug":"g13-auto","status":"publish","type":"product","link":"https:\/\/bulkgenetics.com\/fr\/g13-auto\/","title":{"rendered":"G13 Auto"},"content":{"rendered":"\n<p>La <strong>G13 Auto<\/strong> est une merveille de la g\u00e9n\u00e9tique cannabique, r\u00e9sultat d&#8217;un croisement entre la l\u00e9gendaire <strong><a href=\"https:\/\/bulkgenetics.com\/fr\/g13\/\">G13<\/a><\/strong> afghane et une Ruderalis. Ce m\u00e9lange magique a donn\u00e9 lieu \u00e0 une vari\u00e9t\u00e9 autoflorissante majoritairement indica qui se distingue par son go\u00fbt et ses effets puissants. La G13, connue pour son origine myst\u00e9rieuse, ses histoires de conspiration et son lien avec le FBI et la CIA, devient un joyau encore plus accessible dans sa version autoflorissante.<\/p>\n\n\n\n<p>C&#8217;est une plante compacte et robuste qui pousse avec une structure solide, atteignant des hauteurs de 80 \u00e0 120 cm. Ses t\u00eates sont tr\u00e8s denses et couvertes d&#8217;une r\u00e9sine brillante qui leur donne un aspect presque lunaire, comme si elles \u00e9taient parsem\u00e9es de cristaux. Les t\u00eates de la <strong>G13 Auto<\/strong> sont une symphonie visuelle de verts profonds et de touches violettes, se d\u00e9marquant dans une mer de trichomes \u00e9tincelants.<\/p>\n\n\n\n<h2 class=\"wp-block-heading\">Go\u00fbt et Effets<\/h2>\n\n\n\n<p>\u00c0 l&#8217;ouverture d&#8217;un bocal de <strong>G13 Auto<\/strong>, une explosion d&#8217;ar\u00f4mes fruit\u00e9s, herbac\u00e9s et sucr\u00e9s envahit les sens. C&#8217;est comme un jardin de d\u00e9lices avec une touche de menthe fra\u00eeche et de fleurs sauvages. Fumer cette vari\u00e9t\u00e9 est une exp\u00e9rience douce et agr\u00e9able, une fum\u00e9e qui caresse le palais avec une douceur fruit\u00e9e et une note herbac\u00e9e qui reste en m\u00e9moire.<\/p>\n\n\n\n<p>Avec une teneur en <strong>THC de 22% \u00e0 24%<\/strong>, la <strong>G13 Auto<\/strong> promet un voyage tr\u00e8s puissant et durable. Le high initial est joyeux et bavard, id\u00e9al pour socialiser ou simplement profiter d&#8217;une bonne conversation. Au fur et \u00e0 mesure que les effets s&#8217;installent, une vague de relaxation profonde enveloppe le corps, parfaite pour se d\u00e9tendre apr\u00e8s une longue journ\u00e9e. C&#8217;est une vari\u00e9t\u00e9 qui invite au bonheur et \u00e0 la tranquillit\u00e9, transformant chaque moment en une exp\u00e9rience relaxante et agr\u00e9able.<\/p>\n\n\n\n<p>La <strong>G13 Auto<\/strong> n&#8217;est pas seulement une option pour les amateurs de go\u00fbt, mais aussi pour ceux qui recherchent des effets th\u00e9rapeutiques. Les terp\u00e8nes comme le <em>Borneol<\/em> et le <em>Terpineol<\/em> ajoutent des propri\u00e9t\u00e9s suppl\u00e9mentaires, aidant \u00e0 combattre l&#8217;insomnie, la douleur et l&#8217;arthrite.<\/p>\n\n\n\n<h2 class=\"wp-block-heading\">Production et Temps de Floraison<\/h2>\n\n\n\n<p>La <strong>G13 Auto<\/strong> est \u00e9galement une championne de la production. Les cultivateurs, tant en int\u00e9rieur qu&#8217;en ext\u00e9rieur, peuvent s&#8217;attendre \u00e0 des r\u00e9coltes g\u00e9n\u00e9reuses et de tr\u00e8s haute qualit\u00e9.<\/p>\n\n\n\n<p>En int\u00e9rieur, cette vari\u00e9t\u00e9 autoflorissante fleurit en un temps record de 8 \u00e0 10 semaines. Dans des conditions optimales, comme un \u00e9clairage ad\u00e9quat et un environnement contr\u00f4l\u00e9, la <strong>G13 Auto<\/strong> peut produire entre 450 et 500 grammes de t\u00eates par m\u00e8tre carr\u00e9. En utilisant des techniques de culture appropri\u00e9es, comme l&#8217;utilisation de substrats de qualit\u00e9 et le maintien d&#8217;une humidit\u00e9 relative id\u00e9ale, les rendements peuvent \u00eatre maximis\u00e9s.<\/p>\n\n\n\n<p>En ext\u00e9rieur, la <strong>G13 Auto<\/strong> montre \u00e9galement sa capacit\u00e9 de production impressionnante. Plant\u00e9e pendant les mois de printemps et d&#8217;\u00e9t\u00e9 et dans des conditions optimales, chaque plante peut produire environ 100 grammes. Gr\u00e2ce \u00e0 sa nature robuste et compacte, cette vari\u00e9t\u00e9 est parfaite pour les cultivateurs qui cherchent \u00e0 maximiser l&#8217;utilisation de leurs espaces ext\u00e9rieurs.<\/p>\n\n\n\n<h2 class=\"wp-block-heading\">Comment Cultiver la G13 Auto<\/h2>\n\n\n\n<p><strong>G13 Auto<\/strong> est une vari\u00e9t\u00e9 relativement facile \u00e0 cultiver, parfaite tant pour les cultivateurs novices que pour les plus exp\u00e9riment\u00e9s. Elle est assez r\u00e9sistante et ne n\u00e9cessite pas trop d&#8217;attention sp\u00e9cialis\u00e9e, bien que, comme toute autre plante, elle r\u00e9agisse mieux aux soins appropri\u00e9s.<\/p>\n\n\n\n<p>Pour obtenir les meilleurs r\u00e9sultats, il est important de la cultiver dans un climat temp\u00e9r\u00e9 et ensoleill\u00e9. Si nous cultivons en int\u00e9rieur, nous devons nous assurer de fournir un \u00e9clairage ad\u00e9quat, de pr\u00e9f\u00e9rence avec un cycle lumineux de 18\/6 ou 20\/4 pour maximiser la production. En ext\u00e9rieur, la plante fleurit mieux lorsqu&#8217;elle re\u00e7oit le plus grand nombre d&#8217;heures de soleil possible. Il est \u00e9galement crucial de maintenir une humidit\u00e9 relative de 55%-60% pendant la phase v\u00e9g\u00e9tative, de la r\u00e9duire \u00e0 environ 40% pendant la floraison et de la r\u00e9duire encore \u00e0 30% au moment de la r\u00e9colte.<\/p>\n\n\n\n<p>La <strong>G13 Auto<\/strong> est connue pour sa bonne r\u00e9sistance aux ravageurs et aux maladies, ce qui en fait un choix id\u00e9al pour ceux qui recherchent une plante robuste et facile \u00e0 g\u00e9rer. Cependant, nous recommandons toujours de surveiller tout signe de probl\u00e8me et de traiter de mani\u00e8re pr\u00e9ventive pour assurer une r\u00e9colte saine et abondante.<\/p>\n\n\n\n<div style=\"height:50px\" aria-hidden=\"true\" class=\"wp-block-spacer uag-hide-mob\"><\/div>\n\n\n\n<div class=\"wp-block-columns is-layout-flex wp-container-core-columns-is-layout-28f84493 wp-block-columns-is-layout-flex\">\n<div class=\"wp-block-column is-layout-flow wp-block-column-is-layout-flow\">\n<p class=\"has-text-align-center has-medium-font-size\"><strong>Ce que nous aimons le plus<\/strong><\/p>\n\n\n\n<ul class=\"wp-block-list\">\n<li>Saveur exceptionnellement douce et fruit\u00e9e.<\/li>\n\n\n\n<li>Effets puissants et relaxants avec une forte teneur en THC.<\/li>\n\n\n\n<li>Facilit\u00e9 de culture, id\u00e9ale pour les d\u00e9butants.<\/li>\n\n\n\n<li>R\u00e9sistance aux ravageurs et aux maladies.<\/li>\n\n\n\n<li>R\u00e9coltes abondantes tant en int\u00e9rieur qu&#8217;en ext\u00e9rieur.<\/li>\n<\/ul>\n<\/div>\n\n\n\n<div class=\"wp-block-column is-layout-flow wp-block-column-is-layout-flow\">\n<p class=\"has-text-align-center has-medium-font-size\"><strong>Ce que nous aimons le moins<\/strong><\/p>\n\n\n\n<ul class=\"wp-block-list\">\n<li>Peut n\u00e9cessiter un contr\u00f4le minutieux de l&#8217;humidit\u00e9.<\/li>\n\n\n\n<li>\u00c9tant une plante compacte, elle peut n\u00e9cessiter une bonne gestion de l&#8217;espace en int\u00e9rieur.<\/li>\n<\/ul>\n<\/div>\n<\/div>\n\n\n\n<div style=\"height:50px\" aria-hidden=\"true\" class=\"wp-block-spacer uag-hide-mob\"><\/div>\n\n\n\n<h2 class=\"wp-block-heading\">Questions Fr\u00e9quemment Pos\u00e9es<\/h2>\n\n\n\n<p>Vous trouverez ci-dessous les r\u00e9ponses aux questions les plus fr\u00e9quentes que se posent les cultivateurs int\u00e9ress\u00e9s par cette g\u00e9n\u00e9tique :<\/p>\n\n\n<div id=\"rank-math-faq\" class=\"rank-math-block\">\n<div class=\"rank-math-list \">\n<div id=\"faq-question-1663029074962\" class=\"rank-math-list-item\">\n<h3 class=\"rank-math-question \">G13 Auto est-elle une sativa ou une indica ?<\/h3>\n<div class=\"rank-math-answer \">\n\n<p>G13 Auto est majoritairement indica avec des effets relaxants et s\u00e9datifs, id\u00e9aux pour la fin de journ\u00e9e. C&#8217;est une vari\u00e9t\u00e9 avec des g\u00e8nes afghans.<\/p>\n\n<\/div>\n<\/div>\n<div id=\"faq-question-1663029159933\" class=\"rank-math-list-item\">\n<h3 class=\"rank-math-question \">Combien de temps faut-il pour que G13 Auto fleurisse ?<\/h3>\n<div class=\"rank-math-answer \">\n\n<p>G13 Auto a un temps de floraison rapide et se r\u00e9colte en un total de 8-10 semaines. Ce cycle de vie court permet aux cultivateurs d&#8217;obtenir plusieurs r\u00e9coltes par an, maximisant ainsi chaque saison de culture.<\/p>\n\n<\/div>\n<\/div>\n<div id=\"faq-question-1663029165861\" class=\"rank-math-list-item\">\n<h3 class=\"rank-math-question \">Combien de lumi\u00e8re G13 Auto a-t-elle besoin ?<\/h3>\n<div class=\"rank-math-answer \">\n\n<p>Pour maximiser la production, nous recommandons un cycle lumineux de 18\/6 ou 20\/4 en int\u00e9rieur. G13 Auto peut cro\u00eetre et fleurir avec seulement 12 heures de lumi\u00e8re par jour, mais plus d&#8217;heures de lumi\u00e8re r\u00e9sultent g\u00e9n\u00e9ralement en des rendements plus \u00e9lev\u00e9s et des plantes plus robustes.<\/p>\n\n<\/div>\n<\/div>\n<div id=\"faq-question-1666780029954\" class=\"rank-math-list-item\">\n<h3 class=\"rank-math-question \">Quel type de go\u00fbt et d&#8217;ar\u00f4me G13 Auto a-t-elle ?<\/h3>\n<div class=\"rank-math-answer \">\n\n<p>G13 Auto a un profil de saveur unique, combinant des notes fruit\u00e9es, herbac\u00e9es et sucr\u00e9es. Son ar\u00f4me est tout aussi charmant, remplissant l&#8217;espace avec un parfum frais et floral, avec des touches de menthe et un fond sucr\u00e9 qui ravit les sens.<\/p>\n\n<\/div>\n<\/div>\n<div id=\"faq-question-1716216065739\" class=\"rank-math-list-item\">\n<h3 class=\"rank-math-question \">Comment faire germer les graines de G13 Auto ?<\/h3>\n<div class=\"rank-math-answer \">\n\n<p>Pour faire germer les graines de G13 Auto, nous recommandons d&#8217;utiliser la m\u00e9thode du papier essuie-tout. Placez les graines entre deux feuilles de papier essuie-tout humide et gardez-les dans un endroit chaud et sombre. V\u00e9rifiez toutes les 4 \u00e0 6 heures pour vous assurer que le papier reste humide. En 24 \u00e0 72 heures, vos graines devraient germer et \u00eatre pr\u00eates \u00e0 planter.<\/p>\n\n<\/div>\n<\/div>\n<\/div>\n<\/div>","protected":false},"excerpt":{"rendered":"<p><b>G13 Auto<\/b> offre une exp\u00e9rience in\u00e9gal\u00e9e avec son m\u00e9lange de <strong>saveurs fruit\u00e9es, herbac\u00e9es et sucr\u00e9es<\/strong>, et son puissant effet relaxant. Avec un <strong>THC de 22%-24%<\/strong> et des r\u00e9coltes rapides en <strong>8-10 semaines<\/strong>, cette vari\u00e9t\u00e9 autoflorissante est parfaite pour les cultivateurs novices comme exp\u00e9riment\u00e9s.<\/p>\n","protected":false},"featured_media":24679,"comment_status":"open","ping_status":"closed","template":"","meta":{"_acf_changed":false,"inline_featured_image":false,"_uag_custom_page_level_css":""},"product_brand":[],"product_cat":[2265],"product_tag":[],"class_list":{"0":"post-24462","1":"product","2":"type-product","3":"status-publish","4":"has-post-thumbnail","6":"product_cat-graines-autofloraison-en-gros","8":"first","9":"instock","10":"taxable","11":"shipping-taxable","12":"purchasable","13":"product-type-simple"},"acf":[],"uagb_featured_image_src":{"full":["https:\/\/bulkgenetics.com\/wp-content\/uploads\/2024\/05\/g13-auto-autoflowering-seeds.jpg",1600,1600,false],"thumbnail":["https:\/\/bulkgenetics.com\/wp-content\/uploads\/2024\/05\/g13-auto-autoflowering-seeds-150x150.jpg",150,150,true],"medium":["https:\/\/bulkgenetics.com\/wp-content\/uploads\/2024\/05\/g13-auto-autoflowering-seeds-300x300.jpg",300,300,true],"medium_large":["https:\/\/bulkgenetics.com\/wp-content\/uploads\/2024\/05\/g13-auto-autoflowering-seeds-768x768.jpg",768,768,true],"large":["https:\/\/bulkgenetics.com\/wp-content\/uploads\/2024\/05\/g13-auto-autoflowering-seeds-1024x1024.jpg",1024,1024,true],"1536x1536":["https:\/\/bulkgenetics.com\/wp-content\/uploads\/2024\/05\/g13-auto-autoflowering-seeds-1536x1536.jpg",1536,1536,true],"2048x2048":["https:\/\/bulkgenetics.com\/wp-content\/uploads\/2024\/05\/g13-auto-autoflowering-seeds.jpg",1600,1600,false],"commercegurus-pdp-large":["https:\/\/bulkgenetics.com\/wp-content\/uploads\/2024\/05\/g13-auto-autoflowering-seeds-990x990.jpg",990,990,true],"commercegurus-plp-mobile":["https:\/\/bulkgenetics.com\/wp-content\/uploads\/2024\/05\/g13-auto-autoflowering-seeds-441x441.jpg",441,441,true],"cgkit_image_swatch":["https:\/\/bulkgenetics.com\/wp-content\/uploads\/2024\/05\/g13-auto-autoflowering-seeds-100x100.jpg",100,100,true],"woocommerce_thumbnail":["https:\/\/bulkgenetics.com\/wp-content\/uploads\/2024\/05\/g13-auto-autoflowering-seeds-300x300.jpg",300,300,true],"woocommerce_single":["https:\/\/bulkgenetics.com\/wp-content\/uploads\/2024\/05\/g13-auto-autoflowering-seeds-800x800.jpg",800,800,true],"woocommerce_gallery_thumbnail":["https:\/\/bulkgenetics.com\/wp-content\/uploads\/2024\/05\/g13-auto-autoflowering-seeds-150x150.jpg",150,150,true],"dgwt-wcas-product-suggestion":["https:\/\/bulkgenetics.com\/wp-content\/uploads\/2024\/05\/g13-auto-autoflowering-seeds-64x64.jpg",64,64,true]},"uagb_author_info":{"display_name":"\u00c1ngel Flores","author_link":"https:\/\/bulkgenetics.com\/fr\/author\/"},"uagb_comment_info":0,"uagb_excerpt":"G13 Auto offre une exp\u00e9rience in\u00e9gal\u00e9e avec son m\u00e9lange de saveurs fruit\u00e9es, herbac\u00e9es et sucr\u00e9es, et son puissant effet relaxant. Avec un THC de 22%-24% et des r\u00e9coltes rapides en 8-10 semaines, cette vari\u00e9t\u00e9 autoflorissante est parfaite pour les cultivateurs novices comme exp\u00e9riment\u00e9s.","_links":{"self":[{"href":"https:\/\/bulkgenetics.com\/fr\/wp-json\/wp\/v2\/product\/24462","targetHints":{"allow":["GET"]}}],"collection":[{"href":"https:\/\/bulkgenetics.com\/fr\/wp-json\/wp\/v2\/product"}],"about":[{"href":"https:\/\/bulkgenetics.com\/fr\/wp-json\/wp\/v2\/types\/product"}],"replies":[{"embeddable":true,"href":"https:\/\/bulkgenetics.com\/fr\/wp-json\/wp\/v2\/comments?post=24462"}],"wp:featuredmedia":[{"embeddable":true,"href":"https:\/\/bulkgenetics.com\/fr\/wp-json\/wp\/v2\/media\/24679"}],"wp:attachment":[{"href":"https:\/\/bulkgenetics.com\/fr\/wp-json\/wp\/v2\/media?parent=24462"}],"wp:term":[{"taxonomy":"product_brand","embeddable":true,"href":"https:\/\/bulkgenetics.com\/fr\/wp-json\/wp\/v2\/product_brand?post=24462"},{"taxonomy":"product_cat","embeddable":true,"href":"https:\/\/bulkgenetics.com\/fr\/wp-json\/wp\/v2\/product_cat?post=24462"},{"taxonomy":"product_tag","embeddable":true,"href":"https:\/\/bulkgenetics.com\/fr\/wp-json\/wp\/v2\/product_tag?post=24462"}],"curies":[{"name":"wp","href":"https:\/\/api.w.org\/{rel}","templated":true}]}}