{"id":24466,"date":"2024-05-20T15:14:07","date_gmt":"2024-05-20T13:14:07","guid":{"rendered":"https:\/\/bulkgenetics.com\/?post_type=product&#038;p=24466"},"modified":"2024-10-08T01:08:46","modified_gmt":"2024-10-07T23:08:46","slug":"amnesia-lemon-auto","status":"publish","type":"product","link":"https:\/\/bulkgenetics.com\/fr\/amnesia-lemon-auto\/","title":{"rendered":"Amnesia Lemon Auto"},"content":{"rendered":"\n<p>La <strong>Amnesia Lemon Auto<\/strong> est une merveille g\u00e9n\u00e9tique cr\u00e9\u00e9e par la fusion d&#8217;une m\u00e8re <strong><a href=\"https:\/\/bulkgenetics.com\/fr\/amnesia-lemon\/\">Amnesia Lemon<\/a><\/strong> gagnante de la <strong>Cannabis Cup<\/strong> de 2004, et une Ruderalis qui r\u00e9duit le temps de culture au minimum.<\/p>\n\n\n\n<p>Les plantes de <strong>Amnesia Lemon Auto<\/strong> sont vigoureuses et robustes, id\u00e9ales tant pour les cultivateurs novices qu&#8217;exp\u00e9riment\u00e9s. En ext\u00e9rieur, ces beaut\u00e9s peuvent d\u00e9passer 1,2 m\u00e8tres de hauteur, adoptant une structure de sapin avec une longue cola apicale et des branches secondaires fortes. Leurs t\u00eates sont grandes, denses et d\u00e9bordantes de r\u00e9sine, d\u00e9gageant un ar\u00f4me irr\u00e9sistible de citron.<\/p>\n\n\n\n<p>En int\u00e9rieur, leur croissance est plus g\u00e9rable gr\u00e2ce \u00e0 leur h\u00e9ritage <strong>Skunk<\/strong>, bien que vous aurez toujours besoin de techniques de guidage, comme le <strong>SCROG<\/strong> ou le <strong>Super Cropping<\/strong>, pour contr\u00f4ler leur hauteur. Les cultivateurs l&#8217;adorent non seulement pour sa facilit\u00e9 de culture, mais aussi pour sa production \u00e9lev\u00e9e. En ext\u00e9rieur, les rendements peuvent facilement d\u00e9passer les 120 grammes par plante, tandis qu&#8217;en int\u00e9rieur, ils se situent entre 500 et 550 grammes par m\u00e8tre carr\u00e9.<\/p>\n\n\n\n<h2 class=\"wp-block-heading\">Saveur et Effets<\/h2>\n\n\n\n<p>La saveur de la <strong>Amnesia Lemon Auto<\/strong> est une explosion d&#8217;agrumes en bouche. Ses t\u00eates d\u00e9gagent un ar\u00f4me intense de citron, m\u00eal\u00e9 \u00e0 des touches d&#8217;herbes fra\u00eeches, de bois de santal et de bonbons sucr\u00e9s. En la fumant, cette symphonie de saveurs se traduit par une exp\u00e9rience inoubliable, o\u00f9 le citron est le protagoniste incontest\u00e9.<\/p>\n\n\n\n<p>Les effets de cette strain sont puissants et \u00e9quilibr\u00e9s. Avec une teneur en <strong>THC<\/strong> allant de 12% \u00e0 15%, et un <strong>CBD<\/strong> presque nul, la <strong>Amnesia Lemon Auto<\/strong> offre un d\u00e9but psychoactif, joyeux et jusqu&#8217;\u00e0 un certain point psych\u00e9d\u00e9lique. Elle est id\u00e9ale pour des moments de cr\u00e9ativit\u00e9 ou pour socialiser, car elle induit une sensation d&#8217;euphorie et d&#8217;\u00e9nergie. Au fil du temps, ses effets deviennent plus relaxants, procurant une d\u00e9tente corporelle qui peut aider \u00e0 soulager la tension musculaire et le stress.<\/p>\n\n\n\n<p>Les consommateurs appr\u00e9cient \u00e9norm\u00e9ment la capacit\u00e9 de cette strain \u00e0 \u00e9quilibrer le physique et le mental, permettant de profiter d&#8217;un apr\u00e8s-midi productif suivi d&#8217;une soir\u00e9e tranquille.<\/p>\n\n\n\n<h2 class=\"wp-block-heading\">Production et Temps de Floraison<\/h2>\n\n\n\n<p>La <strong>Amnesia Lemon Auto<\/strong> est une strain hautement productive, tant en cultures int\u00e9rieures qu&#8217;ext\u00e9rieures. En ext\u00e9rieur, cette plante peut d\u00e9passer dans certains cas les 120 cm de hauteur, montrant une structure robuste et vigoureuse. Les rendements peuvent d\u00e9passer les 120 grammes pour les plus grands sp\u00e9cimens.<\/p>\n\n\n\n<p>En int\u00e9rieur, cette strain est tout aussi impressionnante. Bien que son h\u00e9ritage <strong>Sativa<\/strong> puisse sugg\u00e9rer une croissance incontr\u00f4lable, ses g\u00e8nes <strong>Skunk<\/strong> la rendent plus adaptable aux espaces confin\u00e9s. Avec les techniques de guidage appropri\u00e9es, sa hauteur reste g\u00e9rable. Les rendements en int\u00e9rieur se situent g\u00e9n\u00e9ralement autour de <strong>500-550 grammes par m\u00e8tre carr\u00e9<\/strong>, une quantit\u00e9 plus que respectable pour tout cultivateur.<\/p>\n\n\n\n<p>En ce qui concerne le temps de floraison, la <strong>Amnesia Lemon Auto<\/strong> strain est assez rapide. Apr\u00e8s une courte phase de croissance de 3-4 semaines, elle entamera une floraison explosive pour \u00eatre pr\u00eate en un total de 12 semaines. En ext\u00e9rieur, il est possible de r\u00e9aliser jusqu&#8217;\u00e0 3 cultures cons\u00e9cutives dans les zones avec des automnes secs.<\/p>\n\n\n\n<h2 class=\"wp-block-heading\">Comment Cultiver Amnesia Lemon Auto<\/h2>\n\n\n\n<p>La <strong>Amnesia Lemon Auto<\/strong> est l&#8217;une des strains les plus reconnaissantes et faciles \u00e0 cultiver. Elle est id\u00e9ale tant pour les cultivateurs d\u00e9butants que pour les plus exp\u00e9riment\u00e9s. Sa r\u00e9sistance et son adaptabilit\u00e9 en font une option polyvalente pour tout type de culture.<\/p>\n\n\n\n<p>Pour obtenir les meilleurs r\u00e9sultats, nous recommandons de la cultiver dans un climat chaud et ensoleill\u00e9, dans un pot d&#8217;au moins 20 litres avec un substrat riche en nutriments. En int\u00e9rieur, il est important de contr\u00f4ler sa croissance avec des techniques de guidage pour la maintenir g\u00e9rable et assurer une bonne production.<\/p>\n\n\n\n<p>L&#8217;un des plus grands avantages de la <strong>Amnesia Lemon Auto<\/strong> est sa r\u00e9sistance aux ravageurs et aux maladies. Avec les soins de base de toute culture de cannabis \u2013 une bonne lumi\u00e8re, une quantit\u00e9 d&#8217;eau ad\u00e9quate et des nutriments de qualit\u00e9 \u2013 cette strain prosp\u00e9rera sans probl\u00e8mes majeurs.<\/p>\n\n\n\n<p>La r\u00e9colte est rapide et g\u00e9n\u00e9reuse, ce qui en fait une excellente option pour ceux qui recherchent une production \u00e9lev\u00e9e en peu de temps. Son h\u00e9ritage g\u00e9n\u00e9tique lui conf\u00e8re une robustesse qui n&#8217;exige pas beaucoup du cultivateur, permettant de se concentrer sur le plaisir du processus et des fruits de son travail.<\/p>\n\n\n\n<div style=\"height:50px\" aria-hidden=\"true\" class=\"wp-block-spacer uag-hide-mob\"><\/div>\n\n\n\n<div class=\"wp-block-columns is-layout-flex wp-container-core-columns-is-layout-28f84493 wp-block-columns-is-layout-flex\">\n<div class=\"wp-block-column is-layout-flow wp-block-column-is-layout-flow\">\n<p class=\"has-text-align-center has-medium-font-size\"><strong>Ce que nous aimons le plus<\/strong><\/p>\n\n\n\n<ul class=\"wp-block-list\">\n<li>Saveur douce et fruit\u00e9e, avec des nuances de cerise et d&#8217;agrumes.<\/li>\n\n\n\n<li>Effets puissants et \u00e9quilibr\u00e9s, id\u00e9aux pour un usage r\u00e9cr\u00e9atif comme m\u00e9dicinal.<\/li>\n\n\n\n<li>R\u00e9colte en 12 semaines.<\/li>\n\n\n\n<li>Effets tr\u00e8s relaxants et joyeux.<\/li>\n\n\n\n<li>R\u00e9sistance aux fluctuations de nutriments et facilit\u00e9 de manucure.<\/li>\n<\/ul>\n<\/div>\n\n\n\n<div class=\"wp-block-column is-layout-flow wp-block-column-is-layout-flow\">\n<p class=\"has-text-align-center has-medium-font-size\"><strong>Ce que nous aimons le moins<\/strong><\/p>\n\n\n\n<ul class=\"wp-block-list\">\n<li>Peut n\u00e9cessiter un peu d&#8217;exp\u00e9rience pour maximiser son potentiel productif.<\/li>\n\n\n\n<li>A besoin d&#8217;un climat chaud et ensoleill\u00e9 pour donner son meilleur rendement en ext\u00e9rieur.<\/li>\n<\/ul>\n<\/div>\n<\/div>\n\n\n\n<div style=\"height:50px\" aria-hidden=\"true\" class=\"wp-block-spacer uag-hide-mob\"><\/div>\n\n\n\n<h2 class=\"wp-block-heading\">Questions Fr\u00e9quemment Pos\u00e9es<\/h2>\n\n\n\n<p>Voici les r\u00e9ponses aux questions les plus fr\u00e9quemment pos\u00e9es par les cultivateurs int\u00e9ress\u00e9s par cette g\u00e9n\u00e9tique :<\/p>\n\n\n<div id=\"rank-math-faq\" class=\"rank-math-block\">\n<div class=\"rank-math-list \">\n<div id=\"faq-question-1663029074962\" class=\"rank-math-list-item\">\n<h3 class=\"rank-math-question \">Amnesia Lemon Auto est-elle sativa ou indica?<\/h3>\n<div class=\"rank-math-answer \">\n\n<p>Amnesia Lemon Auto est un hybride avec une nette dominance sativa, id\u00e9ale pour une utilisation diurne et des activit\u00e9s cr\u00e9atives. Elle offre un effet \u00e9quilibr\u00e9 qui commence par une euphorie sativa et se termine par une relaxation indica.<\/p>\n\n<\/div>\n<\/div>\n<div id=\"faq-question-1663029159933\" class=\"rank-math-list-item\">\n<h3 class=\"rank-math-question \">Quel est le contenu en THC de Amnesia Lemon Auto?<\/h3>\n<div class=\"rank-math-answer \">\n\n<p>Amnesia Lemon Auto a un contenu en <strong>THC<\/strong> qui oscille entre 12% et 15%. Cette quantit\u00e9 fournit des effets puissants et \u00e9quilibr\u00e9s, suffisants pour une exp\u00e9rience psychoactive intense mais g\u00e9rable.<\/p>\n\n<\/div>\n<\/div>\n<div id=\"faq-question-1663029165861\" class=\"rank-math-list-item\">\n<h3 class=\"rank-math-question \">En combien de temps se r\u00e9colte Amnesia Lemon Auto?<\/h3>\n<div class=\"rank-math-answer \">\n\n<p>Amnesia Lemon Auto a un temps de floraison tr\u00e8s rapide, d&#8217;environ 8-9 semaines. Au total, elle sera pr\u00eate \u00e0 \u00eatre r\u00e9colt\u00e9e en environ 12 semaines \u00e0 partir de la date de plantation.<\/p>\n\n<\/div>\n<\/div>\n<div id=\"faq-question-1666780029954\" class=\"rank-math-list-item\">\n<h3 class=\"rank-math-question \">Quel est le rendement de Amnesia Lemon Auto en int\u00e9rieur et en ext\u00e9rieur?<\/h3>\n<div class=\"rank-math-answer \">\n\n<p>Amnesia Lemon Auto est une plante tr\u00e8s productive. En int\u00e9rieur, elle peut produire jusqu&#8217;\u00e0 600 grammes par m\u00e8tre carr\u00e9, tandis qu&#8217;en ext\u00e9rieur, elle peut rendre entre 100 et 125 grammes par plante, \u00e0 condition de recevoir des conditions ad\u00e9quates de lumi\u00e8re et de nutriments.<\/p>\n\n<\/div>\n<\/div>\n<div id=\"faq-question-1716211116381\" class=\"rank-math-list-item\">\n<h3 class=\"rank-math-question \">Est-il difficile de cultiver Amnesia Lemon Auto?<\/h3>\n<div class=\"rank-math-answer \">\n\n<p>Non, la <strong>Amnesia Lemon Auto<\/strong> est tr\u00e8s facile \u00e0 cultiver. Elle est r\u00e9sistante et ne n\u00e9cessite pas de soins intensifs, ce qui la rend id\u00e9ale aussi bien pour les d\u00e9butants que pour les cultivateurs plus exp\u00e9riment\u00e9s. Elle a juste besoin de soleil, d&#8217;eau et de nutriments pour prosp\u00e9rer.<\/p>\n\n<\/div>\n<\/div>\n<div id=\"faq-question-1716211133532\" class=\"rank-math-list-item\">\n<h3 class=\"rank-math-question \">Quel est le go\u00fbt et l&#8217;ar\u00f4me de Amnesia Lemon Auto?<\/h3>\n<div class=\"rank-math-answer \">\n\n<p>Le go\u00fbt et l&#8217;ar\u00f4me de la <strong>Amnesia Lemon Auto<\/strong> sont intens\u00e9ment citronn\u00e9s, avec une pr\u00e9dominance de citron. De plus, elle pr\u00e9sente des touches de herbes fra\u00eeches, de bois de santal et de bonbons sucr\u00e9s, cr\u00e9ant une exp\u00e9rience sensorielle complexe et agr\u00e9able.<\/p>\n\n<\/div>\n<\/div>\n<\/div>\n<\/div>","protected":false},"excerpt":{"rendered":"<p><b>Amnesia Lemon Auto<\/b> est le choix parfait pour ceux qui recherchent une r\u00e9colte facile et abondante en <strong>moins de 12 semaines<\/strong>. Avec un <strong>go\u00fbt intense de citron et des effets \u00e9quilibr\u00e9s<\/strong>, cette vari\u00e9t\u00e9 se distingue par sa vigueur, sa r\u00e9sistance et sa production de bourgeons r\u00e9sineux. Profitez de cette merveille citronn\u00e9e !<\/p>\n","protected":false},"featured_media":24663,"comment_status":"open","ping_status":"closed","template":"","meta":{"_acf_changed":false,"inline_featured_image":false,"_uag_custom_page_level_css":""},"product_brand":[],"product_cat":[2265],"product_tag":[],"class_list":{"0":"post-24466","1":"product","2":"type-product","3":"status-publish","4":"has-post-thumbnail","6":"product_cat-graines-autofloraison-en-gros","8":"first","9":"instock","10":"taxable","11":"shipping-taxable","12":"purchasable","13":"product-type-simple"},"acf":[],"uagb_featured_image_src":{"full":["https:\/\/bulkgenetics.com\/wp-content\/uploads\/2024\/05\/amnesia-lemon-auto-autoflowering-cannabis-seeds.jpg",1600,1600,false],"thumbnail":["https:\/\/bulkgenetics.com\/wp-content\/uploads\/2024\/05\/amnesia-lemon-auto-autoflowering-cannabis-seeds-150x150.jpg",150,150,true],"medium":["https:\/\/bulkgenetics.com\/wp-content\/uploads\/2024\/05\/amnesia-lemon-auto-autoflowering-cannabis-seeds-300x300.jpg",300,300,true],"medium_large":["https:\/\/bulkgenetics.com\/wp-content\/uploads\/2024\/05\/amnesia-lemon-auto-autoflowering-cannabis-seeds-768x768.jpg",768,768,true],"large":["https:\/\/bulkgenetics.com\/wp-content\/uploads\/2024\/05\/amnesia-lemon-auto-autoflowering-cannabis-seeds-1024x1024.jpg",1024,1024,true],"1536x1536":["https:\/\/bulkgenetics.com\/wp-content\/uploads\/2024\/05\/amnesia-lemon-auto-autoflowering-cannabis-seeds-1536x1536.jpg",1536,1536,true],"2048x2048":["https:\/\/bulkgenetics.com\/wp-content\/uploads\/2024\/05\/amnesia-lemon-auto-autoflowering-cannabis-seeds.jpg",1600,1600,false],"commercegurus-pdp-large":["https:\/\/bulkgenetics.com\/wp-content\/uploads\/2024\/05\/amnesia-lemon-auto-autoflowering-cannabis-seeds-990x990.jpg",990,990,true],"commercegurus-plp-mobile":["https:\/\/bulkgenetics.com\/wp-content\/uploads\/2024\/05\/amnesia-lemon-auto-autoflowering-cannabis-seeds-441x441.jpg",441,441,true],"cgkit_image_swatch":["https:\/\/bulkgenetics.com\/wp-content\/uploads\/2024\/05\/amnesia-lemon-auto-autoflowering-cannabis-seeds-100x100.jpg",100,100,true],"woocommerce_thumbnail":["https:\/\/bulkgenetics.com\/wp-content\/uploads\/2024\/05\/amnesia-lemon-auto-autoflowering-cannabis-seeds-300x300.jpg",300,300,true],"woocommerce_single":["https:\/\/bulkgenetics.com\/wp-content\/uploads\/2024\/05\/amnesia-lemon-auto-autoflowering-cannabis-seeds-800x800.jpg",800,800,true],"woocommerce_gallery_thumbnail":["https:\/\/bulkgenetics.com\/wp-content\/uploads\/2024\/05\/amnesia-lemon-auto-autoflowering-cannabis-seeds-150x150.jpg",150,150,true],"dgwt-wcas-product-suggestion":["https:\/\/bulkgenetics.com\/wp-content\/uploads\/2024\/05\/amnesia-lemon-auto-autoflowering-cannabis-seeds-64x64.jpg",64,64,true]},"uagb_author_info":{"display_name":"\u00c1ngel Flores","author_link":"https:\/\/bulkgenetics.com\/fr\/author\/"},"uagb_comment_info":0,"uagb_excerpt":"Amnesia Lemon Auto est le choix parfait pour ceux qui recherchent une r\u00e9colte facile et abondante en moins de 12 semaines. Avec un go\u00fbt intense de citron et des effets \u00e9quilibr\u00e9s, cette vari\u00e9t\u00e9 se distingue par sa vigueur, sa r\u00e9sistance et sa production de bourgeons r\u00e9sineux. Profitez de cette merveille citronn\u00e9e !","_links":{"self":[{"href":"https:\/\/bulkgenetics.com\/fr\/wp-json\/wp\/v2\/product\/24466","targetHints":{"allow":["GET"]}}],"collection":[{"href":"https:\/\/bulkgenetics.com\/fr\/wp-json\/wp\/v2\/product"}],"about":[{"href":"https:\/\/bulkgenetics.com\/fr\/wp-json\/wp\/v2\/types\/product"}],"replies":[{"embeddable":true,"href":"https:\/\/bulkgenetics.com\/fr\/wp-json\/wp\/v2\/comments?post=24466"}],"wp:featuredmedia":[{"embeddable":true,"href":"https:\/\/bulkgenetics.com\/fr\/wp-json\/wp\/v2\/media\/24663"}],"wp:attachment":[{"href":"https:\/\/bulkgenetics.com\/fr\/wp-json\/wp\/v2\/media?parent=24466"}],"wp:term":[{"taxonomy":"product_brand","embeddable":true,"href":"https:\/\/bulkgenetics.com\/fr\/wp-json\/wp\/v2\/product_brand?post=24466"},{"taxonomy":"product_cat","embeddable":true,"href":"https:\/\/bulkgenetics.com\/fr\/wp-json\/wp\/v2\/product_cat?post=24466"},{"taxonomy":"product_tag","embeddable":true,"href":"https:\/\/bulkgenetics.com\/fr\/wp-json\/wp\/v2\/product_tag?post=24466"}],"curies":[{"name":"wp","href":"https:\/\/api.w.org\/{rel}","templated":true}]}}