{"id":24735,"date":"2024-06-04T16:02:26","date_gmt":"2024-06-04T14:02:26","guid":{"rendered":"https:\/\/bulkgenetics.com\/?post_type=product&#038;p=24735"},"modified":"2024-10-08T01:04:08","modified_gmt":"2024-10-07T23:04:08","slug":"cereal-milk","status":"publish","type":"product","link":"https:\/\/bulkgenetics.com\/fr\/cereal-milk\/","title":{"rendered":"Cereal Milk"},"content":{"rendered":"\n<p>Notre <b>Cereal Milk<\/b>\u00a0est un joyau g\u00e9n\u00e9tique n\u00e9 du croisement entre l&#8217;exquise <b>Cereal Milk<\/b> (Y Life x Snowman) et la l\u00e9gendaire <b><strong><a href=\"https:\/\/bulkgenetics.com\/fr\/most-powerful-cannabis-strains\/og-kush-4\/\">OG Kush<\/a><\/strong><\/b>. Cette combinaison donne naissance \u00e0 une strain unique qui fusionne le meilleur des deux mondes : la douceur et la cr\u00e9meuse de la Cereal Milk avec la puissance et la robustesse de l&#8217;OG Kush. Elle conqu\u00e9rira sans aucun doute les cultivateurs du monde entier gr\u00e2ce \u00e0 son \u00e9quilibre parfait et \u00e0 son profil de saveur exceptionnel.<\/p>\n\n\n\n<p>Visuellement, la plante de <b>Cereal Milk<\/b> est une merveille. Ses t\u00eates sont denses et compactes, avec une teinte vert olive orn\u00e9e de pistils orange fonc\u00e9. La couche \u00e9paisse de trichomes cristallins lui donne un \u00e9clat resplendissant, presque comme si elle \u00e9tait couverte de poussi\u00e8re de diamants. Cette r\u00e9sine indique non seulement sa haute puissance, mais aussi sa qualit\u00e9 sup\u00e9rieure, id\u00e9ale pour la production d&#8217;extraits et de concentr\u00e9s de haute qualit\u00e9.<\/p>\n\n\n\n<p><b>Cereal Milk<\/b> poss\u00e8de une structure robuste et la capacit\u00e9 de supporter des branches charg\u00e9es de t\u00eates r\u00e9sineuses. De plus, l&#8217;\u00e9quilibre et l&#8217;efficacit\u00e9 de cette strain la rendent parfaite pour n&#8217;importe quel moment de la journ\u00e9e, que ce soit pour une journ\u00e9e de d\u00e9tente tranquille ou une soir\u00e9e cr\u00e9ative.<\/p>\n\n\n\n<h2 class=\"wp-block-heading\">Saveur et Effets<\/h2>\n\n\n\n<p>L&#8217;ar\u00f4me et le go\u00fbt de la <b>Cereal Milk<\/b>&nbsp;sont aussi m\u00e9morables que son apparence. Imaginez le go\u00fbt sucr\u00e9 et cr\u00e9meux d&#8217;un bol de lait de c\u00e9r\u00e9ales, combin\u00e9 \u00e0 des touches de fruits et une l\u00e9g\u00e8re note herbac\u00e9e. Ce profil sensoriel transforme chaque bouff\u00e9e en une exp\u00e9rience gourmande qui ravira votre palais.<\/p>\n\n\n\n<p>En la consommant, <b>Cereal Milk<\/b>&nbsp;offre un high euphorique qui \u00e9l\u00e8ve l&#8217;humeur et l&#8217;esprit, suivi d&#8217;une relaxation corporelle qui n&#8217;induit pas de somnolence. Avec un taux de THC de 23% \u00e0 25% et une pr\u00e9sence minimale de CBD, cette strain est id\u00e9ale pour ceux qui cherchent un \u00e9quilibre entre une stimulation c\u00e9r\u00e9brale et un soulagement physique. Les utilisateurs rapportent qu&#8217;elle est efficace pour soulager le stress, la douleur chronique et am\u00e9liorer l&#8217;humeur, en faisant une option populaire tant pour un usage r\u00e9cr\u00e9atif que m\u00e9dicinal.<\/p>\n\n\n\n<p>En termes d&#8217;effets, <b>Cereal Milk<\/b> combine l&#8217;euphorie et la cr\u00e9ativit\u00e9 des sativas avec la relaxation et le soulagement des indicas. Cette synergie parfaite vous emm\u00e8ne dans un \u00e9tat de bonheur et de concentration, rendant toute t\u00e2che ou activit\u00e9 plus agr\u00e9able. C&#8217;est comme une \u00e9treinte chaleureuse \u00e0 la fin d&#8217;une longue journ\u00e9e, ou une impulsion d&#8217;inspiration quand vous en avez le plus besoin.<\/p>\n\n\n\n<p>Avec la <b>Cereal Milk<\/b>, chaque bouff\u00e9e est une invitation \u00e0 un monde de sensations \u00e9quilibr\u00e9es et agr\u00e9ables. Parfaite pour \u00eatre consomm\u00e9e en fin d&#8217;apr\u00e8s-midi ou en soir\u00e9e, cette strain a gagn\u00e9 une place sp\u00e9ciale dans la communaut\u00e9 cannabique pour sa capacit\u00e9 \u00e0 transformer des moments ordinaires en exp\u00e9riences extraordinaires.<\/p>\n\n\n\n<h2 class=\"wp-block-heading\">Production et Temps de Floraison<\/h2>\n\n\n\n<p><b>Cereal Milk<\/b> impressionne non seulement par son go\u00fbt et ses effets, mais aussi par sa g\u00e9n\u00e9reuse production. En culture int\u00e9rieure, cette strain peut produire environ <b>400 &#8211; 450 grammes par m\u00e8tre carr\u00e9<\/b>. En ext\u00e9rieur, les plantes bien soign\u00e9es peuvent rendre entre <b>500 &#8211; 700 grammes par plante<\/b>, offrant une r\u00e9colte abondante pour les cultivateurs les plus d\u00e9vou\u00e9s.<\/p>\n\n\n\n<p>Le temps de floraison de la <b>Cereal Milk<\/b>&nbsp;est relativement court, ce qui en fait une option attrayante pour ceux qui recherchent des r\u00e9sultats rapides. En int\u00e9rieur, la p\u00e9riode de floraison varie entre <b>8 \u00e0 10 semaines<\/b>. Pour les cultures en ext\u00e9rieur, la r\u00e9colte se fait g\u00e9n\u00e9ralement \u00e0 la mi-octobre dans l&#8217;h\u00e9misph\u00e8re nord, fournissant des t\u00eates denses et r\u00e9sineuses juste \u00e0 temps avant l&#8217;arriv\u00e9e du froid.<\/p>\n\n\n\n<p>Gr\u00e2ce \u00e0 son \u00e9quilibre g\u00e9n\u00e9tique, la <b>Cereal Milk<\/b>&nbsp;offre une combinaison de robustesse et de haute production, rendant chaque cycle de culture rentable. Qu&#8217;elle soit cultiv\u00e9e en int\u00e9rieur ou en ext\u00e9rieur, cette strain promet de combler de satisfaction les cultivateurs avec son excellent rendement et la qualit\u00e9 de ses t\u00eates.<\/p>\n\n\n\n<h2 class=\"wp-block-heading\">Comment Cultiver <b>Cereal Milk<\/b><\/h2>\n\n\n\n<p>La culture de <b>Cereal Milk<\/b> est une exp\u00e9rience gratifiante qui convient aussi bien aux cultivateurs d\u00e9butants qu&#8217;aux plus exp\u00e9riment\u00e9s. La difficult\u00e9 de culture est mod\u00e9r\u00e9e, ce qui signifie qu&#8217;avec un peu d&#8217;attention et de soin, on peut obtenir des r\u00e9sultats fantastiques.<\/p>\n\n\n\n<p>Pour optimiser sa croissance, il faut fournir un climat chaud et ensoleill\u00e9 si elle est cultiv\u00e9e en ext\u00e9rieur. En int\u00e9rieur, il est crucial de maintenir une temp\u00e9rature entre <b>20-27 \u00b0C<\/b> pendant la journ\u00e9e et l\u00e9g\u00e8rement plus fra\u00eeche la nuit. L&#8217;humidit\u00e9 relative doit \u00eatre d&#8217;environ 55%-60% pendant la phase v\u00e9g\u00e9tative et r\u00e9duite \u00e0 40% pendant la floraison.<\/p>\n\n\n\n<p>La <b>Cereal Milk<\/b>&nbsp;montre une bonne r\u00e9sistance aux ravageurs et aux maladies courantes, ce qui facilite sa gestion. N\u00e9anmoins, il est toujours recommand\u00e9 de surveiller de pr\u00e8s nos plantes et d&#8217;appliquer des traitements pr\u00e9ventifs si n\u00e9cessaire.<\/p>\n\n\n\n<div class=\"wp-block-columns is-layout-flex wp-container-core-columns-is-layout-28f84493 wp-block-columns-is-layout-flex\">\n<div class=\"wp-block-column is-layout-flow wp-block-column-is-layout-flow\">\n<p class=\"has-text-align-center has-medium-font-size\"><strong>Ce que nous aimons le plus<\/strong><\/p>\n\n\n\n<ul class=\"wp-block-list\">\n<li>Son \u00e9quilibre parfait entre effets euphoriques et relaxants.<\/li>\n\n\n\n<li>Le profil de saveur sucr\u00e9 et cr\u00e9meux avec des touches fruit\u00e9es et herbac\u00e9es.<\/li>\n\n\n\n<li>La haute production tant en int\u00e9rieur qu&#8217;en ext\u00e9rieur.<\/li>\n\n\n\n<li>La r\u00e9sistance aux ravageurs et aux maladies.<\/li>\n<\/ul>\n<\/div>\n\n\n\n<div class=\"wp-block-column is-layout-flow wp-block-column-is-layout-flow\">\n<p class=\"has-text-align-center has-medium-font-size\"><strong>Ce que nous aimons le moins<\/strong><\/p>\n\n\n\n<ul class=\"wp-block-list\">\n<li>N\u00e9cessite un contr\u00f4le pr\u00e9cis de l&#8217;humidit\u00e9 pour \u00e9viter les probl\u00e8mes de moisissure.<\/li>\n\n\n\n<li>En floraison, elle est assez odorante.<\/li>\n<\/ul>\n<\/div>\n<\/div>\n\n\n\n<div style=\"height:50px\" aria-hidden=\"true\" class=\"wp-block-spacer uag-hide-mob\"><\/div>\n\n\n\n<h2 class=\"wp-block-heading\">Questions Fr\u00e9quentes<\/h2>\n\n\n\n<p>Vous trouverez ci-dessous les r\u00e9ponses aux questions les plus fr\u00e9quentes pos\u00e9es par les cultivateurs int\u00e9ress\u00e9s par cette strain :<\/p>\n\n\n<div id=\"rank-math-faq\" class=\"rank-math-block\">\n<div class=\"rank-math-list \">\n<div id=\"faq-question-1663029074962\" class=\"rank-math-list-item\">\n<h3 class=\"rank-math-question \">Est-ce que <strong>Cereal Milk<\/strong> est une sativa ou une indica ?<\/h3>\n<div class=\"rank-math-answer \">\n\n<p><strong>Cereal Milk<\/strong> est une vari\u00e9t\u00e9 hybride \u00e9quilibr\u00e9e, combinant environ 50% de g\u00e9n\u00e9tique sativa et 50% de g\u00e9n\u00e9tique indica. Cela signifie que vous pouvez vous attendre au meilleur des deux mondes : l&#8217;euphorie et la cr\u00e9ativit\u00e9 typiques des sativas, ainsi que la relaxation et le soulagement physique caract\u00e9ristiques des indicas.<\/p>\n\n<\/div>\n<\/div>\n<div id=\"faq-question-1663029159933\" class=\"rank-math-list-item\">\n<h3 class=\"rank-math-question \">Quel est le taux de THC et de CBD de <strong>Cereal Milk<\/strong> ?<\/h3>\n<div class=\"rank-math-answer \">\n\n<p><strong>Cereal Milk<\/strong> a une teneur \u00e9lev\u00e9e en THC qui varie entre 23% et 25%, et une pr\u00e9sence minimale de CBD. Cela en fait une excellente option pour ceux qui recherchent une exp\u00e9rience puissante et \u00e9quilibr\u00e9e, avec une bonne combinaison d&#8217;effets euphoriques et relaxants.<\/p>\n\n<\/div>\n<\/div>\n<div id=\"faq-question-1663029165861\" class=\"rank-math-list-item\">\n<h3 class=\"rank-math-question \">Combien de temps faut-il pour que <strong>Cereal Milk<\/strong> fleurisse ?<\/h3>\n<div class=\"rank-math-answer \">\n\n<p>Le temps de floraison de <strong>Cereal Milk<\/strong> varie entre 8 \u00e0 10 semaines en culture int\u00e9rieure. En ext\u00e9rieur, les plantes sont g\u00e9n\u00e9ralement pr\u00eates \u00e0 \u00eatre r\u00e9colt\u00e9es \u00e0 la mi-octobre dans l&#8217;h\u00e9misph\u00e8re nord. Ce temps de floraison relativement court est id\u00e9al pour les cultivateurs qui recherchent des r\u00e9sultats rapides et efficaces.<\/p>\n\n<\/div>\n<\/div>\n<div id=\"faq-question-1666780029954\" class=\"rank-math-list-item\">\n<h3 class=\"rank-math-question \">Quel est le rendement de <strong>Cereal Milk<\/strong> ?<\/h3>\n<div class=\"rank-math-answer \">\n\n<p>En culture int\u00e9rieure, <strong>Cereal Milk<\/strong> peut produire entre 400 et 450 grammes par m\u00e8tre carr\u00e9. En ext\u00e9rieur, les plantes bien soign\u00e9es peuvent donner entre 500 et 700 grammes par plante. Sa haute production, tant en int\u00e9rieur qu&#8217;en ext\u00e9rieur, en fait une option populaire parmi les cultivateurs.<\/p>\n\n<\/div>\n<\/div>\n<div id=\"faq-question-1713349304979\" class=\"rank-math-list-item\">\n<h3 class=\"rank-math-question \">Quel est le go\u00fbt et l&#8217;ar\u00f4me de <strong>Cereal Milk<\/strong> ?<\/h3>\n<div class=\"rank-math-answer \">\n\n<p>Le go\u00fbt et l&#8217;ar\u00f4me de <strong>Cereal Milk<\/strong> sont vraiment uniques et m\u00e9morables. Imaginez le go\u00fbt sucr\u00e9 et cr\u00e9meux d&#8217;un bol de lait de c\u00e9r\u00e9ales, combin\u00e9 \u00e0 des touches de fruits et une l\u00e9g\u00e8re note herbac\u00e9e. Ce profil sensoriel transforme chaque bouff\u00e9e en une exp\u00e9rience gourmande qui ravira votre palais.<\/p>\n\n<\/div>\n<\/div>\n<div id=\"faq-question-1716197778573\" class=\"rank-math-list-item\">\n<h3 class=\"rank-math-question \">Est-ce que <strong>Cereal Milk<\/strong> est adapt\u00e9e aux cultivateurs d\u00e9butants ?<\/h3>\n<div class=\"rank-math-answer \">\n\n<p>Oui, <strong>Cereal Milk<\/strong> est adapt\u00e9e aux cultivateurs d\u00e9butants. Elle a une difficult\u00e9 de culture mod\u00e9r\u00e9e, et montre une bonne r\u00e9sistance aux ravageurs et aux maladies courantes, ce qui facilite sa gestion. Avec les soins appropri\u00e9s, m\u00eame les cultivateurs novices peuvent obtenir d&#8217;excellents r\u00e9sultats.<\/p>\n\n<\/div>\n<\/div>\n<\/div>\n<\/div>","protected":false},"excerpt":{"rendered":"<p><strong>Cereal Milk<\/strong> est la combinaison parfaite entre la douce et cr\u00e9meuse Cereal Milk et la puissante OG Kush. Cette vari\u00e9t\u00e9 hybride offre un \u00e9quilibre id\u00e9al entre <strong>euphorie et relaxation<\/strong>, avec un profil de saveur gourmet qui ravira votre palais. Id\u00e9ale pour n&#8217;importe quel moment de la journ\u00e9e, sa <strong>haute production et puissance<\/strong> la rendent incontournable.<\/p>\n","protected":false},"featured_media":25090,"comment_status":"open","ping_status":"closed","template":"","meta":{"_acf_changed":false,"inline_featured_image":false,"_uag_custom_page_level_css":""},"product_brand":[],"product_cat":[1125],"product_tag":[],"class_list":{"0":"post-24735","1":"product","2":"type-product","3":"status-publish","4":"has-post-thumbnail","6":"product_cat-graines-feminisees-en-gros","8":"first","9":"instock","10":"sale","11":"taxable","12":"shipping-taxable","13":"purchasable","14":"product-type-simple"},"acf":[],"uagb_featured_image_src":{"full":["https:\/\/bulkgenetics.com\/wp-content\/uploads\/2024\/06\/cereal-milk-weed-strain-feminized-seeds.jpg",1600,1600,false],"thumbnail":["https:\/\/bulkgenetics.com\/wp-content\/uploads\/2024\/06\/cereal-milk-weed-strain-feminized-seeds-150x150.jpg",150,150,true],"medium":["https:\/\/bulkgenetics.com\/wp-content\/uploads\/2024\/06\/cereal-milk-weed-strain-feminized-seeds-300x300.jpg",300,300,true],"medium_large":["https:\/\/bulkgenetics.com\/wp-content\/uploads\/2024\/06\/cereal-milk-weed-strain-feminized-seeds-768x768.jpg",768,768,true],"large":["https:\/\/bulkgenetics.com\/wp-content\/uploads\/2024\/06\/cereal-milk-weed-strain-feminized-seeds-1024x1024.jpg",1024,1024,true],"1536x1536":["https:\/\/bulkgenetics.com\/wp-content\/uploads\/2024\/06\/cereal-milk-weed-strain-feminized-seeds-1536x1536.jpg",1536,1536,true],"2048x2048":["https:\/\/bulkgenetics.com\/wp-content\/uploads\/2024\/06\/cereal-milk-weed-strain-feminized-seeds.jpg",1600,1600,false],"commercegurus-pdp-large":["https:\/\/bulkgenetics.com\/wp-content\/uploads\/2024\/06\/cereal-milk-weed-strain-feminized-seeds-990x990.jpg",990,990,true],"commercegurus-plp-mobile":["https:\/\/bulkgenetics.com\/wp-content\/uploads\/2024\/06\/cereal-milk-weed-strain-feminized-seeds-441x441.jpg",441,441,true],"cgkit_image_swatch":["https:\/\/bulkgenetics.com\/wp-content\/uploads\/2024\/06\/cereal-milk-weed-strain-feminized-seeds-100x100.jpg",100,100,true],"woocommerce_thumbnail":["https:\/\/bulkgenetics.com\/wp-content\/uploads\/2024\/06\/cereal-milk-weed-strain-feminized-seeds-300x300.jpg",300,300,true],"woocommerce_single":["https:\/\/bulkgenetics.com\/wp-content\/uploads\/2024\/06\/cereal-milk-weed-strain-feminized-seeds-800x800.jpg",800,800,true],"woocommerce_gallery_thumbnail":["https:\/\/bulkgenetics.com\/wp-content\/uploads\/2024\/06\/cereal-milk-weed-strain-feminized-seeds-150x150.jpg",150,150,true],"dgwt-wcas-product-suggestion":["https:\/\/bulkgenetics.com\/wp-content\/uploads\/2024\/06\/cereal-milk-weed-strain-feminized-seeds-64x64.jpg",64,64,true]},"uagb_author_info":{"display_name":"Bruno Crespo","author_link":"https:\/\/bulkgenetics.com\/fr\/author\/"},"uagb_comment_info":0,"uagb_excerpt":"Cereal Milk est la combinaison parfaite entre la douce et cr\u00e9meuse Cereal Milk et la puissante OG Kush. Cette vari\u00e9t\u00e9 hybride offre un \u00e9quilibre id\u00e9al entre euphorie et relaxation, avec un profil de saveur gourmet qui ravira votre palais. Id\u00e9ale pour n'importe quel moment de la journ\u00e9e, sa haute production et puissance la rendent incontournable.","_links":{"self":[{"href":"https:\/\/bulkgenetics.com\/fr\/wp-json\/wp\/v2\/product\/24735","targetHints":{"allow":["GET"]}}],"collection":[{"href":"https:\/\/bulkgenetics.com\/fr\/wp-json\/wp\/v2\/product"}],"about":[{"href":"https:\/\/bulkgenetics.com\/fr\/wp-json\/wp\/v2\/types\/product"}],"replies":[{"embeddable":true,"href":"https:\/\/bulkgenetics.com\/fr\/wp-json\/wp\/v2\/comments?post=24735"}],"wp:featuredmedia":[{"embeddable":true,"href":"https:\/\/bulkgenetics.com\/fr\/wp-json\/wp\/v2\/media\/25090"}],"wp:attachment":[{"href":"https:\/\/bulkgenetics.com\/fr\/wp-json\/wp\/v2\/media?parent=24735"}],"wp:term":[{"taxonomy":"product_brand","embeddable":true,"href":"https:\/\/bulkgenetics.com\/fr\/wp-json\/wp\/v2\/product_brand?post=24735"},{"taxonomy":"product_cat","embeddable":true,"href":"https:\/\/bulkgenetics.com\/fr\/wp-json\/wp\/v2\/product_cat?post=24735"},{"taxonomy":"product_tag","embeddable":true,"href":"https:\/\/bulkgenetics.com\/fr\/wp-json\/wp\/v2\/product_tag?post=24735"}],"curies":[{"name":"wp","href":"https:\/\/api.w.org\/{rel}","templated":true}]}}