{"id":24897,"date":"2024-06-07T14:52:21","date_gmt":"2024-06-07T12:52:21","guid":{"rendered":"https:\/\/bulkgenetics.com\/?post_type=product&#038;p=24897"},"modified":"2024-10-08T01:04:06","modified_gmt":"2024-10-07T23:04:06","slug":"lemon-cake","status":"publish","type":"product","link":"https:\/\/bulkgenetics.com\/fr\/lemon-cake\/","title":{"rendered":"Lemon Cake"},"content":{"rendered":"\n<h2 class=\"wp-block-heading\">Infos sur la Strain Lemon Cake<\/h2>\n\n\n\n<p>La <strong>Lemon Cake<\/strong>, \u00e9galement connue sous le nom de <em>Lemon Cheesecake<\/em>, est une strain sativa dominante avec une g\u00e9n\u00e9tique impressionnante. Cr\u00e9\u00e9e \u00e0 partir d&#8217;un croisement entre la classique <em><strong><a href=\"https:\/\/bulkgenetics.com\/fr\/?attachment_id=11772\">Lemon Skunk<\/a><\/strong><\/em> et la <em><strong><a href=\"https:\/\/bulkgenetics.com\/fr\/cheese\/\">Cheese<\/a><\/strong><\/em>, cette strain offre une exp\u00e9rience vibrante et \u00e9nergisante. Ses t\u00eates vert fonc\u00e9 avec des poils ambr\u00e9s dispers\u00e9s sont recouvertes d&#8217;une \u00e9paisse couche de trichomes blancs et cristallins, lui donnant un aspect givr\u00e9 et app\u00e9tissant.<\/p>\n\n\n\n<h2 class=\"wp-block-heading\">Saveur et Effets<\/h2>\n\n\n\n<p>L&#8217;ar\u00f4me de la <strong>Lemon Cake<\/strong> est une explosion de sensations qui te transporte dans un voyage sensoriel. En ouvrant un sac, tu es envelopp\u00e9 par une odeur musqu\u00e9e et p\u00e9n\u00e9trante, avec un m\u00e9lange de fromage cr\u00e9meux et une touche de citron acide. En la fumant, le go\u00fbt devient moins piquant et plus doux, comme si tu d\u00e9gustais une v\u00e9ritable tarte au citron, avec des nuances terreuses et de noix qui ajoutent de la profondeur.<\/p>\n\n\n\n<p>Avec une teneur en THC de 20% \u00e0 23%, cette strain n&#8217;est pas pour les \u00e2mes sensibles. D\u00e8s la premi\u00e8re bouff\u00e9e, tu ressentiras une vague d&#8217;\u00e9nergie cr\u00e9ative qui te poussera \u00e0 r\u00e9aliser n&#8217;importe quel projet avec une clart\u00e9 et une concentration \u00e9tonnantes. L&#8217;euphorie et le bonheur envahissent ton esprit, tandis que ton corps se lib\u00e8re de toute douleur ou malaise. La <strong>Lemon Cake<\/strong> est parfaite pour traiter la fatigue chronique, les migraines, les sautes d&#8217;humeur et la d\u00e9pression.<\/p>\n\n\n\n<h3 class=\"wp-block-heading\">Terp\u00e8nes de la Lemon Cake<\/h3>\n\n\n\n<p>La <strong>Lemon Cake<\/strong> est riche en terp\u00e8nes qui non seulement contribuent \u00e0 son ar\u00f4me et \u00e0 sa saveur uniques, mais offrent \u00e9galement une vari\u00e9t\u00e9 de bienfaits th\u00e9rapeutiques.<\/p>\n\n\n\n<p>Le <strong>myrc\u00e8ne<\/strong> est le terp\u00e8ne dominant, connu pour son ar\u00f4me herbac\u00e9 et sa capacit\u00e9 \u00e0 induire un effet calmant et relaxant, aidant \u00e0 soulager le stress et l&#8217;anxi\u00e9t\u00e9. Le <strong>caryophyll\u00e8ne<\/strong>, avec son ar\u00f4me \u00e9pic\u00e9 et poivr\u00e9, agit comme un puissant anti-inflammatoire et analg\u00e9sique, id\u00e9al pour soulager les douleurs chroniques.<\/p>\n\n\n\n<p>Le <strong>limon\u00e8ne<\/strong>, responsable de l&#8217;ar\u00f4me citronn\u00e9 rafra\u00eechissant, am\u00e9liore l&#8217;humeur et combat la d\u00e9pression, procurant une sensation de bien-\u00eatre et de bonheur. Ces terp\u00e8nes travaillent en synergie pour offrir une exp\u00e9rience complexe et satisfaisante, tant en termes de saveur que d&#8217;effets.<\/p>\n\n\n\n<h2 class=\"wp-block-heading\">Production et Temps de Floraison<\/h2>\n\n\n\n<p>La <strong>Lemon Cake<\/strong> est une strain qui se distingue non seulement par ses effets et ses saveurs, mais aussi par sa g\u00e9n\u00e9reuse production. Que ce soit en int\u00e9rieur ou en ext\u00e9rieur, cette strain r\u00e9compense les cultivateurs avec des r\u00e9coltes abondantes et de haute qualit\u00e9.<\/p>\n\n\n\n<p>En culture indoor, la Lemon Cake a un temps de floraison de 9 \u00e0 10 semaines. Pendant cette p\u00e9riode, les plantes d\u00e9veloppent des t\u00eates longues et denses, couvertes d&#8217;une \u00e9paisse couche de trichomes. Dans des conditions optimales, on peut s&#8217;attendre \u00e0 une production de <strong>600 \u00e0 700 grammes par m\u00e8tre carr\u00e9<\/strong>, ce qui en fait un excellent choix pour ceux qui cherchent \u00e0 maximiser leur rendement dans un espace contr\u00f4l\u00e9.<\/p>\n\n\n\n<p>En ext\u00e9rieur, les plants de Lemon Cake peuvent atteindre une hauteur de 2 \u00e0 2,5 m\u00e8tres et sont pr\u00eats pour la r\u00e9colte \u00e0 la mi-octobre. Sous le soleil, ces plants peuvent produire jusqu&#8217;\u00e0 <strong>800 grammes par plant<\/strong>. L&#8217;exposition \u00e0 la lumi\u00e8re directe du soleil augmente la production de trichomes et rehausse les saveurs et ar\u00f4mes uniques de cette strain.<\/p>\n\n\n\n<p>La robustesse de la Lemon Cake et sa r\u00e9sistance aux nuisibles et aux maladies courantes en font une option attrayante pour les cultivateurs novices comme exp\u00e9riment\u00e9s. Sa capacit\u00e9 \u00e0 s&#8217;adapter \u00e0 diff\u00e9rents environnements de culture, associ\u00e9e \u00e0 son rendement impressionnant et \u00e0 son temps de floraison relativement court, garantit une exp\u00e9rience de culture gratifiante et r\u00e9ussie.<\/p>\n\n\n\n<h2 class=\"wp-block-heading\">Comment Cultiver la Lemon Cake<\/h2>\n\n\n\n<p>En cultivant la <strong>Lemon Cake<\/strong>, on d\u00e9couvre une strain relativement facile \u00e0 g\u00e9rer, ce qui en fait une excellente option pour les cultivateurs novices comme pour les plus exp\u00e9riment\u00e9s. Cette strain ne n\u00e9cessite pas de soins extr\u00eamement sp\u00e9cifiques, mais comme pour toutes les plantes de cannabis, l&#8217;attention aux d\u00e9tails peut faire une grande diff\u00e9rence dans la qualit\u00e9 et la quantit\u00e9 de la r\u00e9colte.<\/p>\n\n\n\n<p>Pour obtenir les meilleurs r\u00e9sultats, nous recommandons de cultiver la Lemon Cake dans un climat temp\u00e9r\u00e9 \u00e0 chaud, avec des temp\u00e9ratures diurnes oscillant entre 20\u00b0C et 26\u00b0C. Cette strain s&#8217;adapte bien tant aux cultures en int\u00e9rieur qu&#8217;en ext\u00e9rieur. En int\u00e9rieur, il est crucial de maintenir une bonne circulation de l&#8217;air et de contr\u00f4ler les niveaux d&#8217;humidit\u00e9 pour \u00e9viter les probl\u00e8mes de moisissures et de champignons. En ext\u00e9rieur, elle pr\u00e9f\u00e8re un environnement semi-humide et m\u00e9diterran\u00e9en.<\/p>\n\n\n\n<p>La Lemon Cake montre une r\u00e9sistance notable aux nuisibles et aux maladies courantes, ce qui r\u00e9duit le besoin d&#8217;interventions chimiques et facilite la gestion de la culture. Cependant, il est toujours recommand\u00e9 de maintenir une vigilance constante pour assurer la sant\u00e9 optimale des plants.<\/p>\n\n\n\n<div class=\"wp-block-columns is-layout-flex wp-container-core-columns-is-layout-28f84493 wp-block-columns-is-layout-flex\">\n<div class=\"wp-block-column is-layout-flow wp-block-column-is-layout-flow\">\n<p class=\"has-text-align-center has-medium-font-size\"><strong>Ce que nous aimons le plus<\/strong><\/p>\n\n\n\n<ul class=\"wp-block-list\">\n<li>Production abondante en int\u00e9rieur comme en ext\u00e9rieur.<\/li>\n\n\n\n<li>Saveur et ar\u00f4me complexes et d\u00e9licieux, avec des notes d&#8217;agrumes et de fromage.<\/li>\n\n\n\n<li>Effets \u00e9nergisants et cr\u00e9atifs qui am\u00e9liorent l&#8217;humeur.<\/li>\n\n\n\n<li>Facilit\u00e9 de culture et r\u00e9sistance aux nuisibles.<\/li>\n<\/ul>\n<\/div>\n\n\n\n<div class=\"wp-block-column is-layout-flow wp-block-column-is-layout-flow\">\n<p class=\"has-text-align-center has-medium-font-size\"><strong>Ce que nous aimons le moins<\/strong><\/p>\n\n\n\n<ul class=\"wp-block-list\">\n<li>La fum\u00e9e peut \u00eatre un peu rude pour les poumons et les sinus.<\/li>\n\n\n\n<li>L&#8217;intensit\u00e9 de l&#8217;ar\u00f4me peut \u00eatre difficile \u00e0 g\u00e9rer pour les cultures discr\u00e8tes.<\/li>\n<\/ul>\n<\/div>\n<\/div>\n\n\n\n<div style=\"height:50px\" aria-hidden=\"true\" class=\"wp-block-spacer uag-hide-mob\"><\/div>\n\n\n\n<h2 class=\"wp-block-heading\">Questions Fr\u00e9quentes<\/h2>\n\n\n\n<p>Voici les r\u00e9ponses aux questions les plus fr\u00e9quentes pos\u00e9es par les cultivateurs int\u00e9ress\u00e9s par cette strain :<\/p>\n\n\n<div id=\"rank-math-faq\" class=\"rank-math-block\">\n<div class=\"rank-math-list \">\n<div id=\"faq-question-1663029074962\" class=\"rank-math-list-item\">\n<h3 class=\"rank-math-question \">La Lemon Cake est-elle sativa ou indica?<\/h3>\n<div class=\"rank-math-answer \">\n\n<p><strong>La Lemon Cake<\/strong> est une strain majoritairement sativa, avec 70% de g\u00e9n\u00e9tique sativa et 30% d&#8217;indica. Les strains sativas se caract\u00e9risent par leurs effets \u00e9nergisants et c\u00e9r\u00e9braux, id\u00e9aux pour am\u00e9liorer l&#8217;humeur et stimuler la cr\u00e9ativit\u00e9. En revanche, les indicas offrent g\u00e9n\u00e9ralement un effet plus relaxant et corporel, parfait pour soulager la douleur et favoriser le sommeil. Avec la Lemon Cake, vous pouvez vous attendre \u00e0 une exp\u00e9rience vibrante et stimulante, id\u00e9ale pour une utilisation diurne.<\/p>\n\n<\/div>\n<\/div>\n<div id=\"faq-question-1663029159933\" class=\"rank-math-list-item\">\n<h3 class=\"rank-math-question \">Quel est le taux de THC et de CBD de la Lemon Cake?<\/h3>\n<div class=\"rank-math-answer \">\n\n<p>La Lemon Cake a un taux de THC qui varie entre 20% et 23%, ce qui en fait une strain assez puissante. Le taux de CBD est tr\u00e8s faible, g\u00e9n\u00e9ralement proche de 0%, ce qui signifie que les effets psychoactifs du THC sont pr\u00e9dominants, offrant une exp\u00e9rience intense et durable.<\/p>\n\n<\/div>\n<\/div>\n<div id=\"faq-question-1663029165861\" class=\"rank-math-list-item\">\n<h3 class=\"rank-math-question \">Combien de temps faut-il \u00e0 la Lemon Cake pour fleurir?<\/h3>\n<div class=\"rank-math-answer \">\n\n<p>Le temps de floraison de la Lemon Cake est de 9 \u00e0 10 semaines lorsqu&#8217;elle est cultiv\u00e9e en int\u00e9rieur. Pour les cultivateurs en ext\u00e9rieur, la r\u00e9colte est g\u00e9n\u00e9ralement pr\u00eate \u00e0 la mi-octobre, en fonction du climat et des conditions de culture.<\/p>\n\n<\/div>\n<\/div>\n<div id=\"faq-question-1666780029954\" class=\"rank-math-list-item\">\n<h3 class=\"rank-math-question \">Quelle est la production de la Lemon Cake en int\u00e9rieur et en ext\u00e9rieur?<\/h3>\n<div class=\"rank-math-answer \">\n\n<p>En int\u00e9rieur, la Lemon Cake peut produire entre 600 et 700 grammes par m\u00e8tre carr\u00e9. En ext\u00e9rieur, la production peut atteindre jusqu&#8217;\u00e0 800 grammes par plant, en fonction des conditions de culture et des soins apport\u00e9s.<\/p>\n\n<\/div>\n<\/div>\n<\/div>\n<\/div>","protected":false},"excerpt":{"rendered":"<p><b>Lemon Cake<\/b> est une sativa dominante avec un puissant taux de <strong>THC de 20-23%<\/strong>. Savourez son d\u00e9licieux <strong>go\u00fbt d&#8217;agrumes et de fromage<\/strong>, et exp\u00e9rimentez une \u00e9nergie cr\u00e9ative in\u00e9gal\u00e9e. Id\u00e9ale pour ceux qui cherchent \u00e0 am\u00e9liorer leur humeur et leur productivit\u00e9. Faites-en la v\u00f4tre d\u00e8s aujourd&#8217;hui !<\/p>\n","protected":false},"featured_media":26305,"comment_status":"open","ping_status":"closed","template":"","meta":{"_acf_changed":false,"inline_featured_image":false,"_uag_custom_page_level_css":""},"product_brand":[],"product_cat":[1125],"product_tag":[],"class_list":{"0":"post-24897","1":"product","2":"type-product","3":"status-publish","4":"has-post-thumbnail","6":"product_cat-graines-feminisees-en-gros","8":"first","9":"instock","10":"taxable","11":"shipping-taxable","12":"purchasable","13":"product-type-simple"},"acf":[],"uagb_featured_image_src":{"full":["https:\/\/bulkgenetics.com\/wp-content\/uploads\/2024\/06\/lemon-cake-strain-feminized-cannabis-seeds.jpg",1600,1600,false],"thumbnail":["https:\/\/bulkgenetics.com\/wp-content\/uploads\/2024\/06\/lemon-cake-strain-feminized-cannabis-seeds-150x150.jpg",150,150,true],"medium":["https:\/\/bulkgenetics.com\/wp-content\/uploads\/2024\/06\/lemon-cake-strain-feminized-cannabis-seeds-300x300.jpg",300,300,true],"medium_large":["https:\/\/bulkgenetics.com\/wp-content\/uploads\/2024\/06\/lemon-cake-strain-feminized-cannabis-seeds-768x768.jpg",768,768,true],"large":["https:\/\/bulkgenetics.com\/wp-content\/uploads\/2024\/06\/lemon-cake-strain-feminized-cannabis-seeds-1024x1024.jpg",1024,1024,true],"1536x1536":["https:\/\/bulkgenetics.com\/wp-content\/uploads\/2024\/06\/lemon-cake-strain-feminized-cannabis-seeds-1536x1536.jpg",1536,1536,true],"2048x2048":["https:\/\/bulkgenetics.com\/wp-content\/uploads\/2024\/06\/lemon-cake-strain-feminized-cannabis-seeds.jpg",1600,1600,false],"commercegurus-pdp-large":["https:\/\/bulkgenetics.com\/wp-content\/uploads\/2024\/06\/lemon-cake-strain-feminized-cannabis-seeds-990x990.jpg",990,990,true],"commercegurus-plp-mobile":["https:\/\/bulkgenetics.com\/wp-content\/uploads\/2024\/06\/lemon-cake-strain-feminized-cannabis-seeds-441x441.jpg",441,441,true],"cgkit_image_swatch":["https:\/\/bulkgenetics.com\/wp-content\/uploads\/2024\/06\/lemon-cake-strain-feminized-cannabis-seeds-100x100.jpg",100,100,true],"woocommerce_thumbnail":["https:\/\/bulkgenetics.com\/wp-content\/uploads\/2024\/06\/lemon-cake-strain-feminized-cannabis-seeds-300x300.jpg",300,300,true],"woocommerce_single":["https:\/\/bulkgenetics.com\/wp-content\/uploads\/2024\/06\/lemon-cake-strain-feminized-cannabis-seeds-800x800.jpg",800,800,true],"woocommerce_gallery_thumbnail":["https:\/\/bulkgenetics.com\/wp-content\/uploads\/2024\/06\/lemon-cake-strain-feminized-cannabis-seeds-150x150.jpg",150,150,true],"dgwt-wcas-product-suggestion":["https:\/\/bulkgenetics.com\/wp-content\/uploads\/2024\/06\/lemon-cake-strain-feminized-cannabis-seeds-64x64.jpg",64,64,true]},"uagb_author_info":{"display_name":"Bruno Crespo","author_link":"https:\/\/bulkgenetics.com\/fr\/author\/"},"uagb_comment_info":0,"uagb_excerpt":"Lemon Cake est une sativa dominante avec un puissant taux de THC de 20-23%. Savourez son d\u00e9licieux go\u00fbt d'agrumes et de fromage, et exp\u00e9rimentez une \u00e9nergie cr\u00e9ative in\u00e9gal\u00e9e. Id\u00e9ale pour ceux qui cherchent \u00e0 am\u00e9liorer leur humeur et leur productivit\u00e9. Faites-en la v\u00f4tre d\u00e8s aujourd'hui !","_links":{"self":[{"href":"https:\/\/bulkgenetics.com\/fr\/wp-json\/wp\/v2\/product\/24897","targetHints":{"allow":["GET"]}}],"collection":[{"href":"https:\/\/bulkgenetics.com\/fr\/wp-json\/wp\/v2\/product"}],"about":[{"href":"https:\/\/bulkgenetics.com\/fr\/wp-json\/wp\/v2\/types\/product"}],"replies":[{"embeddable":true,"href":"https:\/\/bulkgenetics.com\/fr\/wp-json\/wp\/v2\/comments?post=24897"}],"wp:featuredmedia":[{"embeddable":true,"href":"https:\/\/bulkgenetics.com\/fr\/wp-json\/wp\/v2\/media\/26305"}],"wp:attachment":[{"href":"https:\/\/bulkgenetics.com\/fr\/wp-json\/wp\/v2\/media?parent=24897"}],"wp:term":[{"taxonomy":"product_brand","embeddable":true,"href":"https:\/\/bulkgenetics.com\/fr\/wp-json\/wp\/v2\/product_brand?post=24897"},{"taxonomy":"product_cat","embeddable":true,"href":"https:\/\/bulkgenetics.com\/fr\/wp-json\/wp\/v2\/product_cat?post=24897"},{"taxonomy":"product_tag","embeddable":true,"href":"https:\/\/bulkgenetics.com\/fr\/wp-json\/wp\/v2\/product_tag?post=24897"}],"curies":[{"name":"wp","href":"https:\/\/api.w.org\/{rel}","templated":true}]}}