{"id":27348,"date":"2024-08-22T15:14:29","date_gmt":"2024-08-22T13:14:29","guid":{"rendered":"https:\/\/bulkgenetics.com\/?post_type=product&#038;p=27348"},"modified":"2024-10-08T01:04:04","modified_gmt":"2024-10-07T23:04:04","slug":"strawberry-cough","status":"publish","type":"product","link":"https:\/\/bulkgenetics.com\/fr\/strawberry-cough\/","title":{"rendered":"Strawberry Cough"},"content":{"rendered":"\n<h2 class=\"wp-block-heading\">Informations sur la vari\u00e9t\u00e9 Strawberry Cough<\/h2>\n\n\n\n<p>Imaginez-vous en train de marcher dans un champ de fraises par un apr\u00e8s-midi ensoleill\u00e9 d&#8217;\u00e9t\u00e9, o\u00f9 l&#8217;air est impr\u00e9gn\u00e9 du doux parfum des fruits frais. C&#8217;est l&#8217;essence captur\u00e9e par <b>Strawberry Cough<\/b>, une vari\u00e9t\u00e9 de cannabis au lignage aussi l\u00e9gendaire que sa saveur. Cr\u00e9\u00e9e \u00e0 partir de la puissante <b><a href=\"https:\/\/bulkgenetics.com\/fr\/amnesia-haze\/\" data-type=\"product\" data-id=\"98\">Amnesia Haze<\/a><\/b> et de l&#8217;\u00e9nigmatique <b>Strawberry Fields<\/b>, cette vari\u00e9t\u00e9 est n\u00e9e dans les champs de New York, parmi des plantations de fraises qui semblent lui avoir transmis son ar\u00f4me unique. Au fil des ann\u00e9es, elle a conquis les cultivateurs et les consommateurs, devenant un classique absolu gr\u00e2ce au c\u00e9l\u00e8bre Kyle Kushman, qui l&#8217;a popularis\u00e9e en traversant les \u00c9tats-Unis d&#8217;une c\u00f4te \u00e0 l&#8217;autre.<\/p>\n\n\n\n<p><b>Strawberry Cough<\/b> est une plante qui est non seulement un plaisir pour le palais, mais aussi pour les yeux. En la cultivant, vous d\u00e9couvrirez une sativa dominante qui se distingue par sa structure robuste mais maniable. Les plantes atteignent une taille moyenne, atteignant jusqu&#8217;\u00e0 150 cm en int\u00e9rieur et jusqu&#8217;\u00e0 200 cm en ext\u00e9rieur. Ses feuilles sont fines et allong\u00e9es, montrant un h\u00e9ritage sativa clair, tandis que ses t\u00eates, denses et compactes, sont orn\u00e9es de trichomes qui brillent comme des cristaux sous la lumi\u00e8re.<\/p>\n\n\n\n<p>Ce qui s\u00e9duit vraiment les cultivateurs, ce sont ces ph\u00e9notypes sp\u00e9ciaux qui exhibent des tons violets et des pistils rouge\u00e2tres parmi les t\u00eates, cr\u00e9ant une combinaison de couleurs qui est simplement un spectacle pour les yeux. Les utilisateurs r\u00e9p\u00e8tent sans cesse que les t\u00eates de <b>Strawberry Cough<\/b> ne sont pas seulement belles, mais aussi tr\u00e8s faciles \u00e0 manipuler et \u00e0 tailler, gr\u00e2ce \u00e0 leur forme conique et \u00e0 la consistance ferme qui les caract\u00e9rise.<\/p>\n\n\n\n<p>Les avis ne mentent pas : ceux qui ont essay\u00e9 <b>Strawberry Cough<\/b> soulignent sa capacit\u00e9 \u00e0 offrir une exp\u00e9rience sensorielle compl\u00e8te. D\u00e8s le moment o\u00f9 vous sentez la premi\u00e8re t\u00eate, vous savez que vous \u00eates face \u00e0 quelque chose de sp\u00e9cial. Le parfum des fraises fra\u00eechement r\u00e9colt\u00e9es est inconfondable, un parfum naturel qui vous fait sourire avant m\u00eame la premi\u00e8re bouff\u00e9e. Et quand vous go\u00fbtez enfin sa fum\u00e9e \u00e9paisse, riche et parfum\u00e9e, vous comprenez pourquoi c&#8217;est l&#8217;une des saveurs les plus appr\u00e9ci\u00e9es dans le monde du cannabis.<\/p>\n\n\n\n<h2 class=\"wp-block-heading\">Morphologie de Strawberry Cough<\/h2>\n\n\n\n<p><b>Strawberry Cough<\/b> est une plante qui combine la gr\u00e2ce d&#8217;une sativa classique avec la robustesse d&#8217;une indica. Sa structure est compacte et maniable, atteignant une hauteur moyenne aussi bien en int\u00e9rieur qu&#8217;en ext\u00e9rieur, ce qui la rend parfaite pour les cultivateurs avec des espaces limit\u00e9s. Cette plante se distingue par son feuillage luxuriant, avec des feuilles longues et fines qui montrent son h\u00e9ritage sativa, mais avec une touche d&#8217;indica qui lui conf\u00e8re cette densit\u00e9 et cette fermet\u00e9 que recherchent de nombreux cultivateurs.<\/p>\n\n\n\n<p>La distance internodale de <b>Strawberry Cough<\/b> est relativement courte, ce qui favorise la formation de t\u00eates denses et compactes, id\u00e9ales pour maximiser le rendement dans les cultures SCROG ou SOG. Pendant la phase de floraison, la plante d\u00e9ploie toute sa splendeur, avec des t\u00eates qui prennent une forme conique, couvertes d&#8217;une couche brillante de trichomes qui refl\u00e8tent la lumi\u00e8re, faisant briller chaque fleur de sa propre lumi\u00e8re.<\/p>\n\n\n\n<p>Les couleurs de <b>Strawberry Cough<\/b> sont un autre de ses grands attraits. Les t\u00eates, qui peuvent montrer des tons violets et rouge\u00e2tres dans certains ph\u00e9notypes, contrastent de mani\u00e8re spectaculaire avec les feuilles d&#8217;un vert profond, cr\u00e9ant un spectacle visuel qui est un plaisir pour les yeux ainsi que pour le c\u0153ur de tout cultivateur. De plus, ces t\u00eates ont une structure compacte mais moins sujette au &#8220;fox-tailing&#8221; que d&#8217;autres sativas, ce qui facilite leur manipulation et leur taille.<\/p>\n\n\n\n<h2 class=\"wp-block-heading\">Saveur et Effets<\/h2>\n\n\n\n<p>L&#8217;exp\u00e9rience de consommation de <b>Strawberry Cough<\/b> commence bien avant la premi\u00e8re bouff\u00e9e, d\u00e8s que vous ouvrez un bocal rempli de ses t\u00eates r\u00e9sineuses. Le parfum qui s&#8217;en d\u00e9gage est une v\u00e9ritable explosion de fra\u00eecheur, un m\u00e9lange enivrant de fraises m\u00fbres et sucr\u00e9es, avec une touche d&#8217;\u00e9pices qui ajoute une complexit\u00e9 inattendue. C&#8217;est comme se promener sur un march\u00e9 de fruits par une chaude matin\u00e9e d&#8217;\u00e9t\u00e9, o\u00f9 chaque inhalation vous transporte dans un lieu de pur bonheur.<\/p>\n\n\n\n<p>En la go\u00fbtant, <b>Strawberry Cough<\/b> ne d\u00e9\u00e7oit pas. \u00c0 chaque bouff\u00e9e, vous sentirez la saveur intense de fraises fra\u00eechement cueillies, suivie d&#8217;une douce exhalation qui laisse un l\u00e9ger arri\u00e8re-go\u00fbt d&#8217;\u00e9pices sur le palais. C&#8217;est une saveur qui caresse les sens et vous enveloppe dans une sensation de plaisir qui perdure, rendant chaque moment avec cette vari\u00e9t\u00e9 m\u00e9morable.<\/p>\n\n\n\n<p>Mais le go\u00fbt n&#8217;est pas la seule chose qui rend <b>Strawberry Cough<\/b> sp\u00e9ciale. Ses effets sont aussi vibrants que son profil aromatique. Avec une teneur en <b>THC qui atteint 20%<\/b> et un <b>CBD faible<\/b>, cette vari\u00e9t\u00e9 est con\u00e7ue pour ceux qui recherchent une exp\u00e9rience sativa pure et euphorique. Le high est imm\u00e9diat et puissant, \u00e9levant votre humeur et vous remplissant d&#8217;une \u00e9nergie cr\u00e9ative qui coule comme un torrent. C&#8217;est parfait pour ces jours o\u00f9 vous avez besoin d&#8217;un coup de pouce suppl\u00e9mentaire pour vous concentrer sur des t\u00e2ches cr\u00e9atives ou simplement pour profiter d&#8217;un moment social entre amis.<\/p>\n\n\n\n<p>De plus, <b>Strawberry Cough<\/b> est connue pour sa capacit\u00e9 \u00e0 soulager le stress et l&#8217;anxi\u00e9t\u00e9, cr\u00e9ant une sensation de calme et de concentration qui est id\u00e9ale aussi bien pour un usage quotidien que pour des moments sp\u00e9ciaux. Cette combinaison d&#8217;euphorie et de clart\u00e9 mentale vous conduit \u00e0 un \u00e9tat de bien-\u00eatre qui dure des heures, laissant un sourire sur votre visage longtemps apr\u00e8s que la fum\u00e9e se soit dissip\u00e9e. C&#8217;est plus qu&#8217;un simple high ; c&#8217;est une invitation \u00e0 profiter de la vie avec une nouvelle perspective, pleine de couleurs et de vitalit\u00e9.<\/p>\n\n\n\n<h3 class=\"wp-block-heading\">Terp\u00e8nes<\/h3>\n\n\n\n<p><b>Strawberry Cough<\/b> est un v\u00e9ritable joyau en ce qui concerne son profil de terp\u00e8nes, ce qui explique son ar\u00f4me et sa saveur uniques ainsi que ses effets si appr\u00e9ci\u00e9s. Parmi les terp\u00e8nes les plus remarquables de cette vari\u00e9t\u00e9, on trouve le <b>myrc\u00e8ne<\/b>, le <b>pin\u00e8ne<\/b> et le <b>caryophyll\u00e8ne<\/b>, chacun contribuant \u00e0 l&#8217;exp\u00e9rience sensorielle complexe et d\u00e9licieuse qu&#8217;elle offre.<\/p>\n\n\n\n<p>Le <b>myrc\u00e8ne<\/b> est le terp\u00e8ne dominant dans <b>Strawberry Cough<\/b>. Ce terp\u00e8ne est connu pour son ar\u00f4me terreux et fruit\u00e9, rappelant les fruits tropicaux et, bien s\u00fbr, les fraises. En plus de son r\u00f4le dans l&#8217;ar\u00f4me et la saveur, le myrc\u00e8ne est reconnu pour ses propri\u00e9t\u00e9s relaxantes, aidant \u00e0 calmer le corps et l&#8217;esprit, ce qui contribue \u00e0 la sensation de bien-\u00eatre que cette vari\u00e9t\u00e9 offre.<\/p>\n\n\n\n<p>Un autre terp\u00e8ne cl\u00e9 est le <b>pin\u00e8ne<\/b>, qui apporte des notes fra\u00eeches et r\u00e9sineuses \u00e9voquant l&#8217;ar\u00f4me d&#8217;une for\u00eat de pins. Ce terp\u00e8ne n&#8217;am\u00e9liore pas seulement le profil aromatique, mais est \u00e9galement associ\u00e9 \u00e0 des effets b\u00e9n\u00e9fiques pour la m\u00e9moire et la concentration. Dans <b>Strawberry Cough<\/b>, le pin\u00e8ne renforce cette clart\u00e9 mentale et cette concentration que de nombreux consommateurs appr\u00e9cient, faisant de cette vari\u00e9t\u00e9 un choix parfait pour des t\u00e2ches cr\u00e9atives ou\n\n des activit\u00e9s n\u00e9cessitant de l&#8217;attention.<\/p>\n\n\n\n<p>Le <b>caryophyll\u00e8ne<\/b> est un autre composant essentiel du profil de terp\u00e8nes de <b>Strawberry Cough<\/b>. Ce terp\u00e8ne se caract\u00e9rise par son ar\u00f4me \u00e9pic\u00e9 et l\u00e9g\u00e8rement piquant, qui ajoute une profondeur int\u00e9ressante \u00e0 la saveur fruit\u00e9e de la vari\u00e9t\u00e9. Au-del\u00e0 de son impact sur le go\u00fbt, le caryophyll\u00e8ne est connu pour ses propri\u00e9t\u00e9s anti-inflammatoires et analg\u00e9siques, ce qui en fait un alli\u00e9 pour ceux qui recherchent un soulagement de la douleur et de l&#8217;inflammation tout en profitant d&#8217;une exp\u00e9rience agr\u00e9able et savoureuse.<\/p>\n\n\n\n<p>Ensemble, ces terp\u00e8nes ne d\u00e9finissent pas seulement le caract\u00e8re aromatique et gustatif de <b>Strawberry Cough<\/b>, mais contribuent \u00e9galement \u00e0 ses effets uniques. De la relaxation du corps \u00e0 l&#8217;activation mentale, les terp\u00e8nes de cette vari\u00e9t\u00e9 travaillent en harmonie pour offrir une exp\u00e9rience \u00e0 la fois agr\u00e9able et th\u00e9rapeutique, \u00e9levant <b>Strawberry Cough<\/b> au rang de choix irr\u00e9sistible pour tout amateur de cannabis.<\/p>\n\n\n\n<h2 class=\"wp-block-heading\">Production et Temps de Floraison<\/h2>\n\n\n\n<p>En termes de production, <b>Strawberry Cough<\/b> ne d\u00e9\u00e7oit pas. Cette vari\u00e9t\u00e9 offre des rendements g\u00e9n\u00e9reux tant en culture int\u00e9rieure qu&#8217;ext\u00e9rieure, rendant chaque r\u00e9colte digne de l&#8217;effort. En int\u00e9rieur, sous des conditions optimales, vous pouvez vous attendre \u00e0 des r\u00e9coltes d&#8217;environ <b>450 \u00e0 500 grammes par m\u00e8tre carr\u00e9<\/b>. Sa structure compacte et sa manipulation relativement simple la rendent id\u00e9ale pour des techniques de culture comme le SOG et le SCROG, o\u00f9 sa croissance contr\u00f4l\u00e9e et sa vigueur se traduisent par des fleurs denses et lourdes.<\/p>\n\n\n\n<p>En ext\u00e9rieur, <b>Strawberry Cough<\/b> montre tout son potentiel lorsqu&#8217;on lui donne de l&#8217;espace pour grandir. Les plantes cultiv\u00e9es en plein air, surtout dans des climats chauds et ensoleill\u00e9s comme ceux du bassin m\u00e9diterran\u00e9en, peuvent atteindre des hauteurs allant jusqu&#8217;\u00e0 200 cm et produire jusqu&#8217;\u00e0 <b>650 grammes par plante<\/b>. Sa r\u00e9sistance et sa robustesse lui permettent de supporter des conditions variables, bien qu&#8217;elle donne le meilleur d&#8217;elle-m\u00eame dans des environnements avec des \u00e9t\u00e9s longs et des temp\u00e9ratures stables.<\/p>\n\n\n\n<p>En ce qui concerne les temps de floraison, <b>Strawberry Cough<\/b> se pr\u00e9sente comme une sativa rapide et efficace. En int\u00e9rieur, le temps de floraison est d&#8217;environ <b>9 \u00e0 10 semaines<\/b>, ce qui est assez court pour une sativa dominante, permettant aux cultivateurs d&#8217;obtenir des r\u00e9sultats relativement rapides sans sacrifier la qualit\u00e9. En ext\u00e9rieur, la plante est g\u00e9n\u00e9ralement pr\u00eate pour la r\u00e9colte d\u00e9but octobre, juste avant que le climat ne devienne trop humide ou froid, ce qui est id\u00e9al pour \u00e9viter les probl\u00e8mes de moisissures ou de parasites dans les t\u00eates.<\/p>\n\n\n\n<p>Avec un cycle total variant entre <b>14 et 16 semaines de la graine \u00e0 la r\u00e9colte<\/b>, <b>Strawberry Cough<\/b> \u00e9quilibre parfaitement le temps et la r\u00e9compense. Cet \u00e9quilibre, associ\u00e9 \u00e0 sa facilit\u00e9 de culture et \u00e0 ses rendements g\u00e9n\u00e9reux, en fait un excellent choix aussi bien pour les cultivateurs novices que pour ceux plus exp\u00e9riment\u00e9s qui recherchent une vari\u00e9t\u00e9 fiable et d\u00e9licieuse.<\/p>\n\n\n\n<h2 class=\"wp-block-heading\">Comment Cultiver Strawberry Cough<\/h2>\n\n\n\n<p>Lors de la culture de <b>Strawberry Cough<\/b>, on se retrouve avec une vari\u00e9t\u00e9 qui n&#8217;est pas seulement gratifiante en termes de production et de qualit\u00e9, mais aussi \u00e9tonnamment accessible pour les cultivateurs de tous niveaux. Cette sativa dominante a \u00e9t\u00e9 con\u00e7ue pour \u00eatre robuste et adaptable, nous permettant de profiter de ses incroyables avantages sans complications inutiles. Que l&#8217;on cultive en int\u00e9rieur ou en ext\u00e9rieur, <b>Strawberry Cough<\/b> est une plante qui r\u00e9pond bien \u00e0 diverses techniques de culture, nous offrant une r\u00e9colte abondante et savoureuse qui ne d\u00e9\u00e7oit jamais.<\/p>\n\n\n\n<h3 class=\"wp-block-heading\">Difficult\u00e9 de culture<\/h3>\n\n\n\n<p>La culture de <b>Strawberry Cough<\/b> est une exp\u00e9rience que nous recommandons aussi bien aux d\u00e9butants qu&#8217;aux cultivateurs exp\u00e9riment\u00e9s. La plante combine le meilleur des deux mondes : la facilit\u00e9 de manipulation d&#8217;une indica et les bienfaits psychoactifs d&#8217;une sativa. Ce n&#8217;est pas une plante excessivement haute, ce qui facilite sa gestion en int\u00e9rieur, et sa structure compacte la rend id\u00e9ale pour ceux qui font leurs premiers pas dans la culture des sativas. Bien que sa g\u00e9n\u00e9tique sativa puisse sugg\u00e9rer une culture plus exigeante, <b>Strawberry Cough<\/b> se montre \u00e9tonnamment indulgente, notamment en ce qui concerne les besoins en nutriments et sa capacit\u00e9 \u00e0 s&#8217;adapter \u00e0 diff\u00e9rentes techniques de culture.<\/p>\n\n\n\n<h3 class=\"wp-block-heading\">Climat et conditions de culture adapt\u00e9es<\/h3>\n\n\n\n<p>Pour tirer le meilleur parti de <b>Strawberry Cough<\/b>, nous devons bien consid\u00e9rer le climat et les conditions de culture. En int\u00e9rieur, la plante prosp\u00e8re sous un cycle lumineux de 18\/6 pendant la phase v\u00e9g\u00e9tative et de 12\/12 pendant la floraison, assurant une croissance vigoureuse et une floraison riche en r\u00e9sine. Il est important de maintenir un environnement contr\u00f4l\u00e9, avec des temp\u00e9ratures oscillant entre 20 et 26 degr\u00e9s Celsius et une humidit\u00e9 relative ne d\u00e9passant pas 60 % pendant la floraison pour \u00e9viter les probl\u00e8mes de moisissure.<\/p>\n\n\n\n<p>En ext\u00e9rieur, <b>Strawberry Cough<\/b> montre son meilleur visage dans les climats chauds et ensoleill\u00e9s, similaires \u00e0 ceux du bassin m\u00e9diterran\u00e9en. Elle pr\u00e9f\u00e8re les \u00e9t\u00e9s longs et secs, ce qui lui permet de compl\u00e9ter son cycle de floraison avant l&#8217;arriv\u00e9e des pluies automnales. Si nous cultivons dans des climats plus froids, il est essentiel de choisir un emplacement bien ensoleill\u00e9 et abrit\u00e9 du vent, ou de consid\u00e9rer une serre pour prot\u00e9ger la plante des intemp\u00e9ries.<\/p>\n\n\n\n<h3 class=\"wp-block-heading\">R\u00e9sistance aux ravageurs et aux maladies<\/h3>\n\n\n\n<p>L&#8217;un des grands avantages de la culture de <b>Strawberry Cough<\/b> est sa r\u00e9sistance naturelle aux ravageurs et aux maladies, ce qui en fait un excellent choix pour ceux qui recherchent une plante robuste et n\u00e9cessitant peu d&#8217;entretien. Sa structure forte et compacte lui permet de supporter des conditions environnementales variables sans succomber facilement \u00e0 des probl\u00e8mes courants tels que l&#8217;o\u00efdium ou la pourriture grise. Cependant, comme pour toute vari\u00e9t\u00e9 de cannabis, il est important de maintenir un environnement propre et bien ventil\u00e9 pour pr\u00e9venir l&#8217;apparition de ravageurs comme les acariens ou les pucerons.<\/p>\n\n\n\n<p>Si nous suivons de bonnes pratiques de culture, y compris la rotation des cultures et l&#8217;utilisation de m\u00e9thodes biologiques de lutte contre les ravageurs, nous pourrons profiter d&#8217;une r\u00e9colte saine et abondante de <b>Strawberry Cough<\/b>, avec des t\u00eates pleines de saveur et de puissance. Cette r\u00e9sistance, combin\u00e9e \u00e0 sa facilit\u00e9 de culture, fait de <b>Strawberry Cough<\/b> un choix id\u00e9al pour les cultivateurs de tous niveaux, garantissant une exp\u00e9rience de culture r\u00e9ussie et satisfaisante.<\/p>\n\n\n\n<div class=\"wp-block-columns is-layout-flex wp-container-core-columns-is-layout-28f84493 wp-block-columns-is-layout-flex\">\n<div class=\"wp-block-column is-layout-flow wp-block-column-is-layout-flow\">\n<p class=\"has-text-align-center has-medium-font-size\"><strong>Ce que nous aimons le plus<\/strong><\/p>\n\n\n\n<ul class=\"wp-block-list\">\n<li>Arome et saveur intense de fraises fra\u00eeches avec une touche \u00e9pic\u00e9e.<\/li>\n\n\n\n<li>Effet euphorique, social et \u00e9nergisant, id\u00e9al pour la journ\u00e9e.<\/li>\n\n\n\n<li>Facile \u00e0 cultiver, m\u00eame pour les d\u00e9butants.<\/li>\n\n\n\n<li>Haute r\u00e9sistance aux ravageurs et aux maladies courantes.<\/li>\n\n\n\n<li>T\u00eates denses et compactes\n\n avec de magnifiques tons violets.<\/li>\n<\/ul>\n<\/div>\n\n\n\n<div class=\"wp-block-column is-layout-flow wp-block-column-is-layout-flow\">\n<p class=\"has-text-align-center has-medium-font-size\"><strong>Ce que nous aimons le moins<\/strong><\/p>\n\n\n\n<ul class=\"wp-block-list\">\n<li>Temps de floraison l\u00e9g\u00e8rement long par rapport \u00e0 d&#8217;autres vari\u00e9t\u00e9s.<\/li>\n\n\n\n<li>Pas le meilleur choix pour les climats ext\u00e9rieurs froids ou humides.<\/li>\n<\/ul>\n<\/div>\n<\/div>\n\n\n\n<div style=\"height:50px\" aria-hidden=\"true\" class=\"wp-block-spacer uag-hide-mob\"><\/div>\n\n\n\n<h2 class=\"wp-block-heading\">Questions Fr\u00e9quemment Pos\u00e9es sur Strawberry Cough<\/h2>\n\n\n\n<p>Vous trouverez ci-dessous la r\u00e9ponse aux questions les plus fr\u00e9quentes que se posent les cultivateurs int\u00e9ress\u00e9s par cette vari\u00e9t\u00e9\u00a0:<\/p>\n\n\n<div id=\"rank-math-faq\" class=\"rank-math-block\">\n<div class=\"rank-math-list \">\n<div id=\"faq-question-1663029074962\" class=\"rank-math-list-item\">\n<h3 class=\"rank-math-question \">Strawberry Cough est-elle sativa ou indica?<\/h3>\n<div class=\"rank-math-answer \">\n\n<p><strong>Strawberry Cough<\/strong>\u00a0est une vari\u00e9t\u00e9 \u00e0 dominance sativa, avec 75% de g\u00e9n\u00e9tique sativa et 25% d&#8217;indica. Cette combinaison lui conf\u00e8re le meilleur des deux mondes : l&#8217;effet \u00e9nergisant et c\u00e9r\u00e9bral caract\u00e9ristique des sativas, associ\u00e9 \u00e0 une structure de plante plus maniable et r\u00e9sistante, gr\u00e2ce \u00e0 son h\u00e9ritage indica.<\/p>\n\n<\/div>\n<\/div>\n<div id=\"faq-question-1663029159933\" class=\"rank-math-list-item\">\n<h3 class=\"rank-math-question \">Quel est le temps de floraison de Strawberry Cough?<br><\/h3>\n<div class=\"rank-math-answer \">\n\n<p>Le temps de floraison de\u00a0<strong>Strawberry Cough<\/strong>\u00a0en int\u00e9rieur est d&#8217;environ 9 \u00e0 10 semaines. Cette p\u00e9riode est relativement courte pour une sativa dominante, permettant aux cultivateurs d&#8217;obtenir des t\u00eates de haute qualit\u00e9 sans une attente prolong\u00e9e. En ext\u00e9rieur, la plante est g\u00e9n\u00e9ralement pr\u00eate pour la r\u00e9colte d\u00e9but octobre, ce qui la rend adapt\u00e9e aux climats avec de longs \u00e9t\u00e9s et des automnes doux.<\/p>\n\n<\/div>\n<\/div>\n<div id=\"faq-question-1663029165861\" class=\"rank-math-list-item\">\n<h3 class=\"rank-math-question \">Quel rendement puis-je attendre de Strawberry Cough?<br><\/h3>\n<div class=\"rank-math-answer \">\n\n<p><strong>Strawberry Cough<\/strong>\u00a0offre un excellent rendement tant en int\u00e9rieur qu&#8217;en ext\u00e9rieur. En culture int\u00e9rieure, dans des conditions ad\u00e9quates, vous pouvez attendre entre 450 et 500 grammes par m\u00e8tre carr\u00e9. En ext\u00e9rieur, dans des climats optimaux, la production peut atteindre jusqu&#8217;\u00e0 650 grammes par plante. La cl\u00e9 pour maximiser le rendement est d&#8217;optimiser les conditions de croissance et d&#8217;appliquer des techniques telles que SOG ou SCROG.<\/p>\n\n<\/div>\n<\/div>\n<div id=\"faq-question-1666780029954\" class=\"rank-math-list-item\">\n<h3 class=\"rank-math-question \">Strawberry Cough est-elle adapt\u00e9e aux cultivateurs d\u00e9butants?<br><\/h3>\n<div class=\"rank-math-answer \">\n\n<p>Oui,\u00a0<strong>Strawberry Cough<\/strong>\u00a0est une vari\u00e9t\u00e9 tr\u00e8s adapt\u00e9e aux cultivateurs d\u00e9butants. Malgr\u00e9 sa dominance sativa, c&#8217;est une plante robuste et facile \u00e0 manipuler. Sa r\u00e9sistance aux ravageurs et aux maladies, ainsi que sa capacit\u00e9 \u00e0 s&#8217;adapter \u00e0 diff\u00e9rentes techniques de culture, en font un choix id\u00e9al pour ceux qui d\u00e9butent dans la culture du cannabis.<\/p>\n\n<\/div>\n<\/div>\n<\/div>\n<\/div>","protected":false},"excerpt":{"rendered":"<p><b>Strawberry Cough<\/b> est la sativa parfaite pour ceux qui recherchent un <strong>high euphorique et cr\u00e9atif<\/strong>, avec un <strong>d\u00e9licieux go\u00fbt de fraises fra\u00eeches<\/strong>. Facile \u00e0 cultiver, m\u00eame pour les d\u00e9butants, cette vari\u00e9t\u00e9 offre une <strong>grande production<\/strong> et une <strong>exp\u00e9rience sensorielle unique<\/strong>, id\u00e9ale pour tout moment de la journ\u00e9e. Sans aucun doute, une vari\u00e9t\u00e9 qui <strong>ne peut pas manquer dans votre collection<\/strong> !<\/p>\n","protected":false},"featured_media":27338,"comment_status":"open","ping_status":"closed","template":"","meta":{"_acf_changed":false,"inline_featured_image":false,"_uag_custom_page_level_css":""},"product_brand":[],"product_cat":[1125],"product_tag":[],"class_list":{"0":"post-27348","1":"product","2":"type-product","3":"status-publish","4":"has-post-thumbnail","6":"product_cat-graines-feminisees-en-gros","8":"first","9":"instock","10":"taxable","11":"shipping-taxable","12":"purchasable","13":"product-type-simple"},"acf":[],"uagb_featured_image_src":{"full":["https:\/\/bulkgenetics.com\/wp-content\/uploads\/2024\/08\/strawberry-cough-strain-feminized-cannabis-seeds.jpg",1600,1600,false],"thumbnail":["https:\/\/bulkgenetics.com\/wp-content\/uploads\/2024\/08\/strawberry-cough-strain-feminized-cannabis-seeds-150x150.jpg",150,150,true],"medium":["https:\/\/bulkgenetics.com\/wp-content\/uploads\/2024\/08\/strawberry-cough-strain-feminized-cannabis-seeds-300x300.jpg",300,300,true],"medium_large":["https:\/\/bulkgenetics.com\/wp-content\/uploads\/2024\/08\/strawberry-cough-strain-feminized-cannabis-seeds-768x768.jpg",768,768,true],"large":["https:\/\/bulkgenetics.com\/wp-content\/uploads\/2024\/08\/strawberry-cough-strain-feminized-cannabis-seeds-1024x1024.jpg",1024,1024,true],"1536x1536":["https:\/\/bulkgenetics.com\/wp-content\/uploads\/2024\/08\/strawberry-cough-strain-feminized-cannabis-seeds-1536x1536.jpg",1536,1536,true],"2048x2048":["https:\/\/bulkgenetics.com\/wp-content\/uploads\/2024\/08\/strawberry-cough-strain-feminized-cannabis-seeds.jpg",1600,1600,false],"commercegurus-pdp-large":["https:\/\/bulkgenetics.com\/wp-content\/uploads\/2024\/08\/strawberry-cough-strain-feminized-cannabis-seeds-990x990.jpg",990,990,true],"commercegurus-plp-mobile":["https:\/\/bulkgenetics.com\/wp-content\/uploads\/2024\/08\/strawberry-cough-strain-feminized-cannabis-seeds-441x441.jpg",441,441,true],"cgkit_image_swatch":["https:\/\/bulkgenetics.com\/wp-content\/uploads\/2024\/08\/strawberry-cough-strain-feminized-cannabis-seeds-100x100.jpg",100,100,true],"woocommerce_thumbnail":["https:\/\/bulkgenetics.com\/wp-content\/uploads\/2024\/08\/strawberry-cough-strain-feminized-cannabis-seeds-300x300.jpg",300,300,true],"woocommerce_single":["https:\/\/bulkgenetics.com\/wp-content\/uploads\/2024\/08\/strawberry-cough-strain-feminized-cannabis-seeds-800x800.jpg",800,800,true],"woocommerce_gallery_thumbnail":["https:\/\/bulkgenetics.com\/wp-content\/uploads\/2024\/08\/strawberry-cough-strain-feminized-cannabis-seeds-150x150.jpg",150,150,true],"dgwt-wcas-product-suggestion":["https:\/\/bulkgenetics.com\/wp-content\/uploads\/2024\/08\/strawberry-cough-strain-feminized-cannabis-seeds-64x64.jpg",64,64,true]},"uagb_author_info":{"display_name":"\u00c1ngel Flores","author_link":"https:\/\/bulkgenetics.com\/fr\/author\/"},"uagb_comment_info":0,"uagb_excerpt":"Strawberry Cough est la sativa parfaite pour ceux qui recherchent un high euphorique et cr\u00e9atif, avec un d\u00e9licieux go\u00fbt de fraises fra\u00eeches. Facile \u00e0 cultiver, m\u00eame pour les d\u00e9butants, cette vari\u00e9t\u00e9 offre une grande production et une exp\u00e9rience sensorielle unique, id\u00e9ale pour tout moment de la journ\u00e9e. Sans aucun doute, une vari\u00e9t\u00e9 qui ne peut\u2026","_links":{"self":[{"href":"https:\/\/bulkgenetics.com\/fr\/wp-json\/wp\/v2\/product\/27348","targetHints":{"allow":["GET"]}}],"collection":[{"href":"https:\/\/bulkgenetics.com\/fr\/wp-json\/wp\/v2\/product"}],"about":[{"href":"https:\/\/bulkgenetics.com\/fr\/wp-json\/wp\/v2\/types\/product"}],"replies":[{"embeddable":true,"href":"https:\/\/bulkgenetics.com\/fr\/wp-json\/wp\/v2\/comments?post=27348"}],"wp:featuredmedia":[{"embeddable":true,"href":"https:\/\/bulkgenetics.com\/fr\/wp-json\/wp\/v2\/media\/27338"}],"wp:attachment":[{"href":"https:\/\/bulkgenetics.com\/fr\/wp-json\/wp\/v2\/media?parent=27348"}],"wp:term":[{"taxonomy":"product_brand","embeddable":true,"href":"https:\/\/bulkgenetics.com\/fr\/wp-json\/wp\/v2\/product_brand?post=27348"},{"taxonomy":"product_cat","embeddable":true,"href":"https:\/\/bulkgenetics.com\/fr\/wp-json\/wp\/v2\/product_cat?post=27348"},{"taxonomy":"product_tag","embeddable":true,"href":"https:\/\/bulkgenetics.com\/fr\/wp-json\/wp\/v2\/product_tag?post=27348"}],"curies":[{"name":"wp","href":"https:\/\/api.w.org\/{rel}","templated":true}]}}