{"id":27574,"date":"2024-09-13T09:24:07","date_gmt":"2024-09-13T07:24:07","guid":{"rendered":"https:\/\/bulkgenetics.com\/?post_type=product&#038;p=27574"},"modified":"2024-10-08T01:04:04","modified_gmt":"2024-10-07T23:04:04","slug":"pink-rozay","status":"publish","type":"product","link":"https:\/\/bulkgenetics.com\/fr\/pink-rozay\/","title":{"rendered":"Pink Rozay"},"content":{"rendered":"\n<p><b>Pink Rozay<\/b> est issue du croisement entre deux v\u00e9ritables joyaux du monde cannabique : <b>Lemonchello<\/b> et <b>London Pound Cake<\/b>. Cette vari\u00e9t\u00e9, cr\u00e9\u00e9e par les l\u00e9gendaires cultivateurs de <b>Cookies Fam<\/b>, repr\u00e9sente le meilleur de la g\u00e9n\u00e9tique am\u00e9ricaine. Inspir\u00e9e par les saveurs vibrantes et p\u00e9tillantes d\u2019un bon vin ros\u00e9, la <b>Pink Rozay<\/b> est devenue une r\u00e9f\u00e9rence pour ceux qui recherchent une <b>exp\u00e9rience sensorielle unique<\/b>. Depuis son arriv\u00e9e, elle a conquis cultivateurs et consommateurs avec ses effets \u00e9quilibr\u00e9s et son d\u00e9licieux profil aromatique, se distinguant parmi les <b>graines de cannabis les plus convoit\u00e9es<\/b>. <\/p>\n\n\n\n<p>Cette vari\u00e9t\u00e9 \u00e0 dominance indica peut atteindre jusqu&#8217;\u00e0 <strong>25 % de <b>THC<\/b><\/strong>, garantissant un high puissant mais g\u00e9rable. Id\u00e9ale pour ceux qui souhaitent se d\u00e9tendre apr\u00e8s une longue journ\u00e9e, sans pour autant rester clou\u00e9s au canap\u00e9. C&#8217;est un \u00e9quilibre parfait entre relaxation corporelle et une euphorie mentale qui remonte le moral sans vous mettre hors-jeu. Vous avez envie de socialiser ? <b>Pink Rozay<\/b> vous invite \u00e0 vous connecter avec vos amis, vous procurant une mont\u00e9e joyeuse et lib\u00e9ratrice. <\/p>\n\n\n\n<h2 class=\"wp-block-heading\">Morphologie de Pink Rozay<\/h2>\n\n\n\n<p><b>Pink Rozay<\/b> est une plante impressionnante \u00e0 premi\u00e8re vue. Sa structure compacte, de <b>taille moyenne<\/b>, en fait une option id\u00e9ale tant pour les cultures en int\u00e9rieur qu&#8217;en ext\u00e9rieur. Avec une dominance indica marqu\u00e9e, cette plante d\u00e9veloppe une structure robuste et bien ramifi\u00e9e, ce qui lui permet de supporter facilement le poids de ses t\u00eates r\u00e9sineuses. Ses feuilles sont larges et d&#8217;un vert intense, caract\u00e9ristique des vari\u00e9t\u00e9s indica, mais ce qui se distingue vraiment, ce sont ses <b>t\u00eates denses et givr\u00e9es<\/b>, avec un \u00e9clat r\u00e9sineux qui leur donne un aspect presque argent\u00e9. <\/p>\n\n\n\n<p>La distance internodale est relativement courte, ce qui renforce encore son caract\u00e8re compact et facilite la culture dans des espaces restreints. Au fur et \u00e0 mesure que le cycle de floraison progresse, les t\u00eates de <b>Pink Rozay<\/b> commencent \u00e0 acqu\u00e9rir des tons verts doux, orn\u00e9s de pistils orange vibrants, et si les conditions sont favorables, des nuances <b>ros\u00e9es et violettes<\/b> peuvent appara\u00eetre, ajoutant un effet visuel spectaculaire. <\/p>\n\n\n\n<p>Les t\u00eates sont particuli\u00e8rement collantes, couvertes de <b>r\u00e9sine abondante<\/b> qui s&#8217;accumule en grande quantit\u00e9, ce qui non seulement am\u00e9liore l&#8217;attrait visuel, mais garantit \u00e9galement une exp\u00e9rience intense et durable. En r\u00e9sum\u00e9, <b>Pink Rozay<\/b> offre non seulement une excellente qualit\u00e9 de culture, mais aussi un plaisir visuel qui ravira tout cultivateur appr\u00e9ciant la beaut\u00e9 d&#8217;une plante bien form\u00e9e et g\u00e9n\u00e9reuse en production. <\/p>\n\n\n\n<h2 class=\"wp-block-heading\">Saveur et effets de Pink Rozay<\/h2>\n\n\n\n<p>Fumer ou vaporiser <b>Pink Rozay<\/b> revient \u00e0 savourer un verre de vin ros\u00e9 frais par une apr\u00e8s-midi d&#8217;\u00e9t\u00e9. D\u00e8s la premi\u00e8re bouff\u00e9e, une gamme d&#8217;<b>ar\u00f4mes sucr\u00e9s et fruit\u00e9s<\/b> se d\u00e9ploie pour \u00e9veiller vos sens. Les <b>notes de fruits des bois<\/b> comme la fraise et les baies se m\u00ealent \u00e0 une touche terreuse et \u00e9pic\u00e9e, cr\u00e9ant une exp\u00e9rience qui satisfait et ravit le palais. L&#8217;exhalation laisse dans l&#8217;air une fragrance florale et d\u00e9licate, avec une douceur qui vous incite \u00e0 continuer \u00e0 en profiter. <\/p>\n\n\n\n<p>Mais le voyage sensoriel ne s&#8217;arr\u00eate pas au go\u00fbt. Les <b>t\u00eates<\/b> de <b>Pink Rozay<\/b> contiennent jusqu&#8217;\u00e0 <b>25 % de THC<\/b>, garantissant un high puissant et durable. Malgr\u00e9 sa dominance indica, cette vari\u00e9t\u00e9 ne vous cloue pas au canap\u00e9. Au contraire, l&#8217;effet commence par une sensation d&#8217;<b>euphorie joyeuse<\/b> qui \u00e9l\u00e8ve instantan\u00e9ment l&#8217;humeur. Elle est parfaite pour ces moments o\u00f9 vous avez besoin de d\u00e9connecter, mais vous voulez aussi garder une certaine <b>\u00e9nergie sociale<\/b>. Que ce soit pour partager des rires avec des amis ou pour se d\u00e9tendre \u00e0 la maison apr\u00e8s une longue journ\u00e9e, <b>Pink Rozay<\/b> vous offre le meilleur des deux mondes. <\/p>\n\n\n\n<p>Au fur et \u00e0 mesure que le high s&#8217;installe, vous sentirez la tension de votre corps se dissoudre, vous laissant dans un \u00e9tat de <b>relaxation totale<\/b>. Cet \u00e9quilibre entre le high c\u00e9r\u00e9bral et le relax corporel fait de <b>Pink Rozay<\/b> un choix id\u00e9al pour toutes les occasions, qu&#8217;il s&#8217;agisse d&#8217;une r\u00e9union sociale ou d&#8217;un moment de paix en solitaire. Le <b>CBD<\/b> de cette vari\u00e9t\u00e9 est faible, ce qui signifie que l&#8217;accent est clairement mis sur les effets psychoactifs, bien que sa capacit\u00e9 \u00e0 soulager le <b>stress et la douleur chronique<\/b> ne soit pas n\u00e9glig\u00e9e. <\/p>\n\n\n\n<p>Avec <b>Pink Rozay<\/b>, vous ne faites pas que fumer du cannabis, vous vivez une exp\u00e9rience sensorielle compl\u00e8te qui \u00e9veille vos sens et vous transporte dans un lieu de bonheur et de calme. C&#8217;est la compagne parfaite pour ceux qui recherchent une <b>\u00e9vasion<\/b> sans sacrifier <b>l&#8217;\u00e9nergie et la bonne humeur<\/b>. <\/p>\n\n\n\n<h3 class=\"wp-block-heading\">Terp\u00e8nes<\/h3>\n\n\n\n<p><b>Pink Rozay<\/b> est charg\u00e9e d&#8217;une combinaison complexe et exquise de <b>terp\u00e8nes<\/b> qui non seulement ajoutent \u00e0 son profil aromatique et gustatif, mais influencent \u00e9galement ses effets. Ces compos\u00e9s sont responsables de ces d\u00e9licieux ar\u00f4mes fruit\u00e9s et floraux qui la rendent irr\u00e9sistible. <\/p>\n\n\n\n<p>Parmi les terp\u00e8nes les plus notables, on trouve :<\/p>\n\n\n\n<p><b>Limon\u00e8ne :<\/b> Ce terp\u00e8ne est responsable des notes fra\u00eeches et citronn\u00e9es rappelant le citron. En plus de son ar\u00f4me vibrant, le limon\u00e8ne poss\u00e8de des propri\u00e9t\u00e9s qui \u00e9l\u00e8vent l&#8217;humeur et r\u00e9duisent le stress, parfait pour ceux qui recherchent une exp\u00e9rience apportant <b>clart\u00e9 mentale et soulagement de l&#8217;anxi\u00e9t\u00e9<\/b>. <\/p>\n\n\n\n<p><b>Linalol :<\/b> Avec son ar\u00f4me floral, similaire \u00e0 la lavande, le linalol ajoute une touche douce et relaxante \u00e0 l&#8217;exp\u00e9rience. Ce terp\u00e8ne est connu pour ses effets <b>calmants et s\u00e9datifs<\/b>, id\u00e9al pour les moments o\u00f9 vous souhaitez d\u00e9connecter et vous d\u00e9tendre profond\u00e9ment. Sa capacit\u00e9 \u00e0 r\u00e9duire l&#8217;anxi\u00e9t\u00e9 et am\u00e9liorer l&#8217;humeur fait de <b>Pink Rozay<\/b> un excellent choix pour ceux qui recherchent la tranquillit\u00e9 sans sombrer dans la somnolence. <\/p>\n\n\n\n<p><b>Humul\u00e8ne :<\/b> Ce terp\u00e8ne apporte un ar\u00f4me terreux et l\u00e9g\u00e8rement \u00e9pic\u00e9, qui compl\u00e8te parfaitement les saveurs fruit\u00e9es de <b>Pink Rozay<\/b>. En plus de sa contribution au go\u00fbt, l&#8217;humul\u00e8ne est connu pour ses propri\u00e9t\u00e9s <b>anti-inflammatoires et coupe-faim<\/b>, ce qui en fait un alli\u00e9 pour ceux qui souhaitent une exp\u00e9rience \u00e9quilibr\u00e9e sans provoquer une fringale. <\/p>\n\n\n\n<p><b>Myrc\u00e8ne :<\/b> Ce terp\u00e8ne, l&#8217;un des plus courants dans les vari\u00e9t\u00e9s de cannabis, offre un profil terreux et musqu\u00e9 avec une touche sucr\u00e9e. Le myrc\u00e8ne est r\u00e9put\u00e9 pour ses effets <b>relaxants<\/b> et sa capacit\u00e9 \u00e0 augmenter l&#8217;absorption d&#8217;autres cannabino\u00efdes, ce qui signifie qu&#8217;il intensifie les effets du THC, rendant l&#8217;exp\u00e9rience avec <b>Pink Rozay<\/b> encore plus puissante et durable. <\/p>\n\n\n\n<p>Gr\u00e2ce \u00e0 ce m\u00e9lange de terp\u00e8nes, <b>Pink Rozay<\/b> offre une exp\u00e9rience aromatique complexe et \u00e9quilibr\u00e9e, o\u00f9 chaque inhalation vous enveloppe dans un nuage d&#8217;ar\u00f4mes fruit\u00e9s, citronn\u00e9s et floraux, tandis que ses effets vous m\u00e8nent \u00e0 un \u00e9tat de bien-\u00eatre physique et mental que peu de vari\u00e9t\u00e9s peuvent \u00e9galer.<\/p>\n\n\n\n<h2 class=\"wp-block-heading\">Production et p\u00e9riode de floraison<\/h2>\n\n\n\n<p><b>Pink Rozay<\/b> ne se distingue pas seulement par son profil aromatique et ses effets, mais aussi par sa <b>production g\u00e9n\u00e9reuse<\/b>. En cultures d&#8217;int\u00e9rieur, dans des conditions optimales, cette vari\u00e9t\u00e9 peut produire jusqu&#8217;\u00e0 <b>450 grammes par m\u00e8tre carr\u00e9<\/b>. Sa structure compacte et bien ramifi\u00e9e en fait une candidate id\u00e9ale pour des techniques d&#8217;entra\u00eenement comme le <b>ScrOG<\/b>, qui permet de maximiser la lumi\u00e8re et d&#8217;augmenter le rendement. De plus, gr\u00e2ce \u00e0 sa dominance indica, cette plante pousse \u00e0 une taille moyenne, \u00e9tant facile \u00e0 g\u00e9rer et adapt\u00e9e aux espaces de culture plus restreints. <\/p>\n\n\n\n<p>En ext\u00e9rieur, sous le soleil, la <b>Pink Rozay<\/b> continue de fournir des r\u00e9coltes abondantes. Chaque plante peut produire jusqu&#8217;\u00e0 <b>450 grammes<\/b>, ce qui en fait une option attrayante pour ceux qui disposent de suffisamment d&#8217;espace en plein air. Il est important de noter que, en raison de la densit\u00e9 de ses t\u00eates, les cultivateurs doivent surveiller les niveaux d&#8217;humidit\u00e9 pour \u00e9viter les probl\u00e8mes de moisissure. <\/p>\n\n\n\n<p>En ce qui concerne son <b>temps de floraison<\/b>, <b>Pink Rozay<\/b> a un cycle de <b>9 \u00e0 10 semaines<\/b> en cultures d&#8217;int\u00e9rieur, ce qui en fait une vari\u00e9t\u00e9 relativement rapide compte tenu de la qualit\u00e9 et de la quantit\u00e9 de sa production. En ext\u00e9rieur, les plantes sont g\u00e9n\u00e9ralement pr\u00eates \u00e0 \u00eatre r\u00e9colt\u00e9es \u00e0 <b>mi-octobre ou fin octobre<\/b>, ce qui en fait une option id\u00e9ale pour les climats ensoleill\u00e9s et temp\u00e9r\u00e9s. <\/p>\n\n\n\n<p>Avec sa capacit\u00e9 \u00e0 offrir <b>des r\u00e9coltes de haute qualit\u00e9<\/b> et un cycle de floraison relativement court, <b>Pink Rozay<\/b> est un choix parfait tant pour les cultivateurs exp\u00e9riment\u00e9s que pour ceux qui recherchent une plante offrant une bonne production sans trop de complications.<\/p>\n\n\n\n<h2 class=\"wp-block-heading\">Comment cultiver Pink Rozay<\/h2>\n\n\n\n<p>Lorsque nous d\u00e9cidons de cultiver <b>Pink Rozay<\/b>, nous savons que nous avons affaire \u00e0 une vari\u00e9t\u00e9 qui nous r\u00e9compense avec des t\u00eates spectaculaires et un ar\u00f4me inoubliable. Bien qu&#8217;elle soit une plante polyvalente, qui s&#8217;adapte bien \u00e0 la culture en int\u00e9rieur comme en ext\u00e9rieur, il y a quelques aspects cl\u00e9s \u00e0 prendre en compte pour garantir le rendement maximal. De la gestion de l&#8217;humidit\u00e9 au choix du climat ad\u00e9quat, voici quelques conseils pour tirer le meilleur parti de cette d\u00e9licieuse vari\u00e9t\u00e9. <\/p>\n\n\n\n<h3 class=\"wp-block-heading\">Niveau de difficult\u00e9<\/h3>\n\n\n\n<p><b>Pink Rozay<\/b> a un niveau de difficult\u00e9 <b>mod\u00e9r\u00e9<\/b>, ce qui en fait une excellente option tant pour les cultivateurs exp\u00e9riment\u00e9s que pour ceux qui ont d\u00e9j\u00e0 un peu d&#8217;exp\u00e9rience et qui cherchent un nouveau d\u00e9fi. Sa structure compacte et robuste permet une gestion ais\u00e9e, surtout en cultures d&#8217;int\u00e9rieur, o\u00f9 elle r\u00e9pond tr\u00e8s bien \u00e0 des techniques comme le <b>ScrOG<\/b> ou la taille apicale. Il est important de contr\u00f4ler constamment l&#8217;humidit\u00e9, car ses t\u00eates denses ont tendance \u00e0 pi\u00e9ger l&#8217;humidit\u00e9, ce qui peut augmenter le risque de moisissure si l&#8217;on n&#8217;y pr\u00eate pas attention. <\/p>\n\n\n\n<h3 class=\"wp-block-heading\">Climat et conditions de culture appropri\u00e9s<\/h3>\n\n\n\n<p>Si nous la cultivons en ext\u00e9rieur, <b>Pink Rozay<\/b> pr\u00e9f\u00e8re des climats <b>ensoleill\u00e9s et temp\u00e9r\u00e9s<\/b>, o\u00f9 elle peut recevoir une lumi\u00e8re directe abondante. Cette vari\u00e9t\u00e9 est id\u00e9ale pour les zones m\u00e9diterran\u00e9ennes, bien qu&#8217;elle puisse \u00e9galement s&#8217;adapter \u00e0 des climats plus frais si les conditions sont bien contr\u00f4l\u00e9es. En int\u00e9rieur, il est recommand\u00e9 de maintenir des temp\u00e9ratures comprises entre <b>20-26\u00b0C<\/b> pendant la phase de floraison pour obtenir les meilleurs r\u00e9sultats. Un bon syst\u00e8me de ventilation est \u00e9galement essentiel pour \u00e9viter l&#8217;accumulation d&#8217;humidit\u00e9, surtout au cours des derni\u00e8res semaines de floraison lorsque les t\u00eates deviennent plus denses et r\u00e9sineuses. <\/p>\n\n\n\n<h3 class=\"wp-block-heading\">R\u00e9sistance aux parasites et aux maladies<\/h3>\n\n\n\n<p><b>Pink Rozay<\/b> est une vari\u00e9t\u00e9 qui montre une r\u00e9sistance mod\u00e9r\u00e9e aux parasites et maladies courants du cannabis. Bien qu&#8217;elle soit une plante robuste, elle n&#8217;est pas exempte des risques habituels, il est donc essentiel d&#8217;effectuer une surveillance pr\u00e9ventive r\u00e9guli\u00e8re contre les insectes comme les acariens ou l&#8217;o\u00efdium. En raison de sa croissance dense, il est particuli\u00e8rement important de surveiller l&#8217;apparition de moisissures dans les environnements \u00e0 forte humidit\u00e9. Avec une bonne ventilation et un suivi constant, cette plante peut se d\u00e9velopper de mani\u00e8re saine et sans complications majeures. <\/p>\n\n\n\n<div class=\"wp-block-columns is-layout-flex wp-container-core-columns-is-layout-28f84493 wp-block-columns-is-layout-flex\">\n<div class=\"wp-block-column is-layout-flow wp-block-column-is-layout-flow\">\n<p class=\"has-text-align-center has-medium-font-size\"><strong>Ce que nous aimons le plus<\/strong><\/p>\n\n\n\n<ul class=\"wp-block-list\">\n<li>Son <strong>ar\u00f4me fruit\u00e9 et floral<\/strong>, avec des notes de fruits des bois et une douceur incomparable.<\/li>\n\n\n\n<li><strong>Production abondante<\/strong> en int\u00e9rieur comme en ext\u00e9rieur.<\/li>\n\n\n\n<li>L&#8217;<strong>\u00e9quilibre parfait<\/strong> entre euphorie et relaxation corporelle.<\/li>\n\n\n\n<li>Niveaux de <strong>THC jusqu\u2019\u00e0 25%<\/strong>, garantissant une exp\u00e9rience puissante et durable.<\/li>\n\n\n\n<li>Facilit\u00e9 d\u2019entra\u00eenement de la plante avec des techniques comme le <strong>ScrOG<\/strong>.<\/li>\n<\/ul>\n<\/div>\n\n\n\n<div class=\"wp-block-column is-layout-flow wp-block-column-is-layout-flow\">\n<p class=\"has-text-align-center has-medium-font-size\"><strong>Ce que nous aimons le moins<\/strong><\/p>\n\n\n\n<ul class=\"wp-block-list\">\n<li>Sa <strong>susceptibilit\u00e9 \u00e0 la moisissure<\/strong> en raison de la densit\u00e9 de ses t\u00eates.<\/li>\n\n\n\n<li>N\u00e9cessite un <strong>contr\u00f4le minutieux de l\u2019humidit\u00e9<\/strong> pendant la phase de floraison.<\/li>\n<\/ul>\n<\/div>\n<\/div>\n\n\n\n<div style=\"height:50px\" aria-hidden=\"true\" class=\"wp-block-spacer uag-hide-mob\"><\/div>\n\n\n\n<h2 class=\"wp-block-heading\">Questions fr\u00e9quemment pos\u00e9es<\/h2>\n\n\n\n<p>Vous trouverez ci-dessous les r\u00e9ponses aux questions les plus fr\u00e9quemment pos\u00e9es par les cultivateurs int\u00e9ress\u00e9s par cette vari\u00e9t\u00e9 :<\/p>\n\n\n\n<div class=\"wp-block-rank-math-faq-block\"><div class=\"rank-math-faq-item\"><h3 class=\"rank-math-question\">Pink Rozay est-elle sativa ou indica ?<\/h3><div class=\"rank-math-answer\"><strong>Pink Rozay<\/strong> est une vari\u00e9t\u00e9 \u00e0 <strong>dominance indica<\/strong>. Cela signifie que ses effets tendent \u00e0 \u00eatre plus relaxants et physiques, contrairement aux vari\u00e9t\u00e9s sativa, qui offrent g\u00e9n\u00e9ralement un high plus c\u00e9r\u00e9bral et \u00e9nerg\u00e9tique. Les indicas comme <strong>Pink Rozay<\/strong> sont id\u00e9ales pour se d\u00e9tendre en fin de journ\u00e9e, soulager le stress et d\u00e9connecter, tandis que les sativas sont pr\u00e9f\u00e9r\u00e9es pour les moments o\u00f9 l&#8217;on recherche cr\u00e9ativit\u00e9 et activit\u00e9 mentale. La Pink Rozay combine le meilleur des deux mondes, offrant une puissante sensation d&#8217;euphorie accompagn\u00e9e d&#8217;une relaxation profonde, sans \u00eatre \u00e9crasante. <\/div><\/div><div class=\"rank-math-faq-item\"><h3 class=\"rank-math-question\">Quel est le niveau de THC de Pink Rozay ?<br><\/h3><div class=\"rank-math-answer\"><strong>Pink Rozay<\/strong> peut atteindre des niveaux de <strong>THC allant jusqu&#8217;\u00e0 25%<\/strong>. Cela garantit une exp\u00e9rience puissante, id\u00e9ale pour les consommateurs recherchant des effets intenses et durables. En raison de sa teneur \u00e9lev\u00e9e en THC, une consommation responsable est recommand\u00e9e, en particulier pour les utilisateurs avec une tol\u00e9rance moindre. <br><\/div><\/div><div class=\"rank-math-faq-item\"><h3 class=\"rank-math-question\">Combien de temps faut-il pour que Pink Rozay fleurisse ?<br><\/h3><div class=\"rank-math-answer\">Le <strong>temps de floraison<\/strong> de <strong>Pink Rozay<\/strong> est d&#8217;environ <strong>9 \u00e0 10 semaines<\/strong> en culture int\u00e9rieure. En ext\u00e9rieur, les plantes sont g\u00e9n\u00e9ralement pr\u00eates pour la r\u00e9colte vers la mi-octobre ou fin octobre, selon le climat et les conditions de culture. <br><\/div><\/div><div class=\"rank-math-faq-item\"><h3 class=\"rank-math-question\">Quelles techniques de culture sont recommand\u00e9es pour Pink Rozay ?<br><\/h3><div class=\"rank-math-answer\"><strong>Pink Rozay<\/strong> r\u00e9agit tr\u00e8s bien aux techniques de culture telles que le <strong>ScrOG<\/strong> (Screen of Green) et la <strong>taille apicale<\/strong>, qui aident \u00e0 maximiser le rendement en favorisant une structure plus uniforme et une meilleure utilisation de la lumi\u00e8re. De plus, en raison de sa croissance dense, il est essentiel d&#8217;avoir une bonne ventilation pour \u00e9viter les probl\u00e8mes de moisissure. <br><\/div><\/div><div class=\"rank-math-faq-item\"><h3 class=\"rank-math-question\">Quelle est la r\u00e9sistance de Pink Rozay aux parasites et aux maladies ?<br><\/h3><div class=\"rank-math-answer\"><strong>Pink Rozay<\/strong> pr\u00e9sente une r\u00e9sistance mod\u00e9r\u00e9e aux parasites et maladies courants, mais il est important de surveiller de pr\u00e8s l&#8217;apparition de moisissures, surtout pendant la floraison. Un environnement bien ventil\u00e9 et un contr\u00f4le de l&#8217;humidit\u00e9 sont essentiels pour \u00e9viter les complications. <\/div><\/div><\/div>\n\n\n\n<p><\/p>\n","protected":false},"excerpt":{"rendered":"<p><b>Pink Rozay<\/b> est une vari\u00e9t\u00e9 \u00e0 dominance indica avec <b>jusqu\u2019\u00e0 25 % de THC<\/b>, id\u00e9ale pour ceux qui recherchent un \u00e9quilibre entre <b>relaxation profonde et euphorie<\/b>. Avec son irr\u00e9sistible ar\u00f4me fruit\u00e9 et floral, et une <b>production g\u00e9n\u00e9reuse<\/b> en int\u00e9rieur et en ext\u00e9rieur, elle est parfaite \u00e0 cultiver et \u00e0 appr\u00e9cier au maximum.<\/p>\n","protected":false},"featured_media":27563,"comment_status":"open","ping_status":"closed","template":"","meta":{"_acf_changed":false,"inline_featured_image":false,"_uag_custom_page_level_css":""},"product_brand":[],"product_cat":[1125],"product_tag":[],"class_list":{"0":"post-27574","1":"product","2":"type-product","3":"status-publish","4":"has-post-thumbnail","6":"product_cat-graines-feminisees-en-gros","8":"first","9":"instock","10":"taxable","11":"shipping-taxable","12":"purchasable","13":"product-type-simple"},"acf":[],"uagb_featured_image_src":{"full":["https:\/\/bulkgenetics.com\/wp-content\/uploads\/2024\/09\/pink-rozay-strain-feminized-cannabis-seeds.jpg",1600,1600,false],"thumbnail":["https:\/\/bulkgenetics.com\/wp-content\/uploads\/2024\/09\/pink-rozay-strain-feminized-cannabis-seeds-150x150.jpg",150,150,true],"medium":["https:\/\/bulkgenetics.com\/wp-content\/uploads\/2024\/09\/pink-rozay-strain-feminized-cannabis-seeds-300x300.jpg",300,300,true],"medium_large":["https:\/\/bulkgenetics.com\/wp-content\/uploads\/2024\/09\/pink-rozay-strain-feminized-cannabis-seeds-768x768.jpg",768,768,true],"large":["https:\/\/bulkgenetics.com\/wp-content\/uploads\/2024\/09\/pink-rozay-strain-feminized-cannabis-seeds-1024x1024.jpg",1024,1024,true],"1536x1536":["https:\/\/bulkgenetics.com\/wp-content\/uploads\/2024\/09\/pink-rozay-strain-feminized-cannabis-seeds-1536x1536.jpg",1536,1536,true],"2048x2048":["https:\/\/bulkgenetics.com\/wp-content\/uploads\/2024\/09\/pink-rozay-strain-feminized-cannabis-seeds.jpg",1600,1600,false],"commercegurus-pdp-large":["https:\/\/bulkgenetics.com\/wp-content\/uploads\/2024\/09\/pink-rozay-strain-feminized-cannabis-seeds-990x990.jpg",990,990,true],"commercegurus-plp-mobile":["https:\/\/bulkgenetics.com\/wp-content\/uploads\/2024\/09\/pink-rozay-strain-feminized-cannabis-seeds-441x441.jpg",441,441,true],"cgkit_image_swatch":["https:\/\/bulkgenetics.com\/wp-content\/uploads\/2024\/09\/pink-rozay-strain-feminized-cannabis-seeds-100x100.jpg",100,100,true],"woocommerce_thumbnail":["https:\/\/bulkgenetics.com\/wp-content\/uploads\/2024\/09\/pink-rozay-strain-feminized-cannabis-seeds-300x300.jpg",300,300,true],"woocommerce_single":["https:\/\/bulkgenetics.com\/wp-content\/uploads\/2024\/09\/pink-rozay-strain-feminized-cannabis-seeds-800x800.jpg",800,800,true],"woocommerce_gallery_thumbnail":["https:\/\/bulkgenetics.com\/wp-content\/uploads\/2024\/09\/pink-rozay-strain-feminized-cannabis-seeds-150x150.jpg",150,150,true],"dgwt-wcas-product-suggestion":["https:\/\/bulkgenetics.com\/wp-content\/uploads\/2024\/09\/pink-rozay-strain-feminized-cannabis-seeds-64x64.jpg",64,64,true]},"uagb_author_info":{"display_name":"\u00c1ngel Flores","author_link":"https:\/\/bulkgenetics.com\/fr\/author\/"},"uagb_comment_info":0,"uagb_excerpt":"Pink Rozay est une vari\u00e9t\u00e9 \u00e0 dominance indica avec jusqu\u2019\u00e0 25 % de THC, id\u00e9ale pour ceux qui recherchent un \u00e9quilibre entre relaxation profonde et euphorie. Avec son irr\u00e9sistible ar\u00f4me fruit\u00e9 et floral, et une production g\u00e9n\u00e9reuse en int\u00e9rieur et en ext\u00e9rieur, elle est parfaite \u00e0 cultiver et \u00e0 appr\u00e9cier au maximum.","_links":{"self":[{"href":"https:\/\/bulkgenetics.com\/fr\/wp-json\/wp\/v2\/product\/27574","targetHints":{"allow":["GET"]}}],"collection":[{"href":"https:\/\/bulkgenetics.com\/fr\/wp-json\/wp\/v2\/product"}],"about":[{"href":"https:\/\/bulkgenetics.com\/fr\/wp-json\/wp\/v2\/types\/product"}],"replies":[{"embeddable":true,"href":"https:\/\/bulkgenetics.com\/fr\/wp-json\/wp\/v2\/comments?post=27574"}],"wp:featuredmedia":[{"embeddable":true,"href":"https:\/\/bulkgenetics.com\/fr\/wp-json\/wp\/v2\/media\/27563"}],"wp:attachment":[{"href":"https:\/\/bulkgenetics.com\/fr\/wp-json\/wp\/v2\/media?parent=27574"}],"wp:term":[{"taxonomy":"product_brand","embeddable":true,"href":"https:\/\/bulkgenetics.com\/fr\/wp-json\/wp\/v2\/product_brand?post=27574"},{"taxonomy":"product_cat","embeddable":true,"href":"https:\/\/bulkgenetics.com\/fr\/wp-json\/wp\/v2\/product_cat?post=27574"},{"taxonomy":"product_tag","embeddable":true,"href":"https:\/\/bulkgenetics.com\/fr\/wp-json\/wp\/v2\/product_tag?post=27574"}],"curies":[{"name":"wp","href":"https:\/\/api.w.org\/{rel}","templated":true}]}}