{"id":28550,"date":"2024-09-24T11:47:42","date_gmt":"2024-09-24T09:47:42","guid":{"rendered":"https:\/\/bulkgenetics.com\/?post_type=product&#038;p=28550"},"modified":"2024-10-08T01:04:04","modified_gmt":"2024-10-07T23:04:04","slug":"mimosa","status":"publish","type":"product","link":"https:\/\/bulkgenetics.com\/fr\/mimosa\/","title":{"rendered":"Mimosa"},"content":{"rendered":"\n<h2 class=\"wp-block-heading\">Informations sur la strain Mimosa<\/h2>\n\n\n\n<p>La <strong>Mimosa<\/strong> est comme ce cocktail de fruits qui remonte le moral le matin, mais sans alcool, et avec une touche cannabique qui ne laisse personne indiff\u00e9rent. Cette strain est n\u00e9e de la fusion entre <strong><a href=\"https:\/\/bulkgenetics.com\/es\/purple-punch\/\">Purple Punch<\/a><\/strong> et <strong>Clementine<\/strong>, deux g\u00e9ants du monde cannabique qui se rejoignent pour cr\u00e9er un joyau de la famille Tangie. Sa g\u00e9n\u00e9tique la d\u00e9finit comme une hybride <strong>70 % sativa<\/strong> et <strong>30 % indica<\/strong>, id\u00e9ale pour ceux qui recherchent une explosion d&#8217;\u00e9nergie sans perdre l&#8217;\u00e9quilibre et le calme.<\/p>\n\n\n\n<p>Les cr\u00e9ateurs de cette merveille ont perfectionn\u00e9 la recette jusqu&#8217;\u00e0 trouver la version <strong>Mimosa v6<\/strong>, une \u00e9volution raffin\u00e9e qui non seulement \u00e9gaye la journ\u00e9e, mais a aussi remport\u00e9 des prix dans des comp\u00e9titions comme la <strong>Karma Cup<\/strong> pour son effet sativa spectaculaire. Avec un THC qui peut atteindre jusqu&#8217;\u00e0 30 %, Mimosa n&#8217;est pas n&#8217;importe quoi. Elle est puissante, joyeuse et poss\u00e8de cette \u00e9tincelle qui vous pousse \u00e0 commencer la journ\u00e9e du bon pied.<\/p>\n\n\n\n<p>Visuellement, la Mimosa est un bijou. Ses t\u00eates sont petites, denses, et d&#8217;un vert olive profond, orn\u00e9es de <strong>poils orange intense<\/strong> et d&#8217;une \u00e9paisse couche de <strong>trichomes blancs<\/strong> qui lui donnent cet aspect givr\u00e9 si caract\u00e9ristique. Elle n&#8217;est pas seulement belle, elle sent aussi incroyablement bon. D\u00e8s l&#8217;ouverture du pot, un ar\u00f4me <strong>doux et citronn\u00e9<\/strong> vous envahit, rappelant une mimosa fra\u00eechement press\u00e9e, avec une touche de baies \u00e0 l&#8217;expiration qui transforme chaque inhalation en une exp\u00e9rience gastronomique.<\/p>\n\n\n\n<p>Les cultivateurs qui ont eu le plaisir de r\u00e9colter la Mimosa soulignent sa <strong>grande facilit\u00e9 de culture<\/strong> et sa <strong>croissance rapide<\/strong>. Ses fleurs, bien que moins compactes que d&#8217;autres strains, se distinguent par leur go\u00fbt et l&#8217;impact puissant qu&#8217;elles produisent \u00e0 chaque bouff\u00e9e. &#8220;La meilleure strain pour la journ\u00e9e !&#8221; disent ceux qui l&#8217;ont essay\u00e9e, tandis que d&#8217;autres assurent qu&#8217;elle les fait &#8220;sourire d&#8217;une oreille \u00e0 l&#8217;autre&#8221; apr\u00e8s quelques coups de bong.<\/p>\n\n\n\n<h2 class=\"wp-block-heading\">Morphologie de la Mimosa<\/h2>\n\n\n\n<p>La plante de <strong>Mimosa<\/strong> est une v\u00e9ritable \u0153uvre d&#8217;art visuelle dans le monde du cannabis. De structure principalement sativa, elle pr\u00e9sente une forme haute et \u00e9lanc\u00e9e, id\u00e9ale pour ceux qui aiment cultiver des plantes atteignant de grandes hauteurs aussi bien en int\u00e9rieur qu&#8217;en ext\u00e9rieur. En int\u00e9rieur, elle peut atteindre jusqu&#8217;\u00e0 <strong>90 cm<\/strong>, tandis qu&#8217;en ext\u00e9rieur, dans des conditions optimales, elle peut mesurer jusqu&#8217;\u00e0 <strong>2,2 m\u00e8tres<\/strong>, offrant des rendements exceptionnels.<\/p>\n\n\n\n<p>Ses feuilles sont d&#8217;un vert vibrant et pr\u00e9sentent une structure allong\u00e9e, typique des strains sativas, avec une distance internodale mod\u00e9r\u00e9e, permettant une bonne ventilation et l&#8217;entr\u00e9e de lumi\u00e8re dans tous les recoins. Ce d\u00e9tail est crucial pour \u00e9viter les probl\u00e8mes d&#8217;humidit\u00e9 et maximiser la production de t\u00eates.<\/p>\n\n\n\n<p>Les t\u00eates de la Mimosa sont denses, de taille compacte mais abondante, et se caract\u00e9risent par leur couleur <strong>vert olive<\/strong> profond, contrastant parfaitement avec les <strong>pistils orange fonc\u00e9<\/strong> qui ressortent parmi les trichomes. Ces trichomes forment une couche brillante qui donne aux t\u00eates un aspect givr\u00e9, comme s&#8217;ils \u00e9taient recouverts d&#8217;une fine couche de sucre, indicatif de sa <strong>haute concentration en THC<\/strong>.<\/p>\n\n\n\n<p>Cette structure robuste et visuellement attrayante en fait une plante qui n&#8217;est pas seulement puissante dans ses effets, mais aussi magnifique \u00e0 regarder, id\u00e9ale pour les cultivateurs qui appr\u00e9cient \u00e0 la fois le rendement et l&#8217;esth\u00e9tique dans leurs jardins de cannabis.<\/p>\n\n\n\n<h2 class=\"wp-block-heading\">Go\u00fbt et effets<\/h2>\n\n\n\n<p>La <strong>Mimosa<\/strong> est une v\u00e9ritable f\u00eate pour les sens. D\u00e8s le premier instant o\u00f9 vous la sentez, elle vous transporte dans un paradis d&#8217;agrumes, o\u00f9 les ar\u00f4mes de <strong>orange fra\u00eeche<\/strong> et de <strong>fruits tropicaux<\/strong> se m\u00ealent \u00e0 une douce touche de baies. C&#8217;est comme se r\u00e9veiller un matin ensoleill\u00e9 avec un verre de mimosa \u00e0 la main, mais en version cannabique. \u00c0 l&#8217;expiration, une l\u00e9g\u00e8re touche de <strong>fleurs et d&#8217;herbes<\/strong> compl\u00e8te l&#8217;exp\u00e9rience, laissant un arri\u00e8re-go\u00fbt frais et persistant en bouche qui invite \u00e0 une nouvelle inhalation.<\/p>\n\n\n\n<p>Le <strong>go\u00fbt<\/strong> est une explosion d&#8217;agrumes juteux avec une touche acidul\u00e9e rappelant le pamplemousse, mais \u00e9quilibr\u00e9e par la douceur du raisin et des baies. Chaque bouff\u00e9e est un voyage sensoriel, o\u00f9 les <strong>terp\u00e8nes<\/strong> jouent en parfaite harmonie pour offrir une exp\u00e9rience d\u00e9licieuse qui ne d\u00e9\u00e7oit pas les palais les plus exigeants. Mimosa est cette strain qui transforme chaque bouff\u00e9e en un moment sp\u00e9cial, presque comme un toast.<\/p>\n\n\n\n<p>Et si nous parlons d&#8217;effets, <strong>Mimosa<\/strong> ne reste pas en reste. Avec une teneur en <strong>THC comprise entre 24 % et 30 %<\/strong>, cette strain est une source d&#8217;\u00e9nergie pure. D\u00e8s les premi\u00e8res minutes, une vague d&#8217;euphorie vous enveloppe, dissolvant toute trace de n\u00e9gativit\u00e9. &#8220;Elle m&#8217;a fait sourire d&#8217;une oreille \u00e0 l&#8217;autre&#8221;, commentent ceux qui l&#8217;ont essay\u00e9e, et pour cause. C&#8217;est le type d&#8217;herbe qui vous remplit d&#8217;optimisme, vous sort de la l\u00e9thargie et vous donne le coup de pouce dont vous avez besoin pour affronter la journ\u00e9e avec le meilleur des esprits.<\/p>\n\n\n\n<p>Au fur et \u00e0 mesure que l&#8217;effet progresse, la clart\u00e9 mentale et la concentration vous accompagnent, ce qui en fait un choix parfait pour des t\u00e2ches cr\u00e9atives ou sociales. Il n&#8217;est pas \u00e9tonnant que beaucoup la choisissent pour partager de bons moments avec des amis ou pour lib\u00e9rer l&#8217;esprit tout en r\u00e9alisant des activit\u00e9s quotidiennes. \u00c0 des doses plus \u00e9lev\u00e9es, elle peut d\u00e9tendre le corps sans vous assommer, vous laissant dans un \u00e9tat de s\u00e9r\u00e9nit\u00e9 qui vous invite \u00e0 vous d\u00e9tendre, mais sans perdre le contr\u00f4le.<\/p>\n\n\n\n<p>Le <strong>CBD<\/strong> dans Mimosa est faible, g\u00e9n\u00e9ralement inf\u00e9rieur \u00e0 <strong>1 %<\/strong>, donc les effets sont principalement psychoactifs. Elle est parfaite pour ceux qui recherchent cette mont\u00e9e \u00e9motionnelle et physique, id\u00e9ale pour combattre le <strong>stress, la d\u00e9pression et la fatigue<\/strong>, mais avec l&#8217;avertissement qu&#8217;\u00e0 fortes doses, elle peut entra\u00eener une sensation de relaxation profonde qui vous cloue au canap\u00e9.<\/p>\n\n\n\n<p>Avec Mimosa, chaque bouff\u00e9e est une invitation \u00e0 sourire, \u00e0 se sentir l\u00e9ger et plein d&#8217;\u00e9nergie. C&#8217;est cette \u00e9tincelle qui allume votre journ\u00e9e, faisant dispara\u00eetre les soucis dans un cocktail de bonheur et de bien-\u00eatre.<\/p>\n\n\n\n<h3 class=\"wp-block-heading\">Terp\u00e8nes<\/h3>\n\n\n\n<p>L&#8217;exp\u00e9rience sensorielle de <strong>Mimosa<\/strong> est profond\u00e9ment marqu\u00e9e par son profil de <strong>terp\u00e8nes<\/strong>, qui ne d\u00e9finissent pas seulement son ar\u00f4me et son go\u00fbt, mais renforcent aussi ses effets. Parmi les terp\u00e8nes principaux que l&#8217;on retrouve dans cette strain, on trouve :<\/p>\n\n\n\n<ul class=\"wp-block-list\">\n<li><strong>Myrc\u00e8ne :<\/strong> C&#8217;est l&#8217;un des terp\u00e8nes les plus abondants dans Mimosa et responsable de son ar\u00f4me l\u00e9g\u00e8rement terreux et fruit\u00e9. Le myrc\u00e8ne apporte une touche de <strong>herbes<\/strong> et de <strong>terre humide<\/strong>, semblable \u00e0 l&#8217;odeur de mangues m\u00fbres ou de thym frais. En plus de jouer un r\u00f4le dans l&#8217;ar\u00f4me, ce terp\u00e8ne est connu pour ses propri\u00e9t\u00e9s relaxantes et s\u00e9datives, aidant \u00e0 r\u00e9duire le stress et favorisant la relaxation corporelle, notamment \u00e0 des doses plus \u00e9lev\u00e9es.<\/li>\n\n\n\n<li><strong>Pin\u00e8ne :<\/strong> Comme son nom l&#8217;indique, ce terp\u00e8ne a une odeur caract\u00e9ristique de <strong>pin frais<\/strong>, \u00e9voquant la sensation de marcher dans une for\u00eat apr\u00e8s une l\u00e9g\u00e8re pluie. Le pin\u00e8ne n&#8217;apporte pas seulement de la fra\u00eecheur au profil de Mimosa, mais il poss\u00e8de \u00e9galement des effets <strong>anti-inflammatoires<\/strong> et <strong>bronchodilatateurs<\/strong>, pouvant aider \u00e0 am\u00e9liorer la clart\u00e9 mentale et la capacit\u00e9 respiratoire. Sa pr\u00e9sence renforce les effets de concentration et de clart\u00e9 que de nombreux consommateurs de Mimosa exp\u00e9rimentent.<\/li>\n\n\n\n<li><strong>Caryophyll\u00e8ne :<\/strong> Ce terp\u00e8ne est connu pour son go\u00fbt <strong>\u00e9pic\u00e9<\/strong> et <strong>bois\u00e9<\/strong>, semblable \u00e0 celui du poivre noir ou des clous de girofle. Dans Mimosa, il ajoute de la profondeur \u00e0 son go\u00fbt, contrastant parfaitement avec les notes sucr\u00e9es et citronn\u00e9es. Le plus int\u00e9ressant du caryophyll\u00e8ne est sa capacit\u00e9 \u00e0 interagir avec les r\u00e9cepteurs endocannabino\u00efdes, lui conf\u00e9rant des propri\u00e9t\u00e9s <strong>anti-inflammatoires<\/strong> et <strong>analg\u00e9siques<\/strong>. Il est id\u00e9al pour ceux qui recherchent un soulagement des douleurs musculaires ou des inflammations.<\/li>\n<\/ul>\n\n\n\n<p>Ces terp\u00e8nes travaillent ensemble pour cr\u00e9er le profil unique de Mimosa, am\u00e9liorant non seulement son ar\u00f4me et son go\u00fbt, mais aussi renfor\u00e7ant les <strong>effets euphorisants et \u00e9nergisants<\/strong> qui en ont fait un favori parmi les consommateurs. Chacun apporte sa touche sp\u00e9ciale, faisant de chaque bouff\u00e9e une exp\u00e9rience riche et complexe, parfaite pour ceux qui recherchent quelque chose de plus que simplement du THC dans leur cannabis.<\/p>\n\n\n\n<h2 class=\"wp-block-heading\">Production et p\u00e9riode de floraison<\/h2>\n\n\n\n<p><strong>Mimosa<\/strong> est une strain qui impressionne non seulement par ses effets et son go\u00fbt, mais aussi par sa g\u00e9n\u00e9reuse <strong>production<\/strong>, tant en culture int\u00e9rieure qu&#8217;ext\u00e9rieure. Pour ceux qui cherchent \u00e0 maximiser leur r\u00e9colte, cette strain est un excellent choix.<\/p>\n\n\n\n<p>En <strong>culture int\u00e9rieure<\/strong>, Mimosa peut produire jusqu&#8217;\u00e0 <strong>700 grammes par m\u00e8tre carr\u00e9<\/strong>, ce qui en fait une strain tr\u00e8s rentable pour les cultivateurs disposant d&#8217;un bon espace et de conditions optimales. Son <strong>temps de floraison<\/strong> est relativement rapide, oscillant entre <strong>65 et 70 jours<\/strong>. Cela en fait une option id\u00e9ale pour ceux qui recherchent des r\u00e9sultats en un temps mod\u00e9r\u00e9 sans sacrifier la qualit\u00e9 de la r\u00e9colte.<\/p>\n\n\n\n<p>En <strong>culture ext\u00e9rieure<\/strong>, Mimosa donne \u00e9galement le meilleur d&#8217;elle-m\u00eame, atteignant des rendements impressionnants allant jusqu&#8217;\u00e0 <strong>2000 grammes par plante<\/strong>, en fonction des conditions climatiques et des soins apport\u00e9s. Cette plante pr\u00e9f\u00e8re les climats chauds et ensoleill\u00e9s, et dans des conditions optimales, elle peut atteindre <strong>2,2 m\u00e8tres<\/strong> de hauteur. Le <strong>moment de la r\u00e9colte<\/strong> en ext\u00e9rieur a g\u00e9n\u00e9ralement lieu \u00e0 la mi-fin du mois d&#8217;<strong>octobre<\/strong>, ce qui en fait une excellente option pour ceux qui cultivent dans des r\u00e9gions aux automnes longs et temp\u00e9r\u00e9s.<\/p>\n\n\n\n<p>Avec Mimosa, que vous choisissiez de la cultiver en int\u00e9rieur ou en ext\u00e9rieur, vous aurez une plante reconnaissante offrant des t\u00eates r\u00e9sineuses et savoureuses en quantit\u00e9s g\u00e9n\u00e9reuses. De plus, sa <strong>floraison relativement rapide<\/strong> permet aux cultivateurs de profiter de r\u00e9coltes abondantes sans avoir \u00e0 attendre longtemps.<\/p>\n\n\n\n<h2 class=\"wp-block-heading\">Comment cultiver la Mimosa<\/h2>\n\n\n\n<p>Quand il s&#8217;agit de cultiver <strong>Mimosa<\/strong>, nous sommes face \u00e0 une strain qui, malgr\u00e9 sa puissance, est relativement facile \u00e0 g\u00e9rer aussi bien pour les cultivateurs novices que pour les plus exp\u00e9riment\u00e9s. Cette plante r\u00e9agit tr\u00e8s bien \u00e0 diff\u00e9rentes techniques de culture et offre des rendements spectaculaires si on lui accorde les soins ad\u00e9quats. Voici quelques aspects importants pour tirer le meilleur parti de cette strain, aussi bien en culture int\u00e9rieure qu&#8217;ext\u00e9rieure.<\/p>\n\n\n\n<h3 class=\"wp-block-heading\">Difficult\u00e9 de culture<\/h3>\n\n\n\n<p>La culture de Mimosa ne pr\u00e9sente pas de grandes complications, ce qui la rend accessible \u00e0 tous types de cultivateurs. Sa croissance rapide et vigoureuse facilite la gestion de la plante, et elle ne n\u00e9cessite pas de techniques avanc\u00e9es pour obtenir de bons r\u00e9sultats. Cependant, comme pour toute culture, on peut am\u00e9liorer son rendement avec des techniques de taille ou d&#8217;entra\u00eenement, comme le <strong>topping<\/strong> ou le <strong>LST (Low Stress Training)<\/strong>, pour contr\u00f4ler sa hauteur et favoriser une structure plus buissonnante et productive.<\/p>\n\n\n\n<h3 class=\"wp-block-heading\">Climat et conditions de culture id\u00e9ales<\/h3>\n\n\n\n<p>Mimosa pr\u00e9f\u00e8re les climats chauds et ensoleill\u00e9s lorsqu&#8217;elle est cultiv\u00e9e en ext\u00e9rieur. Il est important de s&#8217;assurer qu&#8217;elle re\u00e7oive beaucoup de lumi\u00e8re directe pour maximiser sa production de t\u00eates denses et r\u00e9sineuses. Les temp\u00e9ratures optimales se situent entre <strong>21 \u00baC et 29 \u00baC<\/strong> pendant la journ\u00e9e, et nous devons essayer de ne pas les laisser trop baisser la nuit. En culture int\u00e9rieure, il est essentiel de maintenir une temp\u00e9rature et une humidit\u00e9 contr\u00f4l\u00e9es, surtout pendant la phase de floraison, o\u00f9 une humidit\u00e9 de <strong>40 %-50 %<\/strong> est id\u00e9ale pour \u00e9viter les probl\u00e8mes de moisissures.<\/p>\n\n\n\n<p>En ext\u00e9rieur, il est recommand\u00e9 de planter au printemps pour que la plante puisse b\u00e9n\u00e9ficier de tout le cycle chaud et ensoleill\u00e9 avant la r\u00e9colte, qui aura lieu en octobre. Dans les climats plus temp\u00e9r\u00e9s ou froids, on peut envisager la culture en serre pour prot\u00e9ger la Mimosa des intemp\u00e9ries et prolonger la saison de culture.<\/p>\n\n\n\n<h3 class=\"wp-block-heading\">R\u00e9sistance aux parasites et aux maladies<\/h3>\n\n\n\n<p>Une des caract\u00e9ristiques que nous aimons le plus chez Mimosa est sa bonne r\u00e9sistance aux parasites et aux maladies. Gr\u00e2ce \u00e0 sa structure robuste et sa g\u00e9n\u00e9tique bien \u00e9quilibr\u00e9e, cette plante supporte tr\u00e8s bien des conditions de culture vari\u00e9es. Cependant, comme toute plante, elle n&#8217;est pas exempte de risques. Nous recommandons de maintenir une bonne ventilation et un environnement propre pour \u00e9viter les probl\u00e8mes de <strong>acariens, pucerons<\/strong> ou <strong>mildiou<\/strong>, qui peuvent appara\u00eetre si les conditions d&#8217;humidit\u00e9 sont \u00e9lev\u00e9es.<\/p>\n\n\n\n<p>Pour la prot\u00e9ger des \u00e9ventuels parasites en ext\u00e9rieur, il est toujours bon d&#8217;utiliser des insecticides naturels comme <strong>l&#8217;huile de neem<\/strong> ou d&#8217;introduire des insectes b\u00e9n\u00e9fiques comme les coccinelles pour maintenir un \u00e9quilibre naturel dans le jardin. Avec les soins appropri\u00e9s, Mimosa est une plante r\u00e9sistante qui, dans la plupart des cas, vous r\u00e9compensera par une r\u00e9colte abondante et de haute qualit\u00e9.<\/p>\n\n\n\n<div class=\"wp-block-columns is-layout-flex wp-container-core-columns-is-layout-28f84493 wp-block-columns-is-layout-flex\">\n<div class=\"wp-block-column is-layout-flow wp-block-column-is-layout-flow\">\n<p class=\"has-text-align-center has-medium-font-size\"><strong>Ce que nous aimons le plus<\/strong><\/p>\n\n\n\n<ul class=\"wp-block-list\">\n<li>Son profil d&#8217;agrumes et de fruits est incomparable, avec des notes tropicales qui rendent chaque inhalation d\u00e9licieuse.<\/li>\n\n\n\n<li>Parfaite pour commencer la journ\u00e9e avec une bonne humeur et une clart\u00e9 mentale.<\/li>\n\n\n\n<li>Tant en int\u00e9rieur qu&#8217;en ext\u00e9rieur, Mimosa offre des r\u00e9coltes g\u00e9n\u00e9reuses.<\/li>\n\n\n\n<li>Sa structure robuste et sa croissance rapide la rendent accessible \u00e0 tous les cultivateurs.<\/li>\n\n\n\n<li>C&#8217;est une plante robuste qui supporte bien les difficult\u00e9s de la culture.<\/li>\n<\/ul>\n<\/div>\n\n\n\n<div class=\"wp-block-column is-layout-flow wp-block-column-is-layout-flow\">\n<p class=\"has-text-align-center has-medium-font-size\"><strong>Ce que nous aimons le moins<\/strong><\/p>\n\n\n\n<ul class=\"wp-block-list\">\n<li>Pendant la floraison, elle n\u00e9cessite une attention pour \u00e9viter les probl\u00e8mes de moisissures.<\/li>\n\n\n\n<li>Elle peut atteindre une grande taille, ce qui peut \u00eatre un d\u00e9fi dans les espaces r\u00e9duits ou discrets.<\/li>\n<\/ul>\n<\/div>\n<\/div>\n\n\n\n<div style=\"height:50px\" aria-hidden=\"true\" class=\"wp-block-spacer uag-hide-mob\"><\/div>\n\n\n\n<h2 class=\"wp-block-heading\">Questions fr\u00e9quemment pos\u00e9es<\/h2>\n\n\n\n<p>Vous trouverez ci-dessous les r\u00e9ponses aux questions les plus fr\u00e9quemment pos\u00e9es par les cultivateurs int\u00e9ress\u00e9s par cette strain :<\/p>\n\n\n<div id=\"rank-math-faq\" class=\"rank-math-block\">\n<div class=\"rank-math-list \">\n<div id=\"faq-question-1663029074962\" class=\"rank-math-list-item\">\n<h3 class=\"rank-math-question \">Est-ce que la Mimosa est sativa ou indica ?<\/h3>\n<div class=\"rank-math-answer \">\n\n<p>Mimosa est une strain principalement sativa, avec 70 % de g\u00e9n\u00e9tique sativa et 30 % indica. Cela signifie que ses effets tendent \u00e0 \u00eatre \u00e9nergisants, euphoriques et clairs, parfaits pour des activit\u00e9s diurnes ou cr\u00e9atives.<\/p>\n\n<\/div>\n<\/div>\n<div id=\"faq-question-1663029159933\" class=\"rank-math-list-item\">\n<h3 class=\"rank-math-question \">Quel est le contenu en THC de la Mimosa ?<\/h3>\n<div class=\"rank-math-answer \">\n\n<p>Le contenu en THC dans la Mimosa peut varier entre 24 % et 30 %, ce qui en fait une strain de haute puissance. Ce niveau de THC la rend id\u00e9ale pour les utilisateurs exp\u00e9riment\u00e9s qui recherchent des effets intenses et prolong\u00e9s. Nous recommandons de commencer par de petites doses si vous n&#8217;\u00eates pas habitu\u00e9 aux strains tr\u00e8s puissantes.<\/p>\n\n<\/div>\n<\/div>\n<div id=\"faq-question-1663029165861\" class=\"rank-math-list-item\">\n<h3 class=\"rank-math-question \">La Mimosa est-elle une bonne option pour les cultivateurs d\u00e9butants ?<\/h3>\n<div class=\"rank-math-answer \">\n\n<p>Oui, la Mimosa est une excellente option pour les cultivateurs d\u00e9butants. Sa croissance vigoureuse et sa bonne r\u00e9sistance aux parasites en font une plante facile \u00e0 g\u00e9rer, avec un rendement g\u00e9n\u00e9reux sans avoir besoin de techniques de culture avanc\u00e9es. De plus, elle a un cycle de floraison relativement court, ce qui permet de profiter d&#8217;une r\u00e9colte rapide.<\/p>\n\n<\/div>\n<\/div>\n<div id=\"faq-question-1666780029954\" class=\"rank-math-list-item\">\n<h3 class=\"rank-math-question \">Combien de temps met la Mimosa \u00e0 fleurir ?<\/h3>\n<div class=\"rank-math-answer \">\n\n<p>Le temps de floraison de la Mimosa est de 65 \u00e0 70 jours en int\u00e9rieur. Si elle est cultiv\u00e9e en ext\u00e9rieur, elle est g\u00e9n\u00e9ralement pr\u00eate pour la r\u00e9colte \u00e0 la mi-fin octobre. Ce cycle de floraison relativement rapide est id\u00e9al pour ceux qui recherchent des r\u00e9sultats efficaces sans compromettre la qualit\u00e9 de la r\u00e9colte.<\/p>\n\n<\/div>\n<\/div>\n<div id=\"faq-question-1713349304979\" class=\"rank-math-list-item\">\n<h3 class=\"rank-math-question \">Quel est le climat id\u00e9al pour cultiver la Mimosa ?<\/h3>\n<div class=\"rank-math-answer \">\n\n<p>La Mimosa se d\u00e9veloppe mieux dans des climats chauds et ensoleill\u00e9s, o\u00f9 elle peut profiter pleinement de la lumi\u00e8re directe du soleil. En int\u00e9rieur, il est essentiel de maintenir une temp\u00e9rature contr\u00f4l\u00e9e entre 21 \u00baC et 29 \u00baC et une humidit\u00e9 mod\u00e9r\u00e9e pour obtenir les meilleurs r\u00e9sultats. Si vous la cultivez en ext\u00e9rieur, assurez-vous que la plante dispose de suffisamment d&#8217;espace et de lumi\u00e8re pour atteindre son plein potentiel.<\/p>\n\n<\/div>\n<\/div>\n<div id=\"faq-question-1716197778573\" class=\"rank-math-list-item\">\n<h3 class=\"rank-math-question \">Quel est le go\u00fbt de la Mimosa ?<\/h3>\n<div class=\"rank-math-answer \">\n\n<p>Le go\u00fbt de la Mimosa est une d\u00e9licieuse combinaison d&#8217;agrumes frais, avec des notes d&#8217;orange, de pamplemousse et une touche de baies sucr\u00e9es. Chaque bouff\u00e9e offre un \u00e9quilibre parfait entre douceur et acidit\u00e9, ce qui en fait une exp\u00e9rience gustative inoubliable. Son ar\u00f4me, rappelant une mimosa fra\u00eechement press\u00e9e, \u00e9l\u00e8ve l&#8217;exp\u00e9rience \u00e0 un niveau sup\u00e9rieur.<\/p>\n\n<\/div>\n<\/div>\n<\/div>\n<\/div>","protected":false},"excerpt":{"rendered":"<p><b>Mimosa<\/b> est une strain \u00e0 dominante sativa, connue pour son <b>effet \u00e9nergisant puissant<\/b> et son <b>incroyable saveur d&#8217;agrumes<\/b> rappelant l&#8217;orange et les baies. Avec jusqu&#8217;\u00e0 <b>30 % de THC<\/b> et une production g\u00e9n\u00e9reuse tant en int\u00e9rieur qu&#8217;en ext\u00e9rieur, elle est parfaite pour ceux qui recherchent une mont\u00e9e positive et pleine de vitalit\u00e9.<\/p>\n","protected":false},"featured_media":28545,"comment_status":"open","ping_status":"closed","template":"","meta":{"_acf_changed":false,"inline_featured_image":false,"_uag_custom_page_level_css":""},"product_brand":[],"product_cat":[1125],"product_tag":[],"class_list":{"0":"post-28550","1":"product","2":"type-product","3":"status-publish","4":"has-post-thumbnail","6":"product_cat-graines-feminisees-en-gros","8":"first","9":"instock","10":"taxable","11":"shipping-taxable","12":"purchasable","13":"product-type-simple"},"acf":[],"uagb_featured_image_src":{"full":["https:\/\/bulkgenetics.com\/wp-content\/uploads\/2024\/09\/mimosa-strain-feminized-cannabis-seeds.jpg",1600,1600,false],"thumbnail":["https:\/\/bulkgenetics.com\/wp-content\/uploads\/2024\/09\/mimosa-strain-feminized-cannabis-seeds-150x150.jpg",150,150,true],"medium":["https:\/\/bulkgenetics.com\/wp-content\/uploads\/2024\/09\/mimosa-strain-feminized-cannabis-seeds-300x300.jpg",300,300,true],"medium_large":["https:\/\/bulkgenetics.com\/wp-content\/uploads\/2024\/09\/mimosa-strain-feminized-cannabis-seeds-768x768.jpg",768,768,true],"large":["https:\/\/bulkgenetics.com\/wp-content\/uploads\/2024\/09\/mimosa-strain-feminized-cannabis-seeds-1024x1024.jpg",1024,1024,true],"1536x1536":["https:\/\/bulkgenetics.com\/wp-content\/uploads\/2024\/09\/mimosa-strain-feminized-cannabis-seeds-1536x1536.jpg",1536,1536,true],"2048x2048":["https:\/\/bulkgenetics.com\/wp-content\/uploads\/2024\/09\/mimosa-strain-feminized-cannabis-seeds.jpg",1600,1600,false],"commercegurus-pdp-large":["https:\/\/bulkgenetics.com\/wp-content\/uploads\/2024\/09\/mimosa-strain-feminized-cannabis-seeds-990x990.jpg",990,990,true],"commercegurus-plp-mobile":["https:\/\/bulkgenetics.com\/wp-content\/uploads\/2024\/09\/mimosa-strain-feminized-cannabis-seeds-441x441.jpg",441,441,true],"cgkit_image_swatch":["https:\/\/bulkgenetics.com\/wp-content\/uploads\/2024\/09\/mimosa-strain-feminized-cannabis-seeds-100x100.jpg",100,100,true],"woocommerce_thumbnail":["https:\/\/bulkgenetics.com\/wp-content\/uploads\/2024\/09\/mimosa-strain-feminized-cannabis-seeds-300x300.jpg",300,300,true],"woocommerce_single":["https:\/\/bulkgenetics.com\/wp-content\/uploads\/2024\/09\/mimosa-strain-feminized-cannabis-seeds-800x800.jpg",800,800,true],"woocommerce_gallery_thumbnail":["https:\/\/bulkgenetics.com\/wp-content\/uploads\/2024\/09\/mimosa-strain-feminized-cannabis-seeds-150x150.jpg",150,150,true],"dgwt-wcas-product-suggestion":["https:\/\/bulkgenetics.com\/wp-content\/uploads\/2024\/09\/mimosa-strain-feminized-cannabis-seeds-64x64.jpg",64,64,true]},"uagb_author_info":{"display_name":"\u00c1ngel Flores","author_link":"https:\/\/bulkgenetics.com\/fr\/author\/"},"uagb_comment_info":0,"uagb_excerpt":"Mimosa est une strain \u00e0 dominante sativa, connue pour son effet \u00e9nergisant puissant et son incroyable saveur d'agrumes rappelant l'orange et les baies. Avec jusqu'\u00e0 30 % de THC et une production g\u00e9n\u00e9reuse tant en int\u00e9rieur qu'en ext\u00e9rieur, elle est parfaite pour ceux qui recherchent une mont\u00e9e positive et pleine de vitalit\u00e9.","_links":{"self":[{"href":"https:\/\/bulkgenetics.com\/fr\/wp-json\/wp\/v2\/product\/28550","targetHints":{"allow":["GET"]}}],"collection":[{"href":"https:\/\/bulkgenetics.com\/fr\/wp-json\/wp\/v2\/product"}],"about":[{"href":"https:\/\/bulkgenetics.com\/fr\/wp-json\/wp\/v2\/types\/product"}],"replies":[{"embeddable":true,"href":"https:\/\/bulkgenetics.com\/fr\/wp-json\/wp\/v2\/comments?post=28550"}],"wp:featuredmedia":[{"embeddable":true,"href":"https:\/\/bulkgenetics.com\/fr\/wp-json\/wp\/v2\/media\/28545"}],"wp:attachment":[{"href":"https:\/\/bulkgenetics.com\/fr\/wp-json\/wp\/v2\/media?parent=28550"}],"wp:term":[{"taxonomy":"product_brand","embeddable":true,"href":"https:\/\/bulkgenetics.com\/fr\/wp-json\/wp\/v2\/product_brand?post=28550"},{"taxonomy":"product_cat","embeddable":true,"href":"https:\/\/bulkgenetics.com\/fr\/wp-json\/wp\/v2\/product_cat?post=28550"},{"taxonomy":"product_tag","embeddable":true,"href":"https:\/\/bulkgenetics.com\/fr\/wp-json\/wp\/v2\/product_tag?post=28550"}],"curies":[{"name":"wp","href":"https:\/\/api.w.org\/{rel}","templated":true}]}}