{"id":28926,"date":"2024-10-22T15:30:33","date_gmt":"2024-10-22T13:30:33","guid":{"rendered":"https:\/\/bulkgenetics.com\/?post_type=product&#038;p=28926"},"modified":"2024-10-23T15:34:12","modified_gmt":"2024-10-23T13:34:12","slug":"purple-candy","status":"publish","type":"product","link":"https:\/\/bulkgenetics.com\/fr\/purple-candy\/","title":{"rendered":"Purple Candy"},"content":{"rendered":"\n<h2 class=\"wp-block-heading\">Purple Candy Strain Info<\/h2>\n\n<p><strong>Purple Candy<\/strong> est un joyau g\u00e9n\u00e9tique n\u00e9 du croisement entre le d\u00e9licieux <strong>BC Sweet Tooth<\/strong> et le l\u00e9gendaire <strong>Mendocino Purps<\/strong>, cr\u00e9ant un m\u00e9lange irr\u00e9sistible de saveurs et d&#8217;effets qui s\u00e9duira \u00e0 la fois les cultivateurs exp\u00e9riment\u00e9s et les d\u00e9butants. Cette vari\u00e9t\u00e9, c\u00e9l\u00e8bre pour sa dominance indica, vient directement de la c\u00f4te canadienne, o\u00f9 les g\u00e9n\u00e9tiques \u00e0 haut rendement et les saveurs sucr\u00e9es atteignent leur apog\u00e9e.<\/p>\n<p>Si vous recherchez une exp\u00e9rience relaxante avec une touche subtile d&#8217;euphorie, la <strong>Purple Candy<\/strong> est votre meilleure alli\u00e9e. Ses bourgeons, d&#8217;une couleur vibrante de violet et de vert, sont tout simplement spectaculaires. \u00c0 mesure qu&#8217;ils grandissent, ces bourgeons se recouvrent d&#8217;une \u00e9paisse couche de trichomes brillants, leur donnant cet aspect &#8220;givr\u00e9&#8221; que tant d&#8217;amateurs de fleurs de qualit\u00e9 adorent. Les <strong>pistils ambr\u00e9s et orange<\/strong> contrastent avec l&#8217;intensit\u00e9 du violet, faisant de chaque bourgeon une petite \u0153uvre d&#8217;art.<\/p>\n<p>Ceux qui ont essay\u00e9 cette vari\u00e9t\u00e9 ne cessent de parler de ses <strong>gros bourgeons<\/strong> et de sa texture collante, comparable au caramel le plus doux. Ouvrir un sac de <strong>Purple Candy<\/strong>, c&#8217;est \u00eatre instantan\u00e9ment transport\u00e9 dans un champ de <strong>raisins m\u00fbrs<\/strong> et de fleurs sucr\u00e9es, avec une touche de terre qui ajoute de la complexit\u00e9 \u00e0 son profil aromatique. Beaucoup disent que c&#8217;est comme &#8220;sentir votre friandise pr\u00e9f\u00e9r\u00e9e&#8221;. Cette douceur ne se contente pas de plaire \u00e0 l&#8217;odorat, elle se refl\u00e8te \u00e9galement dans son go\u00fbt : chaque bouff\u00e9e est un voyage \u00e0 travers des notes de <strong>jus de raisin<\/strong> et une touche de miel qui glisse doucement sur le palais, enveloppant les sens de sa douceur incomparable.<\/p>\n<p>Les consommateurs mettent en avant son effet progressif : &#8220;comme une <strong>vague d&#8217;eau<\/strong> montant le long de votre dos&#8221;, commen\u00e7ant par une l\u00e9g\u00e8re euphorie c\u00e9r\u00e9brale et se terminant par une relaxation totale du corps. Parfait pour ces soir\u00e9es o\u00f9 vous avez besoin de d\u00e9connecter, Purple Candy vous enveloppe d&#8217;une sensation de paix et de tranquillit\u00e9, vous invitant \u00e0 vous d\u00e9tendre sur le canap\u00e9 et \u00e0 profiter de la vie sans soucis. C&#8217;est une vari\u00e9t\u00e9 qui brille \u00e0 la fin de la journ\u00e9e, id\u00e9ale pour combattre le stress, l&#8217;anxi\u00e9t\u00e9 ou l&#8217;insomnie. Beaucoup notent \u00e9galement son pouvoir d&#8217;ouvrir l&#8217;app\u00e9tit, en faisant un excellent choix pour ceux qui cherchent \u00e0 soulager les troubles alimentaires ou les traitements affectant la faim.<\/p>\n\n\n<h2 class=\"wp-block-heading\">Morphologie de Purple Candy<\/h2>\n\n<p><strong>Purple Candy<\/strong> est une plante qui se distingue sans aucun doute par son apparence spectaculaire. De taille moyenne \u00e0 haute, elle pr\u00e9sente une structure robuste et compacte, typique des indicas, avec des branches lat\u00e9rales qui soutiennent fermement ses lourds bourgeons r\u00e9sineux. Sa distance internodale est courte, permettant la formation de grappes de fleurs denses le long de ses branches.<\/p>\n<p>Les feuilles de la <strong>Purple Candy<\/strong> ont une teinte vert fonc\u00e9 avec des touches de violet qui deviennent plus prononc\u00e9es au fur et \u00e0 mesure de la floraison, donnant \u00e0 la plante un aspect exotique et frappant. Ses bourgeons, v\u00e9ritables joyaux dans tout jardin, pr\u00e9sentent une couleur violette intense qui contraste avec les pistils ambr\u00e9s et orange brillant, cr\u00e9ant un effet visuel saisissant. De plus, les bourgeons sont enti\u00e8rement recouverts d&#8217;une \u00e9paisse couche de trichomes, leur donnant cet aspect givr\u00e9 et collant que les cultivateurs adorent.<\/p>\n<p>La texture des bourgeons est dense et compacte, une caract\u00e9ristique courante des vari\u00e9t\u00e9s indica. Chaque fleur est un spectacle visuel en soi, avec ses tons profonds de violet, de vert et d&#8217;ambre, encore accentu\u00e9s par l&#8217;\u00e9clat cristallin de ses trichomes. \u00c0 mesure que la plante m\u00fbrit, elle d\u00e9gage un ar\u00f4me sucr\u00e9 et fruit\u00e9, annon\u00e7ant la d\u00e9licieuse saveur qui se r\u00e9v\u00e8lera lors de la r\u00e9colte.<\/p>\n\n\n<h2 class=\"wp-block-heading\">Taste and Effects<\/h2>\n\n<p>L&#8217;ar\u00f4me de <strong>Purple Candy<\/strong> est un v\u00e9ritable festin pour les sens. D\u00e8s l&#8217;ouverture du pot, une douce fragrance de <strong>jus de raisin<\/strong> m\u00fbr envahit vos narines, avec des notes subtiles florales et terreuses qui ajoutent de la profondeur. C&#8217;est un ar\u00f4me qui vous ram\u00e8ne instantan\u00e9ment en enfance, lorsque les friandises sucr\u00e9es \u00e9taient le moment le plus attendu de la journ\u00e9e. Cette douceur se traduit parfaitement dans son go\u00fbt, chaque bouff\u00e9e offrant une explosion de <strong>raisins<\/strong> et une touche de <strong>miel<\/strong>, accompagn\u00e9e d&#8217;un l\u00e9ger fond terreux qui \u00e9quilibre l&#8217;exp\u00e9rience.<\/p>\n<p>Le taux de THC de <strong>Purple Candy<\/strong> peut atteindre jusqu&#8217;\u00e0 19%, garantissant un effet puissant mais g\u00e9rable, id\u00e9al pour les utilisateurs exp\u00e9riment\u00e9s comme pour ceux qui recherchent une exp\u00e9rience plus douce. Le taux de <strong>CBD<\/strong> est faible, inf\u00e9rieur \u00e0 1%, cette vari\u00e9t\u00e9 \u00e9tant donc principalement ax\u00e9e sur les effets psychoactifs.<\/p>\n<p>En termes d&#8217;effets, <strong>Purple Candy<\/strong> commence par une douce <strong>euphorie c\u00e9r\u00e9brale<\/strong>, qui \u00e9l\u00e8ve l&#8217;humeur et clarifie l&#8217;esprit, parfaite pour ces moments o\u00f9 vous avez besoin de vous d\u00e9connecter et d&#8217;\u00e9vacuer le stress de la journ\u00e9e. \u00c0 mesure que l&#8217;exp\u00e9rience progresse, cette euphorie se transforme lentement en une <strong>relaxation physique profonde<\/strong>, se propageant dans tout le corps comme une vague de calme qui vous invite \u00e0 vous d\u00e9tendre et \u00e0 profiter du moment. Les utilisateurs d\u00e9crivent souvent cette sensation comme &#8220;un c\u00e2lin r\u00e9confortant qui vous enveloppe&#8221;, id\u00e9ale pour ces soir\u00e9es o\u00f9 l&#8217;on veut simplement se d\u00e9tendre sur le canap\u00e9 et laisser la fatigue de la journ\u00e9e dispara\u00eetre.<\/p>\n<p>Cette combinaison d&#8217;euphorie et de relaxation fait de <strong>Purple Candy<\/strong> une excellente option pour combattre <strong>le stress, l&#8217;anxi\u00e9t\u00e9 et l&#8217;insomnie<\/strong>. Ses effets relaxants sont \u00e9galement parfaits pour stimuler l&#8217;app\u00e9tit, ce qui en fait une vari\u00e9t\u00e9 id\u00e9ale pour ceux qui luttent contre des troubles alimentaires ou des conditions affectant la faim. Et si vous cherchez \u00e0 vous reposer, les effets de cette vari\u00e9t\u00e9 vous emm\u00e8neront doucement dans un sommeil profond et r\u00e9parateur, sans secousses ni pr\u00e9occupations.<\/p>\n\n\n<h3 class=\"wp-block-heading\">Terp\u00e8nes<\/h3>\n\n<p><strong>Purple Candy<\/strong> se distingue non seulement par sa douceur et son effet puissant, mais aussi par son profil terp\u00e9nique int\u00e9ressant, qui contribue \u00e0 son ar\u00f4me, sa saveur et ses effets th\u00e9rapeutiques. Le terp\u00e8ne le plus abondant dans cette vari\u00e9t\u00e9 est le <strong>myrc\u00e8ne<\/strong>, suivi de <strong>caryophyll\u00e8ne<\/strong> et de <strong>pin\u00e8ne<\/strong>, cr\u00e9ant une combinaison unique qui amplifie l&#8217;exp\u00e9rience sensorielle.<\/p>\n<p>Le <strong>myrc\u00e8ne<\/strong> est le terp\u00e8ne dominant dans <strong>Purple Candy<\/strong>. Avec son <strong>ar\u00f4me terreux et herbac\u00e9<\/strong> caract\u00e9ristique, il apporte cette touche relaxante qui d\u00e9finit de nombreuses vari\u00e9t\u00e9s indica. Il est connu pour ses propri\u00e9t\u00e9s <strong>s\u00e9datives<\/strong> et <strong>anti-inflammatoires<\/strong>, contribuant \u00e0 la profonde relaxation ressentie apr\u00e8s avoir consomm\u00e9 cette vari\u00e9t\u00e9. Ce terp\u00e8ne renforce la sensation de calme physique et aide \u00e0 combattre <strong>le stress<\/strong> et <strong>l&#8217;anxi\u00e9t\u00e9<\/strong>, chaque bouff\u00e9e vous transportant dans un \u00e9tat de paix et de confort.<\/p>\n<p>Le <strong>caryophyll\u00e8ne<\/strong>, quant \u00e0 lui, ajoute une touche int\u00e9ressante de <strong>piquant<\/strong> et de <strong>bois\u00e9<\/strong> au profil gustatif de <strong>Purple Candy<\/strong>. Il est connu pour sa capacit\u00e9 \u00e0 interagir directement avec le syst\u00e8me endocannabino\u00efde, offrant des bienfaits <strong>anti-inflammatoires<\/strong> et <strong>analg\u00e9siques<\/strong>. Ce terp\u00e8ne est id\u00e9al pour ceux qui recherchent un soulagement face \u00e0 la douleur chronique ou l&#8217;inflammation, tout en profitant d&#8217;une exp\u00e9rience agr\u00e9able et plaisante.<\/p>\n<p>Le troisi\u00e8me terp\u00e8ne de la liste est le <strong>pin\u00e8ne<\/strong>, qui apporte une touche fra\u00eeche de <strong>pin<\/strong> \u00e0 l&#8217;exp\u00e9rience aromatique de <strong>Purple Candy<\/strong>. En plus de son parfum rafra\u00eechissant, le pin\u00e8ne est connu pour ses propri\u00e9t\u00e9s <strong>bronchodilatatrices<\/strong> et <strong>anti-inflammatoires<\/strong>, ainsi que pour sa capacit\u00e9 \u00e0 am\u00e9liorer la <strong>m\u00e9moire<\/strong> et la <strong>concentration<\/strong>. Bien que cette vari\u00e9t\u00e9 soit principalement relaxante, le pin\u00e8ne lui conf\u00e8re une touche de clart\u00e9 mentale qui \u00e9quilibre parfaitement l&#8217;exp\u00e9rience.<\/p>\n\n\n<h2 class=\"wp-block-heading\">Production and Flowering Time<\/h2>\n\n<p><strong>Purple Candy<\/strong> est une vari\u00e9t\u00e9 qui r\u00e9compense les cultivateurs avec des r\u00e9coltes abondantes, en int\u00e9rieur comme en ext\u00e9rieur. Cette vari\u00e9t\u00e9 est id\u00e9ale pour ceux qui recherchent des plantes \u00e0 rendement fiable, avec des bourgeons denses et r\u00e9sineux qui ne sont pas seulement un plaisir pour les yeux, mais aussi une source g\u00e9n\u00e9reuse de trichomes collants.<\/p>\n<p>En culture int\u00e9rieure, <strong>Purple Candy<\/strong> a un temps de floraison d&#8217;environ <strong>7 \u00e0 8 semaines<\/strong>, ce qui en fait une option relativement rapide pour ceux qui souhaitent des r\u00e9sultats dans un d\u00e9lai raisonnable. Avec les soins appropri\u00e9s, cette vari\u00e9t\u00e9 peut offrir une production de <strong>400 \u00e0 500 g\/m\u00b2<\/strong>, fournissant des bourgeons de qualit\u00e9 exceptionnelle et une esth\u00e9tique in\u00e9gal\u00e9e gr\u00e2ce \u00e0 ses tons violets et verts.<\/p>\n<p>En ext\u00e9rieur, <strong>Purple Candy<\/strong> atteint son plein potentiel lorsqu&#8217;on lui donne l&#8217;espace et les conditions ad\u00e9quates. Un climat temp\u00e9r\u00e9 et ensoleill\u00e9 est id\u00e9al pour que ces plantes poussent fortes et en bonne sant\u00e9. La r\u00e9colte se fait g\u00e9n\u00e9ralement \u00e0 la mi-octobre, et chaque plante peut produire jusqu&#8217;\u00e0 <strong>500 g<\/strong> ou plus, selon l&#8217;environnement et les soins apport\u00e9s. Ses gros bourgeons pleins de trichomes se d\u00e9veloppent pleinement sous le soleil, r\u00e9v\u00e9lant tout leur potentiel aromatique et visuel.<\/p>\n<p>Gr\u00e2ce \u00e0 sa structure robuste et ses caract\u00e9ristiques d&#8217;indica dominante, <strong>Purple Candy<\/strong> est une plante r\u00e9sistante, capable d&#8217;offrir des r\u00e9coltes gratifiantes tant pour les cultivateurs d\u00e9butants que pour ceux ayant plus d&#8217;exp\u00e9rience.<\/p>\n\n\n<h2 class=\"wp-block-heading\">Comment Cultiver Purple Candy<\/h2>\n\n<p>Lors de la culture de <strong>Purple Candy<\/strong>, nous avons affaire \u00e0 une vari\u00e9t\u00e9 qui combine le meilleur des g\u00e9n\u00e9tiques indica : r\u00e9sistance, bons rendements et des bourgeons qui sont de v\u00e9ritables joyaux. Bien qu&#8217;elle convienne \u00e0 la fois \u00e0 la culture int\u00e9rieure et ext\u00e9rieure, il y a quelques d\u00e9tails cl\u00e9s \u00e0 garder \u00e0 l&#8217;esprit pour obtenir les meilleurs r\u00e9sultats. Avec une structure compacte et un temps de floraison relativement rapide, cette vari\u00e9t\u00e9 est id\u00e9ale pour ceux qui recherchent des bourgeons r\u00e9sineux et aromatiques sans trop de complications.<\/p>\n\n\n<h3 class=\"wp-block-heading\">Difficult\u00e9 de culture<\/h3>\n\n<p>La culture de <strong>Purple Candy<\/strong> est une exp\u00e9rience accessible \u00e0 la plupart des cultivateurs. Que vous soyez novice ou exp\u00e9riment\u00e9, cette plante s&#8217;adapte bien \u00e0 diff\u00e9rentes techniques de culture, que ce soit en pots ou directement en terre. Ses branches lat\u00e9rales sont robustes et peuvent supporter le poids de ses bourgeons denses, bien que dans certains cas, il puisse \u00eatre utile d&#8217;utiliser des supports pour \u00e9viter que les branches les plus charg\u00e9es ne plient. Avec une gestion basique des nutriments et une bonne taille pour am\u00e9liorer l&#8217;a\u00e9ration des branches, vous obtiendrez des r\u00e9sultats optimaux sans trop de difficult\u00e9.<\/p>\n\n\n<h3 class=\"wp-block-heading\">Climat et conditions de culture adapt\u00e9es<\/h3>\n\n<p>En ce qui concerne le climat, <strong>Purple Candy<\/strong> prosp\u00e8re dans des environnements temp\u00e9r\u00e9s et ensoleill\u00e9s lorsqu&#8217;elle est cultiv\u00e9e en ext\u00e9rieur. Cette vari\u00e9t\u00e9 appr\u00e9cie la chaleur mod\u00e9r\u00e9e et profite des longues journ\u00e9es ensoleill\u00e9es qui favorisent la production de r\u00e9sine et le d\u00e9veloppement de ses couleurs violettes. Si elle est cultiv\u00e9e en int\u00e9rieur, il est important de contr\u00f4ler la temp\u00e9rature et l&#8217;humidit\u00e9. Maintenir une temp\u00e9rature autour de <strong>21-26\u00b0C<\/strong> et un taux d&#8217;humidit\u00e9 de <strong>40-50%<\/strong> pendant la floraison permettra aux bourgeons de se d\u00e9velopper au maximum.<\/p>\n\n\n<h3 class=\"wp-block-heading\">R\u00e9sistance aux ravageurs et maladies<\/h3>\n\n<p><strong>Purple Candy<\/strong> est une plante assez r\u00e9sistante, en particulier contre les ravageurs et les champignons, ce qui en fait une option solide pour ceux qui recherchent une vari\u00e9t\u00e9 \u00e0 faible entretien. N\u00e9anmoins, il est toujours recommand\u00e9 de surveiller l&#8217;apparition de <strong>acariens<\/strong> ou de <strong>moisissures<\/strong>, surtout dans les climats plus humides ou en culture int\u00e9rieure avec une mauvaise ventilation. Une taille strat\u00e9gique et une bonne ventilation aideront \u00e0 maintenir la sant\u00e9 de la plante, pr\u00e9venant ainsi les probl\u00e8mes courants comme l&#8217;exc\u00e8s d&#8217;humidit\u00e9 qui pourrait affecter la qualit\u00e9 des bourgeons.<\/p>\n\n\n<div class=\"wp-block-columns\">\n  <div class=\"wp-block-column\">\n    <p class=\"has-text-align-center has-medium-font-size\"><strong>Ce que nous aimons le plus<\/strong><\/p>\n    <ul class=\"wp-block-list is-layout-flex wp-container-core-columns-is-layout-28f84493 wp-block-columns-is-layout-flex\">\n      <li><strong>Saveur douce et fruit\u00e9e<\/strong>, avec des touches de raisin et de miel qui raviront tous les palais.<\/li>\n      <li>Production abondante de <strong>bourgeons denses et r\u00e9sineux<\/strong>, pleins de trichomes brillants.<\/li>\n      <li>Effet \u00e9quilibr\u00e9, combinant euphorie mentale et <strong>relaxation physique profonde<\/strong>.<\/li>\n      <li><strong>Temps de floraison rapide<\/strong> en int\u00e9rieur, entre 7 et 8 semaines.<\/li>\n      <li><strong>Couleurs spectaculaires<\/strong> violettes et vertes, visuellement impressionnantes.<\/li>\n    <\/ul>\n  <\/div>\n  <div class=\"wp-block-column\">\n    <p class=\"has-text-align-center has-medium-font-size\"><strong>Ce que nous aimons le moins<\/strong><\/p>\n    <ul class=\"wp-block-list\">\n      <li>Peut causer une <strong>bouche s\u00e8che<\/strong> et des <strong>yeux rouges<\/strong> chez certains utilisateurs.<\/li>\n      <li>Dans les climats tr\u00e8s humides, elle peut n\u00e9cessiter une attention suppl\u00e9mentaire pour \u00e9viter les <strong>probl\u00e8mes de moisissure<\/strong>.<\/li>\n    <\/ul>\n  <\/div>\n<\/div>\n\n<div style=\"height:50px\" aria-hidden=\"true\" class=\"wp-block-spacer uag-hide-mob\"><\/div>\n\n\n\n<h2 class=\"wp-block-heading\">Frequently Asked Questions<\/h2>\n\n<p>Vous trouverez ci-dessous les r\u00e9ponses aux questions les plus fr\u00e9quemment pos\u00e9es par les cultivateurs int\u00e9ress\u00e9s par cette vari\u00e9t\u00e9 :<\/p>\n\n<div class=\"wp-block-rank-math-faq-block\">\n  <div class=\"rank-math-faq-item\">\n    <h3 class=\"rank-math-question\">Purple Candy est-elle une indica ou une sativa ?<\/h3>\n    <div class=\"rank-math-answer\">\n      <strong>Purple Candy<\/strong> est une <strong>vari\u00e9t\u00e9 \u00e0 dominante indica<\/strong>, ce qui signifie que ses effets sont principalement physiques et relaxants, plut\u00f4t que stimulants. Les <strong>indicas<\/strong> comme Purple Candy sont id\u00e9ales pour la nuit, aidant \u00e0 lutter contre l&#8217;insomnie, le stress et l&#8217;anxi\u00e9t\u00e9, gr\u00e2ce \u00e0 leur capacit\u00e9 \u00e0 induire une relaxation profonde, souvent associ\u00e9e \u00e0 ce que l&#8217;on appelle <strong>couch-lock<\/strong>. En revanche, les <strong>sativas<\/strong> sont plus connues pour procurer une euphorie c\u00e9r\u00e9brale, \u00e9nergisante et cr\u00e9ative, parfaite pour la journ\u00e9e ou les activit\u00e9s n\u00e9cessitant de la concentration. Purple Candy combine le meilleur des deux mondes, avec une touche d&#8217;euphorie c\u00e9r\u00e9brale au d\u00e9but, qui se transforme rapidement en une relaxation corporelle compl\u00e8te.\n    <\/div>\n  <\/div>\n  \n  <div class=\"rank-math-faq-item\">\n    <h3 class=\"rank-math-question\">Quels sont les effets de Purple Candy ?<\/h3>\n    <div class=\"rank-math-answer\">\n      Les effets de <strong>Purple Candy<\/strong> commencent par une l\u00e9g\u00e8re euphorie qui am\u00e9liore l&#8217;humeur et clarifie l&#8217;esprit, mais \u00e9voluent rapidement vers une relaxation physique profonde. Cet \u00e9quilibre entre euphorie mentale et d\u00e9tente corporelle en fait une option id\u00e9ale pour ceux qui cherchent \u00e0 soulager le stress ou \u00e0 se reposer \u00e0 la fin de la journ\u00e9e. Elle est \u00e9galement connue pour stimuler l&#8217;app\u00e9tit, \u00e9tant excellente pour ceux qui ont des probl\u00e8mes alimentaires ou une perte d&#8217;app\u00e9tit.\n    <\/div>\n  <\/div>\n  \n  <div class=\"rank-math-faq-item\">\n    <h3 class=\"rank-math-question\">Combien de temps Purple Candy met-elle \u00e0 fleurir ?<\/h3>\n    <div class=\"rank-math-answer\">\n      En culture int\u00e9rieure, <strong>Purple Candy<\/strong> a un temps de floraison de <strong>7 \u00e0 8 semaines<\/strong>, ce qui en fait une option rapide et efficace pour ceux qui recherchent des r\u00e9sultats en peu de temps. En ext\u00e9rieur, elle est g\u00e9n\u00e9ralement pr\u00eate \u00e0 \u00eatre r\u00e9colt\u00e9e vers <strong>mi-octobre<\/strong>.\n    <\/div>\n  <\/div>\n\n  <div class=\"rank-math-faq-item\">\n    <h3 class=\"rank-math-question\">Quel go\u00fbt a Purple Candy ?<\/h3>\n    <div class=\"rank-math-answer\">\n      <strong>Purple Candy<\/strong> a un go\u00fbt sucr\u00e9 qui rappelle le <strong>jus de raisin<\/strong>, avec une touche de <strong>miel<\/strong> qui la rend encore plus agr\u00e9able. Chaque bouff\u00e9e est une explosion de douceur fruit\u00e9e, compl\u00e9t\u00e9e par des notes terreuses et florales subtiles, ce qui lui conf\u00e8re une complexit\u00e9 qui captive \u00e0 la fois les novices et les experts.\n    <\/div>\n  <\/div>\n\n  <div class=\"rank-math-faq-item\">\n    <h3 class=\"rank-math-question\">Quel est le taux de THC et de CBD de Purple Candy ?<\/h3>\n    <div class=\"rank-math-answer\">\n      Le taux de <strong>THC<\/strong> dans <strong>Purple Candy<\/strong> peut atteindre jusqu&#8217;\u00e0 <strong>19%<\/strong>, offrant un effet puissant mais contr\u00f4lable. Le taux de <strong>CBD<\/strong> est faible, inf\u00e9rieur \u00e0 <strong>1%<\/strong>, ses effets sont donc principalement centr\u00e9s sur le psychoactif, avec peu d&#8217;influence des propri\u00e9t\u00e9s m\u00e9dicinales du CBD.\n    <\/div>\n  <\/div>\n<\/div>\n","protected":false},"excerpt":{"rendered":"<p><b>Purple Candy<\/b> combine le meilleur des indicas avec son <b>go\u00fbt sucr\u00e9 de raisin<\/b> et ses <b>effets relaxants<\/b>, parfaits pour se d\u00e9connecter en fin de journ\u00e9e. Avec jusqu&#8217;\u00e0 <strong>19% de THC<\/strong>, elle offre un \u00e9quilibre id\u00e9al entre euphorie mentale et profonde d\u00e9tente physique, faisant de chaque bouff\u00e9e une exp\u00e9rience irr\u00e9sistible.<\/p>\n","protected":false},"featured_media":28921,"comment_status":"open","ping_status":"closed","template":"","meta":{"_acf_changed":false,"inline_featured_image":false,"_uag_custom_page_level_css":""},"product_brand":[],"product_cat":[1125],"product_tag":[],"class_list":{"0":"post-28926","1":"product","2":"type-product","3":"status-publish","4":"has-post-thumbnail","6":"product_cat-graines-feminisees-en-gros","8":"first","9":"instock","10":"taxable","11":"shipping-taxable","12":"purchasable","13":"product-type-simple"},"acf":[],"uagb_featured_image_src":{"full":["https:\/\/bulkgenetics.com\/wp-content\/uploads\/2024\/10\/purple-candy-strain-feminized-cannabis-seeds.jpg",1600,1600,false],"thumbnail":["https:\/\/bulkgenetics.com\/wp-content\/uploads\/2024\/10\/purple-candy-strain-feminized-cannabis-seeds-150x150.jpg",150,150,true],"medium":["https:\/\/bulkgenetics.com\/wp-content\/uploads\/2024\/10\/purple-candy-strain-feminized-cannabis-seeds-300x300.jpg",300,300,true],"medium_large":["https:\/\/bulkgenetics.com\/wp-content\/uploads\/2024\/10\/purple-candy-strain-feminized-cannabis-seeds-768x768.jpg",768,768,true],"large":["https:\/\/bulkgenetics.com\/wp-content\/uploads\/2024\/10\/purple-candy-strain-feminized-cannabis-seeds-1024x1024.jpg",1024,1024,true],"1536x1536":["https:\/\/bulkgenetics.com\/wp-content\/uploads\/2024\/10\/purple-candy-strain-feminized-cannabis-seeds-1536x1536.jpg",1536,1536,true],"2048x2048":["https:\/\/bulkgenetics.com\/wp-content\/uploads\/2024\/10\/purple-candy-strain-feminized-cannabis-seeds.jpg",1600,1600,false],"commercegurus-pdp-large":["https:\/\/bulkgenetics.com\/wp-content\/uploads\/2024\/10\/purple-candy-strain-feminized-cannabis-seeds-990x990.jpg",990,990,true],"commercegurus-plp-mobile":["https:\/\/bulkgenetics.com\/wp-content\/uploads\/2024\/10\/purple-candy-strain-feminized-cannabis-seeds-441x441.jpg",441,441,true],"cgkit_image_swatch":["https:\/\/bulkgenetics.com\/wp-content\/uploads\/2024\/10\/purple-candy-strain-feminized-cannabis-seeds-100x100.jpg",100,100,true],"woocommerce_thumbnail":["https:\/\/bulkgenetics.com\/wp-content\/uploads\/2024\/10\/purple-candy-strain-feminized-cannabis-seeds-300x300.jpg",300,300,true],"woocommerce_single":["https:\/\/bulkgenetics.com\/wp-content\/uploads\/2024\/10\/purple-candy-strain-feminized-cannabis-seeds-800x800.jpg",800,800,true],"woocommerce_gallery_thumbnail":["https:\/\/bulkgenetics.com\/wp-content\/uploads\/2024\/10\/purple-candy-strain-feminized-cannabis-seeds-150x150.jpg",150,150,true],"dgwt-wcas-product-suggestion":["https:\/\/bulkgenetics.com\/wp-content\/uploads\/2024\/10\/purple-candy-strain-feminized-cannabis-seeds-64x64.jpg",64,64,true]},"uagb_author_info":{"display_name":"\u00c1ngel Flores","author_link":"https:\/\/bulkgenetics.com\/fr\/author\/"},"uagb_comment_info":0,"uagb_excerpt":"Purple Candy combine le meilleur des indicas avec son go\u00fbt sucr\u00e9 de raisin et ses effets relaxants, parfaits pour se d\u00e9connecter en fin de journ\u00e9e. Avec jusqu'\u00e0 19% de THC, elle offre un \u00e9quilibre id\u00e9al entre euphorie mentale et profonde d\u00e9tente physique, faisant de chaque bouff\u00e9e une exp\u00e9rience irr\u00e9sistible.","_links":{"self":[{"href":"https:\/\/bulkgenetics.com\/fr\/wp-json\/wp\/v2\/product\/28926","targetHints":{"allow":["GET"]}}],"collection":[{"href":"https:\/\/bulkgenetics.com\/fr\/wp-json\/wp\/v2\/product"}],"about":[{"href":"https:\/\/bulkgenetics.com\/fr\/wp-json\/wp\/v2\/types\/product"}],"replies":[{"embeddable":true,"href":"https:\/\/bulkgenetics.com\/fr\/wp-json\/wp\/v2\/comments?post=28926"}],"wp:featuredmedia":[{"embeddable":true,"href":"https:\/\/bulkgenetics.com\/fr\/wp-json\/wp\/v2\/media\/28921"}],"wp:attachment":[{"href":"https:\/\/bulkgenetics.com\/fr\/wp-json\/wp\/v2\/media?parent=28926"}],"wp:term":[{"taxonomy":"product_brand","embeddable":true,"href":"https:\/\/bulkgenetics.com\/fr\/wp-json\/wp\/v2\/product_brand?post=28926"},{"taxonomy":"product_cat","embeddable":true,"href":"https:\/\/bulkgenetics.com\/fr\/wp-json\/wp\/v2\/product_cat?post=28926"},{"taxonomy":"product_tag","embeddable":true,"href":"https:\/\/bulkgenetics.com\/fr\/wp-json\/wp\/v2\/product_tag?post=28926"}],"curies":[{"name":"wp","href":"https:\/\/api.w.org\/{rel}","templated":true}]}}