{"id":32810,"date":"2025-11-10T13:16:45","date_gmt":"2025-11-10T12:16:45","guid":{"rendered":"https:\/\/bulkgenetics.com\/?post_type=product&#038;p=32810"},"modified":"2025-11-11T13:32:22","modified_gmt":"2025-11-11T12:32:22","slug":"agent-orange","status":"publish","type":"product","link":"https:\/\/bulkgenetics.com\/fr\/agent-orange\/","title":{"rendered":"Agent Orange"},"content":{"rendered":"<table>\n<tr>\n<td><b>THC :<\/b><\/td>\n<td>20%<\/td>\n<\/tr>\n<tr>\n<td><b>CBD :<\/b><\/td>\n<td>0,1%<\/td>\n<\/tr>\n<tr>\n<td><b>Lign\u00e9e :<\/b><\/td>\n<td>Orange Velvet x Jack The Ripper<\/td>\n<\/tr>\n<tr>\n<td><b>G\u00e9n\u00e9tique :<\/b><\/td>\n<td>25% Indica \/ 75% Sativa<\/td>\n<\/tr>\n<tr>\n<td><b>Effets :<\/b><\/td>\n<td>Cr\u00e9atifs, euphoriques, \u00e9nergisants<\/td>\n<\/tr>\n<tr>\n<td><b>Saveurs :<\/b><\/td>\n<td>Orange, citron, doux, \u00e9pic\u00e9<\/td>\n<\/tr>\n<tr>\n<td><b>Terp\u00e8nes :<\/b><\/td>\n<td>Myrc\u00e8ne, Terpinol\u00e8ne, Caryophyll\u00e8ne<\/td>\n<\/tr>\n<tr>\n<td><b>Rendement en int\u00e9rieur :<\/b><\/td>\n<td>500\u2013600 g\/m\u00b2<\/td>\n<\/tr>\n<tr>\n<td><b>Rendement en ext\u00e9rieur :<\/b><\/td>\n<td>500 g\/plante<\/td>\n<\/tr>\n<tr>\n<td><b>Floraison en int\u00e9rieur :<\/b><\/td>\n<td>55\u201365 jours<\/td>\n<\/tr>\n<tr>\n<td><b>Floraison en ext\u00e9rieur :<\/b><\/td>\n<td>Septembre \u2013 Octobre<\/td>\n<\/tr>\n<tr>\n<td><b>Hauteur maximale :<\/b><\/td>\n<td>Jusqu\u2019\u00e0 200 cm<\/td>\n<\/tr>\n<\/table>\n<h2>Agent Orange Strain<\/h2>\n<p>Vous cherchez une vari\u00e9t\u00e9 qui vous remonte le moral d\u00e8s la premi\u00e8re bouff\u00e9e ? <b>Agent Orange<\/b> est une sativa f\u00e9minis\u00e9e \u00e0 l\u2019\u00e2me californienne et au parfum d\u2019orange fra\u00eechement press\u00e9e. Id\u00e9ale pour ceux qui aiment cultiver et savourer du cannabis \u00e0 l\u2019esprit joyeux, ses fleurs d\u00e9gagent un parfum intense, comme une cascade d\u2019agrumes vers l\u2019\u00e2me.<\/p>\n<p>Sa g\u00e9n\u00e9tique provient du croisement entre <b>Orange Velvet<\/b> et <b>Jack The Ripper<\/b>, une combinaison qui unit douceur cr\u00e9meuse et puissance mentale. Le r\u00e9sultat : une vari\u00e9t\u00e9 facile \u00e0 cultiver qui produit des t\u00eates denses et r\u00e9sineuses, emplissant l\u2019air d\u2019un ar\u00f4me irr\u00e9sistible. Parfaite pour ceux qui veulent cultiver des <b>graines Agent Orange<\/b> et r\u00e9colter des sourires \u00e0 chaque branche.<\/p>\n<h3>Effets<\/h3>\n<p>Allumer un joint de <b>Agent Orange<\/b>, c\u2019est comme ouvrir la fen\u00eatre sur une journ\u00e9e ensoleill\u00e9e. L\u2019esprit s\u2019\u00e9claire, les pens\u00e9es coulent librement et l\u2019\u00e9nergie se propage comme une vague de lumi\u00e8re. Ce type d\u2019euphorie qui fait sourire sans raison est parfait pour les moments sociaux, les apr\u00e8s-midis cr\u00e9atifs ou simplement pour illuminer la journ\u00e9e.<\/p>\n<p>Son effet est c\u00e9r\u00e9bral et p\u00e9tillant, sans lourdeur ni somnolence. Elle garde l\u2019esprit actif, concentr\u00e9 et dans une joie communicative. Beaucoup la d\u00e9crivent comme une explosion de vitamine C pour l\u2019\u00e2me : rafra\u00eechissante, lumineuse, avec une pointe d\u2019\u00e9pice qui stimule la conversation et l\u2019inspiration. Un d\u00e9lice pour ceux qui recherchent une exp\u00e9rience vibrante et positive avec les <b>graines Agent Orange<\/b>.<\/p>\n<h2>Agent Orange FAQ<\/h2>\n<p><b>Les graines Agent Orange sont-elles Indica ou Sativa ?<\/b><br \/>C\u2019est un hybride \u00e0 dominance sativa (75 %) offrant un effet stimulant et joyeux, parfait pour la journ\u00e9e.<\/p>\n<p><b>Quels terp\u00e8nes contient cette vari\u00e9t\u00e9 ?<\/b><br \/>Le <b>myrc\u00e8ne<\/b>, le <b>terpinol\u00e8ne<\/b> et le <b>caryophyll\u00e8ne<\/b> dominent, responsables de son ar\u00f4me unique d\u2019agrumes et d\u2019\u00e9pices.<\/p>\n<p><b>Quel est le temps de floraison ?<\/b><br \/><b>Agent Orange<\/b> termine sa floraison en int\u00e9rieur en 55\u201365 jours et est pr\u00eate \u00e0 \u00eatre r\u00e9colt\u00e9e en ext\u00e9rieur entre septembre et octobre.<\/p>\n<p><b>Comment cultiver les graines Agent Orange ?<\/b><br \/>Facile \u00e0 g\u00e9rer pour ceux qui ont d\u00e9j\u00e0 un peu d\u2019exp\u00e9rience. Elle pr\u00e9f\u00e8re les temp\u00e9ratures chaudes, une bonne lumi\u00e8re et une humidit\u00e9 contr\u00f4l\u00e9e. En ext\u00e9rieur, elle peut atteindre jusqu\u2019\u00e0 2 m de hauteur et offre des r\u00e9coltes g\u00e9n\u00e9reuses de fleurs au parfum d\u2019orange douce.<\/p>\n","protected":false},"excerpt":{"rendered":"<p><b>Agent Orange<\/b> allie puissance, ar\u00f4me d\u2019agrumes et une \u00e9nergie si lumineuse qu\u2019elle transforme chaque journ\u00e9e grise en aventure. Ses notes sucr\u00e9es d\u2019orange et son effet stimulant en font une favorite des cultivateurs en qu\u00eate d\u2019\u00e9nergie, de cr\u00e9ativit\u00e9 et de bonne humeur \u00e0 chaque bouff\u00e9e.<\/p>\n","protected":false},"featured_media":32846,"comment_status":"open","ping_status":"closed","template":"","meta":{"_acf_changed":false,"inline_featured_image":false,"_uag_custom_page_level_css":""},"product_brand":[],"product_cat":[1125],"product_tag":[],"class_list":{"0":"post-32810","1":"product","2":"type-product","3":"status-publish","4":"has-post-thumbnail","6":"product_cat-graines-feminisees-en-gros","8":"first","9":"instock","10":"taxable","11":"shipping-taxable","12":"purchasable","13":"product-type-simple"},"acf":[],"uagb_featured_image_src":{"full":["https:\/\/bulkgenetics.com\/wp-content\/uploads\/2025\/11\/agent-orange-strain-feminized-seeds-bulk-genetics.jpg",1600,1600,false],"thumbnail":["https:\/\/bulkgenetics.com\/wp-content\/uploads\/2025\/11\/agent-orange-strain-feminized-seeds-bulk-genetics-150x150.jpg",150,150,true],"medium":["https:\/\/bulkgenetics.com\/wp-content\/uploads\/2025\/11\/agent-orange-strain-feminized-seeds-bulk-genetics-300x300.jpg",300,300,true],"medium_large":["https:\/\/bulkgenetics.com\/wp-content\/uploads\/2025\/11\/agent-orange-strain-feminized-seeds-bulk-genetics-768x768.jpg",768,768,true],"large":["https:\/\/bulkgenetics.com\/wp-content\/uploads\/2025\/11\/agent-orange-strain-feminized-seeds-bulk-genetics-1024x1024.jpg",1024,1024,true],"1536x1536":["https:\/\/bulkgenetics.com\/wp-content\/uploads\/2025\/11\/agent-orange-strain-feminized-seeds-bulk-genetics-1536x1536.jpg",1536,1536,true],"2048x2048":["https:\/\/bulkgenetics.com\/wp-content\/uploads\/2025\/11\/agent-orange-strain-feminized-seeds-bulk-genetics.jpg",1600,1600,false],"commercegurus-pdp-large":["https:\/\/bulkgenetics.com\/wp-content\/uploads\/2025\/11\/agent-orange-strain-feminized-seeds-bulk-genetics-990x990.jpg",990,990,true],"commercegurus-plp-mobile":["https:\/\/bulkgenetics.com\/wp-content\/uploads\/2025\/11\/agent-orange-strain-feminized-seeds-bulk-genetics-441x441.jpg",441,441,true],"cgkit_image_swatch":["https:\/\/bulkgenetics.com\/wp-content\/uploads\/2025\/11\/agent-orange-strain-feminized-seeds-bulk-genetics-100x100.jpg",100,100,true],"woocommerce_thumbnail":["https:\/\/bulkgenetics.com\/wp-content\/uploads\/2025\/11\/agent-orange-strain-feminized-seeds-bulk-genetics-300x300.jpg",300,300,true],"woocommerce_single":["https:\/\/bulkgenetics.com\/wp-content\/uploads\/2025\/11\/agent-orange-strain-feminized-seeds-bulk-genetics-800x800.jpg",800,800,true],"woocommerce_gallery_thumbnail":["https:\/\/bulkgenetics.com\/wp-content\/uploads\/2025\/11\/agent-orange-strain-feminized-seeds-bulk-genetics-150x150.jpg",150,150,true],"dgwt-wcas-product-suggestion":["https:\/\/bulkgenetics.com\/wp-content\/uploads\/2025\/11\/agent-orange-strain-feminized-seeds-bulk-genetics-64x64.jpg",64,64,true]},"uagb_author_info":{"display_name":"\u00c1ngel Flores","author_link":"https:\/\/bulkgenetics.com\/fr\/author\/"},"uagb_comment_info":0,"uagb_excerpt":"Agent Orange allie puissance, ar\u00f4me d\u2019agrumes et une \u00e9nergie si lumineuse qu\u2019elle transforme chaque journ\u00e9e grise en aventure. Ses notes sucr\u00e9es d\u2019orange et son effet stimulant en font une favorite des cultivateurs en qu\u00eate d\u2019\u00e9nergie, de cr\u00e9ativit\u00e9 et de bonne humeur \u00e0 chaque bouff\u00e9e.","_links":{"self":[{"href":"https:\/\/bulkgenetics.com\/fr\/wp-json\/wp\/v2\/product\/32810","targetHints":{"allow":["GET"]}}],"collection":[{"href":"https:\/\/bulkgenetics.com\/fr\/wp-json\/wp\/v2\/product"}],"about":[{"href":"https:\/\/bulkgenetics.com\/fr\/wp-json\/wp\/v2\/types\/product"}],"replies":[{"embeddable":true,"href":"https:\/\/bulkgenetics.com\/fr\/wp-json\/wp\/v2\/comments?post=32810"}],"wp:featuredmedia":[{"embeddable":true,"href":"https:\/\/bulkgenetics.com\/fr\/wp-json\/wp\/v2\/media\/32846"}],"wp:attachment":[{"href":"https:\/\/bulkgenetics.com\/fr\/wp-json\/wp\/v2\/media?parent=32810"}],"wp:term":[{"taxonomy":"product_brand","embeddable":true,"href":"https:\/\/bulkgenetics.com\/fr\/wp-json\/wp\/v2\/product_brand?post=32810"},{"taxonomy":"product_cat","embeddable":true,"href":"https:\/\/bulkgenetics.com\/fr\/wp-json\/wp\/v2\/product_cat?post=32810"},{"taxonomy":"product_tag","embeddable":true,"href":"https:\/\/bulkgenetics.com\/fr\/wp-json\/wp\/v2\/product_tag?post=32810"}],"curies":[{"name":"wp","href":"https:\/\/api.w.org\/{rel}","templated":true}]}}