{"id":32817,"date":"2025-11-10T13:17:15","date_gmt":"2025-11-10T12:17:15","guid":{"rendered":"https:\/\/bulkgenetics.com\/?post_type=product&#038;p=32817"},"modified":"2025-11-11T14:20:39","modified_gmt":"2025-11-11T13:20:39","slug":"grape-ape","status":"publish","type":"product","link":"https:\/\/bulkgenetics.com\/fr\/grape-ape\/","title":{"rendered":"Grape Ape"},"content":{"rendered":"<table>\n<tr>\n<td><b>THC :<\/b><\/td>\n<td>20%<\/td>\n<\/tr>\n<tr>\n<td><b>CBD :<\/b><\/td>\n<td>Faible<\/td>\n<\/tr>\n<tr>\n<td><b>Lign\u00e9e :<\/b><\/td>\n<td>Afghani x <a href=\"https:\/\/bulkgenetics.com\/fr\/?attachment_id=11853\">Mendocino Purps<\/a> x <a href=\"https:\/\/bulkgenetics.com\/fr\/skunk-1\/\">Skunk #1<\/a><\/td>\n<\/tr>\n<tr>\n<td><b>G\u00e9n\u00e9tique :<\/b><\/td>\n<td>Indica 90% \/ Sativa 10%<\/td>\n<\/tr>\n<tr>\n<td><b>Effets :<\/b><\/td>\n<td>Apaisants, Relaxants, Soporifiques<\/td>\n<\/tr>\n<tr>\n<td><b>Saveurs :<\/b><\/td>\n<td>Raisin, Fruit sucr\u00e9, Pin, Poivre<\/td>\n<\/tr>\n<tr>\n<td><b>Terp\u00e8nes :<\/b><\/td>\n<td>Myrc\u00e8ne, Pin\u00e8ne, Caryophyll\u00e8ne<\/td>\n<\/tr>\n<tr>\n<td><b>Rendement en int\u00e9rieur :<\/b><\/td>\n<td>450\u2013500 g\/m\u00b2<\/td>\n<\/tr>\n<tr>\n<td><b>Rendement en ext\u00e9rieur :<\/b><\/td>\n<td>500\u2013600 g\/plante<\/td>\n<\/tr>\n<tr>\n<td><b>Floraison en int\u00e9rieur :<\/b><\/td>\n<td>7\u20139 semaines<\/td>\n<\/tr>\n<tr>\n<td><b>Floraison en ext\u00e9rieur :<\/b><\/td>\n<td>Fin septembre<\/td>\n<\/tr>\n<tr>\n<td><b>Hauteur maximale :<\/b><\/td>\n<td>190 cm<\/td>\n<\/tr>\n<\/table>\n<h2>Grape Ape Strain<\/h2>\n<p>Si tu recherches une vari\u00e9t\u00e9 capable de te faire sourire rien qu\u2019\u00e0 son parfum, <b>Grape Ape<\/b> est faite pour toi. Son ar\u00f4me \u00e9voque une grappe de raisins m\u00fbrs fra\u00eechement cueillis, avec des notes sucr\u00e9es et terreuses qui t\u2019enveloppent instantan\u00e9ment. Chaque bouff\u00e9e est un voyage sensoriel qui commence sur le palais et se termine dans l\u2019\u00e2me.<\/p>\n<p>Cette vari\u00e9t\u00e9 f\u00e9minis\u00e9e se distingue par sa structure compacte, id\u00e9ale pour les cultivateurs discrets ou les espaces restreints. Elle produit des t\u00eates denses, couvertes de trichomes et teint\u00e9es de magnifiques nuances violettes. Sa g\u00e9n\u00e9tique Afghani, Mendocino Purps et Skunk #1 garantit puissance, saveur et stabilit\u00e9. Pr\u00eat \u00e0 remplir ton jardin de couleur et ton esprit de s\u00e9r\u00e9nit\u00e9 ?<\/p>\n<h3>Effets<\/h3>\n<p>Allumer <b>Grape Ape<\/b>, c\u2019est comme plonger dans un bain ti\u00e8de de calme. D\u2019abord, tu sens la tension quitter tes \u00e9paules, puis ton esprit s\u2019apaise doucement jusqu\u2019\u00e0 flotter dans un nuage sucr\u00e9 et r\u00e9confortant. Son effet est profond\u00e9ment physique, parfait pour terminer la journ\u00e9e et laisser le monde s\u2019\u00e9vanouir autour de toi. De nombreux cultivateurs disent que c\u2019est comme envelopper le corps dans une \u00e9treinte de raisin m\u00fbr et de tranquillit\u00e9.<\/p>\n<p>Gr\u00e2ce \u00e0 sa dominance indica, les <b>Grape Ape seeds<\/b> sont id\u00e9ales pour ceux qui recherchent la d\u00e9tente, le soulagement musculaire ou une aide au sommeil. Son effet ne submerge pas, mais s\u00e9duit, t\u2019invitant \u00e0 ralentir et \u00e0 savourer l\u2019instant pr\u00e9sent.<\/p>\n<h2>Grape Ape FAQ<\/h2>\n<p><b>Les Grape Ape seeds sont-elles Indica ou Sativa ?<\/b><br \/>\n<b>Grape Ape<\/b> est une vari\u00e9t\u00e9 principalement indica (90 %), avec une l\u00e9g\u00e8re touche de sativa (10 %) qui apporte une petite \u00e9tincelle mentale avant la relaxation totale.<\/p>\n<p><b>Quels terp\u00e8nes cette vari\u00e9t\u00e9 contient-elle ?<\/b><br \/>\nElle contient du <b>myrc\u00e8ne<\/b>, qui apporte des notes sucr\u00e9es et fruit\u00e9es ; du <b>pin\u00e8ne<\/b>, responsable de la fra\u00eecheur herbac\u00e9e ; et du <b>caryophyll\u00e8ne<\/b>, qui ajoute une touche \u00e9pic\u00e9e et apaisante.<\/p>\n<p><b>Quelle est sa p\u00e9riode de floraison ?<\/b><br \/>\nEn int\u00e9rieur, sa floraison se termine en environ <b>7 \u00e0 9 semaines<\/b>, tandis qu\u2019en ext\u00e9rieur, elle est pr\u00eate \u00e0 \u00eatre r\u00e9colt\u00e9e fin septembre.<\/p>\n<p><b>Comment cultiver les Grape Ape seeds ?<\/b><br \/>\nC\u2019est une plante facile \u00e0 g\u00e9rer, r\u00e9sistante aux parasites et parfaite pour les cultivateurs de tous niveaux. En int\u00e9rieur, elle conserve une hauteur moyenne (jusqu\u2019\u00e0 100 cm) et, dans de bonnes conditions de lumi\u00e8re et de temp\u00e9rature, elle offre des t\u00eates denses, r\u00e9sineuses et au parfum irr\u00e9sistible.<\/p>\n","protected":false},"excerpt":{"rendered":"<p><b>Grape Ape<\/b> est un joyau indica alliant un go\u00fbt de raisin irr\u00e9sistible \u00e0 un effet profond\u00e9ment relaxant. Parfaite pour \u00e9vacuer le stress et se laisser aller \u00e0 une douce s\u00e9r\u00e9nit\u00e9. La cultiver est aussi gratifiant que la d\u00e9guster : compacte, productive et riche en nuances violettes.<\/p>\n","protected":false},"featured_media":32852,"comment_status":"open","ping_status":"closed","template":"","meta":{"_acf_changed":false,"inline_featured_image":false,"_uag_custom_page_level_css":""},"product_brand":[],"product_cat":[1125],"product_tag":[],"class_list":{"0":"post-32817","1":"product","2":"type-product","3":"status-publish","4":"has-post-thumbnail","6":"product_cat-graines-feminisees-en-gros","8":"first","9":"instock","10":"taxable","11":"shipping-taxable","12":"purchasable","13":"product-type-simple"},"acf":[],"uagb_featured_image_src":{"full":["https:\/\/bulkgenetics.com\/wp-content\/uploads\/2025\/11\/grape-ape-strain-feminized-seeds-bulk-genetics.jpg",1600,1600,false],"thumbnail":["https:\/\/bulkgenetics.com\/wp-content\/uploads\/2025\/11\/grape-ape-strain-feminized-seeds-bulk-genetics-150x150.jpg",150,150,true],"medium":["https:\/\/bulkgenetics.com\/wp-content\/uploads\/2025\/11\/grape-ape-strain-feminized-seeds-bulk-genetics-300x300.jpg",300,300,true],"medium_large":["https:\/\/bulkgenetics.com\/wp-content\/uploads\/2025\/11\/grape-ape-strain-feminized-seeds-bulk-genetics-768x768.jpg",768,768,true],"large":["https:\/\/bulkgenetics.com\/wp-content\/uploads\/2025\/11\/grape-ape-strain-feminized-seeds-bulk-genetics-1024x1024.jpg",1024,1024,true],"1536x1536":["https:\/\/bulkgenetics.com\/wp-content\/uploads\/2025\/11\/grape-ape-strain-feminized-seeds-bulk-genetics-1536x1536.jpg",1536,1536,true],"2048x2048":["https:\/\/bulkgenetics.com\/wp-content\/uploads\/2025\/11\/grape-ape-strain-feminized-seeds-bulk-genetics.jpg",1600,1600,false],"commercegurus-pdp-large":["https:\/\/bulkgenetics.com\/wp-content\/uploads\/2025\/11\/grape-ape-strain-feminized-seeds-bulk-genetics-990x990.jpg",990,990,true],"commercegurus-plp-mobile":["https:\/\/bulkgenetics.com\/wp-content\/uploads\/2025\/11\/grape-ape-strain-feminized-seeds-bulk-genetics-441x441.jpg",441,441,true],"cgkit_image_swatch":["https:\/\/bulkgenetics.com\/wp-content\/uploads\/2025\/11\/grape-ape-strain-feminized-seeds-bulk-genetics-100x100.jpg",100,100,true],"woocommerce_thumbnail":["https:\/\/bulkgenetics.com\/wp-content\/uploads\/2025\/11\/grape-ape-strain-feminized-seeds-bulk-genetics-300x300.jpg",300,300,true],"woocommerce_single":["https:\/\/bulkgenetics.com\/wp-content\/uploads\/2025\/11\/grape-ape-strain-feminized-seeds-bulk-genetics-800x800.jpg",800,800,true],"woocommerce_gallery_thumbnail":["https:\/\/bulkgenetics.com\/wp-content\/uploads\/2025\/11\/grape-ape-strain-feminized-seeds-bulk-genetics-150x150.jpg",150,150,true],"dgwt-wcas-product-suggestion":["https:\/\/bulkgenetics.com\/wp-content\/uploads\/2025\/11\/grape-ape-strain-feminized-seeds-bulk-genetics-64x64.jpg",64,64,true]},"uagb_author_info":{"display_name":"\u00c1ngel Flores","author_link":"https:\/\/bulkgenetics.com\/fr\/author\/"},"uagb_comment_info":0,"uagb_excerpt":"Grape Ape est un joyau indica alliant un go\u00fbt de raisin irr\u00e9sistible \u00e0 un effet profond\u00e9ment relaxant. Parfaite pour \u00e9vacuer le stress et se laisser aller \u00e0 une douce s\u00e9r\u00e9nit\u00e9. La cultiver est aussi gratifiant que la d\u00e9guster : compacte, productive et riche en nuances violettes.","_links":{"self":[{"href":"https:\/\/bulkgenetics.com\/fr\/wp-json\/wp\/v2\/product\/32817","targetHints":{"allow":["GET"]}}],"collection":[{"href":"https:\/\/bulkgenetics.com\/fr\/wp-json\/wp\/v2\/product"}],"about":[{"href":"https:\/\/bulkgenetics.com\/fr\/wp-json\/wp\/v2\/types\/product"}],"replies":[{"embeddable":true,"href":"https:\/\/bulkgenetics.com\/fr\/wp-json\/wp\/v2\/comments?post=32817"}],"wp:featuredmedia":[{"embeddable":true,"href":"https:\/\/bulkgenetics.com\/fr\/wp-json\/wp\/v2\/media\/32852"}],"wp:attachment":[{"href":"https:\/\/bulkgenetics.com\/fr\/wp-json\/wp\/v2\/media?parent=32817"}],"wp:term":[{"taxonomy":"product_brand","embeddable":true,"href":"https:\/\/bulkgenetics.com\/fr\/wp-json\/wp\/v2\/product_brand?post=32817"},{"taxonomy":"product_cat","embeddable":true,"href":"https:\/\/bulkgenetics.com\/fr\/wp-json\/wp\/v2\/product_cat?post=32817"},{"taxonomy":"product_tag","embeddable":true,"href":"https:\/\/bulkgenetics.com\/fr\/wp-json\/wp\/v2\/product_tag?post=32817"}],"curies":[{"name":"wp","href":"https:\/\/api.w.org\/{rel}","templated":true}]}}