{"id":34141,"date":"2026-01-27T12:06:27","date_gmt":"2026-01-27T11:06:27","guid":{"rendered":"https:\/\/bulkgenetics.com\/?post_type=product&#038;p=34141"},"modified":"2026-01-27T12:44:38","modified_gmt":"2026-01-27T11:44:38","slug":"chemistry-set-s1","status":"publish","type":"product","link":"https:\/\/bulkgenetics.com\/fr\/chemistry-set-s1\/","title":{"rendered":"Chemistry Set S1"},"content":{"rendered":"<h2>Caract\u00e9ristiques de Chemistry Set S1<\/h2>\n<table>\n<tr>\n<td><b>THC<\/b><\/td>\n<td>25&nbsp;%<\/td>\n<\/tr>\n<tr>\n<td><b>CBD<\/b><\/td>\n<td>Faible<\/td>\n<\/tr>\n<tr>\n<td><b>Lign\u00e9e<\/b><\/td>\n<td>Chem 4DD x Tagalongz<\/td>\n<\/tr>\n<tr>\n<td><b>G\u00e9n\u00e9tique<\/b><\/td>\n<td>Hybride indica\/sativa<\/td>\n<\/tr>\n<tr>\n<td><b>Effets<\/b><\/td>\n<td>Relaxant, joyeux, euphorique, stimulant<\/td>\n<\/tr>\n<tr>\n<td><b>Saveurs<\/b><\/td>\n<td>Agrumes, chimique, fromage<\/td>\n<\/tr>\n<tr>\n<td><b>Terp\u00e8nes<\/b><\/td>\n<td>Agrumes et fuel<\/td>\n<\/tr>\n<tr>\n<td><b>Production indoor<\/b><\/td>\n<td>700 g\/m\u00b2<\/td>\n<\/tr>\n<tr>\n<td><b>Production outdoor<\/b><\/td>\n<td>1250 g\/plante<\/td>\n<\/tr>\n<tr>\n<td><b>Floraison indoor<\/b><\/td>\n<td>8\u20139 semaines<\/td>\n<\/tr>\n<tr>\n<td><b>Floraison outdoor<\/b><\/td>\n<td>Fin septembre \u00e0 d\u00e9but octobre<\/td>\n<\/tr>\n<tr>\n<td><b>Hauteur maximale<\/b><\/td>\n<td>Jusqu\u2019\u00e0 180 cm<\/td>\n<\/tr>\n<\/table>\n<h2>Vari\u00e9t\u00e9 Chemistry Set S1<\/h2>\n<p>Cultiver des <b>graines Chemistry Set S1<\/b>, c\u2019est comme entrer dans un laboratoire o\u00f9 tout fonctionne \u00e0 la perfection. D\u00e8s les premi\u00e8res phases de croissance, on remarque une structure solide, ordonn\u00e9e et tr\u00e8s reconnaissante. \u00c0 la floraison, l\u2019ar\u00f4me envahit l\u2019espace&nbsp;: une attaque chimique marqu\u00e9e, accompagn\u00e9e de notes d\u2019agrumes et de fromage, qui cr\u00e9e imm\u00e9diatement de l\u2019attente. Ce moment o\u00f9 l\u2019on sait que l\u2019on a fait le bon choix&nbsp;? Ici, il est permanent.<\/p>\n<p>Cette g\u00e9n\u00e9tique combine le meilleur de l\u2019univers chem avec la stabilit\u00e9 et la robustesse de Tagalongz. Le r\u00e9sultat&nbsp;: des <b>graines de cannabis f\u00e9minis\u00e9es<\/b> fiables, productives et faciles \u00e0 cultiver, aussi bien en int\u00e9rieur qu\u2019en ext\u00e9rieur. Si vous recherchez de gros rendements, une saveur intense et un effet puissant sans complications, vous devriez <b>acheter ces graines de marijuana d\u00e8s maintenant<\/b>.<\/p>\n<h3>Effets<\/h3>\n<p>L\u2019effet de <b>Chemistry Set S1<\/b> arrive comme une vague douce et ma\u00eetris\u00e9e. D\u2019abord, un sourire spontan\u00e9. Puis le corps se d\u00e9tend, comme si le stress baissait d\u2019un cran. L\u2019esprit devient l\u00e9ger, euphorique, tout en restant clair et fonctionnel. Id\u00e9al pour se d\u00e9connecter, partager un bon moment ou simplement profiter de l\u2019instant avec une humeur positive.<\/p>\n<p>Gr\u00e2ce \u00e0 son \u00e9quilibre indica\/sativa, cette vari\u00e9t\u00e9 est parfaite pour celles et ceux qui souhaitent se relaxer sans perdre en \u00e9nergie ni en lucidit\u00e9. Un choix \u00e9vident si vous appr\u00e9ciez le bien-\u00eatre, la bonne humeur et une sensation propre et durable.<\/p>\n<h2>FAQ Chemistry Set S1<\/h2>\n<h3>Chemistry Set S1 est-elle indica ou sativa&nbsp;?<\/h3>\n<p>Il s\u2019agit d\u2019un hybride \u00e9quilibr\u00e9 indica\/sativa, offrant \u00e0 la fois une relaxation corporelle et un \u00e9tat d\u2019esprit positif et actif.<\/p>\n<h3>Quels sont les terp\u00e8nes de cette vari\u00e9t\u00e9&nbsp;?<\/h3>\n<p>On retrouve principalement des terp\u00e8nes au profil chimique et citronn\u00e9, avec une base cr\u00e9meuse rappelant le fromage, qui renforce l\u2019intensit\u00e9 aromatique.<\/p>\n<h3>Quelle est la dur\u00e9e de floraison&nbsp;?<\/h3>\n<p>En culture indoor, la floraison est compl\u00e8te en 8 \u00e0 9 semaines. En ext\u00e9rieur, la r\u00e9colte a lieu entre la fin septembre et le d\u00e9but octobre.<\/p>\n<h3>Comment cultiver les graines Chemistry Set S1&nbsp;?<\/h3>\n<p>C\u2019est une vari\u00e9t\u00e9 stable et reconnaissante, qui r\u00e9agit tr\u00e8s bien en int\u00e9rieur comme en ext\u00e9rieur. Elle convient parfaitement aux cultivateurs recherchant de hauts rendements et une excellente qualit\u00e9 sans difficult\u00e9s particuli\u00e8res.<\/p>\n","protected":false},"excerpt":{"rendered":"<p><b>Chemistry Set S1<\/b>, c\u2019est toute l\u2019attitude chem r\u00e9unie dans des graines f\u00e9minis\u00e9es. Un ar\u00f4me puissant, une structure compacte et un effet parfaitement \u00e9quilibr\u00e9 entre le corps et l\u2019esprit. Vous recherchez une exp\u00e9rience \u00e0 la fois intense, relaxante et joyeuse&nbsp;? Ces <b>graines<\/b> sont faites pour les cultivateurs en qu\u00eate de quelque chose de vraiment sp\u00e9cial.<\/p>\n","protected":false},"featured_media":34149,"comment_status":"open","ping_status":"closed","template":"","meta":{"_acf_changed":false,"inline_featured_image":false,"_uag_custom_page_level_css":""},"product_brand":[],"product_cat":[1125,4112],"product_tag":[],"class_list":{"0":"post-34141","1":"product","2":"type-product","3":"status-publish","4":"has-post-thumbnail","6":"product_cat-graines-feminisees-en-gros","7":"product_cat-graines-de-cannabis-a-1-euro","9":"first","10":"instock","11":"sale","12":"taxable","13":"shipping-taxable","14":"purchasable","15":"product-type-simple"},"acf":[],"uagb_featured_image_src":{"full":["https:\/\/bulkgenetics.com\/wp-content\/uploads\/2026\/01\/chemistry-set-s1-feminized-cannabis-seeds-bulk-genetics.jpg",1600,1600,false],"thumbnail":["https:\/\/bulkgenetics.com\/wp-content\/uploads\/2026\/01\/chemistry-set-s1-feminized-cannabis-seeds-bulk-genetics-150x150.jpg",150,150,true],"medium":["https:\/\/bulkgenetics.com\/wp-content\/uploads\/2026\/01\/chemistry-set-s1-feminized-cannabis-seeds-bulk-genetics-300x300.jpg",300,300,true],"medium_large":["https:\/\/bulkgenetics.com\/wp-content\/uploads\/2026\/01\/chemistry-set-s1-feminized-cannabis-seeds-bulk-genetics-768x768.jpg",768,768,true],"large":["https:\/\/bulkgenetics.com\/wp-content\/uploads\/2026\/01\/chemistry-set-s1-feminized-cannabis-seeds-bulk-genetics-1024x1024.jpg",1024,1024,true],"1536x1536":["https:\/\/bulkgenetics.com\/wp-content\/uploads\/2026\/01\/chemistry-set-s1-feminized-cannabis-seeds-bulk-genetics-1536x1536.jpg",1536,1536,true],"2048x2048":["https:\/\/bulkgenetics.com\/wp-content\/uploads\/2026\/01\/chemistry-set-s1-feminized-cannabis-seeds-bulk-genetics.jpg",1600,1600,false],"commercegurus-pdp-large":["https:\/\/bulkgenetics.com\/wp-content\/uploads\/2026\/01\/chemistry-set-s1-feminized-cannabis-seeds-bulk-genetics-990x990.jpg",990,990,true],"commercegurus-plp-mobile":["https:\/\/bulkgenetics.com\/wp-content\/uploads\/2026\/01\/chemistry-set-s1-feminized-cannabis-seeds-bulk-genetics-441x441.jpg",441,441,true],"cgkit_image_swatch":["https:\/\/bulkgenetics.com\/wp-content\/uploads\/2026\/01\/chemistry-set-s1-feminized-cannabis-seeds-bulk-genetics-100x100.jpg",100,100,true],"woocommerce_thumbnail":["https:\/\/bulkgenetics.com\/wp-content\/uploads\/2026\/01\/chemistry-set-s1-feminized-cannabis-seeds-bulk-genetics-300x300.jpg",300,300,true],"woocommerce_single":["https:\/\/bulkgenetics.com\/wp-content\/uploads\/2026\/01\/chemistry-set-s1-feminized-cannabis-seeds-bulk-genetics-800x800.jpg",800,800,true],"woocommerce_gallery_thumbnail":["https:\/\/bulkgenetics.com\/wp-content\/uploads\/2026\/01\/chemistry-set-s1-feminized-cannabis-seeds-bulk-genetics-150x150.jpg",150,150,true],"dgwt-wcas-product-suggestion":["https:\/\/bulkgenetics.com\/wp-content\/uploads\/2026\/01\/chemistry-set-s1-feminized-cannabis-seeds-bulk-genetics-64x64.jpg",64,64,true]},"uagb_author_info":{"display_name":"\u00c1ngel Flores","author_link":"https:\/\/bulkgenetics.com\/fr\/author\/"},"uagb_comment_info":0,"uagb_excerpt":"Chemistry Set S1, c\u2019est toute l\u2019attitude chem r\u00e9unie dans des graines f\u00e9minis\u00e9es. Un ar\u00f4me puissant, une structure compacte et un effet parfaitement \u00e9quilibr\u00e9 entre le corps et l\u2019esprit. Vous recherchez une exp\u00e9rience \u00e0 la fois intense, relaxante et joyeuse&nbsp;? Ces graines sont faites pour les cultivateurs en qu\u00eate de quelque chose de vraiment sp\u00e9cial.","_links":{"self":[{"href":"https:\/\/bulkgenetics.com\/fr\/wp-json\/wp\/v2\/product\/34141","targetHints":{"allow":["GET"]}}],"collection":[{"href":"https:\/\/bulkgenetics.com\/fr\/wp-json\/wp\/v2\/product"}],"about":[{"href":"https:\/\/bulkgenetics.com\/fr\/wp-json\/wp\/v2\/types\/product"}],"replies":[{"embeddable":true,"href":"https:\/\/bulkgenetics.com\/fr\/wp-json\/wp\/v2\/comments?post=34141"}],"wp:featuredmedia":[{"embeddable":true,"href":"https:\/\/bulkgenetics.com\/fr\/wp-json\/wp\/v2\/media\/34149"}],"wp:attachment":[{"href":"https:\/\/bulkgenetics.com\/fr\/wp-json\/wp\/v2\/media?parent=34141"}],"wp:term":[{"taxonomy":"product_brand","embeddable":true,"href":"https:\/\/bulkgenetics.com\/fr\/wp-json\/wp\/v2\/product_brand?post=34141"},{"taxonomy":"product_cat","embeddable":true,"href":"https:\/\/bulkgenetics.com\/fr\/wp-json\/wp\/v2\/product_cat?post=34141"},{"taxonomy":"product_tag","embeddable":true,"href":"https:\/\/bulkgenetics.com\/fr\/wp-json\/wp\/v2\/product_tag?post=34141"}],"curies":[{"name":"wp","href":"https:\/\/api.w.org\/{rel}","templated":true}]}}