{"id":34168,"date":"2026-01-29T09:22:24","date_gmt":"2026-01-29T08:22:24","guid":{"rendered":"https:\/\/bulkgenetics.com\/?post_type=product&#038;p=34168"},"modified":"2026-01-29T10:27:21","modified_gmt":"2026-01-29T09:27:21","slug":"matanuska-tundra","status":"publish","type":"product","link":"https:\/\/bulkgenetics.com\/fr\/matanuska-tundra\/","title":{"rendered":"Matanuska Tundra"},"content":{"rendered":"<h2>Caract\u00e9ristiques de Matanuska Tundra<\/h2>\n<table>\n<tr>\n<p><b>THC :<\/b> 23%<\/p>\n<\/tr>\n<tr>\n<p><b>CBD :<\/b> Faible<\/p>\n<\/tr>\n<tr>\n<p><b>Lign\u00e9e :<\/b> Alaskan Northland x Matanuska Valley<\/p>\n<\/tr>\n<tr>\n<p><b>G\u00e9n\u00e9tique :<\/b> 100 % Indica<\/p>\n<\/tr>\n<tr>\n<p><b>Effets :<\/b> Relaxant, s\u00e9datif, corporel<\/p>\n<\/tr>\n<tr>\n<p><b>Saveurs :<\/b> Chocolat doux, terreux<\/p>\n<\/tr>\n<tr>\n<p><b>Terp\u00e8nes :<\/b> Doux, terreux, chocolat\u00e9s<\/p>\n<\/tr>\n<tr>\n<p><b>Production en int\u00e9rieur :<\/b> 375\u2013550 g\/m\u00b2<\/p>\n<\/tr>\n<tr>\n<p><b>Production en ext\u00e9rieur :<\/b> jusqu\u2019\u00e0 800 g\/plante<\/p>\n<\/tr>\n<tr>\n<p><b>Floraison en int\u00e9rieur :<\/b> 9\u201310 semaines<\/p>\n<\/tr>\n<tr>\n<p><b>Floraison en ext\u00e9rieur :<\/b> D\u00e9but \u00e0 mi-octobre<\/p>\n<\/tr>\n<tr>\n<p><b>Hauteur maximale :<\/b> 160 cm<\/p>\n<\/tr>\n<\/table>\n<h2>Vari\u00e9t\u00e9 Matanuska Tundra<\/h2>\n<p>Cultiver les <b>graines Matanuska Tundra<\/b>, c\u2019est comme planter une promesse dans une terre froide et la voir exploser sous forme de t\u00eates massives. Cette indica pure, n\u00e9e dans les terres rudes de l\u2019Alaska, associe une vigueur exceptionnelle \u00e0 une productivit\u00e9 impressionnante d\u00e8s la premi\u00e8re culture.<\/p>\n<p>\u00c0 la fin du cycle, la r\u00e9compense est \u00e0 la hauteur. Des fleurs compactes et lourdes, couvertes de r\u00e9sine, avec ce parfum de <b>chocolat doux<\/b> qui reste grav\u00e9 dans la m\u00e9moire. De nombreux cultivateurs s\u2019en souviennent avec nostalgie. Aujourd\u2019hui, vous pouvez revivre cette exp\u00e9rience en version f\u00e9minis\u00e9e, sans complications.<\/p>\n<p>Ces graines de cannabis f\u00e9minis\u00e9es se distinguent par leur grande r\u00e9sistance, mais elles demandent aussi du respect. Lorsque tous les param\u00e8tres sont r\u00e9unis, la satisfaction est totale. Imaginez r\u00e9colter des plantes dignes d\u2019un autre climat, mais enti\u00e8rement couvertes de cristaux.<\/p>\n<h3>Effets<\/h3>\n<p>L\u2019effet de <b>Matanuska Tundra<\/b> s\u2019abat comme une couverture \u00e9paisse lors d\u2019une nuit glaciale. Il d\u00e9tend d\u2019abord les muscles, ralentit ensuite l\u2019esprit, puis vous plonge dans un \u00e9tat profond de calme. Id\u00e9ale pour d\u00e9crocher, rel\u00e2cher les tensions et savourer chaque bouff\u00e9e avec un sourire lent et sinc\u00e8re.<\/p>\n<h2>FAQ Matanuska Tundra<\/h2>\n<p><b>Matanuska Tundra est-elle Indica ou Sativa ?<\/b><br \/>\nIl s\u2019agit d\u2019une vari\u00e9t\u00e9 <b>100 % indica<\/b>, con\u00e7ue pour celles et ceux qui recherchent une puissance physique marqu\u00e9e et une relaxation totale.<\/p>\n<p><b>Quels terp\u00e8nes retrouve-t-on dans cette vari\u00e9t\u00e9 ?<\/b><br \/>\nLes terp\u00e8nes doux et terreux dominent, avec un ar\u00f4me prononc\u00e9 de <b>chocolat<\/b> qui la rend imm\u00e9diatement reconnaissable.<\/p>\n<p><b>Quelle est la dur\u00e9e de floraison ?<\/b><br \/>\nEn culture int\u00e9rieure, elle n\u00e9cessite <b>9 \u00e0 10 semaines<\/b>. En ext\u00e9rieur, la r\u00e9colte a lieu entre le d\u00e9but et la mi-octobre.<\/p>\n<p><b>Comment cultiver les graines Matanuska Tundra ?<\/b><br \/>\nCe sont des graines de marijuana robustes, mais produisant des t\u00eates tr\u00e8s volumineuses. Elles sont recommand\u00e9es aux cultivateurs exp\u00e9riment\u00e9s souhaitant maximiser le rendement en int\u00e9rieur comme en ext\u00e9rieur.<\/p>\n","protected":false},"excerpt":{"rendered":"<p><b>Matanuska Tundra<\/b> est une l\u00e9gende indica en version f\u00e9minis\u00e9e. <strong>Productive, r\u00e9sistante et dot\u00e9e d\u2019une saveur de chocolat doux irr\u00e9sistible<\/strong>. Si vous recherchez des graines de cannabis puissantes, fiables, aux saveurs intenses et aux r\u00e9coltes g\u00e9n\u00e9reuses, les <b>graines Matanuska Tundra sont faites pour vous<\/b>.<\/p>\n","protected":false},"featured_media":34176,"comment_status":"open","ping_status":"closed","template":"","meta":{"_acf_changed":false,"inline_featured_image":false,"_uag_custom_page_level_css":""},"product_brand":[],"product_cat":[1125,4112],"product_tag":[],"class_list":{"0":"post-34168","1":"product","2":"type-product","3":"status-publish","4":"has-post-thumbnail","6":"product_cat-graines-feminisees-en-gros","7":"product_cat-graines-de-cannabis-a-1-euro","9":"first","10":"instock","11":"sale","12":"taxable","13":"shipping-taxable","14":"purchasable","15":"product-type-simple"},"acf":[],"uagb_featured_image_src":{"full":["https:\/\/bulkgenetics.com\/wp-content\/uploads\/2026\/01\/matanuska-tundra-feminized-cannabis-seeds-bulk-genetics.jpg",1600,1600,false],"thumbnail":["https:\/\/bulkgenetics.com\/wp-content\/uploads\/2026\/01\/matanuska-tundra-feminized-cannabis-seeds-bulk-genetics-150x150.jpg",150,150,true],"medium":["https:\/\/bulkgenetics.com\/wp-content\/uploads\/2026\/01\/matanuska-tundra-feminized-cannabis-seeds-bulk-genetics-300x300.jpg",300,300,true],"medium_large":["https:\/\/bulkgenetics.com\/wp-content\/uploads\/2026\/01\/matanuska-tundra-feminized-cannabis-seeds-bulk-genetics-768x768.jpg",768,768,true],"large":["https:\/\/bulkgenetics.com\/wp-content\/uploads\/2026\/01\/matanuska-tundra-feminized-cannabis-seeds-bulk-genetics-1024x1024.jpg",1024,1024,true],"1536x1536":["https:\/\/bulkgenetics.com\/wp-content\/uploads\/2026\/01\/matanuska-tundra-feminized-cannabis-seeds-bulk-genetics-1536x1536.jpg",1536,1536,true],"2048x2048":["https:\/\/bulkgenetics.com\/wp-content\/uploads\/2026\/01\/matanuska-tundra-feminized-cannabis-seeds-bulk-genetics.jpg",1600,1600,false],"commercegurus-pdp-large":["https:\/\/bulkgenetics.com\/wp-content\/uploads\/2026\/01\/matanuska-tundra-feminized-cannabis-seeds-bulk-genetics-990x990.jpg",990,990,true],"commercegurus-plp-mobile":["https:\/\/bulkgenetics.com\/wp-content\/uploads\/2026\/01\/matanuska-tundra-feminized-cannabis-seeds-bulk-genetics-441x441.jpg",441,441,true],"cgkit_image_swatch":["https:\/\/bulkgenetics.com\/wp-content\/uploads\/2026\/01\/matanuska-tundra-feminized-cannabis-seeds-bulk-genetics-100x100.jpg",100,100,true],"woocommerce_thumbnail":["https:\/\/bulkgenetics.com\/wp-content\/uploads\/2026\/01\/matanuska-tundra-feminized-cannabis-seeds-bulk-genetics-300x300.jpg",300,300,true],"woocommerce_single":["https:\/\/bulkgenetics.com\/wp-content\/uploads\/2026\/01\/matanuska-tundra-feminized-cannabis-seeds-bulk-genetics-800x800.jpg",800,800,true],"woocommerce_gallery_thumbnail":["https:\/\/bulkgenetics.com\/wp-content\/uploads\/2026\/01\/matanuska-tundra-feminized-cannabis-seeds-bulk-genetics-150x150.jpg",150,150,true],"dgwt-wcas-product-suggestion":["https:\/\/bulkgenetics.com\/wp-content\/uploads\/2026\/01\/matanuska-tundra-feminized-cannabis-seeds-bulk-genetics-64x64.jpg",64,64,true]},"uagb_author_info":{"display_name":"\u00c1ngel Flores","author_link":"https:\/\/bulkgenetics.com\/fr\/author\/"},"uagb_comment_info":0,"uagb_excerpt":"Matanuska Tundra est une l\u00e9gende indica en version f\u00e9minis\u00e9e. Productive, r\u00e9sistante et dot\u00e9e d\u2019une saveur de chocolat doux irr\u00e9sistible. Si vous recherchez des graines de cannabis puissantes, fiables, aux saveurs intenses et aux r\u00e9coltes g\u00e9n\u00e9reuses, les graines Matanuska Tundra sont faites pour vous.","_links":{"self":[{"href":"https:\/\/bulkgenetics.com\/fr\/wp-json\/wp\/v2\/product\/34168","targetHints":{"allow":["GET"]}}],"collection":[{"href":"https:\/\/bulkgenetics.com\/fr\/wp-json\/wp\/v2\/product"}],"about":[{"href":"https:\/\/bulkgenetics.com\/fr\/wp-json\/wp\/v2\/types\/product"}],"replies":[{"embeddable":true,"href":"https:\/\/bulkgenetics.com\/fr\/wp-json\/wp\/v2\/comments?post=34168"}],"wp:featuredmedia":[{"embeddable":true,"href":"https:\/\/bulkgenetics.com\/fr\/wp-json\/wp\/v2\/media\/34176"}],"wp:attachment":[{"href":"https:\/\/bulkgenetics.com\/fr\/wp-json\/wp\/v2\/media?parent=34168"}],"wp:term":[{"taxonomy":"product_brand","embeddable":true,"href":"https:\/\/bulkgenetics.com\/fr\/wp-json\/wp\/v2\/product_brand?post=34168"},{"taxonomy":"product_cat","embeddable":true,"href":"https:\/\/bulkgenetics.com\/fr\/wp-json\/wp\/v2\/product_cat?post=34168"},{"taxonomy":"product_tag","embeddable":true,"href":"https:\/\/bulkgenetics.com\/fr\/wp-json\/wp\/v2\/product_tag?post=34168"}],"curies":[{"name":"wp","href":"https:\/\/api.w.org\/{rel}","templated":true}]}}