{"id":9624,"date":"2022-11-10T12:28:34","date_gmt":"2022-11-10T11:28:34","guid":{"rendered":"https:\/\/www.bulkgenetics.com\/cheese-auto\/"},"modified":"2024-10-08T01:09:01","modified_gmt":"2024-10-07T23:09:01","slug":"cheese-auto","status":"publish","type":"product","link":"https:\/\/bulkgenetics.com\/fr\/cheese-auto\/","title":{"rendered":"Cheese Auto"},"content":{"rendered":"\n<p><strong>Cheese Auto<\/strong> est notre version autofleurrissante de <strong>la vari\u00e9t\u00e9 de cannabis la plus c\u00e9l\u00e8bre<\/strong> du Royaume-Uni. C&#8217;est l&#8217;une des vari\u00e9t\u00e9s les plus cultiv\u00e9es de l&#8217;histoire pour sa simplicit\u00e9, sa r\u00e9sistance et ses r\u00e9sultats exceptionnels.<\/p>\n\n\n\n<p><a href=\"https:\/\/bulkgenetics.com\/fr\/cheese\/\">Cheese<\/a> est une s\u00e9lection de <strong>Skunk #1<\/strong> r\u00e9alis\u00e9e par le collectif britannique Exodus. D&#8217;o\u00f9 le nom complet UK Exodus Cheese. En bref, c&#8217;est une Skunk mais avec la particularit\u00e9 d&#8217;avoir une forte odeur et une saveur sal\u00e9e.<\/p>\n\n\n\n<p>De nombreuses banques de graines proposent leurs propres versions autofloraison, comme Sweet Cheese Auto, Critical Cheese, Bubba Cheese, Cheese Berry Auto, UK Cheese Auto, London Cheese Auto ou Original Auto Cheese. La seule diff\u00e9rence que vous trouverez est que <strong>nos Cheese en vrac sont les moins ch\u00e8res<\/strong>.<\/p>\n\n\n\n<h2 class=\"wp-block-heading\">Comment cultiver la Cheese Auto<\/h2>\n\n\n\n<p>La Skunk est toujours synonyme de <strong>plantes faciles \u00e0 cultiver, super fortes et fiables<\/strong>. Les graines en vrac Cheese Auto bon march\u00e9 ne d\u00e9\u00e7oivent jamais. \u00c0 l&#8217;int\u00e9rieur, \u00e0 l&#8217;ext\u00e9rieur, sur les terrasses, sur les balcons, dans les jardins&#8230; Le <strong>r\u00e9sultat est toujours imbattable<\/strong>.<\/p>\n\n\n\n<p>C&#8217;est une plante \u00e9l\u00e9gante avec une <strong>structure sapin typique<\/strong>, tr\u00e8s discr\u00e8te gr\u00e2ce \u00e0 sa hauteur maximale de 110 cm. Son odeur dans les fleurs n&#8217;est pas tr\u00e8s discr\u00e8te et \u00e0 l&#8217;int\u00e9rieur, il est n\u00e9cessaire d&#8217;utiliser un bon filtre \u00e0 charbon.<\/p>\n\n\n\n<p>Comme toutes les vari\u00e9t\u00e9s de cannabis autofloraison, le meilleur moment pour la cultiver est entre le printemps et l&#8217;\u00e9t\u00e9, avec les jours les plus chauds et les plus ensoleill\u00e9s de l&#8217;ann\u00e9e. Sa saison de croissance est tr\u00e8s courte et les plantes <strong>commencent \u00e0 fleurir apr\u00e8s seulement 3 \u00e0 4 semaines<\/strong>.<\/p>\n\n\n\n<p>Nous vous conseillons d&#8217;utiliser un grand pot d\u00e8s le premier jour, avec un substrat riche en nutriments. Cela \u00e9vite le ralentissement du d\u00e9veloppement caus\u00e9 par le rempotage, permettant ainsi un <strong>d\u00e9veloppement maximal<\/strong>.<\/p>\n\n\n\n<p>C&#8217;est l&#8217;une des autos les plus rapides et elle est <strong>r\u00e9colt\u00e9e en 8 semaines au total<\/strong>. Pendant la saison de croissance en ext\u00e9rieur, il est possible de r\u00e9colter jusqu&#8217;\u00e0 3 fois en une saison.<\/p>\n\n\n\n<h2 class=\"wp-block-heading\">Caract\u00e9ristiques de la Cheese Auto<\/h2>\n\n\n\n<p>Les t\u00eates sont <strong>grosses, m\u00e9ga compactes, tr\u00e8s collantes<\/strong> et extr\u00eamement odorantes. Lorsque vous ouvrez une t\u00e8te de Cheese, une odeur puissante remplit la pi\u00e8ce.<\/p>\n\n\n\n<p>\u00c7a sent le fromage vieilli et \u00e7a a le go\u00fbt du fromage vieilli. Bien qu&#8217;il puisse avoir un go\u00fbt \u00e9trange pour ceux qui ne l&#8217;ont pas essay\u00e9, le <strong>r\u00e9sultat est vraiment d\u00e9licieux<\/strong>. C&#8217;est comme ouvrir et manger un sac de Cheetos.  <\/p>\n\n\n\n<p>Les effets sont puissants et bien \u00e9quilibr\u00e9s. Elle est \u00e0 la fois<strong> \u00e9difiante et relaxante<\/strong>, et peut-\u00eatre consomm\u00e9e \u00e0 tout moment de la journ\u00e9e.<\/p>\n\n\n\n<p>Quant \u00e0 la production, elle ne d\u00e9\u00e7oit pas non plus. Les plantes d&#8217;ext\u00e9rieur d\u00e9passant un m\u00e8tre de hauteur donnent jusqu&#8217;\u00e0 150 grammes. En int\u00e9rieur, il est possible d&#8217;<strong>obtenir 450-550 grammes par m\u00b2<\/strong> avec une LED de 300-350 watts.<\/p>\n\n\n\n<div style=\"height:50px\" aria-hidden=\"true\" class=\"wp-block-spacer uag-hide-mob\"><\/div>\n\n\n\n<div class=\"wp-block-columns is-layout-flex wp-container-core-columns-is-layout-28f84493 wp-block-columns-is-layout-flex\">\n<div class=\"wp-block-column is-layout-flow wp-block-column-is-layout-flow\">\n<p class=\"has-text-align-center has-medium-font-size\"><strong>Ce qui nous pla\u00eet le plus<\/strong><\/p>\n\n\n\n<ul class=\"wp-block-list\">\n<li>Tr\u00e8s facile \u00e0 cultiver.<\/li>\n\n\n\n<li>Production XXL.<\/li>\n\n\n\n<li>Elle se r\u00e9colte en seulement 8 semaines.<\/li>\n\n\n\n<li>Saveur de Cheetos.<\/li>\n\n\n\n<li>Effets tr\u00e8s \u00e9quilibr\u00e9s.<\/li>\n\n\n\n<li>Son prix.<\/li>\n<\/ul>\n<\/div>\n\n\n\n<div class=\"wp-block-column is-layout-flow wp-block-column-is-layout-flow\">\n<p class=\"has-text-align-center has-medium-font-size\"><strong>Ce qui nous pla\u00eet le moins<\/strong><\/p>\n\n\n\n<ul class=\"wp-block-list\">\n<li>Odeur intense en floraison.<\/li>\n<\/ul>\n<\/div>\n<\/div>\n\n\n\n<div style=\"height:50px\" aria-hidden=\"true\" class=\"wp-block-spacer uag-hide-mob\"><\/div>\n\n\n\n<h2 class=\"wp-block-heading\">Questions fr\u00e9quentes<\/h2>\n\n\n\n<p>Les producteurs int\u00e9ress\u00e9s par la culture de nos grains automatiques Cheese nous posent souvent les questions suivantes :<\/p>\n\n\n<div id=\"rank-math-faq\" class=\"rank-math-block\">\n<div class=\"rank-math-list \">\n<div id=\"faq-question-1663029074962\" class=\"rank-math-list-item\">\n<h3 class=\"rank-math-question \">Quand commence la floraison de la Cheese Auto en ext\u00e9rieur ?<\/h3>\n<div class=\"rank-math-answer \">\n\n<p>3-4 semaines apr\u00e8s la germination, les plantes commencent \u00e0 fleurir.<\/p>\n\n<\/div>\n<\/div>\n<div id=\"faq-question-1663029159933\" class=\"rank-math-list-item\">\n<h3 class=\"rank-math-question \">Combien de temps faut-il pour r\u00e9colter un Cheese Auto \u00e0 partir de la germination ?<\/h3>\n<div class=\"rank-math-answer \">\n\n<p>C&#8217;est l&#8217;une des souches autofleurrissantes les plus rapides et elle est pr\u00eate en 8 semaines au total.<\/p>\n\n<\/div>\n<\/div>\n<div id=\"faq-question-1663029165861\" class=\"rank-math-list-item\">\n<h3 class=\"rank-math-question \">Comment cultiver une Cheese Auto f\u00e9minis\u00e9e ?<\/h3>\n<div class=\"rank-math-answer \">\n\n<p>Elle est tr\u00e8s simple \u00e0 cultiver et ne n\u00e9cessite pas beaucoup de soins. Opte pour un grand pot d\u00e8s le premier jour pour \u00e9viter de le remballer.<\/p>\n\n<\/div>\n<\/div>\n<div id=\"faq-question-1666780029954\" class=\"rank-math-list-item\">\n<h3 class=\"rank-math-question \">Quels sont les effets de Cheese Auto en vrac ?<\/h3>\n<div class=\"rank-math-answer \">\n\n<p>Elle a un effet tr\u00e8s \u00e9quilibr\u00e9, euphorique et relaxant \u00e0 parts \u00e9gales.<\/p>\n\n<\/div>\n<\/div>\n<\/div>\n<\/div>","protected":false},"excerpt":{"rendered":"<p>Cheese Auto est une plante discr\u00e8te, parfaite pour les balcons ou les terrasses, o\u00f9 elle n&#8217;attirera pas l&#8217;attention. Elle est facile \u00e0 cultiver, sa croissance est rapide et son cycle de vie est tr\u00e8s court. En seulement 8 semaines de germination, vous aurez de grosses t\u00eates tr\u00e8s grosses et aussi collantes que du miel. Elle a un go\u00fbt caract\u00e9ristique de fromage fin et d\u00e9licieux, auquel elle doit une grande partie de sa renomm\u00e9e mondiale. Les effets sont \u00e9quilibr\u00e9s, apr\u00e8s un d\u00e9but tr\u00e8s euphorique, vous remarquerez imm\u00e9diatement comment une relaxation intense enveloppant tout votre corps.<\/p>\n","protected":false},"featured_media":12187,"comment_status":"open","ping_status":"closed","template":"","meta":{"_acf_changed":false,"inline_featured_image":false,"_uag_custom_page_level_css":""},"product_brand":[],"product_cat":[2577],"product_tag":[],"class_list":{"0":"post-9624","1":"product","2":"type-product","3":"status-publish","4":"has-post-thumbnail","6":"product_cat-non-classe-bulk","8":"first","9":"instock","10":"taxable","11":"shipping-taxable","12":"purchasable","13":"product-type-simple"},"acf":[],"uagb_featured_image_src":{"full":["https:\/\/bulkgenetics.com\/wp-content\/uploads\/2022\/10\/cheese-auto.jpg",1600,1600,false],"thumbnail":["https:\/\/bulkgenetics.com\/wp-content\/uploads\/2022\/10\/cheese-auto-150x150.jpg",150,150,true],"medium":["https:\/\/bulkgenetics.com\/wp-content\/uploads\/2022\/10\/cheese-auto-300x300.jpg",300,300,true],"medium_large":["https:\/\/bulkgenetics.com\/wp-content\/uploads\/2022\/10\/cheese-auto-768x768.jpg",768,768,true],"large":["https:\/\/bulkgenetics.com\/wp-content\/uploads\/2022\/10\/cheese-auto-1024x1024.jpg",1024,1024,true],"1536x1536":["https:\/\/bulkgenetics.com\/wp-content\/uploads\/2022\/10\/cheese-auto-1536x1536.jpg",1536,1536,true],"2048x2048":["https:\/\/bulkgenetics.com\/wp-content\/uploads\/2022\/10\/cheese-auto.jpg",1600,1600,false],"commercegurus-pdp-large":["https:\/\/bulkgenetics.com\/wp-content\/uploads\/2022\/10\/cheese-auto-990x990.jpg",990,990,true],"commercegurus-plp-mobile":["https:\/\/bulkgenetics.com\/wp-content\/uploads\/2022\/10\/cheese-auto-441x441.jpg",441,441,true],"cgkit_image_swatch":["https:\/\/bulkgenetics.com\/wp-content\/uploads\/2022\/10\/cheese-auto-100x100.jpg",100,100,true],"woocommerce_thumbnail":["https:\/\/bulkgenetics.com\/wp-content\/uploads\/2022\/10\/cheese-auto-300x300.jpg",300,300,true],"woocommerce_single":["https:\/\/bulkgenetics.com\/wp-content\/uploads\/2022\/10\/cheese-auto-800x800.jpg",800,800,true],"woocommerce_gallery_thumbnail":["https:\/\/bulkgenetics.com\/wp-content\/uploads\/2022\/10\/cheese-auto-150x150.jpg",150,150,true],"dgwt-wcas-product-suggestion":["https:\/\/bulkgenetics.com\/wp-content\/uploads\/2022\/10\/cheese-auto-64x64.jpg",64,64,true]},"uagb_author_info":{"display_name":"\u00c1ngel Flores","author_link":"https:\/\/bulkgenetics.com\/fr\/author\/"},"uagb_comment_info":0,"uagb_excerpt":"Cheese Auto est une plante discr\u00e8te, parfaite pour les balcons ou les terrasses, o\u00f9 elle n'attirera pas l'attention. Elle est facile \u00e0 cultiver, sa croissance est rapide et son cycle de vie est tr\u00e8s court. En seulement 8 semaines de germination, vous aurez de grosses t\u00eates tr\u00e8s grosses et aussi collantes que du miel. Elle\u2026","_links":{"self":[{"href":"https:\/\/bulkgenetics.com\/fr\/wp-json\/wp\/v2\/product\/9624","targetHints":{"allow":["GET"]}}],"collection":[{"href":"https:\/\/bulkgenetics.com\/fr\/wp-json\/wp\/v2\/product"}],"about":[{"href":"https:\/\/bulkgenetics.com\/fr\/wp-json\/wp\/v2\/types\/product"}],"replies":[{"embeddable":true,"href":"https:\/\/bulkgenetics.com\/fr\/wp-json\/wp\/v2\/comments?post=9624"}],"wp:featuredmedia":[{"embeddable":true,"href":"https:\/\/bulkgenetics.com\/fr\/wp-json\/wp\/v2\/media\/12187"}],"wp:attachment":[{"href":"https:\/\/bulkgenetics.com\/fr\/wp-json\/wp\/v2\/media?parent=9624"}],"wp:term":[{"taxonomy":"product_brand","embeddable":true,"href":"https:\/\/bulkgenetics.com\/fr\/wp-json\/wp\/v2\/product_brand?post=9624"},{"taxonomy":"product_cat","embeddable":true,"href":"https:\/\/bulkgenetics.com\/fr\/wp-json\/wp\/v2\/product_cat?post=9624"},{"taxonomy":"product_tag","embeddable":true,"href":"https:\/\/bulkgenetics.com\/fr\/wp-json\/wp\/v2\/product_tag?post=9624"}],"curies":[{"name":"wp","href":"https:\/\/api.w.org\/{rel}","templated":true}]}}