{"id":9662,"date":"2022-09-07T13:42:05","date_gmt":"2022-09-07T11:42:05","guid":{"rendered":"https:\/\/www.bulkgenetics.com\/amnesia-haze\/"},"modified":"2024-10-08T01:19:06","modified_gmt":"2024-10-07T23:19:06","slug":"amnesia-haze","status":"publish","type":"product","link":"https:\/\/bulkgenetics.com\/fr\/amnesia-haze\/","title":{"rendered":"Amnesia Haze"},"content":{"rendered":"\n<p>D\u00e9couvrez l&#8217;excellence prim\u00e9e de nos <strong>graines f\u00e9minis\u00e9es d&#8217;Amnesia Haze<\/strong>, un extraordinaire m\u00e9lange d&#8217;effets stimulants et de saveurs captivantes. Reconnue pour sa vigueur \u00e9nerg\u00e9tique, cette vari\u00e9t\u00e9 principalement Sativa a \u00e9t\u00e9 salu\u00e9e par les amateurs de cannabis les plus exp\u00e9riment\u00e9s comme l&#8217;une des meilleures. Sa puissance ne se contente pas de provoquer une sensation euphorique et anim\u00e9e, elle aide aussi \u00e0 g\u00e9rer les sympt\u00f4mes de troubles tels que le trouble bipolaire. Cependant, soyez conscient que la puissance peut mener \u00e0 des moments d&#8217;oubli, ajoutant une touche unique \u00e0 votre exp\u00e9rience du cannabis.<\/p>\n\n\n\n<p>L&#8217;<strong>Amnesia Haze<\/strong> n&#8217;est pas simplement une autre vari\u00e9t\u00e9 ; c&#8217;est toute une exp\u00e9rience. Avec son go\u00fbt fruit\u00e9 et rafra\u00eechissant, m\u00eal\u00e9 \u00e0 l&#8217;arri\u00e8re-go\u00fbt caract\u00e9ristique du Haze, elle est la compagne id\u00e9ale pour bien commencer la journ\u00e9e. Imaginez siroter votre caf\u00e9 matinal pendant que les effets stimulants de l&#8217;Amnesia Haze vous aident \u00e0 commencer votre journ\u00e9e de mani\u00e8re positive. Mais ne sous-estimez pas sa puissance ; bien que la vari\u00e9t\u00e9 augmente les niveaux d&#8217;\u00e9nergie et vous met de bonne humeur, elle peut aussi vous faire divaguer un peu si vous en consommez trop.<\/p>\n\n\n\n<p>Il n&#8217;est pas \u00e9tonnant que l&#8217;Amnesia Haze soit l&#8217;une des favorites, \u00e9tant donn\u00e9 la sensation corporelle stimulante mais apaisante qu&#8217;elle procure. Pendant que vous profitez des effets stimulants, gardez une bouteille d&#8217;eau \u00e0 port\u00e9e de main, car certains utilisateurs ont signal\u00e9 avoir la bouche s\u00e8che. Les subtiles notes de menthe, de r\u00e9glisse et de pin se m\u00ealent \u00e0 chaque bouff\u00e9e, transformant votre s\u00e9ance de fumage de jour en un divin voyage gustatif. Bien que la vari\u00e9t\u00e9 acc\u00e9l\u00e8re l\u00e9g\u00e8rement votre rythme cardiaque, l&#8217;exp\u00e9rience globale est merveilleusement flottante.<\/p>\n\n\n\n<p>Pour les amateurs de cannabis \u00e0 la recherche d&#8217;un \u00e9chappatoire \u00e0 l&#8217;agitation quotidienne, les graines f\u00e9minis\u00e9es d&#8217;Amnesia Haze offrent un refuge r\u00e9confortant. D\u00e9tendez-vous apr\u00e8s une journ\u00e9e de travail stressante avec les aspects psych\u00e9d\u00e9liques de la vari\u00e9t\u00e9, qui sont particuli\u00e8rement puissants en raison de sa faible teneur en CBD. Si vous pr\u00e9voyez de partager l&#8217;exp\u00e9rience avec des amis curieux, n&#8217;oubliez pas d&#8217;avoir vos snacks et votre musique pr\u00e9f\u00e9r\u00e9s pr\u00eats pour une premi\u00e8re bouff\u00e9e inoubliable. M\u00eame si les vari\u00e9t\u00e9s Sativa ne sont pas g\u00e9n\u00e9ralement votre pr\u00e9f\u00e9rence, l&#8217;euphorie complexe et la relaxation corporelle totale de l&#8217;Amnesia Haze, rappelant les opio\u00efdes et les amph\u00e9tamines, valent la peine d&#8217;\u00eatre essay\u00e9es.<\/p>\n\n\n\n<p>Favorite comme fum\u00e9e de jour au Royaume-Uni, l&#8217;Amnesia Haze n&#8217;est pas seulement stimulante et euphorique, elle stimule aussi la cr\u00e9ativit\u00e9. Cette caract\u00e9ristique aide les personnes souffrant d&#8217;anxi\u00e9t\u00e9, en leur insufflant confiance et en leur permettant d&#8217;avoir une vision plus positive de la vie. Cependant, assurez-vous d&#8217;obtenir le produit authentique, car des versions moins authentiques ont \u00e9t\u00e9 signal\u00e9es en circulation.<\/p>\n\n\n\n<p>Pr\u00e9parez-vous \u00e0 embarquer pour un voyage inoubliable avec nos graines f\u00e9minis\u00e9es d&#8217;Amnesia Haze, une vari\u00e9t\u00e9 qui illustre v\u00e9ritablement la richesse du monde du cannabis. Consultez notre section de questions fr\u00e9quentes pour obtenir des d\u00e9tails suppl\u00e9mentaires et des conseils sur la culture. Souvenez-vous, chaque exp\u00e9rience utilisateur peut diff\u00e9rer, ce qui en fait une aventure unique \u00e0 entreprendre. Profitez-en avec responsabilit\u00e9 !<\/p>\n\n\n\n<div class=\"wp-block-stackable-divider stk-block-divider stk-block stk-73f32d2\" data-block-id=\"73f32d2\"><hr class=\"stk-block-divider__hr\"\/><\/div>\n\n\n\n<h2 class=\"wp-block-heading\">Quelle est la g\u00e9n\u00e9tique de l&#8217;Amnesia Haze ?<\/h2>\n\n\n\n<p> <a href=\"https:\/\/bulkgenetics.com\/fr\/amnesia\/\">Amnesia<\/a> ne doit pas \u00eatre confondu avec Amnesia Haze. Amnesia est une s\u00e9lection de Super Silver Haze de Greenhouse. En revanche, Amnesia Haze est un hybride afghane hawa\u00efen x laos x jama\u00efcain d\u00e9velopp\u00e9 par Soma Seeds.<\/p>\n\n\n\n<p>Elle a un pourcentage de sativa de 80%, ce qui influence son d\u00e9veloppement spectaculaire. C&#8217;est certainement une vari\u00e9t\u00e9 plus adapt\u00e9e \u00e0 l&#8217;ext\u00e9rieur qu&#8217;\u00e0 l&#8217;int\u00e9rieur.<\/p>\n\n\n\n<p><strong>Culture en int\u00e9rieur<\/strong><\/p>\n\n\n\n<p>En int\u00e9rieur, cette vari\u00e9t\u00e9 de graines en vrac peut \u00eatre un v\u00e9ritable d\u00e9fi \u00e0 cultiver. Sa grande croissance n\u00e9cessitera une taille ou des techniques de plaissage comme le SCROG, qui aideront \u00e0 contr\u00f4ler la grande hauteur qu&#8217;elle peut atteindre.<\/p>\n\n\n\n<p>Une autre option tr\u00e8s int\u00e9ressante est la culture SOG lorsque tu as une ou plusieurs m\u00e8res qui peuvent fournir la quantit\u00e9 n\u00e9cessaire de boutures.<\/p>\n\n\n\n<p>Elle a une p\u00e9riode de floraison d&#8217;environ 10-12 semaines selon le ph\u00e9notype. \u00c0 partir de 9 semaines de floraison, les t\u00eates produisent une explosion de volume et d&#8217;ar\u00f4mes.<\/p>\n\n\n\n<p>Elle a un ar\u00f4me tr\u00e8s puissant, il est donc recommand\u00e9 d&#8217;utiliser un bon filtre \u00e0 charbon ou un ozonateur pour \u00e9viter tout probl\u00e8me avec les voisins.<\/p>\n\n\n\n<p><strong>Culture en ext\u00e9rieur<\/strong><\/p>\n\n\n\n<p>En ext\u00e9rieur, la Amnesia Haze de Bulk Seeds est une plante qui montrera son plein potentiel dans des climats ensoleill\u00e9s et des temp\u00e9ratures \u00e9lev\u00e9es, atteignant facilement 2,5-3 m\u00e8tres de hauteur. Sa structure est plut\u00f4t buissonnante, avec une longue branche apicale et de nombreuses branches secondaires qui lui donnent sa forme buissonnante caract\u00e9ristique.<\/p>\n\n\n\n<p>La p\u00e9riode de floraison est moyenne\/longue, ce n&#8217;est donc pas le meilleur choix pour les climats o\u00f9 le d\u00e9but de l&#8217;automne est pluvieux. Elle sera r\u00e9colt\u00e9e entre mi-octobre et d\u00e9but novembre.<\/p>\n\n\n\n<p>Si la hauteur est un probl\u00e8me, le palissage des branches peut \u00eatre utilis\u00e9 pour encourager la croissance horizontale plut\u00f4t que verticale. Le r\u00e9sultat sera une plante qui ressemble \u00e0 une grosse boule.<\/p>\n\n\n\n<h2 class=\"wp-block-heading\">Effets et go\u00fbt de Amnesia Haze feminized bulk seeds<\/h2>\n\n\n\n<p>L&#8217;ar\u00f4me et la saveur sont intenses et complexes. Il y a des notes claires d&#8217;agrumes de citron vert, ainsi que des notes de musc, d&#8217;herbes fra\u00eeches, de hash et une touche de diesel.<\/p>\n\n\n\n<p>Les effets sont de type sativa, tr\u00e8s puissants, introspectifs et psychoactifs au d\u00e9but. Son h\u00e9ritage Indica se manifeste par une finition relaxante et apaisante.<\/p>\n\n\n\n<div style=\"height:62px\" aria-hidden=\"true\" class=\"wp-block-spacer\"><\/div>\n\n\n\n<div class=\"wp-block-columns is-layout-flex wp-container-core-columns-is-layout-28f84493 wp-block-columns-is-layout-flex\">\n<div class=\"wp-block-column is-layout-flow wp-block-column-is-layout-flow\">\n<p class=\"has-text-align-center\"><strong>Ce que nous aimons le plus<\/strong><\/p>\n\n\n\n<ul class=\"wp-block-list\">\n<li>Sativa prim\u00e9e.<\/li>\n\n\n\n<li>Croissance tr\u00e8s vigoureuse.<\/li>\n\n\n\n<li>Grande production.<\/li>\n\n\n\n<li>Des effets tr\u00e8s puissants.<\/li>\n\n\n\n<li>Des graines en vrac de qualit\u00e9.<\/li>\n<\/ul>\n<\/div>\n\n\n\n<div class=\"wp-block-column is-layout-flow wp-block-column-is-layout-flow\">\n<p class=\"has-text-align-center\"><strong>Ce que nous aimons le moins<\/strong><\/p>\n\n\n\n<ul class=\"wp-block-list\">\n<li>Tr\u00e8s grande croissance int\u00e9rieure.<\/li>\n\n\n\n<li>Longue floraison.<\/li>\n<\/ul>\n<\/div>\n<\/div>\n\n\n\n<div style=\"height:55px\" aria-hidden=\"true\" class=\"wp-block-spacer\"><\/div>\n\n\n\n<h2 class=\"wp-block-heading\">Questions fr\u00e9quemment pos\u00e9es<\/h2>\n\n\n\n<p>Ci-dessous, nous allons essayer de r\u00e9soudre les principales questions que se posent g\u00e9n\u00e9ralement les cultivateurs qui misent sur ce joyau g\u00e9n\u00e9tique :<\/p>\n\n\n<div id=\"rank-math-faq\" class=\"rank-math-block\">\n<div class=\"rank-math-list \">\n<div id=\"faq-question-1663029074962\" class=\"rank-math-list-item\">\n<h3 class=\"rank-math-question \">Quand commence la floraison de l&#8217;Amnesia Haze  en ext\u00e9rieur ?<\/h3>\n<div class=\"rank-math-answer \">\n\n<p>En g\u00e9n\u00e9ral, la floraison en ext\u00e9rieur commence pendant la deuxi\u00e8me moiti\u00e9 de juillet jusqu&#8217;au d\u00e9but d&#8217;ao\u00fbt.<\/p>\n\n<\/div>\n<\/div>\n<div id=\"faq-question-1663029159933\" class=\"rank-math-list-item\">\n<h3 class=\"rank-math-question \">Quand r\u00e9colter une Amnesia Haze d&#8217;ext\u00e9rieur ?<\/h3>\n<div class=\"rank-math-answer \">\n\n<p>Selon le ph\u00e9notype, cette vari\u00e9t\u00e9 f\u00e9minis\u00e9e de graines en vrac est r\u00e9colt\u00e9e entre mi-octobre et d\u00e9but novembre.<\/p>\n\n<\/div>\n<\/div>\n<div id=\"faq-question-1663029165861\" class=\"rank-math-list-item\">\n<h3 class=\"rank-math-question \">Comment cultiver la Amnesia Haze en int\u00e9rieur ?<\/h3>\n<div class=\"rank-math-answer \">\n\n<p>Si vous d\u00e9cidez de faire pousser Amnesia Haze \u00e0 l&#8217;int\u00e9rieur, n&#8217;oubliez pas que c&#8217;est une plante \u00e0 forte croissance. Il est pr\u00e9f\u00e9rable d&#8217;opter pour des techniques de culture qui limitent le d\u00e9veloppement vertical, comme la taille apicale ou le SCROG.<\/p>\n\n<\/div>\n<\/div>\n<div id=\"faq-question-1666780029954\" class=\"rank-math-list-item\">\n<h3 class=\"rank-math-question \">Quels sont les effets de l&#8217;Amnesia Haze ?<\/h3>\n<div class=\"rank-math-answer \">\n\n<p>Les effets peuvent vous faire douter s&#8217;il s&#8217;agit d&#8217;Indica ou de Sativa. Au d\u00e9part, elle produit les sensations euphoriques et psych\u00e9d\u00e9liques d&#8217;une bonne Sativa. Ensuite, elle a une descente lente, calme et relaxante.<\/p>\n\n<\/div>\n<\/div>\n<\/div>\n<\/div>","protected":false},"excerpt":{"rendered":"<p>Amnesia Haze est une puissante Sativa d\u00e9velopp\u00e9e par Soma Seeds et laur\u00e9ate de 24 prix, dont celui de la meilleure vari\u00e9t\u00e9. C&#8217;est une plante qui atteint de grandes hauteurs de 3 m\u00e8tres, avec des branches longues et flexibles qui peuvent \u00e0 peine supporter le poids de ses \u00e9normes t\u00eates m\u00e9ga-r\u00e9sineuses. Elle a un d\u00e9licieux ar\u00f4me avec des notes claires d&#8217;agrumes de citron vert, avec de douces notes d&#8217;herbes fra\u00eeches. Une fum\u00e9e dense activera votre corps avec des sensations \u00e9nergiques et euphorisantes. \u00c0 appr\u00e9cier pendant la journ\u00e9e.<\/p>\n","protected":false},"featured_media":26170,"comment_status":"open","ping_status":"closed","template":"","meta":{"_acf_changed":false,"inline_featured_image":false,"_uag_custom_page_level_css":""},"product_brand":[],"product_cat":[1125,4112],"product_tag":[],"class_list":{"0":"post-9662","1":"product","2":"type-product","3":"status-publish","4":"has-post-thumbnail","6":"product_cat-graines-feminisees-en-gros","7":"product_cat-graines-de-cannabis-a-1-euro","9":"first","10":"instock","11":"sale","12":"taxable","13":"shipping-taxable","14":"purchasable","15":"product-type-simple"},"acf":[],"uagb_featured_image_src":{"full":["https:\/\/bulkgenetics.com\/wp-content\/uploads\/2022\/09\/amnesia-haze-strain-feminized-cannabis-seeds.jpg",1600,1600,false],"thumbnail":["https:\/\/bulkgenetics.com\/wp-content\/uploads\/2022\/09\/amnesia-haze-strain-feminized-cannabis-seeds-150x150.jpg",150,150,true],"medium":["https:\/\/bulkgenetics.com\/wp-content\/uploads\/2022\/09\/amnesia-haze-strain-feminized-cannabis-seeds-300x300.jpg",300,300,true],"medium_large":["https:\/\/bulkgenetics.com\/wp-content\/uploads\/2022\/09\/amnesia-haze-strain-feminized-cannabis-seeds-768x768.jpg",768,768,true],"large":["https:\/\/bulkgenetics.com\/wp-content\/uploads\/2022\/09\/amnesia-haze-strain-feminized-cannabis-seeds-1024x1024.jpg",1024,1024,true],"1536x1536":["https:\/\/bulkgenetics.com\/wp-content\/uploads\/2022\/09\/amnesia-haze-strain-feminized-cannabis-seeds-1536x1536.jpg",1536,1536,true],"2048x2048":["https:\/\/bulkgenetics.com\/wp-content\/uploads\/2022\/09\/amnesia-haze-strain-feminized-cannabis-seeds.jpg",1600,1600,false],"commercegurus-pdp-large":["https:\/\/bulkgenetics.com\/wp-content\/uploads\/2022\/09\/amnesia-haze-strain-feminized-cannabis-seeds-990x990.jpg",990,990,true],"commercegurus-plp-mobile":["https:\/\/bulkgenetics.com\/wp-content\/uploads\/2022\/09\/amnesia-haze-strain-feminized-cannabis-seeds-441x441.jpg",441,441,true],"cgkit_image_swatch":["https:\/\/bulkgenetics.com\/wp-content\/uploads\/2022\/09\/amnesia-haze-strain-feminized-cannabis-seeds-100x100.jpg",100,100,true],"woocommerce_thumbnail":["https:\/\/bulkgenetics.com\/wp-content\/uploads\/2022\/09\/amnesia-haze-strain-feminized-cannabis-seeds-300x300.jpg",300,300,true],"woocommerce_single":["https:\/\/bulkgenetics.com\/wp-content\/uploads\/2022\/09\/amnesia-haze-strain-feminized-cannabis-seeds-800x800.jpg",800,800,true],"woocommerce_gallery_thumbnail":["https:\/\/bulkgenetics.com\/wp-content\/uploads\/2022\/09\/amnesia-haze-strain-feminized-cannabis-seeds-150x150.jpg",150,150,true],"dgwt-wcas-product-suggestion":["https:\/\/bulkgenetics.com\/wp-content\/uploads\/2022\/09\/amnesia-haze-strain-feminized-cannabis-seeds-64x64.jpg",64,64,true]},"uagb_author_info":{"display_name":"Chris","author_link":"https:\/\/bulkgenetics.com\/fr\/author\/"},"uagb_comment_info":0,"uagb_excerpt":"Amnesia Haze est une puissante Sativa d\u00e9velopp\u00e9e par Soma Seeds et laur\u00e9ate de 24 prix, dont celui de la meilleure vari\u00e9t\u00e9. C'est une plante qui atteint de grandes hauteurs de 3 m\u00e8tres, avec des branches longues et flexibles qui peuvent \u00e0 peine supporter le poids de ses \u00e9normes t\u00eates m\u00e9ga-r\u00e9sineuses. Elle a un d\u00e9licieux ar\u00f4me\u2026","_links":{"self":[{"href":"https:\/\/bulkgenetics.com\/fr\/wp-json\/wp\/v2\/product\/9662","targetHints":{"allow":["GET"]}}],"collection":[{"href":"https:\/\/bulkgenetics.com\/fr\/wp-json\/wp\/v2\/product"}],"about":[{"href":"https:\/\/bulkgenetics.com\/fr\/wp-json\/wp\/v2\/types\/product"}],"replies":[{"embeddable":true,"href":"https:\/\/bulkgenetics.com\/fr\/wp-json\/wp\/v2\/comments?post=9662"}],"wp:featuredmedia":[{"embeddable":true,"href":"https:\/\/bulkgenetics.com\/fr\/wp-json\/wp\/v2\/media\/26170"}],"wp:attachment":[{"href":"https:\/\/bulkgenetics.com\/fr\/wp-json\/wp\/v2\/media?parent=9662"}],"wp:term":[{"taxonomy":"product_brand","embeddable":true,"href":"https:\/\/bulkgenetics.com\/fr\/wp-json\/wp\/v2\/product_brand?post=9662"},{"taxonomy":"product_cat","embeddable":true,"href":"https:\/\/bulkgenetics.com\/fr\/wp-json\/wp\/v2\/product_cat?post=9662"},{"taxonomy":"product_tag","embeddable":true,"href":"https:\/\/bulkgenetics.com\/fr\/wp-json\/wp\/v2\/product_tag?post=9662"}],"curies":[{"name":"wp","href":"https:\/\/api.w.org\/{rel}","templated":true}]}}