{"id":24388,"date":"2024-05-20T15:14:07","date_gmt":"2024-05-20T13:14:07","guid":{"rendered":"https:\/\/bulkgenetics.com\/?post_type=product&#038;p=24388"},"modified":"2024-10-08T01:04:10","modified_gmt":"2024-10-07T23:04:10","slug":"amnesia-lemon-auto","status":"publish","type":"product","link":"https:\/\/bulkgenetics.com\/th\/amnesia-lemon-auto\/","title":{"rendered":"Amnesia Lemon Auto"},"content":{"rendered":"\n<p>La <strong>Amnesia Lemon Auto<\/strong> es una maravilla gen\u00e9tica creada por la fusi\u00f3n de una madre <strong><a href=\"https:\/\/bulkgenetics.com\/es\/amnesia-lemon\/\">Amnesia Lemon<\/a><\/strong> ganadora de la <strong>Cannabis Cup<\/strong> de 2004, y una Ruderalis que reduce el tiempo de cultivo al m\u00ednimo.<\/p>\n\n\n\n<p>Las plantas de <strong>Amnesia Lemon Auto<\/strong> son vigorosas y robustas, ideales tanto para cultivadores novatos como experimentados. En exterior, estas bellezas pueden superar 1,2 metros de altura, adoptando una estructura de abeto con una larga cola apical y ramas secundarias fuertes. Sus cogollos son grandes, densos y rebosantes de resina, desprendiendo un aroma irresistible a lim\u00f3n.<\/p>\n\n\n\n<p>En interior, su crecimiento es m\u00e1s manejable gracias a su herencia <strong>Skunk<\/strong>, aunque todav\u00eda necesitar\u00e1s alguna t\u00e9cnica de guiado, como <strong>SCROG<\/strong> o <strong>Super Cropping<\/strong>, para controlar su altura. Los cultivadores la adoran no solo por su facilidad de cultivo, sino tambi\u00e9n por su elevada producci\u00f3n. En exterior, los rendimientos pueden superar f\u00e1cilmente los 120 gramos por planta, mientras que en interior se sit\u00faan entre 500 y 550 gramos por metro cuadrado.<\/p>\n\n\n\n<h2 class=\"wp-block-heading\">Sabor y Efectos<\/h2>\n\n\n\n<p>El sabor de la <strong>Amnesia Lemon Auto<\/strong> es una explosi\u00f3n c\u00edtrica en el paladar. Sus cogollos desprenden un intenso aroma a lim\u00f3n, mezclado con toques a hierbas frescas, madera de s\u00e1ndalo y dulces golosinas. Al fumarla, esta sinfon\u00eda de sabores se traduce en una experiencia inolvidable, donde el lim\u00f3n es el protagonista indiscutible.<\/p>\n\n\n\n<p>Los efectos de esta variedad son potentes y equilibrados. Con un contenido de <strong>THC<\/strong> que oscila entre el 12% y el 15%, y un <strong>CBD<\/strong> casi nulo, la <strong>Amnesia Lemon Auto<\/strong> ofrece un inicio psicoactivo, alegre y hasta cierto punto psicod\u00e9lico. Es ideal para momentos de creatividad o para socializar, ya que induce una sensaci\u00f3n de euforia y energ\u00eda. A medida que pasa el tiempo, sus efectos se tornan m\u00e1s relajantes, proporcionando una calma corporal que puede ayudar a aliviar la tensi\u00f3n muscular y el estr\u00e9s.<\/p>\n\n\n\n<p>Los consumidores valoran enormemente la capacidad de esta variedad para equilibrar lo f\u00edsico y lo mental, permitiendo disfrutar de una tarde productiva seguida de una noche tranquila. <\/p>\n\n\n\n<h2 class=\"wp-block-heading\">Producci\u00f3n y Tiempo de Floraci\u00f3n<\/h2>\n\n\n\n<p>La <strong>Amnesia Lemon Auto<\/strong> es una variedad altamente productiva, tanto en cultivos interiores como exteriores. En exterior,, esta planta puede superar en algunos casos los 120 cm de altura, mostrando una estructura robusta y vigorosa, los rendimientos alcanzar\u00e1n superar\u00e1n los 120<strong> gramos<\/strong> en los ejemplares de mayor tama\u00f1o. <\/p>\n\n\n\n<p>En interior, esta variedad es igualmente impresionante. Aunque su herencia <strong>Sativa<\/strong> podr\u00eda sugerir un crecimiento descontrolado, sus genes <strong>Skunk<\/strong> la hacen m\u00e1s adaptable a espacios reducidos. Con las t\u00e9cnicas adecuadas de guiado, su altura se mantiene bajo control. Los rendimientos en interior suelen rondar los <strong>500-550 gramos por metro cuadrado<\/strong>, una cantidad m\u00e1s que respetable para cualquier cultivador.<\/p>\n\n\n\n<p>En cuanto al tiempo de floraci\u00f3n, la <strong>Amnesia Lemon Auto<\/strong> strain es bastante r\u00e1pida. Tras una corta fase de crecimiento de 3-4 semanas, iniciar\u00e1 una floraci\u00f3n explosiva para estar lista en un total de 12 semanas. En exterior es posible realizar hasta 3 cultivos consecutivos en zonas de oto\u00f1os secos.<\/p>\n\n\n\n<h2 class=\"wp-block-heading\">C\u00f3mo Cultivar Amnesia Lemon Auto<\/h2>\n\n\n\n<p>La <strong>Amnesia Lemon Auto<\/strong> es una de las variedades m\u00e1s agradecidas y f\u00e1ciles de cultivar. Es ideal tanto para cultivadores principiantes como para los m\u00e1s experimentados. Su resistencia y adaptabilidad la hacen una opci\u00f3n vers\u00e1til para cualquier tipo de cultivo.<\/p>\n\n\n\n<p>Para obtener los mejores resultados, recomendamos cultivarla en un clima c\u00e1lido y soleado, en maceta de m\u00ednimo 20 litros y un sustrato rico en nutrientes. En interior, es importante controlar su crecimiento con t\u00e9cnicas de guiado para mantenerla manejable y asegurar una buena producci\u00f3n.<\/p>\n\n\n\n<p>Una de las mayores ventajas de la <strong>Amnesia Lemon Auto<\/strong> es su resistencia a plagas y enfermedades. Con los cuidados b\u00e1sicos de cualquier cultivo de cannabis \u2013 buena iluminaci\u00f3n, agua en cantidad adecuada y nutrientes de calidad \u2013 esta variedad prosperar\u00e1 sin mayores problemas.<\/p>\n\n\n\n<p>La cosecha es r\u00e1pida y generosa, lo que la convierte en una excelente opci\u00f3n para quienes buscan una producci\u00f3n elevada en poco tiempo. Su herencia gen\u00e9tica le confiere una robustez que no exige mucho del cultivador, permitiendo concentrarse en disfrutar del proceso y de los frutos de su trabajo.<\/p>\n\n\n\n<div style=\"height:50px\" aria-hidden=\"true\" class=\"wp-block-spacer uag-hide-mob\"><\/div>\n\n\n\n<div class=\"wp-block-columns is-layout-flex wp-container-core-columns-is-layout-28f84493 wp-block-columns-is-layout-flex\">\n<div class=\"wp-block-column is-layout-flow wp-block-column-is-layout-flow\">\n<p class=\"has-text-align-center has-medium-font-size\"><strong>Lo que m\u00e1s nos gusta<\/strong><\/p>\n\n\n\n<ul class=\"wp-block-list\">\n<li>Sabor dulce y afrutado, con matices de cereza y c\u00edtricos.<\/li>\n\n\n\n<li>Efectos potentes y equilibrados, ideales tanto para uso recreativo como medicinal.<\/li>\n\n\n\n<li>Se cosecha en 12 semanas.<\/li>\n\n\n\n<li>Efectos muy relajantes y felices.<\/li>\n\n\n\n<li>Resistencia a fluctuaciones de nutrientes y facilidad de manicurado.<\/li>\n<\/ul>\n<\/div>\n\n\n\n<div class=\"wp-block-column is-layout-flow wp-block-column-is-layout-flow\">\n<p class=\"has-text-align-center has-medium-font-size\"><strong>Lo que menos nos gusta<\/strong><\/p>\n\n\n\n<ul class=\"wp-block-list\">\n<li>Puede ruerir un poco de experiencia para maximizar su potencial productivo.<\/li>\n\n\n\n<li>Necesita un clima c\u00e1lido y soleado para dar su mejor rendimiento en exterior.<\/li>\n<\/ul>\n<\/div>\n<\/div>\n\n\n\n<div style=\"height:50px\" aria-hidden=\"true\" class=\"wp-block-spacer uag-hide-mob\"><\/div>\n\n\n\n<h2 class=\"wp-block-heading\">Preguntas Frecuentes<\/h2>\n\n\n\n<p>A continuaci\u00f3n encontrar\u00e1s la respuesta a las preguntas m\u00e1s frecuentes que se hacen los cultivadores interesados en esta gen\u00e9tica:<\/p>\n\n\n<div id=\"rank-math-faq\" class=\"rank-math-block\">\n<div class=\"rank-math-list \">\n<div id=\"faq-question-1663029074962\" class=\"rank-math-list-item\">\n<h3 class=\"rank-math-question \">\u00bfEs Amnesia Lemon Auto sativa o indica?<\/h3>\n<div class=\"rank-math-answer \">\n\n<p>Amnesia Lemon Auto es un h\u00edbrido con una clara dominancia sativa, ideal para el uso diurno y actividades creativas. Ofrece un efecto equilibrado que empieza con una euforia sativa y termina con una relajaci\u00f3n indica.<\/p>\n\n<\/div>\n<\/div>\n<div id=\"faq-question-1663029159933\" class=\"rank-math-list-item\">\n<h3 class=\"rank-math-question \">\u00bfCu\u00e1l es el contenido de THC de Amnesia Lemon Auto?<\/h3>\n<div class=\"rank-math-answer \">\n\n<p>Amnesia Lemon Auto tiene un contenido de <strong>THC<\/strong> que oscila entre el 12% y el 15%. Esta cantidad proporciona efectos potentes y equilibrados, siendo suficiente para una experiencia psicoactiva intensa pero manejable.<\/p>\n\n<\/div>\n<\/div>\n<div id=\"faq-question-1663029165861\" class=\"rank-math-list-item\">\n<h3 class=\"rank-math-question \">\u00bfEn cu\u00e1nto tiempo se cosecha Amnesia Lemon Auto?<\/h3>\n<div class=\"rank-math-answer \">\n\n<p>Amnesia Lemon Auto tiene un tiempo de floraci\u00f3n muy r\u00e1pido, de unas 8-9 semanas. En total, se cosechar\u00e1 en unas 12 semanas desde la fecha de siembra.<\/p>\n\n<\/div>\n<\/div>\n<div id=\"faq-question-1666780029954\" class=\"rank-math-list-item\">\n<h3 class=\"rank-math-question \">\u00bfCu\u00e1l es la producci\u00f3n de Amnesia Lemon Auto en interior y exterior?<\/h3>\n<div class=\"rank-math-answer \">\n\n<p>Amnesia Lemon Auto es una planta muy productiva. En interior, puede producir hasta 600 gramos por metro cuadrado, mientras que en exterior puede rendir entre 100 y 125 gramos por planta, siempre y cuando reciba las condiciones adecuadas de luz y nutrientes.<\/p>\n\n<\/div>\n<\/div>\n<div id=\"faq-question-1716211116381\" class=\"rank-math-list-item\">\n<h3 class=\"rank-math-question \">\u00bfEs dif\u00edcil cultivar Amnesia Lemon Auto?<\/h3>\n<div class=\"rank-math-answer \">\n\n<p>No, la <strong>Amnesia Lemon Auto<\/strong> es muy f\u00e1cil de cultivar. Es resistente y no requiere de cuidados intensivos, lo que la hace ideal tanto para principiantes como para cultivadores m\u00e1s experimentados. Solo necesita sol, agua y nutrientes para prosperar.<\/p>\n\n<\/div>\n<\/div>\n<div id=\"faq-question-1716211133532\" class=\"rank-math-list-item\">\n<h3 class=\"rank-math-question \">\u00bfC\u00f3mo es el sabor y el aroma de Amnesia Lemon Auto?<\/h3>\n<div class=\"rank-math-answer \">\n\n<p>El sabor y el aroma de la <strong>Amnesia Lemon Auto<\/strong> son intensamente c\u00edtricos, con predominancia de lim\u00f3n. Adem\u00e1s, presenta toques a hierbas frescas, madera de s\u00e1ndalo y dulces golosinas, creando una experiencia sensorial compleja y agradable.<\/p>\n\n<\/div>\n<\/div>\n<\/div>\n<\/div>","protected":false},"excerpt":{"rendered":"<p><b>Amnesia Lemon Auto<\/b> es la elecci\u00f3n perfecta para quienes buscan una cosecha f\u00e1cil y abundante en<strong> menos de 12 semanas<\/strong>. Con un intenso<strong> sabor a lim\u00f3n y efectos equilibrados<\/strong>, esta variedad destaca por su vigor, resistencia y producci\u00f3n de cogollos resinosos. \u00a1Aprovecha esta maravilla c\u00edtrica!<\/p>\n","protected":false},"featured_media":24663,"comment_status":"open","ping_status":"closed","template":"","meta":{"_acf_changed":false,"inline_featured_image":false,"_uag_custom_page_level_css":""},"product_brand":[],"product_cat":[47],"product_tag":[],"class_list":{"0":"post-24388","1":"product","2":"type-product","3":"status-publish","4":"has-post-thumbnail","6":"product_cat-semillas-autoflorecientes-a-granel","8":"first","9":"instock","10":"taxable","11":"shipping-taxable","12":"purchasable","13":"product-type-simple"},"acf":[],"uagb_featured_image_src":{"full":["https:\/\/bulkgenetics.com\/wp-content\/uploads\/2024\/05\/amnesia-lemon-auto-autoflowering-cannabis-seeds.jpg",1600,1600,false],"thumbnail":["https:\/\/bulkgenetics.com\/wp-content\/uploads\/2024\/05\/amnesia-lemon-auto-autoflowering-cannabis-seeds-150x150.jpg",150,150,true],"medium":["https:\/\/bulkgenetics.com\/wp-content\/uploads\/2024\/05\/amnesia-lemon-auto-autoflowering-cannabis-seeds-300x300.jpg",300,300,true],"medium_large":["https:\/\/bulkgenetics.com\/wp-content\/uploads\/2024\/05\/amnesia-lemon-auto-autoflowering-cannabis-seeds-768x768.jpg",768,768,true],"large":["https:\/\/bulkgenetics.com\/wp-content\/uploads\/2024\/05\/amnesia-lemon-auto-autoflowering-cannabis-seeds-1024x1024.jpg",1024,1024,true],"1536x1536":["https:\/\/bulkgenetics.com\/wp-content\/uploads\/2024\/05\/amnesia-lemon-auto-autoflowering-cannabis-seeds-1536x1536.jpg",1536,1536,true],"2048x2048":["https:\/\/bulkgenetics.com\/wp-content\/uploads\/2024\/05\/amnesia-lemon-auto-autoflowering-cannabis-seeds.jpg",1600,1600,false],"commercegurus-pdp-large":["https:\/\/bulkgenetics.com\/wp-content\/uploads\/2024\/05\/amnesia-lemon-auto-autoflowering-cannabis-seeds-990x990.jpg",990,990,true],"commercegurus-plp-mobile":["https:\/\/bulkgenetics.com\/wp-content\/uploads\/2024\/05\/amnesia-lemon-auto-autoflowering-cannabis-seeds-441x441.jpg",441,441,true],"cgkit_image_swatch":["https:\/\/bulkgenetics.com\/wp-content\/uploads\/2024\/05\/amnesia-lemon-auto-autoflowering-cannabis-seeds-100x100.jpg",100,100,true],"woocommerce_thumbnail":["https:\/\/bulkgenetics.com\/wp-content\/uploads\/2024\/05\/amnesia-lemon-auto-autoflowering-cannabis-seeds-300x300.jpg",300,300,true],"woocommerce_single":["https:\/\/bulkgenetics.com\/wp-content\/uploads\/2024\/05\/amnesia-lemon-auto-autoflowering-cannabis-seeds-800x800.jpg",800,800,true],"woocommerce_gallery_thumbnail":["https:\/\/bulkgenetics.com\/wp-content\/uploads\/2024\/05\/amnesia-lemon-auto-autoflowering-cannabis-seeds-150x150.jpg",150,150,true],"dgwt-wcas-product-suggestion":["https:\/\/bulkgenetics.com\/wp-content\/uploads\/2024\/05\/amnesia-lemon-auto-autoflowering-cannabis-seeds-64x64.jpg",64,64,true]},"uagb_author_info":{"display_name":"\u00c1ngel Flores","author_link":"https:\/\/bulkgenetics.com\/th\/author\/"},"uagb_comment_info":0,"uagb_excerpt":"Amnesia Lemon Auto es la elecci\u00f3n perfecta para quienes&hellip;","_links":{"self":[{"href":"https:\/\/bulkgenetics.com\/th\/wp-json\/wp\/v2\/product\/24388","targetHints":{"allow":["GET"]}}],"collection":[{"href":"https:\/\/bulkgenetics.com\/th\/wp-json\/wp\/v2\/product"}],"about":[{"href":"https:\/\/bulkgenetics.com\/th\/wp-json\/wp\/v2\/types\/product"}],"replies":[{"embeddable":true,"href":"https:\/\/bulkgenetics.com\/th\/wp-json\/wp\/v2\/comments?post=24388"}],"wp:featuredmedia":[{"embeddable":true,"href":"https:\/\/bulkgenetics.com\/th\/wp-json\/wp\/v2\/media\/24663"}],"wp:attachment":[{"href":"https:\/\/bulkgenetics.com\/th\/wp-json\/wp\/v2\/media?parent=24388"}],"wp:term":[{"taxonomy":"product_brand","embeddable":true,"href":"https:\/\/bulkgenetics.com\/th\/wp-json\/wp\/v2\/product_brand?post=24388"},{"taxonomy":"product_cat","embeddable":true,"href":"https:\/\/bulkgenetics.com\/th\/wp-json\/wp\/v2\/product_cat?post=24388"},{"taxonomy":"product_tag","embeddable":true,"href":"https:\/\/bulkgenetics.com\/th\/wp-json\/wp\/v2\/product_tag?post=24388"}],"curies":[{"name":"wp","href":"https:\/\/api.w.org\/{rel}","templated":true}]}}